{"id":10150,"date":"2020-04-14T04:15:43","date_gmt":"2020-04-14T04:15:43","guid":{"rendered":"https:\/\/www.bonus.ca\/fr\/?page_id=10150"},"modified":"2026-03-10T15:10:31","modified_gmt":"2026-03-10T15:10:31","slug":"9-masks-of-fire","status":"publish","type":"page","link":"https:\/\/www.bonus.ca\/fr\/machines-a-sous-gratuites\/9-masks-of-fire","title":{"rendered":"9 Masks of Fire"},"content":{"rendered":"<h2>9 Masks of Fire 2026<\/h2>\n<p>\u00c0 la recherche de <strong>free spins sur 9 Masks of Fire<\/strong>?<\/p>\n<p>Si vous d\u00e9sirez jouer sur la machine \u00e0 sous Nine Masks of Fire gratuitement, vous pouvez choisir parmis notre liste <a href=\"https:\/\/www.bonus.ca\/fr\/\">top 10 casino en ligne Canad<\/a>a mentionn\u00e9s au dessus de cette page. <\/p>\n<p>On vous sugg\u00e8re les deux offres suivantes:<\/p>\n<ul>\n<li>888 Casino: 30 tours gratuits sans d\u00e9p\u00f4t<\/li>\n<li>Casumo: 15 Tours Gratuits Sans D\u00e9p\u00f4t Sur 9 Masks of Fire<\/li>\n<\/ul>\n<p>\u00c9videmment, les offres sans d\u00e9p\u00f4t mentionn\u00e9es ci-dessus sont superbes, mais si vous d\u00e9sirez jouer avec plus, vous pourriez \u00e9galement jouer gratuitement \u00e0 9 Masks of Fire avec un gros bonus casino.<\/p>\n<p>Lorsque vous obtenez votre bonus casino, s\u00e9lectionnez le jeu de machine \u00e0 sous 9 Masks of Fire et voil\u00e0, le tour est jou\u00e9!<\/p>\n<p>Jouer sur 9 Masks of Fire en free play est la meilleure fa\u00e7on de tester ce nouveau jeu de casino.<\/p>\n<p>9 Masks of Fire Slot est une machine \u00e0 sous qui a \u00e9t\u00e9 cr\u00e9\u00e9e par Microgaming. Microgaming est l&#8217;un des plus gros noms dans l&#8217;industrie des logiciels de jeu. Ils con\u00e7oivent parmis les <a href=\"https:\/\/www.bonus.ca\/fr\/casino-en-ligne\/le-plus-payant\">machines \u00e0 sous payantes<\/a> les meilleurs du march\u00e9.<\/p>\n<p>Sans le savoir, vous avez probablement d\u00e9j\u00e0 jou\u00e9 \u00e0 plusieurs de leurs jeux.  Thunderstruck (et Thunderstruck II), Mermaids Millions, Big Bad Wolf, Immortal Romance.  Ce ne sont qu&#8217;une poign\u00e9e des jeux de casino Microgaming tant aim\u00e9s qui existent.<\/p>\n<p>Microgaming a connu un d\u00e9part impressionnant en 1996 avant de se retrouver au sommet des palmar\u00e8s en d\u00e9veloppant son premier jeu mobile en 2004.  On peut m\u00eame dire que Microgaming a pav\u00e9 la voie pour le jeu mobile.  La c\u00e9l\u00e9brit\u00e9 de ce fournisseur de jeu continue de grandir alors qu&#8217;il lance un nouveau jeu de grande qualit\u00e9 chaque ann\u00e9e, comme son plus r\u00e9cent, 9 Masks of Fire. <\/p>\n<p>M\u00eame s&#8217;il a seulement \u00e9t\u00e9 lanc\u00e9 en octobre 2019, le jeu Nine Masks of Fire grimpe rapidement les rangs en tant que l&#8217;un des titres de Microgaming disponibles.  Il est facile pour un leader de l&#8217;industrie avec un nom aussi connu de lancer des machine \u00e0 sous vid\u00e9o qui deviennent populaires instantan\u00e9ment, mais la machine \u00e0 sous en ligne 9 Masks of Fire pousse cela \u00e0 un autre niveau.<\/p>\n<p><strong>D\u00e9tails sur le jeu 9 Masks of Fire:<\/strong><\/p>\n<p>[table_start]<br \/>\n[table_head column-1=&#8217;9 Masks of Fire&#8217; column-2=&#8217;Information&#8217;]<br \/>\n[table_row column-1=&#8217;RTP&#8217; column-2=&#8217;96,24%&#8217;]<br \/>\n[table_row column-1=&#8217;Rouleaux&#8217; column-2=&#8217;5&#8242;]<br \/>\n[table_row column-1=&#8217;Lignes de paiement&#8217; column-2=&#8217;20&#8217;]<br \/>\n[table_row column-1=&#8217;Mise minimale&#8217; column-2=&#8217;0,20$&#8217;]<br \/>\n[table_row column-1=&#8217;Mise maximale&#8217; column-2=&#8217;60$&#8217;]<br \/>\n[table_row column-1=&#8217;Gain maximal&#8217; column-2=&#8217;120 000$&#8217;]<br \/>\n[table_end]<\/p>\n<div id=\"attachment_12224\" style=\"width: 1546px\" class=\"wp-caption alignnone\"><img loading=\"lazy\" decoding=\"async\" aria-describedby=\"caption-attachment-12224\" src=\"https:\/\/www.bonus.ca\/fr\/images\/9-masks-of-fire-2.jpg\" alt=\"9 masks of fire\" width=\"1536\" height=\"1142\" class=\"size-full wp-image-12224\" \/><p id=\"caption-attachment-12224\" class=\"wp-caption-text\">Jouez \u00e0 9 masks of fire slot avec l&#8217;un des bonus sugg\u00e9r\u00e9 sur BonusFinder. Choisir un casino 9 Masks of Fire, c&#8217;est chose facile!<\/p><\/div>\n<h2>9 Masks of Fire Casino<\/h2>\n<p>Vous devriez n&#8217;avoir absolument aucun probl\u00e8me \u00e0 trouver un casino 9 Masks of Fire. Toutefois, peu de <a href=\"https:\/\/www.bonus.ca\/fr\/\">casino en ligne au Canada<\/a> offrent des <a href=\"https:\/\/www.bonus.ca\/fr\/casino-bonus\/sans-depot\">casino bonus sans d\u00e9p\u00f4t<\/a>. Cela dit, <strong>Casumo Casino vous offre pr\u00e9sentement 10 tours gratuits sans d\u00e9p\u00f4t sur 9 Masks of Fire<\/strong>!<\/p>\n<p>Voici les meilleurs casinos en ligne pour jouer \u00e0 9 Masks of Fire:<\/p>\n<ol>\n<li>Dunder Casino<\/li>\n<li>LeoVegas Casino<\/li>\n<li>Jackpot City<\/li>\n<li>Unibet<\/li>\n<li>Wildz Casino<\/li>\n<li>888 Casino<\/li>\n<li><a href=\"https:\/\/www.bonus.ca\/fr\/casino-friday\">Casino Friday<\/a><\/li>\n<\/ol>\n<span class=\"highlighted-text\">Notez que Casumo offre pr\u00e9sentement 90 tours gratuits sur 9 Masks of Fire!<\/span>\n<h2>9 Masks of Fire Free Spins<\/h2>\n<p>Voici les meilleurs bonus sur 9 Masks of Fire.<\/p>\n<ul>\n<li>Casumo: 15 tours gratuits sans d\u00e9p\u00f4t<\/li>\n<li>Casino Friday: 200 tours gratuits sur plusieurs jeux dont 9 masks of fire<\/li>\n<\/ul>\n<p>La liste est courte, mais nous sommes heureux d&#8217;y voir un bonus sans d\u00e9p\u00f4t chez Casumo Casino.<\/p>\n<h2>Termes &#038; Conditions<\/h2>\n<p>Lorsque vous choisissez un <a href=\"https:\/\/www.bonus.ca\/fr\/casino-bonus\">casino en ligne bonus<\/a>, il y a presque toujours des conditions de mise impliqu\u00e9es.  L&#8217;expression &#8220;Conditions de mise&#8221; signifie que vous devez miser votre argent bonus un certain nombre de fois avant de pouvoir retirer vos gains.  <\/p>\n<p>Les casinos en ligne utilisent ce type de termes et conditions de mani\u00e8re \u00e0 ce que les gens ne puissent pas simplement d\u00e9poser leur bonus et le retirer tout de suite apr\u00e8s. Des conditions de mise s&#8217;appliquent et d\u00e9pendent de la promotion.  Elles sont souvent quelque part entre 10x et 50x le bonus.  Par exemple, si vous avez une condition de mise de 10x, vous devez miser 10&#215;100$ = 1000$ pour r\u00e9clamer votre bonus.<\/p>\n<p>Cela peut sembler beaucoup, mais avec des machines \u00e0 sous ayant un RTP \u00e9lev\u00e9 comme 9 Masks of Fire, vous avez une bonne chance d&#8217;encaisser un profit avec les bonus.<\/p>\n<h2>Premi\u00e8res Impressions sur 9 Masks of Fire<\/h2>\n<p>La machine \u00e0 sous 9 Masks of Fire est <em>solide<\/em> dans presque tous les aspects.  Elle a un taux de retour au joueur (RTP) \u00e9lev\u00e9 de 96,24% avec une volatilit\u00e9 moyenne, les graphiques et le son sont clairs et nets, puis le gain maximal s&#8217;\u00e9l\u00e8ve \u00e0 120 000$.  Par contre, cette machine \u00e0 sous vid\u00e9o laisse un peu \u00e0 d\u00e9sirer pour ce qui est de rendre le jeu captivant. <\/p>\n<p>Bien s\u00fbr, il est plaisant d&#8217;y jouer, mais elle ne vous gardera pas accroch\u00e9 comme Gonzo&#8217;s Quest ou comme le c\u00e9l\u00e8bre jackpot progressif de Mega Moolah.  C&#8217;est peut-\u00eatre parce que le jeu n&#8217;a pas <em>r\u00e9ellement<\/em> \u00e9t\u00e9 d\u00e9velopp\u00e9 par Microgaming.  Il a \u00e9t\u00e9 cr\u00e9\u00e9 par un d\u00e9veloppeur ind\u00e9pendant, Gameburger Studios, et lanc\u00e9 sur la plateforme Quickfire de Microgaming.<\/p>\n<p>Il est facile de bien comprendre comment jouer avec cette machine \u00e0 sous, mais c&#8217;est surtout en raison de son interface visuelle assez \u00e9l\u00e9mentaire et sa disposition standard \u00e0 5 rouleaux.  Mais cela ne veut pas dire que les joueurs n&#8217;appr\u00e9cient pas de faire faire tourner les 9 masques.  C&#8217;est un des meilleurs choix si vous aimez faire tourner les machines \u00e0 sous classiques en ligne, particuli\u00e8rement si gagner gros dans le jeu de base &#8211; 2000 fois la mise &#8211; fait partie de votre plan sur les machines \u00e0 sous.<\/p>\n<h2>Pourquoi Choisir 9 Masks of Fire<\/h2>\n<p>L&#8217;interface \u00e9clatante et simple est la premi\u00e8re chose qui a capt\u00e9 notre attention au moment de nous pr\u00e9parer pour quelques rondes de 9 Masks of Fire.  Toutefois, il y a beaucoup plus de raisons pour lesquelles nous aimons faire tourner cette machine \u00e0 sous.  Il n&#8217;y a pas tellement d&#8217;histoire impliqu\u00e9e dans le jeu 9 Masks of Fire, mais en fait, c&#8217;est ce que ne nombreux joueurs pr\u00e9f\u00e8rent : sauter directement dans l&#8217;action. <\/p>\n<div id=\"attachment_10152\" style=\"width: 1210px\" class=\"wp-caption alignnone\"><img loading=\"lazy\" decoding=\"async\" aria-describedby=\"caption-attachment-10152\" src=\"https:\/\/www.bonus.ca\/fr\/images\/9-masks-of-fire.jpg\" alt=\"9 masks of fire\" width=\"1200\" height=\"500\" class=\"size-full wp-image-10152\" \/><p id=\"caption-attachment-10152\" class=\"wp-caption-text\">Obtenir ces symboles de masques est toujours une bonne nouvelle &#8211; Plus il y en a, mieux c&#8217;est!<\/p><\/div>\n<p><strong>Un th\u00e8me sous-exploit\u00e9 : L&#8217;Afrique<\/strong><\/p>\n<p>La machine \u00e0 sous 9 Masks of Fire tire son inspiration de la culture africaine.  Ce jeu est enti\u00e8rement consacr\u00e9 au th\u00e8me tribal et cela s&#8217;exprime par des symboles exotiques jumel\u00e9s \u00e0 de la musique tribale rythm\u00e9e.  Il n&#8217;y a qu&#8217;une poign\u00e9e de machines \u00e0 sous qui mettent de l&#8217;avant ce th\u00e8me unique: ce n&#8217;est certainement pas commun.<\/p>\n<p>Bien que le th\u00e8me de l&#8217;afrique nous ram\u00e8ne dans le pass\u00e9, le jeu est extr\u00eamement moderne.  Gr\u00e2ce au fournisseur de logiciels Microgaming, une grande attention a \u00e9t\u00e9 port\u00e9e sur l&#8217;optimisation du jeu sur mobile.  Vous pouvez jouer \u00e0 9 Masks of Fire sur presque tous les t\u00e9l\u00e9phones intelligents ou tablettes.  Il para\u00eet bien sur n&#8217;importe quel appareil de poche ou plateforme, incluant les t\u00e9l\u00e9phones intelligents et les tablettes.  Il n&#8217;y a pas de meilleure fa\u00e7on de gagner gros que sur un appareil mobile et c&#8217;est 100% possible avec ce jeu. <\/p>\n<p><strong>Potentiel de gains majeurs<\/strong><\/p>\n<p>Le montant gagn\u00e9 avec chaque tour est directement reli\u00e9 au nombre de symboles de masques que le joueur obtient.  Plus loin, nous parlerons plus en d\u00e9tails du montant bonus des symboles. Le nombre maximum de masques que vous pouvez obtenir est, vous l&#8217;avez devin\u00e9, 9.  Tomber sur 9 masques offre une \u00e9norme r\u00e9compense de 2000 fois la mise totale!<\/p>\n<p>Des prix en argent sont \u00e9galement remis lorsque vous obtenez diff\u00e9rents masques.  Lorsque vous jouez au jeu 9 Masks of Fire, vous n&#8217;avez m\u00eame pas \u00e0 faire le calcul pour voir que ce jeu de casino a le potentiel de vous offrir un gigantesque jour de paye. <\/p>\n<p>[table_start]<br \/>\n[table_head column-1=&#8217;Nombre de masques&#8217; column-2=&#8217;Victoire par mise&#8217;  column-3=&#8217;Gain (mise maximale)&#8217;]<br \/>\n[table_row column-1=&#8217;3&#8242; column-2=&#8217;1x&#8217; column-3=&#8217;60$&#8217;]<br \/>\n[table_row column-1=&#8217;4&#8242; column-2=&#8217;5x&#8217; column-3=&#8217;300$&#8217;]<br \/>\n[table_row column-1=&#8217;5&#8242; column-2=&#8217;15&#8217; column-3=&#8217;900$&#8217;]<br \/>\n[table_row column-1=&#8217;6&#8242; column-2=&#8217;40x&#8217; column-3=&#8217;2400$&#8217;]<br \/>\n[table_row column-1=&#8217;7&#8242; column-2=&#8217;100x&#8217; column-3=&#8217;6000$&#8217;]<br \/>\n[table_row column-1=&#8217;8&#8242; column-2=&#8217;500x&#8217; column-3=&#8217;30 000$&#8217;]<br \/>\n[table_row column-1=&#8217;9&#8242; column-2=&#8217;2000x&#8217; column-3=&#8217;120 000$&#8217;]<br \/>\n[table_end]<\/p>\n<p>S&#8217;il arrive que vous obtenez 9 masques lors d&#8217;une ronde bonus ayant un multiplicateur de 3x (plus d&#8217;infos ci-bas), vous repartirez avec 360,000$.<\/p>\n<p><strong>Le sceau d&#8217;approbation de Microgaming<\/strong><\/p>\n<p>M\u00eame si, techniquement, cette machine \u00e0 sous en ligne n&#8217;a pas \u00e9t\u00e9 cr\u00e9\u00e9e par le fournisseur de logiciels Microgaming, le fait qu&#8217;elle ait \u00e9t\u00e9 lanc\u00e9e sur sa c\u00e9l\u00e8bre plateforme Quickfire en dit beaucoup.  Quickfire est une plateforme de jeu instantan\u00e9 qui inclut une grande vari\u00e9t\u00e9 des meilleurs jeux de casino.  Cela ne comprend pas seulement les machines \u00e0 sous, mais aussi les jeux de roulette, de blackjack et de vid\u00e9o poker. <\/p>\n<h2>Fonctions de la Machine \u00e0 Sous 9 Masks of Fire<\/h2>\n<p>Il est maintenant temps de passer aux choses amusantes : jouer \u00e0 ce jeu pour vrai.  Le d\u00e9roulement du jeu de machine \u00e0 sous 9 Masks of Fire est vraiment simple, ce qui est une des raisons pour lesquelles il est parti en fl\u00e8che c\u00f4t\u00e9 popularit\u00e9 en un si court moment.  N&#8217;importe qui peut comprendre facilement comment faire tourner cette machine \u00e0 sous, particuli\u00e8rement gr\u00e2ce au tableau \u00e0 gauche qui s&#8217;av\u00e8re tr\u00e8s pratique en montrant la valeur exacte de chaque ligne lorsque les masques apparaissent sur les rouleaux.<\/p>\n<p>Avant d&#8217;entrer dans les r\u00e8glements sp\u00e9cifiques, les symboles et les strat\u00e9gies de jeu, occupons-nous d&#8217;abord de la base. <\/p>\n<h3>Th\u00e8me G\u00e9n\u00e9ral et Symboles<\/h3>\n<p>Avec un th\u00e8me africain, vous pouvez vous attendre \u00e0 des couleurs vives et des sons rythmiques.  Les symboles de masques tribaux sont repr\u00e9sent\u00e9s par les symboles classiques que vous verriez dans de nombreuses machines \u00e0 sous classiques : cerises, barres, cloches, signes d&#8217;argent, 7, double 7 et triple 7.<\/p>\n<p>Certains joueurs trouvent \u00e9trange que le th\u00e8me tribal soit m\u00e9lang\u00e9 avec des symboles de machine \u00e0 sous traditionnelle, alors que d&#8217;autres pr\u00e9f\u00e8rent la simplicit\u00e9 que cela procure.<\/p>\n<p><strong>Les symboles Scatter et Wild<\/strong><\/p>\n<p>En plus de ces symboles classiques, les rouleaux tournent avec des symboles Scatter de masques et c&#8217;est l\u00e0 que le v\u00e9ritable argent entre en jeu.  Lorsque le tour s&#8217;arr\u00eate et que 3 masques ou plus atterrissent sur votre \u00e9cran, l&#8217;argent commence \u00e0 couler \u00e0 flot.  Atterrir sur 9 symboles Scatter de masques est une chance \u00e9norme qui vous permet de repartir avec 2000 fois votre mise totale.<\/p>\n<p>Dans le jeu 9 Masks of Fire, le symbole Wild est repr\u00e9sent\u00e9 par un diamant de th\u00e8me africain.  Comme dans toutes les machines \u00e0 sous, le Wild peut remplacer n&#8217;importe quel symbole \u00e0 l&#8217;exception des Scatter de masques (et du symbole Tours Gratuits).  En tombant sur 3 diamants, vous obtiendrez 6,25x votre mise totale, avec 4 vous aurez droit \u00e0 25x, puis tombez sur 5 pour repartir avec 25x votre mise initiale.<\/p>\n<p>Les joueurs qui remplissent les rouleaux de symboles Wild obtiennent un gain encore plus impressionnant que s&#8217;ils font la m\u00eame chose avec les symboles Scatter de masques.  Quand vous tombez sur seulement des Wild, vous obtenez 2500x la mise.  Lorsqu&#8217;on ajoute la fonction Multiplicateur x3, vous pourriez mettre la main sur 7500x la valeur de votre mise.<\/p>\n<h3>Fonctionnalit\u00e9 Bonus et Tours Gratuits<\/h3>\n<p>Le jeu de machine \u00e0 sous 9 Masks of Fire propose \u00e9galement une roue bonus avec tours gratuits qui vous offre exactement ce que son nom sugg\u00e8re : des tours gratuits.  Les tours gratuits sont gagn\u00e9s en atterrissant sur le Scatter de bouclier (un bouclier avec des lances) sur les 3 rouleaux du milieu.  Quand cela se produit, le tour bonus appara\u00eet et le joueur la fait tourner pour gagner entre 10 et 30 tours gratuits. <\/p>\n<p>Ce qu&#8217;il y a de mieux \u00e0 propos de la fonction Tours Gratuits, c&#8217;est qu&#8217;il est possible de d\u00e9clencher plus de tours gratuits \u00e0 l&#8217;infini.  Et devinez quoi : le Scatter de masque pourrait faire une apparition alors que vous faites tourner la roue gratuitement, ce qui signifie que vous pourriez gagner 2000 fois votre mise, m\u00eame dans la ronde bonus des Tours Gratuits.<\/p>\n<div id=\"attachment_10153\" style=\"width: 1210px\" class=\"wp-caption alignnone\"><img loading=\"lazy\" decoding=\"async\" aria-describedby=\"caption-attachment-10153\" src=\"https:\/\/www.bonus.ca\/fr\/images\/9-masks-of-fire-tour-bonus.jpg\" alt=\"9 masks of fire tour gratuit\" width=\"1200\" height=\"467\" class=\"size-full wp-image-10153\" \/><p id=\"caption-attachment-10153\" class=\"wp-caption-text\">Voici ce \u00e0 quoi ressemble la roue bonus de 9 Masks of Fire.  Avec la fonction des tours gratuits, vous pouvez gagner jusqu&#8217;\u00e0 30 tours gratuits avec un multiplicateur de 3x.  Vous pouvez \u00e9galement re-d\u00e9clencher des tours gratuits et tomber sur des masques \u00e0 l&#8217;infini.<\/p><\/div>\n<h3>Gros Lot 9 Masks of Fire<\/h3>\n<p>Il n&#8217;y a pas de jackpot progressif sur 9 Masks of Fire.  \u00c0 la place, le jeu propose ce qu&#8217;on appelle un jackpot fixe, ce qui vous donne la chance de remporter 2000x la mise initiale : jusqu&#8217;\u00e0 120 000$!  Pour repartir avec 120 000$, un joueur doit jouer la mise maximale de 60$ et tomber sur 9 Scatter de masques.<\/p>\n<p>Mais il y a une attrape, et il existe en fait une fa\u00e7on de gagner plus de 120 000$.  Si vous tombez sur les 9 symboles de masques alors que vous \u00eates dans une ronde avec un multiplicateur de 3x, vous pourriez repartir avec 3x ce montant : 360,000$.  Pour que cela se produise, votre chance doit grimper jusqu&#8217;au plafond, mais il y a tout de m\u00eame une possibilit\u00e9 que vous obteniez une telle combinaison gagnante. <\/p>\n<h2>9 Masks of Fire sur Mobile<\/h2>\n<p>Microgaming se concentre sur l&#8217;am\u00e9lioration de l&#8217;exp\u00e9rience de jeu en ligne en offrant un acc\u00e8s facile \u00e0 des centaines de machines \u00e0 sous \u00e0 partir d&#8217;une vari\u00e9t\u00e9 d&#8217;appareils.  La machine \u00e0 sous 9 Masks of Fire fait partie de celles-ci.  Les joueurs peuvent facilement jouer sur un pc, puis quitter la maison et faire tourner les rouleaux \u00e0 partir d&#8217;un appareil mobile. <\/p>\n<p>Certains joueurs disent m\u00eame que la version mobile du jeu est encore mieux que la version sur ordinateur.  Si la possibilit\u00e9 de jouer \u00e0 partir de plusieurs appareils fait partie de votre liste de crit\u00e8res lorsque vous d\u00e9cidez de jouer sur une nouvelle machine \u00e0 sous, vous allez adorer 9 Masks of Fire.  Vous pouvez y jouer avec les appareils iOS et Android, sans app ou t\u00e9l\u00e9chargement de logiciel.<\/p>\n<h2>Avis sur la Machine \u00e0 Sous 9 Masks of Fire<\/h2>\n<p>Les esprits collaboratifs derri\u00e8res Gameburger Studios et Microgaming ne nous ont pas d\u00e9\u00e7u avec leur machine \u00e0 sous en ligne 9 Masks of Fire.  M\u00eame si le d\u00e9roulement du jeu est simple, 9 Masks of Fire offre beaucoup de plaisir et de chances de gagner des jackpots en argent r\u00e9el.<\/p>\n<span class=\"highlighted-text\">L&#8217;\u00e9quipe de BonusFinder aime les 9 Scatters bonus, la fonction des tours gratuits pouvant \u00eatre multipli\u00e9s, la volatilit\u00e9 moyenne et l&#8217;interactivit\u00e9 du jeu.  Avec un taux de retour au joueur \u00e9lev\u00e9, cette machine \u00e0 sous vid\u00e9o traditionnelle \u00e0 volatilit\u00e9 moyenne est facile \u00e0 recommander.<\/span>\n<p>Somme toute, la machine \u00e0 sous en ligne 9 Masks of Fire est une excellent jeu de casino en ligne qui attire ceux qui aiment les machines \u00e0 sous plus classiques.  Si vous voulez plus de fonctions avanc\u00e9es, Big Time Gaming propose de nombreuses machines \u00e0 sous populaires en ligne.<\/p>\n","protected":false},"excerpt":{"rendered":"<p>9 Masks of Fire \u00c0 la recherche de free spins sur 9 Masks of Fire? Si vous d\u00e9sirez jouer sur la machine \u00e0 sous Nine Masks of Fire gratuitement, vous pouvez choisir parmis notre liste top 10 casino en ligne Canada mentionn\u00e9s au dessus de cette page. On vous sugg\u00e8re les deux offres suivantes: 888 [&hellip;]<\/p>\n","protected":false},"author":123,"featured_media":0,"parent":11038,"menu_order":0,"comment_status":"closed","ping_status":"closed","template":"","meta":{"inline_featured_image":false,"_glsr_average":0,"_glsr_ranking":0,"_glsr_reviews":0,"footnotes":""},"class_list":["post-10150","page","type-page","status-publish","hentry"],"yoast_head":"<!-- This site is optimized with the Yoast SEO plugin v27.4 - https:\/\/yoast.com\/product\/yoast-seo-wordpress\/ -->\n<title>9 Masks of Fire \ud83c\udf96\ufe0f 15 Free Spins No Deposit | Canada<\/title>\n<meta name=\"description\" content=\"9 Masks of Fire Free Spins + Bonus Casino \u2714\ufe0f 9 Masks of Fire \u2714\ufe0f 9 Masks of Fire Bonus avec ou sans d\u00e9p\u00f4t \u2714\ufe0f 80 bonus disponibles.\" \/>\n<meta name=\"robots\" content=\"index, follow, max-snippet:-1, max-image-preview:large, max-video-preview:-1\" \/>\n<link rel=\"canonical\" href=\"https:\/\/www.bonus.ca\/fr\/machines-a-sous-gratuites\/9-masks-of-fire\" \/>\n<meta property=\"og:type\" content=\"article\" \/>\n<meta property=\"og:title\" content=\"9 Masks of Fire \ud83c\udf96\ufe0f 15 Free Spins No Deposit | Canada\" \/>\n<meta property=\"og:description\" content=\"9 Masks of Fire Free Spins + Bonus Casino \u2714\ufe0f 9 Masks of Fire \u2714\ufe0f 9 Masks of Fire Bonus avec ou sans d\u00e9p\u00f4t \u2714\ufe0f 80 bonus disponibles.\" \/>\n<meta property=\"og:url\" content=\"https:\/\/www.bonus.ca\/fr\/machines-a-sous-gratuites\/9-masks-of-fire\" \/>\n<meta property=\"article:published_time\" content=\"2020-04-14T04:15:43+00:00\" \/>\n<meta property=\"article:modified_time\" content=\"2026-03-10T15:10:31+00:00\" \/>\n<meta name=\"twitter:card\" content=\"summary_large_image\" \/>\n<meta name=\"twitter:label1\" content=\"Est. reading time\" \/>\n\t<meta name=\"twitter:data1\" content=\"12 minutes\" \/>\n<!-- \/ Yoast SEO plugin. -->","yoast_head_json":{"title":"9 Masks of Fire \ud83c\udf96\ufe0f 15 Free Spins No Deposit | Canada","description":"9 Masks of Fire Free Spins + Bonus Casino \u2714\ufe0f 9 Masks of Fire \u2714\ufe0f 9 Masks of Fire Bonus avec ou sans d\u00e9p\u00f4t \u2714\ufe0f 80 bonus disponibles.","robots":{"index":"index","follow":"follow","max-snippet":"max-snippet:-1","max-image-preview":"max-image-preview:large","max-video-preview":"max-video-preview:-1"},"canonical":"https:\/\/www.bonus.ca\/fr\/machines-a-sous-gratuites\/9-masks-of-fire","og_type":"article","og_title":"9 Masks of Fire \ud83c\udf96\ufe0f 15 Free Spins No Deposit | Canada","og_description":"9 Masks of Fire Free Spins + Bonus Casino \u2714\ufe0f 9 Masks of Fire \u2714\ufe0f 9 Masks of Fire Bonus avec ou sans d\u00e9p\u00f4t \u2714\ufe0f 80 bonus disponibles.","og_url":"https:\/\/www.bonus.ca\/fr\/machines-a-sous-gratuites\/9-masks-of-fire","article_published_time":"2020-04-14T04:15:43+00:00","article_modified_time":"2026-03-10T15:10:31+00:00","twitter_card":"summary_large_image","twitter_misc":{"Est. reading time":"12 minutes"},"schema":{"@context":"https:\/\/schema.org","@graph":[{"@type":"WebPage","@id":"https:\/\/www.bonus.ca\/fr\/machines-a-sous-gratuites\/9-masks-of-fire","url":"https:\/\/www.bonus.ca\/fr\/machines-a-sous-gratuites\/9-masks-of-fire","name":"9 Masks of Fire \ud83c\udf96\ufe0f 15 Free Spins No Deposit | Canada","isPartOf":{"@id":"https:\/\/www.bonus.ca\/fr\/#website"},"primaryImageOfPage":{"@id":"https:\/\/www.bonus.ca\/fr\/machines-a-sous-gratuites\/9-masks-of-fire#primaryimage"},"image":{"@id":"https:\/\/www.bonus.ca\/fr\/machines-a-sous-gratuites\/9-masks-of-fire#primaryimage"},"thumbnailUrl":"https:\/\/www.bonus.ca\/fr\/images\/9-masks-of-fire-2.jpg","datePublished":"2020-04-14T04:15:43+00:00","dateModified":"2026-03-10T15:10:31+00:00","description":"9 Masks of Fire Free Spins + Bonus Casino \u2714\ufe0f 9 Masks of Fire \u2714\ufe0f 9 Masks of Fire Bonus avec ou sans d\u00e9p\u00f4t \u2714\ufe0f 80 bonus disponibles.","breadcrumb":{"@id":"https:\/\/www.bonus.ca\/fr\/machines-a-sous-gratuites\/9-masks-of-fire#breadcrumb"},"inLanguage":"en-US","potentialAction":[{"@type":"ReadAction","target":["https:\/\/www.bonus.ca\/fr\/machines-a-sous-gratuites\/9-masks-of-fire"]}]},{"@type":"ImageObject","inLanguage":"en-US","@id":"https:\/\/www.bonus.ca\/fr\/machines-a-sous-gratuites\/9-masks-of-fire#primaryimage","url":"","contentUrl":""},{"@type":"BreadcrumbList","@id":"https:\/\/www.bonus.ca\/fr\/machines-a-sous-gratuites\/9-masks-of-fire#breadcrumb","itemListElement":[{"@type":"ListItem","position":1,"name":"Home","item":"https:\/\/www.bonus.ca\/fr\/"},{"@type":"ListItem","position":2,"name":"Machines \u00e0 Sous Gratuites","item":"https:\/\/www.bonus.ca\/fr\/machines-a-sous-gratuites"},{"@type":"ListItem","position":3,"name":"9 Masks of Fire"}]},{"@type":"WebSite","@id":"https:\/\/www.bonus.ca\/fr\/#website","url":"https:\/\/www.bonus.ca\/fr\/","name":"BonusFinder Canada (Fran\u00e7ais)","description":"La source de bonus n\u00b0 1 au Canada","potentialAction":[{"@type":"SearchAction","target":{"@type":"EntryPoint","urlTemplate":"https:\/\/www.bonus.ca\/fr\/?s={search_term_string}"},"query-input":{"@type":"PropertyValueSpecification","valueRequired":true,"valueName":"search_term_string"}}],"inLanguage":"en-US"}]}},"_links":{"self":[{"href":"https:\/\/www.bonus.ca\/fr\/wp-json\/wp\/v2\/pages\/10150","targetHints":{"allow":["GET"]}}],"collection":[{"href":"https:\/\/www.bonus.ca\/fr\/wp-json\/wp\/v2\/pages"}],"about":[{"href":"https:\/\/www.bonus.ca\/fr\/wp-json\/wp\/v2\/types\/page"}],"author":[{"embeddable":true,"href":"https:\/\/www.bonus.ca\/fr\/wp-json\/wp\/v2\/users\/123"}],"replies":[{"embeddable":true,"href":"https:\/\/www.bonus.ca\/fr\/wp-json\/wp\/v2\/comments?post=10150"}],"version-history":[{"count":12,"href":"https:\/\/www.bonus.ca\/fr\/wp-json\/wp\/v2\/pages\/10150\/revisions"}],"predecessor-version":[{"id":25710,"href":"https:\/\/www.bonus.ca\/fr\/wp-json\/wp\/v2\/pages\/10150\/revisions\/25710"}],"up":[{"embeddable":true,"href":"https:\/\/www.bonus.ca\/fr\/wp-json\/wp\/v2\/pages\/11038"}],"wp:attachment":[{"href":"https:\/\/www.bonus.ca\/fr\/wp-json\/wp\/v2\/media?parent=10150"}],"curies":[{"name":"wp","href":"https:\/\/api.w.org\/{rel}","templated":true}]}}