{"id":10495,"date":"2020-05-19T07:02:16","date_gmt":"2020-05-19T07:02:16","guid":{"rendered":"https:\/\/www.bonus.ca\/fr\/?post_type=bookmakers&#038;p=10495"},"modified":"2026-04-02T12:35:21","modified_gmt":"2026-04-02T12:35:21","slug":"caxino","status":"publish","type":"page","link":"https:\/\/www.bonus.ca\/fr\/caxino","title":{"rendered":"Caxino Casino"},"content":{"rendered":"<h2>Caxino Casino au Canada<\/h2>\n<p><strong>Caxino Casino<\/strong> est le <a href=\"https:\/\/www.bonus.ca\/fr\/\">meilleur casino en ligne<\/a> d\u00e9tenu et op\u00e9r\u00e9 par Rootz Limited. Il poss\u00e8de la m\u00eame structure et le m\u00eame format que le casino Wildz, un site de jeu qui a r\u00e9ussi \u00e0 attirer une gigantesque quantit\u00e9 de personnes au Canada dans un court laps de temps.  <\/p>\n<p>[table_start]<br \/>\n[table_row column-1=&#8217;<strong>Propri\u00e9t\u00e9 et Exploitation Par<\/strong>&#8216; column-2=&#8217;Rootz Limited&#8217;]<br \/>\n[table_row column-1=&#8217;<strong>Nom du Site<\/strong>&#8216; column-2=&#8217;Caxino Casino&#8217;]<br \/>\n[table_row column-1=&#8217;<strong>Casino Mobile<\/strong>&#8216; column-2=&#8217;Oui (Android, iOS, Windows)&#8217;]<br \/>\n[table_row column-1=&#8217;<strong>Adresse Web<\/strong>&#8216; column-2=&#8217;https:\/\/www.caxino.com&#8217;]<br \/>\n[table_row column-1=&#8217;<strong>Licence<\/strong>&#8216; column-2=&#8217;Autorit\u00e9 des Jeux de Malte&#8217;]<br \/>\n[table_row column-1=&#8217;<strong>Assistance Client\u00e8le<\/strong>&#8216; column-2=&#8217;Courrier \u00c9lectronique, Chat en Direct&#8217;]<br \/>\n[table_end]<\/p>\n<p>Caxino Casino est un tout nouveau casino en ligne qui vient d&#8217;ouvrir ses portes en Juin 2020. Il risque fortement de rejoindre les rangs des casinos les plus populaires de notre \u00e9poque.<\/p>\n<p>Tout comme le casino Wildz qui s&#8217;est tout de suite d\u00e9marqu\u00e9 comme \u00e9tant une force majeure parmi les casinos canadiens, le casino en ligne Caxino fera assur\u00e9ment la m\u00eame chose.  Les raisons \u00e9num\u00e9r\u00e9es plus haut ne font qu&#8217;effleurer la surface.<\/p>\n<h2>Caxino Bonus 2026<\/h2>\n<p>Le bonus de bienvenue du casino Caxino est un bonus \u00e0 100% jusqu&#8217;\u00e0 2000$ en plus de 100 tours gratuits. <strong>Tous les nouveaux joueurs canadiens peuvent recevoir 100 tours gratuits pour 10$!<\/strong><\/p>\n<p>Vous recevrez des tours gratuits sur plusieurs jeux en ligne populaires.  e bonus de bienvenue du casino Caxino est pay\u00e9 en fonds bonus dans votre compte de joueur.<\/p>\n<p><strong>Voici les d\u00e9tails \u00e0 propos du bonus Casino Caxino:<\/strong><\/p>\n<p>[table_start]<br \/>\n[table_head column-1=&#8217;<strong>Casino Caxino<\/strong>&#8216; column-2=&#8217;<strong>D\u00e9tails sur le bonus<\/strong>&#8216;]<br \/>\n[table_row column-1=&#8217;<strong>Bonus de bienvenue<\/strong>&#8216; column-2=&#8221;\u00c9quivalence \u00e0 100% jusqu&#8217;\u00e0 2000$ + 100 tours gratuits&#8221;]<br \/>\n[table_row column-1=&#8217;<strong>Jeux gratuits<\/strong>&#8216; column-2=&#8217;10 diff\u00e9rents jeux&#8217;]<br \/>\n[table_row column-1=&#8217;<strong>Conditions de mise<\/strong>&#8216; column-2=&#8217;35x&#8217;]<br \/>\n[table_row column-1=&#8217;<strong>D\u00e9p\u00f4t Minimum<\/strong>&#8216; column-2=&#8217;10$&#8217;]<br \/>\n[table_end]<\/p>\n<div id=\"attachment_17140\" style=\"width: 1546px\" class=\"wp-caption alignnone\"><img loading=\"lazy\" decoding=\"async\" aria-describedby=\"caption-attachment-17140\" src=\"https:\/\/mediafr.bonus.ca\/images\/Caxino-1.png\" alt=\"Caxino Casino Logo \" width=\"1536\" height=\"920\" class=\"size-full wp-image-17140\" srcset=\"https:\/\/mediafr.bonus.ca\/images\/Caxino-1.png 1536w, https:\/\/mediafr.bonus.ca\/images\/Caxino-1-300x180.png 300w, https:\/\/mediafr.bonus.ca\/images\/Caxino-1-1024x613.png 1024w, https:\/\/mediafr.bonus.ca\/images\/Caxino-1-1048x628.png 1048w, https:\/\/mediafr.bonus.ca\/images\/Caxino-1-90x54.png 90w\" sizes=\"auto, (max-width: 1536px) 100vw, 1536px\" \/><p id=\"caption-attachment-17140\" class=\"wp-caption-text\">Le bonus de bienvenue offert par Caxino est de 100% jusqu&#8217;\u00e0 2000 dollars canadiens!<\/p><\/div>\n<h3> Bonus Code<\/h3>\n<p>Bonne nouvelle! <strong>Pas besoin d&#8217;un Caxino Casino bonus code<\/strong> pour obtenir l&#8217;offre dont nous vous parlons aujourd&#8217;hui. Caxino Casino rend le tout facile &#8211; vous n&#8217;avez qu&#8217;\u00e0 cliquer sur le bouton pour obtenir votre bonus casino au Caxino.com Casino.<\/p>\n<h3>Free Spins<\/h3>\n<p>Les tours gratuits offerts chez Caxino ont une valeur de 0.25$ par tour. Les conditions de mises sont \u00e0 35x, cela veut donc dire que vous devrez lib\u00e9rer votre bonus pour retirer vos gains.<\/p>\n<p>Voici comment les parties gratuites sont r\u00e9parties au Casino Caxino:<\/p>\n<p>[table_start]<br \/>\n[table_head column-1=&#8217;<strong>Jour<\/strong>&#8216; column-2=&#8217;<strong>Jeux gratuits<\/strong>&#8216;  column-3=&#8217;<strong>Fournisseurs de jeux<\/strong>&#8216;]<br \/>\n[table_row column-1=&#8217;Jour 1&#8242; column-2=&#8217;Book of Tut&#8217; column-3=&#8217;Pragmatic Play&#8217;]<br \/>\n[table_row column-1=&#8217;Jour 2&#8242; column-2=&#8217;Piggy Riches Megaways&#8217; column-3=&#8217;Red Tiger Gaming&#8217;]<br \/>\n[table_row column-1=&#8217;Jour 3&#8242; column-2=&#8217;Book of Dead&#8217; column-3=&#8221;Play&#8217;n GO&#8221;]<br \/>\n[table_row column-1=&#8217;Jour 4&#8242; column-2=&#8217;Razor Shark&#8217; column-3=&#8217;Push Gaming&#8217;]<br \/>\n[table_row column-1=&#8217;Jour 5&#8242; column-2=&#8217;Ramses Book&#8217; column-3=&#8217;Gamomat&#8217;]<br \/>\n[table_row column-1=&#8217;Jour 6&#8242; column-2=&#8217;Starburst&#8217; column-3=&#8217;NetEnt&#8217;]<br \/>\n[table_row column-1=&#8217;Jour 7&#8242; column-2=&#8217;Book of Cleopatra&#8217; column-3=&#8217;Stakelogic&#8217;]<br \/>\n[table_row column-1=&#8217;Jour 8&#8242; column-2=&#8217;Money Train&#8217; column-3=&#8217;Relax Gaming&#8217;]<br \/>\n[table_row column-1=&#8217;Jour 9&#8242; column-2=&#8217;Book of Oz&#8217; column-3=&#8217;Microgaming&#8217;]<br \/>\n[table_row column-1=&#8217;Jour 10&#8242; column-2=&#8217;The Falcon Huntress&#8217; column-3=&#8217;Thunderkick&#8217;]<br \/>\n[table_end]<\/p>\n<p>Notez que chaque jour, vous obtiendrez vos tours gratuits et ceux-ci seront valides pour 24 heures. Chaque tour non jou\u00e9 seront perdus, alors assurez-vous de vous connecter au Casino Caxino \u00e0 tous les jours pour obtenir vos parties gratuites.<\/p>\n<div id=\"attachment_17141\" style=\"width: 1546px\" class=\"wp-caption alignnone\"><img loading=\"lazy\" decoding=\"async\" aria-describedby=\"caption-attachment-17141\" src=\"https:\/\/mediafr.bonus.ca\/images\/Caxino-1-1.png\" alt=\"Logo Caxino CAsino\" width=\"1536\" height=\"920\" class=\"size-full wp-image-17141\" srcset=\"https:\/\/mediafr.bonus.ca\/images\/Caxino-1-1.png 1536w, https:\/\/mediafr.bonus.ca\/images\/Caxino-1-1-300x180.png 300w, https:\/\/mediafr.bonus.ca\/images\/Caxino-1-1-1024x613.png 1024w, https:\/\/mediafr.bonus.ca\/images\/Caxino-1-1-1048x628.png 1048w, https:\/\/mediafr.bonus.ca\/images\/Caxino-1-1-90x54.png 90w\" sizes=\"auto, (max-width: 1536px) 100vw, 1536px\" \/><p id=\"caption-attachment-17141\" class=\"wp-caption-text\">Jouez avec 100 tours gratuits sur 10 diff\u00e9rentes machines \u00e0 sous gr\u00e2ce au bonus  tours gratuits caxino!<\/p><\/div>\n<h2>Fonctionnalit\u00e9 Spinbox et VIP <\/h2>\n<p>La fonctionnalit\u00e9 Spinbox offerte par le casino Wildz fera sans aucun doute partie du format du casino Caxino.  Cette fonctionnalit\u00e9 exclusive r\u00e9compense les joueurs pour avoir <em>perdu<\/em>.<\/p>\n<p>C&#8217;est vraiment \u00e7a, il n&#8217;y a pas eu d&#8217;erreur de frappe. <strong>Le casino Caxino r\u00e9compensera vos vaillants efforts, m\u00eame si ceux-ci ne r\u00e9sultent pas en un gain.<\/strong><\/p>\n<p>Voici ce que vous devez savoir \u00e0 propos de la fonctionnalit\u00e9 Spinbox: <\/p>\n<ul>\n<li>Lorsque vous jouez au casino en ligne Caxino, la Progress Bar (barre de progr\u00e8s) se remplit.  Quand vous passez au niveau sup\u00e9rieur, vous remportez une ronde Spinbox.<\/li>\n<li>Vous allez gagner des tours gratuits sur vos jeux pr\u00e9f\u00e9r\u00e9s!<\/li>\n<li>Dans chacune des rondes bonus Spinbox, vous avez la chance de gagner jusqu&#8217;\u00e0 40 tours gratuits.<\/li>\n<\/ul>\n<p>Qui aurait pens\u00e9 que gagner parce qu&#8217;on a perdu pouvait \u00eatre si simple?<\/p>\n<h3>Spinbox+<\/h3>\n<p>Si vous jouez assez pour atteindre plusieurs \u00e9chelons en une journ\u00e9e, le nombre de tours gratuits que vous recevez augmente.<\/p>\n<p>Voici un exemple de la fa\u00e7on dont la fonctionnalit\u00e9 Spinbox+ fonctionne:<\/p>\n<ul>\n<li><strong>1\u00e8re ronde Spinbox:<\/strong> Gain Spinbox<\/li>\n<li><strong>2\u00e8me ronde Spinbox:<\/strong> Gain Spinbox + 2 tours gratuits<\/li>\n<li><strong>3\u00e8me ronde Spinbox:<\/strong> Gain Spinbox + 3 tours gratuits<\/li>\n<\/ul>\n<p><strong>Les tours gratuits sont attribu\u00e9s sur le m\u00eame jeu que celui o\u00f9 vous gagner dans la ronde Spinbox. <\/strong> Si vous parvenez \u00e0 atteindre 10 fois un niveau sup\u00e9rieur en un seul jour, vous recevrez 10 tours gratuits, en plus du gain Spinbox obtenu en grimpant de niveau!<\/p>\n<h3>Caxino Extra<\/h3>\n<p>Tout comme le casino Wildz, le casino Caxino en ligne a un programme de Loyaut\u00e9. Son programme VIP, nomm\u00e9 <strong>Caxino Extra<\/strong>, offre des r\u00e9compenses et des bonus exclusifs aux membres fid\u00e8les du casino Caxino. L&#8217;avantage principal de ce programme est la remise de 20% qui est pay\u00e9e chaque semaine.<\/p>\n<p>Ce programme s&#8217;adresse surtout aux gros joueurs et \u00e0 ceux qui jouent fr\u00e9quemment. En plus de la remise de 20%, les membres du programme Caxino Extra obtiennent plus de b\u00e9n\u00e9fices, comme des tours gratuits en argent r\u00e9el sans conditions de mise et un gestionnaire de compte personnel pour les gros joueurs. <\/p>\n<h2>Jeux de Casino<\/h2>\n<p>En ce qui a trait aux jeux de casino, vous pouvez \u00eatre assur\u00e9 que les grandes puissances seront repr\u00e9sent\u00e9es ici. Microgaming, Play&#8217;n GO, Red Tiger, Pragmatic Play, Quickspin, NetEnt &#8211; Caxino.com Casino les offre toutes.<\/p>\n<p>Ici, la cat\u00e9gorie de jeux principale est celle des machines \u00e0 sous en ligne, mais il y a tout de m\u00eame \u00e9norm\u00e9ment d&#8217;autres options.  Il y a des tonnes de jeux tr\u00e8s connus dans presque chaque cat\u00e9gorie, dont les machines \u00e0 sous, les jeux de table classiques, le casino live et les jackpots.<\/p>\n<h3>Machines \u00e0 Sous<\/h3>\n<p>En faisant d\u00e9filer les jeux de machines \u00e0 sous offerts au casino Caxino, vous n&#8217;aurez aucune difficult\u00e9 \u00e0 trouver exactement ce que vous cherchez.  Vous pouvez inscrire le nom de votre jeu pr\u00e9f\u00e9r\u00e9 dans la barre de recherche ou encore simplement naviguer \u00e0 travers les diff\u00e9rentes cat\u00e9gories pour voir quels jeux sont pr\u00e9sentement offerts par le casino. <\/p>\n<p>Le casino Caxino offre tous les jeux les plus populaires, dont les machines \u00e0 sous \u00e0 jackpot comme Mega Moolah et Wheel of Wishes. Parmi les cat\u00e9gories diversifi\u00e9es de machines \u00e0 sous, on retrouve, entre autres Volatilit\u00e9 \u00c9lev\u00e9e et Symboles en cascade, en passant par Horreur et Mythologie. <\/p>\n<h3>Jeux de Table<\/h3>\n<p>Il y a quatre cat\u00e9gories de jeux de table classiques offerts au casino Caxino: le Blackjack, la Roulette, Baccarat et Poker vid\u00e9o.  Chacune de ces cat\u00e9gories a ses propres options.  De plus, il y a au moins un jeu de croupier live par cat\u00e9gorie.<\/p>\n<p>Le fait d&#8217;avoir des jeux live est un incontournable pour de nombreux joueurs canadiens, particuli\u00e8rement pour ceux qui recherchent l&#8217;ambiance d&#8217;un vrai casino, sans les tracas d&#8217;un vrai casino.  Le casino Caxino propose des jeux de casino en direct des deux meneurs de l&#8217;industrie des fournisseurs de jeux, soit Evolution et NetEnt.<\/p>\n<h3>Jeux Live<\/h3>\n<p>Les jeux de croupier live du casino Caxino permettent aux joueurs de vivre exactement cette exp\u00e9rience en offrant une bonne s\u00e9lection de jeux de table avec des enjeux vari\u00e9s.  Les gros joueurs peuvent miser jusqu&#8217;\u00e0 des milliers de dollars au casino live.<\/p>\n<h3>Roulette<\/h3>\n<p>Au casino Caxino, il y a de nombreuses variations de la Roulette, incluant des jeux de casino live.  Par exemple, vous pouvez jouer \u00e0 la Roulette Europ\u00e9enne et \u00e0 la Roulette Am\u00e9ricaine.<\/p>\n<p><strong>Les gros joueurs peuvent miser jusqu&#8217;\u00e0 50 000$ par tour sur la VIP Auto Roulette.<\/strong><\/p>\n<h3> Blackjack<\/h3>\n<p>Le casino Caxino offre une vaste s\u00e9lection de jeux de Blackjack.  Si vous voulez essayer quelque chose de nouveau, vous pouvez jouer contre un vrai croupier (Blackjack de casino Live) ou jouer au Blackjack Multi-Hand (Multi-mains) qui vous permet de jouer jusqu&#8217;\u00e0 25 mains \u00e0 la fois.<\/p>\n<h3>Service Clients<\/h3>\n<p>Si votre jeu favori est absent, vous pouvez contacter leur service \u00e0 la client\u00e8le via courriel (<strong>support@caxino.com<\/strong>), et demander \u00e0 ce qu&#8217;il soit ajout\u00e9.  Le casino Caxino promet de fournir un effort actif afin d&#8217;ajouter de nouveaux jeux en fonction des demandes de leurs clients.<\/p>\n<h2>Casino Mobile<\/h2>\n<p>Le site est sous-estim\u00e9 et \u00e9l\u00e9gant &#8211; sans \u00eatre trop tape-\u00e0-l&#8217;oeil, il parvient \u00e0 capter l&#8217;attention de tous les visiteurs.  L&#8217;attrait principal est que presque tous les jeux du casino Caxino seront disponibles pour le jeu sur mobile sans avoir \u00e0 t\u00e9l\u00e9charger d&#8217;application mobile Caxino.<\/p>\n<p>Que vous pr\u00e9f\u00e9riez faire tourner les machines \u00e0 sous ou prendre part \u00e0 l&#8217;action dans une partie de Blackjack live, vous pourrez le faire \u00e0 partir de votre appareil mobile.  Pour un casino lanc\u00e9 en 2020, ce n&#8217;est pas tr\u00e8s surprenant.  De nos jours, la possibilit\u00e9 de jouer sur un casino mobile est une priorit\u00e9 absolue pour la plupart des joueurs. <\/p>\n<h3>Acc\u00e9der aux jeux  <\/h3>\n<p>Pour acc\u00e9der aux jeux mobiles du casino Caxino, rendez-vous simplement sur le site \u00e0 partir du navigateur de votre appareil mobile et connectez-vous \u00e0 votre compte, comme vous le feriez sur un ordinateur ou un portable.  Vous pouvez m\u00eame vous inscrire, faire des d\u00e9p\u00f4ts et acc\u00e9der \u00e0 des bonus \u00e0 partir du site mobile &#8211; aucune application requise. <\/p>\n<h2>M\u00e9thodes Bancaires<\/h2>\n<p>Au Casino Caxino, tous les d\u00e9p\u00f4ts sont trait\u00e9s imm\u00e9diatement &#8211; vous pouvez vous inscrire, d\u00e9poser et commencer \u00e0 jouer sur Bonanza ou Gonzo&#8217;s Quest en l&#8217;espace de quelques minutes. Chaque d\u00e9p\u00f4t est compl\u00e8tement sans frais et 100% s\u00fbr, peu importe le mode de paiement choisi.<\/p>\n<p>Ce casino en ligne offre une gamme de modes de paiement parmi lesquels choisir, demandant tous un d\u00e9p\u00f4t minimal est de 10$.  Ceux-ci incluent transferts bancaires, cartes de cr\u00e9dit, e-check, coupons pr\u00e9pay\u00e9s et portefeuilles \u00e9lectronique. <\/p>\n<p>Voici quelques options de d\u00e9p\u00f4t au casino Caxino:<\/p>\n<p>[table_start]<br \/>\n[table_head column-1=&#8217;<strong>M\u00e9thodes bancaires<\/strong>&#8216; column-2=&#8217;<strong>Pris en charge<\/strong>&#8216;]<br \/>\n[table_row column-1=&#8217;<strong>Interac<\/strong>&#8216; column-2=&#8217;Oui&#8217;]<br \/>\n[table_row column-1=&#8217;<strong>iDebit<\/strong>&#8216; column-2=&#8217;Oui&#8217;]<br \/>\n[table_row column-1=&#8217;<strong>Visa\/Mastercard<\/strong>&#8216; column-2=&#8217;Oui&#8217;]<br \/>\n[table_row column-1=&#8217;<strong>eCheck<\/strong>&#8216; column-2=&#8217;Non&#8217;]<br \/>\n[table_row column-1=&#8217;<strong>Instant Banking<\/strong>&#8216; column-2=&#8217;Non&#8217;]<br \/>\n[table_row column-1=&#8217;<strong>Instadebit<\/strong>&#8216; column-2=&#8217;Oui&#8217;]<br \/>\n[table_row column-1=&#8217;<strong>Ecopayz<\/strong>&#8216; column-2=&#8217;Oui&#8217;]<br \/>\n[table_row column-1=&#8217;<strong>Paysafecard<\/strong>&#8216; column-2=&#8217;Oui&#8217;]<br \/>\n[table_row column-1=&#8217;<strong>Paypal<\/strong>&#8216; column-2=&#8217;Non&#8217;]<br \/>\n[table_end]<\/p>\n<h3>Retirer des fonds<\/h3>\n<p>Presque toutes les m\u00e9thodes de paiement disponibles peuvent aussi \u00eatre utilis\u00e9es pour retirer des fonds (\u00e0 l&#8217;exception de Paysafecard).  <\/p>\n<p>Les retraits ne sont pas tous trait\u00e9s instantan\u00e9ment &#8211; cela prend habituellement entre 1 et 3 jours ouvrables &#8211; mais si vous utilisez un portefeuille \u00e9lectronique comme ecoPayz ou Skrill, votre retrait devrait arriver dans votre compte de banque en quelques minutes. <\/p>\n<h2>Conclusion <\/h2>\n<p>Caxino Casino nous offre un look branch\u00e9 et color\u00e9 &#8211; plut\u00f4t prometteur! Avec un d\u00e9p\u00f4t minimum de 10$ pour obtenir 100 tours gratuits, \u00e7a vaut le d\u00e9tour! Une fois de plus, nous sommes charm\u00e9s par Rootz Limited.<\/p>\n<p>Nous sommes particuli\u00e8rement enthousiastes \u00e0 propos de la fonctionnalit\u00e9 exclusive Spinbox qui donne aux joueurs la chance de gagner des tours gratuits, m\u00eame apr\u00e8s des d\u00e9faites cons\u00e9cutives.  <\/p>\n<p>La s\u00e9lection de jeux est un autre aspect excitant &#8211; vous trouverez tous les meilleurs jeux de table, jackpots et machines \u00e0 sous de tous les meilleurs fournisseurs de jeux de casino en argent r\u00e9el.<\/p>\n<h3>Verdict d\u00e9finitif<\/h3>\n<p>[table_start]<br \/>\n[table_row column-1=&#8217;<strong>Machines \u00e0 sous<\/strong>&#8216; column-2=&#8217;\u2b50\u2b50\u2b50\u2b50\u2b50&#8217;]<br \/>\n[table_row column-1=&#8217;<strong>Casino en direct<\/strong>&#8216; column-2=&#8217;\u2b50\u2b50\u2b50\u2b50&#8217;]<br \/>\n[table_row column-1=&#8217;<strong>Design du site<\/strong>&#8216; column-2=&#8217;\u2b50\u2b50\u2b50&#8217;]<br \/>\n[table_row column-1=&#8217;<strong>Options de paiement<\/strong>&#8216; column-2=&#8217;\u2b50\u2b50\u2b50&#8217;]<br \/>\n[table_row column-1=&#8217;<strong>Service client<\/strong>&#8216; column-2=&#8217;\u2b50\u2b50\u2b50\u2b50&#8217;]<br \/>\n[table_end]<\/p>\n","protected":false},"excerpt":{"rendered":"<p>Caxino Casino au Canada Caxino Casino est le meilleur casino en ligne d\u00e9tenu et op\u00e9r\u00e9 par Rootz Limited. Il poss\u00e8de la m\u00eame structure et le m\u00eame format que le casino Wildz, un site de jeu qui a r\u00e9ussi \u00e0 attirer une gigantesque quantit\u00e9 de personnes au Canada dans un court laps de temps. [table_start] [table_row [&hellip;]<\/p>\n","protected":false},"author":123,"featured_media":0,"parent":0,"menu_order":0,"comment_status":"closed","ping_status":"closed","template":"","meta":{"inline_featured_image":false,"_glsr_average":0,"_glsr_ranking":0,"_glsr_reviews":0,"footnotes":""},"class_list":["post-10495","page","type-page","status-publish","hentry"],"yoast_head":"<!-- This site is optimized with the Yoast SEO plugin v27.3 - https:\/\/yoast.com\/product\/yoast-seo-wordpress\/ -->\n<title>Caxino Casino \ud83c\udf96\ufe0f 100 Tours Gratuits + 2000$ en Bonus \u27a1\ufe0f<\/title>\n<meta name=\"description\" content=\"Caxino est un nouveau casino en ligne au Canada. Obtenez le Caxino bonus de 2000$. 100 tours gratuits pour 10$.\" \/>\n<meta name=\"robots\" content=\"index, follow, max-snippet:-1, max-image-preview:large, max-video-preview:-1\" \/>\n<link rel=\"canonical\" href=\"https:\/\/www.bonus.ca\/fr\/caxino\" \/>\n<meta property=\"og:type\" content=\"article\" \/>\n<meta property=\"og:title\" content=\"Caxino Casino \ud83c\udf96\ufe0f 100 Tours Gratuits + 2000$ en Bonus \u27a1\ufe0f\" \/>\n<meta property=\"og:description\" content=\"Caxino est un nouveau casino en ligne au Canada. Obtenez le Caxino bonus de 2000$. 100 tours gratuits pour 10$.\" \/>\n<meta property=\"og:url\" content=\"https:\/\/www.bonus.ca\/fr\/caxino\" \/>\n<meta property=\"article:modified_time\" content=\"2026-04-02T12:35:21+00:00\" \/>\n<meta property=\"og:image\" content=\"https:\/\/mediafr.bonus.ca\/images\/Caxino-1.png\" \/>\n\t<meta property=\"og:image:width\" content=\"1536\" \/>\n\t<meta property=\"og:image:height\" content=\"920\" \/>\n\t<meta property=\"og:image:type\" content=\"image\/png\" \/>\n<meta name=\"twitter:card\" content=\"summary_large_image\" \/>\n<meta name=\"twitter:label1\" content=\"Est. reading time\" \/>\n\t<meta name=\"twitter:data1\" content=\"9 minutes\" \/>\n<!-- \/ Yoast SEO plugin. -->","yoast_head_json":{"title":"Caxino Casino \ud83c\udf96\ufe0f 100 Tours Gratuits + 2000$ en Bonus \u27a1\ufe0f","description":"Caxino est un nouveau casino en ligne au Canada. Obtenez le Caxino bonus de 2000$. 100 tours gratuits pour 10$.","robots":{"index":"index","follow":"follow","max-snippet":"max-snippet:-1","max-image-preview":"max-image-preview:large","max-video-preview":"max-video-preview:-1"},"canonical":"https:\/\/www.bonus.ca\/fr\/caxino","og_type":"article","og_title":"Caxino Casino \ud83c\udf96\ufe0f 100 Tours Gratuits + 2000$ en Bonus \u27a1\ufe0f","og_description":"Caxino est un nouveau casino en ligne au Canada. Obtenez le Caxino bonus de 2000$. 100 tours gratuits pour 10$.","og_url":"https:\/\/www.bonus.ca\/fr\/caxino","article_modified_time":"2026-04-02T12:35:21+00:00","og_image":[{"width":1536,"height":920,"url":"https:\/\/mediafr.bonus.ca\/images\/Caxino-1.png","type":"image\/png"}],"twitter_card":"summary_large_image","twitter_misc":{"Est. reading time":"9 minutes"},"schema":{"@context":"https:\/\/schema.org","@graph":[{"@type":"WebPage","@id":"https:\/\/www.bonus.ca\/fr\/caxino","url":"https:\/\/www.bonus.ca\/fr\/caxino","name":"Caxino Casino \ud83c\udf96\ufe0f 100 Tours Gratuits + 2000$ en Bonus \u27a1\ufe0f","isPartOf":{"@id":"https:\/\/www.bonus.ca\/fr\/#website"},"primaryImageOfPage":{"@id":"https:\/\/www.bonus.ca\/fr\/caxino#primaryimage"},"image":{"@id":"https:\/\/www.bonus.ca\/fr\/caxino#primaryimage"},"thumbnailUrl":"https:\/\/mediafr.bonus.ca\/images\/Caxino-1.png","datePublished":"2020-05-19T07:02:16+00:00","dateModified":"2026-04-02T12:35:21+00:00","description":"Caxino est un nouveau casino en ligne au Canada. Obtenez le Caxino bonus de 2000$. 100 tours gratuits pour 10$.","breadcrumb":{"@id":"https:\/\/www.bonus.ca\/fr\/caxino#breadcrumb"},"inLanguage":"en-US","potentialAction":[{"@type":"ReadAction","target":["https:\/\/www.bonus.ca\/fr\/caxino"]}]},{"@type":"ImageObject","inLanguage":"en-US","@id":"https:\/\/www.bonus.ca\/fr\/caxino#primaryimage","url":"https:\/\/mediafr.bonus.ca\/images\/Caxino-1.png","contentUrl":"https:\/\/mediafr.bonus.ca\/images\/Caxino-1.png"},{"@type":"BreadcrumbList","@id":"https:\/\/www.bonus.ca\/fr\/caxino#breadcrumb","itemListElement":[{"@type":"ListItem","position":1,"name":"Home","item":"https:\/\/www.bonus.ca\/fr\/"},{"@type":"ListItem","position":2,"name":"Caxino Casino"}]},{"@type":"WebSite","@id":"https:\/\/www.bonus.ca\/fr\/#website","url":"https:\/\/www.bonus.ca\/fr\/","name":"BonusFinder Canada (Fran\u00e7ais)","description":"La source de bonus n\u00b0 1 au Canada","potentialAction":[{"@type":"SearchAction","target":{"@type":"EntryPoint","urlTemplate":"https:\/\/www.bonus.ca\/fr\/?s={search_term_string}"},"query-input":{"@type":"PropertyValueSpecification","valueRequired":true,"valueName":"search_term_string"}}],"inLanguage":"en-US"}]}},"_links":{"self":[{"href":"https:\/\/www.bonus.ca\/fr\/wp-json\/wp\/v2\/pages\/10495","targetHints":{"allow":["GET"]}}],"collection":[{"href":"https:\/\/www.bonus.ca\/fr\/wp-json\/wp\/v2\/pages"}],"about":[{"href":"https:\/\/www.bonus.ca\/fr\/wp-json\/wp\/v2\/types\/page"}],"author":[{"embeddable":true,"href":"https:\/\/www.bonus.ca\/fr\/wp-json\/wp\/v2\/users\/123"}],"replies":[{"embeddable":true,"href":"https:\/\/www.bonus.ca\/fr\/wp-json\/wp\/v2\/comments?post=10495"}],"version-history":[{"count":11,"href":"https:\/\/www.bonus.ca\/fr\/wp-json\/wp\/v2\/pages\/10495\/revisions"}],"predecessor-version":[{"id":26452,"href":"https:\/\/www.bonus.ca\/fr\/wp-json\/wp\/v2\/pages\/10495\/revisions\/26452"}],"wp:attachment":[{"href":"https:\/\/www.bonus.ca\/fr\/wp-json\/wp\/v2\/media?parent=10495"}],"curies":[{"name":"wp","href":"https:\/\/api.w.org\/{rel}","templated":true}]}}