{"id":10748,"date":"2020-06-17T04:16:03","date_gmt":"2020-06-17T04:16:03","guid":{"rendered":"https:\/\/www.bonus.ca\/fr\/?post_type=bookmakers&#038;p=10748"},"modified":"2026-04-02T12:48:30","modified_gmt":"2026-04-02T12:48:30","slug":"king-billy-casino","status":"publish","type":"page","link":"https:\/\/www.bonus.ca\/fr\/king-billy-casino","title":{"rendered":"King Billy Casino"},"content":{"rendered":"<h2>Avis King Billy Casino<\/h2>\n<p><strong>Bienvenue au Casino King Billy<\/strong>, le paradis ultime des jeux de hasard en ligne au Canada !<\/p>\n<p>Fond\u00e9 en 2017, ce casino en ligne de renomm\u00e9e mondiale porte le nom du l\u00e9gendaire roi bavarois, surnomm\u00e9 &#8220;King Billy.&#8221; <\/p>\n<p><strong>Le Casino King Billy est un casino en ligne lanc\u00e9 en 2017 et appartenant \u00e0 la soci\u00e9t\u00e9 N1 Dama NV.<\/strong><\/p>\n<p>Gr\u00e2ce \u00e0 son vaste \u00e9ventail de jeux et \u00e0 son atmosph\u00e8re royale, il est rapidement devenu un leader dans l&#8217;industrie du jeu en ligne au Canada. <\/p>\n<p>Avec son th\u00e8me royal et une gamme \u00e9tendue de jeux passionnants, Casino King Billy offre une exp\u00e9rience de jeu in\u00e9gal\u00e9e aux joueurs canadiens.<\/p>\n<p>[table_start]<br \/>\n[table_row column-1=&#8217;<strong>Bonus casino<\/strong>&#8216; column-2=&#8217;50 tours gratuits en bonus sans d\u00e9p\u00f4t&#8217;]<br \/>\n[table_row column-1=&#8217;<strong>Bonus total<\/strong>&#8216; column-2=&#8217;2500$ + 250 tours gratuits&#8217;]<br \/>\n[table_row column-1=&#8217;<strong>Casino mobile<\/strong>&#8216; column-2=&#8217;Oui (Android, iOS, Windows)&#8217;]<br \/>\n[table_row column-1=&#8217;<strong>R\u00e9glement\u00e9 par<\/strong>&#8216; column-2=&#8217;Autorit\u00e9 de jeu de Cura\u00e7ao&#8217;]<br \/>\n[table_row column-1=&#8217;<strong>Nombre total de jeux<\/strong>&#8216; column-2=&#8217;10 000+&#8217;]<\/p>\n<p>[table_end]<\/p>\n<div id=\"attachment_24956\" style=\"width: 1546px\" class=\"wp-caption alignnone\"><img loading=\"lazy\" decoding=\"async\" aria-describedby=\"caption-attachment-24956\" src=\"https:\/\/mediafr.bonus.ca\/images\/King-Billy-bonus.png\" alt=\"Bonus de bienvenue King Billy\" width=\"1536\" height=\"920\" class=\"size-full wp-image-24956\" srcset=\"https:\/\/mediafr.bonus.ca\/images\/King-Billy-bonus.png 1536w, https:\/\/mediafr.bonus.ca\/images\/King-Billy-bonus-300x180.png 300w, https:\/\/mediafr.bonus.ca\/images\/King-Billy-bonus-1024x613.png 1024w, https:\/\/mediafr.bonus.ca\/images\/King-Billy-bonus-1048x628.png 1048w\" sizes=\"auto, (max-width: 1536px) 100vw, 1536px\" \/><p id=\"caption-attachment-24956\" class=\"wp-caption-text\">Obtenez un bonus de bienvenue de 100% jusqu&#8217;\u00e0 2000 $ !<\/p><\/div>\n<h3>Design et interface de jeu<\/h3>\n<p>D\u00e8s votre arriv\u00e9e sur le site du casino King Billy, vous serez accueilli par une <strong>interface \u00e9l\u00e9gante et intuitive<\/strong>. <\/p>\n<p>Les couleurs somptueuses et les \u00e9l\u00e9ments graphiques royaux conf\u00e8rent au site une atmosph\u00e8re luxueuse et immersive.<\/p>\n<p>La navigation est facile, avec des sections bien organis\u00e9es, vous permettant de <strong>trouver rapidement vos jeux pr\u00e9f\u00e9r\u00e9s<\/strong> et les informations importantes.<\/p>\n<h3>Casino en fran\u00e7ais<\/h3>\n<p>Vous serez heureux d&#8217;apprendre que <strong>vous pouvez jouer au Casino King Billy en fran\u00e7ais<\/strong>. <\/p>\n<p>En effet, le site de King Billy accueille les joueurs du Qu\u00e9bec en fran\u00e7ais, ce qui rend l&#8217;exp\u00e9rience de jeu plus agr\u00e9able.<\/p>\n<p>Bien que certains joueurs pr\u00e9f\u00e8rent jouer en anglais, vous aurez le choix!<\/p>\n<h2>Bonus casino King Billy 2026<\/h2>\n<p><strong>King Billy Casino vous offre l&#8217;un des plus gros bonus casino au Canada.<\/strong> <\/p>\n<p>Le tout commence avec un bonus sans d\u00e9p\u00f4t de 50 tours gratuits. Ensuite, le bonus principal est divis\u00e9 en 4 \u00e9tapes pour un total de 2500$ et 250 tours gratuits.<\/p>\n<p>[table_start]<br \/>\n[table_head left=&#8217;<strong>Bonus King Billy<\/strong>&#8216; right=&#8221;Information&#8221;]<br \/>\n[table_row left=&#8217;<strong>Bonus sans d\u00e9p\u00f4t<\/strong>&#8216; right=&#8217;50 tours gratuits sans d\u00e9p\u00f4t&#8217;]<br \/>\n[table_row left=&#8217;<strong>Bonus total<\/strong>&#8216; right=&#8221;2500$ + 250 tours gratuits&#8221;]<br \/>\n[table_row left=&#8217;<strong>D\u00e9p\u00f4t minimum<\/strong>&#8216; right=&#8217;30$&#8217;]<br \/>\n[table_row left=&#8217;<strong>Conditions de mise<\/strong>&#8216; right=&#8217;30x&#8217;]<br \/>\n[table_row left=&#8217;<strong>Jeux avec tours gratuits<\/strong>&#8216; right=&#8217;Elvis Frog True Ways&#8217;]<br \/>\n[table_end]<\/p>\n<h3>Bonus sans d\u00e9p\u00f4t<\/h3>\n<p>Le casino en ligne King Billy offre un <a href=\"https:\/\/www.bonus.ca\/fr\/casino-bonus\/sans-depot\">bonus sans d\u00e9p\u00f4t<\/a> qui est <strong>exclusif \u00e0 notre site<\/strong>. <\/p>\n<p>Si vous r\u00e9clamez le bonus suivant notre lien, vous obtiendrez alors <strong>50 tours gratuits sans avoir \u00e0 d\u00e9poser quoi que ce soit<\/strong>. <\/p>\n<p>Gardez en t\u00eate qu&#8217;il y a une limite de gains \u00e0 50$.<\/p>\n<p><strong>Notez que vous n&#8217;avez pas besoin de code bonus pour obtenir le bonus sans d\u00e9p\u00f4t<\/strong>.<\/p>\n<div id=\"attachment_24955\" style=\"width: 1546px\" class=\"wp-caption alignnone\"><img loading=\"lazy\" decoding=\"async\" aria-describedby=\"caption-attachment-24955\" src=\"https:\/\/mediafr.bonus.ca\/images\/King-Billy-sans-depot.png\" alt=\"Bonus sans d\u00e9p\u00f4t King Billy\" width=\"1536\" height=\"920\" class=\"size-full wp-image-24955\" srcset=\"https:\/\/mediafr.bonus.ca\/images\/King-Billy-sans-depot.png 1536w, https:\/\/mediafr.bonus.ca\/images\/King-Billy-sans-depot-300x180.png 300w, https:\/\/mediafr.bonus.ca\/images\/King-Billy-sans-depot-1024x613.png 1024w, https:\/\/mediafr.bonus.ca\/images\/King-Billy-sans-depot-1048x628.png 1048w\" sizes=\"auto, (max-width: 1536px) 100vw, 1536px\" \/><p id=\"caption-attachment-24955\" class=\"wp-caption-text\">Vous pouvez profiter de notre bonus exclusif King Billy de 50 tours gratuits sans d\u00e9p\u00f4t\u202f!<\/p><\/div>\n<h3>Codes bonus<\/h3>\n<p>Vous n&#8217;aurez pas besoin de code bonus pour le bonus sans d\u00e9p\u00f4t ainsi que pour le premier d\u00e9p\u00f4t. Toutefois, <strong>vous aurez besoin de code bonus pour recevoir le bonus sur les d\u00e9p\u00f4ts 2 \u00e0 4.<\/strong><\/p>\n<ol>\n<li><strong>2e d\u00e9p\u00f4t:<\/strong> WELCOME2<\/li>\n<li><strong>3e d\u00e9p\u00f4t:<\/strong> WELCOME3<\/li>\n<li><strong>4e d\u00e9p\u00f4t:<\/strong> WELCOME4<\/li>\n<\/ol>\n<h2>Termes &#038; conditions<\/h2>\n<p>Voici plus de d\u00e9tails sur le bonus de bienvenue de KingBilly Canada. Le plaisir commence lorsqu&#8217;un joueur fait son premier d\u00e9p\u00f4t. <\/p>\n<p>Apr\u00e8s avoir votre bonus sans d\u00e9p\u00f4t, le prochain aspect de ce bonus casino est le bonus en 4 \u00e9tapes.<\/p>\n<p>Voici comment le bonus casino de King Billy est divis\u00e9 :<\/p>\n<ol>\n<li><strong>1er d\u00e9p\u00f4t:<\/strong> bonus \u00e0 100% jusqu&#8217;\u00e0 500$ + 100 tours gratuits<\/li>\n<li><strong>2e d\u00e9p\u00f4t:<\/strong> bonus \u00e0 50% jusqu&#8217;\u00e0 500$ + 50 tours gratuits<\/li>\n<li><strong>3e d\u00e9p\u00f4t<\/strong>: bonus \u00e0 25% jusqu&#8217;\u00e0 1000$<\/li>\n<li><strong>4e d\u00e9p\u00f4t:<\/strong> bonus \u00e0 75% jusqu&#8217;\u00e0 500$ + 100 tours gratuits<\/li>\n<\/ol>\n<h2>Promos et club VIP King Billy Casino<\/h2>\n<p>Il y a de nombreuses promotions en cours, comme les campagnes &#8220;<strong>Faites tourner Votre Semaine<\/strong>&#8220;. Les joueurs fid\u00e8les peuvent aussi obtenir des r\u00e9compenses de la part d&#8217;un <strong>programme VIP exclusif<\/strong>.  <\/p>\n<p>Les avantages du Club VIP peuvent prendre plusieurs formes tr\u00e8s profitables.<\/p>\n<p>Vous aurez droit \u00e0 des remises hebdomadaires et des tours gratuits apr\u00e8s les premiers \u00e9chelons.<\/p>\n<p>[table_start]<br \/>\n[table_head column-1=&#8217;<strong>Title<\/strong>&#8216; column-2=&#8217;<strong>Royal Score Needed<\/strong>&#8216; column-3=&#8217;<strong>Weekly Cashback<\/strong>&#8216;]<br \/>\n[table_row column-1=&#8217;Citizen&#8217; column-2=&#8217;20-49&#8242; column-3=&#8217;No&#8217;]<br \/>\n[table_row column-1=&#8217;Knight\/Dame&#8217; column-2=&#8217;50-249&#8242; column-3=&#8217;No&#8217;]<br \/>\n[table_row column-1=&#8217;Baronet\/Baronetess&#8217; column-2=&#8217;250-999&#8242; column-3=&#8217;Yes &#8211; 3%&#8217;]<br \/>\n[table_row column-1=&#8217;Baron\/Baroness&#8217; column-2=&#8217;1,000-2,999&#8242; column-3=&#8217;Yes &#8211; 5%&#8217;]<br \/>\n[table_row column-1=&#8217;Viscount\/Viscountess&#8217; column-2=&#8217;3,000-7,999&#8242; column-3=&#8217;Yes &#8211; 5%&#8217;]<br \/>\n[table_row column-1=&#8217;Count\/Countess&#8217; column-2=&#8217;8,000-19,999&#8242; column-3=&#8217;Yes &#8211; 6%&#8217;]<br \/>\n[table_row column-1=&#8217;Marquess\/Marchioness&#8217; column-2=&#8217;20,000-49,999&#8242; column-3=&#8217;Yes &#8211; 6%&#8217;]<br \/>\n[table_row column-1=&#8217;Duke\/Duchess&#8217; column-2=&#8217;50,000-99,999&#8242; column-3=&#8217;Yes &#8211; 7%&#8217;]<br \/>\n[table_row column-1=&#8217;Prince\/Princess&#8217; column-2=&#8217;100,000-199,999&#8242; column-3=&#8217;Yes &#8211; 9%&#8217;]<br \/>\n[table_row column-1=&#8217;King\/Queen&#8217; column-2=&#8217;200,000-\u221e&#8217; column-3=&#8217;Yes &#8211; 13%&#8217;]<br \/>\n[table_end]<\/p>\n<p>Si vous \u00eates un <strong>joueur r\u00e9gulier au casino King Billy<\/strong>, gardez un oeil attentif \u00e0 votre bo\u00eete de courriels afin de ne rien manquer des promotions VIP ou d&#8217;un bonus que pourrait vous offrir le casino King Billy.<\/p>\n<h3>Comment amasser des points <\/h3>\n<p>Vous r\u00e9coltez un point pour 1,5 $ que vous deposez. <\/p>\n<h2>Jeux de casino en ligne<\/h2>\n<p><strong>Le casino King Billy offre une incroyable s\u00e9lection de jeux de casino en ligne<\/strong>, provenant des meilleurs fournisseurs de logiciels du secteur. <\/p>\n<p>Vous y trouverez des centaines de machines \u00e0 sous vid\u00e9o passionnantes, des jeux de table classiques comme le blackjack, la roulette, le poker et le baccarat, ainsi que des options de casino en direct pour ceux qui pr\u00e9f\u00e8rent une exp\u00e9rience plus immersive.<\/p>\n<p>Une chose que nous aimons particuli\u00e8rement \u00e0 propos de la s\u00e9lection de jeux est l&#8217;interface en ligne avec laquelle il est facile de naviguer.  <\/p>\n<div id=\"attachment_16578\" style=\"width: 1546px\" class=\"wp-caption alignnone\"><img loading=\"lazy\" decoding=\"async\" aria-describedby=\"caption-attachment-16578\" src=\"https:\/\/www.bonus.ca\/fr\/images\/King-Billy-Jeux-de-casino.png\" alt=\"King Billy Jeux de casino\" width=\"1536\" height=\"920\" class=\"size-full wp-image-16578\" srcset=\"https:\/\/mediafr.bonus.ca\/images\/King-Billy-Jeux-de-casino.png 1536w, https:\/\/mediafr.bonus.ca\/images\/King-Billy-Jeux-de-casino-300x180.png 300w, https:\/\/mediafr.bonus.ca\/images\/King-Billy-Jeux-de-casino-1024x613.png 1024w, https:\/\/mediafr.bonus.ca\/images\/King-Billy-Jeux-de-casino-1048x628.png 1048w, https:\/\/mediafr.bonus.ca\/images\/King-Billy-Jeux-de-casino-90x54.png 90w\" sizes=\"auto, (max-width: 1536px) 100vw, 1536px\" \/><p id=\"caption-attachment-16578\" class=\"wp-caption-text\">Le casino en ligne King Billy offre une gigantesque s\u00e9lection de jeux vari\u00e9s auxquels vous pouvez jouer pour de l&#8217;argent r\u00e9el.<\/p><\/div>\n<h3>Machines \u00e0 s ous<\/h3>\n<p>La principale cat\u00e9gorie de jeux au casino en ligne King Billy est celle des machines \u00e0 sous, ce qui est la tendance au sein des casinos en ligne. <\/p>\n<p>Celui-ci propose <strong>10,000 jeux de casinos parmi lesquels choisir<\/strong>, et plusieurs d&#8217;entre eux sont des machines \u00e0 sous.  <\/p>\n<p>Vous d\u00e9couvrirez des titres exceptionnels tels que &#8220;<strong>Legacy of Egypt&#8221;, &#8220;Book of Dead&#8221;, &#8220;Gold Collector&#8221;, &#8220;Avalon: The Lost Kingdom&#8221; et &#8220;The Mummy&#8221;<\/strong>. <\/p>\n<p>Que vous soyez fan de l&#8217;\u00c9gypte ancienne, d&#8217;aventures fantastiques ou de films classiques, <strong>le casino King Billy a de quoi satisfaire tous les go\u00fbts<\/strong>.<\/p>\n<h3>Vid\u00e9o poker<\/h3>\n<p>Laissez-moi vous pr\u00e9senter le passionnant monde du vid\u00e9o poker que vous pouvez explorer au casino en ligne King Billy.<\/p>\n<p>Ce jeu combine les <strong>\u00e9l\u00e9ments du poker traditionnel avec l&#8217;excitation des machines \u00e0 sous<\/strong>, offrant ainsi une exp\u00e9rience unique aux joueurs.<\/p>\n<p>Au vid\u00e9o poker, vous serez confront\u00e9 \u00e0 une s\u00e9lection de <strong>variantes populaires telles que le Jacks or Better, le Deuces Wild, et le Joker Poker, parmi d&#8217;autres<\/strong>. <\/p>\n<p>Chaque variante a ses propres r\u00e8gles et strat\u00e9gies, ce qui vous permet de choisir celle qui correspond le mieux \u00e0 votre style de jeu.<\/p>\n<p><strong>Le vid\u00e9o poker est appr\u00e9ci\u00e9 pour sa simplicit\u00e9 et son potentiel de gains \u00e9lev\u00e9s<\/strong>, offrant aux joueurs la possibilit\u00e9 de former des combinaisons gagnantes avec une main de cinq cartes. <\/p>\n<p>Si vous \u00eates \u00e0 la recherche d&#8217;un jeu de casino engageant et offrant des opportunit\u00e9s de gagner gros, le vid\u00e9o poker est un excellent choix au casino King Billy. <\/p>\n<h3>Casino live<\/h3>\n<p>Un autre avantage majeur de rejoindre le casino en ligne King Billy est son vaste choix de jeux de croupier live. <\/p>\n<p>Ils ont une s\u00e9lection de jeux comprenant tout : <strong>Du blackjack et baccara jusqu&#8217;\u00e0 la roulette en ligne et au poker Hold&#8217;em live<\/strong>. <\/p>\n<p>Pour ceux qui cherchent \u00e0 jouer \u00e0 des jeux de table et \u00e0 des jeux de casino live, le casino King Billy est une option parfaite.<\/p>\n<p>Beaucoup de joueurs sont pr\u00eats \u00e0 accepter un casino qui n&#8217;a pas de section de casino live si celui-ci propose un bon bonus, mais ici, vous n&#8217;aurez jamais \u00e0 faire de compromis.  <\/p>\n<h2>Fornisseurs des Jeux<\/h2>\n<p>Les jeux sont fournis par des d\u00e9veloppeurs r\u00e9put\u00e9s tels que Pragmatic Play, Microgaming, Play&#8217;n GO, Betsoft, et bien d&#8217;autres encore, ce qui signifie que vous profiterez de graphismes, de fonctionnalit\u00e9s modernes et d&#8217;une bonne jouabilit\u00e9.<\/p>\n<p>En plus des gros noms comme Microgaming et Pragmatic Play, le casino King Billy en ligne <strong>propose des jeux provenant de plus de 60 fournisseurs<\/strong>. <\/p>\n<p>Cela signifie qu&#8217;il y a d&#8217;\u00e9normes chances que vous trouviez exactement le fournisseur de jeux de casino que vous cherchez.<\/p>\n<h2>Options bancaires<\/h2>\n<p>Pour d\u00e9poser des fonds, tout ce que vous avez \u00e0 faire est de vous connecter sur votre compte (ou d&#8217;en cr\u00e9er un si vous n&#8217;en avez pas encore) et de <strong>cliquer sur le bouton &#8220;D\u00e9poser&#8221;<\/strong> dans le coin sup\u00e9rieur droit de l&#8217;\u00e9cran.  <\/p>\n<p>\u00c0 partir de l\u00e0, <strong>s\u00e9lectionnez la m\u00e9thode de paiement d\u00e9sir\u00e9e<\/strong>, choisissez votre montant et suivez les instructions qui apparaissent \u00e0 l&#8217;\u00e9cran. <\/p>\n<p>Le casino King Billy offre des m\u00e9thodes de paiement adapt\u00e9es au canadiens, dont :<\/p>\n<p>[table_start]<br \/>\n[table_head column-1=&#8217;<strong>M\u00e9thodes bancaires<\/strong>&#8216; column-2=&#8217;<strong>Pris en charge<\/strong>&#8216;]<br \/>\n[table_row column-1=&#8217;<strong>Interac<\/strong>&#8216; column-2=&#8217;Oui&#8217;]<br \/>\n[table_row column-1=&#8217;<strong>Flexepin<\/strong>&#8216; column-2=&#8217;Oui&#8217;]<br \/>\n[table_row column-1=&#8217;<strong>Bitcoin\/Litecoin\/Ethereum\/Tether<\/strong>&#8216; column-2=&#8217;Oui&#8217;]<br \/>\n[table_end]<\/p>\n<h3>Retraits<\/h3>\n<p>Avant de pouvoir retirer vos fonds chez Billy King Casino, vous devez <strong>respecter les conditions de mise du casino King Billy<\/strong>. Une fois que vous avez rempli la condition de mise de 30x, visitez simplement votre compte de joueur et appuyez sur le bouton &#8220;Encaisser&#8221; <\/p>\n<p>Une des fonctionnalit\u00e9s les plus aim\u00e9es est l&#8217;<strong>incroyable vitesse des retraits<\/strong>. <\/p>\n<p>Alors que beaucoup de casinos ont un d\u00e9lai minimum de traitement de 48 heures, le casino King Billy traite les retraits e-wallet en aussi peu qu&#8217;une heure.<\/p>\n<h2>Casino sur mobile<\/h2>\n<p>Le Casino King Billy propose une version mobile conviviale qui permet aux joueurs de profiter de leurs jeux pr\u00e9f\u00e9r\u00e9s o\u00f9 qu&#8217;ils soient. <\/p>\n<p>Que ce soit sur un smartphone ou une tablette, l&#8217;exp\u00e9rience de jeu sur mobile offre la m\u00eame qualit\u00e9 et le m\u00eame divertissement que sur la version de bureau, avec l&#8217;avantage suppl\u00e9mentaire de la portabilit\u00e9.<\/p>\n<h3>L&#8217;accessibilit\u00e9<\/h3>\n<p>Avec la mont\u00e9e en puissance des appareils mobiles, le Casino King Billy a pris le parti de proposer une version mobile compl\u00e8te et accessible. <\/p>\n<p>Les joueurs canadiens peuvent d\u00e9sormais acc\u00e9der \u00e0 une large s\u00e9lection de jeux directement depuis leur navigateur mobile, sans avoir besoin de t\u00e9l\u00e9charger une application suppl\u00e9mentaire. <\/p>\n<p>Cela signifie que vous pouvez jouer instantan\u00e9ment, que vous soyez en d\u00e9placement, en attente d&#8217;un rendez-vous ou confortablement install\u00e9 chez vous.<\/p>\n<h2>Service \u00e0 la client<\/h2>\n<p>Le service client du Casino King Billy est \u00e0 la hauteur de son nom royal. Une \u00e9quipe d&#8217;assistance professionnelle et amicale est disponible 24 heures sur 24, 7 jours sur 7, via le chat en direct et par e-mail. <\/p>\n<p>Ils sont pr\u00eats \u00e0 r\u00e9pondre \u00e0 toutes vos questions et \u00e0 r\u00e9soudre vos probl\u00e8mes de mani\u00e8re efficace.<\/p>\n<p>[table_start]<br \/>\n[table_row column-1=&#8217;<strong>Chat en direct<\/strong>&#8216; column-2=&#8217;24\/7 &#8216;]<br \/>\n[table_row column-1=&#8217;<strong>R\u00e9seaux sociaux<\/strong>&#8216; column-2=&#8217;Facebook, Instagram, YouTube&#8217;]<br \/>\n[table_row column-1=&#8217;<strong>Email<\/strong>&#8216; column-2=&#8217;support@kingbillycasino.com&#8217;]<br \/>\n[table_end]<\/p>\n<h2>Notre avis sur King Billy Casino Canada<\/h2>\n<p>En conclusion, le Casino King Billy offre une exp\u00e9rience de jeu en ligne raffin\u00e9e et divertissante pour les joueurs canadiens.<\/p>\n<p>Avec sa vaste s\u00e9lection de jeux, ses promotions attrayantes, son service client de premier ordre et son engagement envers la s\u00e9curit\u00e9, il n&#8217;est pas \u00e9tonnant que ce casino soit devenu un favori parmi les joueurs du Canada.<\/p>\n<p>Deuxi\u00e8mement, le bonus de bienvenue est all\u00e9chant (c&#8217;est le moins qu&#8217;on puisse dire), offrant non seulement un bonus g\u00e9n\u00e9reux, mais aussi plusieurs tours gratuits, et n&#8217;oubliez pas de r\u00e9clamer le <strong>bonus sans d\u00e9p\u00f4t<\/strong>. <\/p>\n<p>Selon nous, le casino en ligne King Billy est l&#8217;un des <a href=\"https:\/\/www.bonus.ca\/fr\/casino-en-ligne\/nouveaux\">meilleurs nouveaux casinos en ligne<\/a> pour les joueurs canadiens. Il est tout \u00e0 fait logique que ce casino en ligne en argent r\u00e9el re\u00e7oive un prix prestigieux chaque ann\u00e9e depuis son d\u00e9but en 2017.<\/p>\n<h3>Verdict d\u00e9finitif<\/h3>\n<p>[table_start]<br \/>\n[table_row column-1=&#8217;<strong>Machines \u00e0 sous<\/strong>&#8216; column-2=&#8217;5\/5&#8242;]<br \/>\n[table_row column-1=&#8217;<strong>Casino en direct<\/strong>&#8216; column-2=&#8217;5\/5&#8242;]<br \/>\n[table_row column-1=&#8217;<strong>Design du site<\/strong>&#8216; column-2=&#8217;5\/5&#8242;]<br \/>\n[table_row column-1=&#8217;<strong>Options de paiement<\/strong>&#8216; column-2=&#8217;1\/5&#8242;]<br \/>\n[table_row column-1=&#8217;<strong>Service client<\/strong>&#8216; column-2=&#8217;3\/5&#8217;]<br \/>\n[table_end]<\/p>\n","protected":false},"excerpt":{"rendered":"<p>Avis King Billy Casino Bienvenue au Casino King Billy, le paradis ultime des jeux de hasard en ligne au Canada ! Fond\u00e9 en 2017, ce casino en ligne de renomm\u00e9e mondiale porte le nom du l\u00e9gendaire roi bavarois, surnomm\u00e9 &#8220;King Billy.&#8221; Le Casino King Billy est un casino en ligne lanc\u00e9 en 2017 et appartenant [&hellip;]<\/p>\n","protected":false},"author":123,"featured_media":0,"parent":0,"menu_order":0,"comment_status":"closed","ping_status":"closed","template":"","meta":{"inline_featured_image":false,"_glsr_average":0,"_glsr_ranking":0,"_glsr_reviews":0,"footnotes":""},"class_list":["post-10748","page","type-page","status-publish","hentry"],"yoast_head":"<!-- This site is optimized with the Yoast SEO plugin v27.3 - https:\/\/yoast.com\/product\/yoast-seo-wordpress\/ -->\n<title>King Billy Casino | 50 Tours Gratuits Sans D\u00e9p\u00f4t !<\/title>\n<meta name=\"description\" content=\"Le Casino King Billy est un casino en ligne appartenant \u00e0 la soci\u00e9t\u00e9 N1 Interactive Ltd | Obtenez 2500 $ + 300 tours gratuits.\" \/>\n<meta name=\"robots\" content=\"index, follow, max-snippet:-1, max-image-preview:large, max-video-preview:-1\" \/>\n<link rel=\"canonical\" href=\"https:\/\/www.bonus.ca\/fr\/king-billy-casino\" \/>\n<meta property=\"og:type\" content=\"article\" \/>\n<meta property=\"og:title\" content=\"King Billy Casino | 50 Tours Gratuits Sans D\u00e9p\u00f4t !\" \/>\n<meta property=\"og:description\" content=\"Le Casino King Billy est un casino en ligne appartenant \u00e0 la soci\u00e9t\u00e9 N1 Interactive Ltd | Obtenez 2500 $ + 300 tours gratuits.\" \/>\n<meta property=\"og:url\" content=\"https:\/\/www.bonus.ca\/fr\/king-billy-casino\" \/>\n<meta property=\"article:modified_time\" content=\"2026-04-02T12:48:30+00:00\" \/>\n<meta property=\"og:image\" content=\"https:\/\/mediafr.bonus.ca\/images\/King-Billy-bonus.png\" \/>\n\t<meta property=\"og:image:width\" content=\"1536\" \/>\n\t<meta property=\"og:image:height\" content=\"920\" \/>\n\t<meta property=\"og:image:type\" content=\"image\/png\" \/>\n<meta name=\"twitter:card\" content=\"summary_large_image\" \/>\n<meta name=\"twitter:label1\" content=\"Est. reading time\" \/>\n\t<meta name=\"twitter:data1\" content=\"9 minutes\" \/>\n<!-- \/ Yoast SEO plugin. -->","yoast_head_json":{"title":"King Billy Casino | 50 Tours Gratuits Sans D\u00e9p\u00f4t !","description":"Le Casino King Billy est un casino en ligne appartenant \u00e0 la soci\u00e9t\u00e9 N1 Interactive Ltd | Obtenez 2500 $ + 300 tours gratuits.","robots":{"index":"index","follow":"follow","max-snippet":"max-snippet:-1","max-image-preview":"max-image-preview:large","max-video-preview":"max-video-preview:-1"},"canonical":"https:\/\/www.bonus.ca\/fr\/king-billy-casino","og_type":"article","og_title":"King Billy Casino | 50 Tours Gratuits Sans D\u00e9p\u00f4t !","og_description":"Le Casino King Billy est un casino en ligne appartenant \u00e0 la soci\u00e9t\u00e9 N1 Interactive Ltd | Obtenez 2500 $ + 300 tours gratuits.","og_url":"https:\/\/www.bonus.ca\/fr\/king-billy-casino","article_modified_time":"2026-04-02T12:48:30+00:00","og_image":[{"width":1536,"height":920,"url":"https:\/\/mediafr.bonus.ca\/images\/King-Billy-bonus.png","type":"image\/png"}],"twitter_card":"summary_large_image","twitter_misc":{"Est. reading time":"9 minutes"},"schema":{"@context":"https:\/\/schema.org","@graph":[{"@type":"WebPage","@id":"https:\/\/www.bonus.ca\/fr\/king-billy-casino","url":"https:\/\/www.bonus.ca\/fr\/king-billy-casino","name":"King Billy Casino | 50 Tours Gratuits Sans D\u00e9p\u00f4t !","isPartOf":{"@id":"https:\/\/www.bonus.ca\/fr\/#website"},"primaryImageOfPage":{"@id":"https:\/\/www.bonus.ca\/fr\/king-billy-casino#primaryimage"},"image":{"@id":"https:\/\/www.bonus.ca\/fr\/king-billy-casino#primaryimage"},"thumbnailUrl":"https:\/\/mediafr.bonus.ca\/images\/King-Billy-bonus.png","datePublished":"2020-06-17T04:16:03+00:00","dateModified":"2026-04-02T12:48:30+00:00","description":"Le Casino King Billy est un casino en ligne appartenant \u00e0 la soci\u00e9t\u00e9 N1 Interactive Ltd | Obtenez 2500 $ + 300 tours gratuits.","breadcrumb":{"@id":"https:\/\/www.bonus.ca\/fr\/king-billy-casino#breadcrumb"},"inLanguage":"en-US","potentialAction":[{"@type":"ReadAction","target":["https:\/\/www.bonus.ca\/fr\/king-billy-casino"]}]},{"@type":"ImageObject","inLanguage":"en-US","@id":"https:\/\/www.bonus.ca\/fr\/king-billy-casino#primaryimage","url":"https:\/\/mediafr.bonus.ca\/images\/King-Billy-bonus.png","contentUrl":"https:\/\/mediafr.bonus.ca\/images\/King-Billy-bonus.png"},{"@type":"BreadcrumbList","@id":"https:\/\/www.bonus.ca\/fr\/king-billy-casino#breadcrumb","itemListElement":[{"@type":"ListItem","position":1,"name":"Home","item":"https:\/\/www.bonus.ca\/fr\/"},{"@type":"ListItem","position":2,"name":"King Billy Casino"}]},{"@type":"WebSite","@id":"https:\/\/www.bonus.ca\/fr\/#website","url":"https:\/\/www.bonus.ca\/fr\/","name":"BonusFinder Canada (Fran\u00e7ais)","description":"La source de bonus n\u00b0 1 au Canada","potentialAction":[{"@type":"SearchAction","target":{"@type":"EntryPoint","urlTemplate":"https:\/\/www.bonus.ca\/fr\/?s={search_term_string}"},"query-input":{"@type":"PropertyValueSpecification","valueRequired":true,"valueName":"search_term_string"}}],"inLanguage":"en-US"}]}},"_links":{"self":[{"href":"https:\/\/www.bonus.ca\/fr\/wp-json\/wp\/v2\/pages\/10748","targetHints":{"allow":["GET"]}}],"collection":[{"href":"https:\/\/www.bonus.ca\/fr\/wp-json\/wp\/v2\/pages"}],"about":[{"href":"https:\/\/www.bonus.ca\/fr\/wp-json\/wp\/v2\/types\/page"}],"author":[{"embeddable":true,"href":"https:\/\/www.bonus.ca\/fr\/wp-json\/wp\/v2\/users\/123"}],"replies":[{"embeddable":true,"href":"https:\/\/www.bonus.ca\/fr\/wp-json\/wp\/v2\/comments?post=10748"}],"version-history":[{"count":11,"href":"https:\/\/www.bonus.ca\/fr\/wp-json\/wp\/v2\/pages\/10748\/revisions"}],"predecessor-version":[{"id":26471,"href":"https:\/\/www.bonus.ca\/fr\/wp-json\/wp\/v2\/pages\/10748\/revisions\/26471"}],"wp:attachment":[{"href":"https:\/\/www.bonus.ca\/fr\/wp-json\/wp\/v2\/media?parent=10748"}],"curies":[{"name":"wp","href":"https:\/\/api.w.org\/{rel}","templated":true}]}}