{"id":10800,"date":"2020-06-20T11:58:03","date_gmt":"2020-06-20T11:58:03","guid":{"rendered":"https:\/\/www.bonus.ca\/fr\/?page_id=10800"},"modified":"2025-05-19T14:29:44","modified_gmt":"2025-05-19T14:29:44","slug":"contact","status":"publish","type":"page","link":"https:\/\/www.bonus.ca\/fr\/a-propos\/contact","title":{"rendered":"Contactez-nous"},"content":{"rendered":"<p>L&#8217;\u00e9quipe BonusFinder adore recevoir du feedback de ses lecteurs. Si vous pensez que nous devrions ajouter une section sur notre site, ou si vous trouvez une erreur nous sommes toujours pr\u00eats \u00e0 am\u00e9liorer notre site. Et si vous voulez simplement nous envoyer vos compliments, faites-le.<\/p>\n\n<div class=\"wpcf7 no-js\" id=\"wpcf7-f10839-o1\" lang=\"en-US\" dir=\"ltr\" data-wpcf7-id=\"10839\">\n<div class=\"screen-reader-response\"><p role=\"status\" aria-live=\"polite\" aria-atomic=\"true\"><\/p> <ul><\/ul><\/div>\n<form action=\"\/fr\/wp-json\/wp\/v2\/pages\/10800#wpcf7-f10839-o1\" method=\"post\" class=\"wpcf7-form init\" aria-label=\"Contact form\" novalidate=\"novalidate\" data-status=\"init\">\n<fieldset class=\"hidden-fields-container\"><input type=\"hidden\" name=\"_wpcf7\" value=\"10839\" \/><input type=\"hidden\" name=\"_wpcf7_version\" value=\"6.1.5\" \/><input type=\"hidden\" name=\"_wpcf7_locale\" value=\"en_US\" \/><input type=\"hidden\" name=\"_wpcf7_unit_tag\" value=\"wpcf7-f10839-o1\" \/><input type=\"hidden\" name=\"_wpcf7_container_post\" value=\"0\" \/><input type=\"hidden\" name=\"_wpcf7_posted_data_hash\" value=\"\" \/><input type=\"hidden\" name=\"_wpcf7_recaptcha_response\" value=\"\" \/>\n<\/fieldset>\n<div class=\"row first-name\">\n\t<div class=\"label\">\n\t\t<p>Pr\u00e9nom\n\t\t<\/p>\n\t<\/div>\n\t<div class=\"field\">\n\t\t<p><span class=\"wpcf7-form-control-wrap\" data-name=\"first-name\"><input size=\"40\" maxlength=\"400\" class=\"wpcf7-form-control wpcf7-text wpcf7-validates-as-required\" aria-required=\"true\" aria-invalid=\"false\" value=\"\" type=\"text\" name=\"first-name\" \/><\/span>\n\t\t<\/p>\n\t<\/div>\n<\/div>\n<div class=\"row last-name\">\n\t<div class=\"label\">\n\t\t<p>Nom de famille\n\t\t<\/p>\n\t<\/div>\n\t<div class=\"field\">\n\t\t<p><span class=\"wpcf7-form-control-wrap\" data-name=\"last-name\"><input size=\"40\" maxlength=\"400\" class=\"wpcf7-form-control wpcf7-text wpcf7-validates-as-required\" aria-required=\"true\" aria-invalid=\"false\" value=\"\" type=\"text\" name=\"last-name\" \/><\/span>\n\t\t<\/p>\n\t<\/div>\n<\/div>\n<div class=\"row email\">\n\t<div class=\"label\">\n\t\t<p>Adresse \u00e9lectronique\n\t\t<\/p>\n\t<\/div>\n\t<div class=\"field\">\n\t\t<p><span class=\"wpcf7-form-control-wrap\" data-name=\"your-email\"><input size=\"40\" maxlength=\"400\" class=\"wpcf7-form-control wpcf7-email wpcf7-validates-as-required wpcf7-text wpcf7-validates-as-email\" aria-required=\"true\" aria-invalid=\"false\" value=\"\" type=\"email\" name=\"your-email\" \/><\/span>\n\t\t<\/p>\n\t<\/div>\n<\/div>\n<div class=\"row subject\">\n\t<div class=\"label\">\n\t\t<p>Sujet\n\t\t<\/p>\n\t<\/div>\n\t<div class=\"field\">\n\t\t<p><span class=\"wpcf7-form-control-wrap\" data-name=\"subject\"><input size=\"40\" maxlength=\"400\" class=\"wpcf7-form-control wpcf7-text wpcf7-validates-as-required\" aria-required=\"true\" aria-invalid=\"false\" value=\"\" type=\"text\" name=\"subject\" \/><\/span>\n\t\t<\/p>\n\t<\/div>\n<\/div>\n<div class=\"row text\">\n\t<div class=\"label\">\n\t\t<p>Message\n\t\t<\/p>\n\t<\/div>\n\t<div class=\"field\">\n\t\t<p><span class=\"wpcf7-form-control-wrap\" data-name=\"your-message\"><textarea cols=\"40\" rows=\"4\" maxlength=\"2000\" class=\"wpcf7-form-control wpcf7-textarea\" aria-invalid=\"false\" name=\"your-message\"><\/textarea><\/span>\n\t\t<\/p>\n\t<\/div>\n<\/div>\n<div class=\"submit\">\n\t<p><input class=\"wpcf7-form-control wpcf7-submit has-spinner\" type=\"submit\" value=\"Envoyez le message\" \/>\n\t<\/p>\n<\/div><div class=\"wpcf7-response-output\" aria-hidden=\"true\"><\/div>\n<\/form>\n<\/div>\n\n","protected":false},"excerpt":{"rendered":"<p>L&#8217;\u00e9quipe BonusFinder adore recevoir du feedback de ses lecteurs. Si vous pensez que nous devrions ajouter une section sur notre site, ou si vous trouvez une erreur nous sommes toujours pr\u00eats \u00e0 am\u00e9liorer notre site. Et si vous voulez simplement nous envoyer vos compliments, faites-le.<\/p>\n","protected":false},"author":123,"featured_media":0,"parent":10798,"menu_order":0,"comment_status":"closed","ping_status":"closed","template":"","meta":{"inline_featured_image":false,"_glsr_average":0,"_glsr_ranking":0,"_glsr_reviews":0,"footnotes":""},"class_list":["post-10800","page","type-page","status-publish","hentry"],"yoast_head":"<!-- This site is optimized with the Yoast SEO plugin v27.4 - https:\/\/yoast.com\/product\/yoast-seo-wordpress\/ -->\n<title>Contactez-nous - BonusFinder<\/title>\n<meta name=\"description\" content=\"L\u2019\u00e9quipe BonusFinder adore recevoir du feedback de ses lecteurs. Si vous pensez que nous devrions ajouter une section sur notre site ou si vous voulez simplement nous envoyer vos compliments, faites-le.\" \/>\n<meta name=\"robots\" content=\"index, follow, max-snippet:-1, max-image-preview:large, max-video-preview:-1\" \/>\n<link rel=\"canonical\" href=\"https:\/\/www.bonus.ca\/fr\/a-propos\/contact\" \/>\n<meta property=\"og:type\" content=\"article\" \/>\n<meta property=\"og:title\" content=\"Contactez-nous - BonusFinder\" \/>\n<meta property=\"og:description\" content=\"L\u2019\u00e9quipe BonusFinder adore recevoir du feedback de ses lecteurs. Si vous pensez que nous devrions ajouter une section sur notre site ou si vous voulez simplement nous envoyer vos compliments, faites-le.\" \/>\n<meta property=\"og:url\" content=\"https:\/\/www.bonus.ca\/fr\/a-propos\/contact\" \/>\n<meta property=\"article:published_time\" content=\"2020-06-20T11:58:03+00:00\" \/>\n<meta property=\"article:modified_time\" content=\"2025-05-19T14:29:44+00:00\" \/>\n<meta name=\"twitter:card\" content=\"summary_large_image\" \/>\n<meta name=\"twitter:label1\" content=\"Est. reading time\" \/>\n\t<meta name=\"twitter:data1\" content=\"1 minute\" \/>\n<!-- \/ Yoast SEO plugin. -->","yoast_head_json":{"title":"Contactez-nous - BonusFinder","description":"L\u2019\u00e9quipe BonusFinder adore recevoir du feedback de ses lecteurs. Si vous pensez que nous devrions ajouter une section sur notre site ou si vous voulez simplement nous envoyer vos compliments, faites-le.","robots":{"index":"index","follow":"follow","max-snippet":"max-snippet:-1","max-image-preview":"max-image-preview:large","max-video-preview":"max-video-preview:-1"},"canonical":"https:\/\/www.bonus.ca\/fr\/a-propos\/contact","og_type":"article","og_title":"Contactez-nous - BonusFinder","og_description":"L\u2019\u00e9quipe BonusFinder adore recevoir du feedback de ses lecteurs. Si vous pensez que nous devrions ajouter une section sur notre site ou si vous voulez simplement nous envoyer vos compliments, faites-le.","og_url":"https:\/\/www.bonus.ca\/fr\/a-propos\/contact","article_published_time":"2020-06-20T11:58:03+00:00","article_modified_time":"2025-05-19T14:29:44+00:00","twitter_card":"summary_large_image","twitter_misc":{"Est. reading time":"1 minute"},"schema":{"@context":"https:\/\/schema.org","@graph":[{"@type":"WebPage","@id":"https:\/\/www.bonus.ca\/fr\/a-propos\/contact","url":"https:\/\/www.bonus.ca\/fr\/a-propos\/contact","name":"Contactez-nous - BonusFinder","isPartOf":{"@id":"https:\/\/www.bonus.ca\/fr\/#website"},"datePublished":"2020-06-20T11:58:03+00:00","dateModified":"2025-05-19T14:29:44+00:00","description":"L\u2019\u00e9quipe BonusFinder adore recevoir du feedback de ses lecteurs. Si vous pensez que nous devrions ajouter une section sur notre site ou si vous voulez simplement nous envoyer vos compliments, faites-le.","breadcrumb":{"@id":"https:\/\/www.bonus.ca\/fr\/a-propos\/contact#breadcrumb"},"inLanguage":"en-US","potentialAction":[{"@type":"ReadAction","target":["https:\/\/www.bonus.ca\/fr\/a-propos\/contact"]}]},{"@type":"BreadcrumbList","@id":"https:\/\/www.bonus.ca\/fr\/a-propos\/contact#breadcrumb","itemListElement":[{"@type":"ListItem","position":1,"name":"Home","item":"https:\/\/www.bonus.ca\/fr\/"},{"@type":"ListItem","position":2,"name":"\u00c0 propos","item":"https:\/\/www.bonus.ca\/fr\/a-propos"},{"@type":"ListItem","position":3,"name":"Contactez-nous"}]},{"@type":"WebSite","@id":"https:\/\/www.bonus.ca\/fr\/#website","url":"https:\/\/www.bonus.ca\/fr\/","name":"BonusFinder Canada (Fran\u00e7ais)","description":"La source de bonus n\u00b0 1 au Canada","potentialAction":[{"@type":"SearchAction","target":{"@type":"EntryPoint","urlTemplate":"https:\/\/www.bonus.ca\/fr\/?s={search_term_string}"},"query-input":{"@type":"PropertyValueSpecification","valueRequired":true,"valueName":"search_term_string"}}],"inLanguage":"en-US"}]}},"_links":{"self":[{"href":"https:\/\/www.bonus.ca\/fr\/wp-json\/wp\/v2\/pages\/10800","targetHints":{"allow":["GET"]}}],"collection":[{"href":"https:\/\/www.bonus.ca\/fr\/wp-json\/wp\/v2\/pages"}],"about":[{"href":"https:\/\/www.bonus.ca\/fr\/wp-json\/wp\/v2\/types\/page"}],"author":[{"embeddable":true,"href":"https:\/\/www.bonus.ca\/fr\/wp-json\/wp\/v2\/users\/123"}],"replies":[{"embeddable":true,"href":"https:\/\/www.bonus.ca\/fr\/wp-json\/wp\/v2\/comments?post=10800"}],"version-history":[{"count":10,"href":"https:\/\/www.bonus.ca\/fr\/wp-json\/wp\/v2\/pages\/10800\/revisions"}],"predecessor-version":[{"id":24712,"href":"https:\/\/www.bonus.ca\/fr\/wp-json\/wp\/v2\/pages\/10800\/revisions\/24712"}],"up":[{"embeddable":true,"href":"https:\/\/www.bonus.ca\/fr\/wp-json\/wp\/v2\/pages\/10798"}],"wp:attachment":[{"href":"https:\/\/www.bonus.ca\/fr\/wp-json\/wp\/v2\/media?parent=10800"}],"curies":[{"name":"wp","href":"https:\/\/api.w.org\/{rel}","templated":true}]}}