{"id":10892,"date":"2020-07-02T18:19:50","date_gmt":"2020-07-02T18:19:50","guid":{"rendered":"https:\/\/www.bonus.ca\/fr\/?page_id=10892"},"modified":"2025-05-05T13:59:14","modified_gmt":"2025-05-05T13:59:14","slug":"auteurs","status":"publish","type":"page","link":"https:\/\/www.bonus.ca\/fr\/a-propos\/auteurs","title":{"rendered":"Auteurs"},"content":{"rendered":"","protected":false},"excerpt":{"rendered":"","protected":false},"author":67,"featured_media":0,"parent":10798,"menu_order":0,"comment_status":"closed","ping_status":"closed","template":"","meta":{"inline_featured_image":false,"_glsr_average":0,"_glsr_ranking":0,"_glsr_reviews":0,"footnotes":""},"class_list":["post-10892","page","type-page","status-publish","hentry"],"yoast_head":"<!-- This site is optimized with the Yoast SEO plugin v27.4 - https:\/\/yoast.com\/product\/yoast-seo-wordpress\/ -->\n<title>Auteurs - BonusFinder Canada<\/title>\n<meta name=\"description\" content=\"Rencontrez les experts de BonusFinder : anciens joueurs professionnels et sp\u00e9cialistes du jeu en ligne qui testent et \u00e9valuent chaque casino en toute ind\u00e9pendance.\" \/>\n<meta name=\"robots\" content=\"index, follow, max-snippet:-1, max-image-preview:large, max-video-preview:-1\" \/>\n<link rel=\"canonical\" href=\"https:\/\/www.bonus.ca\/fr\/a-propos\/auteurs\" \/>\n<meta property=\"og:type\" content=\"article\" \/>\n<meta property=\"og:title\" content=\"Auteurs - BonusFinder Canada\" \/>\n<meta property=\"og:description\" content=\"Rencontrez les experts de BonusFinder : anciens joueurs professionnels et sp\u00e9cialistes du jeu en ligne qui testent et \u00e9valuent chaque casino en toute ind\u00e9pendance.\" \/>\n<meta property=\"og:url\" content=\"https:\/\/www.bonus.ca\/fr\/a-propos\/auteurs\" \/>\n<meta property=\"article:published_time\" content=\"2020-07-02T18:19:50+00:00\" \/>\n<meta property=\"article:modified_time\" content=\"2025-05-05T13:59:14+00:00\" \/>\n<meta name=\"twitter:card\" content=\"summary_large_image\" \/>\n<!-- \/ Yoast SEO plugin. -->","yoast_head_json":{"title":"Auteurs - BonusFinder Canada","description":"Rencontrez les experts de BonusFinder : anciens joueurs professionnels et sp\u00e9cialistes du jeu en ligne qui testent et \u00e9valuent chaque casino en toute ind\u00e9pendance.","robots":{"index":"index","follow":"follow","max-snippet":"max-snippet:-1","max-image-preview":"max-image-preview:large","max-video-preview":"max-video-preview:-1"},"canonical":"https:\/\/www.bonus.ca\/fr\/a-propos\/auteurs","og_type":"article","og_title":"Auteurs - BonusFinder Canada","og_description":"Rencontrez les experts de BonusFinder : anciens joueurs professionnels et sp\u00e9cialistes du jeu en ligne qui testent et \u00e9valuent chaque casino en toute ind\u00e9pendance.","og_url":"https:\/\/www.bonus.ca\/fr\/a-propos\/auteurs","article_published_time":"2020-07-02T18:19:50+00:00","article_modified_time":"2025-05-05T13:59:14+00:00","twitter_card":"summary_large_image","schema":{"@context":"https:\/\/schema.org","@graph":[{"@type":"WebPage","@id":"https:\/\/www.bonus.ca\/fr\/a-propos\/auteurs","url":"https:\/\/www.bonus.ca\/fr\/a-propos\/auteurs","name":"Auteurs - BonusFinder Canada","isPartOf":{"@id":"https:\/\/www.bonus.ca\/fr\/#website"},"datePublished":"2020-07-02T18:19:50+00:00","dateModified":"2025-05-05T13:59:14+00:00","description":"Rencontrez les experts de BonusFinder : anciens joueurs professionnels et sp\u00e9cialistes du jeu en ligne qui testent et \u00e9valuent chaque casino en toute ind\u00e9pendance.","breadcrumb":{"@id":"https:\/\/www.bonus.ca\/fr\/a-propos\/auteurs#breadcrumb"},"inLanguage":"en-US","potentialAction":[{"@type":"ReadAction","target":["https:\/\/www.bonus.ca\/fr\/a-propos\/auteurs"]}]},{"@type":"BreadcrumbList","@id":"https:\/\/www.bonus.ca\/fr\/a-propos\/auteurs#breadcrumb","itemListElement":[{"@type":"ListItem","position":1,"name":"Home","item":"https:\/\/www.bonus.ca\/fr\/"},{"@type":"ListItem","position":2,"name":"\u00c0 propos","item":"https:\/\/www.bonus.ca\/fr\/a-propos"},{"@type":"ListItem","position":3,"name":"Auteurs"}]},{"@type":"WebSite","@id":"https:\/\/www.bonus.ca\/fr\/#website","url":"https:\/\/www.bonus.ca\/fr\/","name":"BonusFinder Canada (Fran\u00e7ais)","description":"La source de bonus n\u00b0 1 au Canada","potentialAction":[{"@type":"SearchAction","target":{"@type":"EntryPoint","urlTemplate":"https:\/\/www.bonus.ca\/fr\/?s={search_term_string}"},"query-input":{"@type":"PropertyValueSpecification","valueRequired":true,"valueName":"search_term_string"}}],"inLanguage":"en-US"}]}},"_links":{"self":[{"href":"https:\/\/www.bonus.ca\/fr\/wp-json\/wp\/v2\/pages\/10892","targetHints":{"allow":["GET"]}}],"collection":[{"href":"https:\/\/www.bonus.ca\/fr\/wp-json\/wp\/v2\/pages"}],"about":[{"href":"https:\/\/www.bonus.ca\/fr\/wp-json\/wp\/v2\/types\/page"}],"author":[{"embeddable":true,"href":"https:\/\/www.bonus.ca\/fr\/wp-json\/wp\/v2\/users\/67"}],"replies":[{"embeddable":true,"href":"https:\/\/www.bonus.ca\/fr\/wp-json\/wp\/v2\/comments?post=10892"}],"version-history":[{"count":10,"href":"https:\/\/www.bonus.ca\/fr\/wp-json\/wp\/v2\/pages\/10892\/revisions"}],"predecessor-version":[{"id":18167,"href":"https:\/\/www.bonus.ca\/fr\/wp-json\/wp\/v2\/pages\/10892\/revisions\/18167"}],"up":[{"embeddable":true,"href":"https:\/\/www.bonus.ca\/fr\/wp-json\/wp\/v2\/pages\/10798"}],"wp:attachment":[{"href":"https:\/\/www.bonus.ca\/fr\/wp-json\/wp\/v2\/media?parent=10892"}],"curies":[{"name":"wp","href":"https:\/\/api.w.org\/{rel}","templated":true}]}}