{"id":11010,"date":"2020-07-31T07:33:08","date_gmt":"2020-07-31T07:33:08","guid":{"rendered":"https:\/\/www.bonus.ca\/fr\/?post_type=bookmakers&#038;p=11010"},"modified":"2026-04-02T12:34:19","modified_gmt":"2026-04-02T12:34:19","slug":"justspin-casino","status":"publish","type":"page","link":"https:\/\/www.bonus.ca\/fr\/justspin-casino","title":{"rendered":"JustSpin Casino"},"content":{"rendered":"<h2>Just Spin<\/h2>\n<p>JustSpin Casino est un <a href=\"https:\/\/www.bonus.ca\/fr\/casino-en-ligne\/nouveaux\">nouveau casino en ligne<\/a> color\u00e9 qui a beaucoup de qualit\u00e9s.  <\/p>\n<div id=\"attachment_16939\" style=\"width: 1546px\" class=\"wp-caption alignnone\"><img loading=\"lazy\" decoding=\"async\" aria-describedby=\"caption-attachment-16939\" src=\"https:\/\/mediafr.bonus.ca\/images\/Logo-Just-Spin.png\" alt=\"just spin casino en ligne \" width=\"1536\" height=\"920\" class=\"size-full wp-image-16939\" srcset=\"https:\/\/mediafr.bonus.ca\/images\/Logo-Just-Spin.png 1536w, https:\/\/mediafr.bonus.ca\/images\/Logo-Just-Spin-300x180.png 300w, https:\/\/mediafr.bonus.ca\/images\/Logo-Just-Spin-1024x613.png 1024w, https:\/\/mediafr.bonus.ca\/images\/Logo-Just-Spin-1048x628.png 1048w, https:\/\/mediafr.bonus.ca\/images\/Logo-Just-Spin-90x54.png 90w\" sizes=\"auto, (max-width: 1536px) 100vw, 1536px\" \/><p id=\"caption-attachment-16939\" class=\"wp-caption-text\">Le bonus casino JustSpin est g\u00e9n\u00e9reux envers les nouveaux joueurs canadiens.  Vous obtiendrez un bonus jusqu&#8217;\u00e0 500$ + 500 tours gratuits.<\/p><\/div>\n<p>En plus de compter dans ses rangs les meneurs de l&#8217;industrie des d\u00e9veloppeurs de logiciels, c&#8217;est le <a href=\"https:\/\/www.bonus.ca\/fr\/\">casino en ligne<\/a> parfait pour r\u00e9clamer un bonus de bienvenue g\u00e9n\u00e9reux.<\/p>\n<p>[table_start]<br \/>\n[table_row column-1=&#8217;<strong>Bonus de Bienvenue<\/strong>&#8216; column-2=&#8217;500$ + 500 Tours Gratuits&#8217;]<br \/>\n[table_row column-1=&#8217;<strong>D\u00e9p\u00f4t Minimum<\/strong>&#8216; column-2=&#8217;10$&#8217;]<br \/>\n[table_row column-1=&#8217;<strong>Casino Mobile<\/strong>&#8216; column-2=&#8217;Oui (Android, iOS, Windows)&#8217;]<br \/>\n[table_row column-1=&#8217;<strong>Jeux<\/strong>&#8216; column-2=&#8217;700+&#8217;]<br \/>\n[table_row column-1=&#8217;<strong>Licence<\/strong>&#8216; column-2=&#8217;Malta Gaming Authority&#8217;]<br \/>\n[table_end]<\/p>\n<p>Une des devises du casino JustSpin est &#8220;le divertissement ne s&#8217;arr\u00eate jamais&#8221;, ce qui n&#8217;est pas si loin consid\u00e9rant le nombre impressionnant de jeux offerts, des machines \u00e0 sous jusqu&#8217;au poker vid\u00e9o, en passant par les jeux de table et le casino live.  <\/p>\n<p>Ce ne sont que quelques unes des choses que les joueurs canadiens aiment \u00e0 propos du casino JustSpin.  La motivation principale d&#8217;ouvrir un compte au casino JustSpin est l&#8217;offre de bonus, alors commen\u00e7ons par parler de cela.<\/p>\n<h3>Casino en fran\u00e7ais<\/h3>\n<p>Les joueurs canadiens seront heureux de savoir que SpinCasino est disponible en fran\u00e7ais. Une fois que vous avez cliqu\u00e9 sur le bouton vert, vous serez redirig\u00e9 vers la page officielle du casino, o\u00f9 vous pourrez vous inscrire. L&#8217;inscription sera en anglais, mais il vous suffira de changer la langue en bas de la page dans la section &#8220;Langues&#8221; pour continuer en fran\u00e7ais.<\/p>\n<h2>JustSpin Casino Bonus<\/h2>\n<p>D&#8217;abord, tous les nouveaux joueurs re\u00e7oivent 100 tours gratuits \u00e0 l&#8217;inscription sans avoir \u00e0 faire de d\u00e9p\u00f4t!  Apr\u00e8s cela, vous pouvez r\u00e9clamer un bonus \u00e0 100% jusqu&#8217;\u00e0 100$, en plus de 600 tours gratuits sur Super Joker.  Vous recevrez 10 tours gratuits par jour pendant 60 jours. <\/p>\n<p>[table_start]<br \/>\n[table_head left=&#8217;<strong>Casino JustSpin<\/strong>&#8216; right=&#8217;<strong>Termes &#038; Conditions<\/strong>&#8216;]<br \/>\n[table_row left=&#8217;<strong>Bonus Bienvenue<\/strong>&#8216; right=&#8221;Jusqu&#8217;\u00e0 500$ + 500 tours gratuits&#8221;]<br \/>\n[table_row left=&#8217;<strong>Jeux pour les tours gratuits<\/strong>&#8216; right=&#8217;Super Joker&#8217;]<br \/>\n[table_row left=&#8217;<strong>Bonus sur le 1er d\u00e9p\u00f4t<\/strong>&#8216; right=&#8221;\u00c9quivalence \u00e0 100% jusqu&#8217;\u00e0 100$ + 500 tours gratuits&#8221;]<br \/>\n[table_row left=&#8217;<strong>D\u00e9p\u00f4t minimum<\/strong>&#8216; right=&#8217;10$&#8217;]<br \/>\n[table_row left=&#8217;<strong>Condition de mise<\/strong>&#8216; right=&#8217;50x&#8217;]<br \/>\n[table_end]<\/p>\n<p>Avec un potentiel de 500$ en fonds bonus pour vous accueillir et 500 tours gratuits, il est difficile de passer \u00e0 c\u00f4t\u00e9 du bonus de bienvenue du casino JustSpin.  Vous devrez faire quatre d\u00e9p\u00f4ts pour en r\u00e9clamer la totalit\u00e9, mais m\u00eame si vous voulez vous limiter \u00e0 un seul d\u00e9p\u00f4t, ce bonus vaut quand m\u00eame la peine. <\/p>\n<h3>Just Spin Bonus Sans D\u00e9p\u00f4t<\/h3>\n<p>Pr\u00e9sentement, le casino en ligne JustSpin n&#8217;offre plus de bonus sans d\u00e9p\u00f4t (no deposit bonus). Nous allons vous tenir au courant si jamais leur offre de bonus sans d\u00e9p\u00f4t revient.<\/p>\n<h3>JustSpin Bonus de Bienvenue<\/h3>\n<p>Une fois que vous avez utilis\u00e9 tous vos tours gratuits sur Super Joker, vous devrez faire votre premier d\u00e9p\u00f4t pour commencer \u00e0 r\u00e9clamer le reste de votre bonus de bienvenue.  Le montant total du bonus du casino JustSpin est s\u00e9par\u00e9 en quatre parties.  En d\u00e9posant le montant complet pour chacun des d\u00e9p\u00f4ts, vous aurez droit \u00e0 500$ en fonds bonus.<\/p>\n<p>Voici ce que vous devez savoir \u00e0 propos du bonus: <\/p>\n<ul>\n<li><strong>Premier d\u00e9p\u00f4t:<\/strong> Bonus \u00e0 100% jusqu&#8217;\u00e0 100$ + 600 tours gratuits* (Utilisez BONUS1)<\/li>\n<li><strong>Deuxi\u00e8me d\u00e9p\u00f4t:<\/strong> Bonus \u00e0 50% jusqu&#8217;\u00e0 150$ (Utilisez BONUS2)<\/li>\n<li><strong>Troisi\u00e8me d\u00e9p\u00f4t:<\/strong> Bonus \u00e0 50% jusqu&#8217;\u00e0 150$ (Utilisez BONUS3)<\/li>\n<li><strong>Quatri\u00e8me d\u00e9p\u00f4t:<\/strong> Bonus \u00e0 100% jusqu&#8217;\u00e0 100$ (Utilisez BONUS4)<\/li>\n<\/ul>\n<div id=\"attachment_16940\" style=\"width: 1546px\" class=\"wp-caption alignnone\"><img loading=\"lazy\" decoding=\"async\" aria-describedby=\"caption-attachment-16940\" src=\"https:\/\/mediafr.bonus.ca\/images\/tours-gratuits-Just-Spin.png\" alt=\"just spin tours gratuits\" width=\"1536\" height=\"920\" class=\"size-full wp-image-16940\" srcset=\"https:\/\/mediafr.bonus.ca\/images\/tours-gratuits-Just-Spin.png 1536w, https:\/\/mediafr.bonus.ca\/images\/tours-gratuits-Just-Spin-300x180.png 300w, https:\/\/mediafr.bonus.ca\/images\/tours-gratuits-Just-Spin-1024x613.png 1024w, https:\/\/mediafr.bonus.ca\/images\/tours-gratuits-Just-Spin-1048x628.png 1048w, https:\/\/mediafr.bonus.ca\/images\/tours-gratuits-Just-Spin-90x54.png 90w\" sizes=\"auto, (max-width: 1536px) 100vw, 1536px\" \/><p id=\"caption-attachment-16940\" class=\"wp-caption-text\">Les tours gratuits offerts avec le premier d\u00e9p\u00f4t sont disponibles sur la machine \u00e0 sous vid\u00e9o Super Joker.<\/p><\/div>\n<h2>Termes et Conditions<\/h2>\n<p>Lorsque vous avez \u00e0 la fois de l&#8217;argent r\u00e9el et de l&#8217;argent bonus dans votre compte, vous utiliserez votre argent r\u00e9el d&#8217;abord lorsque vous commencerez \u00e0 jouer.<\/p>\n<p>Les offres de bonus sont valides pour les nouveaux joueurs qui n&#8217;ont jamais r\u00e9clam\u00e9 de bonus de bienvenue au casino JustSpin auparavant.  Aussi, prenez note que cette offre n&#8217;est pas valide pour les d\u00e9p\u00f4ts faits avec Skrill, Neteller ou Paysafecard.<\/p>\n<h3>Conditions de Mise<\/h3>\n<p><strong>Les conditions de mise de 50x du casino JustSpin<\/strong> sont dans la moyenne pour les casinos en ligne.  \u00c0 part devoir miser vos fonds bonus 50 fois avant d&#8217;\u00eatre en mesure de les retirer, un autre terme pr\u00e9cise que vous devez utiliser vos fonds bonus dans un d\u00e9lai de 21 jours, si non vous perdrez le bonus.  <\/p>\n<p><strong>La mise maximum par tour de machine \u00e0 sous est de 3$ lorsque vous jouez avec des fonds bonus.<\/strong><\/p>\n<p><img loading=\"lazy\" decoding=\"async\" src=\"https:\/\/mediafr.bonus.ca\/images\/Just-Spin-Logo.png\" alt=\"Logo JustSpin \" width=\"1536\" height=\"920\" class=\"alignnone size-full wp-image-16938\" srcset=\"https:\/\/mediafr.bonus.ca\/images\/Just-Spin-Logo.png 1536w, https:\/\/mediafr.bonus.ca\/images\/Just-Spin-Logo-300x180.png 300w, https:\/\/mediafr.bonus.ca\/images\/Just-Spin-Logo-1024x613.png 1024w, https:\/\/mediafr.bonus.ca\/images\/Just-Spin-Logo-1048x628.png 1048w, https:\/\/mediafr.bonus.ca\/images\/Just-Spin-Logo-90x54.png 90w\" sizes=\"auto, (max-width: 1536px) 100vw, 1536px\" \/><\/p>\n<h2>JustSpin Promotions<\/h2>\n<p>Visitez simplement la page des bonus et offres promotionnelles au casino JustSpin et vous verrez d\u00e8s le d\u00e9but que ce casino n&#8217;a pas peur de donner des cadeaux.  Voici quelques unes des promotions en cours au casino JustSpin: <\/p>\n<ul>\n<li><strong>Remise de prix et de r\u00e9compenses<\/strong>: Cette promo consiste \u00e0 offrir des prix sur les jeux de Pragmatic Play \u00e0 partir d&#8217;un bassin de 1,5 millions de dollars.  Si les dieux du casino sont de votre c\u00f4t\u00e9, cette promotion vous offre une chance de plus de gagner de l&#8217;argent lorsque vous jouez au casino JustSpin. <\/li>\n<li><strong>125 tours gratuits aux nouveaux joueurs<\/strong>: En plus du bonus en tours gratuits, les nouveaux joueurs peuvent \u00e9galement r\u00e9clamer ce bonus exclusif: 125 tours gratuits sur la machine \u00e0 sous Piggy Riches. <\/li>\n<li><strong>La promo &#8220;Weekly Cash Explosion&#8221;<\/strong>: Cette promo implique des tournois avec une cagnotte de 25 000$ qui saura garder les joueurs occup\u00e9s toutes les semaines.  Vous commencerez par jouer au jeu d\u00e9sign\u00e9 chaque semaine. Si vous obtenez la valeur de tour la plus \u00e9lev\u00e9e, vous gagnerez votre part de la cagnotte de 25 000$. <\/li>\n<li><strong>Les weekends 2&#215;20 Tours Gratuits<\/strong>: Le casino Justspin rend les fins de semaines encore plus excitantes en offrant 2&#215;20 tours gratuits aux joueurs qui font au moins deux d\u00e9p\u00f4ts durant la semaine.<\/li>\n<\/ul>\n<h2>Jeux de Casino<\/h2>\n<p>Le casino Justspin offre des jeux de presque toutes les cat\u00e9gories.  Ici, les machines \u00e0 sous sont l&#8217;attrait principal, mais vous serez aussi en mesure de vous amuser en jouant au poker vid\u00e9o, avec des jeux de table et des jeux de casino live. <\/p>\n<p>La navigation est facile: vous pouvez naviguer par cat\u00e9gorie, chercher un titre en particulier ou filtrer la s\u00e9lection pour n&#8217;afficher que les jeux d&#8217;un fournisseur en particulier.<\/p>\n<h3>Machines \u00e0 Sous<\/h3>\n<p>La s\u00e9lection de machines \u00e0 sous en argent r\u00e9el est excellente.  Elle inclut tous les titres les plus populaires, ainsi que des jeux un peu moins connus provenant de plus de 40 diff\u00e9rents fournisseurs de logiciels.  <\/p>\n<p>Voici les machines \u00e0 sous les plus populaires au casino Justspin pr\u00e9sentement: <\/p>\n<ol>\n<li><strong>Aztec Gold Megaways<\/strong><\/li>\n<li><strong>Book of Dead<\/strong><\/li>\n<li><strong>Fat Rabbit<\/strong><\/li>\n<li><strong>Wolf Gold<\/strong><\/li>\n<li><strong>Wild Tome of The Woods<\/strong><\/li>\n<li><strong>John Hunter &#038; the Book of Tut<\/strong><\/li>\n<li><strong>Nero&#8217;s Fortune<\/strong><\/li>\n<li><strong>Sweet Bonanza<\/strong><\/li>\n<\/ol>\n<p>Ce qu&#8217;il y a de formidable avec la s\u00e9lection de machines \u00e0 sous ici est que vous pouvez obtenir un aper\u00e7u rapide de ce qui s&#8217;offre \u00e0 vous avant de vous engagez avec le casino Justspin.  Vous pouvez m\u00eame essayer des machines \u00e0 sous sans avoir \u00e0 d\u00e9penser un sous, si vous le voulez.  Vous n&#8217;avez qu&#8217;\u00e0 appuyer sur le bouton &#8220;Demo&#8221; pour voir \u00e0 quoi ressemble le jeu ou pour le tester sans risque.<\/p>\n<h3>Jeux de table<\/h3>\n<p>Tout comme le casino 21.com, la s\u00e9lection de jeux de table du casino Justspin n&#8217;est pas \u00e9norme, mais elle parvient \u00e0 satisfaire tout le monde.  Elle comprend plusieurs variations du Blackjack, de la Roulette et de Baccarat provenant de fournisseurs de jeux tels que Pragmatic Play et NetEnt.<\/p>\n<h3>Jeux de Casino Live<\/h3>\n<p>L&#8217;offre de casino live au casino Justspin est beaucoup plus vaste que la s\u00e9lection de jeux de table.  Vous pouvez choisir parmi certains des meilleurs jeux live d&#8217;Evolution Gaming, comme Dream Catcher, Deal or No Deal, et Monopoly Live. <\/p>\n<p>Bien s\u00fbr, ils offrent \u00e9galement les jeux de table traditionnels &#8211; Blackjack, Roulette, Baccara &#8211; en version croupier live.  Les plus de 60 options de jeux live sont fournies par Evolution Gaming et Pragmatic Play.<\/p>\n<h2>Fournisseurs de Jeux<\/h2>\n<p>Si vous cherchez des machines \u00e0 sous en ligne hyper c\u00e9l\u00e8bres, vous risquez fortement de les retrouver ici. <\/p>\n<ul>\n<li>Big Time Gaming<\/li>\n<li>Booming Games<\/li>\n<li>Elk Studios<\/li>\n<li>NetEnt<\/li>\n<li>Push Gaming<\/li>\n<li>Play&#8217;N Go<\/li>\n<li>Red Tiger Gaming<\/li>\n<li>Relax Gaming<\/li>\n<li>1X2 Gaming<\/li>\n<\/ul>\n<h3>App Mobile<\/h3>\n<p>Il est possible d&#8217;acc\u00e9der \u00e0 tous les jeux les plus populaires disponibles au casino Justspin avec votre appareil mobile, tant que celui-ci fonctionne avec iOS ou Android.<\/p>\n<h2>M\u00e9thodes Bancaires<\/h2>\n<p>L&#8217;une des plus grandes fiert\u00e9s du casino Justspin du Groupe PressEnter est son processus de paiement s\u00fbr, s\u00e9curitaire et rapide, tant pour les d\u00e9p\u00f4ts que pour les retraits.  De nombreuses m\u00e9thodes de paiement sont accept\u00e9es.  Cliquez simplement sur l&#8217;option &#8220;Cashier&#8221; dans la barre de menu, puis s\u00e9lectionnez la m\u00e9thode de d\u00e9p\u00f4t d\u00e9sir\u00e9e.  \u00c0 partir de l\u00e0, n&#8217;avez qu&#8217;\u00e0 choisir une des m\u00e9thodes de paiement ci-dessous:<\/p>\n<p>[table_start]<br \/>\n[table_head column-1=&#8217;<strong>M\u00e9thodes bancaires<\/strong>&#8216; column-2=&#8217;<strong>Pris en charge<\/strong>&#8216;]<br \/>\n[table_row column-1=&#8217;<strong>Interac<\/strong>&#8216; column-2=&#8217;Oui&#8217;]<br \/>\n[table_row column-1=&#8217;<strong>iDebit<\/strong>&#8216; column-2=&#8217;Non&#8217;]<br \/>\n[table_row column-1=&#8217;<strong>Visa\/Mastercard<\/strong>&#8216; column-2=&#8217;Oui&#8217;]<br \/>\n[table_row column-1=&#8217;<strong>eCheck<\/strong>&#8216; column-2=&#8217;Non&#8217;]<br \/>\n[table_row column-1=&#8217;<strong>Instant Banking<\/strong>&#8216; column-2=&#8217;Oui&#8217;]<br \/>\n[table_row column-1=&#8217;<strong>Instadebit<\/strong>&#8216; column-2=&#8217;Oui&#8217;]<br \/>\n[table_row column-1=&#8217;<strong>Ecopayz<\/strong>&#8216; column-2=&#8217;Oui&#8217;]<br \/>\n[table_row column-1=&#8217;<strong>Paysafecard<\/strong>&#8216; column-2=&#8217;Oui&#8217;]<br \/>\n[table_row column-1=&#8217;<strong>Paypal<\/strong>&#8216; column-2=&#8217;Non&#8217;]<br \/>\n[table_end]<\/p>\n<h3>D\u00e9p\u00f4ts et Retraits<\/h3>\n<p>Les d\u00e9p\u00f4ts sont trait\u00e9s instantan\u00e9ment, mais vous devez attendre un moment lorsque vous retirez des fonds (sauf si vous choisissez une m\u00e9thode de retrait par E-wallet, ce qui prend en moyenne quelques heures).  Le temps d&#8217;attente le plus long est avec les cartes et les transferts bancaires, ce qui peut prendre jusqu&#8217;\u00e0 5 jours. <\/p>\n<p>Le d\u00e9p\u00f4t minimum pour r\u00e9clamer le bonus de bienvenue est de 10$ et le retrait devra \u00eatre d&#8217;au moins 50$.  Ce qu&#8217;il y a de beau avec les tours gratuits, c&#8217;est que vous recevrez le m\u00eame montant, peu importe que vous d\u00e9posiez le <a href=\"https:\/\/www.bonus.ca\/fr\/casino-bonus\/depot-minimum\">montant minimum<\/a> ou que vous soyez un gros joueur.<\/p>\n<h2>Avis JustSpin Casino<\/h2>\n<p>Le casino Justspin est un casino en ligne s\u00e9curitaire et fiable.  Il propose une s\u00e9lection vari\u00e9e de jeux de casino.  Avec son soutien aux clients en chat live ouvert 24\/7, on ne peut rien demander de plus!  Le service \u00e0 la client\u00e8le et la s\u00e9curit\u00e9 encourageant le jeu responsable sont les premi\u00e8res priorit\u00e9s pour le casino Justspin.  Les joueurs peuvent demander de l&#8217;assistance en utilisant le chat live ou le courriel.<\/p>\n<p>La cerise sur le sundae: l&#8217;offre de bienvenue qui vous rapporte 500$ en fonds bonus plus 600 tours gratuits.  C&#8217;est pas mal ce qui se fait de mieux.<\/p>\n<p>Vous aimez JustSpin? Vous aimerez s\u00fbrement Rapid Casino &#8211; le tout nouveau casino PressEnter.<\/p>\n<h3>Verdict d\u00e9finitif<\/h3>\n<p>[table_start]<br \/>\n[table_row column-1=&#8217;<strong>Machines \u00e0 sous<\/strong>&#8216; column-2=&#8217;\u2b50\u2b50\u2b50\u2b50\u2b50&#8217;]<br \/>\n[table_row column-1=&#8217;<strong>Design du site<\/strong>&#8216; column-2=&#8217;\u2b50\u2b50\u2b50\u2b50&#8217;]<br \/>\n[table_row column-1=&#8217;<strong>Options de paiement<\/strong>&#8216; column-2=&#8217;\u2b50\u2b50\u2b50\u2b50&#8217;]<br \/>\n[table_row column-1=&#8217;<strong>Service client<\/strong>&#8216; column-2=&#8217;\u2b50\u2b50\u2b50\u2b50&#8217;]<br \/>\n[table_end]<\/p>\n","protected":false},"excerpt":{"rendered":"<p>Just Spin JustSpin Casino est un nouveau casino en ligne color\u00e9 qui a beaucoup de qualit\u00e9s. En plus de compter dans ses rangs les meneurs de l&#8217;industrie des d\u00e9veloppeurs de logiciels, c&#8217;est le casino en ligne parfait pour r\u00e9clamer un bonus de bienvenue g\u00e9n\u00e9reux. [table_start] [table_row column-1=&#8217;Bonus de Bienvenue&#8216; column-2=&#8217;500$ + 500 Tours Gratuits&#8217;] [table_row [&hellip;]<\/p>\n","protected":false},"author":123,"featured_media":0,"parent":0,"menu_order":0,"comment_status":"closed","ping_status":"closed","template":"","meta":{"inline_featured_image":false,"_glsr_average":0,"_glsr_ranking":0,"_glsr_reviews":0,"footnotes":""},"class_list":["post-11010","page","type-page","status-publish","hentry"],"yoast_head":"<!-- This site is optimized with the Yoast SEO plugin v27.4 - https:\/\/yoast.com\/product\/yoast-seo-wordpress\/ -->\n<title>JustSpin Casino \ud83c\udf96\ufe0f 500 Tours Gratuits sur Super Jocker<\/title>\n<meta name=\"description\" content=\"JustSpin Casino est d\u00e9tenu par la soci\u00e9t\u00e9 de jeux en ligne BP Group Limited. 500\u00a0$ en bonus sur 3 d\u00e9p\u00f4ts. 500 tours gratuits imm\u00e9diats.\" \/>\n<meta name=\"robots\" content=\"index, follow, max-snippet:-1, max-image-preview:large, max-video-preview:-1\" \/>\n<link rel=\"canonical\" href=\"https:\/\/www.bonus.ca\/fr\/justspin-casino\" \/>\n<meta property=\"og:type\" content=\"article\" \/>\n<meta property=\"og:title\" content=\"JustSpin Casino \ud83c\udf96\ufe0f 500 Tours Gratuits sur Super Jocker\" \/>\n<meta property=\"og:description\" content=\"JustSpin Casino est d\u00e9tenu par la soci\u00e9t\u00e9 de jeux en ligne BP Group Limited. 500\u00a0$ en bonus sur 3 d\u00e9p\u00f4ts. 500 tours gratuits imm\u00e9diats.\" \/>\n<meta property=\"og:url\" content=\"https:\/\/www.bonus.ca\/fr\/justspin-casino\" \/>\n<meta property=\"article:published_time\" content=\"2020-07-31T07:33:08+00:00\" \/>\n<meta property=\"article:modified_time\" content=\"2026-04-02T12:34:19+00:00\" \/>\n<meta property=\"og:image\" content=\"https:\/\/mediafr.bonus.ca\/images\/Logo-Just-Spin.png\" \/>\n\t<meta property=\"og:image:width\" content=\"1536\" \/>\n\t<meta property=\"og:image:height\" content=\"920\" \/>\n\t<meta property=\"og:image:type\" content=\"image\/png\" \/>\n<meta name=\"twitter:card\" content=\"summary_large_image\" \/>\n<meta name=\"twitter:label1\" content=\"Est. reading time\" \/>\n\t<meta name=\"twitter:data1\" content=\"9 minutes\" \/>\n<!-- \/ Yoast SEO plugin. -->","yoast_head_json":{"title":"JustSpin Casino \ud83c\udf96\ufe0f 500 Tours Gratuits sur Super Jocker","description":"JustSpin Casino est d\u00e9tenu par la soci\u00e9t\u00e9 de jeux en ligne BP Group Limited. 500\u00a0$ en bonus sur 3 d\u00e9p\u00f4ts. 500 tours gratuits imm\u00e9diats.","robots":{"index":"index","follow":"follow","max-snippet":"max-snippet:-1","max-image-preview":"max-image-preview:large","max-video-preview":"max-video-preview:-1"},"canonical":"https:\/\/www.bonus.ca\/fr\/justspin-casino","og_type":"article","og_title":"JustSpin Casino \ud83c\udf96\ufe0f 500 Tours Gratuits sur Super Jocker","og_description":"JustSpin Casino est d\u00e9tenu par la soci\u00e9t\u00e9 de jeux en ligne BP Group Limited. 500\u00a0$ en bonus sur 3 d\u00e9p\u00f4ts. 500 tours gratuits imm\u00e9diats.","og_url":"https:\/\/www.bonus.ca\/fr\/justspin-casino","article_published_time":"2020-07-31T07:33:08+00:00","article_modified_time":"2026-04-02T12:34:19+00:00","og_image":[{"width":1536,"height":920,"url":"https:\/\/mediafr.bonus.ca\/images\/Logo-Just-Spin.png","type":"image\/png"}],"twitter_card":"summary_large_image","twitter_misc":{"Est. reading time":"9 minutes"},"schema":{"@context":"https:\/\/schema.org","@graph":[{"@type":"WebPage","@id":"https:\/\/www.bonus.ca\/fr\/justspin-casino","url":"https:\/\/www.bonus.ca\/fr\/justspin-casino","name":"JustSpin Casino \ud83c\udf96\ufe0f 500 Tours Gratuits sur Super Jocker","isPartOf":{"@id":"https:\/\/www.bonus.ca\/fr\/#website"},"primaryImageOfPage":{"@id":"https:\/\/www.bonus.ca\/fr\/justspin-casino#primaryimage"},"image":{"@id":"https:\/\/www.bonus.ca\/fr\/justspin-casino#primaryimage"},"thumbnailUrl":"https:\/\/mediafr.bonus.ca\/images\/Logo-Just-Spin.png","datePublished":"2020-07-31T07:33:08+00:00","dateModified":"2026-04-02T12:34:19+00:00","description":"JustSpin Casino est d\u00e9tenu par la soci\u00e9t\u00e9 de jeux en ligne BP Group Limited. 500\u00a0$ en bonus sur 3 d\u00e9p\u00f4ts. 500 tours gratuits imm\u00e9diats.","breadcrumb":{"@id":"https:\/\/www.bonus.ca\/fr\/justspin-casino#breadcrumb"},"inLanguage":"en-US","potentialAction":[{"@type":"ReadAction","target":["https:\/\/www.bonus.ca\/fr\/justspin-casino"]}]},{"@type":"ImageObject","inLanguage":"en-US","@id":"https:\/\/www.bonus.ca\/fr\/justspin-casino#primaryimage","url":"https:\/\/mediafr.bonus.ca\/images\/Logo-Just-Spin.png","contentUrl":"https:\/\/mediafr.bonus.ca\/images\/Logo-Just-Spin.png"},{"@type":"BreadcrumbList","@id":"https:\/\/www.bonus.ca\/fr\/justspin-casino#breadcrumb","itemListElement":[{"@type":"ListItem","position":1,"name":"Home","item":"https:\/\/www.bonus.ca\/fr\/"},{"@type":"ListItem","position":2,"name":"JustSpin Casino"}]},{"@type":"WebSite","@id":"https:\/\/www.bonus.ca\/fr\/#website","url":"https:\/\/www.bonus.ca\/fr\/","name":"BonusFinder Canada (Fran\u00e7ais)","description":"La source de bonus n\u00b0 1 au Canada","potentialAction":[{"@type":"SearchAction","target":{"@type":"EntryPoint","urlTemplate":"https:\/\/www.bonus.ca\/fr\/?s={search_term_string}"},"query-input":{"@type":"PropertyValueSpecification","valueRequired":true,"valueName":"search_term_string"}}],"inLanguage":"en-US"}]}},"_links":{"self":[{"href":"https:\/\/www.bonus.ca\/fr\/wp-json\/wp\/v2\/pages\/11010","targetHints":{"allow":["GET"]}}],"collection":[{"href":"https:\/\/www.bonus.ca\/fr\/wp-json\/wp\/v2\/pages"}],"about":[{"href":"https:\/\/www.bonus.ca\/fr\/wp-json\/wp\/v2\/types\/page"}],"author":[{"embeddable":true,"href":"https:\/\/www.bonus.ca\/fr\/wp-json\/wp\/v2\/users\/123"}],"replies":[{"embeddable":true,"href":"https:\/\/www.bonus.ca\/fr\/wp-json\/wp\/v2\/comments?post=11010"}],"version-history":[{"count":11,"href":"https:\/\/www.bonus.ca\/fr\/wp-json\/wp\/v2\/pages\/11010\/revisions"}],"predecessor-version":[{"id":26450,"href":"https:\/\/www.bonus.ca\/fr\/wp-json\/wp\/v2\/pages\/11010\/revisions\/26450"}],"wp:attachment":[{"href":"https:\/\/www.bonus.ca\/fr\/wp-json\/wp\/v2\/media?parent=11010"}],"curies":[{"name":"wp","href":"https:\/\/api.w.org\/{rel}","templated":true}]}}