{"id":11816,"date":"2020-10-31T08:21:51","date_gmt":"2020-10-31T08:21:51","guid":{"rendered":"https:\/\/www.bonus.ca\/fr\/?post_type=bookmakers&#038;p=11816"},"modified":"2026-04-02T12:35:59","modified_gmt":"2026-04-02T12:35:59","slug":"casino-friday","status":"publish","type":"page","link":"https:\/\/www.bonus.ca\/fr\/casino-friday","title":{"rendered":"Casino Friday"},"content":{"rendered":"<h2>Friday Casino Canada<\/h2>\n<p>Friday Casino est un des nouveau <a href=\"https:\/\/www.bonus.ca\/fr\/\">casinos en ligne<\/a> qui a fait son entr\u00e9e sur la sc\u00e8ne canadienne du jeu en ligne en octobre 2020.  Il vaut vraiment la peine d&#8217;y faire un tour.  <\/p>\n<p>[table_start]<br \/>\n[table_row column-1=&#8217;<strong>Nom du Site <\/strong>&#8216; column-2=&#8217;Casino Friday&#8217;]<br \/>\n[table_row column-1=&#8217;<strong>Bonus de Bienvenue<\/strong>&#8216; column-2=&#8217;500$ + 200 Tours Gratuits&#8217;]<br \/>\n[table_row column-1=&#8217;<strong>Casino Mobile<\/strong>&#8216; column-2=&#8217;Oui (Android, iOS, Windows)&#8217;]<br \/>\n[table_row column-1=&#8217;<strong>Nombre de Jeux<\/strong>&#8216; column-2=&#8217;2000+&#8217;]<br \/>\n[table_end]<\/p>\n<div id=\"attachment_16902\" style=\"width: 1546px\" class=\"wp-caption alignnone\"><img loading=\"lazy\" decoding=\"async\" aria-describedby=\"caption-attachment-16902\" src=\"https:\/\/mediafr.bonus.ca\/images\/Casino-Friday-Logo.png\" alt=\"casio friday logo \" width=\"1536\" height=\"920\" class=\"size-full wp-image-16902\" srcset=\"https:\/\/mediafr.bonus.ca\/images\/Casino-Friday-Logo.png 1536w, https:\/\/mediafr.bonus.ca\/images\/Casino-Friday-Logo-300x180.png 300w, https:\/\/mediafr.bonus.ca\/images\/Casino-Friday-Logo-1024x613.png 1024w, https:\/\/mediafr.bonus.ca\/images\/Casino-Friday-Logo-1048x628.png 1048w, https:\/\/mediafr.bonus.ca\/images\/Casino-Friday-Logo-90x54.png 90w\" sizes=\"auto, (max-width: 1536px) 100vw, 1536px\" \/><p id=\"caption-attachment-16902\" class=\"wp-caption-text\">Le Casino Friday vous offre 500$ en bonus et 200 parties gratuites.<\/p><\/div>\n<p>Puisque le Casino Friday est un tout <a href=\"https:\/\/www.bonus.ca\/fr\/casino-en-ligne\/nouveaux\">nouveau casino en ligne Canada<\/a>, c&#8217;est normal que vous soyez sceptique, mais une chose est certaine\u2026 c&#8217;est difficile de renoncer \u00e0 500$ d&#8217;extra en argent bonus. C&#8217;est ce qui est offert aux nouveaux joueurs!<\/p>\n<h2>Casino Friday Bonus<\/h2>\n<p>Le bonus Casino Friday vous offre un bonus de bienvenue pour un total de 500$ + 200 tours gratuits. <\/p>\n<p>Lorsque vous serez inscrit et que vous d\u00e9poserez 20$ ou plus, le Casino Friday.com \u00e9galera votre premier d\u00e9p\u00f4t.  Vous recevrez \u00e9galement 200 chances gratuites sur 10 machines \u00e0 sous diff\u00e9rentes au Casino Friday.<\/p>\n<p>[table_start]<br \/>\n[table_row left=&#8217;<strong>Bonus Casino Friday<\/strong>&#8216; right=&#8221;Bonus total de 500$&#8221;]<br \/>\n[table_row left=&#8217;<strong>D\u00e9p\u00f4t minimum<\/strong>&#8216; right=&#8217;20$&#8217;]<br \/>\n[table_row left=&#8217;<strong>Bonus en tours gratuits<\/strong>&#8216; right=&#8217;200 tours gratuits&#8217;]<br \/>\n[table_row left=&#8217;<strong>Jeu pour les chances gratuites<\/strong>&#8216; right=&#8217;Diff\u00e9rent chaque jour&#8217;]<br \/>\n[table_row left=&#8217;<strong>Conditions de mise du bonus<\/strong>&#8216; right=&#8217;40x&#8217;]<br \/>\n[table_row left=&#8217;<strong>Conditions de mise des chances gratuites<\/strong>&#8216; right=&#8217;30x&#8217;]<br \/>\n[table_end]<\/p>\n<p><strong>Prenez note que Skrill, Paysafecard et Neteller sont exclus du bonus de bienvenue<\/strong><\/p>\n<h3>Casino Friday Bonus de Bienvenue<\/h3>\n<p>D&#8217;abord, le montant minimum pour recevoir le bonus casino est de 20$. <\/p>\n<p>Il y a une partie du bonus de bienvenue qui est consacr\u00e9e aux &#8220;Free Spins&#8221;.  Peu importe combien vous d\u00e9posez, pourvu que ce soit au moins 20$, vous recevrez 200 chances gratuites.  <\/p>\n<p>Certains casinos remettent tous ces tours gratuits d&#8217;un coup, mais chez Friday Casino, ils sont remis par tranches de 20 &#8220;Free Spins&#8221; par jour pour une p\u00e9riode de 10 jours. <\/p>\n<p><strong>Voici comment les tours gratuits sont distribu\u00e9s:<\/strong><\/p>\n<ul>\n<li><strong>Jour 1:<\/strong> Money train 2<\/li>\n<li><strong>Jour 2:<\/strong> Jammin Jars 2<\/li>\n<li><strong>Jour 3:<\/strong> Esqueleto Explosivo 2<\/li>\n<li><strong>Jour 4:<\/strong> Book of Oz<\/li>\n<li><strong>Jour 5:<\/strong> Razor Shark<\/li>\n<li><strong>Jour 6:<\/strong> Iron Bank<\/li>\n<li><strong>Jour 7:<\/strong> Fruit Party<\/li>\n<li><strong>Jour 8:<\/strong> Sweet Bonanza<\/li>\n<li><strong>Jour 9:<\/strong> 9 Masks of Fire<\/li>\n<li><strong>Jour 10:<\/strong>The Dog House Megaways<\/li>\n<\/ul>\n<p>Comme vous pouvez voir, Casino Friday ne se retient pas avec son offre de tours gratuits, tant en termes de quantit\u00e9 de tours qu&#8217;en termes de qualit\u00e9 des jeux pour le bonus.<\/p>\n<div id=\"attachment_16903\" style=\"width: 1546px\" class=\"wp-caption alignnone\"><img loading=\"lazy\" decoding=\"async\" aria-describedby=\"caption-attachment-16903\" src=\"https:\/\/mediafr.bonus.ca\/images\/Logo-Casino-Friday.png\" alt=\"Logo casino Friday\" width=\"1536\" height=\"920\" class=\"size-full wp-image-16903\" \/><p id=\"caption-attachment-16903\" class=\"wp-caption-text\">Casino Friday: 20 &#8220;Free Spins&#8221; par jour pour une p\u00e9riode de 10 jours en d\u00e9posant 20$.<\/p><\/div>\n<h3>Bonus Sans D\u00e9p\u00f4t <\/h3>\n<p>En ce moment, Friday casino n&#8217;offre pas de bonus sans d\u00e9p\u00f4t. Toutefois, de temps en temps, Friday Casino en ligne nous surprend avec une promotion sp\u00e9ciale sur les jeux. <\/p>\n<p>Si la situation change dans le futur, nous mettrons \u00e0 jour cette page.<\/p>\n<h2>Termes &#038; Conditions<\/h2>\n<p>En plus des termes de base du bonus tels que le <a href=\"https:\/\/www.bonus.ca\/fr\/casino-bonus\/depot-minimum\">d\u00e9p\u00f4t minimum<\/a> de 20$ et le maximum de 500$ en fonds bonus, il y a quelques autres conditions que vous devriez conna\u00eetre. <\/p>\n<p>La premi\u00e8re est \u00e0 propos de l&#8217;offre de chances gratuites. Chaque lot de chances gratuites sera cr\u00e9dit\u00e9 sur votre compte du Friday Casino <strong>toutes les 24 heures<\/strong>, mais ne pensez pas les utiliser le lendemain si vous n&#8217;avez pas le temps ce jour-l\u00e0. Si vous ne les avez pas utilis\u00e9es 24 heures apr\u00e8s leur apparition, elles dispara\u00eetront.<\/p>\n<p>La prochaine est que vous devez remplir les <strong>conditions de mise de votre argent bonus dans un d\u00e9lai de 30 jours<\/strong> apr\u00e8s l&#8217;avoir re\u00e7u et que vous devez jouer avec votre argent r\u00e9el avant de pouvoir commencer \u00e0 jouer avec votre argent bonus.  <\/p>\n<p>\u00c9galement, <strong>vous ne pouvez pas utiliser Skrill, Neteller ou encore Paysafecard<\/strong> pour r\u00e9clamer l&#8217;offre de bonus, mais il est facile de se souvenir de cela puisque ces m\u00e9thodes de paiement ne sont m\u00eame pas encore possibles pour les canadiens en ce moment. <\/p>\n<h3>Conditions de Mise<\/h3>\n<p>Les conditions de mises chez CasinoFriday sont raisonnables: 4<strong>0x pour les fonds bonus et 30x pour les &#8220;Free Spins&#8221;<\/strong>.  <\/p>\n<p>Pour la condition de mise de 40x, vous devez miser l&#8217;argent bonus 40 fois avant de pouvoir retirer les gains obtenus avec ceux-ci.  <\/p>\n<p>Ainsi, si vous faites un d\u00e9p\u00f4t de 50$ et que vous obtenez 50$ en argent bonus, vous devez miser les 50 dollars bonus jusqu&#8217;\u00e0 ce qu&#8217;un total de 2000$ ait \u00e9t\u00e9 mis\u00e9.<\/p>\n<p>Lorsque vous remplissez vos conditions de mise, portez une attention particuli\u00e8re \u00e0 la contribution de chaque jeu de casino:<\/p>\n<ul>\n<li><strong>Machines \u00e0 sous:<\/strong> 100%<\/li>\n<li><strong>Jeux de roues live<\/strong> (Dream Catcher, Monopoly, Crazy Time): 50%<\/li>\n<li><strong>Tous les autres jeux de casino live:<\/strong> 0%<\/li>\n<li><strong>Tous les jeux de table\/poker vid\u00e9o:<\/strong> 0%<\/li>\n<\/ul>\n<h2>Programme de Fid\u00e9lit\u00e9 Casino Friday<\/h2>\n<p>Les joueurs fid\u00e8les au Casino Friday b\u00e9n\u00e9ficient d&#8217;excellentes r\u00e9compenses.<\/p>\n<ol>\n<li><strong>Tours Gratuits sans exigences de mise<\/strong><\/li>\n<li><strong>De meilleurs bonus de casino<\/strong><\/li>\n<li><strong>Un gestionnaire de compte personnel<\/strong><\/li>\n<li><strong>Un cashback hebdomadaire allant jusqu&#8217;\u00e0 20 %<\/strong><\/li>\n<li><strong>Des invitations exclusives \u00e0 des \u00e9v\u00e9nements sp\u00e9ciaux et des voyages<\/strong><\/li>\n<\/ol>\n<h2>Jeux de Casino<\/h2>\n<p>Casino Friday accorde \u00e9norm\u00e9ment d&#8217;importance \u00e0 son offre de machines \u00e0 sous, mais il est tout de m\u00eame possible de jouer \u00e0 quelques jeux de casino live.  Vous ne trouverez pas beaucoup de choix de jeux de table, mais si vous \u00eates \u00e0 fond dans les machines \u00e0 sous, \u00e7a ne vous d\u00e9rangera probablement pas.<\/p>\n<h3>Engin d&#8217;exploration<\/h3>\n<p>Une des choses qui distinguent CF des autres fournisseurs est son &#8220;engin d&#8217;exploration&#8221;.  Le moteur de recherche du site ouvre de nombreuses portes permettant de  trouver le jeu parfait. Il est donc facile d&#8217;explorer ou encore de trouver un jeu en particulier selon le nom exact, le fournisseur, les fonctionnalit\u00e9s bonus, le th\u00e8me et m\u00eame la volatilit\u00e9.<\/p>\n<h3>Machines \u00e0 Sous<\/h3>\n<p>Le Friday Casino en ligne est aussi fier de la quantit\u00e9 que de la qualit\u00e9 des machines \u00e0 sous qu&#8217;il propose.  C&#8217;est pourquoi vous verrez certains des classiques les plus aim\u00e9s (pensez \u00e0 Starburst et \u00e0 Wolf Gold) ainsi que les toutes derni\u00e8res machines \u00e0 sous prometteuses.<\/p>\n<h3>Casino Friday Live<\/h3>\n<p>La s\u00e9lection est mince dans la cat\u00e9gorie des jeux de casino live (jeux de casino en direct), mais la bonne nouvelle est que vous serez quand m\u00eame en mesure de trouver quelques titres d&#8217;Evolution Gaming.  Il s&#8217;agit surtout de jeux de roues live d\u00e9riv\u00e9s d&#8217;\u00e9missions de t\u00e9l\u00e9 comme:<\/p>\n<ul>\n<li><strong>Dream Catcher<\/strong><\/li>\n<li><strong>Monopoly Live<\/strong><\/li>\n<li><strong>Deal Or No Deal<\/strong><\/li>\n<li><strong>Crazy Time<\/strong><\/li>\n<\/ul>\n<h3>Achats de Bonus sur les Machines \u00e0 Sous<\/h3>\n<p>Casino Friday a \u00e9galement ajout\u00e9 des machines \u00e0 sous avec la fonction d&#8217;achat de bonus. Cette fonctionnalit\u00e9 de jeu de machine \u00e0 sous vous permet d&#8217;acheter directement l&#8217;acc\u00e8s \u00e0 un tour de bonus de tours gratuits !<\/p>\n<p>La plupart des machines \u00e0 sous Megaways ont une fonction d&#8217;achat de bonus. Money Train 2 (Relax Gaming), White Rabbit et Great Rhino Megaways sont des machines \u00e0 sous populaires avec des fonctionnalit\u00e9s de bonus exclusives.<\/p>\n<h2>M\u00e9thodes Bancaires<\/h2>\n<p>Une des forces uniques de Casino Friday est sa croyance ferme que <em>la confiance est gagn\u00e9e, pas donn\u00e9e.<\/em>. Cela explique pourquoi ils choisissent avec soin les m\u00e9thodes de paiement les plus fiables de l&#8217;industrie, dont:<\/p>\n<p>[table_start]<br \/>\n[table_head column-1=&#8217;<strong>M\u00e9thodes bancaires<\/strong>&#8216; column-2=&#8217;<strong>Pris en charge<\/strong>&#8216;]<br \/>\n[table_row column-1=&#8217;<strong>Interac<\/strong>&#8216; column-2=&#8217;Oui&#8217;]<br \/>\n[table_row column-1=&#8217;<strong>iDebit<\/strong>&#8216; column-2=&#8217;Oui&#8217;]<br \/>\n[table_row column-1=&#8217;<strong>Visa\/Mastercard<\/strong>&#8216; column-2=&#8217;Oui&#8217;]<br \/>\n[table_row column-1=&#8217;<strong>eCheck<\/strong>&#8216; column-2=&#8217;Non&#8217;]<br \/>\n[table_row column-1=&#8217;<strong>Transfert bancaire local<\/strong>&#8216; column-2=&#8217;Oui&#8217;]<br \/>\n[table_row column-1=&#8217;<strong>Instadebit<\/strong>&#8216; column-2=&#8217;Oui&#8217;]<br \/>\n[table_row column-1=&#8217;<strong>Ecopayz<\/strong>&#8216; column-2=&#8217;Oui&#8217;]<br \/>\n[table_row column-1=&#8217;<strong>Paysafecard<\/strong>&#8216; column-2=&#8217;Non&#8217;]<br \/>\n[table_row column-1=&#8217;<strong>Paypal<\/strong>&#8216; column-2=&#8217;Non&#8217;]<br \/>\n[table_end]<\/p>\n<h3>D\u00e9p\u00f4t et retrait <\/h3>\n<p>Chacune de ces m\u00e9thodes est disponible autant pour le d\u00e9p\u00f4t que pour le retrait et ne comporte absolument aucun frais.  Pour la plupart d&#8217;entre elles, le retrait minimum est de 20$ avec un maximum de 4000$. <\/p>\n<p>Le montant de d\u00e9p\u00f4t minimum de 20$ pour r\u00e9clamer l&#8217;offre de bonus est un peu d\u00e9cevante si vous \u00eates le genre de joueur qui pr\u00e9f\u00e8re un premier d\u00e9p\u00f4t \u00e0 faible risque de 5$ ou 10$. Toutefois, ce n&#8217;est vraiment pas si rare, alors on peut facilement passer par-dessus. <\/p>\n<p>Le montant minimum est normalement de 10$, simplement pas pour le bonus. <\/p>\n<h2>Service \u00e0 la Client\u00e8le<\/h2>\n<p>CasinoFriday offre de nombreuses fa\u00e7on de rejoindre le service \u00e0 la client\u00e8le, alors vous avez le choix.  Si vous avez une question ou un probl\u00e8me urgent, vous pouvez essayer le &#8220;Live Chat&#8221; ou encore t\u00e9l\u00e9phoner \u00e0 la ligne de support pour les clients.  Pour les questions moins pressantes, envoyez simplement un courriel.<\/p>\n<p>[table_start]<br \/>\n[table_row column-1=&#8217;<strong>Chat en Direct<\/strong>&#8216; column-2=&#8221;24\/7&#8243;]<br \/>\n[table_row column-1=&#8217;<strong>Adresse Email<\/strong>&#8216; column-2=&#8217;support@casinofriday.com &#8216;]<br \/>\n[table_end]<\/p>\n<h2>Casino Friday Avis<\/h2>\n<p>Il est encore t\u00f4t pour dire si Casino Friday fera partie de ces sites web de casino en ligne qui grimpent au sommet et y restent, comme <a href=\"https:\/\/www.bonus.ca\/fr\/leovegas\">LeoVegas<\/a> et <a href=\"https:\/\/www.bonus.ca\/fr\/party-casino\">PartyCasino<\/a>, mais nous en avons bien l&#8217;impression.<\/p>\n<h3>Verdict d\u00e9finitif<\/h3>\n<p>[table_start]<br \/>\n[table_row column-1=&#8217;<strong>Machines \u00e0 sous<\/strong>&#8216; column-2=&#8217;\u2b50\u2b50\u2b50\u2b50\u2b50&#8217;]<br \/>\n[table_row column-1=&#8217;<strong>Casino en direct<\/strong>&#8216; column-2=&#8217;\u2b50\u2b50\u2b50\u2b50\u2b50&#8217;]<br \/>\n[table_row column-1=&#8217;<strong>Design du site<\/strong>&#8216; column-2=&#8217;\u2b50\u2b50\u2b50\u2b50\u2b50&#8217;]<br \/>\n[table_row column-1=&#8217;<strong>Options de paiement<\/strong>&#8216; column-2=&#8217;\u2b50\u2b50\u2b50\u2b50&#8217;]<br \/>\n[table_row column-1=&#8217;<strong>Service client<\/strong>&#8216; column-2=&#8217;\u2b50\u2b50\u2b50\u2b50\u2b50&#8217;]<br \/>\n[table_end]<\/p>\n","protected":false},"excerpt":{"rendered":"<p>Friday Casino Canada Friday Casino est un des nouveau casinos en ligne qui a fait son entr\u00e9e sur la sc\u00e8ne canadienne du jeu en ligne en octobre 2020. Il vaut vraiment la peine d&#8217;y faire un tour. [table_start] [table_row column-1=&#8217;Nom du Site &#8216; column-2=&#8217;Casino Friday&#8217;] [table_row column-1=&#8217;Bonus de Bienvenue&#8216; column-2=&#8217;500$ + 200 Tours Gratuits&#8217;] [table_row [&hellip;]<\/p>\n","protected":false},"author":123,"featured_media":0,"parent":0,"menu_order":0,"comment_status":"closed","ping_status":"closed","template":"","meta":{"inline_featured_image":false,"_glsr_average":0,"_glsr_ranking":0,"_glsr_reviews":0,"footnotes":""},"class_list":["post-11816","page","type-page","status-publish","hentry"],"yoast_head":"<!-- This site is optimized with the Yoast SEO plugin v27.4 - https:\/\/yoast.com\/product\/yoast-seo-wordpress\/ -->\n<title>Friday Casino \ud83c\udf96\ufe0f 200 Tours Gratuits + 500$ en Bonus<\/title>\n<meta name=\"description\" content=\"Friday Casino est un tout nouveau casino excitant \u2b50 R\u00e9clamez 500$ en bonus + 200 tours gratuits en d\u00e9posant 20$\u2b50 Paiements rapides!\" \/>\n<meta name=\"robots\" content=\"index, follow, max-snippet:-1, max-image-preview:large, max-video-preview:-1\" \/>\n<link rel=\"canonical\" href=\"https:\/\/www.bonus.ca\/fr\/casino-friday\" \/>\n<meta property=\"og:type\" content=\"article\" \/>\n<meta property=\"og:title\" content=\"Friday Casino \ud83c\udf96\ufe0f 200 Tours Gratuits + 500$ en Bonus\" \/>\n<meta property=\"og:description\" content=\"Friday Casino est un tout nouveau casino excitant \u2b50 R\u00e9clamez 500$ en bonus + 200 tours gratuits en d\u00e9posant 20$\u2b50 Paiements rapides!\" \/>\n<meta property=\"og:url\" content=\"https:\/\/www.bonus.ca\/fr\/casino-friday\" \/>\n<meta property=\"article:published_time\" content=\"2020-10-31T08:21:51+00:00\" \/>\n<meta property=\"article:modified_time\" content=\"2026-04-02T12:35:59+00:00\" \/>\n<meta property=\"og:image\" content=\"https:\/\/mediafr.bonus.ca\/images\/Casino-Friday-Logo.png\" \/>\n\t<meta property=\"og:image:width\" content=\"1536\" \/>\n\t<meta property=\"og:image:height\" content=\"920\" \/>\n\t<meta property=\"og:image:type\" content=\"image\/png\" \/>\n<meta name=\"twitter:card\" content=\"summary_large_image\" \/>\n<meta name=\"twitter:label1\" content=\"Est. reading time\" \/>\n\t<meta name=\"twitter:data1\" content=\"7 minutes\" \/>\n<!-- \/ Yoast SEO plugin. -->","yoast_head_json":{"title":"Friday Casino \ud83c\udf96\ufe0f 200 Tours Gratuits + 500$ en Bonus","description":"Friday Casino est un tout nouveau casino excitant \u2b50 R\u00e9clamez 500$ en bonus + 200 tours gratuits en d\u00e9posant 20$\u2b50 Paiements rapides!","robots":{"index":"index","follow":"follow","max-snippet":"max-snippet:-1","max-image-preview":"max-image-preview:large","max-video-preview":"max-video-preview:-1"},"canonical":"https:\/\/www.bonus.ca\/fr\/casino-friday","og_type":"article","og_title":"Friday Casino \ud83c\udf96\ufe0f 200 Tours Gratuits + 500$ en Bonus","og_description":"Friday Casino est un tout nouveau casino excitant \u2b50 R\u00e9clamez 500$ en bonus + 200 tours gratuits en d\u00e9posant 20$\u2b50 Paiements rapides!","og_url":"https:\/\/www.bonus.ca\/fr\/casino-friday","article_published_time":"2020-10-31T08:21:51+00:00","article_modified_time":"2026-04-02T12:35:59+00:00","og_image":[{"width":1536,"height":920,"url":"https:\/\/mediafr.bonus.ca\/images\/Casino-Friday-Logo.png","type":"image\/png"}],"twitter_card":"summary_large_image","twitter_misc":{"Est. reading time":"7 minutes"},"schema":{"@context":"https:\/\/schema.org","@graph":[{"@type":"WebPage","@id":"https:\/\/www.bonus.ca\/fr\/casino-friday","url":"https:\/\/www.bonus.ca\/fr\/casino-friday","name":"Friday Casino \ud83c\udf96\ufe0f 200 Tours Gratuits + 500$ en Bonus","isPartOf":{"@id":"https:\/\/www.bonus.ca\/fr\/#website"},"primaryImageOfPage":{"@id":"https:\/\/www.bonus.ca\/fr\/casino-friday#primaryimage"},"image":{"@id":"https:\/\/www.bonus.ca\/fr\/casino-friday#primaryimage"},"thumbnailUrl":"https:\/\/mediafr.bonus.ca\/images\/Casino-Friday-Logo.png","datePublished":"2020-10-31T08:21:51+00:00","dateModified":"2026-04-02T12:35:59+00:00","description":"Friday Casino est un tout nouveau casino excitant \u2b50 R\u00e9clamez 500$ en bonus + 200 tours gratuits en d\u00e9posant 20$\u2b50 Paiements rapides!","breadcrumb":{"@id":"https:\/\/www.bonus.ca\/fr\/casino-friday#breadcrumb"},"inLanguage":"en-US","potentialAction":[{"@type":"ReadAction","target":["https:\/\/www.bonus.ca\/fr\/casino-friday"]}]},{"@type":"ImageObject","inLanguage":"en-US","@id":"https:\/\/www.bonus.ca\/fr\/casino-friday#primaryimage","url":"https:\/\/mediafr.bonus.ca\/images\/Casino-Friday-Logo.png","contentUrl":"https:\/\/mediafr.bonus.ca\/images\/Casino-Friday-Logo.png"},{"@type":"BreadcrumbList","@id":"https:\/\/www.bonus.ca\/fr\/casino-friday#breadcrumb","itemListElement":[{"@type":"ListItem","position":1,"name":"Home","item":"https:\/\/www.bonus.ca\/fr\/"},{"@type":"ListItem","position":2,"name":"Casino Friday"}]},{"@type":"WebSite","@id":"https:\/\/www.bonus.ca\/fr\/#website","url":"https:\/\/www.bonus.ca\/fr\/","name":"BonusFinder Canada (Fran\u00e7ais)","description":"La source de bonus n\u00b0 1 au Canada","potentialAction":[{"@type":"SearchAction","target":{"@type":"EntryPoint","urlTemplate":"https:\/\/www.bonus.ca\/fr\/?s={search_term_string}"},"query-input":{"@type":"PropertyValueSpecification","valueRequired":true,"valueName":"search_term_string"}}],"inLanguage":"en-US"}]}},"_links":{"self":[{"href":"https:\/\/www.bonus.ca\/fr\/wp-json\/wp\/v2\/pages\/11816","targetHints":{"allow":["GET"]}}],"collection":[{"href":"https:\/\/www.bonus.ca\/fr\/wp-json\/wp\/v2\/pages"}],"about":[{"href":"https:\/\/www.bonus.ca\/fr\/wp-json\/wp\/v2\/types\/page"}],"author":[{"embeddable":true,"href":"https:\/\/www.bonus.ca\/fr\/wp-json\/wp\/v2\/users\/123"}],"replies":[{"embeddable":true,"href":"https:\/\/www.bonus.ca\/fr\/wp-json\/wp\/v2\/comments?post=11816"}],"version-history":[{"count":11,"href":"https:\/\/www.bonus.ca\/fr\/wp-json\/wp\/v2\/pages\/11816\/revisions"}],"predecessor-version":[{"id":26453,"href":"https:\/\/www.bonus.ca\/fr\/wp-json\/wp\/v2\/pages\/11816\/revisions\/26453"}],"wp:attachment":[{"href":"https:\/\/www.bonus.ca\/fr\/wp-json\/wp\/v2\/media?parent=11816"}],"curies":[{"name":"wp","href":"https:\/\/api.w.org\/{rel}","templated":true}]}}