{"id":12314,"date":"2021-01-10T11:02:59","date_gmt":"2021-01-10T11:02:59","guid":{"rendered":"https:\/\/www.bonus.ca\/fr\/?post_type=bookmakers&#038;p=12314"},"modified":"2026-04-02T12:29:20","modified_gmt":"2026-04-02T12:29:20","slug":"wheelz-casino","status":"publish","type":"page","link":"https:\/\/www.bonus.ca\/fr\/wheelz-casino","title":{"rendered":"Wheelz Casino"},"content":{"rendered":"<h2> Wheelz Casino Canada Avis<\/h2>\n<p>Wheelz Casino est le casino le plus Hofftastic sur le web! C&#8217;est vrai, David &#8221;\u00a0The Hoff\u00a0&#8221; Hasselhoff lui-m\u00eame est le visage de ce casino en ligne. L&#8217;ic\u00f4ne l\u00e9gendaire vous accueillera chaque fois que vous entrez dans le casino et jouez.<\/p>\n<p>L&#8217;\u00e9quipe derri\u00e8re le casino est Rootz Ltd. Comme tous les <a href=\"https:\/\/www.bonus.ca\/fr\/\"> casinos en ligne Canada<\/a>, Wheelz fournit des jeux sans faille, la technologie de prochaine g\u00e9n\u00e9ration, des bonus dynamiques et des paiements rapides. <\/p>\n<p>[table_start]<br \/>\n[table_row column-1=&#8217;<strong>Casino <\/strong>&#8216; column-2=&#8217;80$ + 100 tours gratuits + 20 tours gratuits sans d\u00e9p\u00f4t&#8217;]<br \/>\n[table_row column-1=&#8217;<strong>Sections de jeux<\/strong>&#8216; column-2=&#8217;10$&#8217;]<br \/>\n[table_row column-1=&#8217;<strong>Fournisseurs de logiciels <\/strong>&#8216; column-2=&#8217;10+&#8217;]<br \/>\n[table_row column-1=&#8217;<strong>Version mobile<\/strong>&#8216; column-2=&#8217;Android, iOS, Windows&#8217;]<br \/>\n[table_row column-1=&#8217;<strong>Jeux disponibles <\/strong>&#8216; column-2=&#8217;3,500+&#8217;]<br \/>\n[table_row column-1=&#8217;<strong>Casino Live<\/strong>&#8216; column-2=&#8217;Oui&#8217;]<\/p>\n<p>[table_end]<\/p>\n<div id=\"attachment_25202\" style=\"width: 1546px\" class=\"wp-caption alignnone\"><img loading=\"lazy\" decoding=\"async\" aria-describedby=\"caption-attachment-25202\" src=\"https:\/\/mediafr.bonus.ca\/images\/Wheelz-bonus.png\" alt=\"Bonus casino de 50 tours gratuits sur Wheelz\" width=\"1536\" height=\"920\" class=\"size-full wp-image-25202\" srcset=\"https:\/\/mediafr.bonus.ca\/images\/Wheelz-bonus.png 1536w, https:\/\/mediafr.bonus.ca\/images\/Wheelz-bonus-300x180.png 300w, https:\/\/mediafr.bonus.ca\/images\/Wheelz-bonus-1024x613.png 1024w, https:\/\/mediafr.bonus.ca\/images\/Wheelz-bonus-1048x628.png 1048w\" sizes=\"auto, (max-width: 1536px) 100vw, 1536px\" \/><p id=\"caption-attachment-25202\" class=\"wp-caption-text\">Profitez d&#8217;un bonus casino de 50 tours gratuits sur Wheelz<\/p><\/div>\n<h3>Autres casinos de Rootz Limited<\/h3>\n<p>Rootz est \u00e9galement la compagnie derri\u00e8re Caxino Casino.<\/p>\n<p>Peu importe le Casino Rootz choisi, vous pourrez reconnaitre le look branch\u00e9 et color\u00e9. <\/p>\n<p>L&#8217;\u00e9quipe de Rootz aime garder le casino simple et intuitif. De cette fa\u00e7on, vous pouvez concentrer sur vos jeux pr\u00e9f\u00e9r\u00e9s, les nouveaux jeux ou les promotions en cours.<\/p>\n<h2> Bonus casino Wheelz 2026<\/h2>\n<p>Le bonus casino Wheelz vous offre un bonus en trois \u00e9tapes. D&#8217;abord, obtenez 100 tours gratuits au moment de votre inscription. Ensuite, obtenez un bonus \u00e0 400% jusqu&#8217;\u00e0 20$. <\/p>\n<p>[table_start]<br \/>\n[table_head column-1=&#8217;<strong>Wheelz Casino<\/strong>&#8216; column-2=&#8217;<strong>D\u00e9tails sur le bonus<\/strong>&#8216;]<br \/>\n[table_row column-1=&#8217;<strong>Bonus Total<\/strong>&#8216; column-2=&#8217;20$ + 100 tours gratuits&#8217;]<br \/>\n[table_row column-1=&#8217;<strong>Jeu gratuit<\/strong>&#8216; column-2=&#8217;\u00c0 d\u00e9terminer&#8217;]<br \/>\n[table_row column-1=&#8217;<strong>D\u00e9p\u00f4t Minimum<\/strong>&#8216; column-2=&#8217;10$&#8217;]<br \/>\n[table_row column-1=&#8217;<strong>Conditions de mise<\/strong>&#8216; column-2=&#8217;35x&#8217;]<br \/>\n[table_row column-1=&#8217;<strong>Casino Mobile<\/strong>&#8216; column-2=&#8217;Oui (Android, iOS, Windows)&#8217;]<br \/>\n[table_row column-1=&#8217;<strong>Wheelz Bonus Code<\/strong>&#8216; column-2=&#8217;Non requis&#8217;]<br \/>\n[table_end]<\/p>\n<p>L&#8217;offre de bonus du Casino Wheelz est similaire aux autres bonus offerts par les sites de Casino Rootz.<\/p>\n<p>Tout comme le casino en ligne Wildz, les nouveaux joueurs sont accueillis par deux type de bonus : un bonus \u00e9gal\u00e9 et une offre de tours gratuits.<\/p>\n<h3>Wheelz Bonus d&#8217;inscription<\/h3>\n<p>Le bonus sur le premier d\u00e9p\u00f4t sera \u00e9gal\u00e9 \u00e0 400% pour un maximum de 20$. De plus, vous aurez 100 tours gratuits.<\/p>\n<h3>Tours gratuits sur Wheelz Casino<\/h3>\n<p>Wheelz Casino vous accueille avec 100 tours gratuits,<\/p>\n<div id=\"attachment_16802\" style=\"width: 1546px\" class=\"wp-caption alignnone\"><img loading=\"lazy\" decoding=\"async\" aria-describedby=\"caption-attachment-16802\" src=\"https:\/\/www.bonus.ca\/fr\/images\/Wheelz-Logo.png\" alt=\"logo wheelz casino canada\" width=\"1536\" height=\"920\" class=\"size-full wp-image-16802\" srcset=\"https:\/\/mediafr.bonus.ca\/images\/Wheelz-Logo.png 1536w, https:\/\/mediafr.bonus.ca\/images\/Wheelz-Logo-300x180.png 300w, https:\/\/mediafr.bonus.ca\/images\/Wheelz-Logo-1024x613.png 1024w, https:\/\/mediafr.bonus.ca\/images\/Wheelz-Logo-1048x628.png 1048w, https:\/\/mediafr.bonus.ca\/images\/Wheelz-Logo-90x54.png 90w\" sizes=\"auto, (max-width: 1536px) 100vw, 1536px\" \/><p id=\"caption-attachment-16802\" class=\"wp-caption-text\">Obtenez 20 tours gratuits en cr\u00e9ant un compte Wheelz.<\/p><\/div>\n<h3>Conditions de mise<\/h3>\n<p>Le Bonus Wheelz devra \u00eatre mis\u00e9 35 fois avant de pouvoir \u00eatre retir\u00e9. Cette r\u00e8gle est assez standard puisque la plupart des casinos en ligne ont la m\u00eame condition de mise. Une fois que le bonus est mis\u00e9 35x, vous serez en mesure de retirer vos gains.<\/p>\n<h2> Jeux de casino<\/h2>\n<p>Pour avoir une id\u00e9e des jeux offerts au Casino Wheelz, jetez un oeil \u00e0 Wildz Casino. On s&#8217;attend \u00e0 y trouver les jeux de machines \u00e0 sous populaires et un peu de tout pour tout le monde.<\/p>\n<p>Wheelz offre une grande vari\u00e9t\u00e9 de jeux de casino. On parle ici de 1200 jeux parmis lesquels choisir &#8211; alors vous aurez l&#8217;embarras du choix.<\/p>\n<h3>Machines \u00e0 sous les plus payantes sur Wheelz Casino<\/h3>\n<p><strong>Ce que <a href=\"https:\/\/www.bonus.ca\/fr\/casino-en-ligne\/le-plus-payant\">machines \u00e0 sous les plus payant<\/a> veut dire chez Wheelz :<\/strong> (1) <em>RTP \u00e9lev\u00e9<\/em> quand dispo, (2) <em>jackpot progressif<\/em> (valeur absolue), (3) <em>potentiel max<\/em> (gains en x mise). Le RTP varie selon la version\/juridiction : ouvre toujours la fiche &#8220;Info\/Paytable&#8221; du jeu.<\/p>\n<ol>\n<li><strong>Book of 99<\/strong> (Play&#8217;n GO) \u2014 RTP \u2248 99 %<br \/>\n  Un des plus hauts du march\u00e9. <em>Astuce :<\/em> \u00e9vite si la version affich\u00e9e est  96 %.<\/li>\n<li><strong>1429 Uncharted Seas<\/strong> (Thunderkick) \u2014 RTP \u2248 98,6 %<br \/>\n  Volatilit\u00e9 douce. Id\u00e9al pour \u00e9tirer ta bankroll sur de longues sessions.<\/li>\n<li><strong>Dead or Alive 2<\/strong> (NetEnt) \u2014 RTP \u2248 96 %<br \/>\n  Tr\u00e8s gros potentiel en free spins. <em>Astuce :<\/em> joue en petite mise fixe pour viser les bonus.<\/li>\n<li><strong>Bonanza<\/strong> (Big Time Gaming) \u2014 RTP \u2248 96 %<br \/>\n  M\u00e9canique Megaways avec cascades. Parfait pour des sessions prolong\u00e9es de 20\u201340 minutes.<\/li>\n<\/ol>\n<p><strong>Mini-checklist avant de lancer un spin :<\/strong><\/p>\n<ul>\n<li>V\u00e9rifie le RTP et la volatilit\u00e9 sur Wheelz (dans &#8220;Info&#8221;)<\/li>\n<li>Active les arr\u00eats auto (stop-loss \/ stop-win) si disponibles<\/li>\n<li>Utilise Interac pour des retraits rapides en cas de gain<\/li>\n<\/ul>\n<h3>Jeux de table<\/h3>\n<p>Vous y trouverez \u00e9galement des jeux de table classique &#8211; blackjack, poker, roulette, baccara, craps, etc.<\/p>\n<p>Les seuls jeux disponibles sur <a href=\"https:\/\/www.bonus.ca\/fr\/wildz-casino\">Wildz<\/a> que vous n&#8217;y trouverez pas chez Wheelz Casino sont ceux d\u00e9sign\u00e9 par Wildz comme le Wildz Blackjack. Toutefois, vous y trouverez d&#8217;autres alternatives provenant des fournisseurs de jeux bien connus.<\/p>\n<h3>Jeux en direct<\/h3>\n<p>Parfois, on a besoin d&#8217;un peu plus d&#8217;action, alors vous serez heureux d&#8217;apprendre que Wheelz Casino vous offre un casino live. <\/p>\n<p>Vous y trouverez des variantes de jeux populaires disponibles en tout temps incluant du Blackjack live, du Baccara, des jeux de Roulette et plus encore.<\/p>\n<h2> Options bancaires<\/h2>\n<p>Tout comme les casinos Wildz et Caxino, il y aura un bon nombre de m\u00e9thodes bancaires disponibles au casino en ligne Wheelz. Voici un aper\u00e7u des m\u00e9thodes bancaires fiables et s\u00e9curitaires disponibles:<\/p>\n<p>[table_start]<br \/>\n[table_row column-1=&#8217;<strong>Interac<\/strong>&#8216; column-2=&#8217;\u2714\ufe0f&#8217; column-3=&#8217;\u2714\ufe0f&#8217;]<br \/>\n[table_row column-1=&#8217;<strong>Transferts bancaires<\/strong>&#8216; column-2=&#8217;\u2714\ufe0f&#8217; column-3=&#8217;\u2714\ufe0f&#8217;]<br \/>\n[table_row column-1=&#8217;<strong>iDebit<\/strong>&#8216; column-2=&#8217;\u2714\ufe0f&#8217; column-3=&#8217;\u2714\ufe0f&#8217;]<br \/>\n[table_row column-1=&#8217;<strong>Cartes de d\u00e9bit et cartes de cr\u00e9dit<\/strong> <br \/> (Visa, Mastercard)&#8217; column-2=&#8217;\u2714\ufe0f&#8217; column-3=&#8217;\u2714\ufe0f&#8217;]<br \/>\n[table_row column-1=&#8217;<strong>Paysafecard<\/strong>&#8216; column-2=&#8217;\u2714\ufe0f&#8217; column-3=&#8217;\u2714\ufe0f&#8217;]<br \/>\n[table_row column-1=&#8217;<strong>Instad\u00e9bit<\/strong>&#8216; column-2=&#8217;\u2714\ufe0f&#8217; column-3=&#8217;\u2714\ufe0f&#8217;]<br \/>\n[table_row column-1=&#8217;<strong>ecoPayz<\/strong>&#8216; column-2=&#8217;\u2714\ufe0f&#8217; column-3=&#8217;\u2714\ufe0f&#8217;]<br \/>\n[table_row column-1=&#8217;<strong>MuchBetter<\/strong>&#8216; column-2=&#8217;\u2714\ufe0f&#8217; column-3=&#8217;\u2714\ufe0f&#8217;]<br \/>\n[table_row column-1=&#8217;<strong>Skrill<\/strong>&#8216; column-2=&#8217;\u2714\ufe0f&#8217; column-3=&#8217;\u2714\ufe0f&#8217;]<br \/>\n[table_end]<\/p>\n<h3>Retraits<\/h3>\n<p>Le montant minimum de retrait est de 20\u00a0$. Les paiements sont trait\u00e9s dans environ 1-3 jours, donc cela peut prendre un certain temps avant que l&#8217;argent apparaisse dans votre compte bancaire. <\/p>\n<p>Dans certains cas, il peut \u00eatre impossible de retirer sur une carte de cr\u00e9dit. <\/p>\n<p>Si vous n&#8217;\u00eates pas s\u00fbr que votre banque accepte les retraits, envisagez d&#8217;utiliser une autre m\u00e9thode ou de contacter l&#8217;\u00e9quipe de support client de Wheelz.<\/p>\n<p>Il y a une chose \u00e0 garder en t\u00eate ici et c&#8217;est que Wheelz Casino a une grande fiert\u00e9 concernant les retraits bancaires. En effet, les retraits seront trait\u00e9s tr\u00e8s rapidement. <\/p>\n<p>Pour obtenir des retraits plus rapide, Wheelz Casino recommande que vous utilisiez la m\u00eame m\u00e9thode bancaire choisie lors du d\u00e9p\u00f4t.<\/p>\n<p>\u00c9videmment, la m\u00e9thode la plus rapide est avec portefeuille \u00e9lectronique, alors gardez cela en m\u00e9moire.<\/p>\n<h3>D\u00e9p\u00f4ts<\/h3>\n<p>Le d\u00e9p\u00f4t minimum est de 10\u00a0$. Les d\u00e9p\u00f4ts sont trait\u00e9s imm\u00e9diatement, et vous pouvez commencer \u00e0 jouer en un instant. Notez que la limite de d\u00e9p\u00f4t minimum peut changer en fonction du bonus. <\/p>\n<p>Donc, si vous pr\u00e9voyez d&#8217;en r\u00e9clamer un, assurez-vous d&#8217;abord de v\u00e9rifier quelle est la limite actuelle.<\/p>\n<h2> Wheelz Casino mobile<\/h2>\n<p>Le site du Casino Wheelz est optimis\u00e9 pour les appareils mobiles. <\/p>\n<p>Vous n&#8217;aurez qu&#8217;\u00e0 visiter leur site internet en cherchant www.wheelzcasino.com depuis l&#8217;appareil choisi.<\/p>\n<p>Connectez vous, ou cr\u00e9er votre compte et commencez \u00e0 jouer. <\/p>\n<p>Vous n&#8217;aurez pas besoin d&#8217;installer une application, vous pouvez jouer directement depuis votre navigateur.<\/p>\n<h2> Service \u00e0 la client\u00e8le<\/h2>\n<p>Wheelz Casino s&#8217;assure d&#8217;offrir un service \u00e0 la client\u00e8le en tout temps. <\/p>\n<p>Vous aurez une option de clavardage en direct pour toutes questions ou demandes particuli\u00e8res.<\/p>\n<p>[table_start]<br \/>\n[table_row column-1=&#8217;<strong>Chat en Direct<\/strong>&#8216; column-2=&#8221;24\/7&#8243;]<br \/>\n[table_row column-1=&#8217;<strong>Adresse Email<\/strong>&#8216; column-2=&#8217;soutien@wheelz.com&#8217;]<br \/>\n[table_end]<\/p>\n<h2> Notre avis final sur le casino Wheelz<\/h2>\n<p>Wheelz Canada  est absolument g\u00e9nial pour les nouveaux joueurs et les joueurs exp\u00e9riment\u00e9s.<\/p>\n<p>La plate-forme de casino est moderne et utilise la derni\u00e8re technologie pour fournir une exp\u00e9rience de jeu passionnante. <\/p>\n<p>En outre, le casino dispose du syst\u00e8me de bonus embl\u00e9matique bas\u00e9 sur l&#8217;IA de Rootz qui r\u00e9compense les joueurs sur leur style de jeu. <\/p>\n<p>Avec plus de 1000 jeux de casinos, des m\u00e9thodes bancaires faciles \u00e0 utiliser et une offre de bonus int\u00e9ressante incluant des tours gratuits, nous sommes tr\u00e8s excit\u00e9s de l&#8217;arriv\u00e9e du casino en ligne Wheelz. <\/p>\n<p>On vous sugg\u00e8re donc de l&#8217;essayer!<\/p>\n","protected":false},"excerpt":{"rendered":"<p>Wheelz Casino Canada Avis Wheelz Casino est le casino le plus Hofftastic sur le web! C&#8217;est vrai, David &#8221;\u00a0The Hoff\u00a0&#8221; Hasselhoff lui-m\u00eame est le visage de ce casino en ligne. L&#8217;ic\u00f4ne l\u00e9gendaire vous accueillera chaque fois que vous entrez dans le casino et jouez. L&#8217;\u00e9quipe derri\u00e8re le casino est Rootz Ltd. Comme tous les casinos [&hellip;]<\/p>\n","protected":false},"author":123,"featured_media":0,"parent":0,"menu_order":0,"comment_status":"closed","ping_status":"closed","template":"","meta":{"inline_featured_image":false,"_glsr_average":0,"_glsr_ranking":0,"_glsr_reviews":0,"footnotes":""},"class_list":["post-12314","page","type-page","status-publish","hentry"],"yoast_head":"<!-- This site is optimized with the Yoast SEO plugin v27.3 - https:\/\/yoast.com\/product\/yoast-seo-wordpress\/ -->\n<title>Wheelz Casino \ud83c\udf96\ufe0f 100 Tours Gratuits en Bonus [month] [year]<\/title>\n<meta name=\"description\" content=\"Wheelz Casino est un casino bien connu au Canada. 20$ en bonus + 100 tours gratuits vous sont offerts. Lisez notre avis .\" \/>\n<meta name=\"robots\" content=\"index, follow, max-snippet:-1, max-image-preview:large, max-video-preview:-1\" \/>\n<link rel=\"canonical\" href=\"https:\/\/www.bonus.ca\/fr\/wheelz-casino\" \/>\n<meta property=\"og:type\" content=\"article\" \/>\n<meta property=\"og:title\" content=\"Wheelz Casino \ud83c\udf96\ufe0f 100 Tours Gratuits en Bonus [month] [year]\" \/>\n<meta property=\"og:description\" content=\"Wheelz Casino est un casino bien connu au Canada. 20$ en bonus + 100 tours gratuits vous sont offerts. Lisez notre avis .\" \/>\n<meta property=\"og:url\" content=\"https:\/\/www.bonus.ca\/fr\/wheelz-casino\" \/>\n<meta property=\"article:modified_time\" content=\"2026-04-02T12:29:20+00:00\" \/>\n<meta property=\"og:image\" content=\"https:\/\/mediafr.bonus.ca\/images\/Wheelz-bonus.png\" \/>\n\t<meta property=\"og:image:width\" content=\"1536\" \/>\n\t<meta property=\"og:image:height\" content=\"920\" \/>\n\t<meta property=\"og:image:type\" content=\"image\/png\" \/>\n<meta name=\"twitter:card\" content=\"summary_large_image\" \/>\n<meta name=\"twitter:label1\" content=\"Est. reading time\" \/>\n\t<meta name=\"twitter:data1\" content=\"6 minutes\" \/>\n<!-- \/ Yoast SEO plugin. -->","yoast_head_json":{"title":"Wheelz Casino \ud83c\udf96\ufe0f 100 Tours Gratuits en Bonus [month] [year]","description":"Wheelz Casino est un casino bien connu au Canada. 20$ en bonus + 100 tours gratuits vous sont offerts. Lisez notre avis .","robots":{"index":"index","follow":"follow","max-snippet":"max-snippet:-1","max-image-preview":"max-image-preview:large","max-video-preview":"max-video-preview:-1"},"canonical":"https:\/\/www.bonus.ca\/fr\/wheelz-casino","og_type":"article","og_title":"Wheelz Casino \ud83c\udf96\ufe0f 100 Tours Gratuits en Bonus [month] [year]","og_description":"Wheelz Casino est un casino bien connu au Canada. 20$ en bonus + 100 tours gratuits vous sont offerts. Lisez notre avis .","og_url":"https:\/\/www.bonus.ca\/fr\/wheelz-casino","article_modified_time":"2026-04-02T12:29:20+00:00","og_image":[{"width":1536,"height":920,"url":"https:\/\/mediafr.bonus.ca\/images\/Wheelz-bonus.png","type":"image\/png"}],"twitter_card":"summary_large_image","twitter_misc":{"Est. reading time":"6 minutes"},"schema":{"@context":"https:\/\/schema.org","@graph":[{"@type":"WebPage","@id":"https:\/\/www.bonus.ca\/fr\/wheelz-casino","url":"https:\/\/www.bonus.ca\/fr\/wheelz-casino","name":"Wheelz Casino \ud83c\udf96\ufe0f 100 Tours Gratuits en Bonus [month] [year]","isPartOf":{"@id":"https:\/\/www.bonus.ca\/fr\/#website"},"primaryImageOfPage":{"@id":"https:\/\/www.bonus.ca\/fr\/wheelz-casino#primaryimage"},"image":{"@id":"https:\/\/www.bonus.ca\/fr\/wheelz-casino#primaryimage"},"thumbnailUrl":"https:\/\/mediafr.bonus.ca\/images\/Wheelz-bonus.png","datePublished":"2021-01-10T11:02:59+00:00","dateModified":"2026-04-02T12:29:20+00:00","description":"Wheelz Casino est un casino bien connu au Canada. 20$ en bonus + 100 tours gratuits vous sont offerts. Lisez notre avis .","breadcrumb":{"@id":"https:\/\/www.bonus.ca\/fr\/wheelz-casino#breadcrumb"},"inLanguage":"en-US","potentialAction":[{"@type":"ReadAction","target":["https:\/\/www.bonus.ca\/fr\/wheelz-casino"]}]},{"@type":"ImageObject","inLanguage":"en-US","@id":"https:\/\/www.bonus.ca\/fr\/wheelz-casino#primaryimage","url":"https:\/\/mediafr.bonus.ca\/images\/Wheelz-bonus.png","contentUrl":"https:\/\/mediafr.bonus.ca\/images\/Wheelz-bonus.png"},{"@type":"BreadcrumbList","@id":"https:\/\/www.bonus.ca\/fr\/wheelz-casino#breadcrumb","itemListElement":[{"@type":"ListItem","position":1,"name":"Home","item":"https:\/\/www.bonus.ca\/fr\/"},{"@type":"ListItem","position":2,"name":"Wheelz Casino"}]},{"@type":"WebSite","@id":"https:\/\/www.bonus.ca\/fr\/#website","url":"https:\/\/www.bonus.ca\/fr\/","name":"BonusFinder Canada (Fran\u00e7ais)","description":"La source de bonus n\u00b0 1 au Canada","potentialAction":[{"@type":"SearchAction","target":{"@type":"EntryPoint","urlTemplate":"https:\/\/www.bonus.ca\/fr\/?s={search_term_string}"},"query-input":{"@type":"PropertyValueSpecification","valueRequired":true,"valueName":"search_term_string"}}],"inLanguage":"en-US"}]}},"_links":{"self":[{"href":"https:\/\/www.bonus.ca\/fr\/wp-json\/wp\/v2\/pages\/12314","targetHints":{"allow":["GET"]}}],"collection":[{"href":"https:\/\/www.bonus.ca\/fr\/wp-json\/wp\/v2\/pages"}],"about":[{"href":"https:\/\/www.bonus.ca\/fr\/wp-json\/wp\/v2\/types\/page"}],"author":[{"embeddable":true,"href":"https:\/\/www.bonus.ca\/fr\/wp-json\/wp\/v2\/users\/123"}],"replies":[{"embeddable":true,"href":"https:\/\/www.bonus.ca\/fr\/wp-json\/wp\/v2\/comments?post=12314"}],"version-history":[{"count":11,"href":"https:\/\/www.bonus.ca\/fr\/wp-json\/wp\/v2\/pages\/12314\/revisions"}],"predecessor-version":[{"id":26443,"href":"https:\/\/www.bonus.ca\/fr\/wp-json\/wp\/v2\/pages\/12314\/revisions\/26443"}],"wp:attachment":[{"href":"https:\/\/www.bonus.ca\/fr\/wp-json\/wp\/v2\/media?parent=12314"}],"curies":[{"name":"wp","href":"https:\/\/api.w.org\/{rel}","templated":true}]}}