{"id":12384,"date":"2021-01-19T09:24:04","date_gmt":"2021-01-19T09:24:04","guid":{"rendered":"https:\/\/www.bonus.ca\/fr\/?page_id=12384"},"modified":"2026-03-09T13:18:12","modified_gmt":"2026-03-09T13:18:12","slug":"sans-conditions","status":"publish","type":"page","link":"https:\/\/www.bonus.ca\/fr\/casino-bonus\/sans-conditions","title":{"rendered":"Casino Sans Conditions de Mise"},"content":{"rendered":"<h2>Casino Sans Conditions de Mise<\/h2>\n<p>Dans ce guide, vous trouverez le <a href=\"https:\/\/www.bonus.ca\/fr\/\">meilleur casino en ligne Canada<\/a> sans condition de mise qui offrent des bonus et tours gratuits sans wager. Les joueurs peuvent donc obtenir de l&#8217;argent r\u00e9el sans avoir \u00e0 suivre des conditions. Vous pouvez obtenir <strong>jusqu&#8217;\u00e0 200 tours gratuits sans condition<\/strong>. <\/p>\n<ol>\n<li><strong>PlayOJO Casino:<\/strong> PlayOJO Casino vous offre <a href=\"https:\/\/www.bonus.ca\/fr\/machines-a-sous-gratuites\">100 tours gratuits sans d\u00e9p\u00f4t<\/a> et sans conditions. Il n&#8217;y a donc pas de limites sur vos gains!<\/li>\n<li><strong>Bethard Casino<\/strong>: Bethard Casino est l&#8217;un des meilleurs casinos sans conditions sur les tours gratuits. En effet, vous pourriez obtenir 199 tours gratuits sur Starbust &#8211; le tout sans conditions.<\/li>\n<li><strong>Guts Casino:<\/strong> Guts Casino est un casino qui vous offre un bonus de bienvenue sans conditions de mise. Les 100 tours gratuits sont offerts sur Book of Dead &#8211; et vous aurez 10 tours par jours pendant 10 jours &#8211; le tout est sans conditions.<\/li>\n<\/ol>\n<p>Certains sites de casino offrent m\u00eame des tours gratuits sans d\u00e9p\u00f4t sans condition &#8211; ce qui est tr\u00e8s int\u00e9ressants pour les nouveaux joueurs.<\/p>\n<div id=\"attachment_18489\" style=\"width: 1554px\" class=\"wp-caption alignnone\"><img loading=\"lazy\" decoding=\"async\" aria-describedby=\"caption-attachment-18489\" src=\"https:\/\/www.bonus.ca\/fr\/images\/casino-sans-wager.png\" alt=\"casino sans wager\" width=\"1544\" height=\"928\" class=\"size-full wp-image-18489\" srcset=\"https:\/\/mediafr.bonus.ca\/images\/casino-sans-wager.png 1544w, https:\/\/mediafr.bonus.ca\/images\/casino-sans-wager-300x180.png 300w, https:\/\/mediafr.bonus.ca\/images\/casino-sans-wager-1024x615.png 1024w, https:\/\/mediafr.bonus.ca\/images\/casino-sans-wager-1536x923.png 1536w, https:\/\/mediafr.bonus.ca\/images\/casino-sans-wager-1045x628.png 1045w, https:\/\/mediafr.bonus.ca\/images\/casino-sans-wager-90x54.png 90w\" sizes=\"auto, (max-width: 1544px) 100vw, 1544px\" \/><p id=\"caption-attachment-18489\" class=\"wp-caption-text\">D\u00e9couvrez notre s\u00e9lection de casinos en ligne sans conditions de mise, offrant des bonus sans exigences de pari.<\/p><\/div>\n<h3>Top casino sans wager: PlayOJO<\/h3>\n<p>Le meilleur casino en ligne sans wager est <strong>PlayOJO<\/strong>. Les joueurs canadiens peuvent r\u00e9clamer <strong>n&#8217;importe quel bonus<\/strong> sur ce site de jeu <strong>sans AUCUNE exigence de mise<\/strong>.<\/p>\n<p>Les nouveaux joueurs peuvent obtenir un bonus de 100 tours gratuits sans conditions de mise en s&#8217;inscrivant via notre lien. Il vous suffit de faire d\u00e9filer vers le haut et de cliquer sur le bouton vert. Profitez de vos tours bonus sans wager !<\/p>\n\n<h2>Casinos Sans Conditions de Mise<\/h2>\n<p>Lorsqu&#8217;on trouve un <a href=\"https:\/\/www.bonus.ca\/fr\/casino-bonus\/sans-depot\">casino sans d\u00e9p\u00f4t<\/a> et sans conditions &#8211; nous les listons ici pour que vous puissiez en tirer avantage. En effet, il est plus facile de repartir avec des gains lorsque vous n&#8217;avez pas \u00e0 faire de d\u00e9p\u00f4t non plus.<\/p>\n<p>[table_start]<br \/>\n[table_head column-1=&#8217;<strong>Casino Sans Wager<\/strong>&#8216; column-2=&#8217;<strong>Bonus Sans Wager<\/strong>&#8216;]<br \/>\n[table_row column-1=&#8217;<strong>1. Guts Casino<\/strong>&#8216; column-2=&#8217;100 tours gratuits sans conditions&#8217;]<br \/>\n[table_row column-1=&#8217;<strong>2. PlayOJO Casino<\/strong>&#8216; column-2=&#8217;80 tours gratuits sans conditions&#8217;]<br \/>\n[table_row column-1=&#8217;<strong>3. Rizk Casino<\/strong>&#8216; column-2=&#8217;10 tours gratuits sans wager&#8217;]<br \/>\n[table_row column-1=&#8217;<strong>4. Bethard<\/strong>&#8216; column-2=&#8217;199 tours gratuits sans conditions&#8217;]<br \/>\n[table_row column-1=&#8217;<strong>5. LuckyDino<\/strong>&#8216; column-2=&#8217;50 tours gratuits sans conditions&#8217;]<br \/>\n[table_row column-1=&#8217;<strong>6. Casino JEFE<\/strong>&#8216; column-2=&#8217;11 tours gratuits sans wager&#8217;]<br \/>\n[table_row column-1=&#8217;<strong>7. PartyCasino<\/strong>&#8216; column-2=&#8217;120 tours gratuits (10x en condition de mise)&#8217;]<br \/>\n[table_row column-1=&#8217;<strong>8. Casino.com<\/strong>&#8216; column-2=&#8217;200 tours gratuits sans wager&#8217;]<br \/>\n[table_end]<\/p>\n<h2>Casino Bonus Sans Conditions<\/h2>\n<p>Si vous avez de l&#8217;exp\u00e9rience avec les jeux de casino en ligne, vous savez d\u00e9j\u00e0 que les tours gratuits ne sont pas toujours enti\u00e8rement gratuits. Souvent, vous ne pouvez pas retirer vos gains imm\u00e9diatement. En effet, les casinos en ligne consid\u00e8rent que l&#8217;argent gagn\u00e9 avec un tour gratuit est comme un bonus avec des conditions de mise.<\/p>\n<p>Pour retirer vos gains en argent r\u00e9el, vous devez donc jouer \u00e0 travers les conditions de mise &#8211; qui viennent avec un nombre de mise. En plus, vous avez un temps limit\u00e9 pour lib\u00e9rer vos gains. Cela veut donc dire que si le gain n&#8217;est pas lib\u00e9r\u00e9 \u00e0 temps &#8211; vous le perdrez. Donc, vous souhaiterez avoir <strong>choisi un casino en ligne sans condition de mise<\/strong>.<\/p>\n<h3>Tours Gratuits avec Petites Conditions de Mise<\/h3>\n<p>Les casinos en ligne canadiens qui offrent des tours gratuits sans conditions prennent un gros risque. C&#8217;est pourquoi certains casinos pr\u00e9f\u00e8rent ajouter des conditions de mise lorsqu&#8217;ils offrent un <a href=\"https:\/\/www.bonus.ca\/fr\/casino-bonus\">bonus casino<\/a>.<\/p>\n<p>Toutefois, certains casinos offrent des casino bonus sans condition de mise ou bonus avec des petites wager &#8211; ce qui veut dire que celles-ci sont beaucoup plus basses que la moyenne.<\/p>\n<p>Alors que certains casinos ont des conditions de 50x ou plus, certains casinos offrent des conditions beaucoup plus int\u00e9ressantes..<\/p>\n<p>Il est donc important de <strong>lire les termes et conditions<\/strong> avant de vous emparer d&#8217;un bonus casino.<\/p>\n<h2>Conseils sur les Free Spins Sans Conditions<\/h2>\n<p>Les nouveaux joueuers ne sont peut-\u00eatre pas tr\u00e8s familiers avec les termes et conditions retrouv\u00e9es dans un casino en ligne. En effet, les nouveaux joueurs ne pensent pas toujours aux conditions de mise lorsqu&#8217;ils essaient de retirer leurs gains. <\/p>\n<p>Vous pourriez faire face \u00e0 certaines limitations ou un bonus expir\u00e9. Alors, pour \u00e9viter le tout, voici nos conseils pour vous aider \u00e0 bien choisir un <a href=\"https:\/\/www.bonus.ca\/fr\/casino-en-ligne\/nouveaux\">casino en ligne nouveau<\/a>.<\/p>\n<ol>\n<li><strong>Conditions de mise:<\/strong> La plupart des tours gratuits viennent avec des conditions de mise.  \u00c9videmment, sur cette page vous trouverez les meilleures promotions de bonus casino sans wager et sans conditions. Le tout vous \u00e9vitera de faire face \u00e0 des conditions qui vous emp\u00eachent de retirer vos gains.<\/li>\n<li><strong>Gain maximum:<\/strong> Vous devriez toujours v\u00e9rifier si le bonus vient avec un maximum de gain. Certains casinos limitent le potentiel de gain.<\/li>\n<li><strong>D\u00e9p\u00f4t minimum:<\/strong> Souvent, vous obtenez des gros bonus en tours gratuits pour seulement 5$, 10$ ou 20$. Ces promotions sont g\u00e9n\u00e9ralement meilleures que celles qui viennent d&#8217;un <a href=\"https:\/\/www.bonus.ca\/fr\/machines-a-sous-gratuites\/fire-joker\">bonus sans d\u00e9p\u00f4t encaissable<\/a> puisque les conditions de mise sont moins \u00e9lev\u00e9es.<\/li>\n<li><strong>Restrictions sur les m\u00e9thodes bancaires:<\/strong> Certains bonus ne fonctionnent pas avec certaines m\u00e9thodes bancaires. En g\u00e9n\u00e9ral, c&#8217;est le cas pour les portefeuilles \u00e9lectroniques comme Skrill. Alors, v\u00e9rifiez ce genre de limitations avant de faire un d\u00e9p\u00f4t.<\/li>\n<li><strong>Restrictions sur les jeux de casino:<\/strong> La plupart du temps, les casinos choisissent une machine \u00e0 sous pour les tours gratuits. Toutefois, certains casinos vous offrent le choix de jeu. Vous devrez donc v\u00e9rifier quels jeux comptent pour libr\u00e9er votre bonus. Vous devrez \u00e9galement jeter un oeil sur le pourcentage de retour au joueur.<\/li>\n<li><strong>Expiration du bonus:<\/strong> Assurez vous de jouer vos tours gratuits avant que votre bonus expire. En effet, la plupart des bonus sur les nouveau casino en ligne sans wager ont une dur\u00e9e limit\u00e9e. On peut s&#8217;attendre \u00e0 une p\u00e9riode entre 7 et 30 jours.<\/li>\n<\/ol>\n<p>Si vous oubliez d&#8217;ajouter votre code bonus ou si vous avez des questions concernant un bonus casino, les conditions de mise ou aure, contactez le service \u00e0 la client\u00e8le du casino choisi et ils se feront un plaisir de r\u00e9pondre \u00e0 vos questions. <\/p>\n<p>Dans un march\u00e9 aussi comp\u00e9titif, chaque casino en ligne se doit de garder ses clients heureux et d&#8217;offrir un support pour ses joueurs.<\/p>\n<h2>Qu&#8217;est-ce qu&#8217;une Condition de Mise<\/h2>\n<p>Si vous \u00eates un nouveau joueur, il est possible que vous ne compreniez pas tout \u00e0 fait ce qu&#8217;est une condition de mise. <\/p>\n<p>En gros, les conditions de mise sont des termes et conditions qui viennent avec tout bonus casino. On les appelle &#8220;wages&#8221; ou &#8220;waging&#8221; en anglais. Cela \u00e9vite qu&#8217;un joueur retire l&#8217;argent bonus sans miser du tout. <\/p>\n<p>En g\u00e9n\u00e9ral, les casinos offrent des bonus en tours gratuits &#8211; et un nouveau joueur peut recevoir des centaines de tours gratuits avec ou sans d\u00e9p\u00f4t. Les casinos se prot\u00e8gent en ajoutant des conditions de mise. Celles-ci peuvent \u00eatre plus basses lorsque vous jouez sur un bonus casino qui vient avec un d\u00e9p\u00f4t. <\/p>\n<p>Vous pouvez donc choisir un <a href=\"https:\/\/www.bonus.ca\/fr\/casino-bonus\/depot-minimum\">casino en ligne avec un petit d\u00e9p\u00f4t minimum<\/a> pour augmenter vos chances de gagner sans avoir \u00e0 remiser des tonnes de fois.<\/p>\n<p>Lorsque vous faites un d\u00e9p\u00f4t dans un casino canadien, la plupart des casinos \u00e9gale votre d\u00e9p\u00f4t et vous donne des tours suppl\u00e9mentaires. Vous  ne pourrez pas retirer ce bonus sans miser du tout. Alors, vous devrez miser vos tours gratuits et bonus d&#8217;abord. Certains casinos choisissent le jeu du bonus \u00e0 l&#8217;avance.<\/p>\n<h3>Comment Miser Avec Vos Tours Gratuits<\/h3>\n<p>Voici un exemple pour vous aider \u00e0 comprendre le tout. Un casino impose une condition de mise \u00e0 40x sur le bonus &#8211; incluant les gains sur les tours gratuits. Cela veut donc dire que si vous gagnez 100$ avec vos tours gratuits, vous devrez misez pour une valeur de 4000$ pour retirer 100$. <\/p>\n<p>C&#8217;est pourquoi le nombre de fois requis pour satisfaire une exigence de mise est important. Plus le nombre est \u00e9lev\u00e9, plus vous devrez miser des sommes plut\u00f4t \u00e9lev\u00e9es.<\/p>\n<p>Toutefois, sachez que satisfaire une exigence de mise est ultra rapide. Les mises maximales sont souvent limit\u00e9es, ce qui veut dire que vous miserez rapidement sans vous en rendre compte. <\/p>\n<h2>Machines \u00e0 Sous Populaires pour les Tours Gratuits<\/h2>\n<p>Les casinos en ligne au Canada offrent des parties gratuites sur les jeux de casino populaires. Vous pouvez donc vous attendre \u00e0 obtenir des tours gratuits sur des machines \u00e0 sous comme Book of Dead ou Starburst. <\/p>\n<p>On y retrouver surtout des jeux Microgaming ou Netent &#8211; puisque ces deux fournisseurs sont parmis les plus jou\u00e9s. Alors, imaginez cela &#8211; vous pourriez jouer gratuitement sur vos jeux pr\u00e9f\u00e9r\u00e9s pour gagner de l&#8217;argent r\u00e9el! G\u00e9nial, non?<\/p>\n<p>Voici une liste des jeux de machines \u00e0 sous les plus populaires pour les bonus casino sans condition de mise:<\/p>\n<ul>\n<li><strong>Book Of Dead \u2013 <\/strong>Ce jeu de machine \u00e0 sous classique de Play&#8217;n Go est l&#8217;un des jeux les plus populaire depuis 2014. Book of Dead a un RTP d\u00e9cent de 96.2%, et vous pouvez jouer avec des mises \u00e0 0.10$ jusqu&#8217;\u00e0 100$ par tour. Toutefois, il y a un maximum de pi\u00e8ce \u00e0 gagner &#8211; soit 5000 fois votre mise. Essayez la fonctionnalit\u00e9 &#8220;Gamble&#8221;, qui vous permet de doubler\/quadrupler vos gains en essayant de trouver la couleur et la sorte d&#8217;une carte.<\/li>\n<li><strong>Wolf Gold \u2013 <\/strong>Ce jeu de Pragmatic Play a un th\u00e8me am\u00e9ricain et animal. Wolf Gold est un beau jeu de machine \u00e0 sous vid\u00e9o. Toutefois, les joueurs l&#8217;adorent vu les fonctionnalit\u00e9s bonus et le jackpot fixe. Vous pouvez choisir entre les wilds, les re-spins et plus encore d\u00e8s le d\u00e9but pour gagnez jusqu&#8217;\u00e0 250$ en Mega Jackpot.<\/li>\n<li><strong>Starburst \u2013 <\/strong>NetEnt a cr\u00e9\u00e9 un bon nombre de machine \u00e0 sous et Starburst est l&#8217;un des jeux iconiques de Netent. Ses graphiques et cons sont simples, mais \u00e9l\u00e9gants et vous y trouverez des fonctionnalit\u00e9s pour augmenter vos gains.<\/li>\n<li><strong>9 Masks of Fire &#8211; <\/strong>Ce jeu de machine \u00e0 sous Microgaming a un RTP \u00e9lev\u00e9 de 96.24%. Il est tr\u00e8s populaire pour jouer vos bonus casino.<\/li>\n<\/ul>\n<p>Vous trouverez \u00e9galement des jeux gratuits comme Finn and the Swirly Spin, Cash Bandits, Piggy Bang, Bonanza, Jammin Jars, et Immortal Romance.<\/p>\n<h2>Casinos Sans Conditions de Mise : Conservez ce que vous Gagnez<\/h2>\n<p>Lorsque vous jouez sur un casino sans conditions, vous conservez ce que vous gagnez. C&#8217;est aussi simple que \u00e7a. Toutefois, les tours gratuits sans conditions de mise sont vraiment rares. Les nouveaux joueurs peuvent obtenir des bonus en tours gratuits en faisant un d\u00e9p\u00f4t. Cela dit, la plupart des casinos en ligne ajoutent des conditions de mise et ne prennent aucun risque.<\/p>\n<p>Lorsque vous choisissez un casino en ligne, assurez vous de v\u00e9rifier la dur\u00e9e du bonus casino. Inutile d&#8217;essayer de trouver le casino parfait pendant des heures, consultez simplement cette page pour trouver les derni\u00e8res offres sans conditions. Les offres de bonus list\u00e9es sur cette page viennent sans conditions cach\u00e9es.<\/p>\n","protected":false},"excerpt":{"rendered":"<p>Casino Sans Conditions de Mise Dans ce guide, vous trouverez le meilleur casino en ligne Canada sans condition de mise qui offrent des bonus et tours gratuits sans wager. Les joueurs peuvent donc obtenir de l&#8217;argent r\u00e9el sans avoir \u00e0 suivre des conditions. Vous pouvez obtenir jusqu&#8217;\u00e0 200 tours gratuits sans condition. PlayOJO Casino: PlayOJO [&hellip;]<\/p>\n","protected":false},"author":123,"featured_media":0,"parent":4838,"menu_order":0,"comment_status":"closed","ping_status":"closed","template":"","meta":{"inline_featured_image":false,"_glsr_average":0,"_glsr_ranking":0,"_glsr_reviews":0,"footnotes":""},"class_list":["post-12384","page","type-page","status-publish","hentry"],"yoast_head":"<!-- This site is optimized with the Yoast SEO plugin v27.3 - https:\/\/yoast.com\/product\/yoast-seo-wordpress\/ -->\n<title>Casino Sans Wager \ud83c\udf96\ufe0f Top sans conditions de mise<\/title>\n<meta name=\"description\" content=\"Offres sans condition de mises | Obtenez des tours gratuits sans wager et conservez ce que vous gagnez et jouez sans risque.\" \/>\n<meta name=\"robots\" content=\"index, follow, max-snippet:-1, max-image-preview:large, max-video-preview:-1\" \/>\n<link rel=\"canonical\" href=\"https:\/\/www.bonus.ca\/fr\/casino-bonus\/sans-conditions\" \/>\n<meta property=\"og:type\" content=\"article\" \/>\n<meta property=\"og:title\" content=\"Casino Sans Wager \ud83c\udf96\ufe0f Top sans conditions de mise\" \/>\n<meta property=\"og:description\" content=\"Offres sans condition de mises | Obtenez des tours gratuits sans wager et conservez ce que vous gagnez et jouez sans risque.\" \/>\n<meta property=\"og:url\" content=\"https:\/\/www.bonus.ca\/fr\/casino-bonus\/sans-conditions\" \/>\n<meta property=\"article:modified_time\" content=\"2026-03-09T13:18:12+00:00\" \/>\n<meta property=\"og:image\" content=\"https:\/\/mediafr.bonus.ca\/images\/casino-sans-wager.png\" \/>\n\t<meta property=\"og:image:width\" content=\"1544\" \/>\n\t<meta property=\"og:image:height\" content=\"928\" \/>\n\t<meta property=\"og:image:type\" content=\"image\/png\" \/>\n<meta name=\"twitter:card\" content=\"summary_large_image\" \/>\n<meta name=\"twitter:label1\" content=\"Est. reading time\" \/>\n\t<meta name=\"twitter:data1\" content=\"8 minutes\" \/>\n<!-- \/ Yoast SEO plugin. -->","yoast_head_json":{"title":"Casino Sans Wager \ud83c\udf96\ufe0f Top sans conditions de mise","description":"Offres sans condition de mises | Obtenez des tours gratuits sans wager et conservez ce que vous gagnez et jouez sans risque.","robots":{"index":"index","follow":"follow","max-snippet":"max-snippet:-1","max-image-preview":"max-image-preview:large","max-video-preview":"max-video-preview:-1"},"canonical":"https:\/\/www.bonus.ca\/fr\/casino-bonus\/sans-conditions","og_type":"article","og_title":"Casino Sans Wager \ud83c\udf96\ufe0f Top sans conditions de mise","og_description":"Offres sans condition de mises | Obtenez des tours gratuits sans wager et conservez ce que vous gagnez et jouez sans risque.","og_url":"https:\/\/www.bonus.ca\/fr\/casino-bonus\/sans-conditions","article_modified_time":"2026-03-09T13:18:12+00:00","og_image":[{"width":1544,"height":928,"url":"https:\/\/mediafr.bonus.ca\/images\/casino-sans-wager.png","type":"image\/png"}],"twitter_card":"summary_large_image","twitter_misc":{"Est. reading time":"8 minutes"},"schema":{"@context":"https:\/\/schema.org","@graph":[{"@type":"WebPage","@id":"https:\/\/www.bonus.ca\/fr\/casino-bonus\/sans-conditions","url":"https:\/\/www.bonus.ca\/fr\/casino-bonus\/sans-conditions","name":"Casino Sans Wager \ud83c\udf96\ufe0f Top sans conditions de mise","isPartOf":{"@id":"https:\/\/www.bonus.ca\/fr\/#website"},"primaryImageOfPage":{"@id":"https:\/\/www.bonus.ca\/fr\/casino-bonus\/sans-conditions#primaryimage"},"image":{"@id":"https:\/\/www.bonus.ca\/fr\/casino-bonus\/sans-conditions#primaryimage"},"thumbnailUrl":"https:\/\/www.bonus.ca\/fr\/images\/casino-sans-wager.png","datePublished":"2021-01-19T09:24:04+00:00","dateModified":"2026-03-09T13:18:12+00:00","description":"Offres sans condition de mises | Obtenez des tours gratuits sans wager et conservez ce que vous gagnez et jouez sans risque.","breadcrumb":{"@id":"https:\/\/www.bonus.ca\/fr\/casino-bonus\/sans-conditions#breadcrumb"},"inLanguage":"en-US","potentialAction":[{"@type":"ReadAction","target":["https:\/\/www.bonus.ca\/fr\/casino-bonus\/sans-conditions"]}]},{"@type":"ImageObject","inLanguage":"en-US","@id":"https:\/\/www.bonus.ca\/fr\/casino-bonus\/sans-conditions#primaryimage","url":"https:\/\/mediafr.bonus.ca\/images\/casino-sans-wager.png","contentUrl":"https:\/\/mediafr.bonus.ca\/images\/casino-sans-wager.png","width":1544,"height":928,"caption":"D\u00e9couvrez notre s\u00e9lection de casinos en ligne sans conditions de mise, offrant des bonus sans exigences de pari."},{"@type":"BreadcrumbList","@id":"https:\/\/www.bonus.ca\/fr\/casino-bonus\/sans-conditions#breadcrumb","itemListElement":[{"@type":"ListItem","position":1,"name":"Home","item":"https:\/\/www.bonus.ca\/fr\/"},{"@type":"ListItem","position":2,"name":"Bonus Casino","item":"https:\/\/www.bonus.ca\/fr\/casino-bonus"},{"@type":"ListItem","position":3,"name":"Casino Sans Conditions de Mise"}]},{"@type":"WebSite","@id":"https:\/\/www.bonus.ca\/fr\/#website","url":"https:\/\/www.bonus.ca\/fr\/","name":"BonusFinder Canada (Fran\u00e7ais)","description":"La source de bonus n\u00b0 1 au Canada","potentialAction":[{"@type":"SearchAction","target":{"@type":"EntryPoint","urlTemplate":"https:\/\/www.bonus.ca\/fr\/?s={search_term_string}"},"query-input":{"@type":"PropertyValueSpecification","valueRequired":true,"valueName":"search_term_string"}}],"inLanguage":"en-US"}]}},"_links":{"self":[{"href":"https:\/\/www.bonus.ca\/fr\/wp-json\/wp\/v2\/pages\/12384","targetHints":{"allow":["GET"]}}],"collection":[{"href":"https:\/\/www.bonus.ca\/fr\/wp-json\/wp\/v2\/pages"}],"about":[{"href":"https:\/\/www.bonus.ca\/fr\/wp-json\/wp\/v2\/types\/page"}],"author":[{"embeddable":true,"href":"https:\/\/www.bonus.ca\/fr\/wp-json\/wp\/v2\/users\/123"}],"replies":[{"embeddable":true,"href":"https:\/\/www.bonus.ca\/fr\/wp-json\/wp\/v2\/comments?post=12384"}],"version-history":[{"count":11,"href":"https:\/\/www.bonus.ca\/fr\/wp-json\/wp\/v2\/pages\/12384\/revisions"}],"predecessor-version":[{"id":25684,"href":"https:\/\/www.bonus.ca\/fr\/wp-json\/wp\/v2\/pages\/12384\/revisions\/25684"}],"up":[{"embeddable":true,"href":"https:\/\/www.bonus.ca\/fr\/wp-json\/wp\/v2\/pages\/4838"}],"wp:attachment":[{"href":"https:\/\/www.bonus.ca\/fr\/wp-json\/wp\/v2\/media?parent=12384"}],"curies":[{"name":"wp","href":"https:\/\/api.w.org\/{rel}","templated":true}]}}