{"id":12968,"date":"2021-06-13T07:40:11","date_gmt":"2021-06-13T07:40:11","guid":{"rendered":"https:\/\/www.bonus.ca\/fr\/?page_id=12968"},"modified":"2026-03-09T14:02:15","modified_gmt":"2026-03-09T14:02:15","slug":"instadebit","status":"publish","type":"page","link":"https:\/\/www.bonus.ca\/fr\/casino-en-ligne\/instadebit","title":{"rendered":"Instad\u00e9bit Casino"},"content":{"rendered":"<h2>Casinos Instadebit au Canada<\/h2>\n<p>Instad\u00e9bit est une m\u00e9thode bancaire qui vous permet de transf\u00e9rer de l&#8217;argent depuis votre compte bancaire. Cette option a \u00e9t\u00e9 lanc\u00e9e au Canada et c&#8217;est pourquoi de nombreux joueurs canadiens aiment l&#8217;utiliser.<\/p>\n<p>Lorsque vous utilisez Instad\u00e9bit comme m\u00e9thode bancaire dans le <a href=\"https:\/\/www.bonus.ca\/fr\/casino-en-ligne\/le-plus-payant\">casino en ligne le plus payant<\/a>, le tout se fait facilement, que ce soit pour vos d\u00e9p\u00f4ts ou vos retraits. <\/p>\n<p>Vous pourrez obtenir un bonus de bienvenue allant jusqu&#8217;\u00e0 1800$ en choisissant un casino Instad\u00e9bit. Voici liste de casinos Instadebit disponibles au Canada en 2026:  <\/p>\n<p>[table_start]<br \/>\n[table_head column-1=&#8217;<strong>Instadebit Casino<\/strong>&#8216; column-3=&#8217;<strong>Bonus<\/strong>&#8216;]<br \/>\n[table_row column-1=&#8217;<strong>Jackpot City Casino<\/strong>&#8216; column-3=&#8217;400$ en bonus&#8217;]<br \/>\n[table_row  column-1=&#8217;<strong>LeoVegas<\/strong>&#8216; column-3=&#8217;1500$ en bonus&#8217;]<br \/>\n[table_row  column-1=&#8217;<strong>Wildz<\/strong>&#8216; column-3=&#8217;2000$ en bonus&#8217;]<br \/>\n[table_row  column-1=&#8217;<strong>Pokerstars Casino<\/strong>&#8216; column-3=&#8217;2000$ en bonus&#8217;]<br \/>\n[table_row  column-1=&#8217;<strong>Spin Casino<\/strong>&#8216; column-3=&#8217;1000$ en bonus&#8217;]<br \/>\n[table_row  column-1=&#8217;<strong>Betway Casino<\/strong>&#8216; column-3=&#8217;1800$ en bonus&#8217;]<br \/>\n[table_row  column-1=&#8217;<strong>Casino Days<\/strong>&#8216; column-3=&#8217;1000$ en bonus&#8217;]<br \/>\n[table_row  column-1=&#8217;<strong>Casumo<\/strong>&#8216; column-3=&#8217;500$ en bonus&#8217;]<br \/>\n[table_row  column-1=&#8217;<strong>Wheelz Casino<\/strong>&#8216; column-3=&#8217;80$ en  bonus&#8217;]<br \/>\n[table_row  column-1=&#8217;<strong>LuckyDays<\/strong>&#8216; column-3=&#8217;1500$ en bonus&#8217;]<br \/>\n[table_end]<\/p>\n<div id=\"attachment_23915\" style=\"width: 1546px\" class=\"wp-caption alignnone\"><img loading=\"lazy\" decoding=\"async\" aria-describedby=\"caption-attachment-23915\" src=\"https:\/\/www.bonus.ca\/fr\/images\/Instadebit.png\" alt=\"M\u00e9thode de paiement InstaDebit\" width=\"1536\" height=\"920\" class=\"size-full wp-image-23915\" srcset=\"https:\/\/mediafr.bonus.ca\/images\/Instadebit.png 1536w, https:\/\/mediafr.bonus.ca\/images\/Instadebit-300x180.png 300w, https:\/\/mediafr.bonus.ca\/images\/Instadebit-1024x613.png 1024w, https:\/\/mediafr.bonus.ca\/images\/Instadebit-1048x628.png 1048w, https:\/\/mediafr.bonus.ca\/images\/Instadebit-90x54.png 90w\" sizes=\"auto, (max-width: 1536px) 100vw, 1536px\" \/><p id=\"caption-attachment-23915\" class=\"wp-caption-text\">Instad\u00e9bit est une m\u00e9thode bancaire de confiance disponible dans les meilleurs casinos en ligne canadiens.<\/p><\/div>\n<h3>Meilleur casino Instadebit: Jackpot City<\/h3>\n<p><a href=\"https:\/\/www.bonus.ca\/fr\/jackpot-city\">Jackpot City<\/a> est le meilleur casino en ligne Instadebit au Canada. En effet, bien qu&#8217;il y ait plusieurs casinos. Jackpot City gagne haut la main puisque son bonus de bienvenue est tr\u00e8s \u00e9lev\u00e9!<\/p>\n<p>On parle ici d&#8217;un bonus casino en \u00e9tapes. 1600$ en bonus ainsi que 80 tours gratuits sur Mega Moolah, le faiseur de millionnaires!<\/p>\n<p>En plus d&#8217;offrir un bon bonus de bienvenue, Jackpot City offre une bonne s\u00e9lection de m\u00e9thodes bancaires, une collection de jeux \u00e9norme (incluant du vid\u00e9o poker et des jeux en direct) ainsi qu&#8217;un mini d\u00e9p\u00f4t minimum (1$).<\/p>\n<div id=\"attachment_16379\" style=\"width: 1546px\" class=\"wp-caption alignnone\"><img loading=\"lazy\" decoding=\"async\" aria-describedby=\"caption-attachment-16379\" src=\"https:\/\/www.bonus.ca\/fr\/images\/jackpotcity-logo-CAFR.png\" alt=\"Jackpotcity-logo\" width=\"1536\" height=\"920\" class=\"size-full wp-image-16379\" srcset=\"https:\/\/mediafr.bonus.ca\/images\/jackpotcity-logo-CAFR.png 1536w, https:\/\/mediafr.bonus.ca\/images\/jackpotcity-logo-CAFR-300x180.png 300w, https:\/\/mediafr.bonus.ca\/images\/jackpotcity-logo-CAFR-1024x613.png 1024w, https:\/\/mediafr.bonus.ca\/images\/jackpotcity-logo-CAFR-1048x628.png 1048w, https:\/\/mediafr.bonus.ca\/images\/jackpotcity-logo-CAFR-90x54.png 90w\" sizes=\"auto, (max-width: 1536px) 100vw, 1536px\" \/><p id=\"caption-attachment-16379\" class=\"wp-caption-text\">Les joueurs canadiens peuvent jouer avec 1600$ en bonus au Casino Jackpot City. Ce dernier accepte Instad\u00e9bit et offre un \u00e9norme bonus incluant 80 tours gratuits pour 1$.<\/p><\/div>\n<h2>Bonus casino Instad\u00e9bit Canada<\/h2>\n<p>Bien que Jackpot City soit notre choix #1 en 2026, plusieurs <a href=\"https:\/\/www.bonus.ca\/fr\/casino-en-ligne\/nouveaux\">nouveaux casinos<\/a> offrent aussi Instad\u00e9bit comme m\u00e9thode bancaire. Voici quelques casinos acceptant Instadebit :<\/p>\n<ul>\n<li><strong>LeoVegas Casino:<\/strong> 200 FS + 1500$ en Bonus<\/li>\n<li><strong>Spin Casino:<\/strong> 170 Tours Gratuits + 1000$ en Bonus<\/li>\n<li><strong>Casino.com:<\/strong> 200 Free Spins + 1200$ en Bonus<\/li>\n<li><strong>Woo Casino:<\/strong> 200 Tours Gratuits + 300$ en Bonus<\/li>\n<li><strong>Megarush:<\/strong> 2500$ en Bonus<\/li>\n<li><strong>Yukon Gold Casino:<\/strong> 150 FS + 150$ en Bonus<\/li>\n<li><strong>BitStarz Casino:<\/strong> 30 Tours Gratuits Sans D\u00e9p\u00f4t + 180 FS + 2000$<\/li>\n<li><strong>Royal Vegas:<\/strong> 130 free spin + 1200$ en Bonus<\/li>\n<\/ul>\n<p>Cela dit, peu importe si vous choisissez Jackpot City ou l&#8217;un des casinos mentionn\u00e9s sur cette liste, tout ira bien. Jetez un oeil \u00e0 leur bonus de bienvenue pour vous assurer d&#8217;en avoir pour votre argent. Certains casinos en ligne offrent plus de jeux casino gratuits avec bonus, alors lisez nos avis avant de vous d\u00e9cider.<\/p>\n<div id=\"attachment_17732\" style=\"width: 1554px\" class=\"wp-caption alignnone\"><img loading=\"lazy\" decoding=\"async\" aria-describedby=\"caption-attachment-17732\" src=\"https:\/\/www.bonus.ca\/fr\/images\/instadebit_casino_bonus_2024.png\" alt=\"instadebit casino bonus 2025\" width=\"1544\" height=\"928\" class=\"size-full wp-image-17732\" \/><p id=\"caption-attachment-17732\" class=\"wp-caption-text\">Bonus casino en ligne Instade\u0301bit 2026!<\/p><\/div>\n<h2>\u00c0 propos <\/h2>\n<p><strong>Instad\u00e9bit n&#8217;est pas un portefeuille \u00e9lectronique. Alors, qu&#8217;est-ce que c&#8217;est?<\/strong><\/p>\n<p>Il s&#8217;agit d&#8217;une m\u00e9thode bancaire en ligne s\u00e9curis\u00e9 qui vous permet de faire des paiements depuis votre compte bancaire canadien. Cela dit, vous pouvez transf\u00e9rer de l&#8217;argent directement depuis votre compte.<\/p>\n<p>Pour utiliser Instad\u00e9bit dans un casino en ligne, vous n&#8217;aurez qu&#8217;\u00e0 s\u00e9lectionner l&#8217;option Instad\u00e9bit lors du paiment. Ensuite, vous vous connecterez sur votre compte Instad\u00e9bit pour approuver la transaction. Et voil\u00e0, le tour est jou\u00e9!<\/p>\n<h3>Comment s&#8217;inscrire <\/h3>\n<p>Pour pouvoir utiliser Instad\u00e9bit, vous devrez cr\u00e9er un compte. La proc\u00e9dure est simple et rapide, et vous pourrez enregistrer votre compte bancaire en faisant votre premi\u00e8re transaction dans un <a href=\"https:\/\/www.bonus.ca\/fr\/casino-en-ligne\">casino en ligne populaire canadien<\/a>.<\/p>\n<p>Si vous pr\u00e9f\u00e9rez, vous pourrez cr\u00e9er votre compte avant, directement sur le site de casino Instad\u00e9bit. Cliquez simplement sur le bouton &#8220;Inscription&#8221; pour d\u00e9buter. <\/p>\n<p>Ensuite, vous devrez entrer vos informations personelles (nom, adresse, courriel, date de naissance, les 4 derniers chiffres de votre num\u00e9ro d&#8217;assurance sociale ainsi que vos informations bancaires).<\/p>\n<h3>Comment faire un d\u00e9p\u00f4t Instad\u00e9bit?<\/h3>\n<ol>\n<li><strong>Choisissez un casino acceptant Instadebit :<\/strong><br \/>\nUtilisez la liste de casinos offrant Instad\u00e9bit plus haut sur cette page pour faire votre choix.<\/li>\n<li><strong>Cr\u00e9ez un compte :<\/strong><br \/>\nCliquez sur le bouton &#8220;Obtenez ce Bonus&#8221; pour cr\u00e9er un compte et choisissez le bonus qui vous convient.<\/li>\n<li><strong>Rendez-vous \u00e0 la caisse pour faire un d\u00e9p\u00f4t :<\/strong><br \/>\nCompl\u00e9tez votre inscription et entrez un montant. Ensuite, choisissez Instad\u00e9bit pour faire votre transaction. Notez que vous devrez cr\u00e9er un compte Instad\u00e9bit d&#8217;abord. Lorsque vous s\u00e9lectionnez cette m\u00e9thode, vous serez redirig\u00e9 sur le site d&#8217;Instad\u00e9bit.Connectez-vous alors sur votre compte pour approuver la transaction.<\/li>\n<li><strong>Jouez avec plus:<\/strong><br \/>\nLorsque la transaction est compl\u00e9t\u00e9e, jouez avec votre bonus casino et amusez-vous!<\/li>\n<\/ol>\n<h3>Comment faire un retrait Instad\u00e9bit<\/h3>\n<p>Les \u00e9tapes pour faire une demande de retrait Instad\u00e9bit sont presque les m\u00eames qu&#8217;avec une autre m\u00e9thode de retrait. Vous devrez aller \u00e0 la caisse, faire une demande de retrait en choisissant Instad\u00e9bit et entrez le montant \u00e0 retirer.<\/p>\n<p>Notez que la transaction ne sera pas trait\u00e9e imm\u00e9diatement. En effet, le d\u00e9lais peut prendre de 24 \u00e0 72 heures.<\/p>\n<h2>Avantages et inconv\u00e9nient <\/h2>\n<p>Il n&#8217;y a pas beaucoup de d\u00e9savantages lorsque vous choisissez Instad\u00e9bit comme m\u00e9thode bancaire dans un casino en ligne, mais le tout n&#8217;est pas encore parfait. <\/p>\n<p>D\u00e9butons le tout avec avantages Instad\u00e9bit.<\/p>\n<h3>Avantages Instadebit<\/h3>\n<p>En plus d&#8217;offrir un syst\u00e8me s\u00e9curitaire, Instad\u00e9bit offre plusieurs autres avantages dont:<\/p>\n<p>\t<div class=\"pros-cons-item pro list-item\">\n\t\t<div class=\"list-item-icon\">\n\t\t\t<div class=\"icon-small\">\n\t\t\t\t<svg width=\"100%\" height=\"100%\" viewBox=\"0 0 24 24\" fill=\"none\" xmlns=\"http:\/\/www.w3.org\/2000\/svg\" aria-labelledby=\"proTitle proDesc\">\n\t<title id=\"proTitle\">Plus sign<\/title>\n\t<desc id=\"proDesc\">White plus sign on green background<\/desc>\n\t<path d=\"M15 3C15 2.44772 14.5523 2 14 2L10 2C9.44772 2 9 2.44772 9 3V9H3C2.44772 9 2 9.44772 2 10V14C2 14.5523 2.44772 15 3 15H9V21C9 21.5523 9.44771 22 10 22H14C14.5523 22 15 21.5523 15 21V15H21C21.5523 15 22 14.5523 22 14V10C22 9.44772 21.5523 9 21 9H15V3Z\" fill=\"currentColor\"><\/path>\n<\/svg>\n\n\t\t\t<\/div>\n\t\t<\/div>\n\t\t<div class=\"text\"><strong>L'inscription est facile et rapide<\/strong><\/div>\n\t<\/div>\n<br \/>\n\t<div class=\"pros-cons-item pro list-item\">\n\t\t<div class=\"list-item-icon\">\n\t\t\t<div class=\"icon-small\">\n\t\t\t\t<svg width=\"100%\" height=\"100%\" viewBox=\"0 0 24 24\" fill=\"none\" xmlns=\"http:\/\/www.w3.org\/2000\/svg\" aria-labelledby=\"proTitle proDesc\">\n\t<title id=\"proTitle\">Plus sign<\/title>\n\t<desc id=\"proDesc\">White plus sign on green background<\/desc>\n\t<path d=\"M15 3C15 2.44772 14.5523 2 14 2L10 2C9.44772 2 9 2.44772 9 3V9H3C2.44772 9 2 9.44772 2 10V14C2 14.5523 2.44772 15 3 15H9V21C9 21.5523 9.44771 22 10 22H14C14.5523 22 15 21.5523 15 21V15H21C21.5523 15 22 14.5523 22 14V10C22 9.44772 21.5523 9 21 9H15V3Z\" fill=\"currentColor\"><\/path>\n<\/svg>\n\n\t\t\t<\/div>\n\t\t<\/div>\n\t\t<div class=\"text\"><strong>Vous pourrez faire un retrait et d\u00e9p\u00f4t en utilisant Instad\u00e9bit (aussi disponible sur les versions mobiles)<\/strong><\/div>\n\t<\/div>\n<br \/>\n\t<div class=\"pros-cons-item pro list-item\">\n\t\t<div class=\"list-item-icon\">\n\t\t\t<div class=\"icon-small\">\n\t\t\t\t<svg width=\"100%\" height=\"100%\" viewBox=\"0 0 24 24\" fill=\"none\" xmlns=\"http:\/\/www.w3.org\/2000\/svg\" aria-labelledby=\"proTitle proDesc\">\n\t<title id=\"proTitle\">Plus sign<\/title>\n\t<desc id=\"proDesc\">White plus sign on green background<\/desc>\n\t<path d=\"M15 3C15 2.44772 14.5523 2 14 2L10 2C9.44772 2 9 2.44772 9 3V9H3C2.44772 9 2 9.44772 2 10V14C2 14.5523 2.44772 15 3 15H9V21C9 21.5523 9.44771 22 10 22H14C14.5523 22 15 21.5523 15 21V15H21C21.5523 15 22 14.5523 22 14V10C22 9.44772 21.5523 9 21 9H15V3Z\" fill=\"currentColor\"><\/path>\n<\/svg>\n\n\t\t\t<\/div>\n\t\t<\/div>\n\t\t<div class=\"text\"><strong>Les transactions Instad\u00e9bit sont rapides et pas ch\u00e8res<\/strong><\/div>\n\t<\/div>\n<br \/>\n\t<div class=\"pros-cons-item pro list-item\">\n\t\t<div class=\"list-item-icon\">\n\t\t\t<div class=\"icon-small\">\n\t\t\t\t<svg width=\"100%\" height=\"100%\" viewBox=\"0 0 24 24\" fill=\"none\" xmlns=\"http:\/\/www.w3.org\/2000\/svg\" aria-labelledby=\"proTitle proDesc\">\n\t<title id=\"proTitle\">Plus sign<\/title>\n\t<desc id=\"proDesc\">White plus sign on green background<\/desc>\n\t<path d=\"M15 3C15 2.44772 14.5523 2 14 2L10 2C9.44772 2 9 2.44772 9 3V9H3C2.44772 9 2 9.44772 2 10V14C2 14.5523 2.44772 15 3 15H9V21C9 21.5523 9.44771 22 10 22H14C14.5523 22 15 21.5523 15 21V15H21C21.5523 15 22 14.5523 22 14V10C22 9.44772 21.5523 9 21 9H15V3Z\" fill=\"currentColor\"><\/path>\n<\/svg>\n\n\t\t\t<\/div>\n\t\t<\/div>\n\t\t<div class=\"text\"><strong>Instad\u00e9bit supporte le dollar canadien et am\u00e9rican<\/strong><\/div>\n\t<\/div>\n<br \/>\n\t<div class=\"pros-cons-item pro list-item\">\n\t\t<div class=\"list-item-icon\">\n\t\t\t<div class=\"icon-small\">\n\t\t\t\t<svg width=\"100%\" height=\"100%\" viewBox=\"0 0 24 24\" fill=\"none\" xmlns=\"http:\/\/www.w3.org\/2000\/svg\" aria-labelledby=\"proTitle proDesc\">\n\t<title id=\"proTitle\">Plus sign<\/title>\n\t<desc id=\"proDesc\">White plus sign on green background<\/desc>\n\t<path d=\"M15 3C15 2.44772 14.5523 2 14 2L10 2C9.44772 2 9 2.44772 9 3V9H3C2.44772 9 2 9.44772 2 10V14C2 14.5523 2.44772 15 3 15H9V21C9 21.5523 9.44771 22 10 22H14C14.5523 22 15 21.5523 15 21V15H21C21.5523 15 22 14.5523 22 14V10C22 9.44772 21.5523 9 21 9H15V3Z\" fill=\"currentColor\"><\/path>\n<\/svg>\n\n\t\t\t<\/div>\n\t\t<\/div>\n\t\t<div class=\"text\"><strong>Instad\u00e9bit offre un service \u00e0 la client\u00e8le de qualit\u00e9 qui est disponible en tout temps via le clavardage en direct<\/strong><\/div>\n\t<\/div>\n<\/p>\n<h3>Inconv\u00e9nients Instadebit<\/h3>\n<p>Maintenant, jetons un oeil aux d\u00e9savantages Instad\u00e9bit. <\/p>\n<p><div class=\"pros-cons-item con list-item\">\n\t\t<div class=\"list-item-icon\">\n\t\t\t<div class=\"icon-small\">\n\t\t\t\t<svg width=\"100%\" height=\"100%\" viewBox=\"0 0 24 24\" fill=\"none\" xmlns=\"http:\/\/www.w3.org\/2000\/svg\" aria-labelledby=\"conTitle conDesc\">\n\t<title id=\"conTitle\">Minus sign<\/title>\n\t<desc id=\"conDesc\">White minus sign on red background<\/desc>\n\t<rect x=\"2\" y=\"9\" width=\"20\" height=\"6\" rx=\"1\" fill=\"currentColor\"><\/rect>\n<\/svg>\n\n\t\t\t<\/div>\n\t\t<\/div>\n\t\t<div class=\"text\"><strong>Instadebit ne fonctionne pas avec toutes les banques canadiennes<\/strong><\/div>\n\t<\/div>\n<br \/>\n<div class=\"pros-cons-item con list-item\">\n\t\t<div class=\"list-item-icon\">\n\t\t\t<div class=\"icon-small\">\n\t\t\t\t<svg width=\"100%\" height=\"100%\" viewBox=\"0 0 24 24\" fill=\"none\" xmlns=\"http:\/\/www.w3.org\/2000\/svg\" aria-labelledby=\"conTitle conDesc\">\n\t<title id=\"conTitle\">Minus sign<\/title>\n\t<desc id=\"conDesc\">White minus sign on red background<\/desc>\n\t<rect x=\"2\" y=\"9\" width=\"20\" height=\"6\" rx=\"1\" fill=\"currentColor\"><\/rect>\n<\/svg>\n\n\t\t\t<\/div>\n\t\t<\/div>\n\t\t<div class=\"text\"><strong>Les utilisateurs peuvent li\u00e9 leur compte une fois seulement<\/strong><\/div>\n\t<\/div>\n<\/p>\n<h2>Autres m\u00e9thodes bancaires \u00e0 consid\u00e9rer<\/h2>\n<p>Instad\u00e9bit est une m\u00e9thode bancaire canadienne alors c&#8217;est facile \u00e0 utiliser. Toutefois, si vous aimez utiliser de nouvelles options bancaires, il y a plusieurs m\u00e9thodes qui s&#8217;offrent \u00e0 vous. <\/p>\n<p>En effet, certains joueurs pr\u00e9f\u00e8rent utiliser une carte de cr\u00e9dit ou un portefeuille \u00e9lectronique comme iD\u00e9bit. D&#8217;autres adorent les <a href=\"https:\/\/www.bonus.ca\/fr\/casino-en-ligne\/interac\">casinos Interac<\/a> ou les transferts bancaires plus traditionnels.<\/p>\n<p>Peu importe la m\u00e9thode choisie, gardez en t\u00eate que la s\u00e9curit\u00e9 est tout ce qui compte vraiment. La compagnie Instad\u00e9bit comprends bien cela et c&#8217;est pourquoi elle propose 4 diff\u00e9rents \u00e9l\u00e9ments de s\u00e9curit\u00e9:<\/p>\n<ol>\n<li><strong>Protection des donn\u00e9es:<\/strong> <br \/> Votre compte bancaire est prot\u00e9g\u00e9 par Instad\u00e9bit et l&#8217;information ne sera jamais partag\u00e9e avec les marchants.<\/li>\n<li><strong>V\u00e9rification de l&#8217;identit\u00e9:<\/strong> <br \/> Instad\u00e9bit v\u00e9rifie votre date de naissance ainsi que les 4 derniers chiffres de votre num\u00e9ro d&#8217;assurance sociale lors de votre inscription pour confirmer votre identit\u00e9 et prot\u00e9ger vos transactions.<\/li>\n<li><strong>Contr\u00f4le de la vie priv\u00e9e:<\/strong> <br \/> Votre vie priv\u00e9e et vos transactions sont r\u00e9gul\u00e9s et monitor\u00e9s par une compagnie de s\u00e9curit\u00e9 nomm\u00e9e VeriSign.<\/li>\n<li><strong>Transmission s\u00e9curitaire:<\/strong><br \/> Comme toutes les options bancaires canadiennes, Instad\u00e9bit offre un environemmment s\u00e9curis\u00e9 pour vos informations bancaires.<\/li>\n<\/ol>\n<p>Plusieurs m\u00e9thodes bancaires permettent aux joueurs canadiens de jouer sur des machines \u00e0 sous en ligne, vid\u00e9o poker et jeux en direct.<\/p>\n<p>Lorsque vous utilisez une m\u00e9thode de qualit\u00e9, vous serez en mesure de jouer de fa\u00e7on instantann\u00e9e. Les meilleurs casinos en ligne acceptent les m\u00e9thodes bancaires faciles comme les transferts bancaires, carte de cr\u00e9dit ou de d\u00e9bit.<\/p>\n<p><strong>Voici une vue d&#8217;ensemble de la m\u00e9thode de paiement InstaDebit:<\/strong><\/p>\n<p>[table_start]<br \/>\n[table_row column-1=&#8221;<strong>Inscription <\/strong>&#8221; column-3=&#8217;GRATUITE&#8217;]<br \/>\n[table_row column-1=&#8217;<strong>InstaDebit Casinos<\/strong>&#8216; column-3=&#8217;Plus de 50 sites de casino \u00e9ligibles&#8217;]<br \/>\n[table_row column-1=&#8217;<strong>\u00c2ge minimum<\/strong>&#8216; column-3=&#8217;18+&#8217;]<br \/>\n[table_row column-1=&#8217;<strong>Disponible au <\/strong>&#8216; column-3=&#8217;Canada&#8217;]<br \/>\n[table_row column-1=&#8217;<strong>Exigence<\/strong>&#8216; column-3=&#8217;Compte bancaire canadien&#8217;]<br \/>\n[table_end]<\/p>\n<h2>Casinos mobiles acceptant Instad\u00e9bit au Canada<\/h2>\n<p>Instad\u00e9bit est facile \u00e0 utiliser et fonctionne parfaitement sur mobile. Il n&#8217;y a pas d&#8217;application Instad\u00e9bit puisque le site est optimis\u00e9 pour tous les appareils. <\/p>\n<p>Vous serez donc en mesure de faire vos paiements facilement depuis votre t\u00e9l\u00e9phone portable ou votre tablette.<\/p>\n<p>La plupart des casinos en ligne canadiens sont optimis\u00e9s pour les appareils mobiles. Vous pouvez jouer, obtenir vos bonus casinos et faire des transactions depuis votre t\u00e9l\u00e9phone. <\/p>\n<p>Cela veut donc dire que vous n&#8217;aurez aucun probl\u00e8me avec Instad\u00e9bit sur votre appareil mobile.<\/p>\n<h2>Conclusion<\/h2>\n<p>Lorsque vous utilisez un casino en ligne Instadebit, vous avez l&#8217;assurance que la plateforme respecte les normes de s\u00e9curit\u00e9 et de transparence impos\u00e9es par les r\u00e9gulateurs. <\/p>\n<p>Instad\u00e9bit utilise une technologie crypt\u00e9e s\u00e9curitaire pour s&#8217;assurer que toutes les transactions se fassent en s\u00e9curit\u00e9. Le tout est certifi\u00e9 par McAfee Secure. <\/p>\n<p>Lorsque vous vous inscrivez, vous devrez fournir votre date de naissance ainsi que les 4 derniers chiffres de votre num\u00e9ro d&#8217;assurance sociale pour prot\u00e9ger votre identit\u00e9 ainsi que vos futurs paiements.<\/p>\n<p>Si vous d\u00e9sirez utiliser une m\u00e9thode bancaire canadienne pour faire vos transactions, utilisez Instad\u00e9bit lorsque vous choisissez un casino. <\/p>\n<p>La soci\u00e9t\u00e9 a \u00e9t\u00e9 cr\u00e9e au Canada par des Canadiens. Alors c&#8217;est pourquoi les casinos canadiens l&#8217;offrent aux joueurs. Les transactions sont super rapides et \u00e7a vaut le coup!<\/p>\n","protected":false},"excerpt":{"rendered":"<p>Casinos Instadebit au Canada Instad\u00e9bit est une m\u00e9thode bancaire qui vous permet de transf\u00e9rer de l&#8217;argent depuis votre compte bancaire. Cette option a \u00e9t\u00e9 lanc\u00e9e au Canada et c&#8217;est pourquoi de nombreux joueurs canadiens aiment l&#8217;utiliser. Lorsque vous utilisez Instad\u00e9bit comme m\u00e9thode bancaire dans le casino en ligne le plus payant, le tout se fait [&hellip;]<\/p>\n","protected":false},"author":123,"featured_media":0,"parent":11032,"menu_order":0,"comment_status":"closed","ping_status":"closed","template":"","meta":{"inline_featured_image":false,"_glsr_average":0,"_glsr_ranking":0,"_glsr_reviews":0,"footnotes":""},"class_list":["post-12968","page","type-page","status-publish","hentry"],"yoast_head":"<!-- This site is optimized with the Yoast SEO plugin v27.5 - https:\/\/yoast.com\/product\/yoast-seo-wordpress\/ -->\n<title>Casino en Ligne InstaDebit \ud83c\udf96\ufe0f Canada [year]<\/title>\n<meta name=\"description\" content=\"Les casinos en ligne InstaD\u00e9bit vous permettent de faire vos d\u00e9p\u00f4ts et retraits facilement. Obtenez de gros bonus casino\u202f!\" \/>\n<meta name=\"robots\" content=\"index, follow, max-snippet:-1, max-image-preview:large, max-video-preview:-1\" \/>\n<link rel=\"canonical\" href=\"https:\/\/www.bonus.ca\/fr\/casino-en-ligne\/instadebit\" \/>\n<meta property=\"og:type\" content=\"article\" \/>\n<meta property=\"og:title\" content=\"Casino en Ligne InstaDebit \ud83c\udf96\ufe0f Canada [year]\" \/>\n<meta property=\"og:description\" content=\"Les casinos en ligne InstaD\u00e9bit vous permettent de faire vos d\u00e9p\u00f4ts et retraits facilement. Obtenez de gros bonus casino\u202f!\" \/>\n<meta property=\"og:url\" content=\"https:\/\/www.bonus.ca\/fr\/casino-en-ligne\/instadebit\" \/>\n<meta property=\"article:published_time\" content=\"2021-06-13T07:40:11+00:00\" \/>\n<meta property=\"article:modified_time\" content=\"2026-03-09T14:02:15+00:00\" \/>\n<meta property=\"og:image\" content=\"https:\/\/mediafr.bonus.ca\/images\/Instadebit.png\" \/>\n\t<meta property=\"og:image:width\" content=\"1536\" \/>\n\t<meta property=\"og:image:height\" content=\"920\" \/>\n\t<meta property=\"og:image:type\" content=\"image\/png\" \/>\n<meta name=\"twitter:card\" content=\"summary_large_image\" \/>\n<meta name=\"twitter:label1\" content=\"Est. reading time\" \/>\n\t<meta name=\"twitter:data1\" content=\"8 minutes\" \/>\n<!-- \/ Yoast SEO plugin. -->","yoast_head_json":{"title":"Casino en Ligne InstaDebit \ud83c\udf96\ufe0f Canada [year]","description":"Les casinos en ligne InstaD\u00e9bit vous permettent de faire vos d\u00e9p\u00f4ts et retraits facilement. Obtenez de gros bonus casino\u202f!","robots":{"index":"index","follow":"follow","max-snippet":"max-snippet:-1","max-image-preview":"max-image-preview:large","max-video-preview":"max-video-preview:-1"},"canonical":"https:\/\/www.bonus.ca\/fr\/casino-en-ligne\/instadebit","og_type":"article","og_title":"Casino en Ligne InstaDebit \ud83c\udf96\ufe0f Canada [year]","og_description":"Les casinos en ligne InstaD\u00e9bit vous permettent de faire vos d\u00e9p\u00f4ts et retraits facilement. Obtenez de gros bonus casino\u202f!","og_url":"https:\/\/www.bonus.ca\/fr\/casino-en-ligne\/instadebit","article_published_time":"2021-06-13T07:40:11+00:00","article_modified_time":"2026-03-09T14:02:15+00:00","og_image":[{"width":1536,"height":920,"url":"https:\/\/mediafr.bonus.ca\/images\/Instadebit.png","type":"image\/png"}],"twitter_card":"summary_large_image","twitter_misc":{"Est. reading time":"8 minutes"},"schema":{"@context":"https:\/\/schema.org","@graph":[{"@type":"WebPage","@id":"https:\/\/www.bonus.ca\/fr\/casino-en-ligne\/instadebit","url":"https:\/\/www.bonus.ca\/fr\/casino-en-ligne\/instadebit","name":"Casino en Ligne InstaDebit \ud83c\udf96\ufe0f Canada [year]","isPartOf":{"@id":"https:\/\/www.bonus.ca\/fr\/#website"},"primaryImageOfPage":{"@id":"https:\/\/www.bonus.ca\/fr\/casino-en-ligne\/instadebit#primaryimage"},"image":{"@id":"https:\/\/www.bonus.ca\/fr\/casino-en-ligne\/instadebit#primaryimage"},"thumbnailUrl":"https:\/\/www.bonus.ca\/fr\/images\/Instadebit.png","datePublished":"2021-06-13T07:40:11+00:00","dateModified":"2026-03-09T14:02:15+00:00","description":"Les casinos en ligne InstaD\u00e9bit vous permettent de faire vos d\u00e9p\u00f4ts et retraits facilement. Obtenez de gros bonus casino\u202f!","breadcrumb":{"@id":"https:\/\/www.bonus.ca\/fr\/casino-en-ligne\/instadebit#breadcrumb"},"inLanguage":"en-US","potentialAction":[{"@type":"ReadAction","target":["https:\/\/www.bonus.ca\/fr\/casino-en-ligne\/instadebit"]}]},{"@type":"ImageObject","inLanguage":"en-US","@id":"https:\/\/www.bonus.ca\/fr\/casino-en-ligne\/instadebit#primaryimage","url":"https:\/\/mediafr.bonus.ca\/images\/Instadebit.png","contentUrl":"https:\/\/mediafr.bonus.ca\/images\/Instadebit.png","width":1536,"height":920,"caption":"Instad\u00e9bit est une m\u00e9thode bancaire de confiance disponible dans les meilleurs casinos en ligne canadiens."},{"@type":"BreadcrumbList","@id":"https:\/\/www.bonus.ca\/fr\/casino-en-ligne\/instadebit#breadcrumb","itemListElement":[{"@type":"ListItem","position":1,"name":"Home","item":"https:\/\/www.bonus.ca\/fr\/"},{"@type":"ListItem","position":2,"name":"Casino argent r\u00e9\u00e8l","item":"https:\/\/www.bonus.ca\/fr\/casino-en-ligne"},{"@type":"ListItem","position":3,"name":"Instad\u00e9bit Casino"}]},{"@type":"WebSite","@id":"https:\/\/www.bonus.ca\/fr\/#website","url":"https:\/\/www.bonus.ca\/fr\/","name":"BonusFinder Canada (Fran\u00e7ais)","description":"La source de bonus n\u00b0 1 au Canada","potentialAction":[{"@type":"SearchAction","target":{"@type":"EntryPoint","urlTemplate":"https:\/\/www.bonus.ca\/fr\/?s={search_term_string}"},"query-input":{"@type":"PropertyValueSpecification","valueRequired":true,"valueName":"search_term_string"}}],"inLanguage":"en-US"}]}},"_links":{"self":[{"href":"https:\/\/www.bonus.ca\/fr\/wp-json\/wp\/v2\/pages\/12968","targetHints":{"allow":["GET"]}}],"collection":[{"href":"https:\/\/www.bonus.ca\/fr\/wp-json\/wp\/v2\/pages"}],"about":[{"href":"https:\/\/www.bonus.ca\/fr\/wp-json\/wp\/v2\/types\/page"}],"author":[{"embeddable":true,"href":"https:\/\/www.bonus.ca\/fr\/wp-json\/wp\/v2\/users\/123"}],"replies":[{"embeddable":true,"href":"https:\/\/www.bonus.ca\/fr\/wp-json\/wp\/v2\/comments?post=12968"}],"version-history":[{"count":11,"href":"https:\/\/www.bonus.ca\/fr\/wp-json\/wp\/v2\/pages\/12968\/revisions"}],"predecessor-version":[{"id":25690,"href":"https:\/\/www.bonus.ca\/fr\/wp-json\/wp\/v2\/pages\/12968\/revisions\/25690"}],"up":[{"embeddable":true,"href":"https:\/\/www.bonus.ca\/fr\/wp-json\/wp\/v2\/pages\/11032"}],"wp:attachment":[{"href":"https:\/\/www.bonus.ca\/fr\/wp-json\/wp\/v2\/media?parent=12968"}],"curies":[{"name":"wp","href":"https:\/\/api.w.org\/{rel}","templated":true}]}}