{"id":13019,"date":"2021-06-24T09:03:53","date_gmt":"2021-06-24T09:03:53","guid":{"rendered":"https:\/\/www.bonus.ca\/fr\/?page_id=13019"},"modified":"2025-05-13T06:45:55","modified_gmt":"2025-05-13T06:45:55","slug":"crazy-time","status":"publish","type":"page","link":"https:\/\/www.bonus.ca\/fr\/casino-en-ligne\/crazy-time","title":{"rendered":"Crazy Time"},"content":{"rendered":"<h2>Meilleurs Casinos Pour Jouer \u00e0 Crazy Time<\/h2>\n<p>Bien que Crazy Time soit disponible dans plusieurs casinos, vous pourriez avoir avantage \u00e0 utiliser l&#8217;un des casinos suivants. En effet, vous y trouverez des bonus.casino sp\u00e9ciaux pour pouvoir jouer \u00e0 Crazy Time.<\/p>\n<div id=\"attachment_24000\" style=\"width: 1546px\" class=\"wp-caption alignnone\"><img loading=\"lazy\" decoding=\"async\" aria-describedby=\"caption-attachment-24000\" src=\"https:\/\/www.bonus.ca\/fr\/images\/crazy-time.png\" alt=\"O\u00f9 jouer au jeu en ligne Crazy Time ?\" width=\"1536\" height=\"920\" class=\"size-full wp-image-24000\" srcset=\"https:\/\/mediafr.bonus.ca\/images\/crazy-time.png 1536w, https:\/\/mediafr.bonus.ca\/images\/crazy-time-300x180.png 300w, https:\/\/mediafr.bonus.ca\/images\/crazy-time-1024x613.png 1024w, https:\/\/mediafr.bonus.ca\/images\/crazy-time-1048x628.png 1048w, https:\/\/mediafr.bonus.ca\/images\/crazy-time-90x54.png 90w\" sizes=\"auto, (max-width: 1536px) 100vw, 1536px\" \/><p id=\"caption-attachment-24000\" class=\"wp-caption-text\">Les meilleurs casinos en ligne o\u00f9 jouer au jeu Crazy Time sont ici !<\/p><\/div>\n<h3>1. Jackpot City Casino<\/h3>\n<p>\u00c9tabli depuis des ann\u00e9es, Jackpot City est dans notre <a href=\"https:\/\/www.bonus.ca\/fr\/\">top 10 casino en ligne Canada<\/a> pour jouer \u00e0 Crazy Time dans les conditions les plus optimales. Gr\u00e2ce \u00e0 notre partenariat, profitez du bonus de 1 600$ disponible via le lien &#8220;Obtenez ce bonus&#8221;. Avec ces transactions s\u00e9curis\u00e9es, il constitue un choix solide pour pour jouer l&#8217;esprit serein et se concentrer sur ces sessions de jeux. Ce bonus peut \u00eatre utilis\u00e9 sur les jeux en direct comme la roulette live, le baccara live en plus de &#8216;l&#8217;\u00eatre sur Crazy Time mais pas sur jeux de casino gratuits.<\/p>\n<h3>2. Casinodays<\/h3>\n<p>Casino Days est une excellente option pour jouer \u00e0 Crazy Time, avec un bonus de 2 000 $ pour maximiser vos mises. Gr\u00e2ce \u00e0 une interface fluide et des paiements rapides, ce casino permet d&#8217;acc\u00e9der sans contrainte aux multiplicateurs et jeux bonus. Une plateforme fiable si vous \u00eates amateurs de jeux en direct \u00e0 forte volatilit\u00e9.<\/p>\n<h3>3. LeoVegas Casino<\/h3>\n<p><a href=\"https:\/\/www.bonus.ca\/fr\/leovegas\">LeoVegas Casino<\/a> propose jusqu&#8217;\u00e0 1 500 $ de bonus pour jouer \u00e0 Crazy Time et bien plus encore. Ce site r\u00e9put\u00e9 offre une exp\u00e9rience fluide sur mobile et desktop, id\u00e9ale pour profiter de ce jeu en direct. Un excellent choix pour tenter votre chance sur les multiplicateurs et les jeux bonus.<\/p>\n<h3>Casinos Crazy Time Canada<\/h3>\n<p>Plusieurs <a href=\"https:\/\/www.bonus.ca\/fr\/casino-en-ligne\/le-plus-payant\">casinos en ligne payant<\/a> vous offre le jeu <em>Crazy Time<\/em> propuls\u00e9 par Evolution Gaming. Ils font aussi partis de la liste des meilleurs casinos surlesquels il est possible de jouer \u00e0 Crazy Time. Si les 3 premiers cit\u00e9s plus haut, ne conviennent pas, n&#8217;h\u00e9sitez  pas \u00e0 vous rendre sur l&#8217;un d&#8217;entre-eux :<\/p>\n<ul>\n<li>Wheelz<\/li>\n<li>PlayOjo<\/li>\n<li>Casino Friday<\/li>\n<li>Playamo<\/li>\n<li>Wildz<\/li>\n<li>Rizk<\/li>\n<li>Casumo<\/li>\n<li>Nitro Casino<\/li>\n<li>CaptainSpins<\/li>\n<li>UltraCasino<\/li>\n<li>Genesis casino<\/li>\n<li>Cashmio<\/li>\n<li>Caxino<\/li>\n<\/ul>\n<p> Vous pourriez m\u00eame obtenir un <a href=\"https:\/\/www.bonus.ca\/fr\/casino-en-ligne\/live\">bonus.casino live<\/a> pour y jouer. Crazy Time se retrouve dans les casinos en ligne suivants:<\/p>\n<div id=\"attachment_13021\" style=\"width: 1034px\" class=\"wp-caption alignnone\"><img loading=\"lazy\" decoding=\"async\" aria-describedby=\"caption-attachment-13021\" src=\"https:\/\/www.bonus.ca\/fr\/images\/crazy-time-casino.png\" alt=\"crazy time casino\" width=\"1024\" height=\"481\" class=\"size-full wp-image-13021\" \/><p id=\"caption-attachment-13021\" class=\"wp-caption-text\">Crazy Time nous fait penser \u00e0 Monopoly &#8211; ce jeu cr\u00e9\u00e9 par Evolution Gaming vous permet de jouer sur une roue de fortune avec des multiplicateurs pour augmenter vos gains!<\/p><\/div>\n<h2>Crazy Time Bonus<\/h2>\n<p>Un bonus Crazy Time est g\u00e9n\u00e9ralement un bonus.casino qui vous permet de jouer sur les jeux live. Les joueurs canadiens peuvent utiliser leur bonus.casino en \u00e9quivalence et obtenir jusqu&#8217;\u00e0 1000$ en plus pour jouer sur les jeux en direct. Le jeu Crazy Time par Evolution Gaming est pr\u00e9sentement disponible dans la plupart des casinos en ligne.<\/p>\n<p>[table_start]<br \/>\n[table_head column-1=&#8217;Casino&#8217; column-2=&#8217;Casino Bonus Live&#8217; column-3=&#8217;Conditions de mise&#8217;]<br \/>\n[table_row column-1=&#8217;<strong>LeoVegas<\/strong>&#8216; column-2=&#8221;Jusqu&#8217;\u00e0 1000$ en bonus&#8221; column-3=&#8217;40x&#8217;]<br \/>\n[table_row column-1=&#8217;<strong>LuckyDays<\/strong>&#8216; column-2=&#8221;Jusqu&#8217;\u00e0 500$ en bonus&#8221; column-3=&#8217;30x&#8217;]<br \/>\n[table_row column-1=&#8217;<strong>William Hill<\/strong>&#8216; column-2=&#8221;Jusqu&#8217;\u00e0 300$ en bonus&#8221; column-3=&#8217;40x&#8217;]<br \/>\n[table_row column-1=&#8217;<strong>VideoSlots<\/strong>&#8216; column-2=&#8221;Jusqu&#8217;\u00e0 200$ en bonus&#8221; column-3=&#8217;35x&#8217;]<br \/>\n[table_row column-1=&#8217;<strong>Mr Green<\/strong>&#8216; column-2=&#8221;Jusqu&#8217;\u00e0 100$ en bonus&#8221; column-3=&#8217;35x&#8217;]<br \/>\n[table_end]<\/p>\n<h2>Information sur le Jeu Crazy Time<\/h2>\n<p>Crazy Time est un jeu de casino en direct propuls\u00e9 par Evolution Gaming. Il est devenu populaire puisque le jeu est innovateur et cr\u00e9atif. Les joueurs canadiens peuvent profiter de 4 rondes bonus qui leur permettent de multiplier leurs gains entre 5 et 100x.<\/p>\n<p>[table_start]<br \/>\n[table_head column-1=&#8217;Crazy Time&#8217; column-2=&#8217;Information sur le jeu&#8217;]<br \/>\n[table_row column-1=&#8217;Fournisseur&#8217; column-2=&#8217;Evolution Gaming&#8217;]<br \/>\n[table_row column-1=&#8217;Date de lancement&#8217; column-2=&#8217;10 juin 2020&#8242;]<br \/>\n[table_row column-1=&#8217;RTP&#8217; column-2=&#8217;96.08%&#8217;]<br \/>\n[table_row column-1=&#8217;Gain maximum&#8217; column-2=&#8217;25,000x la mise&#8217;]<br \/>\n[table_row column-1=&#8217;Jeux bonus&#8217; column-2=&#8217;Coin Flip, Cash Hunt, Pachinko, et Crazy Time&#8217;]<\/p>\n<p>[table_end]<\/p>\n<p>Crazy Time est devenu un incontournable pour les joueurs Canadiens et contribue \u00e0 faire en sorte que des fournisseurs de jeux le proposent sur des <a href=\"https:\/\/www.bonus.ca\/fr\/casino-en-ligne\">casinos en ligne populaires<\/a>.<\/p>\n<div id=\"attachment_13023\" style=\"width: 1034px\" class=\"wp-caption alignnone\"><img loading=\"lazy\" decoding=\"async\" aria-describedby=\"caption-attachment-13023\" src=\"https:\/\/www.bonus.ca\/fr\/images\/crazy-time-jeu.jpg\" alt=\"crazy time jeu\" width=\"1024\" height=\"543\" class=\"size-full wp-image-13023\" \/><p id=\"caption-attachment-13023\" class=\"wp-caption-text\">Crazy Time est un jeu propuls\u00e9 par Evolution Gaming et vous y trouverez 4 jeux bonus.<\/p><\/div>\n<h2>Crazy Time Rondes Bonus<\/h2>\n<p>Ce jeu de casino en direct vient avec 4 jeux bonus. Lorsque la roue s&#8217;arr\u00eate sur l&#8217;un des 4 jeux bonus, les joueurs auront la chance de jouer au mini jeu et possiblement multiplier leus gains. Voyons voir les jeux bonus offerts.<\/p>\n<h3>Coin Flip<\/h3>\n<p>Dans ce jeu bonus, vous verrez une pi\u00e8ce avec deux couleurs. Lorsqu&#8217;on fait tourner la pi\u00e8ce, chaque c\u00f4t\u00e9 a son propre multiplicateur. D\u00e9butez en choisissant une couleur et la pi\u00e8ce sera jet\u00e9 Vous aurez la chance d&#8217;obtenir un multiplicateur 100x.<\/p>\n<h3>Cash Hunt<\/h3>\n<p>L&#8217;animateur vous guidera vers un mur couvert avec 108 icones extravagantes. Celles-ci peuvent contenir un multiplicateur. Une fois que le mur se fait brasser, vous aurez la chance de choisir une icone pour y trouver un multiplicateur. Bonne chance!<\/p>\n<h3>Pachinko<\/h3>\n<p>Ce jeu bonus est assez traditionnel. Un disque blanc tombera sur votre \u00e9cran et se remplira de pins. L&#8217;h\u00f4te vous accordera des points de fa\u00e7on al\u00e9atoire. Ensuite, d\u00e9pendemment de la location du disque, vous obtiendrez des multiplicateurs qui pourront vous permettre de doubler vos gains!<\/p>\n<h3>Crazy Time<\/h3>\n<p>Ce jeu bonus est \u00e9videmment le plus gros puisqu&#8217;il contient le nom du jeu. Dans cette ronde bonus, l&#8217;animateur vous permet d&#8217;entrer dans l&#8217;\u00e8re de jeu folle pour activer une roue de fortune. Le joueur peut choisir entre trois options. Le multiplicateur peut vous donner jusqu&#8217;\u00e0 100x et pourrait vous permettre de doubler vos gains.<\/p>\n<div id=\"attachment_13024\" style=\"width: 1034px\" class=\"wp-caption alignnone\"><img loading=\"lazy\" decoding=\"async\" aria-describedby=\"caption-attachment-13024\" src=\"https:\/\/www.bonus.ca\/fr\/images\/crazy-time-roue-de-fortune.jpg\" alt=\"crazy time jeu bonus\" width=\"1024\" height=\"575\" class=\"size-full wp-image-13024\" \/><p id=\"caption-attachment-13024\" class=\"wp-caption-text\">Cette immense roue de fortune vient avec trois options \u00e0 activer par l&#8217;animateur. Vous n&#8217;aurez qu&#8217;\u00e0 appuyer sur le bouton rouge pour l&#8217;activer.<\/p><\/div>\n<h2>Comment Jouer \u00e0 Crazy Time<\/h2>\n<p>Le jeu Crazy Time est assez simple. Il n&#8217;y a que quelques \u00e9tapes faciles et vous serez en mesure de comprendre le fonctionnement en quelques minutes. Voyons voir comment ce jeu fonctionne:<\/p>\n<ol>\n<li><strong>Acc\u00e8s au jeu <\/strong><br \/>Une fois que vous \u00eates connect\u00e9s a votre <a href=\"https:\/\/www.bonus.ca\/fr\/casino-en-ligne\/nouveaux\">meilleur nouveau casino en ligne<\/a> pr\u00e9f\u00e9r\u00e9, rendez vous dans la section des jeux en direct et choisissez <em>Crazy Time<\/em>. Ensuite, vous serez dirig\u00e9 vers le studio et vous verrez les options de mise au bas de l&#8217;\u00e9cran.<\/li>\n<li><strong>Faites vos mises <\/strong><br \/>Vous pourrez miser avec 8 options diff\u00e9rentes. Choisissez un montant et faites votre mise. Vous pourriez \u00e9galement miser sur plusieurs options \u00e0 la fois.<\/li>\n<li><strong>Faites tourner la roue<\/strong><br \/>Ensuite, l&#8217;animateur fera tourner la roue et la machine \u00e0 sous au dessus de la roue.<\/li>\n<li><strong>Un multiplicateur sera r\u00e9v\u00e9l\u00e9 <\/strong><br \/>Chaque fois que la roue tourne, vous verrez un multiplicateur r\u00e9v\u00e9l\u00e9. Lorsque la roue s&#8217;arr\u00eate sur un segment, le multiplicateur sera activ\u00e9.<\/li>\n<li><strong>La roue s&#8217;arr\u00eate <\/strong><br \/>L&#8217;animateur vous fait part du r\u00e9sultat. Si la roue s&#8217;arr\u00eate sur le segment sur lequel vous avez mis\u00e9, vous gagnez. Si la roue s&#8217;arr\u00eate sur le jeu bonus, vous y serez dirig\u00e9. Toutefois, si vous n&#8217;avez pas mis\u00e9 sur le bon segment, vous vous contenterez d&#8217;admirer le tout.<\/li>\n<li><strong>Jouez au jeu bonus <\/strong><br \/>Lorsque la roue s&#8217;arr\u00eate sur l&#8217;un des jeux bonus, vous y serez diriger et vous pourriez gagner davantage. Evolution Gaming mentionne que 1 tour sur 6 vous dirige sur un jeu bonus. Lorsque la ronde bonus est termin\u00e9e, vous retournerez au jeu principal.<\/li>\n<\/ol>\n<div id=\"attachment_13025\" style=\"width: 1034px\" class=\"wp-caption alignnone\"><img loading=\"lazy\" decoding=\"async\" aria-describedby=\"caption-attachment-13025\" src=\"https:\/\/www.bonus.ca\/fr\/images\/crazy-time-machine-a-sous.jpg\" alt=\"crazy-time-live\" width=\"1024\" height=\"575\" class=\"size-full wp-image-13025\" \/><p id=\"caption-attachment-13025\" class=\"wp-caption-text\">Au dessus de la roue de fortune, vous verrez une machine \u00e0 sous pour obtenir des multiplicateur. Celui-ci vous permettra de multiplier vos gains.<\/p><\/div>\n<h2>Strat\u00e9gies Crazy Time<\/h2>\n<p>Il y a plusieurs strat\u00e9gies Crazy Time qui pourraient vous permettre de gagner plus souvent. En utilisant des statistiques, vous pourriez augmenter vos chances de gagner, mais \u00e9videmment, il n&#8217;y a aucune victoire garantie.<\/p>\n<h3>1. Tactique \u00e0 Faible Volatilit\u00e9<\/h3>\n<p>Le but est de partager vos mises sur plusieurs segments \u00e0 la fois. Si vous avez un budget de 50$, vous pourriez miser 5$ et couvrir plusieurs segments (plus de la moiti\u00e9 de la roue). De cette fa\u00e7on, vous aurez plus de 50% de chances de gagner. En misant 1.25$ sur le chiffre <em>2<\/em>, 1.25$ sur le chiffre <em>5<\/em>, et 2.50$ sur les chiffres 3 et 4 des jeux bonus, vous serez en mesure de couvrir au moins 27 des 54 segments sur la roue. Vous augmentez donc vos chances de gagner.<\/p>\n<h3>2. Tactique qui Suit la Tendance<\/h3>\n<p>Cette strat\u00e9gie requiert de la patience puisque vous devrez analyser plusieurs rondes. Ensuite, ouvrez l&#8217;onglet <em>Game History<\/em> et jetez un oeil sur les victoires \u00e0 travers les rondes pr\u00e9c\u00e9dentes. Si vous remarquez qu&#8217;une mise revient plus souvent \u00e0 l&#8217;int\u00e9rieur de 6 rondes, vous pourriez choisir ce segment. Par exemple, si vous voyez que le jeu bonus revient r\u00e9guli\u00e8rement chaque 6 ronde, attendez au quelques rondes avant de remiser sur un jeu bonus. \u00c9videmment, il est difficile de calculer le tout, mais vous pourriez, tout de m\u00eame, tent\u00e9 votre chance.<\/p>\n<h3>3. Strat\u00e9gie Martingale <\/h3>\n<p>Gardez en t\u00eate que cette strat\u00e9gie requiert un budget qui peut couvrir les pertes. En th\u00e9orie, 1 ronde sur 6 est un jeu bonus, alors il y a plus de chances que le tout s&#8217;arr\u00eate sur un jeu bonus. Avec la strat\u00e9gie Martingale, vous miserez sur les 4 segments des jeux bonus. Si les segments ne sont pas choisi, vous copiez la m\u00eame mise mais en doublant vos mises. R\u00e9p\u00e9tez le processus jusqu&#8217;\u00e0 ce que le jeu bonus soit activ\u00e9 pour recevoir vos gains\u2026 et ainsi de suite.<\/p>\n<p>Toutefois, gardez en t\u00eate que peu importe la tactique choisie, Crazy Time est un jeu de probabilit\u00e9 et de hasard. Alors, il n&#8217;y a aucune garantie. <\/p>\n<p>BonusFinder Canada vous permet de trouver les casino bonus sur les jeux en direct pour que vous puissiez jouer avec plus. Souvenez vous de jouer de mani\u00e8re responsable.<\/p>\n","protected":false},"excerpt":{"rendered":"<p>Meilleurs Casinos Pour Jouer \u00e0 Crazy Time Bien que Crazy Time soit disponible dans plusieurs casinos, vous pourriez avoir avantage \u00e0 utiliser l&#8217;un des casinos suivants. En effet, vous y trouverez des bonus.casino sp\u00e9ciaux pour pouvoir jouer \u00e0 Crazy Time. 1. Jackpot City Casino \u00c9tabli depuis des ann\u00e9es, Jackpot City est dans notre top 10 [&hellip;]<\/p>\n","protected":false},"author":123,"featured_media":0,"parent":11032,"menu_order":0,"comment_status":"closed","ping_status":"closed","template":"","meta":{"inline_featured_image":false,"_glsr_average":0,"_glsr_ranking":0,"_glsr_reviews":0,"footnotes":""},"class_list":["post-13019","page","type-page","status-publish","hentry"],"yoast_head":"<!-- This site is optimized with the Yoast SEO plugin v27.5 - https:\/\/yoast.com\/product\/yoast-seo-wordpress\/ -->\n<title>Jouer \u00e0 Crazy Time dans les Meilleurs Casinos en Ligne en [year]<\/title>\n<meta name=\"description\" content=\"D\u00e9couvrez les meilleurs casinos offrant des bonus sur Crazy Time au Canada \u2714\ufe0f Jusqu\u2019\u00e0 1000$ en bonus.casino \u2714\ufe0f Strat\u00e9gies Crazy Time.\" \/>\n<meta name=\"robots\" content=\"index, follow, max-snippet:-1, max-image-preview:large, max-video-preview:-1\" \/>\n<link rel=\"canonical\" href=\"https:\/\/www.bonus.ca\/fr\/casino-en-ligne\/crazy-time\" \/>\n<meta property=\"og:type\" content=\"article\" \/>\n<meta property=\"og:title\" content=\"Jouer \u00e0 Crazy Time dans les Meilleurs Casinos en Ligne en [year]\" \/>\n<meta property=\"og:description\" content=\"D\u00e9couvrez les meilleurs casinos offrant des bonus sur Crazy Time au Canada \u2714\ufe0f Jusqu\u2019\u00e0 1000$ en bonus.casino \u2714\ufe0f Strat\u00e9gies Crazy Time.\" \/>\n<meta property=\"og:url\" content=\"https:\/\/www.bonus.ca\/fr\/casino-en-ligne\/crazy-time\" \/>\n<meta property=\"article:published_time\" content=\"2021-06-24T09:03:53+00:00\" \/>\n<meta property=\"article:modified_time\" content=\"2025-05-13T06:45:55+00:00\" \/>\n<meta property=\"og:image\" content=\"https:\/\/mediafr.bonus.ca\/images\/crazy-time.png\" \/>\n<meta name=\"twitter:card\" content=\"summary_large_image\" \/>\n<meta name=\"twitter:label1\" content=\"Est. reading time\" \/>\n\t<meta name=\"twitter:data1\" content=\"8 minutes\" \/>\n<!-- \/ Yoast SEO plugin. -->","yoast_head_json":{"title":"Jouer \u00e0 Crazy Time dans les Meilleurs Casinos en Ligne en [year]","description":"D\u00e9couvrez les meilleurs casinos offrant des bonus sur Crazy Time au Canada \u2714\ufe0f Jusqu\u2019\u00e0 1000$ en bonus.casino \u2714\ufe0f Strat\u00e9gies Crazy Time.","robots":{"index":"index","follow":"follow","max-snippet":"max-snippet:-1","max-image-preview":"max-image-preview:large","max-video-preview":"max-video-preview:-1"},"canonical":"https:\/\/www.bonus.ca\/fr\/casino-en-ligne\/crazy-time","og_type":"article","og_title":"Jouer \u00e0 Crazy Time dans les Meilleurs Casinos en Ligne en [year]","og_description":"D\u00e9couvrez les meilleurs casinos offrant des bonus sur Crazy Time au Canada \u2714\ufe0f Jusqu\u2019\u00e0 1000$ en bonus.casino \u2714\ufe0f Strat\u00e9gies Crazy Time.","og_url":"https:\/\/www.bonus.ca\/fr\/casino-en-ligne\/crazy-time","article_published_time":"2021-06-24T09:03:53+00:00","article_modified_time":"2025-05-13T06:45:55+00:00","og_image":[{"url":"https:\/\/mediafr.bonus.ca\/images\/crazy-time.png","type":"","width":"","height":""}],"twitter_card":"summary_large_image","twitter_misc":{"Est. reading time":"8 minutes"},"schema":{"@context":"https:\/\/schema.org","@graph":[{"@type":"WebPage","@id":"https:\/\/www.bonus.ca\/fr\/casino-en-ligne\/crazy-time","url":"https:\/\/www.bonus.ca\/fr\/casino-en-ligne\/crazy-time","name":"Jouer \u00e0 Crazy Time dans les Meilleurs Casinos en Ligne en [year]","isPartOf":{"@id":"\/#website"},"primaryImageOfPage":{"@id":"https:\/\/www.bonus.ca\/fr\/casino-en-ligne\/crazy-time#primaryimage"},"image":{"@id":"https:\/\/www.bonus.ca\/fr\/casino-en-ligne\/crazy-time#primaryimage"},"thumbnailUrl":"https:\/\/www.bonus.ca\/fr\/images\/crazy-time.png","datePublished":"2021-06-24T09:03:53+00:00","dateModified":"2025-05-13T06:45:55+00:00","description":"D\u00e9couvrez les meilleurs casinos offrant des bonus sur Crazy Time au Canada \u2714\ufe0f Jusqu\u2019\u00e0 1000$ en bonus.casino \u2714\ufe0f Strat\u00e9gies Crazy Time.","breadcrumb":{"@id":"https:\/\/www.bonus.ca\/fr\/casino-en-ligne\/crazy-time#breadcrumb"},"inLanguage":"en-US","potentialAction":[{"@type":"ReadAction","target":["https:\/\/www.bonus.ca\/fr\/casino-en-ligne\/crazy-time"]}]},{"@type":"ImageObject","inLanguage":"en-US","@id":"https:\/\/www.bonus.ca\/fr\/casino-en-ligne\/crazy-time#primaryimage","url":"https:\/\/mediafr.bonus.ca\/images\/crazy-time.png","contentUrl":"https:\/\/mediafr.bonus.ca\/images\/crazy-time.png","width":1536,"height":920,"caption":"Les meilleurs casinos en ligne o\u00f9 jouer au jeu Crazy Time sont ici !"},{"@type":"BreadcrumbList","@id":"https:\/\/www.bonus.ca\/fr\/casino-en-ligne\/crazy-time#breadcrumb","itemListElement":[{"@type":"ListItem","position":1,"name":"Home","item":"https:\/\/www.bonus.ca\/fr\/"},{"@type":"ListItem","position":2,"name":"Casino argent r\u00e9\u00e8l","item":"https:\/\/www.bonus.ca\/fr\/casino-en-ligne"},{"@type":"ListItem","position":3,"name":"Crazy Time"}]},{"@type":"WebSite","@id":"\/#website","url":"\/","name":"BonusFinder Canada (Fran\u00e7ais)","description":"La source de bonus n\u00b0 1 au Canada","potentialAction":[{"@type":"SearchAction","target":{"@type":"EntryPoint","urlTemplate":"\/?s={search_term_string}"},"query-input":{"@type":"PropertyValueSpecification","valueRequired":true,"valueName":"search_term_string"}}],"inLanguage":"en-US"}]}},"_links":{"self":[{"href":"https:\/\/www.bonus.ca\/fr\/wp-json\/wp\/v2\/pages\/13019","targetHints":{"allow":["GET"]}}],"collection":[{"href":"https:\/\/www.bonus.ca\/fr\/wp-json\/wp\/v2\/pages"}],"about":[{"href":"https:\/\/www.bonus.ca\/fr\/wp-json\/wp\/v2\/types\/page"}],"author":[{"embeddable":true,"href":"https:\/\/www.bonus.ca\/fr\/wp-json\/wp\/v2\/users\/123"}],"replies":[{"embeddable":true,"href":"https:\/\/www.bonus.ca\/fr\/wp-json\/wp\/v2\/comments?post=13019"}],"version-history":[{"count":11,"href":"https:\/\/www.bonus.ca\/fr\/wp-json\/wp\/v2\/pages\/13019\/revisions"}],"predecessor-version":[{"id":24790,"href":"https:\/\/www.bonus.ca\/fr\/wp-json\/wp\/v2\/pages\/13019\/revisions\/24790"}],"up":[{"embeddable":true,"href":"https:\/\/www.bonus.ca\/fr\/wp-json\/wp\/v2\/pages\/11032"}],"wp:attachment":[{"href":"https:\/\/www.bonus.ca\/fr\/wp-json\/wp\/v2\/media?parent=13019"}],"curies":[{"name":"wp","href":"https:\/\/api.w.org\/{rel}","templated":true}]}}