{"id":13329,"date":"2021-09-01T08:17:34","date_gmt":"2021-09-01T08:17:34","guid":{"rendered":"https:\/\/www.bonus.ca\/fr\/?post_type=bookmakers&#038;p=13329"},"modified":"2026-04-02T12:29:44","modified_gmt":"2026-04-02T12:29:44","slug":"bob-casino","status":"publish","type":"page","link":"https:\/\/www.bonus.ca\/fr\/bob-casino","title":{"rendered":"Bob Casino"},"content":{"rendered":"<h2>Bob Casino Canada<\/h2>\n<p>BobCasino vous offre un th\u00e8me Rastaman, alors si \u00e7a vous int\u00e9resse, vous allez aimer ce casino! Lanc\u00e9 en 2018 par N1 Interactive, ce casino vous offre une mascotte int\u00e9ressante &#8211; Bob Marley.<\/p>\n<p>Allons vois ce que ce casino en ligne canadien offre aux joueurs.<\/p>\n<p>Dans cet avis complet sur le casino en ligne Bob Casino, nous verrons les d\u00e9tails du bonus de bienvenue et nous \u00e9valuerons leur site internet.<\/p>\n<p>[table_start]<br \/>\n[table_row column-1=&#8217;<strong>Nom du site<\/strong>&#8216; column-2=&#8217;Bob Casino&#8217;]<br \/>\n[table_row column-1=&#8217;<strong>Bonus de bienvenue<\/strong>&#8216; column-2=&#8217;1500$ + 130 tours gratuits&#8217;]<br \/>\n[table_row column-1=&#8217;<strong>Licence<\/strong>&#8216; column-2=&#8217;Malta Gaming Authority&#8217;]<br \/>\n[table_row column-1=&#8217;<strong>Lanc\u00e9 en<\/strong>&#8216; column-2=&#8217;2018&#8242;]<br \/>\n[table_row column-1=&#8217;<strong>Version mobile<\/strong>&#8216; column-2=&#8217;Android, iPhone, Windows&#8217;]<br \/>\n[table_row column-1=&#8217;<strong>Nombre de jeux de casino<\/strong>&#8216; column-2=&#8217;3000+&#8217;]<br \/>\n[table_end]<\/p>\n<h3>Un Casino en fran\u00e7ais <\/h3>\n<p>Le casino Bob est fier d&#8217;offrir une exp\u00e9rience de jeu en ligne compl\u00e8te en langue fran\u00e7aise.<\/p>\n<p>Les joueurs canadiens francophones pourront d\u00e9sormais profiter de tous les aspects du casino dans leur langue maternelle, depuis la navigation sur le site jusqu&#8217;\u00e0 l&#8217;acc\u00e8s aux jeux et aux fonctionnalit\u00e9s. <\/p>\n<p>Cette initiative vise \u00e0 rendre l&#8217;exp\u00e9rience de jeu plus accessible et immersive pour tous les passionn\u00e9s de casino.<\/p>\n<p>Avec une interface conviviale et des services disponibles en fran\u00e7ais, le casino Bob s&#8217;engage \u00e0 offrir une exp\u00e9rience de jeu fluide et agr\u00e9able pour sa pr\u00e9cieuse client\u00e8le.<\/p>\n<h3>Verdict d\u00e9finitif<\/h3>\n<p>[table_start]<br \/>\n[table_row column-1=&#8217;<strong>Machines \u00e0 sous<\/strong>&#8216; column-2=&#8217;\u2b50\u2b50\u2b50\u2b50&#8217;]<br \/>\n[table_row column-1=&#8217;<strong>Casino en direct<\/strong>&#8216; column-2=&#8217;\u2b50\u2b50\u2b50&#8217;]<br \/>\n[table_row column-1=&#8217;<strong>Design du site<\/strong>&#8216; column-2=&#8217;\u2b50\u2b50&#8217;]<br \/>\n[table_row column-1=&#8217;<strong>Options de paiement<\/strong>&#8216; column-2=&#8217;\u2b50\u2b50\u2b50\u2b50\u2b50&#8217;]<br \/>\n[table_row column-1=&#8217;<strong>Service client<\/strong>&#8216; column-2=&#8217;\u2b50\u2b50\u2b50&#8217;]<br \/>\n[table_end]<\/p>\n<div id=\"attachment_17110\" style=\"width: 1546px\" class=\"wp-caption alignnone\"><img loading=\"lazy\" decoding=\"async\" aria-describedby=\"caption-attachment-17110\" src=\"https:\/\/mediafr.bonus.ca\/images\/bob-casino-bonus-1.png\" alt=\"BOB CASINO LOGO\" width=\"1536\" height=\"920\" class=\"size-full wp-image-17110\" srcset=\"https:\/\/mediafr.bonus.ca\/images\/bob-casino-bonus-1.png 1536w, https:\/\/mediafr.bonus.ca\/images\/bob-casino-bonus-1-300x180.png 300w, https:\/\/mediafr.bonus.ca\/images\/bob-casino-bonus-1-1024x613.png 1024w, https:\/\/mediafr.bonus.ca\/images\/bob-casino-bonus-1-1048x628.png 1048w, https:\/\/mediafr.bonus.ca\/images\/bob-casino-bonus-1-90x54.png 90w\" sizes=\"auto, (max-width: 1536px) 100vw, 1536px\" \/><p id=\"caption-attachment-17110\" class=\"wp-caption-text\">Bob Casino vous offre 1500$ et 130 tours gratuits. Les conditions de mise sont raisonnables (40x).<\/p><\/div>\n<h2>Bonus Bob Casino<\/h2>\n<p>Bob Casino vous offre un bonus \u00e0 100% jusqu&#8217;\u00e0 250$ + 100 tours gratuits lors du premier d\u00e9p\u00f4t. Au total, vous obtiendrez 1500$ + 130 tours gratuits sur Boomanji. <strong>Vous devrez utiliser le code bonus: BEHAPPY<\/strong>.<\/p>\n<p>[table_start]<br \/>\n[table_row column-1=&#8217;<strong>Bonus de bienvenue<\/strong>&#8216; column-2=&#8217;1500$ + 130 tours gratuits&#8217;]<br \/>\n[table_row column-1=&#8217;<strong>Code bonus<\/strong>&#8216; column-2=&#8217;BEHAPPY&#8217;]<br \/>\n[table_row column-1=&#8217;<strong>D\u00e9p\u00f4t minimum<\/strong>&#8216; column-2=&#8217;10$&#8217;]<br \/>\n[table_row column-1=&#8217;<strong>Conditions de mise<\/strong>&#8216; column-2=&#8217;40x&#8217;]<br \/>\n[table_end]<\/p>\n<h3>Code bonus Bob Casino<\/h3>\n<p>Bob Casino utilise des codes bonus. Vous devrez entrer les codes promos suivants lors de vos trois premiers d\u00e9p\u00f4ts:<\/p>\n<p>[table_start]<br \/>\n[table_head column-1=&#8217;<strong>D\u00e9p\u00f4t<\/strong>&#8216; column-2=&#8217;<strong>Code Bonus<\/strong>&#8216; column-3=&#8217;<strong>Bonus<\/strong>&#8216;]<br \/>\n[table_row column-1=&#8217;<strong>1er d\u00e9p\u00f4t<\/strong>&#8216; column-2=&#8217;BEHAPPY&#8217; column-3=&#8221;100% jusqu&#8217;\u00e0 250$ + 100 tours gratuits&#8221;]<br \/>\n[table_row column-1=&#8217;<strong>2e d\u00e9p\u00f4t<\/strong>&#8216; column-2=&#8217;JUNGLE&#8217; column-3=&#8221;50% jusqu&#8217;\u00e0 250$&#8221;]<br \/>\n[table_row column-1=&#8217;<strong>3e d\u00e9p\u00f4t<\/strong>&#8216; column-2=&#8217;BOBONELOVE&#8217; column-3=&#8221;50% jusqu&#8217;\u00e0 1000$ + 30 tours gratuits&#8221;]<br \/>\n[table_end] <\/p>\n<h3>Comment obtenir le bonus maximum ?<\/h3>\n<p>D\u00e9butez le tout avec le premier d\u00e9p\u00f4t &#8211; entrez le code <strong>BEHAPPY<\/strong>. Vous obtiendrez un bonus \u00e0 100% jusqu&#8217;\u00e0 250$ et 100 tours gratuits sur la machine \u00e0 sous Boomanji. <\/p>\n<p>Vous recevrez <strong>25 tours gratuits imm\u00e9diatement<\/strong> et ensuite, vous aurez <strong>25 tours par jour<\/strong> pendant les trois prochains jours.<\/p>\n<p>Le deuxi\u00e8me bonus est \u00e0 50% jusqu&#8217;\u00e0 250$ en bonus. Vous devrez utiliser le code promo <strong>JUNGLE<\/strong>. Finalement, le troisi\u00e8me d\u00e9p\u00f4t vous offre le plus gros bonus. <\/p>\n<p>Utilisez le code bonus <strong>BOBONELOVE<\/strong> pour obtenir 50% jusqu&#8217;\u00e0 1000$ et 30 tours gratuits sur le jeu Tipsy Tourist. <\/p>\n<h3>\ud83d\udcb1 Conditions de mise<\/h3>\n<p>Bob Casino impose des conditions de mise pour le bonus de bienvenue et aux bonus de recharge. En effet, vous devrez miser le tout 40 fois pour pouvoir faire un retrait.<\/p>\n<p>Bob Casino a \u00e9galement un gain maximal. Pendant les conditions de mise, vous devrez miser 6,50$ par ronde.<\/p>\n<p>Si vous ne respectez pas cela, Bob Casino se r\u00e9serve le droit de retirer votre bonus. <\/p>\n<p>Finalement, notez que les jeux peuvent contribuer aux conditions de mise de fa\u00e7on diff\u00e9rente. Alors, jetez un oeil sur les termes et conditions du site pour en savoir plus.<\/p>\n<h2>Jeux de casino<\/h2>\n<p>Le casino en ligne Bob Casino vous offre une grande s\u00e9lection de jeux de casino. En Avril 2026, ce casino vous offre plus de 3000 jeux en ligne. Voyons voir le genre de jeux que vous y trouverez.<\/p>\n<h3>Machines \u00e0 Sous<\/h3>\n<p>Bob Casino vous offre plus de 2500 machines \u00e0 sous en ligne. <\/p>\n<p>Voici la liste des jeux les plus populaires aupr\u00e8s des joueurs canadiens :<\/p>\n<ul>\n<li><strong>Wolf Gold<\/strong><\/li>\n<li><strong>Immortal Romance<\/strong><\/li>\n<li><strong>Starburst<\/strong><\/li>\n<li><strong>Gonzo&#8217;s Quest<\/strong><\/li>\n<li><strong>Butterfly Staxx<\/strong><\/li>\n<li><strong>Book of Dead<\/strong><\/li>\n<li><strong>Dead or Alive<\/strong><\/li>\n<li><strong>Thunderstruck II<\/strong><\/li>\n<li><strong>Vikings Go Berserk<\/strong><\/li>\n<\/ul>\n<h3>Machines \u00e0 sous Bonus Buy<\/h3>\n<p>Bob Casino est l&#8217;un des premiers casinos canadiens \u00e0 offrir des &#8220;bonus buy slots&#8221;. <\/p>\n<p>Vous trouverez ces machines \u00e0 sous dans la section r\u00e9serv\u00e9e \u00e0 ce genre de jeux. De nos jours, il s&#8217;agit des jeux les plus populaires.<\/p>\n<h3>Jeux de table<\/h3>\n<p>Au premier regard, les joueurs vont penser que les jeux de table sont limit\u00e9s puisqu&#8217;ils sont difficile \u00e0 trouver. Ils se trouvent dans la section des jeux en direct.<\/p>\n<p>Que font-ils l\u00e0? En general, les jeux se ressemblent &#8211; mais vous trouverez les jeux sans croupiers facilement si vous jetez un oeil aux images qui n&#8217;incluent pas de croupiers.<\/p>\n<p>L&#8217;\u00e9quipe de BonusFinder pr\u00e9f\u00e8re quand le tout est bien divis\u00e9.<\/p>\n<h3>Blackjack<\/h3>\n<p>Bob Casino vous offre plusieurs versions de blackjack ainsi que des versions en direct.<\/p>\n<p>Vous y trouverez les versions am\u00e9ricaine et europ\u00e9enne ainsi que des versions plus folles comme Vegas Downtown Blackjack, Premier Blackjack Hi-Lo, et Blackjack: Royal Pairs.<\/p>\n<h3>Roulette<\/h3>\n<p>Tout comme le blackjack, il y a plsuieurs versions de jeux de roulette. En effet, vous y trouverez les jeux classiques comme l&#8217;am\u00e9ricaine, l&#8217;europ\u00e9enne ainsi que la roulette fran\u00e7aise.<\/p>\n<p>Il y a \u00e9galement d&#8217;autres versions du jeu.<\/p>\n<p>Si on jette un oeil \u00e0 la page d&#8217;accueil du casino en ligne Bob, on y trouve \u00e9galement le jeu Lightning Roulette qui est pr\u00e9sentement en vogue. <\/p>\n<p>Nous adorons ce jeu et si vous ne l&#8217;avez pas encore essay\u00e9, c&#8217;est le temps d&#8217;y jouer!<\/p>\n<h3>Autres jeux de table<\/h3>\n<p>Bob Casino en ligne a \u00e9galement d&#8217;autres jeux de table. Voici d&#8217;autres jeux que vous y trouverez:<\/p>\n<ul>\n<li>Baccara<\/li>\n<li>Casino Poker<\/li>\n<li>Video Poker<\/li>\n<\/ul>\n<p>Chaque jeu a plusieurs versions (entre 5 et 10 titres par cat\u00e9gorie). \u00c9videmment, on retrouve \u00e9galement plusieurs jeux en direct. Alors, voyons voir quels genres de jeux sont disponibles dans la section live.<\/p>\n<h3>Casino en direct<\/h3>\n<p>Si on compare le tout aux autres casinos en ligne r\u00e9guliers, la s\u00e9lection de jeux live de Bob casino est absolument fantastique. <\/p>\n<p>En effet, on y retrouve des jeux provenant de plusieurs fournisseurs dont Evolution Gaming, Playtech, et Microgaming. <\/p>\n<p>Comme nous l&#8217;avons mentionn\u00e9 auparavant, les jeux de table sont m\u00e9lang\u00e9s avec les jeux en direct. Lorsqu&#8217;une image n&#8217;a pas de croupier, c&#8217;est probablement parce qu&#8217;il s&#8217;agit d&#8217;un jeu de table. <\/p>\n<p>Si l&#8217;image pr\u00e9sente un croupier, c&#8217;est parce que le jeu est en direct.<\/p>\n<h2>Fournisseurs de jeux<\/h2>\n<p>Bob Casino vous offre une grande s\u00e9lection de jeux de casino provenant des meilleurs fournisseurs. Voici les plus populaires:<\/p>\n<ul>\n<li><strong>Microgaming<\/strong><br \/>\nUn pionnier de l&#8217;industrie du jeu en ligne, Microgaming propose une vaste s\u00e9lection de jeux innovants et captivants, avec des graphismes de pointe et des fonctionnalit\u00e9s uniques.<\/li>\n<li><strong>NetEnt<\/strong><br \/>\nR\u00e9put\u00e9 pour sa cr\u00e9ativit\u00e9 et son design \u00e9l\u00e9gant, NetEnt offre une exp\u00e9rience de jeu immersive gr\u00e2ce \u00e0 ses jeux de haute qualit\u00e9 dot\u00e9s de fonctionnalit\u00e9s novatrices.<\/li>\n<li><strong>Evolution Gaming<\/strong><br \/>\nLeader des jeux de casino en direct, Evolution Gaming offre une interaction r\u00e9aliste avec des croupiers en direct, cr\u00e9ant ainsi une exp\u00e9rience de casino authentique depuis le confort de chez vous.<\/li>\n<li><strong>Pragmatic Play<\/strong><br \/>\nPagmatic Play se distingue par sa vari\u00e9t\u00e9 de jeux et son engagement envers une jouabilit\u00e9 fluide, offrant aux joueurs une large gamme d&#8217;options divertissantes.<\/li>\n<li><strong>Nolimit<\/strong><br \/>\nNolimit se sp\u00e9cialise dans la cr\u00e9ation de jeux de casino \u00e0 l&#8217;exp\u00e9rience immersive, mettant en avant des graphismes saisissants et des m\u00e9caniques de jeu engageantes.<\/li>\n<li><strong>Red Tiger Gaming<\/strong><br \/>\nAvec une attention particuli\u00e8re port\u00e9e aux d\u00e9tails visuels et aux fonctionnalit\u00e9s uniques, Red Tiger Gaming propose des jeux qui captivent et divertissent les joueurs.<\/li>\n<li><strong>Authentic Gaming<\/strong><br \/>\nExpert en jeux de casino en direct, Authentic Gaming offre une immersion totale dans l&#8217;environnement du casino gr\u00e2ce \u00e0 ses tables de jeu en direct depuis de prestigieux \u00e9tablissements terrestres.<\/li>\n<li><strong>Betsoft Gaming<\/strong><br \/>\nR\u00e9put\u00e9 pour ses graphismes exceptionnels et ses animations fluides, Betsoft Gaming offre une exp\u00e9rience visuelle et interactive unique dans ses jeux.<\/li>\n<li><strong>Play&#8217;n GO<\/strong><br \/>\nPlay&#8217;n GO se distingue par sa gamme vari\u00e9e de jeux, offrant des aventures riches en action avec des th\u00e8mes passionnants et des m\u00e9canismes de jeu novateurs.<\/li>\n<li><strong>Quickspin<\/strong><br \/>\nAvec une attention m\u00e9ticuleuse aux d\u00e9tails et \u00e0 la qualit\u00e9, Quickspin propose des jeux captivants et visuellement \u00e9poustouflants qui s\u00e9duisent les joueurs avec leurs fonctionnalit\u00e9s innovantes.<\/li>\n<\/ul>\n<p>Maintenant, sachez que la s\u00e9lection des jeux offerte chez Bob Casino est incroyable. Nous ne listons que les fournisseurs et jeux populaires! Vous y trouverez \u00e9galement des jeux offerts par des petits fournisseurs.<\/p>\n<h2>M\u00e9thodes bancaires<\/h2>\n<p>Pour pouvoir jouer chez Bob Casino, vous devrez d&#8217;abord faire un d\u00e9p\u00f4t. Voici les m\u00e9thodes bancaires disponibles:<\/p>\n<p>[table_start]<br \/>\n[table_head column-1=&#8217;<strong>M\u00e9thodes bancaires<\/strong>&#8216; column-2=&#8217;<strong>Pris en charge<\/strong>&#8216;]<br \/>\n[table_row column-1=&#8217;<strong>Interac<\/strong>&#8216; column-2=&#8217;Oui&#8217;]<br \/>\n[table_row column-1=&#8217;<strong>Visa\/Mastercard\/Maestro<\/strong>&#8216; column-2=&#8217;Oui&#8217;]<br \/>\n[table_row column-1=&#8217;<strong>Transfert bancaire<\/strong>&#8216; column-2=&#8217;Oui&#8217;]<br \/>\n[table_row column-1=&#8217;<strong>eCheck<\/strong>&#8216; column-2=&#8217;Non&#8217;]<br \/>\n[table_row column-1=&#8217;<strong>Instadebit<\/strong>&#8216; column-2=&#8217;Oui&#8217;]<br \/>\n[table_row column-1=&#8217;<strong>Muchbetter<\/strong>&#8216; column-2=&#8217;Oui&#8217;]<br \/>\n[table_row column-1=&#8217;<strong>Paysafecard<\/strong>&#8216; column-2=&#8217;Oui&#8217;]<br \/>\n[table_row column-1=&#8217;<strong>Skrill\/Neteller<\/strong>&#8216; column-2=&#8217;Oui&#8217;]<br \/>\n[table_row column-1=&#8217;<strong>Trustly<\/strong>&#8216; column-2=&#8217;Oui&#8217;]<br \/>\n[table_row column-1=&#8217;<strong>Neosurf<\/strong>&#8216; column-2=&#8217;Oui&#8217;]<br \/>\n[table_row column-1=&#8217;<strong>ecoPayz<\/strong>&#8216; column-2=&#8217;Oui&#8217;]<br \/>\n[table_row column-1=&#8217;<strong>iDebit<\/strong>&#8216; column-2=&#8217;Oui&#8217;]<br \/>\n[table_end]<\/p>\n<h3>D\u00e9p\u00f4ts<\/h3>\n<p>Parmis la liste ci-dessus, nous recommandons les cartes de d\u00e9bit\/cr\u00e9dit ou les transferts bancaires puisque ces m\u00e9thodes sont efficaces et s\u00e9curitaires.<\/p>\n<p>En effet, ces options sont super rapides. Toutefois, les transactions appara\u00eetront sur votre relev\u00e9 bancaire.<\/p>\n<p>Pour certains, ce n&#8217;est pas un probl\u00e8me, mais si c&#8217;est un probl\u00e8me pour vous, choisissez une m\u00e9thode plus discr\u00e8te comme Paysafecard. <\/p>\n<h3>Retraits<\/h3>\n<p>Si vous devez utiliser une m\u00e9thode bancaire diff\u00e9rente pour votre retrait, jetez un oeil aux options disponibles. Notre \u00e9quipe aime bien Neteller et Skrill. <\/p>\n<p>Ces options vous permettent d&#8217;avoir un portefeuille \u00e9lectronique.<\/p>\n<p>N&#8217;oubliez pas que les retraits ne sont pas trait\u00e9s de fa\u00e7on intantann\u00e9e. <\/p>\n<p>En effet, Bob Casino \u00e9value chaque demandes de retrait. Cela peut prendre quelques heures ou m\u00eame 2 \u00e0 3 jours.<\/p>\n<p>Une fois la demande de retrait trait\u00e9e, le tout peut prendre plus de temps d\u00e9pendemment de la m\u00e9thode choisie. <\/p>\n<p>Choisissez une m\u00e9thode rapide si vous d\u00e9sirez obtenir vos gains plus rapidement.<\/p>\n<h2>Bob casino mobile<\/h2>\n<p>Bob Casino en ligne n&#8217;a pas d&#8217;application. En effet, le site est compl\u00e8tement optimis\u00e9 pour l&#8217;usage sur mobile ou sur tablette. Vous serez donc en mesure de jouer facilement depuis votre appareil.<\/p>\n<p>Lorsque nous testions le site sur mobile, nous avons trouv\u00e9 que la version est mobile est facile \u00e0 utiliser. <\/p>\n<p>Toutefois, le site \u00e9tait parfois lent, ce qui peut rendre le tout vraiment ennuyant. Nous esp\u00e9rons que Bob Casino offrira un site plus rapide dans le futur.<\/p>\n<h2>Jeu responsable<\/h2>\n<p>Tout bon casino en ligne se doit d&#8217;offrir aux joueurs une exp\u00e9rience de jeu responsable. <\/p>\n<p>Bob Casino vous aide \u00e0 jouer de fa\u00e7on responsable en vous offrant des options pour limiter les d\u00e9p\u00f4ts, les mises, les pertes et le temps consacr\u00e9 au jeu.<\/p>\n<p>Si vous avez besoin d&#8217;aide avec les jeux de table, vous pouvez \u00e9galement choisir une option de pause &#8220;cool-off&#8221; ou une option de &#8220;self-exlusion&#8221;. <\/p>\n<p>La premi\u00e8re option ne vous permet pas de d\u00e9poser ou de jouer. Cependant, vous serez en mesure de retirer de l&#8217;argent.<\/p>\n<p>Si vous choisissez la deuxi\u00e8me option, le site vous bloquera pendant plusieurs mois (6 mois ou plus) et vous n&#8217;aurez aucun acc\u00e8s \u00e0 votre compte.<\/p>\n<h2>Service Client\u00e8le<\/h2>\n<p>Le site offre un service client\u00e8le d&#8217;excellence, <strong>disponible 24 heures sur 24 et 7 jours sur 7<\/strong>, afin de permettre aux joueurs de r\u00e9soudre leurs questions \u00e0 tout moment.<\/p>\n<p>[table_start]<br \/>\n[table_row column-1=&#8217;<strong>Live Chat<\/strong>&#8216; column-2=&#8217;24\/7&#8242;]<br \/>\n[table_row column-1=&#8217;<strong>Email<\/strong>&#8216; column-2=&#8217;support@bobcasino.com&#8217;]<br \/>\n[table_end]<\/p>\n<h2>Bob Casino Avis Final<\/h2>\n<p>En r\u00e9sum\u00e9, Bob Casino est un excellent nouveau casino en ligne. Avec plus de 3000 jeux de casino, un gros bonus casino ainsi qu&#8217;un programme de fid\u00e9lit\u00e9 int\u00e9ressant, il s&#8217;agit d&#8217;un casino fiable de qualit\u00e9.<\/p>\n<p>On aime aussi le th\u00e8me inspir\u00e9 de Bob Marley.<\/p>\n<p>Cela dit, ce casino n&#8217;est pas 100% parfait, en effet, on aimerait bien que les jeux de casino soient mieux divis\u00e9. De plus, certains joueurs se plaignent de N1 Interactive.<\/p>\n<p>Nous esp\u00e9rons donc que le casino puisse r\u00e9pondre aux exigences des joueurs au fil du temps.<\/p>\n","protected":false},"excerpt":{"rendered":"<p>Bob Casino Canada BobCasino vous offre un th\u00e8me Rastaman, alors si \u00e7a vous int\u00e9resse, vous allez aimer ce casino! Lanc\u00e9 en 2018 par N1 Interactive, ce casino vous offre une mascotte int\u00e9ressante &#8211; Bob Marley. Allons vois ce que ce casino en ligne canadien offre aux joueurs. Dans cet avis complet sur le casino en [&hellip;]<\/p>\n","protected":false},"author":123,"featured_media":0,"parent":0,"menu_order":0,"comment_status":"closed","ping_status":"closed","template":"","meta":{"inline_featured_image":false,"_glsr_average":0,"_glsr_ranking":0,"_glsr_reviews":0,"footnotes":""},"class_list":["post-13329","page","type-page","status-publish","hentry"],"yoast_head":"<!-- This site is optimized with the Yoast SEO plugin v27.3 - https:\/\/yoast.com\/product\/yoast-seo-wordpress\/ -->\n<title>Bob Casino - 130 Tours Gratuits + 1500$ Bonus<\/title>\n<meta name=\"description\" content=\"Bob est un casino en ligne qui vous offre un th\u00e8me Rastaman. Le Bob casino bonus est de 1500$. 130 tours gratuits Sur Boomanji + Cowboys Gold.\" \/>\n<meta name=\"robots\" content=\"index, follow, max-snippet:-1, max-image-preview:large, max-video-preview:-1\" \/>\n<link rel=\"canonical\" href=\"https:\/\/www.bonus.ca\/fr\/bob-casino\" \/>\n<meta property=\"og:type\" content=\"article\" \/>\n<meta property=\"og:title\" content=\"Bob Casino - 130 Tours Gratuits + 1500$ Bonus\" \/>\n<meta property=\"og:description\" content=\"Bob est un casino en ligne qui vous offre un th\u00e8me Rastaman. Le Bob casino bonus est de 1500$. 130 tours gratuits Sur Boomanji + Cowboys Gold.\" \/>\n<meta property=\"og:url\" content=\"https:\/\/www.bonus.ca\/fr\/bob-casino\" \/>\n<meta property=\"article:modified_time\" content=\"2026-04-02T12:29:44+00:00\" \/>\n<meta property=\"og:image\" content=\"https:\/\/mediafr.bonus.ca\/images\/bob-casino-bonus-1.png\" \/>\n\t<meta property=\"og:image:width\" content=\"1536\" \/>\n\t<meta property=\"og:image:height\" content=\"920\" \/>\n\t<meta property=\"og:image:type\" content=\"image\/png\" \/>\n<meta name=\"twitter:card\" content=\"summary_large_image\" \/>\n<meta name=\"twitter:label1\" content=\"Est. reading time\" \/>\n\t<meta name=\"twitter:data1\" content=\"9 minutes\" \/>\n<!-- \/ Yoast SEO plugin. -->","yoast_head_json":{"title":"Bob Casino - 130 Tours Gratuits + 1500$ Bonus","description":"Bob est un casino en ligne qui vous offre un th\u00e8me Rastaman. Le Bob casino bonus est de 1500$. 130 tours gratuits Sur Boomanji + Cowboys Gold.","robots":{"index":"index","follow":"follow","max-snippet":"max-snippet:-1","max-image-preview":"max-image-preview:large","max-video-preview":"max-video-preview:-1"},"canonical":"https:\/\/www.bonus.ca\/fr\/bob-casino","og_type":"article","og_title":"Bob Casino - 130 Tours Gratuits + 1500$ Bonus","og_description":"Bob est un casino en ligne qui vous offre un th\u00e8me Rastaman. Le Bob casino bonus est de 1500$. 130 tours gratuits Sur Boomanji + Cowboys Gold.","og_url":"https:\/\/www.bonus.ca\/fr\/bob-casino","article_modified_time":"2026-04-02T12:29:44+00:00","og_image":[{"width":1536,"height":920,"url":"https:\/\/mediafr.bonus.ca\/images\/bob-casino-bonus-1.png","type":"image\/png"}],"twitter_card":"summary_large_image","twitter_misc":{"Est. reading time":"9 minutes"},"schema":{"@context":"https:\/\/schema.org","@graph":[{"@type":"WebPage","@id":"https:\/\/www.bonus.ca\/fr\/bob-casino","url":"https:\/\/www.bonus.ca\/fr\/bob-casino","name":"Bob Casino - 130 Tours Gratuits + 1500$ Bonus","isPartOf":{"@id":"https:\/\/www.bonus.ca\/fr\/#website"},"primaryImageOfPage":{"@id":"https:\/\/www.bonus.ca\/fr\/bob-casino#primaryimage"},"image":{"@id":"https:\/\/www.bonus.ca\/fr\/bob-casino#primaryimage"},"thumbnailUrl":"https:\/\/mediafr.bonus.ca\/images\/bob-casino-bonus-1.png","datePublished":"2021-09-01T08:17:34+00:00","dateModified":"2026-04-02T12:29:44+00:00","description":"Bob est un casino en ligne qui vous offre un th\u00e8me Rastaman. Le Bob casino bonus est de 1500$. 130 tours gratuits Sur Boomanji + Cowboys Gold.","breadcrumb":{"@id":"https:\/\/www.bonus.ca\/fr\/bob-casino#breadcrumb"},"inLanguage":"en-US","potentialAction":[{"@type":"ReadAction","target":["https:\/\/www.bonus.ca\/fr\/bob-casino"]}]},{"@type":"ImageObject","inLanguage":"en-US","@id":"https:\/\/www.bonus.ca\/fr\/bob-casino#primaryimage","url":"https:\/\/mediafr.bonus.ca\/images\/bob-casino-bonus-1.png","contentUrl":"https:\/\/mediafr.bonus.ca\/images\/bob-casino-bonus-1.png"},{"@type":"BreadcrumbList","@id":"https:\/\/www.bonus.ca\/fr\/bob-casino#breadcrumb","itemListElement":[{"@type":"ListItem","position":1,"name":"Home","item":"https:\/\/www.bonus.ca\/fr\/"},{"@type":"ListItem","position":2,"name":"Bob Casino"}]},{"@type":"WebSite","@id":"https:\/\/www.bonus.ca\/fr\/#website","url":"https:\/\/www.bonus.ca\/fr\/","name":"BonusFinder Canada (Fran\u00e7ais)","description":"La source de bonus n\u00b0 1 au Canada","potentialAction":[{"@type":"SearchAction","target":{"@type":"EntryPoint","urlTemplate":"https:\/\/www.bonus.ca\/fr\/?s={search_term_string}"},"query-input":{"@type":"PropertyValueSpecification","valueRequired":true,"valueName":"search_term_string"}}],"inLanguage":"en-US"}]}},"_links":{"self":[{"href":"https:\/\/www.bonus.ca\/fr\/wp-json\/wp\/v2\/pages\/13329","targetHints":{"allow":["GET"]}}],"collection":[{"href":"https:\/\/www.bonus.ca\/fr\/wp-json\/wp\/v2\/pages"}],"about":[{"href":"https:\/\/www.bonus.ca\/fr\/wp-json\/wp\/v2\/types\/page"}],"author":[{"embeddable":true,"href":"https:\/\/www.bonus.ca\/fr\/wp-json\/wp\/v2\/users\/123"}],"replies":[{"embeddable":true,"href":"https:\/\/www.bonus.ca\/fr\/wp-json\/wp\/v2\/comments?post=13329"}],"version-history":[{"count":11,"href":"https:\/\/www.bonus.ca\/fr\/wp-json\/wp\/v2\/pages\/13329\/revisions"}],"predecessor-version":[{"id":26444,"href":"https:\/\/www.bonus.ca\/fr\/wp-json\/wp\/v2\/pages\/13329\/revisions\/26444"}],"wp:attachment":[{"href":"https:\/\/www.bonus.ca\/fr\/wp-json\/wp\/v2\/media?parent=13329"}],"curies":[{"name":"wp","href":"https:\/\/api.w.org\/{rel}","templated":true}]}}