{"id":13371,"date":"2021-09-05T08:45:44","date_gmt":"2021-09-05T08:45:44","guid":{"rendered":"https:\/\/www.bonus.ca\/fr\/?page_id=13371"},"modified":"2026-03-09T14:04:58","modified_gmt":"2026-03-09T14:04:58","slug":"200-bonus","status":"publish","type":"page","link":"https:\/\/www.bonus.ca\/fr\/casino-bonus\/200-bonus","title":{"rendered":"Bonus Casino 200%"},"content":{"rendered":"<h2>Bonus Casino 200% au Canada<\/h2>\n<p>Voici des casino bonus \u00e0 200%. Les <a href=\"https:\/\/www.bonus.ca\/fr\/\">casino en ligne Canada<\/a> suivants vous offrent bien plus que le bonus r\u00e9gulier \u00e0 100%. Vous aurez la chance de transformer votre d\u00e9p\u00f4t en gros bonus avec l&#8217;un des casinos list\u00e9s ci-dessous.<\/p>\n<p>[table_start]<br \/>\n[table_head column-1=&#8217;Rang&#8217; column-2=&#8217;Casino&#8217;  column-3=&#8217;Bonus&#8217; column-4=&#8217;Conditions de mise&#8217;]<br \/>\n[table_row column-1=&#8217;1&#8242; column-2=&#8217;Neon Vegas Casino&#8217; column-3=&#8221;500% jusqu&#8217;\u00e0 500$&#8221; column-4=&#8217;20x&#8217;]<br \/>\n[table_row column-1=&#8217;2&#8242; column-2=&#8217;Tiger Riches Casino&#8217; column-3=&#8221;200% jusqu&#8217;\u00e0 1000$&#8221; column-4=&#8217;40x&#8217;]<br \/>\n[table_row column-1=&#8217;3&#8242; column-2=&#8217;Casino Tropez&#8217; column-3=&#8221;200% jusqu&#8217;\u00e0 500$&#8221; column-4=&#8217;30x&#8217;]<br \/>\n[table_row column-1=&#8217;4&#8242; column-2=&#8217;Bethard Casino&#8217; column-3=&#8221;200% jusqu&#8217;\u00e0 500$&#8221; column-4=&#8217;20x&#8217;]<br \/>\n[table_row column-1=&#8217;5&#8242; column-2=&#8217;Dunder Casino&#8217; column-3=&#8221;200% jusqu&#8217;\u00e0 50$ + 180 tours gratuits&#8221; column-4=&#8217;30x&#8217;]<br \/>\n[table_row column-1=&#8217;6&#8242; column-2=&#8217;Europa Casino&#8217; column-3=&#8221;200% jusqu&#8217;\u00e0 500$&#8221; column-4=&#8217;50x&#8217;]<br \/>\n[table_row column-1=&#8217;7&#8242; column-2=&#8217;CasiGo Casino&#8217; column-3=&#8221;200% jusqu&#8217;\u00e0 200$ + 375 tours gratuits&#8221; column-4=&#8217;35x (d\u00e9p\u00f4t + bonus)&#8217;]<br \/>\n[table_row column-1=&#8217;8&#8242; column-2=&#8217;Magic Red Casino&#8217; column-3=&#8221;200% jusqu&#8217;\u00e0 500$&#8221; column-4=&#8221;35x (d\u00e9p\u00f4t + bonus)&#8221;]<br \/>\n[table_end] <\/p>\n<p>Si vous d\u00e9sirez trouver les meilleurs bonus sans porter attention au pourcentage, jetez un oeil sur la liste compl\u00e8te des <a href=\"https:\/\/www.bonus.ca\/fr\/casino-bonus\">casino bonus offerts au Canada<\/a>.<\/p>\n<h2>Casino 200% Bonus sur 1er D\u00e9p\u00f4t 2026<\/h2>\n<p>Trouvez un bonus casino \u00e0 200% sur le premier d\u00e9p\u00f4t est plut\u00f4t rare. En effet, en g\u00e9n\u00e9ral, les casinos pr\u00e9f\u00e8rent offrir un gros bonus. Toutefois, le tout n&#8217;est pas impossible. Les casinos suivants vous offrent la chance d&#8217;obtenir un \u00e9norme bonus casino gr\u00e2ce \u00e0 un grand pourcentage en \u00e9quivalence.<\/p>\n<h3>1. Neon Vegas Casino<\/h3>\n<p>Les joueurs canadiens obtiennent un bonus \u00e0 500% jusqu&#8217;\u00e0 500$ sur le premier d\u00e9p\u00f4t. Neon Vegas offre un bonus de bienvenue bien sp\u00e9cial. Nous ne savons toujours pas comment ils r\u00e9ussissent \u00e0 offrir un bonus comme celui-ci, mais on ne se plaint pas.<\/p>\n<h3>2. Tiger Riches Casino<\/h3>\n<p>Tiger Riches Casino a \u00e9t\u00e9 en 2021 par Markor Technology Limited company. Ce casino d\u00e9tient une license de la Gibraltar Gambling Commission et vous offre un bonus \u00e0 200% jusqu&#8217;\u00e0 1000$ sur le premier d\u00e9p\u00f4t. M\u00eame si Tiger est un <a href=\"https:\/\/www.bonus.ca\/fr\/casino-en-ligne\/nouveaux\">casino en ligne nouveau<\/a>, vous serez surpris d&#8217;y voir une grande s\u00e9lection de jeux.<\/p>\n<h3>3. CasiGo Casino<\/h3>\n<p>CasiGo Casino est un nouveau casino propuls\u00e9 par White Hat Gaming. CasiGo d\u00e9tient une license de la UK Gambling Commission et de la Malta Gaming Authority. Ce casino est s\u00e9curitaire et fiable. Il accueille les canadiens avec un bon bonus casino ainsi que des tours gratuits sur Book of Dead.<\/p>\n<h2>Bonus Avec Pourcentages Plus \u00c9lev\u00e9s<\/h2>\n<p>\u00c7a prend de la patience pour trouver des bonus offrant plus de 200%, mais le tout existe. En effet, certains casinos en ligne sont tr\u00e8s g\u00e9n\u00e9reux. <\/p>\n<h3>Bonus \u00e0 300%<\/h3>\n<p>En ce moment, il n&#8217;y a pas de casino offrant un bonus \u00e0 300% lors du premier d\u00e9p\u00f4t. Toutefois, si jamais la situation change, nous mettrons cette page \u00e0 jour.<\/p>\n<h3>Bonus \u00e0 500%<\/h3>\n<p>De nos jours, il n&#8217;y a qu&#8217;un seul casino qui vous promet 500% sur votre premier d\u00e9p\u00f4t et il s&#8217;agit du Casino Neon Vegas. Le bonus est \u00e0 500% jusqu&#8217;\u00e0 500$. Il est important de noter que vous pourrez \u00e9galement jouer sur diff\u00e9rents jeux pendant les conditions de mise. On pense ici aux machines \u00e0 sous, mais aussi au Blackjack Live, Live Holdem, Roulette Live et roulette classique. Cependant, il faut savoir que lorsque vous jouez, vous utiliserez d&#8217;abord l&#8217;argent r\u00e9el avant d&#8217;utiliser l&#8217;argent bonus.<\/p>\n<h3>Conditions de Mise<\/h3>\n<p>Il est important de savoir quelles sont les conditions de mise avant de choisir un bonus casino. Lorsque vous jouez sur un <a href=\"https:\/\/www.bonus.ca\/fr\/casino-bonus\/sans-conditions\">casino sans wager<\/a>, la question ne pose pas mais quand ce n&#8217;est pas le cas il faut se renseigner. <\/p>\n<p>En effet, certains jeux contribuent diff\u00e9remment aux conditions de mise. De plus, certains casinos ont des limites de temps, limite de mise ainsi que des termes suppl\u00e9mentaires.<\/p>\n<h2>Meilleures Machines \u00e0 Sous Pour Jouer Vos Bonus<\/h2>\n<p>La plupart des bonus de bienvenue \u00e0 200% sont uniquement pour les machines \u00e0 sous, mais peuvent \u00eatre limit\u00e9 sur le choix des jeux, alors assurez-vous de lire les petits caract\u00e8res avant de faire un d\u00e9p\u00f4t. Une fois que vous recevez votre bonus, commencez \u00e0 jouer!<\/p>\n<p>Si vous d\u00e9sirez augmenter vos chances de gagner de l&#8217;argent, focussez sur les jeux avec un grand RTP (retour au joueur). En effet, le tout vous aidera \u00e0 maximiser vos chances!<\/p>\n<h3>\u00c0 Quoi Jouer<\/h3>\n<p>Les sites de casino peuvent limit\u00e9 le bonus \u00e0 certains jeux. C&#8217;est d&#8217;ailleurs pourquoi plusieurs casinos offrent des bonus sur des jeux sp\u00e9cificiques (comme <a href=\"https:\/\/www.bonus.ca\/fr\/machines-a-sous-gratuites\/book-of-dead\">Book of Dead<\/a>). Toutefois, les bonus sur les d\u00e9p\u00f4ts, recharches ou en cashback ne sont pas n\u00e9c\u00e9ssairement limit\u00e9s \u00e0 un jeu.<\/p>\n<p>Voici les machines \u00e0 sous les plus populaires au Canada en ce moment:<\/p>\n<ul>\n<li>Immortal Romance<\/li>\n<li>Mega Moolah<\/li>\n<li>Book of Dead<\/li>\n<li>Fire Joker<\/li>\n<li>Gonzo&#8217;s Quest<\/li>\n<li>Starburst<\/li>\n<\/ul>\n<p>Les casinos en ligne canadiens savent que les jeux ci-dessus sont les plus populaires en ce moment. La plupart des casinos vous permettent de choisir la machine \u00e0 sous pour compl\u00e9ter vos conditions de mise, mais si vous obtenez des tours gratuits, vous devrez utiliser le jeu gratuit mentionn\u00e9 dans l&#8217;offre.<\/p>\n<h2>Pourquoi Choisir un Bonus \u00e0 200%<\/h2>\n<p>Vous vous demandez toujours si vous devriez choisir un bonus \u00e0 200%? Voyons voir les 5 raisons pour lesquelles vous devriez d\u00e9finitivement choisir un bonus casino avec un pourcentage plus \u00e9lev\u00e9.<\/p>\n<p>Commen\u00e7ons le tout avec un exemple:<\/p>\n<p>En d\u00e9posant 100$, vous recevrez un bonus de 200$ et vous pourrez jouer avec 300$. Un bonus \u00e0 200% vous permet de jouer avec plus!<\/p>\n<ol>\n<li><strong>Jouez avec plus: <\/strong>En plus d&#8217;obtenir plus de tours, vous augmentez vos chances de gagner!<\/li>\n<li><strong>Plus de tours gratuits: <\/strong>Plusieurs casinos vous donnent \u00e9galement des tours gratuits en plus du bonus r\u00e9gulier.<\/li>\n<li><strong>Tout le monde aime les gros bonus: <\/strong>Si vous aimez faire de gros d\u00e9p\u00f4ts, Tiger Riches Casino vous permet d&#8217;obtenir un gros bonus. Cela dit, que vous soyez un joueur avec un petit budget ou un gros budget, il est difficile de dire non \u00e0 un gros bonus!<\/li>\n<li><strong>Mises maximales plus grandes: <\/strong>Certains casinos vous permettent d&#8217;utiliser des mises maximales plus grandes lorsque vous avez un plus gros bonus. Ces casinos sont g\u00e9n\u00e9ralement dans l&#8217;industrie depuis longtemps et peuvent se permettre de plus grandes pertes.<\/li>\n<li><strong>Essayez plus de jeux: <\/strong>Avec plus d&#8217;argent bonus, vous serez en mesure d&#8217;essayer plus de jeux de casino.<\/li>\n<\/ol>\n<p>Ces bonus 200% ne sont pas \u00e9ligibles aux <a href=\"https:\/\/www.bonus.ca\/fr\/machines-a-sous-gratuites\/fire-joker\">bonus sans d\u00e9p\u00f4t encaissable<\/a> puisque ces derniers ne n\u00e9cessitent pas de d\u00e9p\u00f4t initial. Or, les bonus 200% sont activ\u00e9s lorsque vous d\u00e9posez de l&#8217;argent r\u00e9el sur le casino.<\/p>\n<p>Les bonus de bienvenue \u00e9lev\u00e9s sont parfois difficile \u00e0 r\u00e9sister, mais souvenez vous de jouer de fa\u00e7on responsable. Il est important de savoir tous les enjeux incluant les termes et conditions. Si vous voyez quelque chose qui vous rend inconfortable, choisissez simplement un autre bonus de bienvenue.<\/p>\n","protected":false},"excerpt":{"rendered":"<p>Bonus Casino 200% au Canada Voici des casino bonus \u00e0 200%. Les casino en ligne Canada suivants vous offrent bien plus que le bonus r\u00e9gulier \u00e0 100%. Vous aurez la chance de transformer votre d\u00e9p\u00f4t en gros bonus avec l&#8217;un des casinos list\u00e9s ci-dessous. [table_start] [table_head column-1=&#8217;Rang&#8217; column-2=&#8217;Casino&#8217; column-3=&#8217;Bonus&#8217; column-4=&#8217;Conditions de mise&#8217;] [table_row column-1=&#8217;1&#8242; column-2=&#8217;Neon [&hellip;]<\/p>\n","protected":false},"author":123,"featured_media":0,"parent":4838,"menu_order":0,"comment_status":"closed","ping_status":"closed","template":"","meta":{"inline_featured_image":false,"_glsr_average":0,"_glsr_ranking":0,"_glsr_reviews":0,"footnotes":""},"class_list":["post-13371","page","type-page","status-publish","hentry"],"yoast_head":"<!-- This site is optimized with the Yoast SEO plugin v27.3 - https:\/\/yoast.com\/product\/yoast-seo-wordpress\/ -->\n<title>200% Bonus de D\u00e9p\u00f4t de Casino \ud83c\udf96\ufe0f [year]<\/title>\n<meta name=\"description\" content=\"Bonus \u00e0 200% (et plus!) Meilleures offres de bonus de bienvenue au Canada. Jouez avec plus gr\u00e2ce \u00e0 BonusFinder!\" \/>\n<meta name=\"robots\" content=\"index, follow, max-snippet:-1, max-image-preview:large, max-video-preview:-1\" \/>\n<link rel=\"canonical\" href=\"https:\/\/www.bonus.ca\/fr\/casino-bonus\/200-bonus\" \/>\n<meta property=\"og:type\" content=\"article\" \/>\n<meta property=\"og:title\" content=\"200% Bonus de D\u00e9p\u00f4t de Casino \ud83c\udf96\ufe0f [year]\" \/>\n<meta property=\"og:description\" content=\"Bonus \u00e0 200% (et plus!) Meilleures offres de bonus de bienvenue au Canada. Jouez avec plus gr\u00e2ce \u00e0 BonusFinder!\" \/>\n<meta property=\"og:url\" content=\"https:\/\/www.bonus.ca\/fr\/casino-bonus\/200-bonus\" \/>\n<meta property=\"article:modified_time\" content=\"2026-03-09T14:04:58+00:00\" \/>\n<meta name=\"twitter:card\" content=\"summary_large_image\" \/>\n<meta name=\"twitter:label1\" content=\"Est. reading time\" \/>\n\t<meta name=\"twitter:data1\" content=\"5 minutes\" \/>\n<!-- \/ Yoast SEO plugin. -->","yoast_head_json":{"title":"200% Bonus de D\u00e9p\u00f4t de Casino \ud83c\udf96\ufe0f [year]","description":"Bonus \u00e0 200% (et plus!) Meilleures offres de bonus de bienvenue au Canada. Jouez avec plus gr\u00e2ce \u00e0 BonusFinder!","robots":{"index":"index","follow":"follow","max-snippet":"max-snippet:-1","max-image-preview":"max-image-preview:large","max-video-preview":"max-video-preview:-1"},"canonical":"https:\/\/www.bonus.ca\/fr\/casino-bonus\/200-bonus","og_type":"article","og_title":"200% Bonus de D\u00e9p\u00f4t de Casino \ud83c\udf96\ufe0f [year]","og_description":"Bonus \u00e0 200% (et plus!) Meilleures offres de bonus de bienvenue au Canada. Jouez avec plus gr\u00e2ce \u00e0 BonusFinder!","og_url":"https:\/\/www.bonus.ca\/fr\/casino-bonus\/200-bonus","article_modified_time":"2026-03-09T14:04:58+00:00","twitter_card":"summary_large_image","twitter_misc":{"Est. reading time":"5 minutes"},"schema":{"@context":"https:\/\/schema.org","@graph":[{"@type":"WebPage","@id":"https:\/\/www.bonus.ca\/fr\/casino-bonus\/200-bonus","url":"https:\/\/www.bonus.ca\/fr\/casino-bonus\/200-bonus","name":"200% Bonus de D\u00e9p\u00f4t de Casino \ud83c\udf96\ufe0f [year]","isPartOf":{"@id":"https:\/\/www.bonus.ca\/fr\/#website"},"datePublished":"2021-09-05T08:45:44+00:00","dateModified":"2026-03-09T14:04:58+00:00","description":"Bonus \u00e0 200% (et plus!) Meilleures offres de bonus de bienvenue au Canada. Jouez avec plus gr\u00e2ce \u00e0 BonusFinder!","breadcrumb":{"@id":"https:\/\/www.bonus.ca\/fr\/casino-bonus\/200-bonus#breadcrumb"},"inLanguage":"en-US","potentialAction":[{"@type":"ReadAction","target":["https:\/\/www.bonus.ca\/fr\/casino-bonus\/200-bonus"]}]},{"@type":"BreadcrumbList","@id":"https:\/\/www.bonus.ca\/fr\/casino-bonus\/200-bonus#breadcrumb","itemListElement":[{"@type":"ListItem","position":1,"name":"Home","item":"https:\/\/www.bonus.ca\/fr\/"},{"@type":"ListItem","position":2,"name":"Bonus Casino","item":"https:\/\/www.bonus.ca\/fr\/casino-bonus"},{"@type":"ListItem","position":3,"name":"Bonus Casino 200%"}]},{"@type":"WebSite","@id":"https:\/\/www.bonus.ca\/fr\/#website","url":"https:\/\/www.bonus.ca\/fr\/","name":"BonusFinder Canada (Fran\u00e7ais)","description":"La source de bonus n\u00b0 1 au Canada","potentialAction":[{"@type":"SearchAction","target":{"@type":"EntryPoint","urlTemplate":"https:\/\/www.bonus.ca\/fr\/?s={search_term_string}"},"query-input":{"@type":"PropertyValueSpecification","valueRequired":true,"valueName":"search_term_string"}}],"inLanguage":"en-US"}]}},"_links":{"self":[{"href":"https:\/\/www.bonus.ca\/fr\/wp-json\/wp\/v2\/pages\/13371","targetHints":{"allow":["GET"]}}],"collection":[{"href":"https:\/\/www.bonus.ca\/fr\/wp-json\/wp\/v2\/pages"}],"about":[{"href":"https:\/\/www.bonus.ca\/fr\/wp-json\/wp\/v2\/types\/page"}],"author":[{"embeddable":true,"href":"https:\/\/www.bonus.ca\/fr\/wp-json\/wp\/v2\/users\/123"}],"replies":[{"embeddable":true,"href":"https:\/\/www.bonus.ca\/fr\/wp-json\/wp\/v2\/comments?post=13371"}],"version-history":[{"count":11,"href":"https:\/\/www.bonus.ca\/fr\/wp-json\/wp\/v2\/pages\/13371\/revisions"}],"predecessor-version":[{"id":25693,"href":"https:\/\/www.bonus.ca\/fr\/wp-json\/wp\/v2\/pages\/13371\/revisions\/25693"}],"up":[{"embeddable":true,"href":"https:\/\/www.bonus.ca\/fr\/wp-json\/wp\/v2\/pages\/4838"}],"wp:attachment":[{"href":"https:\/\/www.bonus.ca\/fr\/wp-json\/wp\/v2\/media?parent=13371"}],"curies":[{"name":"wp","href":"https:\/\/api.w.org\/{rel}","templated":true}]}}