{"id":14182,"date":"2022-03-14T20:01:34","date_gmt":"2022-03-14T20:01:34","guid":{"rendered":"https:\/\/www.bonus.ca\/fr\/?post_type=bookmakers&#038;p=14182"},"modified":"2026-04-02T12:31:05","modified_gmt":"2026-04-02T12:31:05","slug":"spinz-casino","status":"publish","type":"page","link":"https:\/\/www.bonus.ca\/fr\/spinz-casino","title":{"rendered":"Spinz Casino"},"content":{"rendered":"<h2>Spinz Casino Canada<\/h2>\n<p>Spinz Casino est un <a href=\"https:\/\/www.bonus.ca\/fr\/casino-en-ligne\/nouveaux\">nouveau casino en ligne au Canada<\/a>, et il a \u00e9t\u00e9 lanc\u00e9 au d\u00e9but de 2022. Comme ses cousins Wheelz, Wildz et Caxino, il est licenci\u00e9 par l&#8217;Autorit\u00e9 des Jeux de Malte et propose une biblioth\u00e8que similaire de machines \u00e0 sous et de jeux de casino.<\/p>\n<p>Le site est facile \u00e0 naviguer et il est clair que le casino vise \u00e0 offrir une excellente exp\u00e9rience utilisateur. Comme de nombreux autres sites, ils utilisent un logiciel d&#8217;apprentissage intelligent pour mieux comprendre les jeux que vous aimez et comment offrir des r\u00e9compenses personnalis\u00e9es. <\/p>\n<p>Un bonus excitants, des campagnes promo amusantes et les fonction de streaming en direct font de ce site une plateforme divertissante avec beaucoup \u00e0 offrir.<\/p>\n<h2>Spinz Casino Bonus<\/h2>\n<p>Spinz Casino vous offre un <a href=\"https:\/\/www.bonus.ca\/fr\/casino-bonus\">bonus casino en ligne<\/a> \u00e0 100% jusqu&#8217;\u00e0 300$ + 100 tours gratuits. Notez que les conditions de mise sont \u00e0 30x.<\/p>\n<p>[table_start]<br \/>\n[table_head column-1=&#8217;<strong>Spinz Casino<\/strong>&#8216; column-2=&#8217;Information sur le bonus&#8217;]<br \/>\n[table_row column-1=&#8217;<strong>Bonus sans d\u00e9p\u00f4t<\/strong>&#8216; column-2=&#8217;Non disponible&#8217;]<br \/>\n[table_row column-1=&#8217;<strong>Bonus de bienvenue<\/strong>&#8216; column-2=&#8217;300$ + 100 tours gratuits&#8217;]<br \/>\n[table_row column-1=&#8217;<strong>Jeu gratuit<\/strong>&#8216; column-2=&#8217;Plusieurs jeux&#8217;]<br \/>\n[table_row column-1=&#8217;<strong>D\u00e9p\u00f4t minimum<\/strong>&#8216; column-2=&#8217;10$&#8217;]<br \/>\n[table_row column-1=&#8217;<strong>Conditions de mise<\/strong>&#8216; column-2=&#8217;35x&#8217;]<br \/>\n[table_row column-1=&#8217;<strong>Code bonus<\/strong>&#8216; column-2=&#8217;Non requis&#8217;]<br \/>\n[table_row column-1=&#8217;<strong>Version Mobile<\/strong>&#8216; column-2=&#8217;Android, iPhone, Windows&#8217;]<br \/>\n[table_row column-1=&#8217;<strong>Nombre de jeux<\/strong>&#8216; column-2=&#8217;1100+&#8217;]<br \/>\n[table_end]<\/p>\n<div id=\"attachment_17057\" style=\"width: 1546px\" class=\"wp-caption alignnone\"><img loading=\"lazy\" decoding=\"async\" aria-describedby=\"caption-attachment-17057\" src=\"https:\/\/www.bonus.ca\/fr\/images\/Spinz-casino-logo.png\" alt=\"Spinz Logo\" width=\"1536\" height=\"920\" class=\"size-full wp-image-17057\" srcset=\"https:\/\/mediafr.bonus.ca\/images\/Spinz-casino-logo.png 1536w, https:\/\/mediafr.bonus.ca\/images\/Spinz-casino-logo-300x180.png 300w, https:\/\/mediafr.bonus.ca\/images\/Spinz-casino-logo-1024x613.png 1024w, https:\/\/mediafr.bonus.ca\/images\/Spinz-casino-logo-1048x628.png 1048w, https:\/\/mediafr.bonus.ca\/images\/Spinz-casino-logo-90x54.png 90w\" sizes=\"auto, (max-width: 1536px) 100vw, 1536px\" \/><p id=\"caption-attachment-17057\" class=\"wp-caption-text\">Spinz Casino accueille les nouveaux joueurs avec un bonus de 300$ et 100 tours gratuits<\/p><\/div>\n<h3>Spinz Casino Bonus Sans D\u00e9p\u00f4t<\/h3>\n<p>Spinz Casino n&#8217;offre pas de <a href=\"https:\/\/www.bonus.ca\/fr\/casino-bonus\/sans-depot\">bonus sans d\u00e9p\u00f4t<\/a> en ce moment. Toutefois, nous savons que <a href=\"https:\/\/www.bonus.ca\/fr\/wheelz-casino\">Wheelz Casino<\/a> offre 20 tours gratuits aux nouveaux joueurs. Donc, si vous voulez tester un casino Rootz, essayez Wheelz \u00e0 la place!<\/p>\n<h3>Obtenez des r\u00e9compenses gratuite tous les jours<\/h3>\n<p>Cette campagne est totalement nouvelle et exclusive \u00e0 Spinz Casino. Chaque jour o\u00f9 vous vous connectez \u00e0 votre compte, il y a un nouveau jeu quotidien pr\u00e9choisi. Pendant une plage horaire d&#8217;une heure chaque jour, vous pouvez obtenir une Vitesse Double sur cette machine \u00e0 sous choisie ! Il peut s&#8217;agir de machines \u00e0 sous classiques ou de nouvelles sorties de jeux, s\u00e9lectionn\u00e9es par les streamers internes ou par l&#8217;\u00e9quipe marketing de Spinz.<\/p>\n<p>Cette offre est disponible tous les jours, donc ne vous inqui\u00e9tez pas si vous l&#8217;avez manqu\u00e9e &#8211; il y en aura une autre demain !<\/p>\n<h3>Remportez des prix en argent avec les tournois multiplicateurs<\/h3>\n<p>Les tournois multiplicateurs qui ont lieu tout au long de l&#8217;ann\u00e9e sont parmi les campagnes les plus populaires chez Spinz Casino. Ces tournois r\u00e9compensent les joueurs qui enregistrent les gains les plus importants pendant une fen\u00eatre promotionnelle active. En r\u00e8gle g\u00e9n\u00e9rale, les r\u00e9compenses de ces tournois sont soit en argent, soit en prix multiplicateurs.<\/p>\n<p>Ce qui rend le tournoi si passionnant, c&#8217;est que les tailles de mise n&#8217;ont pas d&#8217;importance. M\u00eame si vous ne pariez qu&#8217;un seul dollar, vous avez exactement la m\u00eame chance de remporter le prix en argent que quelqu&#8217;un misant 50 $ par rotation!<\/p>\n<h3>Conditions de Mise<\/h3>\n<p><strong>Spinz Casino a des conditions de mise de 35x<\/strong>. Cela dit, vous devrez miser le bonus au moins 35 fois avant de pouvoir faire une demande de retrait.<\/p>\n<h2>Jeux de Casino<\/h2>\n<p>Spinz est le <a href=\"https:\/\/www.bonus.ca\/fr\/\">meilleur casino en ligne canada<\/a> qui offre plus de 1100 jeux de casino, incluant une grande vari\u00e9t\u00e9 de jeux de machines \u00e0 sous.<\/p>\n<p>Vous y trouverez \u00e9galement une plateforme de streaming en ligne ainsi que du blackjack, des jeux de roulettes, etc.<\/p>\n<h3>Machines \u00e0 Sous<\/h3>\n<p>Spinz Casino offre un grand nombre de machines \u00e0 sous. On y trouve \u00e9galement des machines \u00e0 sous \u00e0 5 rouleaux, ainsi que des jeux avec des rondes bonus.<\/p>\n<p>De plus, vous y trouverez des jeux \u00e0 gros lots progressifs qui pourraient vous rendre millionnaire!<\/p>\n<h3>Jeux de Table<\/h3>\n<p>Comme le nom du casino le r\u00e9v\u00e8le d\u00e9j\u00e0, l&#8217;accent principal est clairement mis sur les machines \u00e0 sous. Cela est \u00e9vident lorsque vous entrez dans la section des jeux de table. Il n&#8217;y a que 7 versions de blackjack, 8 versions de roulette, 4 types de jeux de baccarat et seulement un titre de vid\u00e9o poker.<\/p>\n<p>Bien que le nombre de jeux de table laisse quelque chose \u00e0 d\u00e9sirer, la qualit\u00e9 des jeux ne p\u00e2lit pas en comparaison avec d&#8217;autres sites. La collection comprend des jeux de Rela Gaming et Evolution.<\/p>\n<h3>Jeux en Direct<\/h3>\n<p>Comme la plupart des casinos en ligne populaires, Spinz Casino offre des jeux live. Ces jeux se jouent en direct en temps r\u00e9el. Les jeux en direct vous permettent d&#8217;avoir une exp\u00e9rience de jeu qui s&#8217;apparente aux visites dans un casino r\u00e9el.<\/p>\n<p>Tout comme pour les jeux de table, la s\u00e9lection de jeux de casino en direct pourrait \u00eatre plus grande. Cependant, comme nous l&#8217;avons d\u00e9j\u00e0 \u00e9tabli, il s&#8217;agit d&#8217;un casino ax\u00e9 sur les machines \u00e0 sous. Avec cela en t\u00eate, la s\u00e9lection dans la biblioth\u00e8que de jeux en direct pourrait \u00eatre bien pire. Ci-dessous, vous trouverez le nombre de titres disponibles chez Spinz.<\/p>\n<ul>\n<li><strong>22 \u00c9missions de Jeu<\/strong><\/li>\n<li><strong>21 versions de Roulette<\/strong><\/li>\n<li><strong>21 jeux de Baccarat<\/strong><\/li>\n<li><strong>13 versions de Blackjack<\/strong><\/li>\n<li><strong>6 jeux de Poker<\/strong><\/li>\n<\/ul>\n<h2>Plateforme de Streaming<\/h2>\n<p>Rootz, l&#8217;entreprise derri\u00e8re Spinz, est reconnue pour son amour de l&#8217;innovation, et cela se manifeste par le lancement d&#8217;une plateforme de streaming en direct pour le contenu de casino. Cette plateforme est une excellente ressource pour les joueurs qui veulent en savoir plus sur les jeux propos\u00e9s dans leur casino.<\/p>\n<p>Sur cette plateforme de streaming en direct, vous pouvez regarder vos streamers pr\u00e9f\u00e9r\u00e9s jouer \u00e0 diff\u00e9rents jeux de casino sur le site. De plus, ces streamers peuvent \u00e9galement offrir des bonus, ce qui rend cette fonctionnalit\u00e9 bien plus engageante et divertissante que de nombreuses autres caract\u00e9ristiques des casinos en ligne.<\/p>\n<p><img loading=\"lazy\" decoding=\"async\" src=\"https:\/\/www.bonus.ca\/fr\/images\/Spinz-casino.png\" alt=\"Logo Spinz\" width=\"1536\" height=\"920\" class=\"alignnone size-full wp-image-17058\" srcset=\"https:\/\/mediafr.bonus.ca\/images\/Spinz-casino.png 1536w, https:\/\/mediafr.bonus.ca\/images\/Spinz-casino-300x180.png 300w, https:\/\/mediafr.bonus.ca\/images\/Spinz-casino-1024x613.png 1024w, https:\/\/mediafr.bonus.ca\/images\/Spinz-casino-1048x628.png 1048w, https:\/\/mediafr.bonus.ca\/images\/Spinz-casino-90x54.png 90w\" sizes=\"auto, (max-width: 1536px) 100vw, 1536px\" \/><\/p>\n<h2>Options Bancaires<\/h2>\n<p>\u00c9videmment, tout bon nouveau casino se doit d&#8217;offrir des options bancaires de qualit\u00e9 et c&#8217;est pourquoi Spinz Casino vous offre toutes les m\u00e9thodes bancaires disponibles dans les autres casinos Rootz. <\/p>\n<p>Vous serez en mesure de faire des transactions avec les m\u00e9thodes bancaires suivantes:<\/p>\n<p>[table_start]<br \/>\n[table_head column-1=&#8217;<strong>M\u00e9thodes bancaires<\/strong>&#8216; column-2=&#8217;<strong>Pris en charge<\/strong>&#8216;]<br \/>\n[table_row column-1=&#8217;<strong>Interac<\/strong>&#8216; column-2=&#8217;Oui&#8217;]<br \/>\n[table_row column-1=&#8217;<strong>iD\u00e9bit<\/strong>&#8216; column-2=&#8217;Oui&#8217;]<br \/>\n[table_row column-1=&#8217;<strong>Visa\/Mastercard<\/strong>&#8216; column-2=&#8217;Oui&#8217;]<br \/>\n[table_row column-1=&#8217;<strong>eCheck<\/strong>&#8216; column-2=&#8217;Non&#8217;]<br \/>\n[table_row column-1=&#8217;<strong>Instant Banking<\/strong>&#8216; column-2=&#8217;Oui&#8217;]<br \/>\n[table_row column-1=&#8217;<strong>Instadebit<\/strong>&#8216; column-2=&#8217;Oui&#8217;]<br \/>\n[table_row column-1=&#8217;<strong>Ecopayz<\/strong>&#8216; column-2=&#8217;Oui&#8217;]<br \/>\n[table_row column-1=&#8217;<strong>MuchBetter<\/strong>&#8216; column-2=&#8217;Oui&#8217;]<br \/>\n[table_row column-1=&#8217;<strong>Paypal<\/strong>&#8216; column-2=&#8217;Non&#8217;]<br \/>\n[table_end]<\/p>\n<h3>Retraits<\/h3>\n<p>Si vous \u00eates nouveau dans le jeu en ligne, sachez que retirer des fonds peut sembler un peu compliqu\u00e9 au d\u00e9but. Tout d&#8217;abord, toutes les m\u00e9thodes de d\u00e9p\u00f4t ne peuvent pas \u00eatre utilis\u00e9es pour les retraits &#8211; en fait, vous devrez peut-\u00eatre utiliser la m\u00eame m\u00e9thode que celle que vous avez utilis\u00e9e pour effectuer votre d\u00e9p\u00f4t.<\/p>\n<p>Deuxi\u00e8mement, les retraits ne sont PAS trait\u00e9s instantan\u00e9ment &#8211; contrairement aux d\u00e9p\u00f4ts, le casino doit confirmer votre identit\u00e9 avant de lib\u00e9rer vos gains. Cela est fait pour pr\u00e9venir les tentatives de fraude, malheureusement trop courantes.<\/p>\n<h3>Combien de temps faudra-t-il pour recevoir mon retrait?<\/h3>\n<p>En cons\u00e9quence, les retraits du Casino Spinz peuvent prendre un certain temps \u00e0 \u00eatre trait\u00e9s. Votre retrait peut \u00eatre approuv\u00e9 apr\u00e8s quelques heures, mais cela peut \u00e9galement prendre jusqu&#8217;\u00e0 2 \u00e0 3 jours. Ne vous inqui\u00e9tez pas si cela prend plus de temps que pr\u00e9vu &#8211; c&#8217;est normal. Le montant minimum de retrait via les portefeuilles \u00e9lectroniques est de 20 $, et de 100 $ via un virement bancaire.<\/p>\n<p>Une fois que votre retrait a \u00e9t\u00e9 effectu\u00e9, le temps qu&#8217;il faut pour arriver sur votre compte bancaire varie en fonction de la m\u00e9thode de d\u00e9p\u00f4t que vous choisissez. Les virements bancaires peuvent prendre des jours, tandis que les retraits via des portefeuilles \u00e9lectroniques (comme Skrill) peuvent ne prendre que quelques heures.<\/p>\n<h2>Service \u00e0 la Client\u00e8le<\/h2>\n<p>En g\u00e9n\u00e9ral, les casinos Roots ont d&#8217;excellent services \u00e0 la client\u00e8le. Spinz Casino vous offre \u00e9galement un bon support \u00e0 la client\u00e8le.<\/p>\n<p>La section FAQ est d\u00e9taill\u00e9e. Le tout est divis\u00e9 en cat\u00e9gorie, et vous serez en mesure d&#8217;obtenir vos r\u00e9ponses facilement.<\/p>\n<p>Sinon, vous serez toujours en mesure d&#8217;envoyer un courriel \u00e0 l&#8217;\u00e9quipe de support de Spinz Casino. Il y a \u00e9galement un clavardage en ligne disponible 24\/7 alors vous devriez \u00eatre en mesure d&#8217;avoir les r\u00e9ponses \u00e0 vos questions rapidement.<\/p>\n<p>[table_start]<br \/>\n[table_row column-1=&#8217;<strong>Live Chat<\/strong>&#8216; column-2=&#8217;24\/7&#8242;]<br \/>\n[table_row column-1=&#8217;<strong>Email<\/strong>&#8216; column-2=&#8217;soutien@spinz.com.&#8217;]<br \/>\n[table_end]<\/p>\n<h2>Conclusion<\/h2>\n<p>Spinz Casino s&#8217;annonce promotteur au Canada. Si on regarde le succ\u00e8s des autres casinos en ligne propuls\u00e9 par Rootz, nous somme excit\u00e9s de voir comment ce nouveau casino en ligne se d\u00e9marquera! De plus, 100 tours gratuits, \u00e7a se prend toujours bien, non?<\/p>\n<h3>Verdict d\u00e9finitif<\/h3>\n<p>[table_start]<br \/>\n[table_row column-1=&#8217;<strong>Machines \u00e0 sous<\/strong>&#8216; column-2=&#8217;\u2b50\u2b50\u2b50\u2b50&#8217;]<br \/>\n[table_row column-1=&#8217;<strong>Casino en direct<\/strong>&#8216; column-2=&#8217;\u2b50\u2b50\u2b50\u2b50&#8217;]<br \/>\n[table_row column-1=&#8217;<strong>Design du site<\/strong>&#8216; column-2=&#8217;\u2b50\u2b50\u2b50\u2b50&#8217;]<br \/>\n[table_row column-1=&#8217;<strong>Options de paiement<\/strong>&#8216; column-2=&#8217;\u2b50\u2b50\u2b50\u2b50&#8217;]<br \/>\n[table_row column-1=&#8217;<strong>Service client<\/strong>&#8216; column-2=&#8217;\u2b50\u2b50\u2b50\u2b50&#8217;]<br \/>\n[table_end]<\/p>\n","protected":false},"excerpt":{"rendered":"<p>Spinz Casino Canada Spinz Casino est un nouveau casino en ligne au Canada, et il a \u00e9t\u00e9 lanc\u00e9 au d\u00e9but de 2022. Comme ses cousins Wheelz, Wildz et Caxino, il est licenci\u00e9 par l&#8217;Autorit\u00e9 des Jeux de Malte et propose une biblioth\u00e8que similaire de machines \u00e0 sous et de jeux de casino. Le site est [&hellip;]<\/p>\n","protected":false},"author":123,"featured_media":0,"parent":0,"menu_order":0,"comment_status":"closed","ping_status":"closed","template":"","meta":{"inline_featured_image":false,"_glsr_average":0,"_glsr_ranking":0,"_glsr_reviews":0,"footnotes":""},"class_list":["post-14182","page","type-page","status-publish","hentry"],"yoast_head":"<!-- This site is optimized with the Yoast SEO plugin v27.3 - https:\/\/yoast.com\/product\/yoast-seo-wordpress\/ -->\n<title>Spinz Casino Avis \ud83c\udf96\ufe0f 100 Tours Gratuits + 2000$ en Bonus<\/title>\n<meta name=\"description\" content=\"Spinz Casino est un nouveau casino au Canada | Top Plateforme de streaming | 100 tours gratuits + 2000$ en bonus bienvenue.\" \/>\n<meta name=\"robots\" content=\"index, follow, max-snippet:-1, max-image-preview:large, max-video-preview:-1\" \/>\n<link rel=\"canonical\" href=\"https:\/\/www.bonus.ca\/fr\/spinz-casino\" \/>\n<meta property=\"og:type\" content=\"article\" \/>\n<meta property=\"og:title\" content=\"Spinz Casino Avis \ud83c\udf96\ufe0f 100 Tours Gratuits + 2000$ en Bonus\" \/>\n<meta property=\"og:description\" content=\"Spinz Casino est un nouveau casino au Canada | Top Plateforme de streaming | 100 tours gratuits + 2000$ en bonus bienvenue.\" \/>\n<meta property=\"og:url\" content=\"https:\/\/www.bonus.ca\/fr\/spinz-casino\" \/>\n<meta property=\"article:modified_time\" content=\"2026-04-02T12:31:05+00:00\" \/>\n<meta property=\"og:image\" content=\"https:\/\/mediafr.bonus.ca\/images\/Spinz-casino-logo.png\" \/>\n\t<meta property=\"og:image:width\" content=\"1536\" \/>\n\t<meta property=\"og:image:height\" content=\"920\" \/>\n\t<meta property=\"og:image:type\" content=\"image\/png\" \/>\n<meta name=\"twitter:card\" content=\"summary_large_image\" \/>\n<meta name=\"twitter:label1\" content=\"Est. reading time\" \/>\n\t<meta name=\"twitter:data1\" content=\"7 minutes\" \/>\n<!-- \/ Yoast SEO plugin. -->","yoast_head_json":{"title":"Spinz Casino Avis \ud83c\udf96\ufe0f 100 Tours Gratuits + 2000$ en Bonus","description":"Spinz Casino est un nouveau casino au Canada | Top Plateforme de streaming | 100 tours gratuits + 2000$ en bonus bienvenue.","robots":{"index":"index","follow":"follow","max-snippet":"max-snippet:-1","max-image-preview":"max-image-preview:large","max-video-preview":"max-video-preview:-1"},"canonical":"https:\/\/www.bonus.ca\/fr\/spinz-casino","og_type":"article","og_title":"Spinz Casino Avis \ud83c\udf96\ufe0f 100 Tours Gratuits + 2000$ en Bonus","og_description":"Spinz Casino est un nouveau casino au Canada | Top Plateforme de streaming | 100 tours gratuits + 2000$ en bonus bienvenue.","og_url":"https:\/\/www.bonus.ca\/fr\/spinz-casino","article_modified_time":"2026-04-02T12:31:05+00:00","og_image":[{"width":1536,"height":920,"url":"https:\/\/mediafr.bonus.ca\/images\/Spinz-casino-logo.png","type":"image\/png"}],"twitter_card":"summary_large_image","twitter_misc":{"Est. reading time":"7 minutes"},"schema":{"@context":"https:\/\/schema.org","@graph":[{"@type":"WebPage","@id":"https:\/\/www.bonus.ca\/fr\/spinz-casino","url":"https:\/\/www.bonus.ca\/fr\/spinz-casino","name":"Spinz Casino Avis \ud83c\udf96\ufe0f 100 Tours Gratuits + 2000$ en Bonus","isPartOf":{"@id":"https:\/\/www.bonus.ca\/fr\/#website"},"primaryImageOfPage":{"@id":"https:\/\/www.bonus.ca\/fr\/spinz-casino#primaryimage"},"image":{"@id":"https:\/\/www.bonus.ca\/fr\/spinz-casino#primaryimage"},"thumbnailUrl":"https:\/\/www.bonus.ca\/fr\/images\/Spinz-casino-logo.png","datePublished":"2022-03-14T20:01:34+00:00","dateModified":"2026-04-02T12:31:05+00:00","description":"Spinz Casino est un nouveau casino au Canada | Top Plateforme de streaming | 100 tours gratuits + 2000$ en bonus bienvenue.","breadcrumb":{"@id":"https:\/\/www.bonus.ca\/fr\/spinz-casino#breadcrumb"},"inLanguage":"en-US","potentialAction":[{"@type":"ReadAction","target":["https:\/\/www.bonus.ca\/fr\/spinz-casino"]}]},{"@type":"ImageObject","inLanguage":"en-US","@id":"https:\/\/www.bonus.ca\/fr\/spinz-casino#primaryimage","url":"https:\/\/mediafr.bonus.ca\/images\/Spinz-casino-logo.png","contentUrl":"https:\/\/mediafr.bonus.ca\/images\/Spinz-casino-logo.png","width":1536,"height":920,"caption":"Spinz Casino accueille les nouveaux joueurs avec un bonus de 300$ et 100 tours gratuits"},{"@type":"BreadcrumbList","@id":"https:\/\/www.bonus.ca\/fr\/spinz-casino#breadcrumb","itemListElement":[{"@type":"ListItem","position":1,"name":"Home","item":"https:\/\/www.bonus.ca\/fr\/"},{"@type":"ListItem","position":2,"name":"Spinz Casino"}]},{"@type":"WebSite","@id":"https:\/\/www.bonus.ca\/fr\/#website","url":"https:\/\/www.bonus.ca\/fr\/","name":"BonusFinder Canada (Fran\u00e7ais)","description":"La source de bonus n\u00b0 1 au Canada","potentialAction":[{"@type":"SearchAction","target":{"@type":"EntryPoint","urlTemplate":"https:\/\/www.bonus.ca\/fr\/?s={search_term_string}"},"query-input":{"@type":"PropertyValueSpecification","valueRequired":true,"valueName":"search_term_string"}}],"inLanguage":"en-US"}]}},"_links":{"self":[{"href":"https:\/\/www.bonus.ca\/fr\/wp-json\/wp\/v2\/pages\/14182","targetHints":{"allow":["GET"]}}],"collection":[{"href":"https:\/\/www.bonus.ca\/fr\/wp-json\/wp\/v2\/pages"}],"about":[{"href":"https:\/\/www.bonus.ca\/fr\/wp-json\/wp\/v2\/types\/page"}],"author":[{"embeddable":true,"href":"https:\/\/www.bonus.ca\/fr\/wp-json\/wp\/v2\/users\/123"}],"replies":[{"embeddable":true,"href":"https:\/\/www.bonus.ca\/fr\/wp-json\/wp\/v2\/comments?post=14182"}],"version-history":[{"count":11,"href":"https:\/\/www.bonus.ca\/fr\/wp-json\/wp\/v2\/pages\/14182\/revisions"}],"predecessor-version":[{"id":26447,"href":"https:\/\/www.bonus.ca\/fr\/wp-json\/wp\/v2\/pages\/14182\/revisions\/26447"}],"wp:attachment":[{"href":"https:\/\/www.bonus.ca\/fr\/wp-json\/wp\/v2\/media?parent=14182"}],"curies":[{"name":"wp","href":"https:\/\/api.w.org\/{rel}","templated":true}]}}