{"id":16174,"date":"2023-05-05T06:29:52","date_gmt":"2023-05-05T06:29:52","guid":{"rendered":"https:\/\/www.bonus.ca\/fr\/?page_id=16174"},"modified":"2026-04-15T15:53:57","modified_gmt":"2026-04-15T15:53:57","slug":"politique-editoriale","status":"publish","type":"page","link":"https:\/\/www.bonus.ca\/fr\/a-propos\/politique-editoriale","title":{"rendered":"Politique \u00c9ditoriale"},"content":{"rendered":"<h2>Ind\u00e9pendance \u00e9ditoriale et normes de confiance<\/h2>\n<p>Chez BonusFinder, nous accordons une importance capitale \u00e0 l&#8217;int\u00e9grit\u00e9 \u00e9ditoriale. Nos \u00e9valuations, classements et recommandations sont bas\u00e9s exclusivement sur notre <strong>recherche ind\u00e9pendante, nos tests approfondis et notre expertise<\/strong>. Nous ne permettons pas aux relations commerciales ou aux partenariats publicitaires d&#8217;influencer notre contenu \u00e9ditorial.<\/p>\n<ul>\n<li>Nos \u00e9valuations et notes sont d\u00e9termin\u00e9es selon un processus strict et impartial.<\/li>\n<li>Nous testons et analysons chaque casino avec rigueur pour nous assurer que nos conclusions refl\u00e8tent l&#8217;exp\u00e9rience r\u00e9elle des joueurs.<\/li>\n<li>Nous refusons les partenariats avec les marques qui ne r\u00e9pondent pas \u00e0 nos normes \u00e9lev\u00e9es en mati\u00e8re de confiance, d&#8217;\u00e9quit\u00e9 et de s\u00e9curit\u00e9 des joueurs.<\/li>\n<li>Notre \u00e9quipe poss\u00e8de plusieurs ann\u00e9es d&#8217;exp\u00e9rience dans l&#8217;industrie du jeu et partage son expertise pour fournir des informations pr\u00e9cises et fiables aux joueurs.<\/li>\n<\/ul>\n<h3>Comment nous maintenons nos normes de confiance :<\/h3>\n<ul>\n<li>Nous mettons en avant le jeu responsable et pr\u00f4nons des conditions de jeu transparentes et \u00e9quitables.<\/li>\n<li>Nous restons objectifs dans nos \u00e9valuations afin que nos recommandations servent au mieux les int\u00e9r\u00eats des joueurs.<\/li>\n<li>Notre \u00e9quipe \u00e9ditoriale surveille en permanence l&#8217;\u00e9volution du secteur pour garantir un contenu toujours \u00e0 jour.<\/li>\n<li>BonusFinder repose sur la transparence, l&#8217;expertise et l&#8217;engagement \u00e0 aider les joueurs \u00e0 prendre des d\u00e9cisions \u00e9clair\u00e9es.<\/li>\n<\/ul>\n<h2>Notre M\u00e9thodologie d&#8217;\u00c9valuation<\/h2>\n<p>Chaque casino que nous recommandons sur BonusFinder Canada (version fran\u00e7aise) est \u00e9valu\u00e9 selon une grille de notation structur\u00e9e et adapt\u00e9e aux joueurs qu\u00e9b\u00e9cois et canadiens-fran\u00e7ais. Nos six crit\u00e8res pond\u00e9r\u00e9s refl\u00e8tent ce qui compte vraiment pour les joueurs francophones au Canada \u2014 de la v\u00e9rification de la licence provinciale \u00e0 la disponibilit\u00e9 d&#8217;un service client en fran\u00e7ais canadien.<\/p>\n<p>[table_start]<br \/>\n[table_head column-1=&#8217;Crit\u00e8re d \u00e9valuation&#8217; column-2=&#8217;Pond\u00e9ration&#8217; column-3=&#8217;Ce que nous v\u00e9rifions&#8217;]<br \/>\n[table_row column-1=&#8217;<strong>Licence provinciale ou Kahnawake<\/strong>&#8216; column-2=&#8217;25%&#8217; column-3=&#8217;Nous v\u00e9rifions si l op\u00e9rateur d\u00e9tient une licence valide d\u00e9livr\u00e9e par une autorit\u00e9 provinciale canadienne \u2014 notamment iGaming Ontario (r\u00e9gi par l AGCO), la BCLC en Colombie-Britannique \u2014 ou une licence de la Commission des jeux de Kahnawake. Les op\u00e9rateurs sans licence v\u00e9rifiable sont exclus de nos recommandations, quelle que soit leur note dans les autres crit\u00e8res.&#8217;]<br \/>\n[table_row column-1=&#8217;<strong>Interface en fran\u00e7ais canadien<\/strong>&#8216; column-2=&#8217;20%&#8217; column-3=&#8217;Nous v\u00e9rifions que l interface du casino est disponible en fran\u00e7ais canadien \u2014 et non en fran\u00e7ais europ\u00e9en traduit automatiquement. Les termes qu\u00e9b\u00e9cois standards (clavardage, courriel, mise de jeu, virement) doivent \u00eatre utilis\u00e9s correctement. Une interface traduite par un logiciel sans adaptation locale est p\u00e9nalis\u00e9e.&#8217;]<br \/>\n[table_row column-1=&#8217;<strong>Support client francophone<\/strong>&#8216; column-2=&#8217;20%&#8217; column-3=&#8217;Nous testons la disponibilit\u00e9 du clavardage en direct et du courriel en fran\u00e7ais canadien. Le support doit \u00eatre assur\u00e9 par des agents ma\u00eetrisant le fran\u00e7ais canadien \u2014 pas uniquement le fran\u00e7ais europ\u00e9en \u2014 et \u00eatre accessible pendant les heures convenables pour les joueurs qu\u00e9b\u00e9cois (HNE\/HAE).&#8217;]<br \/>\n[table_row column-1=&#8217;<strong>M\u00e9thodes de paiement CAD<\/strong>&#8216; column-2=&#8217;15%&#8217; column-3=&#8217;Nous v\u00e9rifions la disponibilit\u00e9 d Interac, du virement bancaire en dollars canadiens et des portefeuilles \u00e9lectroniques acceptant le CAD sans frais de conversion. Les casinos qui exigent une conversion de devises pour les joueurs canadiens sont p\u00e9nalis\u00e9s dans notre notation.&#8217;]<br \/>\n[table_row column-1=&#8217;<strong>Ressources de jeu responsable en fran\u00e7ais<\/strong>&#8216; column-2=&#8217;10%&#8217; column-3=&#8217;Nous \u00e9valuons la disponibilit\u00e9 des outils de jeu responsable en fran\u00e7ais : limites de d\u00e9p\u00f4t, autoexclusion, liens vers <a href=\"https:\/\/www.jeu-aidereference.qc.ca\" rel=\"noopener\" target=\"_blank\">Jeu : Aide et R\u00e9f\u00e9rence<\/a> (1 800 461-0140) et vers les ressources de l AGCO. Ces outils doivent \u00eatre accessibles en fran\u00e7ais canadien \u2014 pas seulement disponibles en anglais avec une traduction optionnelle.&#8217;]<br \/>\n[table_row column-1=&#8217;<strong>Promotions et bonus (en CAD)<\/strong>&#8216; column-2=&#8217;10%&#8217; column-3=&#8217;Nous calculons la valeur r\u00e9elle des offres de bienvenue et promotions pour les joueurs canadiens : montants en dollars canadiens, exigences de mise clairement indiqu\u00e9es en fran\u00e7ais, d\u00e9p\u00f4ts minimums en CAD et absence de frais de conversion. Les offres libell\u00e9es uniquement en devises \u00e9trang\u00e8res sont signal\u00e9es.&#8217;]<br \/>\n[table_end]<\/p>\n<p>Un casino doit satisfaire au crit\u00e8re minimum de licence provinciale ou Kahnawake pour figurer dans nos listes recommand\u00e9es. Aucune note dans les autres crit\u00e8res ne peut compenser l&#8217;absence d&#8217;une licence valide.<\/p>\n<h2>Notre \u00e9quipe<\/h2>\n<p>BonusFinder est g\u00e9r\u00e9 par un groupe d&#8217;experts du secteur du jeu. Chaque membre de l&#8217;\u00e9quipe a soit travaill\u00e9 en tant que joueur professionnel, soit collabor\u00e9 directement avec des casinos et des bookmakers.<\/p>\n<p>Gr\u00e2ce \u00e0 ces connaissances et \u00e0 cette passion, nous prenons en charge tout ce qui concerne BonusFinder, des tests et \u00e9valuations des casinos et des sites de paris sportifs aux aspects techniques du site. Nous avons \u00e9galement de l&#8217;exp\u00e9rience en mati\u00e8re de travail \u00e9troit avec les r\u00e9gulateurs provinciaux du jeu sur les questions de conformit\u00e9 et de licences. Nos r\u00e9dacteurs cr\u00e9ent de vrais comptes, effectuent des d\u00e9p\u00f4ts, r\u00e9clament des bonus et testent les retraits avant de r\u00e9diger leurs avis.<\/p>\n\t<div class=\"highlight-block card-fancy\">\n\t\t<div class=\"card-inner\">\n                            <img loading=\"lazy\" decoding=\"async\" src=\"https:\/\/mediafr.bonus.ca\/images\/Lucy-Wynne.png\" alt=\"Auteure Lucy Wynne\" width=\"128\" height=\"128\" class=\"alignnone size-full wp-image-18114\" \/>\n            \t\t\t<div class=\"card-content\">\n\t\t\t\t<h4 class=\"no-margin-top\"> <a href=\"https:\/\/www.bonus.ca\/fr\/a-propos\/auteurs\/lucy-wynne\">Lucy Wynne<\/a><\/h4>\n\t\t\t\t<div>Lucy est la grande responsable de notre salle de nouvelles BonusFinder. Elle poss\u00e8de plusieurs ann\u00e9es d exp\u00e9rience dans le journalisme sur les jeux d argent et apporte \u00e0 nos lecteurs les derni\u00e8res nouvelles du march\u00e9 am\u00e9ricain des jeux en ligne.<\/div>\n\t\t\t<\/div>\n\t\t<\/div>\n\t<\/div>\n\n\t<div class=\"highlight-block card-fancy\">\n\t\t<div class=\"card-inner\">\n                            <img loading=\"lazy\" decoding=\"async\" src=\"https:\/\/mediafr.bonus.ca\/images\/luciano.png\" alt=\"Luciano Passavanti\" width=\"128\" height=\"128\" class=\"alignnone size-full wp-image-18114\" \/>\n            \t\t\t<div class=\"card-content\">\n\t\t\t\t<h4 class=\"no-margin-top\"> Luciano Passavanti - Vice pr\u00e9sident - Bonus Finder<\/h4>\n\t\t\t\t<div>Luciano, vice-pr\u00e9sident de BonusFinder, supervise les activit\u00e9s sur tous les march\u00e9s. Il veille \u00e0 ce que le contenu, traduit et adapt\u00e9 \u00e0 chaque march\u00e9, respecte toujours nos standards de qualit\u00e9.<\/div>\n\t\t\t<\/div>\n\t\t<\/div>\n\t<\/div>\n\n<h2>Processus de V\u00e9rification des Faits et Corrections<\/h2>\n<p>L&#8217;exactitude est au c\u0153ur de tout ce que nous publions sur BonusFinder. Notre \u00e9quipe \u00e9ditoriale suit un <strong>processus rigoureux de v\u00e9rification des faits<\/strong> afin de garantir que nos \u00e9valuations, guides et recommandations sont <strong>pr\u00e9cis, fiables et \u00e0 jour<\/strong>.<\/p>\n<ul>\n<li>Chaque article est r\u00e9dig\u00e9 par des experts de l&#8217;industrie poss\u00e9dant une connaissance approfondie des casinos en ligne, des paris sportifs et des r\u00e9glementations du jeu.<\/li>\n<li>Notre contenu est v\u00e9rifi\u00e9 par notre expert en v\u00e9rification des faits, Luciano Passavanti, qui s&#8217;assure que les licences des casinos, les offres de jeux, les bonus et les conditions g\u00e9n\u00e9rales sont exacts.<\/li>\n<li>Nous recoupons les informations avec plusieurs sources, y compris les sites officiels des casinos, les organismes de r\u00e9gulation et les retours des joueurs.<\/li>\n<\/ul>\n<h3>Revue continue et mise \u00e0 jour du contenu :<\/h3>\n<ul>\n<li>\u00c9tant donn\u00e9 l&#8217;\u00e9volution rapide du secteur du jeu en ligne, nous mettons r\u00e9guli\u00e8rement \u00e0 jour nos \u00e9valuations et articles pour refl\u00e9ter les derniers bonus, promotions et changements r\u00e9glementaires.<\/li>\n<li>\u00c0 chaque modification des conditions d&#8217;un op\u00e9rateur, nous analysons et ajustons notre contenu pour garantir son exactitude.<\/li>\n<li>Les utilisateurs peuvent signaler toute information obsol\u00e8te ou incorrecte via notre <a href=\"https:\/\/www.bonus.ca\/fr\/a-propos\/contact\">formulaire de contact<\/a> ou par e-mail \u00e0 luciano.passavanti@bonusfinder.com. Nous enqu\u00eaterons et corrigerons rapidement toute erreur.<\/li>\n<\/ul>\n<h2>Notre utilisation de l&#8217;IA et des donn\u00e9es analytiques<\/h2>\n<p>Nous utilisons les technologies d&#8217;intelligence artificielle les plus avanc\u00e9es pour enrichir nos analyses, identifier les tendances du jeu et fournir aux joueurs des <strong>informations actualis\u00e9es<\/strong>. Cependant, nous restons convaincus que <strong>l&#8217;expertise humaine et l&#8217;exp\u00e9rience de terrain sont irrempla\u00e7ables<\/strong>.<\/p>\n<h3>Comment Nous Utilisons l&#8217;IA dans Nos Recherches<\/h3>\n<p>Nous utilisons avec pr\u00e9caution des outils d&#8217;IA, notamment ChatGPT et Grok, pour nous aider dans :<\/p>\n<ul>\n<li><strong>Identification des tendances des casinos et bonus<\/strong> \u2013 L&#8217;IA nous aide \u00e0 analyser les tendances du march\u00e9, les pr\u00e9f\u00e9rences des joueurs et les \u00e9volutions du secteur, garantissant ainsi un contenu pertinent et \u00e0 jour.<\/li>\n<li><strong>Analyse des donn\u00e9es<\/strong> \u2013 Nous utilisons des outils d&#8217;analyse bas\u00e9s sur l&#8217;IA pour comparer les offres de casinos, suivre les taux de RTP (Return to Player) des jeux et \u00e9valuer l&#8217;opinion des joueurs \u00e0 travers les forums et avis.<\/li>\n<li><strong>Surveillance r\u00e9glementaire<\/strong> \u2013 L&#8217;IA nous permet de suivre les mises \u00e0 jour des r\u00e9glementations et exigences de conformit\u00e9 dans les march\u00e9s provinciaux du jeu au Canada, afin de fournir des informations juridiques toujours actuelles.<\/li>\n<li><strong>Automatisation de la recherche<\/strong> \u2013 L&#8217;IA facilite la collecte de donn\u00e9es sur les licences de casino, les statistiques des jeux et les conditions promotionnelles, rendant notre processus \u00e9ditorial plus efficace.<\/li>\n<\/ul>\n<h3>Ce que l&#8217;IA <em>ne<\/em> fait <em>pas<\/em><\/h3>\n<p>Bien que l&#8217;IA joue un r\u00f4le dans l&#8217;am\u00e9lioration de notre processus de recherche, nous n&#8217;utilisons jamais de contenu g\u00e9n\u00e9r\u00e9 par IA dans nos avis, articles ou recommandations de casinos.<\/p>\n<p>Notre \u00e9quipe d&#8217;experts \u2013 compos\u00e9e de joueurs professionnels, d&#8217;analystes du secteur et de r\u00e9dacteurs exp\u00e9riment\u00e9s \u2013 cr\u00e9e chaque contenu sur la base de tests r\u00e9els et d&#8217;une expertise approfondie.<\/p>\n<p>Nous sommes convaincus que <strong>l&#8217;exp\u00e9rience des joueurs est primordiale<\/strong>, et qu&#8217;aucune IA ne peut remplacer les insights obtenus gr\u00e2ce \u00e0 des tests r\u00e9els de jeux et \u00e0 l&#8217;\u00e9valuation manuelle des casinos.<\/p>\n<h3>Prise de d\u00e9cision bas\u00e9e sur les donn\u00e9es<\/h3>\n<p>Au-del\u00e0 de l&#8217;IA, nous nous appuyons sur des donn\u00e9es structur\u00e9es et des analyses pour \u00e9tablir nos avis et classements :<\/p>\n<ul>\n<li><strong>Calculs des bonus de casino<\/strong> \u2013 Nous analysons et d\u00e9composons math\u00e9matiquement les offres de bonus pour garantir la transparence des exigences de mise, la valeur attendue et les avantages r\u00e9els pour les joueurs.<\/li>\n<li><strong>M\u00e9triques d&#8217;exp\u00e9rience utilisateur<\/strong> \u2013 Nous collectons les retours des joueurs, suivons les temps de r\u00e9ponse du support client et \u00e9valuons la rapidit\u00e9 des d\u00e9p\u00f4ts et retraits pour classer les casinos de mani\u00e8re \u00e9quitable.<\/li>\n<li><strong>Analyse des performances des jeux<\/strong> \u2013 En examinant les pourcentages de RTP, les niveaux de volatilit\u00e9 et la r\u00e9putation des fournisseurs, nous veillons \u00e0 ce que nos lecteurs aient acc\u00e8s aux meilleurs jeux disponibles.<\/li>\n<\/ul>\n<h2>Comment nous gagnons de l&#8217;argent<\/h2>\n<p>BonusFinder est un site totalement ind\u00e9pendant de comparaison et d&#8217;\u00e9valuation de casinos, qui collabore avec des casinos en ligne agr\u00e9\u00e9s via des liens d&#8217;affiliation. Cela signifie que lorsque vous vous inscrivez via nos liens et r\u00e9clamez un bonus, nous pouvons percevoir une commission \u2013 sans aucun co\u00fbt suppl\u00e9mentaire pour vous.<\/p>\n<h3>Comment fonctionnent nos partenariats d&#8217;affiliation<\/h3>\n<ul>\n<li>Nous ne travaillons qu&#8217;avec des casinos en ligne licenci\u00e9s et r\u00e9glement\u00e9s qui r\u00e9pondent \u00e0 nos crit\u00e8res d&#8217;\u00e9valuation stricts.<\/li>\n<li>Nos avis et recommandations ne sont jamais influenc\u00e9s par des incitations financi\u00e8res \u2013 nous \u00e9valuons tous les casinos sur des crit\u00e8res objectifs comme la s\u00e9curit\u00e9, l&#8217;\u00e9quit\u00e9 des bonus, la vari\u00e9t\u00e9 des jeux et le service client.<\/li>\n<li>Les commissions d&#8217;affiliation nous permettent de proposer du contenu gratuit et d\u00e9taill\u00e9, incluant des avis d&#8217;experts, des analyses de bonus et des ressources sur le jeu responsable.<\/li>\n<\/ul>\n<h3>Engagement envers la transparence et la confiance des joueurs<\/h3>\n<ul>\n<li><strong>Ind\u00e9pendance \u00e9ditoriale<\/strong> \u2013 Notre contenu est r\u00e9dig\u00e9 et v\u00e9rifi\u00e9 par des experts du secteur du jeu, qui privil\u00e9gient l&#8217;int\u00e9r\u00eat des joueurs avant toute consid\u00e9ration commerciale.<\/li>\n<li><strong>Avis impartiaux sur les bonus<\/strong> \u2013 Nous calculons la valeur des bonus en utilisant des m\u00e9thodes claires et bas\u00e9es sur les donn\u00e9es, afin que vous sachiez exactement ce que vous obtenez avant de vous inscrire.<\/li>\n<\/ul>\n<p>Chez BonusFinder, votre exp\u00e9rience de jeu est notre priorit\u00e9. Nous nous engageons \u00e0 fournir des informations pr\u00e9cises, impartiales et \u00e0 jour, afin que vous puissiez prendre des d\u00e9cisions \u00e9clair\u00e9es sur les casinos o\u00f9 jouer.<\/p>\n<h2>Contactez-nous<\/h2>\n<p>Si vous avez des questions sur notre politique \u00e9ditoriale ou souhaitez soumettre une correction, n&#8217;h\u00e9sitez pas \u00e0 <a href=\"https:\/\/www.bonus.ca\/fr\/a-propos\/contact\">nous contacter<\/a> ou \u00e0 envoyer un email \u00e0 luciano.passavanti@bonusfinder.com.<\/p>\n","protected":false},"excerpt":{"rendered":"<p>Ind\u00e9pendance \u00e9ditoriale et normes de confiance Chez BonusFinder, nous accordons une importance capitale \u00e0 l&#8217;int\u00e9grit\u00e9 \u00e9ditoriale. Nos \u00e9valuations, classements et recommandations sont bas\u00e9s exclusivement sur notre recherche ind\u00e9pendante, nos tests approfondis et notre expertise. Nous ne permettons pas aux relations commerciales ou aux partenariats publicitaires d&#8217;influencer notre contenu \u00e9ditorial. Nos \u00e9valuations et notes sont d\u00e9termin\u00e9es [&hellip;]<\/p>\n","protected":false},"author":123,"featured_media":0,"parent":10798,"menu_order":0,"comment_status":"closed","ping_status":"closed","template":"","meta":{"inline_featured_image":false,"_glsr_average":0,"_glsr_ranking":0,"_glsr_reviews":0,"footnotes":""},"class_list":["post-16174","page","type-page","status-publish","hentry"],"yoast_head":"<!-- This site is optimized with the Yoast SEO plugin v27.4 - https:\/\/yoast.com\/product\/yoast-seo-wordpress\/ -->\n<title>Politique \u00c9ditoriale<\/title>\n<meta name=\"description\" content=\"D\u00e9couvrez comment BonusFinder \u00e9value les casinos en ligne : test du service client, options de paiement, bonus, compatibilit\u00e9 mobile et plus.\" \/>\n<meta name=\"robots\" content=\"index, follow, max-snippet:-1, max-image-preview:large, max-video-preview:-1\" \/>\n<link rel=\"canonical\" href=\"https:\/\/www.bonus.ca\/fr\/a-propos\/politique-editoriale\" \/>\n<meta property=\"og:type\" content=\"article\" \/>\n<meta property=\"og:title\" content=\"Politique \u00c9ditoriale\" \/>\n<meta property=\"og:description\" content=\"D\u00e9couvrez comment BonusFinder \u00e9value les casinos en ligne : test du service client, options de paiement, bonus, compatibilit\u00e9 mobile et plus.\" \/>\n<meta property=\"og:url\" content=\"https:\/\/www.bonus.ca\/fr\/a-propos\/politique-editoriale\" \/>\n<meta property=\"article:published_time\" content=\"2023-05-05T06:29:52+00:00\" \/>\n<meta property=\"article:modified_time\" content=\"2026-04-15T15:53:57+00:00\" \/>\n<meta name=\"twitter:card\" content=\"summary_large_image\" \/>\n<meta name=\"twitter:label1\" content=\"Est. reading time\" \/>\n\t<meta name=\"twitter:data1\" content=\"8 minutes\" \/>\n<!-- \/ Yoast SEO plugin. -->","yoast_head_json":{"title":"Politique \u00c9ditoriale","description":"D\u00e9couvrez comment BonusFinder \u00e9value les casinos en ligne : test du service client, options de paiement, bonus, compatibilit\u00e9 mobile et plus.","robots":{"index":"index","follow":"follow","max-snippet":"max-snippet:-1","max-image-preview":"max-image-preview:large","max-video-preview":"max-video-preview:-1"},"canonical":"https:\/\/www.bonus.ca\/fr\/a-propos\/politique-editoriale","og_type":"article","og_title":"Politique \u00c9ditoriale","og_description":"D\u00e9couvrez comment BonusFinder \u00e9value les casinos en ligne : test du service client, options de paiement, bonus, compatibilit\u00e9 mobile et plus.","og_url":"https:\/\/www.bonus.ca\/fr\/a-propos\/politique-editoriale","article_published_time":"2023-05-05T06:29:52+00:00","article_modified_time":"2026-04-15T15:53:57+00:00","twitter_card":"summary_large_image","twitter_misc":{"Est. reading time":"8 minutes"},"schema":{"@context":"https:\/\/schema.org","@graph":[{"@type":"WebPage","@id":"https:\/\/www.bonus.ca\/fr\/a-propos\/politique-editoriale","url":"https:\/\/www.bonus.ca\/fr\/a-propos\/politique-editoriale","name":"Politique \u00c9ditoriale","isPartOf":{"@id":"https:\/\/www.bonus.ca\/fr\/#website"},"primaryImageOfPage":{"@id":"https:\/\/www.bonus.ca\/fr\/a-propos\/politique-editoriale#primaryimage"},"image":{"@id":"https:\/\/www.bonus.ca\/fr\/a-propos\/politique-editoriale#primaryimage"},"thumbnailUrl":"https:\/\/mediafr.bonus.ca\/images\/Lucy-Wynne.png","datePublished":"2023-05-05T06:29:52+00:00","dateModified":"2026-04-15T15:53:57+00:00","description":"D\u00e9couvrez comment BonusFinder \u00e9value les casinos en ligne : test du service client, options de paiement, bonus, compatibilit\u00e9 mobile et plus.","breadcrumb":{"@id":"https:\/\/www.bonus.ca\/fr\/a-propos\/politique-editoriale#breadcrumb"},"inLanguage":"en-US","potentialAction":[{"@type":"ReadAction","target":["https:\/\/www.bonus.ca\/fr\/a-propos\/politique-editoriale"]}]},{"@type":"ImageObject","inLanguage":"en-US","@id":"https:\/\/www.bonus.ca\/fr\/a-propos\/politique-editoriale#primaryimage","url":"https:\/\/mediafr.bonus.ca\/images\/Lucy-Wynne.png","contentUrl":"https:\/\/mediafr.bonus.ca\/images\/Lucy-Wynne.png"},{"@type":"BreadcrumbList","@id":"https:\/\/www.bonus.ca\/fr\/a-propos\/politique-editoriale#breadcrumb","itemListElement":[{"@type":"ListItem","position":1,"name":"Home","item":"https:\/\/www.bonus.ca\/fr\/"},{"@type":"ListItem","position":2,"name":"\u00c0 propos","item":"https:\/\/www.bonus.ca\/fr\/a-propos"},{"@type":"ListItem","position":3,"name":"Politique \u00c9ditoriale"}]},{"@type":"WebSite","@id":"https:\/\/www.bonus.ca\/fr\/#website","url":"https:\/\/www.bonus.ca\/fr\/","name":"BonusFinder Canada (Fran\u00e7ais)","description":"La source de bonus n\u00b0 1 au Canada","potentialAction":[{"@type":"SearchAction","target":{"@type":"EntryPoint","urlTemplate":"https:\/\/www.bonus.ca\/fr\/?s={search_term_string}"},"query-input":{"@type":"PropertyValueSpecification","valueRequired":true,"valueName":"search_term_string"}}],"inLanguage":"en-US"}]}},"_links":{"self":[{"href":"https:\/\/www.bonus.ca\/fr\/wp-json\/wp\/v2\/pages\/16174","targetHints":{"allow":["GET"]}}],"collection":[{"href":"https:\/\/www.bonus.ca\/fr\/wp-json\/wp\/v2\/pages"}],"about":[{"href":"https:\/\/www.bonus.ca\/fr\/wp-json\/wp\/v2\/types\/page"}],"author":[{"embeddable":true,"href":"https:\/\/www.bonus.ca\/fr\/wp-json\/wp\/v2\/users\/123"}],"replies":[{"embeddable":true,"href":"https:\/\/www.bonus.ca\/fr\/wp-json\/wp\/v2\/comments?post=16174"}],"version-history":[{"count":10,"href":"https:\/\/www.bonus.ca\/fr\/wp-json\/wp\/v2\/pages\/16174\/revisions"}],"predecessor-version":[{"id":26509,"href":"https:\/\/www.bonus.ca\/fr\/wp-json\/wp\/v2\/pages\/16174\/revisions\/26509"}],"up":[{"embeddable":true,"href":"https:\/\/www.bonus.ca\/fr\/wp-json\/wp\/v2\/pages\/10798"}],"wp:attachment":[{"href":"https:\/\/www.bonus.ca\/fr\/wp-json\/wp\/v2\/media?parent=16174"}],"curies":[{"name":"wp","href":"https:\/\/api.w.org\/{rel}","templated":true}]}}