{"id":19017,"date":"2025-01-16T14:54:12","date_gmt":"2025-01-16T14:54:12","guid":{"rendered":"https:\/\/www.bonus.ca\/fr\/?page_id=19017"},"modified":"2025-07-16T09:50:09","modified_gmt":"2025-07-16T09:50:09","slug":"big-bass-bonanza","status":"publish","type":"page","link":"https:\/\/www.bonus.ca\/fr\/machines-a-sous-gratuites\/big-bass-bonanza","title":{"rendered":"Big Bass Bonanza"},"content":{"rendered":"<h2>Les bonus disponibles sur Big Bass Bonanza<\/h2>\n<p>Augmentez vos chances de gagner sur Big Bass Bonanza gr\u00e2ce \u00e0 une s\u00e9lection d&#8217;offres soigneusement \u00e9tablie des <a href=\"https:\/\/www.bonus.ca\/fr\/casino-bonus\">meilleures bonus casino<\/a> disponibles gr\u00e2ce \u00e0 nos offres partenaires.<\/p>\n<p>Explorez ci-dessous une liste de casinos proposant des bonus de bienvenue sp\u00e9cialement con\u00e7us pour jouer \u00e0 cette machine \u00e0 sous et trouvez celui qui correspond parfaitement \u00e0 vos pr\u00e9f\u00e9rences de jeu.<\/p>\n<p>[table_start]<br \/>\n  [table_head left=&#8217;Casino&#8217; right=&#8217;Bonus disponible&#8217;]<br \/>\n  [table_row left=&#8217;<strong>SpinAway Casino<\/strong>&#8216; right=&#8217;100 Tours Gratuits&#8217;]<br \/>\n  [table_row left=&#8217;<strong><a href=\"https:\/\/www.bonus.ca\/fr\/party-casino\">Party Casino<\/a><\/strong>&#8216; right=&#8217;275 Tours Gratuits&#8217;]<br \/>\n  [table_row left=&#8217;<strong><a href=\"https:\/\/www.bonus.ca\/fr\/playojo\">PlayOJO Casino<\/a><\/strong>&#8216; right=&#8217;100 Tours Gratuits&#8217;]<br \/>\n  [table_row left=&#8217;<strong>SpinYoo Casino<\/strong>&#8216;   right=&#8217;100 Tours Gratuits&#8217;]<br \/>\n  [table_row left=&#8217;<strong>Amazon Slots Casino<\/strong>&#8216; right=&#8217;50 Tours Gratuits&#8217;]<br \/>\n  [table_row left=&#8217;<strong>Snatch Casino<\/strong>&#8216; right=&#8217;325 Tours Gratuits&#8217;]<br \/>\n  [table_row left=&#8217;<strong><a href=\"https:\/\/www.bonus.ca\/fr\/playojo\">Lucky Days Casino<\/a><\/strong>&#8216; right=&#8217;100 Tours Gratuits&#8217;]<br \/>\n  [table_row left=&#8217;<strong>Rollino Casino<\/strong>&#8216; right=&#8217;325 Tours Gratuits&#8217;]<br \/>\n  [table_row left=&#8217;<strong>Lucky Wins Casino<\/strong>&#8216; right=&#8217;300 Tours Gratuits&#8217;]<br \/>\n  [table_row left=&#8217;<strong>iWild Casino<\/strong>&#8216; right=&#8217;270 Tours Gratuits&#8217;]<br \/>\n[table_end]<\/p>\n<h2>Comment jouer \u00e0 la machine \u00e0 sous Big Bass Bonanza ?<\/h2>\n<p>Chez nous, Big Bass Bonanza a \u00e9t\u00e9 une vraie d\u00e9couverte, parfaite pour les amateurs de machines \u00e0 sous au th\u00e8me original. Ce <a href=\"https:\/\/www.bonus.ca\/fr\/casino-en-ligne\/le-plus-payant\">jeu en ligne payant<\/a> sign\u00e9 Pragmatic Play, en collaboration avec Reel Kingdom, nous emm\u00e8ne dans une aventure de p\u00eache tr\u00e8s bien pens\u00e9e.<\/p>\n<h3>Comprendre les m\u00e9canismes de la machine \u00e0 sous<\/h3>\n<p>Avec ses 5 rouleaux et 3 rang\u00e9es, et ses 10 lignes de paiement fixes, tout est pens\u00e9 pour une prise en main rapide et efficace.<\/p>\n<p>Ce qui nous a marqu\u00e9, ce sont les symboles parfaitement dans le th\u00e8me : cannes \u00e0 p\u00eache, poissons et flotteurs se succ\u00e8dent pour recr\u00e9er l&#8217;ambiance d&#8217;une v\u00e9ritable sortie au bord de l&#8217;eau. <\/p>\n<p>Pour commencer \u00e0 gagner, rien de plus simple : alignez au moins trois symboles identiques sur une ligne de paiement, en partant du rouleau le plus \u00e0 gauche. <\/p>\n<p>Croyez-nous, avec un peu de chance, chaque tour peut devenir votre prise du jour !<\/p>\n<h3>RTP et volatilit\u00e9 de Big Bass Bonanza<\/h3>\n<p>Big Bass Bonanza se d\u00e9marque avec un excellent <strong>taux de retour au joueur de 96,71 %<\/strong>. Cela la place parmi les machines \u00e0 sous les plus g\u00e9n\u00e9reuses.<\/p>\n<p>Il est vrai que les gains peuvent demander un peu de patience. Cependant, c&#8217;est pr\u00e9cis\u00e9ment ce qui rend chaque tour int\u00e9ressant : la possibilit\u00e9 de d\u00e9crocher un joli pactole d&#8217;un coup.<\/p>\n<h3>D\u00e9finir votre mise<\/h3>\n<p>Sur Big Bass Bonanza, tout commence par le choix de votre mise. <\/p>\n<p>Que vous soyez un joueur occasionnel ou un habitu\u00e9 des grosses mises, cette machine \u00e0 sous s&#8217;adapte \u00e0 tous les budgets. Vous pouvez miser \u00e0 partir de 0,10 \u20ac pour des sessions tranquilles, ou monter jusqu&#8217;\u00e0 250 \u20ac par tour si vous \u00eates pr\u00eat \u00e0 miser gros.<\/p>\n<p>Evidement, vos gains seront proportionnels de la mise que vous aurez engag\u00e9e. Ajustez facilement vos mises gr\u00e2ce aux boutons &#8220;+&#8221; et &#8220;-&#8220;.<\/p>\n<p>Lors de nos essais, nous avons trouv\u00e9 qu&#8217;un \u00e9quilibre entre prudence et audace permet de profiter au mieux des fonctionnalit\u00e9s comme les tours gratuits et les multiplicateurs.<\/p>\n<div class=\"bonusfinder-tip card-fancy margin-vertical-medium\">\n\t<div class=\"title\">\n\t\t<div class=\"tip-icon\">\n\t\t\t<img decoding=\"async\" src=\"https:\/\/mediafr.bonus.ca\/images\/bf-icon_tip-emblem.svg\" height=\"36\" width=\"36\" class=\"icon-xlarge\" loading=\"lazy\" alt=\"editor tip icon\" srcset=\"https:\/\/mediafr.bonus.ca\/images\/bf-icon_tip-emblem.svg 1x, https:\/\/mediafr.bonus.ca\/images\/bf-icon_tip-emblem.svg 2x\" \/>\n\t\t<\/div>\n\t\t<div>Conseil BonusFinder<\/div>\n\t<\/div>\n\t<div class=\"content\">Nous vous conseillons de choisir une mise qui correspond \u00e0 votre style de jeu et \u00e0 la dur\u00e9e de session que vous souhaitez.<\/div>\n<\/div>\n\n<h3>Fonctionnalit\u00e9 sp\u00e9ciale<\/h3>\n<p>Big Bass Bonanza, d\u00e9velopp\u00e9 par Pragmatic Play, offre plusieurs fonctionnalit\u00e9s qui enrichissent l&#8217;exp\u00e9rience de jeu.<\/p>\n<p>Symbole Wild (P\u00eacheur) : Pendant les tours gratuits, le symbole du p\u00eacheur agit comme un Wild, rempla\u00e7ant tous les symboles, sauf le Scatter. Il collecte \u00e9galement les valeurs des symboles Poisson pr\u00e9sents \u00e0 l&#8217;\u00e9cran, augmentant ainsi vos gains.<\/p>\n<ul>\n<li><strong>Symbole Scatter (Poisson)<\/strong> : L&#8217;apparition de 3, 4 ou 5 Scatters d\u00e9clenche respectivement 10, 15 ou 20 tours gratuits.<\/li>\n<li><strong>Tours gratuits avec multiplicateurs<\/strong> : Durant les tours gratuits, chaque quatri\u00e8me Wild collect\u00e9 r\u00e9active la fonction en octroyant 10 tours suppl\u00e9mentaires et en augmentant le multiplicateur des gains \u00e0 x2, x3, puis x10.<\/li>\n<li><strong>Symbole Wild (P\u00eacheur)<\/strong> : Pendant les tours gratuits, le symbole du p\u00eacheur agit comme un Wild, rempla\u00e7ant tous les symboles, sauf le Scatter. Il collecte \u00e9galement les valeurs des symboles Poisson pr\u00e9sents \u00e0 l&#8217;\u00e9cran, augmentant ainsi vos gains.<\/li>\n<li><strong>Fonction Dynamite<\/strong> : Lorsqu&#8217;aucun symbole Poisson n&#8217;est pr\u00e9sent pendant les tours gratuits, le p\u00eacheur peut, de mani\u00e8re al\u00e9atoire, lancer de la dynamite pour ajouter des symboles Poisson sur les rouleaux, offrant ainsi des opportunit\u00e9s de gains suppl\u00e9mentaires.<\/li>\n<\/ul>\n<h3>Les symboles et leurs valeurs<\/h3>\n<p>Dans Big Bass Bonanza, chaque symbole est soigneusement con\u00e7u pour refl\u00e9ter le th\u00e8me de la p\u00eache. Ils offrent des gains vari\u00e9s selon leur raret\u00e9 et leur importance. <\/p>\n<p>Voici une description d\u00e9taill\u00e9e des symboles et de leurs valeurs :<\/p>\n<ul>\n<li><strong>Flotteur de p\u00eache <\/strong> : C&#8217;est le symbole le plus r\u00e9mun\u00e9rateur. Obtenez 5 de ces symboles sur une ligne de paiement pour remporter jusqu&#8217;\u00e0 200 fois votre mise.<\/li>\n<li><strong>Canne \u00e0 p\u00eache<\/strong> : En alignant 5 cannes \u00e0 p\u00eache, vous pouvez gagner jusqu&#8217;\u00e0 100 fois votre mise.<\/li>\n<li><strong>Libellule<\/strong> : Ce symbole offre des gains allant jusqu&#8217;\u00e0 50 fois la mise pour une combinaison de 5. <\/li>\n<li><strong>Bo\u00eete \u00e0 p\u00eache<\/strong> : En obtenant 5 de ces symboles, vous pouvez remporter jusqu&#8217;\u00e0 50 fois votre mise.<\/li>\n<li><strong>Cartes classiques<\/strong> : 10, J, Q, K et A. Ces symboles offrent des gains compris entre 0,5 et 10 fois la mise, selon le nombre de symboles align\u00e9s.<\/li>\n<li><strong>Symbole Wild (P\u00eacheur)<\/strong> : 10, J, Q, K et A. Ces symboles offrent des gains compris entre 0,5 et 10 fois la mise, selon le nombre de symboles align\u00e9s.<\/li>\n<li><strong>Symbole Scatter (Poisson)<\/strong> : Il appara\u00eet uniquement lors des tours gratuits. De plus, il collecte les valeurs des symboles Poisson pr\u00e9sents \u00e0 l&#8217;\u00e9cran<\/li>\n<\/ul>\n<h2>Les tours gratuits<\/h2>\n<h3>Activation des tours gratuits<\/h3>\n<p>Il faut 3, 4 ou 5 symboles Scatter (repr\u00e9sent\u00e9s par un poisson avec une canne \u00e0 p\u00eache) n&#8217;importe o\u00f9 sur les rouleaux pour d\u00e9clencher respectivement 10, 15 ou 20 <strong>tours gratuits<\/strong>.<\/p>\n<h3>Tours gratuits avec les symboles Wild (P\u00eacheur)<\/h3>\n<p>Pendant les tours gratuits, le symbole du p\u00eacheur agit comme un Wild, rempla\u00e7ant tous les symboles sauf le Scatter. Il collecte les valeurs des symboles Poisson pr\u00e9sents \u00e0 l&#8217;\u00e9cran, ajoutant ces montants \u00e0 vos gains totaux.<\/p>\n<p>Chaque fois que vous collectez <strong>4 symboles Wild<\/strong> (P\u00eacheur) pendant les tours gratuits, la fonctionnalit\u00e9 se r\u00e9active, vous octroyant <strong>10 tours suppl\u00e9mentaires<\/strong>.<\/p>\n<h3>Multiplicateurs et r\u00e9activations<\/h3>\n<p>Avec chaque r\u00e9activation, un multiplicateur croissant est appliqu\u00e9 aux gains des symboles Poisson :<\/p>\n<ul>\n<li>1\u02b3\u1d49 r\u00e9activation : <strong>multiplicateur x2<\/strong><\/li>\n<li>2\u1d49 r\u00e9activation : <strong>multiplicateur x3<\/strong><\/li>\n<li>3\u1d49 r\u00e9activation : <strong>multiplicateur x10<\/strong><\/li>\n<\/ul>\n<p>Apr\u00e8s la troisi\u00e8me r\u00e9activation, aucun tour suppl\u00e9mentaire n&#8217;est accord\u00e9. Pourtant le multiplicateur x10 reste actif pour les tours restants.<\/p>\n<h3>Tours gratuites avec la fonction Dynamite<\/h3>\n<p>Si un symbole Wild (P\u00eacheur) appara\u00eet sans qu&#8217;aucun symbole Poisson ne soit pr\u00e9sent, la fonction Dynamite peut se d\u00e9clencher al\u00e9atoirement.<\/p>\n<p>Le p\u00eacheur lance alors des b\u00e2tons de dynamite, transformant certains symboles en Poissons avec des valeurs mon\u00e9taires, augmentant ainsi vos chances de gain.<\/p>\n<h3>Valeurs des symboles Poisson<\/h3>\n<p>Chaque symbole Poisson porte une valeur mon\u00e9taire al\u00e9atoire, qui est collect\u00e9e par le symbole Wild (P\u00eacheur) lorsqu&#8217;il appara\u00eet pendant les tours gratuits.<\/p>\n<p>Ces valeurs peuvent varier, offrant des gains variables en fonction de votre mise et des multiplicateurs actifs.<\/p>\n<h2>Notre avis final sur Big Bass Bonanza<\/h2>\n<p>Apr\u00e8s avoir explor\u00e9 toutes les facettes de Big Bass Bonanza, nous comprenons pourquoi cette machine \u00e0 sous est disponible sur tous les <a href=\"https:\/\/www.bonus.ca\/fr\/\">casinos populaires au canada<\/a>.<\/p>\n<p>Entre les tours gratuits, les multiplicateurs croissants et les surprises comme la fonction Dynamite, chaque session est pleine de rebondissements.<\/p>\n<p>De notre c\u00f4t\u00e9, ce qui nous a marqu\u00e9, c&#8217;est la mont\u00e9e d&#8217;excitation lorsqu&#8217;un Wild collecte les poissons ou d\u00e9clenche un multiplicateur x10.<\/p>\n<p>Ce moment o\u00f9 tout peut basculer est ce qui rend Big Bass Bonanza si sp\u00e9cial.<\/p>\n<p>Si vous aimez les machines \u00e0 sous dynamiques avec un soup\u00e7on de strat\u00e9gie, Big Bass Bonanza est un choix que nous recommandons chaudement. Pour nous, c&#8217;est une exp\u00e9rience qui vaut le d\u00e9tour.<\/p>\n","protected":false},"excerpt":{"rendered":"<p>Les bonus disponibles sur Big Bass Bonanza Augmentez vos chances de gagner sur Big Bass Bonanza gr\u00e2ce \u00e0 une s\u00e9lection d&#8217;offres soigneusement \u00e9tablie des meilleures bonus casino disponibles gr\u00e2ce \u00e0 nos offres partenaires. Explorez ci-dessous une liste de casinos proposant des bonus de bienvenue sp\u00e9cialement con\u00e7us pour jouer \u00e0 cette machine \u00e0 sous et trouvez [&hellip;]<\/p>\n","protected":false},"author":123,"featured_media":0,"parent":11038,"menu_order":0,"comment_status":"closed","ping_status":"closed","template":"","meta":{"inline_featured_image":false,"_glsr_average":0,"_glsr_ranking":0,"_glsr_reviews":0,"footnotes":""},"class_list":["post-19017","page","type-page","status-publish","hentry"],"yoast_head":"<!-- This site is optimized with the Yoast SEO plugin v27.4 - https:\/\/yoast.com\/product\/yoast-seo-wordpress\/ -->\n<title>Big Bass Bonanza | Jouez gratuitement avec des bonus<\/title>\n<meta name=\"description\" content=\"D\u00e9couvrez notre avis sur la machine \u00e0 sous gratuite Big Bass Bonanza. ours gratuits, multiplicateurs jusqu\u2019\u00e0 x10 vous attendent !\" \/>\n<meta name=\"robots\" content=\"index, follow, max-snippet:-1, max-image-preview:large, max-video-preview:-1\" \/>\n<link rel=\"canonical\" href=\"https:\/\/www.bonus.ca\/fr\/machines-a-sous-gratuites\/big-bass-bonanza\" \/>\n<meta property=\"og:type\" content=\"article\" \/>\n<meta property=\"og:title\" content=\"Big Bass Bonanza | Jouez gratuitement avec des bonus\" \/>\n<meta property=\"og:description\" content=\"D\u00e9couvrez notre avis sur la machine \u00e0 sous gratuite Big Bass Bonanza. ours gratuits, multiplicateurs jusqu\u2019\u00e0 x10 vous attendent !\" \/>\n<meta property=\"og:url\" content=\"https:\/\/www.bonus.ca\/fr\/machines-a-sous-gratuites\/big-bass-bonanza\" \/>\n<meta property=\"article:published_time\" content=\"2025-01-16T14:54:12+00:00\" \/>\n<meta property=\"article:modified_time\" content=\"2025-07-16T09:50:09+00:00\" \/>\n<meta name=\"twitter:card\" content=\"summary_large_image\" \/>\n<meta name=\"twitter:label1\" content=\"Est. reading time\" \/>\n\t<meta name=\"twitter:data1\" content=\"6 minutes\" \/>\n<!-- \/ Yoast SEO plugin. -->","yoast_head_json":{"title":"Big Bass Bonanza | Jouez gratuitement avec des bonus","description":"D\u00e9couvrez notre avis sur la machine \u00e0 sous gratuite Big Bass Bonanza. ours gratuits, multiplicateurs jusqu\u2019\u00e0 x10 vous attendent !","robots":{"index":"index","follow":"follow","max-snippet":"max-snippet:-1","max-image-preview":"max-image-preview:large","max-video-preview":"max-video-preview:-1"},"canonical":"https:\/\/www.bonus.ca\/fr\/machines-a-sous-gratuites\/big-bass-bonanza","og_type":"article","og_title":"Big Bass Bonanza | Jouez gratuitement avec des bonus","og_description":"D\u00e9couvrez notre avis sur la machine \u00e0 sous gratuite Big Bass Bonanza. ours gratuits, multiplicateurs jusqu\u2019\u00e0 x10 vous attendent !","og_url":"https:\/\/www.bonus.ca\/fr\/machines-a-sous-gratuites\/big-bass-bonanza","article_published_time":"2025-01-16T14:54:12+00:00","article_modified_time":"2025-07-16T09:50:09+00:00","twitter_card":"summary_large_image","twitter_misc":{"Est. reading time":"6 minutes"},"schema":{"@context":"https:\/\/schema.org","@graph":[{"@type":"WebPage","@id":"https:\/\/www.bonus.ca\/fr\/machines-a-sous-gratuites\/big-bass-bonanza","url":"https:\/\/www.bonus.ca\/fr\/machines-a-sous-gratuites\/big-bass-bonanza","name":"Big Bass Bonanza | Jouez gratuitement avec des bonus","isPartOf":{"@id":"https:\/\/www.bonus.ca\/fr\/#website"},"datePublished":"2025-01-16T14:54:12+00:00","dateModified":"2025-07-16T09:50:09+00:00","description":"D\u00e9couvrez notre avis sur la machine \u00e0 sous gratuite Big Bass Bonanza. ours gratuits, multiplicateurs jusqu\u2019\u00e0 x10 vous attendent !","breadcrumb":{"@id":"https:\/\/www.bonus.ca\/fr\/machines-a-sous-gratuites\/big-bass-bonanza#breadcrumb"},"inLanguage":"en-US","potentialAction":[{"@type":"ReadAction","target":["https:\/\/www.bonus.ca\/fr\/machines-a-sous-gratuites\/big-bass-bonanza"]}]},{"@type":"BreadcrumbList","@id":"https:\/\/www.bonus.ca\/fr\/machines-a-sous-gratuites\/big-bass-bonanza#breadcrumb","itemListElement":[{"@type":"ListItem","position":1,"name":"Home","item":"https:\/\/www.bonus.ca\/fr\/"},{"@type":"ListItem","position":2,"name":"Machines \u00e0 Sous Gratuites","item":"https:\/\/www.bonus.ca\/fr\/machines-a-sous-gratuites"},{"@type":"ListItem","position":3,"name":"Big Bass Bonanza"}]},{"@type":"WebSite","@id":"https:\/\/www.bonus.ca\/fr\/#website","url":"https:\/\/www.bonus.ca\/fr\/","name":"BonusFinder Canada (Fran\u00e7ais)","description":"La source de bonus n\u00b0 1 au Canada","potentialAction":[{"@type":"SearchAction","target":{"@type":"EntryPoint","urlTemplate":"https:\/\/www.bonus.ca\/fr\/?s={search_term_string}"},"query-input":{"@type":"PropertyValueSpecification","valueRequired":true,"valueName":"search_term_string"}}],"inLanguage":"en-US"}]}},"_links":{"self":[{"href":"https:\/\/www.bonus.ca\/fr\/wp-json\/wp\/v2\/pages\/19017","targetHints":{"allow":["GET"]}}],"collection":[{"href":"https:\/\/www.bonus.ca\/fr\/wp-json\/wp\/v2\/pages"}],"about":[{"href":"https:\/\/www.bonus.ca\/fr\/wp-json\/wp\/v2\/types\/page"}],"author":[{"embeddable":true,"href":"https:\/\/www.bonus.ca\/fr\/wp-json\/wp\/v2\/users\/123"}],"replies":[{"embeddable":true,"href":"https:\/\/www.bonus.ca\/fr\/wp-json\/wp\/v2\/comments?post=19017"}],"version-history":[{"count":7,"href":"https:\/\/www.bonus.ca\/fr\/wp-json\/wp\/v2\/pages\/19017\/revisions"}],"predecessor-version":[{"id":23024,"href":"https:\/\/www.bonus.ca\/fr\/wp-json\/wp\/v2\/pages\/19017\/revisions\/23024"}],"up":[{"embeddable":true,"href":"https:\/\/www.bonus.ca\/fr\/wp-json\/wp\/v2\/pages\/11038"}],"wp:attachment":[{"href":"https:\/\/www.bonus.ca\/fr\/wp-json\/wp\/v2\/media?parent=19017"}],"curies":[{"name":"wp","href":"https:\/\/api.w.org\/{rel}","templated":true}]}}