{"id":23830,"date":"2025-02-12T12:26:52","date_gmt":"2025-02-12T12:26:52","guid":{"rendered":"https:\/\/www.bonus.ca\/fr\/?page_id=23830"},"modified":"2025-03-06T15:28:50","modified_gmt":"2025-03-06T15:28:50","slug":"machines-a-sous-saint-valentin","status":"publish","type":"page","link":"https:\/\/www.bonus.ca\/fr\/casino-bonus\/machines-a-sous-saint-valentin","title":{"rendered":"Machines \u00e0 sous Saint-Valentin"},"content":{"rendered":"<p>La Saint-Valentin approche, et quoi de mieux que de c\u00e9l\u00e9brer l&#8217;amour avec une touche de frisson ? C\u0153urs scintillants, roses rouges et jackpots envo\u00fbtants, cette ann\u00e9e, plusieurs \u00e9diteurs de jeux ont mis\u00e9 sur des machines \u00e0 sous qui capturent l&#8217;esprit de la f\u00eate des amoureux. Si vous \u00eates adepte de <a href=\"https:\/\/www.bonus.ca\/fr\/machines-a-sous-gratuites\">casino en ligne tour gratuit<\/a>, d\u00e9couvrez notre s\u00e9lection des meilleures machines \u00e0 sous pour jouer en <strong>mode Saint-Valentin<\/strong> et tenter de d\u00e9crocher des gains aussi doux qu&#8217;un chocolat fin.<\/p>\n<div id=\"attachment_23819\" style=\"width: 1034px\" class=\"wp-caption alignnone\"><img loading=\"lazy\" decoding=\"async\" aria-describedby=\"caption-attachment-23819\" src=\"https:\/\/www.bonus.ca\/fr\/images\/image.png\" alt=\"Machine \u00e0 sous th\u00e8me Saint-Valentin\" width=\"1024\" height=\"1024\" class=\"size-full wp-image-23819\" srcset=\"https:\/\/mediafr.bonus.ca\/images\/image.png 1024w, https:\/\/mediafr.bonus.ca\/images\/image-300x300.png 300w, https:\/\/mediafr.bonus.ca\/images\/image-150x150.png 150w, https:\/\/mediafr.bonus.ca\/images\/image-628x628.png 628w, https:\/\/mediafr.bonus.ca\/images\/image-104x104.png 104w, https:\/\/mediafr.bonus.ca\/images\/image-54x54.png 54w, https:\/\/mediafr.bonus.ca\/images\/image-40x40.png 40w, https:\/\/mediafr.bonus.ca\/images\/image-900x900.png 900w\" sizes=\"auto, (max-width: 1024px) 100vw, 1024px\" \/><p id=\"caption-attachment-23819\" class=\"wp-caption-text\">D\u00e9couvrez les machines \u00e0 sous sur le th\u00e8me de la Saint-Valentin au Canada<\/p><\/div>\n<h2>Moon Princess : Gros bonus de 1000 free spins \u00e0 jouer imm\u00e9diatement<\/h2>\n<p>Pour une Saint-Valentin plac\u00e9e sous le signe de la romance et de la magie, <strong>Moon Princess<\/strong> de Play&#8217;n GO est une option incontournable. Inspir\u00e9e des mangas et mettant en sc\u00e8ne trois princesses aux pouvoirs enchanteurs, cette machine \u00e0 sous propose un gameplay avec des fonctionnalit\u00e9s en cascade et des multiplicateurs g\u00e9n\u00e9reux. Et la bonne nouvelle ? SpinsBro, c\u00e9l\u00e8bre l&#8217;\u00e9v\u00e9nement en <strong>offrant 1 000 free spins<\/strong> sur ce jeu f\u00e9\u00e9rique. De quoi tenter sa chance avec style et peut-\u00eatre d\u00e9crocher des gains dignes d&#8217;un conte de f\u00e9es.<\/p>\n\n<h2>Hearts Highway : 50 tours gratuits jouables \u00e0 tout moment<\/h2>\n<p>Cap sur la romance avec Hearts Highway, une machine \u00e0 sous qui m\u00eale passion et frissons sur fond de road trip amoureux. Entre symboles enflamm\u00e9s et fonctionnalit\u00e9s dynamiques, chaque spin r\u00e9serve son lot de surprises. Pour c\u00e9l\u00e9brer la Saint-Valentin, GreatSpin vous offre <strong>50 tours gratuits<\/strong> sur ce jeu.<\/p>\n\n<h2>Full Moon Romance : Jouable sur Zodiac Casino avec 1$ seulement<\/h2>\n<p>Laissez-vous emporter par la magie de <strong>Full Moon Romance<\/strong>, une machine \u00e0 sous o\u00f9 l&#8217;amour se joue sous un clair de lune envo\u00fbtant. Avec son ambiance r\u00e9tro et son th\u00e8me inspir\u00e9 des drive-in am\u00e9ricains, ce jeu promet une exp\u00e9rience pleine de charme et de myst\u00e8re. La bonne nouvelle ? Zodiac Casino vous permet d&#8217;y jouer sur un <a href=\"https:\/\/www.bonus.ca\/fr\/casino-bonus\/depot-minimum\">casino 1 $<\/a>, une occasion r\u00eav\u00e9e de tenter votre chance et de vivre une romance sous les \u00e9toiles.<\/p>\n<h2>Immortal Romance : 15 free spins offerts<\/h2>\n<p>Impossible de parler de la Saint-Valentin sans \u00e9voquer Immortal Romance, l&#8217;une des machines \u00e0 sous les plus embl\u00e9matiques de <strong>Microgaming<\/strong>. Inspir\u00e9e des histoires d&#8217;amour surnaturelles, elle baigne les joueurs dans un univers de vampires et de myst\u00e8res envo\u00fbtants, avec une bande-son prenante et des fonctionnalit\u00e9s <a href=\"https:\/\/www.bonus.ca\/fr\/casino-bonus\">bonus casino<\/a> abondantes. Pour l&#8217;occasion, Slotnite vous <strong>offre 15 tours gratuits<\/strong> \u00e0 jouer sur cette machine \u00e0 sous culte, l&#8217;opportunit\u00e9 parfaite de \u00e0 travers cette romance interdite tout en tentant de d\u00e9crocher des gains cons\u00e9quents.<\/p>\n<h2>Lucky Valentine : Jouer avec un \u00e9norme bonus de 2 500$<\/h2>\n<p>C\u00e9l\u00e9brez la Saint-Valentin avec MegaRush, une machine \u00e0 sous pleine de charme et de surprises. Faisant partie des <a href=\"https:\/\/www.bonus.ca\/fr\/\">meilleurs casinos en ligne<\/a>, MegaRush propose une offre exceptionnelle : <strong>2 500$ de bonus<\/strong>. L&#8217;occasion parfaite de plonger dans l&#8217;univers de ce jeu romantique et de tenter votre chance pour de jolis gains !<\/p>\n\n<p>Cette Saint-Valentin, laissez-vous tenter par des machines \u00e0 sous avec pour th\u00e8me l&#8217;amour. Entre <strong>free spins<\/strong>, <strong>bonus exclusifs<\/strong> et des jeux au th\u00e8me romantique, SpinsBro, Zodiac Casino et Polestar Casino ont de quoi pimenter votre exp\u00e9rience.<\/p>\n","protected":false},"excerpt":{"rendered":"<p>La Saint-Valentin approche, et quoi de mieux que de c\u00e9l\u00e9brer l&#8217;amour avec une touche de frisson ? C\u0153urs scintillants, roses rouges et jackpots envo\u00fbtants, cette ann\u00e9e, plusieurs \u00e9diteurs de jeux ont mis\u00e9 sur des machines \u00e0 sous qui capturent l&#8217;esprit de la f\u00eate des amoureux. Si vous \u00eates adepte de casino en ligne tour gratuit, [&hellip;]<\/p>\n","protected":false},"author":123,"featured_media":0,"parent":4838,"menu_order":0,"comment_status":"closed","ping_status":"closed","template":"","meta":{"inline_featured_image":false,"_glsr_average":0,"_glsr_ranking":0,"_glsr_reviews":0,"footnotes":""},"class_list":["post-23830","page","type-page","status-publish","hentry"],"yoast_head":"<!-- This site is optimized with the Yoast SEO plugin v27.4 - https:\/\/yoast.com\/product\/yoast-seo-wordpress\/ -->\n<title>Meilleures Machines \u00e0 Sous Saint-Valentin au Canada en [year]<\/title>\n<meta name=\"description\" content=\"Les meilleures machines \u00e0 sous Saint-Valentin sont choisies pour vous et jouables gr\u00e2ce \u00e0 des bonus s\u00e9lectionn\u00e9s juste pour vous !\" \/>\n<meta name=\"robots\" content=\"index, follow, max-snippet:-1, max-image-preview:large, max-video-preview:-1\" \/>\n<link rel=\"canonical\" href=\"https:\/\/www.bonus.ca\/fr\/casino-bonus\/machines-a-sous-saint-valentin\" \/>\n<meta property=\"og:type\" content=\"article\" \/>\n<meta property=\"og:title\" content=\"Meilleures Machines \u00e0 Sous Saint-Valentin au Canada en [year]\" \/>\n<meta property=\"og:description\" content=\"Les meilleures machines \u00e0 sous Saint-Valentin sont choisies pour vous et jouables gr\u00e2ce \u00e0 des bonus s\u00e9lectionn\u00e9s juste pour vous !\" \/>\n<meta property=\"og:url\" content=\"https:\/\/www.bonus.ca\/fr\/casino-bonus\/machines-a-sous-saint-valentin\" \/>\n<meta property=\"article:published_time\" content=\"2025-02-12T12:26:52+00:00\" \/>\n<meta property=\"article:modified_time\" content=\"2025-03-06T15:28:50+00:00\" \/>\n<meta property=\"og:image\" content=\"https:\/\/mediafr.bonus.ca\/images\/image.png\" \/>\n<meta name=\"twitter:card\" content=\"summary_large_image\" \/>\n<meta name=\"twitter:label1\" content=\"Est. reading time\" \/>\n\t<meta name=\"twitter:data1\" content=\"3 minutes\" \/>\n<!-- \/ Yoast SEO plugin. -->","yoast_head_json":{"title":"Meilleures Machines \u00e0 Sous Saint-Valentin au Canada en [year]","description":"Les meilleures machines \u00e0 sous Saint-Valentin sont choisies pour vous et jouables gr\u00e2ce \u00e0 des bonus s\u00e9lectionn\u00e9s juste pour vous !","robots":{"index":"index","follow":"follow","max-snippet":"max-snippet:-1","max-image-preview":"max-image-preview:large","max-video-preview":"max-video-preview:-1"},"canonical":"https:\/\/www.bonus.ca\/fr\/casino-bonus\/machines-a-sous-saint-valentin","og_type":"article","og_title":"Meilleures Machines \u00e0 Sous Saint-Valentin au Canada en [year]","og_description":"Les meilleures machines \u00e0 sous Saint-Valentin sont choisies pour vous et jouables gr\u00e2ce \u00e0 des bonus s\u00e9lectionn\u00e9s juste pour vous !","og_url":"https:\/\/www.bonus.ca\/fr\/casino-bonus\/machines-a-sous-saint-valentin","article_published_time":"2025-02-12T12:26:52+00:00","article_modified_time":"2025-03-06T15:28:50+00:00","og_image":[{"url":"https:\/\/mediafr.bonus.ca\/images\/image.png","type":"","width":"","height":""}],"twitter_card":"summary_large_image","twitter_misc":{"Est. reading time":"3 minutes"},"schema":{"@context":"https:\/\/schema.org","@graph":[{"@type":"WebPage","@id":"https:\/\/www.bonus.ca\/fr\/casino-bonus\/machines-a-sous-saint-valentin","url":"https:\/\/www.bonus.ca\/fr\/casino-bonus\/machines-a-sous-saint-valentin","name":"Meilleures Machines \u00e0 Sous Saint-Valentin au Canada en [year]","isPartOf":{"@id":"https:\/\/www.bonus.ca\/fr\/#website"},"primaryImageOfPage":{"@id":"https:\/\/www.bonus.ca\/fr\/casino-bonus\/machines-a-sous-saint-valentin#primaryimage"},"image":{"@id":"https:\/\/www.bonus.ca\/fr\/casino-bonus\/machines-a-sous-saint-valentin#primaryimage"},"thumbnailUrl":"https:\/\/www.bonus.ca\/fr\/images\/image.png","datePublished":"2025-02-12T12:26:52+00:00","dateModified":"2025-03-06T15:28:50+00:00","description":"Les meilleures machines \u00e0 sous Saint-Valentin sont choisies pour vous et jouables gr\u00e2ce \u00e0 des bonus s\u00e9lectionn\u00e9s juste pour vous !","breadcrumb":{"@id":"https:\/\/www.bonus.ca\/fr\/casino-bonus\/machines-a-sous-saint-valentin#breadcrumb"},"inLanguage":"en-US","potentialAction":[{"@type":"ReadAction","target":["https:\/\/www.bonus.ca\/fr\/casino-bonus\/machines-a-sous-saint-valentin"]}]},{"@type":"ImageObject","inLanguage":"en-US","@id":"https:\/\/www.bonus.ca\/fr\/casino-bonus\/machines-a-sous-saint-valentin#primaryimage","url":"https:\/\/mediafr.bonus.ca\/images\/image.png","contentUrl":"https:\/\/mediafr.bonus.ca\/images\/image.png","width":1024,"height":1024,"caption":"D\u00e9couvrez les machines \u00e0 sous sur le th\u00e8me de la Saint-Valentin au Canada"},{"@type":"BreadcrumbList","@id":"https:\/\/www.bonus.ca\/fr\/casino-bonus\/machines-a-sous-saint-valentin#breadcrumb","itemListElement":[{"@type":"ListItem","position":1,"name":"Home","item":"https:\/\/www.bonus.ca\/fr\/"},{"@type":"ListItem","position":2,"name":"Bonus Casino","item":"https:\/\/www.bonus.ca\/fr\/casino-bonus"},{"@type":"ListItem","position":3,"name":"Machines \u00e0 sous Saint-Valentin"}]},{"@type":"WebSite","@id":"https:\/\/www.bonus.ca\/fr\/#website","url":"https:\/\/www.bonus.ca\/fr\/","name":"BonusFinder Canada (Fran\u00e7ais)","description":"La source de bonus n\u00b0 1 au Canada","potentialAction":[{"@type":"SearchAction","target":{"@type":"EntryPoint","urlTemplate":"https:\/\/www.bonus.ca\/fr\/?s={search_term_string}"},"query-input":{"@type":"PropertyValueSpecification","valueRequired":true,"valueName":"search_term_string"}}],"inLanguage":"en-US"}]}},"_links":{"self":[{"href":"https:\/\/www.bonus.ca\/fr\/wp-json\/wp\/v2\/pages\/23830","targetHints":{"allow":["GET"]}}],"collection":[{"href":"https:\/\/www.bonus.ca\/fr\/wp-json\/wp\/v2\/pages"}],"about":[{"href":"https:\/\/www.bonus.ca\/fr\/wp-json\/wp\/v2\/types\/page"}],"author":[{"embeddable":true,"href":"https:\/\/www.bonus.ca\/fr\/wp-json\/wp\/v2\/users\/123"}],"replies":[{"embeddable":true,"href":"https:\/\/www.bonus.ca\/fr\/wp-json\/wp\/v2\/comments?post=23830"}],"version-history":[{"count":3,"href":"https:\/\/www.bonus.ca\/fr\/wp-json\/wp\/v2\/pages\/23830\/revisions"}],"predecessor-version":[{"id":23987,"href":"https:\/\/www.bonus.ca\/fr\/wp-json\/wp\/v2\/pages\/23830\/revisions\/23987"}],"up":[{"embeddable":true,"href":"https:\/\/www.bonus.ca\/fr\/wp-json\/wp\/v2\/pages\/4838"}],"wp:attachment":[{"href":"https:\/\/www.bonus.ca\/fr\/wp-json\/wp\/v2\/media?parent=23830"}],"curies":[{"name":"wp","href":"https:\/\/api.w.org\/{rel}","templated":true}]}}