{"id":23885,"date":"2025-02-21T14:20:51","date_gmt":"2025-02-21T14:20:51","guid":{"rendered":"https:\/\/www.bonus.ca\/fr\/?page_id=23885"},"modified":"2025-09-26T09:42:25","modified_gmt":"2025-09-26T09:42:25","slug":"plinko","status":"publish","type":"page","link":"https:\/\/www.bonus.ca\/fr\/casino-en-ligne\/plinko","title":{"rendered":"Plinko"},"content":{"rendered":"<h2>Le Plinko casino, c&#8217;est quoi ?<\/h2>\n<p>Le Plinko est un jeu aujourd&#8217;hui accessible sur les <a href=\"https:\/\/www.bonus.ca\/fr\/casino-en-ligne\">casinos populaires en ligne<\/a> et aussi sur <a href=\"https:\/\/www.bonus.ca\/fr\/casino-en-ligne\/le-plus-payant\">les casinos en ligne les plus payants au Canada<\/a>. <\/p>\n<p>Son histoire remonte \u00e0 1972 avec l&#8217;arriv\u00e9e de l&#8217;\u00e9mission culte am\u00e9ricaine The Price is Right (Le Juste Prix en fran\u00e7ais). Le 3 janvier 1983, une nouvelle \u00e9preuve, Plinko, fait son apparition, offrant aux participants la possibilit\u00e9 de <strong>remporter jusqu&#8217;\u00e0 25 000 $<\/strong>. C&#8217;est ainsi que l&#8217;expression TPIR Plinko est devenue courante sur internet, en r\u00e9f\u00e9rence \u00e0 cette version originale du jeu.<\/p>\n<p>Le principe de Plinko est simple : un joueur l\u00e2che des jetons sur un plateau vertical ressemblant \u00e0 un <strong>pachinko<\/strong>, compos\u00e9 de treize rang\u00e9es de clous et de neuf emplacements de r\u00e9ception en bas du plateau. En rebondissant de mani\u00e8re al\u00e9atoire, les jetons produisent un son distinctif (le fameux plink) avant d&#8217;atterrir dans l&#8217;un des compartiments, chacun attribuant un gain sp\u00e9cifique.<\/p>\n<div id=\"attachment_23889\" style=\"width: 1546px\" class=\"wp-caption alignnone\"><img loading=\"lazy\" decoding=\"async\" aria-describedby=\"caption-attachment-23889\" src=\"https:\/\/www.bonus.ca\/fr\/images\/plinko.png\" alt=\"Plinko en ligne au Canada\" width=\"1536\" height=\"920\" class=\"size-full wp-image-23889\" srcset=\"https:\/\/mediafr.bonus.ca\/images\/plinko.png 1536w, https:\/\/mediafr.bonus.ca\/images\/plinko-300x180.png 300w, https:\/\/mediafr.bonus.ca\/images\/plinko-1024x613.png 1024w, https:\/\/mediafr.bonus.ca\/images\/plinko-1048x628.png 1048w, https:\/\/mediafr.bonus.ca\/images\/plinko-90x54.png 90w\" sizes=\"auto, (max-width: 1536px) 100vw, 1536px\" \/><p id=\"caption-attachment-23889\" class=\"wp-caption-text\">Jouez au Plinko en ligne sur les meilleurs casinos au Canada<\/p><\/div>\n<h2>Jouer au Plinko avec de l&#8217;argentine r\u00e9el au Canada<\/h2>\n<h3>Spinway Casino<\/h3>\n<p>Si vous cherchez un  <a href=\"https:\/\/www.bonus.ca\/fr\/casino-en-ligne\">casino en ligne argent r\u00e9el<\/a> au Canada pour jouer au Plinko, Spinway est une option \u00e0 consid\u00e9rer. Ce casino offre un pack de bienvenue allant jusqu&#8217;\u00e0 1 500 $, r\u00e9parti sur vos trois premiers d\u00e9p\u00f4ts.<\/p>\n<p>En plus de ce bonus cash, <strong>Spinway vous offre 100 tours gratuits sur Big Bass Bonanza<\/strong>, dans le cas ou vous souhaitez jouer \u00e0 autre chose que le Plinko. <\/p>\n<p>Avec ce coup de pouce, vous pouvez tester diff\u00e9rents jeux tout en optimisant votre bankroll.<\/p>\n\n<h3>LuckySpins Casino<\/h3>\n<p>Si vous souhaitez tenter votre chance au Plinko avec de l&#8217;argent r\u00e9el, LuckySpins Casino propose un <a href=\"https:\/\/www.bonus.ca\/fr\/casino-bonus\">bonus casino de bienvenue<\/a> int\u00e9ressante. <\/p>\n<p>En d\u00e9posant pour la premi\u00e8re fois, vous b\u00e9n\u00e9ficiez d&#8217;un bonus de 100 % jusqu&#8217;\u00e0 500 $, doublant ainsi votre bankroll d\u00e8s le d\u00e9part.<\/p>\n\n<h3>Wildz Casino<\/h3>\n<p>Envie d&#8217;un gros coup de pouce pour jouer au Plinko et d&#8217;autres jeux ? Wildz Casino met le paquet avec une offre de bienvenue pouvant atteindre 2 000 $. D\u00e8s votre inscription, vos deux premiers d\u00e9p\u00f4ts sont doubl\u00e9s <strong>jusqu&#8217;\u00e0 1 000$<\/strong>. Ce n&#8217;est pas pour rien qu&#8217;il est consid\u00e9r\u00e9 comme le <a href=\"https:\/\/www.bonus.ca\/fr\/\">meilleur casino en ligne<br \/>\nCanada<\/a> par beaucoup de joueurs.<\/p>\n<p>En plus de ce g\u00e9n\u00e9reux bonus, 200 tours gratuits sont offerts pour prolonger l&#8217;exp\u00e9rience et explorer encore plus de jeux. Une occasion en or pour bien d\u00e9marrer !<\/p>\n\n<h2>Comment jouer au Plinko casino en ligne ?<\/h2>\n<h3>D\u00e9roulement d&#8217;une partie de Plinko<\/h3>\n<ol>\n<li><strong>D\u00e9finissez votre mise<\/strong> : Vous pouvez commencer \u00e0 jouer avec une mise minimale de 0,10 \u20ac.<\/li>\n<li><strong>S\u00e9lectionnez votre niveau de risque<\/strong> : Plinko propose plusieurs niveaux de volatilit\u00e9, repr\u00e9sent\u00e9s par des couleurs de balle.<\/li>\n<li><strong>Ajustez le nombre de rang\u00e9es<\/strong> : Le plateau peut comporter plusieurs lignes de clous. Plus il y a de rang\u00e9es, plus la dispersion des r\u00e9sultats est  large et plus les gains sont r\u00e9guliers. <\/li>\n<li><strong>Choisissez le mode de jeu<\/strong> : Choisissez le mode automatique ou manuel.<\/li>\n<li><strong>Lancez la partie<\/strong> : Appuyez sur le bouton de lecture pour faire tomber un jeton sur le plateau.<\/li>\n<li><strong>S\u00e9lectionnez une couleur de jeton<\/strong> :  Vert, jaune et rouge. Vert pour le risque le plus faible et rouge pour le plus \u00e9lev\u00e9.<\/li>\n<\/ol>\n<p>Chaque choix influence l&#8217;issue de la partie, rendant Plinko aussi strat\u00e9gique qu&#8217;al\u00e9atoire !<\/p>\n<h3>Niveaux de risques<\/h3>\n<p>Les jeux de Plinko en ligne permettent d&#8217;ajuster le niveau de risque. G\u00e9n\u00e9ralement, trois niveaux sont disponibles :<\/p>\n<ul>\n<li><strong>Faible<\/strong> : Gains r\u00e9guliers, mais faibles multiplicateurs.<\/li>\n<li><strong>Moyen<\/strong> : \u00c9quilibre entre fr\u00e9quence et potentiel de gains.<\/li>\n<li><strong>\u00c9lev\u00e9<\/strong> : Moins de gains fr\u00e9quents, mais possibilit\u00e9 de gros multiplicateurs.<\/li>\n<\/ul>\n<h3>Volatilit\u00e9 et RTP<\/h3>\n<p>Le <strong>RTP moyen du jeu Plinko varie entre 97 % et 99 %<\/strong>, selon le niveau de risque choisi.<\/p>\n<ul>\n<li><strong>Risque faible<\/strong> : RTP plus \u00e9lev\u00e9, gains fr\u00e9quents.<\/li>\n<li><strong>Risque \u00e9lev\u00e9 <\/strong> : RTP l\u00e9g\u00e8rement r\u00e9duit, mais gains plus importants possibles.<\/li>\n<\/ul>\n<p>Chaque casino affiche ces donn\u00e9es dans la section des r\u00e8gles du jeu.<\/p>\n<h3>Mise instantan\u00e9e<\/h3>\n<p>Plinko permet d&#8217;effectuer des mises rapides. En un clic, le jeton est l\u00e2ch\u00e9 et le r\u00e9sultat s&#8217;affiche instantan\u00e9ment.<\/p>\n<p>Certains jeux proposent aussi des mises multiples, o\u00f9 plusieurs jetons sont lanc\u00e9s en m\u00eame temps pour acc\u00e9l\u00e9rer le jeu.<\/p>\n<h3>Provably fair<\/h3>\n<p>Le syst\u00e8me Provably Fair est une technologie utilis\u00e9e dans les jeux de casino en ligne, notamment Plinko, pour garantir des r\u00e9sultats <strong>100 % al\u00e9atoires et v\u00e9rifiables<\/strong>. <\/p>\n<p>Contrairement aux jeux classiques utilisant des <strong>g\u00e9n\u00e9rateurs de nombres al\u00e9atoires<\/strong> (RNG) ferm\u00e9s, Provably Fair permet aux joueurs de <strong>v\u00e9rifier l&#8217;int\u00e9grit\u00e9 de chaque tirage<\/strong> gr\u00e2ce \u00e0 la cryptographie.<\/p>\n<h3>Mode automatique<\/h3>\n<p>Mode automatique<\/p>\n<p>La plupart des versions modernes de Plinko incluent un mode automatique.<\/p>\n<ul>\n<li>Vous d\u00e9finissez le nombre de lancers et la mise par jeton<\/li>\n<li>Certains jeux permettent d&#8217;ajuster les param\u00e8tres en fonction des gains ou des pertes.<\/li>\n<\/ul>\n<p>Cette option est id\u00e9ale pour tester diff\u00e9rentes strat\u00e9gies et optimiser votre exp\u00e9rience de jeu au fil des parties.<\/p>\n<h2>Etudes des probabilit\u00e9s au Plinko<\/h2>\n<p>Avant de jouer avec de l&#8217;argent r\u00e9el, je vous recommande de comprendre vos chances de gagner en utilisant ce logiciel de probabilit\u00e9s en ligne pour Plinko.<\/p>\n<p>En testant cette simulation, on remarque rapidement que la r\u00e9partition des r\u00e9sultats est loin d&#8217;\u00eatre \u00e9quilibr\u00e9e. Les jetons ont une probabilit\u00e9 beaucoup plus \u00e9lev\u00e9e de tomber au centre du plateau, comme l&#8217;a d\u00e9montr\u00e9 l&#8217;utilisateur mkuno sur Reddit. En analysant les r\u00e9sultats de <strong>100 millions de lancers<\/strong>, il a \u00e9tabli un graphique final confirmant cette tendance statistique.<\/p>\n<div id=\"attachment_23887\" style=\"width: 1347px\" class=\"wp-caption alignnone\"><img loading=\"lazy\" decoding=\"async\" aria-describedby=\"caption-attachment-23887\" src=\"https:\/\/www.bonus.ca\/fr\/images\/probabilite-plinko.png\" alt=\"Probabilit\u00e9 du jeu en ligne Plinko\" width=\"1337\" height=\"828\" class=\"size-full wp-image-23887\" srcset=\"https:\/\/mediafr.bonus.ca\/images\/probabilite-plinko.png 1337w, https:\/\/mediafr.bonus.ca\/images\/probabilite-plinko-300x186.png 300w, https:\/\/mediafr.bonus.ca\/images\/probabilite-plinko-1024x634.png 1024w, https:\/\/mediafr.bonus.ca\/images\/probabilite-plinko-1014x628.png 1014w, https:\/\/mediafr.bonus.ca\/images\/probabilite-plinko-87x54.png 87w\" sizes=\"auto, (max-width: 1337px) 100vw, 1337px\" \/><p id=\"caption-attachment-23887\" class=\"wp-caption-text\">Voici une image d\u00e9taillant les probabilit\u00e9s du jeu en ligne Plinko.<\/p><\/div>\n<p>Comme le montre le graphique, la plupart des jetons tombent dans les cases centrales, o\u00f9 les gains sont souvent faibles ou \u00e9quivalents \u00e0 la mise initiale. <\/p>\n<p>\u00c0 l&#8217;inverse, les cases situ\u00e9es aux extr\u00e9mit\u00e9s offrent des r\u00e9compenses plus \u00e9lev\u00e9es, mais leurs probabilit\u00e9s d&#8217;apparition sont extr\u00eamement faibles, comme en t\u00e9moigne la quasi-invisibilit\u00e9 des barres sur le graphique.<\/p>\n<div id=\"attachment_23888\" style=\"width: 1418px\" class=\"wp-caption alignnone\"><img loading=\"lazy\" decoding=\"async\" aria-describedby=\"caption-attachment-23888\" src=\"https:\/\/www.bonus.ca\/fr\/images\/Simulateur-de-Plinko.png\" alt=\"Graphique des probabilit\u00e9s du Plinko\" width=\"1408\" height=\"943\" class=\"size-full wp-image-23888\" srcset=\"https:\/\/mediafr.bonus.ca\/images\/Simulateur-de-Plinko.png 1408w, https:\/\/mediafr.bonus.ca\/images\/Simulateur-de-Plinko-300x201.png 300w, https:\/\/mediafr.bonus.ca\/images\/Simulateur-de-Plinko-1024x686.png 1024w, https:\/\/mediafr.bonus.ca\/images\/Simulateur-de-Plinko-938x628.png 938w, https:\/\/mediafr.bonus.ca\/images\/Simulateur-de-Plinko-81x54.png 81w\" sizes=\"auto, (max-width: 1408px) 100vw, 1408px\" \/><p id=\"caption-attachment-23888\" class=\"wp-caption-text\">Graphique des probabilit\u00e9s d&#8217;un Plinko \u00e0 17 niveaux<\/p><\/div>\n<p>M\u00eame si le Plinko ne peut pas \u00eatre consid\u00e9r\u00e9 comme un jeu totalement pr\u00e9visible, il est essentiel de garder \u00e0 l&#8217;esprit que d\u00e9crocher un gain exceptionnel reste tr\u00e8s rare. S&#8217;attendre \u00e0 gagner des milliers d&#8217;euros simplement parce qu&#8217;un jeton atterrit au bon endroit est illusoire. Comme tout jeu de hasard en ligne, la chance joue un r\u00f4le majeur.<\/p>\n<h2>Code promo Plinko en 2026<\/h2>\n<h3>Code promo Plinko chez Ultra Casino<\/h3>\n<p>Si vous cherchez un coup de pouce pour jouer \u00e0 Plinko, Ultra Casino a exactement ce qu&#8217;il vous faut ! Avec le <strong>code ULTRA<\/strong>, vous pouvez d\u00e9bloquer un bonus exclusif pour poursuivre vos sessions et redoubler vos opportunit\u00e9s de gains.<\/p>\n\n<h3>Code promo Plinko sur Slots Magic Casino<\/h3>\n<p>Avec le <strong>code MAGIC<\/strong>, Slots Magic Casino offre aux joueurs de Plinko un bonus exclusif. Ce code peut permettre d&#8217;augmenter vos possibilit\u00e9 de jouer avec de l&#8217;argent r\u00e9el au plinko. Avant d&#8217;utiliser le code, assurez-vous de consulter votre condition d&#8217;\u00e9ligibilit\u00e9. Si vous avez un doute, demander conseil au service client avant de vous inscrire.<\/p>\n\n<h3>Code promo Plinko chez Winawin Casino<\/h3>\n<p>Le casino Winawin propose une offre sp\u00e9ciale pour les joueurs de Plinko. En saisissant le <strong>code promo Win100<\/strong> lors de votre d\u00e9p\u00f4t, vous pouvez d\u00e9bloquer un bonus exclusif. Ce type de promotion permet d&#8217;augmenter votre solde de jeu, offrant ainsi plus d&#8217;opportunit\u00e9s pour tenter votre chance sur Plinko.<\/p>\n\n<h2>Les variantes du Plinko<\/h2>\n<p>M\u00eame si Plinko est le nom le plus connu, il s&#8217;agit avant tout d&#8217;un style de jeu d\u00e9clin\u00e9 en plusieurs versions. De nombreuses variantes sont disponibles en ligne, vous permettant de trouver celle qui vous correspond le mieux. D\u00e9couvrons ensemble celles que l&#8217;on trouve en Canada :<\/p>\n<p>[table_start]<br \/>\n[table_head column-1=&#8217;Nom de la variante&#8217; column-2=&#8217;Fournisseur de jeux&#8217; column-3=&#8217;Minimum et maximum de mise&#8217; column-4=&#8217;Gain maximal&#8217;]<br \/>\n  [table_row column-1=&#8217;Plinko Go&#8217; column-2=&#8217;1X2 Gaming&#8217; column-3=&#8217;0,10$-50$&#8217; column-4=&#8217;x420&#8242;]<br \/>\n  [table_row column-1=&#8217;Plinko&#8217; column-2=&#8217;Gaming Corps&#8217; column-3=&#8217;0,20$-50$&#8217; column-4=&#8217;x3200&#8242;]<br \/>\n  [table_row column-1=&#8217;Plinko&#8217; column-2=&#8217;Spribe&#8217; column-3=&#8217;0,10$-100$&#8217; column-4=&#8217;x555&#8242;]<br \/>\n  [table_row column-1=&#8217;Plinko Dare2Win&#8217; column-2=&#8217;Hacksaw Gaming&#8217; column-3=&#8217;0,10$-100$&#8217; column-4=&#8217;x3843&#8242;]<br \/>\n  [table_row column-1=&#8217;PlinkoX&#8217; column-2=&#8217;Smartsoft Gaming&#8217; column-3=&#8217;0,10$-100$&#8217; column-4=&#8217;x1000&#8242;]<br \/>\n[table_end]<\/p>\n<h2>Plinko avis d\u00e9finitif<\/h2>\n<p>Le Plinko est un jeu de casino unique qui combine simplicit\u00e9, hasard et potentiel de gains int\u00e9ressants. Inspir\u00e9 du c\u00e9l\u00e8bre jeu t\u00e9l\u00e9vis\u00e9, il a su s&#8217;imposer en ligne gr\u00e2ce \u00e0 ses nombreuses variantes et \u00e0 son accessibilit\u00e9 pour tous les types de joueurs.<\/p>\n<p>Son principal atout r\u00e9side dans la possibilit\u00e9 <strong>d&#8217;ajuster la volatilit\u00e9<\/strong>, permettant \u00e0 chacun de choisir entre des gains fr\u00e9quents mais faibles ou des r\u00e9compenses plus \u00e9lev\u00e9es avec un risque accru. <\/p>\n<p>De plus, certaines versions comme Plinko Dare2Win de Hacksaw Gaming offrent des options de <strong>jeu automatique<\/strong>, rendant l&#8217;exp\u00e9rience encore plus rapide et immersive.<\/p>\n<p>Le syst\u00e8me <strong>Provably Fair<\/strong> garantit une transparence totale, notamment sur les casinos crypto, en permettant aux joueurs de v\u00e9rifier l&#8217;\u00e9quit\u00e9 des r\u00e9sultats.<\/p>\n<p>Cependant, comme tout jeu de hasard, les probabilit\u00e9s sont fortement en faveur des cases centrales, rendant les gros gains plus rares.<\/p>\n<p>Le Plinko reste un excellent choix pour ceux qui recherchent une exp\u00e9rience ludique et fluide, avec des options de personnalisation et des bonus plut\u00f4t attractifs. <\/p>\n<p>Toutefois, il est bon de jouer avec une bonne gestion de bankroll, car malgr\u00e9 sa simplicit\u00e9, ce jeu repose enti\u00e8rement sur la chance.<\/p>\n","protected":false},"excerpt":{"rendered":"<p>Le Plinko casino, c&#8217;est quoi ? Le Plinko est un jeu aujourd&#8217;hui accessible sur les casinos populaires en ligne et aussi sur les casinos en ligne les plus payants au Canada. Son histoire remonte \u00e0 1972 avec l&#8217;arriv\u00e9e de l&#8217;\u00e9mission culte am\u00e9ricaine The Price is Right (Le Juste Prix en fran\u00e7ais). Le 3 janvier 1983, [&hellip;]<\/p>\n","protected":false},"author":123,"featured_media":0,"parent":11032,"menu_order":0,"comment_status":"closed","ping_status":"closed","template":"","meta":{"inline_featured_image":false,"_glsr_average":0,"_glsr_ranking":0,"_glsr_reviews":0,"footnotes":""},"class_list":["post-23885","page","type-page","status-publish","hentry"],"yoast_head":"<!-- This site is optimized with the Yoast SEO plugin v27.4 - https:\/\/yoast.com\/product\/yoast-seo-wordpress\/ -->\n<title>Plinko avis | Tout savoir sur le Plinko en [year]<\/title>\n<meta name=\"description\" content=\"Le Plinko est un jeu ultra-populaire disponible les meilleurs casinos disponibles au Canada. Jouez maintenant gr\u00e2ce \u00e0 des bonus exclusifs !\" \/>\n<meta name=\"robots\" content=\"index, follow, max-snippet:-1, max-image-preview:large, max-video-preview:-1\" \/>\n<link rel=\"canonical\" href=\"https:\/\/www.bonus.ca\/fr\/casino-en-ligne\/plinko\" \/>\n<meta property=\"og:type\" content=\"article\" \/>\n<meta property=\"og:title\" content=\"Plinko avis | Tout savoir sur le Plinko en [year]\" \/>\n<meta property=\"og:description\" content=\"Le Plinko est un jeu ultra-populaire disponible les meilleurs casinos disponibles au Canada. Jouez maintenant gr\u00e2ce \u00e0 des bonus exclusifs !\" \/>\n<meta property=\"og:url\" content=\"https:\/\/www.bonus.ca\/fr\/casino-en-ligne\/plinko\" \/>\n<meta property=\"article:published_time\" content=\"2025-02-21T14:20:51+00:00\" \/>\n<meta property=\"article:modified_time\" content=\"2025-09-26T09:42:25+00:00\" \/>\n<meta property=\"og:image\" content=\"https:\/\/mediafr.bonus.ca\/images\/plinko.png\" \/>\n\t<meta property=\"og:image:width\" content=\"1536\" \/>\n\t<meta property=\"og:image:height\" content=\"920\" \/>\n\t<meta property=\"og:image:type\" content=\"image\/png\" \/>\n<meta name=\"twitter:card\" content=\"summary_large_image\" \/>\n<meta name=\"twitter:label1\" content=\"Est. reading time\" \/>\n\t<meta name=\"twitter:data1\" content=\"8 minutes\" \/>\n<!-- \/ Yoast SEO plugin. -->","yoast_head_json":{"title":"Plinko avis | Tout savoir sur le Plinko en [year]","description":"Le Plinko est un jeu ultra-populaire disponible les meilleurs casinos disponibles au Canada. Jouez maintenant gr\u00e2ce \u00e0 des bonus exclusifs !","robots":{"index":"index","follow":"follow","max-snippet":"max-snippet:-1","max-image-preview":"max-image-preview:large","max-video-preview":"max-video-preview:-1"},"canonical":"https:\/\/www.bonus.ca\/fr\/casino-en-ligne\/plinko","og_type":"article","og_title":"Plinko avis | Tout savoir sur le Plinko en [year]","og_description":"Le Plinko est un jeu ultra-populaire disponible les meilleurs casinos disponibles au Canada. Jouez maintenant gr\u00e2ce \u00e0 des bonus exclusifs !","og_url":"https:\/\/www.bonus.ca\/fr\/casino-en-ligne\/plinko","article_published_time":"2025-02-21T14:20:51+00:00","article_modified_time":"2025-09-26T09:42:25+00:00","og_image":[{"width":1536,"height":920,"url":"https:\/\/mediafr.bonus.ca\/images\/plinko.png","type":"image\/png"}],"twitter_card":"summary_large_image","twitter_misc":{"Est. reading time":"8 minutes"},"schema":{"@context":"https:\/\/schema.org","@graph":[{"@type":"WebPage","@id":"https:\/\/www.bonus.ca\/fr\/casino-en-ligne\/plinko","url":"https:\/\/www.bonus.ca\/fr\/casino-en-ligne\/plinko","name":"Plinko avis | Tout savoir sur le Plinko en [year]","isPartOf":{"@id":"https:\/\/www.bonus.ca\/fr\/#website"},"primaryImageOfPage":{"@id":"https:\/\/www.bonus.ca\/fr\/casino-en-ligne\/plinko#primaryimage"},"image":{"@id":"https:\/\/www.bonus.ca\/fr\/casino-en-ligne\/plinko#primaryimage"},"thumbnailUrl":"https:\/\/www.bonus.ca\/fr\/images\/plinko.png","datePublished":"2025-02-21T14:20:51+00:00","dateModified":"2025-09-26T09:42:25+00:00","description":"Le Plinko est un jeu ultra-populaire disponible les meilleurs casinos disponibles au Canada. Jouez maintenant gr\u00e2ce \u00e0 des bonus exclusifs !","breadcrumb":{"@id":"https:\/\/www.bonus.ca\/fr\/casino-en-ligne\/plinko#breadcrumb"},"inLanguage":"en-US","potentialAction":[{"@type":"ReadAction","target":["https:\/\/www.bonus.ca\/fr\/casino-en-ligne\/plinko"]}]},{"@type":"ImageObject","inLanguage":"en-US","@id":"https:\/\/www.bonus.ca\/fr\/casino-en-ligne\/plinko#primaryimage","url":"https:\/\/mediafr.bonus.ca\/images\/plinko.png","contentUrl":"https:\/\/mediafr.bonus.ca\/images\/plinko.png","width":1536,"height":920,"caption":"Jouez au Plinko en ligne sur les meilleurs casinos au Canada"},{"@type":"BreadcrumbList","@id":"https:\/\/www.bonus.ca\/fr\/casino-en-ligne\/plinko#breadcrumb","itemListElement":[{"@type":"ListItem","position":1,"name":"Home","item":"https:\/\/www.bonus.ca\/fr\/"},{"@type":"ListItem","position":2,"name":"Casino argent r\u00e9\u00e8l","item":"https:\/\/www.bonus.ca\/fr\/casino-en-ligne"},{"@type":"ListItem","position":3,"name":"Plinko"}]},{"@type":"WebSite","@id":"https:\/\/www.bonus.ca\/fr\/#website","url":"https:\/\/www.bonus.ca\/fr\/","name":"BonusFinder Canada (Fran\u00e7ais)","description":"La source de bonus n\u00b0 1 au Canada","potentialAction":[{"@type":"SearchAction","target":{"@type":"EntryPoint","urlTemplate":"https:\/\/www.bonus.ca\/fr\/?s={search_term_string}"},"query-input":{"@type":"PropertyValueSpecification","valueRequired":true,"valueName":"search_term_string"}}],"inLanguage":"en-US"}]}},"_links":{"self":[{"href":"https:\/\/www.bonus.ca\/fr\/wp-json\/wp\/v2\/pages\/23885","targetHints":{"allow":["GET"]}}],"collection":[{"href":"https:\/\/www.bonus.ca\/fr\/wp-json\/wp\/v2\/pages"}],"about":[{"href":"https:\/\/www.bonus.ca\/fr\/wp-json\/wp\/v2\/types\/page"}],"author":[{"embeddable":true,"href":"https:\/\/www.bonus.ca\/fr\/wp-json\/wp\/v2\/users\/123"}],"replies":[{"embeddable":true,"href":"https:\/\/www.bonus.ca\/fr\/wp-json\/wp\/v2\/comments?post=23885"}],"version-history":[{"count":9,"href":"https:\/\/www.bonus.ca\/fr\/wp-json\/wp\/v2\/pages\/23885\/revisions"}],"predecessor-version":[{"id":25385,"href":"https:\/\/www.bonus.ca\/fr\/wp-json\/wp\/v2\/pages\/23885\/revisions\/25385"}],"up":[{"embeddable":true,"href":"https:\/\/www.bonus.ca\/fr\/wp-json\/wp\/v2\/pages\/11032"}],"wp:attachment":[{"href":"https:\/\/www.bonus.ca\/fr\/wp-json\/wp\/v2\/media?parent=23885"}],"curies":[{"name":"wp","href":"https:\/\/api.w.org\/{rel}","templated":true}]}}