{"id":24140,"date":"2025-03-27T11:08:14","date_gmt":"2025-03-27T11:08:14","guid":{"rendered":"https:\/\/www.bonus.ca\/fr\/?page_id=24140"},"modified":"2025-08-15T07:16:44","modified_gmt":"2025-08-15T07:16:44","slug":"casino-depot-5","status":"publish","type":"page","link":"https:\/\/www.bonus.ca\/fr\/casino-bonus\/depot-minimum\/casino-depot-5","title":{"rendered":"Casino d\u00e9p\u00f4t 5$"},"content":{"rendered":"<h2> Casinos avec d\u00e9p\u00f4t de 5 $ au Canada<\/h2>\n<p>Avec seulement 5 $, il est possible de jouer dans des <a href=\"https:\/\/www.bonus.ca\/fr\/\">casino Canada en ligne<\/a> \u00e0 faible d\u00e9p\u00f4t tout en profitant de superbes bonus. Ces casinos offrent un excellent rapport qualit\u00e9-prix avec des tours gratuits, des bonus de d\u00e9p\u00f4t \u00e9quivalents et des offres exclusives, le tout pour seulement 5 $.<\/p>\n<p>[table_start]<br \/>\n[table_head column-1=&#8217;Casino&#8217; column-2=&#8217;Offre de bonus&#8217; column-3=&#8217;D\u00e9p\u00f4t min.&#8217;]<br \/>\n[table_row column-1=&#8217;OnlyWin Casino&#8217; column-2=&#8217;305 tours gratuits + 19 $ de bonus&#8217; column-3=&#8217;5 $&#8217;]<br \/>\n[table_row column-1=&#8217;Spin Casino&#8217; column-2=&#8217;Bonus \u00e9quivalent au d\u00e9p\u00f4t de 5 pour max 1 000 $&#8217; column-3=&#8217;5 $&#8217;]<br \/>\n[table_row column-1=&#8217;Rocket Casino&#8217; column-2=&#8217;Bonus de 1 500 $ + 50 tours gratuits&#8217; column-3=&#8217;5 $&#8217;]<br \/>\n[table_row column-1=&#8217;Captain Cooks&#8217; column-2=&#8217;100 tours gratuits pour 5 $&#8217; column-3=&#8217;5 $&#8217;]<br \/>\n[table_row column-1=&#8217;Ruby Fortune&#8217; column-2=&#8217;Bonus \u00e9quivalent au d\u00e9p\u00f4t de 5 $ avec max 750 $&#8217; column-3=&#8217;5 $&#8217;]<br \/>\n[table_end]<\/p>\n<p>Ces <a href=\"https:\/\/www.bonus.ca\/fr\/casino-bonus\/depot-minimum\">offres de casino \u00e0 d\u00e9p\u00f4t minimum<\/a> permettent de jouer \u00e0 des machines \u00e0 sous et jeux de casino en argent r\u00e9el avec des fonds bonus ou des tours gratuits, prolongeant ainsi la valeur de votre d\u00e9p\u00f4t de 5 $.<\/p>\n<h3>Comment obtenir un bonus avec un d\u00e9p\u00f4t de 5 $<\/h3>\n<p>Suivez ces \u00e9tapes simples pour r\u00e9clamer votre bonus et commencer \u00e0 jouer :<\/p>\n<ol>\n<li>Choisissez un casino dans la liste ci-dessus.<\/li>\n<li>Inscrivez-vous et cr\u00e9ez votre compte.<\/li>\n<li>D\u00e9posez 5 $ avec un moyen de paiement disponible.<\/li>\n<li>Activez votre bonus (tours gratuits ou bonus \u00e9quivalent).<\/li>\n<li>Commencez \u00e0 jouer !<\/li>\n<\/ol>\n<h2>Meilleurs bonus pour un d\u00e9p\u00f4t de 5 $<\/h2>\n<p>Un d\u00e9p\u00f4t de 5 $ peut sembler faible, mais les r\u00e9compenses ne le sont pas ! Ces casinos proposent des tours gratuits, des bonus \u00e9quivalents et du cashback pour faire durer votre budget. D\u00e9couvrez les meilleures offres ci-dessous.<\/p>\n<h3>Casino Rocket : Casino crypto avec d\u00e9p\u00f4t de 5 $<\/h3>\n<p>Un simple d\u00e9p\u00f4t de 5 $ suffit pour d\u00e9marrer sur <a href=\"https:\/\/www.bonus.ca\/fr\/casino-rocket\">Casino Rocket<\/a> o\u00f9 la crypto et les mommaies courrantes sont disponibles. En \u00e9change, vous recevez un bonus de 100 % jusqu&#8217;\u00e0 1 500 $ ainsi que 50 tours gratuits. Ces spins peuvent \u00eatre utilis\u00e9s sur les plus de 3 000 jeux de leur catalogue.<\/p>\n\n<h3>Captain Cooks : Bonus casino de 5 $<\/h3>\n<p>Le bonus de Captain Cooks est simple : d\u00e9posez 5 $ et recevez 100 tours gratuits ! Ces tours sont valables sur les machines \u00e0 jackpot progressif de Microgaming et d&#8217;autres excellents jeux de machines \u00e0 sous.<br \/>\n<\/p>\n<h3>Casino Casumo: 99 tours gratuits pour 5 $<\/h3>\n<p>Recevez 99 tours gratuits sur Gates of Olympus avec Casino Casino. Il est aussi possible d&#8217;obtenir un bonus de bienvenue \u00e9quivalent \u00e0 100 % pour encore plus de cr\u00e9dit.<br \/>\n<\/p>\n<h2>Avantages et inconv\u00e9nients des casinos avec d\u00e9p\u00f4t de 5 $<\/h2>\n<p>Vous pouvez obtenir plus de 50 tours gratuits, un bonus \u00e9quivalent de 200 % et de l&#8217;argent bonus pour commencer \u00e0 jouer. Avec BonusFinder, vous jouez toujours avec plus.<\/p>\n<p>Si vous d\u00e9posez 1 $ sur Ruby Fortune ou Spin Galaxy, vous pouvez recevoir plus de 100 tours pour 5 $. <a href=\"https:\/\/www.bonus.ca\/fr\/ruby-fortune\">Ruby Fortune<\/a> offre 225 tours gratuits pour 5 dollars, et Spin Galaxy en propose 177.<\/p>\n<p>Un d\u00e9p\u00f4t de 5 $ offre un bon compromis entre risque limit\u00e9 et acc\u00e8s \u00e0 des bonus int\u00e9ressants. <\/p>\n<p>Les d\u00e9p\u00f4ts plus petits (1 $ ou 2 $) sont souvent plus contraignants, alors qu&#8217;un d\u00e9p\u00f4t de 5 $ donne acc\u00e8s \u00e0 de meilleures promos, plus de jeux et davantage d&#8217;options bancaires.<\/p>\n<p>\t<div class=\"pros-cons-item pro list-item\">\n\t\t<div class=\"list-item-icon\">\n\t\t\t<div class=\"icon-small\">\n\t\t\t\t<svg width=\"100%\" height=\"100%\" viewBox=\"0 0 24 24\" fill=\"none\" xmlns=\"http:\/\/www.w3.org\/2000\/svg\" aria-labelledby=\"proTitle proDesc\">\n\t<title id=\"proTitle\">Plus sign<\/title>\n\t<desc id=\"proDesc\">White plus sign on green background<\/desc>\n\t<path d=\"M15 3C15 2.44772 14.5523 2 14 2L10 2C9.44772 2 9 2.44772 9 3V9H3C2.44772 9 2 9.44772 2 10V14C2 14.5523 2.44772 15 3 15H9V21C9 21.5523 9.44771 22 10 22H14C14.5523 22 15 21.5523 15 21V15H21C21.5523 15 22 14.5523 22 14V10C22 9.44772 21.5523 9 21 9H15V3Z\" fill=\"currentColor\"><\/path>\n<\/svg>\n\n\t\t\t<\/div>\n\t\t<\/div>\n\t\t<div class=\"text\">Faible risque pour essayer les casinos en ligne<\/div>\n\t<\/div>\n<br \/>\n\t<div class=\"pros-cons-item pro list-item\">\n\t\t<div class=\"list-item-icon\">\n\t\t\t<div class=\"icon-small\">\n\t\t\t\t<svg width=\"100%\" height=\"100%\" viewBox=\"0 0 24 24\" fill=\"none\" xmlns=\"http:\/\/www.w3.org\/2000\/svg\" aria-labelledby=\"proTitle proDesc\">\n\t<title id=\"proTitle\">Plus sign<\/title>\n\t<desc id=\"proDesc\">White plus sign on green background<\/desc>\n\t<path d=\"M15 3C15 2.44772 14.5523 2 14 2L10 2C9.44772 2 9 2.44772 9 3V9H3C2.44772 9 2 9.44772 2 10V14C2 14.5523 2.44772 15 3 15H9V21C9 21.5523 9.44771 22 10 22H14C14.5523 22 15 21.5523 15 21V15H21C21.5523 15 22 14.5523 22 14V10C22 9.44772 21.5523 9 21 9H15V3Z\" fill=\"currentColor\"><\/path>\n<\/svg>\n\n\t\t\t<\/div>\n\t\t<\/div>\n\t\t<div class=\"text\">Acc\u00e8s aux jeux en argent r\u00e9el et aux tours gratuits<\/div>\n\t<\/div>\n<br \/>\n\t<div class=\"pros-cons-item pro list-item\">\n\t\t<div class=\"list-item-icon\">\n\t\t\t<div class=\"icon-small\">\n\t\t\t\t<svg width=\"100%\" height=\"100%\" viewBox=\"0 0 24 24\" fill=\"none\" xmlns=\"http:\/\/www.w3.org\/2000\/svg\" aria-labelledby=\"proTitle proDesc\">\n\t<title id=\"proTitle\">Plus sign<\/title>\n\t<desc id=\"proDesc\">White plus sign on green background<\/desc>\n\t<path d=\"M15 3C15 2.44772 14.5523 2 14 2L10 2C9.44772 2 9 2.44772 9 3V9H3C2.44772 9 2 9.44772 2 10V14C2 14.5523 2.44772 15 3 15H9V21C9 21.5523 9.44771 22 10 22H14C14.5523 22 15 21.5523 15 21V15H21C21.5523 15 22 14.5523 22 14V10C22 9.44772 21.5523 9 21 9H15V3Z\" fill=\"currentColor\"><\/path>\n<\/svg>\n\n\t\t\t<\/div>\n\t\t<\/div>\n\t\t<div class=\"text\">Parfait pour les joueurs avec un budget limit\u00e9<\/div>\n\t<\/div>\n<br \/>\n<div class=\"pros-cons-item con list-item\">\n\t\t<div class=\"list-item-icon\">\n\t\t\t<div class=\"icon-small\">\n\t\t\t\t<svg width=\"100%\" height=\"100%\" viewBox=\"0 0 24 24\" fill=\"none\" xmlns=\"http:\/\/www.w3.org\/2000\/svg\" aria-labelledby=\"conTitle conDesc\">\n\t<title id=\"conTitle\">Minus sign<\/title>\n\t<desc id=\"conDesc\">White minus sign on red background<\/desc>\n\t<rect x=\"2\" y=\"9\" width=\"20\" height=\"6\" rx=\"1\" fill=\"currentColor\"><\/rect>\n<\/svg>\n\n\t\t\t<\/div>\n\t\t<\/div>\n\t\t<div class=\"text\">Certains bonus ont des conditions de mise \u00e9lev\u00e9es<\/div>\n\t<\/div>\n<br \/>\n<div class=\"pros-cons-item con list-item\">\n\t\t<div class=\"list-item-icon\">\n\t\t\t<div class=\"icon-small\">\n\t\t\t\t<svg width=\"100%\" height=\"100%\" viewBox=\"0 0 24 24\" fill=\"none\" xmlns=\"http:\/\/www.w3.org\/2000\/svg\" aria-labelledby=\"conTitle conDesc\">\n\t<title id=\"conTitle\">Minus sign<\/title>\n\t<desc id=\"conDesc\">White minus sign on red background<\/desc>\n\t<rect x=\"2\" y=\"9\" width=\"20\" height=\"6\" rx=\"1\" fill=\"currentColor\"><\/rect>\n<\/svg>\n\n\t\t\t<\/div>\n\t\t<\/div>\n\t\t<div class=\"text\">Moins de moyens de paiements que pour les d\u00e9p\u00f4ts plus \u00e9lev\u00e9s<\/div>\n\t<\/div>\n<\/p>\n<h3>Pourquoi jouer sur un casino \u00e0 d\u00e9p\u00f4t de 5 $ ?<\/h3>\n<ul>\n<li><strong>Meilleurs bonus<\/strong> : Un d\u00e9p\u00f4t de 5 $ permet d&#8217;obtenir plus de r\u00e9compenses que les plus petits d\u00e9p\u00f4ts, comme des tours gratuits ou des bonus \u00e9quivalents.<\/li>\n<li><strong>Plus de jeux accessibles<\/strong> : Avec 5 $, on peut jouer \u00e0 plus de machines \u00e0 sous et m\u00eame \u00e0 des jeux avec croupiers en direct, ce qui est rarement le cas avec 1 $ ou 2 $.<\/li>\n<li><strong>Temps de jeu prolong\u00e9<\/strong> : Votre budget dure plus longtemps, avec plus de tours et plus de chances de gagner.<\/li>\n<li><strong>Plus de moyens de paiement<\/strong> : Les d\u00e9p\u00f4ts de 5 $ sont g\u00e9n\u00e9ralement accept\u00e9s, contrairement aux plus petits montants. Utilisez Interac, Apple Pay, Paysafecard, etc.<\/li>\n<li><strong>Faible risque, grand plaisir<\/strong> : Un petit d\u00e9p\u00f4t permet de jouer en toute s\u00e9curit\u00e9 tout en gardant une chance r\u00e9elle de gagner.<\/li>\n<\/ul>\n<p>M\u00eame si un d\u00e9p\u00f4t de 5 $ ne d\u00e9bloque pas les bonus des gros joueurs comme les <a href=\"https:\/\/www.bonus.ca\/fr\/casino-bonus\/depot-minimum\/casino-depot-2\">d\u00e9p\u00f4ts casinos 2$<\/a> d&#8217;ailleurs, c&#8217;est l&#8217;une des meilleures options \u00e0 petit budget pour les joueurs canadiens qui veulent maximiser la valeur de leur d\u00e9p\u00f4t tout en d\u00e9pensant peu.<\/p>\n<h2>Notre strat\u00e9gie pour les d\u00e9p\u00f4ts de 5 $<\/h2>\n<p>Vous voulez faire durer vos 5 $ ? <\/p>\n<p>Suivez ces conseils d&#8217;experts :<\/p>\n<ol>\n<li><strong>Choisissez des bonus \u00e0 faible exigence de mise<\/strong> : Les tours gratuits sans ou avec peu de conditions de mise permettent de retirer plus rapidement.<\/li>\n<li><strong>Jouez \u00e0 des machines \u00e0 sous avec un RTP \u00e9lev\u00e9<\/strong> : Privil\u00e9giez les jeux avec un RTP de 96 % ou plus pour de meilleures chances \u00e0 long terme.<\/li>\n<li><strong>Pariez petit pour jouer longtemps<\/strong> : Gardez vos mises basses pour maximiser votre temps de jeu.<\/li>\n<li><strong>Utilisez les offres de cashback<\/strong> : Certains casinos remboursent une partie des pertes, ce qui aide \u00e0 faire durer votre budget.<\/li>\n<li><strong>V\u00e9rifiez les conditions des moyens de paiement<\/strong> : \u00c9vitez les m\u00e9thodes qui ne donnent pas droit aux bonus (comme Skrill ou Neteller).<\/li>\n<\/ol>\n<h3>Bonus \u00e0 d\u00e9p\u00f4t de 5 $ sans ou avec peu de conditions de mise<\/h3>\n<p><strong>Envie de garder vos gains ?<\/strong> Certains casinos avec d\u00e9p\u00f4t de 5 dollars offrent des bonus sans exigence ou \u00e0 faible exigence de mise, ce qui permet de retirer plus facilement vos gains. <\/p>\n<p>Voici les meilleurs :<\/p>\n<p>[table_start]<br \/>\n[table_head column-1=&#8217;Casino&#8217; column-2=&#8217;Bonus&#8217; column-3=&#8217;Conditions de mise&#8217;]<br \/>\n[table_row column-1=&#8217;Lucky Spins&#8217; column-2=&#8217;50 tours gratuits sans mise pour 5 $&#8217; column-3=&#8217;Aucune mise&#8217;]<br \/>\n[table_row column-1=&#8217;Spin Galaxy&#8217; column-2=&#8217;177 tours gratuits pour 5 $&#8217; column-3=&#8217;Faible mise (10x)&#8217;]<br \/>\n[table_row column-1=&#8217;Ruby Fortune&#8217; column-2=&#8217;225 tours gratuits pour 5 $&#8217; column-3=&#8217;Faible mise (20x)&#8217;]<br \/>\n[table_end]<\/p>\n<p>Ces offres vous permettent de conserver davantage vos gains compar\u00e9 aux bonus classiques avec de fortes conditions de mise.<\/p>\n<h2>Meilleurs jeux \u00e0 jouer dans les casinos avec d\u00e9p\u00f4t de 5 $<\/h2>\n<p>De nombreuses machines \u00e0 sous en ligne acceptent de petites mises, ce qui en fait le choix id\u00e9al pour un d\u00e9p\u00f4t de 5 $. Voici quelques jeux populaires :<\/p>\n<p>[table_start]<br \/>\n[table_head column-1=&#8217;Nom de la machine \u00e0 sous&#8217; column-2=&#8217;RTP&#8217; column-3=&#8217;O\u00f9 jouer&#8217;]<br \/>\n[table_row column-1=&#8217;Mega Moolah&#8217; column-2=&#8217;94 %&#8217; column-3=&#8217;Captain Cooks Casino&#8217;]<br \/>\n[table_row column-1=&#8217;Mega Fortune&#8217; column-2=&#8217;96,6 %&#8217; column-3=&#8217;Spin Casino&#8217;]<br \/>\n[table_row column-1=&#8217;Gold Blitz&#8217; column-2=&#8217;96 %&#8217; column-3=&#8217;Spin Casino&#8217;]<br \/>\n[table_end]<\/p>\n<p>La plupart des joueurs en ligne pr\u00e9f\u00e8rent les machines \u00e0 sous, qui sont selon moi \u00e9galement le meilleur choix dans un casino \u00e0 d\u00e9p\u00f4t de 5 $. <\/p>\n<p>Pourquoi ?<\/p>\n<p>Parce que les machines \u00e0 sous comptent presque toujours \u00e0 100 % dans les exigences de mise de votre bonus.<\/p>\n<p>D&#8217;autres jeux de casino comme le blackjack, la roulette ou le baccarat sont souvent exclus des bonus car leur taux de retour au joueur approche les 100 %. <\/p>\n<p>Pour les casinos en ligne, ce serait une mauvaise affaire pour 5$, alors imaginer pour offre de <a href=\"https:\/\/www.bonus.ca\/fr\/casino-bonus\/depot-minimum\/casino-depot-20\">d\u00e9p\u00f4t casino 20$<\/a>. Ce ne serait pas tenable pour les casinos.<\/p>\n<p>En r\u00e9sum\u00e9, voici les jeux que nous recommandons dans un casino avec d\u00e9p\u00f4t de 5 $ :<\/p>\n<ul>\n<li><strong>Machines \u00e0 sous<\/strong> : Il y a une infinit\u00e9 d&#8217;options m\u00eame dans les casinos \u00e0 faible d\u00e9p\u00f4t. Mon conseil : amusez-vous et choisissez les jeux que vous aimez. Si vous voulez maximiser vos gains, optez pour des jeux avec un RTP \u00e9lev\u00e9 (retour au joueur).<\/li>\n<li><strong>Jackpots progressifs<\/strong> : Parmi les jeux les plus jou\u00e9s figurent les jackpots progressifs comme Arabian Nights ou Mega Fortune. M\u00eame si la victoire est peu probable, ils ajoutent du suspense et offrent une chance de d\u00e9crocher une somme qui change la vie !<\/li>\n<\/ul>\n<div class=\"bonusfinder-tip card-fancy margin-vertical-medium\">\n\t<div class=\"title\">\n\t\t<div class=\"tip-icon\">\n\t\t\t<img decoding=\"async\" src=\"https:\/\/mediafr.bonus.ca\/images\/bf-icon_tip-emblem.svg\" height=\"36\" width=\"36\" class=\"icon-xlarge\" loading=\"lazy\" alt=\"editor tip icon\" srcset=\"https:\/\/mediafr.bonus.ca\/images\/bf-icon_tip-emblem.svg 1x, https:\/\/mediafr.bonus.ca\/images\/bf-icon_tip-emblem.svg 2x\" \/>\n\t\t<\/div>\n\t\t<div>Conseil BonusFinder<\/div>\n\t<\/div>\n\t<div class=\"content\">Notez que la plupart des bonus de d\u00e9p\u00f4t sont li\u00e9s \u00e0 un ou plusieurs jeux sp\u00e9cifiques. Si vous jouez avec un bonus, v\u00e9rifiez toujours \u00e0 quels jeux en argent r\u00e9el il s'applique.<\/div>\n<\/div>\n\n<h2>Meilleures m\u00e9thodes de paiement pour un d\u00e9p\u00f4t de 5 $<\/h2>\n<p>Les options disponibles varient fortement d&#8217;un casino \u00e0 l&#8217;autre. Assurez-vous que les m\u00e9thodes propos\u00e9es permettent \u00e0 la fois le d\u00e9p\u00f4t et le retrait, car ce n&#8217;est pas toujours le cas.<\/p>\n<p>Notez que les d\u00e9p\u00f4ts minimums de 5 $ s&#8217;accompagnent souvent de certaines limitations sur les m\u00e9thodes de paiement. Certaines options sont parfois totalement exclues des bonus. Par exemple, les casinos Paysafecard exigent toujours un <a href=\"https:\/\/www.bonus.ca\/fr\/casino-bonus\/depot-minimum\/casino-depot-10\">d\u00e9p\u00f4t minimum 10$<\/a> sur leurs plateformes.<\/p>\n<p>Pour les joueurs situ\u00e9s au Canada, plusieurs m\u00e9thodes de paiement s\u00fbres et s\u00e9curis\u00e9es sont disponibles :<\/p>\n<p>[table_start]<br \/>\n[table_head column-1=&#8217;<strong>M\u00e9thode de d\u00e9p\u00f4t<\/strong>&#8216; column-2=&#8217;<strong>Disponibilit\u00e9 pour les d\u00e9p\u00f4ts de 5 $<\/strong>&#8216;]<br \/>\n[table_row column-1=&#8217;Visa \/ Mastercard&#8217; column-2=&#8217;Largement accept\u00e9es&#8217;]<br \/>\n[table_row column-1=&#8217;Interac&#8217; column-2=&#8217;Rapide et tr\u00e8s r\u00e9pandu au Canada&#8217;]<br \/>\n[table_row column-1=&#8217;<a href=\"https:\/\/www.bonus.ca\/fr\/casino-en-ligne\/google-pay\">Casino en ligne Google Pay<\/a>&#8216; column-2=&#8217;Id\u00e9al pour les d\u00e9p\u00f4ts mobiles&#8217;]<br \/>\n[table_row column-1=&#8217;Paysafecard&#8217; column-2=&#8217;Certains casinos acceptent 5 $, mais la plupart exigent 10 $ ou plus&#8217;]<br \/>\n[table_row column-1=&#8217;Skrill \/ Neteller&#8217; column-2=&#8217;Parfois exclus des bonus&#8217;]<br \/>\n[table_end]<\/p>\n","protected":false},"excerpt":{"rendered":"<p>Casinos avec d\u00e9p\u00f4t de 5 $ au Canada Avec seulement 5 $, il est possible de jouer dans des casino Canada en ligne \u00e0 faible d\u00e9p\u00f4t tout en profitant de superbes bonus. Ces casinos offrent un excellent rapport qualit\u00e9-prix avec des tours gratuits, des bonus de d\u00e9p\u00f4t \u00e9quivalents et des offres exclusives, le tout pour [&hellip;]<\/p>\n","protected":false},"author":123,"featured_media":0,"parent":10866,"menu_order":0,"comment_status":"closed","ping_status":"closed","template":"","meta":{"inline_featured_image":false,"_glsr_average":0,"_glsr_ranking":0,"_glsr_reviews":0,"footnotes":""},"class_list":["post-24140","page","type-page","status-publish","hentry"],"yoast_head":"<!-- This site is optimized with the Yoast SEO plugin v27.5 - https:\/\/yoast.com\/product\/yoast-seo-wordpress\/ -->\n<title>Casino D\u00e9p\u00f4t 5$ \ud83c\udf96\ufe0f Canada 2025<\/title>\n<meta name=\"description\" content=\"Tous les casinos en ligne avec bonus de seulement 5$ au Canada en [year]. Bonus exclusif avec d\u00e9p\u00f4t de 5 $ sur Casino Rocket.\" \/>\n<meta name=\"robots\" content=\"index, follow, max-snippet:-1, max-image-preview:large, max-video-preview:-1\" \/>\n<link rel=\"canonical\" href=\"https:\/\/www.bonus.ca\/fr\/casino-bonus\/depot-minimum\/casino-depot-5\" \/>\n<meta property=\"og:type\" content=\"article\" \/>\n<meta property=\"og:title\" content=\"Casino D\u00e9p\u00f4t 5$ \ud83c\udf96\ufe0f Canada 2025\" \/>\n<meta property=\"og:description\" content=\"Tous les casinos en ligne avec bonus de seulement 5$ au Canada en [year]. Bonus exclusif avec d\u00e9p\u00f4t de 5 $ sur Casino Rocket.\" \/>\n<meta property=\"og:url\" content=\"https:\/\/www.bonus.ca\/fr\/casino-bonus\/depot-minimum\/casino-depot-5\" \/>\n<meta property=\"article:published_time\" content=\"2025-03-27T11:08:14+00:00\" \/>\n<meta property=\"article:modified_time\" content=\"2025-08-15T07:16:44+00:00\" \/>\n<meta name=\"twitter:card\" content=\"summary_large_image\" \/>\n<meta name=\"twitter:label1\" content=\"Est. reading time\" \/>\n\t<meta name=\"twitter:data1\" content=\"7 minutes\" \/>\n<!-- \/ Yoast SEO plugin. -->","yoast_head_json":{"title":"Casino D\u00e9p\u00f4t 5$ \ud83c\udf96\ufe0f Canada 2025","description":"Tous les casinos en ligne avec bonus de seulement 5$ au Canada en [year]. Bonus exclusif avec d\u00e9p\u00f4t de 5 $ sur Casino Rocket.","robots":{"index":"index","follow":"follow","max-snippet":"max-snippet:-1","max-image-preview":"max-image-preview:large","max-video-preview":"max-video-preview:-1"},"canonical":"https:\/\/www.bonus.ca\/fr\/casino-bonus\/depot-minimum\/casino-depot-5","og_type":"article","og_title":"Casino D\u00e9p\u00f4t 5$ \ud83c\udf96\ufe0f Canada 2025","og_description":"Tous les casinos en ligne avec bonus de seulement 5$ au Canada en [year]. Bonus exclusif avec d\u00e9p\u00f4t de 5 $ sur Casino Rocket.","og_url":"https:\/\/www.bonus.ca\/fr\/casino-bonus\/depot-minimum\/casino-depot-5","article_published_time":"2025-03-27T11:08:14+00:00","article_modified_time":"2025-08-15T07:16:44+00:00","twitter_card":"summary_large_image","twitter_misc":{"Est. reading time":"7 minutes"},"schema":{"@context":"https:\/\/schema.org","@graph":[{"@type":"WebPage","@id":"https:\/\/www.bonus.ca\/fr\/casino-bonus\/depot-minimum\/casino-depot-5","url":"https:\/\/www.bonus.ca\/fr\/casino-bonus\/depot-minimum\/casino-depot-5","name":"Casino D\u00e9p\u00f4t 5$ \ud83c\udf96\ufe0f Canada 2025","isPartOf":{"@id":"https:\/\/www.bonus.ca\/fr\/#website"},"datePublished":"2025-03-27T11:08:14+00:00","dateModified":"2025-08-15T07:16:44+00:00","description":"Tous les casinos en ligne avec bonus de seulement 5$ au Canada en [year]. Bonus exclusif avec d\u00e9p\u00f4t de 5 $ sur Casino Rocket.","breadcrumb":{"@id":"https:\/\/www.bonus.ca\/fr\/casino-bonus\/depot-minimum\/casino-depot-5#breadcrumb"},"inLanguage":"en-US","potentialAction":[{"@type":"ReadAction","target":["https:\/\/www.bonus.ca\/fr\/casino-bonus\/depot-minimum\/casino-depot-5"]}]},{"@type":"BreadcrumbList","@id":"https:\/\/www.bonus.ca\/fr\/casino-bonus\/depot-minimum\/casino-depot-5#breadcrumb","itemListElement":[{"@type":"ListItem","position":1,"name":"Home","item":"https:\/\/www.bonus.ca\/fr\/"},{"@type":"ListItem","position":2,"name":"Bonus Casino","item":"https:\/\/www.bonus.ca\/fr\/casino-bonus"},{"@type":"ListItem","position":3,"name":"Casino D\u00e9p\u00f4t Minimum","item":"https:\/\/www.bonus.ca\/fr\/casino-bonus\/depot-minimum"},{"@type":"ListItem","position":4,"name":"Casino d\u00e9p\u00f4t 5$"}]},{"@type":"WebSite","@id":"https:\/\/www.bonus.ca\/fr\/#website","url":"https:\/\/www.bonus.ca\/fr\/","name":"BonusFinder Canada (Fran\u00e7ais)","description":"La source de bonus n\u00b0 1 au Canada","potentialAction":[{"@type":"SearchAction","target":{"@type":"EntryPoint","urlTemplate":"https:\/\/www.bonus.ca\/fr\/?s={search_term_string}"},"query-input":{"@type":"PropertyValueSpecification","valueRequired":true,"valueName":"search_term_string"}}],"inLanguage":"en-US"}]}},"_links":{"self":[{"href":"https:\/\/www.bonus.ca\/fr\/wp-json\/wp\/v2\/pages\/24140","targetHints":{"allow":["GET"]}}],"collection":[{"href":"https:\/\/www.bonus.ca\/fr\/wp-json\/wp\/v2\/pages"}],"about":[{"href":"https:\/\/www.bonus.ca\/fr\/wp-json\/wp\/v2\/types\/page"}],"author":[{"embeddable":true,"href":"https:\/\/www.bonus.ca\/fr\/wp-json\/wp\/v2\/users\/123"}],"replies":[{"embeddable":true,"href":"https:\/\/www.bonus.ca\/fr\/wp-json\/wp\/v2\/comments?post=24140"}],"version-history":[{"count":10,"href":"https:\/\/www.bonus.ca\/fr\/wp-json\/wp\/v2\/pages\/24140\/revisions"}],"predecessor-version":[{"id":25281,"href":"https:\/\/www.bonus.ca\/fr\/wp-json\/wp\/v2\/pages\/24140\/revisions\/25281"}],"up":[{"embeddable":true,"href":"https:\/\/www.bonus.ca\/fr\/wp-json\/wp\/v2\/pages\/10866"}],"wp:attachment":[{"href":"https:\/\/www.bonus.ca\/fr\/wp-json\/wp\/v2\/media?parent=24140"}],"curies":[{"name":"wp","href":"https:\/\/api.w.org\/{rel}","templated":true}]}}