{"id":24147,"date":"2025-03-27T11:41:48","date_gmt":"2025-03-27T11:41:48","guid":{"rendered":"https:\/\/www.bonus.ca\/fr\/?page_id=24147"},"modified":"2025-09-09T09:12:17","modified_gmt":"2025-09-09T09:12:17","slug":"casino-depot-2","status":"publish","type":"page","link":"https:\/\/www.bonus.ca\/fr\/casino-bonus\/depot-minimum\/casino-depot-2","title":{"rendered":"Casino d\u00e9p\u00f4t 2$"},"content":{"rendered":"<h2>Casinos en ligne avec d\u00e9p\u00f4t de 2 dollars<\/h2>\n<p>Trouver le meilleur casino \u00e0 d\u00e9p\u00f4t minimum de 2 $ demande un peu de recherche et de comparaison. Si vous recherchez des sites proposant une grande vari\u00e9t\u00e9 de jeux et des conditions de mise avantageuses sur les bonus de d\u00e9p\u00f4t, nous vous recommandons de consulter les plateformes ci-dessous.<\/p>\n<p>Voici nos meilleurs choix pour les joueurs souhaitant un casino \u00e0 d\u00e9p\u00f4t de 2 dollars en argent r\u00e9el.<\/p>\n<h3>Zodiac Casino<\/h3>\n<p><a href=\"https:\/\/www.bonus.ca\/fr\/zodiac-casino\">Zodiac Casino<\/a> est un casino tr\u00e8s populaire, r\u00e9compens\u00e9 \u00e0 plusieurs reprises, o\u00f9 vous pouvez commencer \u00e0 jouer avec seulement 2 $. Connu dans le monde entier, Zodiac propose plus de 500 jeux ainsi qu&#8217;un bonus de bienvenue sp\u00e9cial pour les nouveaux joueurs d\u00e8s leur premier d\u00e9p\u00f4t.<\/p>\n<p>[table_start]<br \/>\n[table_row column-1=&#8217;<strong>Catalogue de machines \u00e0 sous<\/strong>&#8216; column-2=&#8217;Bon&#8217;]<br \/>\n[table_row column-1=&#8217;<strong>Casino en direct<\/strong>&#8216; column-2=&#8217;Bon&#8217;]<br \/>\n[table_row column-1=&#8217;<strong>Design du site<\/strong>&#8216; column-2=&#8217;Excellent&#8217;]<br \/>\n[table_row column-1=&#8217;<strong>M\u00e9thodes de paiement<\/strong>&#8216; column-2=&#8217;Excellent&#8217;]<br \/>\n[table_row column-1=&#8217;<strong>Service client<\/strong>&#8216; column-2=&#8217;Excellent&#8217;]<br \/>\n[table_row column-1=&#8217;<strong>Bonus de bienvenue<\/strong>&#8216; column-2=&#8217;Excellent&#8217;]<br \/>\n[table_end]<\/p>\n<p><strong>Avantages et inconv\u00e9nients<\/strong><\/p>\n<ul>\n<li>De nombreux nouveaux jeux<\/li>\n<li>Offres de bonus r\u00e9guli\u00e8res pour les joueurs inscrits<\/li>\n<li>Tr\u00e8s bon choix de jeux de table<\/li>\n<li>D\u00e9lais de retrait parfois plus longs que chez d&#8217;autres op\u00e9rateurs<\/li>\n<li>Les bonus sans d\u00e9p\u00f4t sont rares<\/li>\n<\/ul>\n\n<h3>Lucky Nugget<\/h3>\n<p>Lucky Nugget accueille les joueurs depuis 1998. Membre du portefeuille Digimedia, ce casino propose un environnement s\u00e9curis\u00e9 avec plus de 400 jeux de casino propuls\u00e9s par le logiciel Microgaming Viper, garantissant une exp\u00e9rience de jeu exceptionnelle.<\/p>\n<p>[table_start]<br \/>\n[table_row column-1=&#8217;<strong>Catalogue de machines \u00e0 sous<\/strong>&#8216; column-2=&#8217;Excellent&#8217;]<br \/>\n[table_row column-1=&#8217;<strong>Casino en direct<\/strong>&#8216; column-2=&#8217;Bon&#8217;]<br \/>\n[table_row column-1=&#8217;<strong>Design du site<\/strong>&#8216; column-2=&#8217;Excellent&#8217;]<br \/>\n[table_row column-1=&#8217;<strong>M\u00e9thodes de paiement<\/strong>&#8216; column-2=&#8217;Bon&#8217;]<br \/>\n[table_row column-1=&#8217;<strong>Service client<\/strong>&#8216; column-2=&#8217;Mauvais&#8217;]<br \/>\n[table_row column-1=&#8217;<strong>Bonus de bienvenue<\/strong>&#8216; column-2=&#8217;Bon&#8217;]<br \/>\n[table_end]<\/p>\n<p><strong>Avantages et inconv\u00e9nients<\/strong><\/p>\n<ul>\n<li>Large biblioth\u00e8que de jeux<\/li>\n<li>Promotions continues pour dynamiser le jeu<\/li>\n<li>Bonne vari\u00e9t\u00e9 de jeux classiques et modernes<\/li>\n<li>Les retraits peuvent n\u00e9cessiter des v\u00e9rifications suppl\u00e9mentaires<\/li>\n<li>D\u00e9lais de r\u00e9ponse du support client variables<\/li>\n<\/ul>\n\n<h3>Ruby Fortune Casino<\/h3>\n<p><a href=\"https:\/\/www.bonus.ca\/fr\/ruby-fortune\">Ruby Fortune Casino<\/a> se d\u00e9marque non seulement comme un casino \u00e0 d\u00e9p\u00f4t de 2 $, mais aussi comme une plateforme dynamique proposant plus de 450 jeux, dont des machines \u00e0 sous, du blackjack, de la roulette, des jeux avec croupiers en direct, du vid\u00e9o poker, et bien plus. <\/p>\n<p>Les nouveaux joueurs peuvent b\u00e9n\u00e9ficier jusqu&#8217;\u00e0 750 $ de bonus r\u00e9partis sur les trois premiers d\u00e9p\u00f4ts.<\/p>\n<p>[table_start]<br \/>\n[table_row column-1=&#8217;<strong>Catalogue de machines \u00e0 sous<\/strong>&#8216; column-2=&#8217;Excellent&#8217;]<br \/>\n[table_row column-1=&#8217;<strong>Casino en direct<\/strong>&#8216; column-2=&#8217;Excellent&#8217;]<br \/>\n[table_row column-1=&#8217;<strong>Design du site<\/strong>&#8216; column-2=&#8217;Excellent&#8217;]<br \/>\n[table_row column-1=&#8217;<strong>M\u00e9thodes de paiement<\/strong>&#8216; column-2=&#8217;Excellent&#8217;]<br \/>\n[table_row column-1=&#8217;<strong>Service client<\/strong>&#8216; column-2=&#8217;Bon&#8217;]<br \/>\n[table_row column-1=&#8217;<strong>Bonus de bienvenue<\/strong>&#8216; column-2=&#8217;Excellent&#8217;]<br \/>\n[table_end]<\/p>\n<p><strong>Points forts et points faibles<\/strong><\/p>\n<ul>\n<li>Excellente exp\u00e9rience de jeu<\/li>\n<li>Bonus attractifs pour les joueurs r\u00e9guliers<\/li>\n<li>Bonne s\u00e9lection de jeux classiques et en direct<\/li>\n<li>Processus de v\u00e9rification parfois long<\/li>\n<li>Conditions des promotions parfois peu claires<\/li>\n<\/ul>\n\n<h3>Spin Casino<\/h3>\n<p>Spin Casino propose plus de 400 machines \u00e0 sous et jeux de haute qualit\u00e9, accompagn\u00e9s d&#8217;un bonus de bienvenue g\u00e9n\u00e9reux allant jusqu&#8217;\u00e0 1 000 $.<\/p>\n<p>[table_start]<br \/>\n[table_row column-1=&#8217;<strong>Catalogue de machines \u00e0 sous<\/strong>&#8216; column-2=&#8217;Excellent&#8217;]<br \/>\n[table_row column-1=&#8217;<strong>Casino en direct<\/strong>&#8216; column-2=&#8217;Mauvais&#8217;]<br \/>\n[table_row column-1=&#8217;<strong>Design du site<\/strong>&#8216; column-2=&#8217;Excellent&#8217;]<br \/>\n[table_row column-1=&#8217;<strong>M\u00e9thodes de paiement<\/strong>&#8216; column-2=&#8217;Bon&#8217;]<br \/>\n[table_row column-1=&#8217;<strong>Service client<\/strong>&#8216; column-2=&#8217;Excellent&#8217;]<br \/>\n[table_row column-1=&#8217;<strong>Bonus de bienvenue<\/strong>&#8216; column-2=&#8217;Bon&#8217;]<br \/>\n[table_end]<\/p>\n<p><strong>Avantages et inconv\u00e9nients<\/strong><\/p>\n<ul>\n<li>Mises \u00e0 jour fr\u00e9quentes des jeux en direct<\/li>\n<li>Programme de fid\u00e9lit\u00e9 avantageux<\/li>\n<li>Large s\u00e9lection de jeux de table et en direct<\/li>\n<li>D\u00e9p\u00f4t minimum requis pour \u00eatre \u00e9ligible aux bonus<\/li>\n<li>Certains retraits peuvent prendre jusqu&#8217;\u00e0 5 jours<\/li>\n<\/ul>\n\n<h3>Jackpot City<\/h3>\n<p><a href=\"https:\/\/www.bonus.ca\/fr\/jackpot-city\">Jackpot City Casino<\/a> impressionne les nouveaux joueurs avec un bonus allant jusqu&#8217;\u00e0 1 600 $, r\u00e9parti sur les quatre premiers d\u00e9p\u00f4ts. En plus de cette offre, le casino propose une large gamme de machines \u00e0 sous vid\u00e9o et plusieurs jackpots progressifs \u00e0 plusieurs millions. <\/p>\n<p>Il se distingue aussi par son application mobile de qualit\u00e9 et la possibilit\u00e9 d&#8217;accepter des d\u00e9p\u00f4ts d\u00e8s 1 $, ce qui en fait une option compl\u00e8te pour tous types de joueurs.<\/p>\n<p>[table_start]<br \/>\n[table_row column-1=&#8217;<strong>Catalogue de machines \u00e0 sous<\/strong>&#8216; column-2=&#8217;Excellent&#8217;]<br \/>\n[table_row column-1=&#8217;<strong>Casino en direct<\/strong>&#8216; column-2=&#8217;Bon&#8217;]<br \/>\n[table_row column-1=&#8217;<strong>Design du site<\/strong>&#8216; column-2=&#8217;Excellent&#8217;]<br \/>\n[table_row column-1=&#8217;<strong>M\u00e9thodes de paiement<\/strong>&#8216; column-2=&#8217;Excellent&#8217;]<br \/>\n[table_row column-1=&#8217;<strong>Service client<\/strong>&#8216; column-2=&#8217;Bon&#8217;]<br \/>\n[table_row column-1=&#8217;<strong>Bonus de bienvenue<\/strong>&#8216; column-2=&#8217;Bon&#8217;]<br \/>\n[table_end]<\/p>\n<p><strong>Avantages et inconv\u00e9nients<\/strong><\/p>\n<ul>\n<li>Marque reconnue mondialement<\/li>\n<li>Offres int\u00e9ressantes pour les joueurs fid\u00e8les<\/li>\n<li>Nombreuses variantes de jeux avec croupiers en direct<\/li>\n<li>Montants de d\u00e9p\u00f4t minimum parfois \u00e9lev\u00e9s<\/li>\n<li>La v\u00e9rification du compte peut retarder le premier retrait<\/li>\n<\/ul>\n\n<h2>Sites de casinos avec d\u00e9p\u00f4t de 2 dollars au Canada<\/h2>\n<p>Le <a href=\"https:\/\/www.bonus.ca\/fr\/\">meilleur site de casino en ligne<\/a> avec <strong>d\u00e9p\u00f4t de 2 $<\/strong> au Canada se distinguent par un bon \u00e9quilibre entre bonus, large s\u00e9lection de jeux et options de paiement rapides.<\/p>\n<p>Tous nos casinos \u00e0 <a href=\"https:\/\/www.bonus.ca\/fr\/casino-bonus\/depot-minimum\">d\u00e9p\u00f4t minimum<\/a> recommand\u00e9s disposent d&#8217;une licence internationale et sont soumis \u00e0 une r\u00e9glementation stricte, garantissant un environnement de jeu s\u00fbr et \u00e9quitable.<\/p>\n<p>Bien que ce ne soit pas le montant de d\u00e9p\u00f4t minimum le plus courant, il existe quelques options int\u00e9ressantes pour les joueurs canadiens \u00e0 la recherche de casinos en argent r\u00e9el avec d\u00e9p\u00f4t minimum de 2 $.<\/p>\n<h3>Effectuer un d\u00e9p\u00f4t dans un casino \u00e0 2 dollars<\/h3>\n<p>Faire un d\u00e9p\u00f4t sur un casino en ligne avec d\u00e9p\u00f4t de 2 $ est simple. Vous pouvez choisir parmi plusieurs m\u00e9thodes de paiement en argent r\u00e9el, comme les portefeuilles \u00e9lectroniques, les cartes de cr\u00e9dit\/d\u00e9bit et les virements bancaires. <\/p>\n<p>Le processus implique de cr\u00e9er un compte, s\u00e9lectionner votre m\u00e9thode de paiement pr\u00e9f\u00e9r\u00e9e et effectuer le d\u00e9p\u00f4t minimum requis. Les transactions sont g\u00e9n\u00e9ralement instantan\u00e9es, vous permettant de jouer \u00e0 vos machines \u00e0 sous pr\u00e9f\u00e9r\u00e9es imm\u00e9diatement.<\/p>\n<h2>Avantages et inconv\u00e9nients des casinos en ligne \u00e0 d\u00e9p\u00f4t de 2 $<\/h2>\n<ul>\n<li><strong>Faible risque :<\/strong> Les joueurs peuvent s&#8217;amuser sans risquer de grosses sommes.<\/li>\n<li><strong>Accessibilit\u00e9 :<\/strong> Id\u00e9al pour les d\u00e9butants ou les petits budgets.<\/li>\n<li><strong>Bonus et promotions :<\/strong> De nombreux casinos \u00e0 d\u00e9p\u00f4t de 2 $ proposent des bonus, m\u00eame avec un faible montant.<\/li>\n<li><strong>Bonus limit\u00e9s :<\/strong> Certains bonus n\u00e9cessitent un d\u00e9p\u00f4t plus \u00e9lev\u00e9 pour \u00eatre activ\u00e9s.<\/li>\n<li><strong>Restrictions sur les jeux :<\/strong> Tous les jeux ne sont pas toujours accessibles avec un petit d\u00e9p\u00f4t initial.<\/li>\n<\/ul>\n<div class=\"bonusfinder-tip card-fancy margin-vertical-medium\">\n\t<div class=\"title\">\n\t\t<div class=\"tip-icon\">\n\t\t\t<img decoding=\"async\" src=\"https:\/\/mediafr.bonus.ca\/images\/bf-icon_tip-emblem.svg\" height=\"36\" width=\"36\" class=\"icon-xlarge\" loading=\"lazy\" alt=\"editor tip icon\" srcset=\"https:\/\/mediafr.bonus.ca\/images\/bf-icon_tip-emblem.svg 1x, https:\/\/mediafr.bonus.ca\/images\/bf-icon_tip-emblem.svg 2x\" \/>\n\t\t<\/div>\n\t\t<div>Conseil BonusFinder<\/div>\n\t<\/div>\n\t<div class=\"content\">Les joueurs peuvent s'attendre \u00e0 une interface conviviale, une large s\u00e9lection de jeux et un service client efficace. Les meilleurs casinos garantissent aussi un haut niveau de s\u00e9curit\u00e9 et d'\u00e9quit\u00e9, avec des technologies de chiffrement avanc\u00e9es pour prot\u00e9ger les donn\u00e9es et transactions.<\/div>\n<\/div>\n\n<h2>Comment s&#8217;inscrire sur un casino 2$ ?<\/h2>\n<p>S&#8217;inscrire sur un casino avec d\u00e9p\u00f4t de 2 $ est un processus simple comme celui des <a href=\"https:\/\/www.bonus.ca\/fr\/casino-bonus\/depot-minimum\/casino-depot-5\">casinos 5$<\/a> que vous pouvez suivre facilement. La proc\u00e9dure est similaire \u00e0 celle de la plupart des sites de casino en ligne. Voici les \u00e9tapes typiques :<\/p>\n<ol>\n<li><b>Choisir le bon casino :<\/b> Faites vos recherches et s\u00e9lectionnez un casino \u00e0 d\u00e9p\u00f4t de 2 $ qui correspond \u00e0 vos pr\u00e9f\u00e9rences. Par exemple, en tenant compte du catalogue de jeux, des bonus et des avis d&#8217;experts comme les n\u00f4tres.<\/li>\n<li><b>Visiter le site du casino :<\/b> Rendez-vous sur le site officiel du casino choisi.<\/li>\n<li><b>Trouver le bouton d&#8217;inscription :<\/b> G\u00e9n\u00e9ralement situ\u00e9 dans le menu d\u00e9roulant de la page d&#8217;accueil. Cliquez dessus pour commencer l&#8217;inscription.<\/li>\n<li><b>Remplir le formulaire d&#8217;inscription :<\/b> Renseignez toutes les informations demand\u00e9es, comme votre nom, adresse e-mail, date de naissance, et toute autre donn\u00e9e exig\u00e9e par le casino.<\/li>\n<li><b>Cr\u00e9er un nom d&#8217;utilisateur et un mot de passe :<\/b> Vous en aurez besoin pour acc\u00e9der \u00e0 votre compte ult\u00e9rieurement.<\/li>\n<li><b>Accepter les conditions g\u00e9n\u00e9rales :<\/b> Lisez les conditions du casino avant de les accepter.<\/li>\n<li><b>V\u00e9rifier votre compte :<\/b> Certains casinos peuvent exiger une v\u00e9rification par e-mail ou via l&#8217;envoi de documents d&#8217;identit\u00e9.<\/li>\n<li><b>Effectuer votre premier d\u00e9p\u00f4t :<\/b> Allez dans la section caisse, choisissez votre m\u00e9thode de paiement et d\u00e9posez le montant minimum.<\/li>\n<li><b>Commencer \u00e0 jouer :<\/b> Une fois votre compte activ\u00e9 et cr\u00e9dit\u00e9, vous \u00eates pr\u00eat \u00e0 jouer.<\/li>\n<\/ol>\n<h2>Meilleures m\u00e9thodes de paiement pour 2 $<\/h2>\n<p>Les m\u00e9thodes bancaires les plus fiables dans les casinos \u00e0 d\u00e9p\u00f4t de 2 $ garantissent des d\u00e9p\u00f4ts et retraits s\u00e9curis\u00e9s et rapides.<\/p>\n<p>Les portefeuilles \u00e9lectroniques sont tr\u00e8s populaires en raison de leurs faibles frais et de leur rapidit\u00e9, tandis que les cartes bancaires offrent une acceptation plus large.<\/p>\n<ul>\n<li><strong>Portefeuilles \u00e9lectroniques :<\/strong> Appr\u00e9ci\u00e9s pour leur rapidit\u00e9 et leurs faibles frais.<\/li>\n<li><strong>Cartes de cr\u00e9dit\/d\u00e9bit :<\/strong> Accessibles \u00e0 la majorit\u00e9 des joueurs, avec des d\u00e9p\u00f4ts instantan\u00e9s. Qu&#8217;importe le montant de celui, un <a href=\"https:\/\/www.bonus.ca\/fr\/casino-bonus\/depot-minimum\/casino-depot-10\">d\u00e9p\u00f4t minimum 10$<\/a> ou plus, la fiabilit\u00e9 est toujours au rendez-vous.<\/li>\n<li><strong>Paiements mobiles :<\/strong> Pratiques si vous pr\u00e9f\u00e9rez utiliser votre t\u00e9l\u00e9phone pour effectuer des transactions.<\/li>\n<\/ul>\n<h3>Retirer ses gains dans un casino \u00e0 d\u00e9p\u00f4t de 2 $<\/h3>\n<p>Retirer vos gains issus d&#8217;un bonus dans un casino \u00e0 d\u00e9p\u00f4t de 2 $ fonctionne comme sur les autres casinos en ligne. La diff\u00e9rence est que vous pouvez parfois retirer de plus petites sommes et commencer \u00e0 jouer avec un montant r\u00e9duit. <\/p>\n<p>Comme pour un <a href=\"https:\/\/www.bonus.ca\/fr\/casino-bonus\/depot-minimum\/casino-depot-20\">d\u00e9p\u00f4t casino 20$<\/a> par exemple, c&#8217;est important de v\u00e9rifier que votre compte est bien valid\u00e9, et de bien conna\u00eetre les r\u00e8gles de retrait du casino. Cela inclut les d\u00e9lais de traitement et les \u00e9ventuels frais. <\/p>\n<p>La plupart des casinos proposent plusieurs options de retrait, vous permettant d&#8217;acc\u00e9der rapidement \u00e0 vos gains.<\/p>\n<h2>Meilleurs jeux de casino pour 2 $<\/h2>\n<p>Jouer dans un casino \u00e0 2 $ ne diff\u00e8re pas tellement de l&#8217;exp\u00e9rience dans un casino classique. La principale diff\u00e9rence : avec seulement 2 dollars, certains jeux ne seront pas accessibles. <\/p>\n<p>Par exemple, de nombreux jeux avec croupiers en direct exigent un d\u00e9p\u00f4t minimum de 5 $. C&#8217;est pourquoi, dans un casino en ligne \u00e0 d\u00e9p\u00f4t de 2 $, les machines \u00e0 sous restent votre meilleure option.<\/p>\n<p>Lorsque vous jouez avec 2 $, privil\u00e9giez les jeux qui acceptent de petites mises. Si un jeu vous intrigue, vous pouvez l&#8217;ouvrir sans miser afin de v\u00e9rifier la mise minimale autoris\u00e9e. <\/p>\n<p>Vous pourrez alors choisir de faire tourner les rouleaux ou de passer \u00e0 un autre jeu.<\/p>\n<p>Comme la plupart des casinos \u00e0 d\u00e9p\u00f4t minimum de 2 $ font partie des marques <a href=\"https:\/\/www.bonus.ca\/fr\/casino-bonus\/rewards\">Casino Rewards<\/a> bas\u00e9es sur Microgaming, voici un aper\u00e7u de ce que propose ce fournisseur :<\/p>\n<h3>Microgaming<\/h3>\n<p>Microgaming est reconnu pour son innovation. Le studio ajoute r\u00e9guli\u00e8rement de nouvelles fonctionnalit\u00e9s \u00e0 ses jeux, comme la r\u00e9alit\u00e9 virtuelle et des bonus avanc\u00e9s. <\/p>\n<p>Parmi ses titres les plus embl\u00e9matiques : <strong>Mega Moolah<\/strong>, c\u00e9l\u00e8bre pour ses jackpots progressifs, ainsi que des jeux sous licence comme Jurassic World et Game of Thrones.<\/p>\n<p>Notez que la plupart des offres de bonus sont li\u00e9es \u00e0 des jeux sp\u00e9cifiques. Cela signifie que si vous jouez avec des fonds bonus, vous devrez les utiliser sur le ou les jeux impos\u00e9s par le casino. <\/p>\n<p>En revanche, si vous jouez avec votre propre argent ou un bonus sans restriction, vous pouvez jouer librement aux jeux Microgaming de votre choix.<\/p>\n<h3>Autres fournisseurs de logiciels recommand\u00e9s au Canada<\/h3>\n<p>Il existe des dizaines, voire des centaines, de d\u00e9veloppeurs de jeux disponibles. Chacun propose des caract\u00e9ristiques et des th\u00e8mes uniques, donc le plus simple est de parcourir les jeux d&#8217;un casino pour trouver ce qui vous pla\u00eet.<\/p>\n<p>En plus de Microgaming, d&#8217;autres grands noms du secteur sont tr\u00e8s populaires au Canada, notamment NetEntet Playtech. Ces d\u00e9veloppeurs proposent des jeux de qualit\u00e9, parfaits m\u00eame avec un petit d\u00e9p\u00f4t de 2 $.<\/p>\n<p>Voici un aper\u00e7u rapide :<\/p>\n<h4>NetEnt<\/h4>\n<ul>\n<li>Le catalogue de NetEnt est plus restreint que celui de Microgaming, mais se concentre sur la qualit\u00e9, avec plus de 200 jeux aux graphismes et fonctionnalit\u00e9s innovants.<\/li>\n<li>Des titres comme Starburst, Gonzo&#8217;s Quest et Dead or Alive sont des favoris des joueurs, r\u00e9put\u00e9s pour leur jouabilit\u00e9 captivante et leur design immersif.<\/li>\n<li>L&#8217;entreprise est pionni\u00e8re dans le jeu mobile et les exp\u00e9riences de casino en direct, avec certains des jeux live les plus avanc\u00e9s du march\u00e9.<\/li>\n<\/ul>\n<h4>Playtech<\/h4>\n<ul>\n<li>Fond\u00e9 en 1999, Playtech est devenu l&#8217;un des plus grands fournisseurs de logiciels de jeu au monde.<\/li>\n<li>Playtech est c\u00e9l\u00e8bre pour ses machines \u00e0 sous bas\u00e9es sur les personnages de DC Comics, comme Superman, The Dark Knight* et Justice League.<\/li>\n<li>Pr\u00e9curseur en mati\u00e8re de technologie, Playtech a introduit le concept de jeu omnicanal, permettant aux joueurs d&#8217;utiliser un seul compte sur plusieurs plateformes.<\/li>\n<\/ul>\n<h2>Conclusion<\/h2>\n<p>Un casino avec d\u00e9p\u00f4t minimum de 2 $ peut \u00eatre une <strong>excellente porte d&#8217;entr\u00e9e dans l&#8217;univers des casinos en ligne<\/strong>. Cela peut \u00eatre particuli\u00e8rement int\u00e9ressant si vous d\u00e9butez.<\/p>\n<p>M\u00eame si ces casinos ont quelques limites  comme des conditions de mise plus \u00e9lev\u00e9es, l&#8217;acc\u00e8s restreint \u00e0 certains jeux ou \u00e0 certains bonus, leurs avantages sont souvent plus importants. La possibilit\u00e9 d&#8217;explorer diff\u00e9rents jeux et de gagner de l&#8217;argent r\u00e9el sans trop d\u00e9penser est un atout non n\u00e9gligeable.<\/p>\n<div class=\"bonusfinder-tip card-fancy margin-vertical-medium\">\n\t<div class=\"title\">\n\t\t<div class=\"tip-icon\">\n\t\t\t<img decoding=\"async\" src=\"https:\/\/mediafr.bonus.ca\/images\/bf-icon_tip-emblem.svg\" height=\"36\" width=\"36\" class=\"icon-xlarge\" loading=\"lazy\" alt=\"editor tip icon\" srcset=\"https:\/\/mediafr.bonus.ca\/images\/bf-icon_tip-emblem.svg 1x, https:\/\/mediafr.bonus.ca\/images\/bf-icon_tip-emblem.svg 2x\" \/>\n\t\t<\/div>\n\t\t<div>Conseil BonusFinder<\/div>\n\t<\/div>\n\t<div class=\"content\">Si vous cherchez \u00e0 jouer sans risquer beaucoup d'argent mais que vous souhaitez tout de m\u00eame vous amuser, les casinos \u00e0 2 $ sont faits pour vous.<\/div>\n<\/div>\n\n","protected":false},"excerpt":{"rendered":"<p>Casinos en ligne avec d\u00e9p\u00f4t de 2 dollars Trouver le meilleur casino \u00e0 d\u00e9p\u00f4t minimum de 2 $ demande un peu de recherche et de comparaison. Si vous recherchez des sites proposant une grande vari\u00e9t\u00e9 de jeux et des conditions de mise avantageuses sur les bonus de d\u00e9p\u00f4t, nous vous recommandons de consulter les plateformes [&hellip;]<\/p>\n","protected":false},"author":123,"featured_media":0,"parent":10866,"menu_order":0,"comment_status":"closed","ping_status":"closed","template":"","meta":{"inline_featured_image":false,"_glsr_average":0,"_glsr_ranking":0,"_glsr_reviews":0,"footnotes":""},"class_list":["post-24147","page","type-page","status-publish","hentry"],"yoast_head":"<!-- This site is optimized with the Yoast SEO plugin v27.5 - https:\/\/yoast.com\/product\/yoast-seo-wordpress\/ -->\n<title>Casinos avec Depot 2$ en [year]<\/title>\n<meta name=\"description\" content=\"Trouvez les meilleurs casinos avec d\u00e9p\u00f4t minimum de 2 $ au Canada et obtenez jusqu\u2019\u00e0 160 tours gratuits avec seulement 2 dollars.\" \/>\n<meta name=\"robots\" content=\"index, follow, max-snippet:-1, max-image-preview:large, max-video-preview:-1\" \/>\n<link rel=\"canonical\" href=\"https:\/\/www.bonus.ca\/fr\/casino-bonus\/depot-minimum\/casino-depot-2\" \/>\n<meta property=\"og:type\" content=\"article\" \/>\n<meta property=\"og:title\" content=\"Casinos avec Depot 2$ en [year]\" \/>\n<meta property=\"og:description\" content=\"Trouvez les meilleurs casinos avec d\u00e9p\u00f4t minimum de 2 $ au Canada et obtenez jusqu\u2019\u00e0 160 tours gratuits avec seulement 2 dollars.\" \/>\n<meta property=\"og:url\" content=\"https:\/\/www.bonus.ca\/fr\/casino-bonus\/depot-minimum\/casino-depot-2\" \/>\n<meta property=\"article:published_time\" content=\"2025-03-27T11:41:48+00:00\" \/>\n<meta property=\"article:modified_time\" content=\"2025-09-09T09:12:17+00:00\" \/>\n<meta name=\"twitter:card\" content=\"summary_large_image\" \/>\n<meta name=\"twitter:label1\" content=\"Est. reading time\" \/>\n\t<meta name=\"twitter:data1\" content=\"10 minutes\" \/>\n<!-- \/ Yoast SEO plugin. -->","yoast_head_json":{"title":"Casinos avec Depot 2$ en [year]","description":"Trouvez les meilleurs casinos avec d\u00e9p\u00f4t minimum de 2 $ au Canada et obtenez jusqu\u2019\u00e0 160 tours gratuits avec seulement 2 dollars.","robots":{"index":"index","follow":"follow","max-snippet":"max-snippet:-1","max-image-preview":"max-image-preview:large","max-video-preview":"max-video-preview:-1"},"canonical":"https:\/\/www.bonus.ca\/fr\/casino-bonus\/depot-minimum\/casino-depot-2","og_type":"article","og_title":"Casinos avec Depot 2$ en [year]","og_description":"Trouvez les meilleurs casinos avec d\u00e9p\u00f4t minimum de 2 $ au Canada et obtenez jusqu\u2019\u00e0 160 tours gratuits avec seulement 2 dollars.","og_url":"https:\/\/www.bonus.ca\/fr\/casino-bonus\/depot-minimum\/casino-depot-2","article_published_time":"2025-03-27T11:41:48+00:00","article_modified_time":"2025-09-09T09:12:17+00:00","twitter_card":"summary_large_image","twitter_misc":{"Est. reading time":"10 minutes"},"schema":{"@context":"https:\/\/schema.org","@graph":[{"@type":"WebPage","@id":"https:\/\/www.bonus.ca\/fr\/casino-bonus\/depot-minimum\/casino-depot-2","url":"https:\/\/www.bonus.ca\/fr\/casino-bonus\/depot-minimum\/casino-depot-2","name":"Casinos avec Depot 2$ en [year]","isPartOf":{"@id":"\/#website"},"datePublished":"2025-03-27T11:41:48+00:00","dateModified":"2025-09-09T09:12:17+00:00","description":"Trouvez les meilleurs casinos avec d\u00e9p\u00f4t minimum de 2 $ au Canada et obtenez jusqu\u2019\u00e0 160 tours gratuits avec seulement 2 dollars.","breadcrumb":{"@id":"https:\/\/www.bonus.ca\/fr\/casino-bonus\/depot-minimum\/casino-depot-2#breadcrumb"},"inLanguage":"en-US","potentialAction":[{"@type":"ReadAction","target":["https:\/\/www.bonus.ca\/fr\/casino-bonus\/depot-minimum\/casino-depot-2"]}]},{"@type":"BreadcrumbList","@id":"https:\/\/www.bonus.ca\/fr\/casino-bonus\/depot-minimum\/casino-depot-2#breadcrumb","itemListElement":[{"@type":"ListItem","position":1,"name":"Home","item":"https:\/\/www.bonus.ca\/fr\/"},{"@type":"ListItem","position":2,"name":"Bonus Casino","item":"https:\/\/www.bonus.ca\/fr\/casino-bonus"},{"@type":"ListItem","position":3,"name":"Casino D\u00e9p\u00f4t Minimum","item":"https:\/\/www.bonus.ca\/fr\/casino-bonus\/depot-minimum"},{"@type":"ListItem","position":4,"name":"Casino d\u00e9p\u00f4t 2$"}]},{"@type":"WebSite","@id":"\/#website","url":"\/","name":"BonusFinder Canada (Fran\u00e7ais)","description":"La source de bonus n\u00b0 1 au Canada","potentialAction":[{"@type":"SearchAction","target":{"@type":"EntryPoint","urlTemplate":"\/?s={search_term_string}"},"query-input":{"@type":"PropertyValueSpecification","valueRequired":true,"valueName":"search_term_string"}}],"inLanguage":"en-US"}]}},"_links":{"self":[{"href":"https:\/\/www.bonus.ca\/fr\/wp-json\/wp\/v2\/pages\/24147","targetHints":{"allow":["GET"]}}],"collection":[{"href":"https:\/\/www.bonus.ca\/fr\/wp-json\/wp\/v2\/pages"}],"about":[{"href":"https:\/\/www.bonus.ca\/fr\/wp-json\/wp\/v2\/types\/page"}],"author":[{"embeddable":true,"href":"https:\/\/www.bonus.ca\/fr\/wp-json\/wp\/v2\/users\/123"}],"replies":[{"embeddable":true,"href":"https:\/\/www.bonus.ca\/fr\/wp-json\/wp\/v2\/comments?post=24147"}],"version-history":[{"count":10,"href":"https:\/\/www.bonus.ca\/fr\/wp-json\/wp\/v2\/pages\/24147\/revisions"}],"predecessor-version":[{"id":25279,"href":"https:\/\/www.bonus.ca\/fr\/wp-json\/wp\/v2\/pages\/24147\/revisions\/25279"}],"up":[{"embeddable":true,"href":"https:\/\/www.bonus.ca\/fr\/wp-json\/wp\/v2\/pages\/10866"}],"wp:attachment":[{"href":"https:\/\/www.bonus.ca\/fr\/wp-json\/wp\/v2\/media?parent=24147"}],"curies":[{"name":"wp","href":"https:\/\/api.w.org\/{rel}","templated":true}]}}