{"id":24198,"date":"2025-04-02T13:15:14","date_gmt":"2025-04-02T13:15:14","guid":{"rendered":"https:\/\/www.bonus.ca\/fr\/?page_id=24198"},"modified":"2026-04-02T12:53:30","modified_gmt":"2026-04-02T12:53:30","slug":"galactic-wins-casino","status":"publish","type":"page","link":"https:\/\/www.bonus.ca\/fr\/galactic-wins-casino","title":{"rendered":"Galactic Wins Casino"},"content":{"rendered":"<h2>Avis d&#8217;expert sur Galactic Wins Casino<\/h2>\n<p>Galactic Wins Casino fait partie des <a href=\"https:\/\/www.bonus.ca\/fr\/casino-bonus\/sans-depot\">casinos avec bonus sans d\u00e9p\u00f4t<\/a> les plus int\u00e9ressants lanc\u00e9s au Canada ces derni\u00e8res ann\u00e9es gr\u00e2ce \u00e0 ses 5$ offerts. Voici ce que nous aimons et ce que nous aimons moins \u00e0 propos de Galactic Wins Casino.<\/p>\n<h2>Bonus de bienvenue<\/h2>\n<p>Les nouveaux joueurs de 18 ans et plus peuvent obtenir un <strong>bonus sans d\u00e9p\u00f4t de 5 $<\/strong> simplement en s&#8217;inscrivant.<\/p>\n<p>Mais ce n&#8217;est pas tout, le <a href=\"https:\/\/www.bonus.ca\/fr\/casino-bonus\">bonus de bienvenue<\/a> donne aussi acc\u00e8s \u00e0 <strong>1 500 $ CA<\/strong>. Lors de votre premier d\u00e9p\u00f4t, vous recevez en plus <strong>180 tours gratuits<\/strong>. Un d\u00e9p\u00f4t minimum de 20 $ CA est requis. <\/p>\n<p>Ce bonus \u00e0 une exigence de mise de x40 pour le bonus en dollars canadiens et x25 pour les tours gratuits. V\u00e9rifiez tous les d\u00e9tails de ces conditions directement sur le site du casino.<\/p>\n<ul>\n<li>Bonus sans d\u00e9p\u00f4t : 5 $ CA<\/li>\n<li>Bonus 1er d\u00e9p\u00f4t : 100 % jusqu&#8217;\u00e0 1 500 $<\/li>\n<li>D\u00e9p\u00f4t minimum : 20 $ CA<\/li>\n<li>Conditions de mise : 25x \u00e0 40x<\/li>\n<\/ul>\n<p><img loading=\"lazy\" decoding=\"async\" src=\"https:\/\/www.bonus.ca\/fr\/images\/Galactic-Wins-bonus.png\" alt=\"5$ bonus sans d\u00e9p\u00f4t Galactic Wins\" width=\"1536\" height=\"920\" class=\"alignnone size-full wp-image-24202\" srcset=\"https:\/\/mediafr.bonus.ca\/images\/Galactic-Wins-bonus.png 1536w, https:\/\/mediafr.bonus.ca\/images\/Galactic-Wins-bonus-300x180.png 300w, https:\/\/mediafr.bonus.ca\/images\/Galactic-Wins-bonus-1024x613.png 1024w, https:\/\/mediafr.bonus.ca\/images\/Galactic-Wins-bonus-1048x628.png 1048w\" sizes=\"auto, (max-width: 1536px) 100vw, 1536px\" \/><\/p>\n<h3>Conditions de mise<\/h3>\n<p>Chez Galactic Wins, le bonus de d\u00e9p\u00f4t est soumis \u00e0 une exigence de mise de 40x, \u00e0 la fois sur le bonus et le d\u00e9p\u00f4t. C&#8217;est dans la moyenne haute des bonus de casino au Canada. Il faut miser 40 fois le d\u00e9p\u00f4t et 40 fois le bonus avant de pouvoir retirer. Le retrait maximum pour les bonus est de 5 000 $. <\/p>\n<p>J&#8217;ai utilis\u00e9 un bonus de 200 $, mais je n&#8217;ai pas pu le retirer \u00e0 cause de cette r\u00e8gle.<\/p>\n<p>Les tours gratuits sont soumis \u00e0 une <strong>mise de 25x<\/strong>. Ils doivent \u00eatre mis\u00e9s avant retrait. Notez que les bonus et les <a href=\"https:\/\/www.bonus.ca\/fr\/machines-a-sous-gratuites\">tours gratuits casino<\/a> comportent plusieurs conditions. <\/p>\n<p>Tant que les exigences ne sont pas remplies, vous devez suivre ces r\u00e8gles :<\/p>\n<ul>\n<li>Ne pas miser avec des marges nulles, \u00e9gales ou faibles<\/li>\n<li>Ne pas miser sur des jeux autres que les machines \u00e0 sous<\/li>\n<li>Ne pas miser plus de 5 $ par tour ou 10 % du bonus sur une machine \u00e0 sous<\/li>\n<li>Ne pas jouer aux jeux suivants : jackpots, jeux de table, roulette, poker, blackjack, baccarat, et jeux en direct<\/li>\n<\/ul>\n<h2>D\u00e9p\u00f4t et retrait<\/h2>\n<p>[table_start]<br \/>\n[table_row column-1=&#8217;<strong>M\u00e9thodes de d\u00e9p\u00f4t et de retrait<\/strong>&#8216; column-2=&#8217;PIX, Skrill, Trusty, Neteller, ecoPayz, Jeton, Neosurf, flexepin, AstroPay, help2pay, BancoEstado, webpay.cl, Paytrail, CashtoCode, OXXO, SPEI, Interac&#8217;]<br \/>\n[table_row column-1=&#8217;<strong>M\u00e9thodes de d\u00e9p\u00f4t uniquement<\/strong>&#8216; column-2=&#8217;Visa, Mastercard, JCB, Paysafecard&#8217;]<br \/>\n[table_end]<\/p>\n<h2>Casino mobile<\/h2>\n<p>Galactic Wins Casino ne propose pas d&#8217;application pour iOS ou Android. Le casino est <strong>accessible depuis la majorit\u00e9 des navigateurs<\/strong>, comme Safari ou Chrome. Vous pouvez jouer aux jeux en mode horizontal en tournant simplement l&#8217;\u00e9cran.<\/p>\n<p>J&#8217;ai test\u00e9 plus de 10 jeux par fournisseur sur Android. Certains jeux de table et de roulette sont difficiles \u00e0 utiliser sur un \u00e9cran de 6 pouces. <\/p>\n<p>En revanche, toutes les machines \u00e0 sous, y compris les Megaways, fonctionnent tr\u00e8s bien.<\/p>\n<h2>Programme de fid\u00e9lit\u00e9<\/h2>\n<p>Galactic Wins est tr\u00e8s g\u00e9n\u00e9reux avec ses joueurs gr\u00e2ce \u00e0 des promotions et r\u00e9compenses tout au long de l&#8217;ann\u00e9e. En devenant client VIP, vous profitez d&#8217;avantages &#8221; cosmiques &#8221; exclusifs.<\/p>\n<p>Parmi les avantages VIP :<\/p>\n<ul>\n<li>Gestionnaire VIP d\u00e9di\u00e9<\/li>\n<li>Retraits plus rapides<\/li>\n<li>Points de fid\u00e9lit\u00e9 doubl\u00e9s et taux de conversion am\u00e9lior\u00e9s<\/li>\n<li>Cadeaux de bienvenue<\/li>\n<li>Bonus et cadeaux d&#8217;anniversaire<\/li>\n<li>Jeux gratuits chaque semaine<\/li>\n<li>Cashback et cadeaux mensuels<\/li>\n<li>Spins en cash avec retraits possibles<\/li>\n<\/ul>\n<h2>Support client<\/h2>\n<p>Vous pouvez contacter le support Galactic Wins Casino de trois mani\u00e8res : <strong>email, chat en direct et t\u00e9l\u00e9phone<\/strong>. Une FAQ est \u00e9galement disponible, avec plus de 50 r\u00e9ponses aux questions fr\u00e9quentes pour r\u00e9soudre vos soucis rapidement. <\/p>\n<p>Bien que le site soit disponible en fran\u00e7ais, le service client lui, n&#8217;est disponibile qu&#8217;en anglais natif. Le fran\u00e7ais est g\u00e9r\u00e9 par intelligence artificielle.<\/p>\n<ul>\n<li>Email : support@galacticwins.com<\/li>\n<li>T\u00e9l\u00e9phone : +35620341626<\/li>\n<li>Chat en direct : En bas \u00e0 droite du site<\/li>\n<\/ul>\n<p>Je n&#8217;aime pas que le chat en direct soit ouvert uniquement de 10 h \u00e0 23 h.<\/p>\n<h2>S\u00e9curit\u00e9 et \u00e9quit\u00e9<\/h2>\n<p>Galactic Wins Casino est licenci\u00e9 par la <strong>Malta Gaming Authority<\/strong> (MGA), garantissant un environnement de jeu s\u00fbr et fiable. Si vous recherchez d&#8217;autres casinos autoris\u00e9s, jetez un \u0153il aux meilleurs casinos en ligne au Canada.<\/p>\n<p>Toutes les donn\u00e9es personnelles et financi\u00e8res sont prot\u00e9g\u00e9es gr\u00e2ce \u00e0 un cryptage SSL 128 bits. Ce casino est \u00e9galement conforme aux normes PCI.<\/p>\n<h3>Jeu responsable chez Galactic Wins Casino<\/h3>\n<p>Comme tout casino l\u00e9gal et fiable, Galactic Wins promeut le jeu responsable. Vous pouvez vous <strong>auto-exclure<\/strong> pour une dur\u00e9e allant de 6 jours \u00e0 5 ans. Pendant cette p\u00e9riode, vous ne pourrez pas vous connecter.<\/p>\n<p>Vous pouvez aussi fixer des limites journali\u00e8res, hebdomadaires et mensuelles sur les d\u00e9p\u00f4ts et pertes. <\/p>\n<p>Ces limites sont modifiables \u00e0 tout moment apr\u00e8s connexion. Plus d&#8217;infos sont disponibles dans la section &#8221; Jeu responsable &#8221; du site.<\/p>\n<h2>Jeux disponibles<\/h2>\n<p>Galactic Wins propose un large catalogue de jeux. Plus de 3100 titres issus de 47 fournisseurs (mise \u00e0 jour : Avril 2026). Environ 90 % sont des machines \u00e0 sous. Le reste inclut des jeux de table, du vid\u00e9o poker, des cartes \u00e0 gratter et plus de 100 jeux de casino en direct.<\/p>\n<h3>Machines \u00e0 sous en ligne<\/h3>\n<p>Les meilleurs fournisseurs sont pr\u00e9sents, comme Pragmatic Play, Games Global ou NetEnt. Pour tenter de gros gains, <a href=\"https:\/\/www.bonus.ca\/fr\/machines-a-sous-gratuites\/mega-moolah\">jouez \u00e0 Moolah Moolah<\/a>. Pour d\u00e9buter, optez pour des machines \u00e0 faible volatilit\u00e9 comme Magic Stars 3 ou Wacky Panda.<\/p>\n<h3>Top 3 des machines \u00e0 sous chez Galactic Wins<\/h3>\n<p>Chaque ann\u00e9e, Galactic Wins \u00e9lit la &#8220;machine \u00e0 sous de l&#8217;ann\u00e9e&#8221;. Voici trois machines parmi les gagnantes pass\u00e9es :<\/p>\n<h3>1. Big Bass Splash par Pragmatic Play<\/h3>\n<p>Big Bass Splash offre des sensations similaires \u00e0 une vraie p\u00eache. Les graphismes aquatiques sont superbes.<\/p>\n<p>Le symbole scatter est un poisson accroch\u00e9, d\u00e9clenchant les Free Spins avec <strong>gains jusqu&#8217;\u00e0 5 000x la mise<\/strong>. Attendez-vous \u00e0 des multiplicateurs croissants, niveaux, relances, symboles empil\u00e9s, etc. Un vrai concentr\u00e9 d&#8217;action.<\/p>\n<h3>2. Luxor Gold: Hold &#038; Win par Playson<\/h3>\n<p>Playson revisite ici la m\u00e9canique classique Hold and Win. 5 rouleaux, 3 rang\u00e9es, 25 lignes de paiement : une <strong>configuration traditionnelle<\/strong> mais efficace.<\/p>\n<p>Le style visuel est soign\u00e9 et la m\u00e9canique est enrichie par des jokers, des scatters et d&#8217;autres symboles bonus. Une base solide avec du potentiel.<\/p>\n<h3>3. Thunderstruck Stormchaser par Stormcraft Studios<\/h3>\n<p>Inspir\u00e9 du c\u00e9l\u00e8bre Thunderstruck de 2004, ce slot propose jusqu&#8217;\u00e0 10 000x votre mise par spin. Stormchaser est une suite appr\u00e9ci\u00e9e avec de nombreuses fonctionnalit\u00e9s : scatters, jokers, multiples combinaisons gagnantes.<\/p>\n<h3>Jeux exclusifs<\/h3>\n<p>Galactic Wins propose <strong>30 jeux exclusifs<\/strong> que vous ne trouverez nulle part ailleurs.<\/p>\n<p>Parmi eux, <strong>Galactic Wins: Space Fortune<\/strong>, une machine livr\u00e9e par Groove Studios, avec des visuels fun et de belles surprises. Partez pour un voyage intergalactique plein de gains.<\/p>\n<h3>Sports virtuels<\/h3>\n<p>Pas de paris sportifs, mais <strong>24 jeux de sports virtuels<\/strong> sont disponibles : Football Virtuel, Football Cup World, Fantastic League&#8230; Tennis, courses de chevaux, basketball sont aussi propos\u00e9s.<\/p>\n<h3>Jeux de casino en direct<\/h3>\n<p>Le casino en direct est la cat\u00e9gorie la plus chaude de l&#8217;ann\u00e9e 2026. Galactic Wins propose plus de 130 jeux live, du Blackjack Live \u00e0 la Roulette Live.<\/p>\n<p>Attention : il n&#8217;y a pas de jeux Evolution Gaming. Donc pas de Crazy Time ni de Monopoly Live. Une vraie d\u00e9ception pour les fans de live.<\/p>\n<h3>Jeux de table<\/h3>\n<p>Plus de <strong>110 jeux de table<\/strong> sont disponibles. Blackjack, Baccarat et Roulette sont au rendez-vous.<\/p>\n<p>Le vid\u00e9o poker est aussi bien repr\u00e9sent\u00e9 : Deuces Wild, Jacks or Better, Aces &#038; Eights, Joker Poker, etc.<\/p>\n<h2>Notre avis d\u00e9finitif sur Galactic Wins<\/h2>\n<p>Galactic Wins couvre la majorit\u00e9 des <strong>machines populaires disponibles<\/strong> au Canada. Les jackpots progressifs ajoutent un vrai plaisir, que ce soit pour les joueurs occasionnels ou les chasseurs de gros gains. Les promotions VIP permettent de doubler ses points.<\/p>\n<p>En revanche, l&#8217;absence d&#8217;Evolution pour le casino en direct <strong>d\u00e9cevra les amateurs de jeux de table<\/strong>. <\/p>\n<p>Il n&#8217;y a pas non plus de section paris sportifs.<\/p>\n","protected":false},"excerpt":{"rendered":"<p>Avis d&#8217;expert sur Galactic Wins Casino Galactic Wins Casino fait partie des casinos avec bonus sans d\u00e9p\u00f4t les plus int\u00e9ressants lanc\u00e9s au Canada ces derni\u00e8res ann\u00e9es gr\u00e2ce \u00e0 ses 5$ offerts. Voici ce que nous aimons et ce que nous aimons moins \u00e0 propos de Galactic Wins Casino. Bonus de bienvenue Les nouveaux joueurs de [&hellip;]<\/p>\n","protected":false},"author":123,"featured_media":0,"parent":0,"menu_order":0,"comment_status":"closed","ping_status":"closed","template":"","meta":{"inline_featured_image":false,"_glsr_average":0,"_glsr_ranking":0,"_glsr_reviews":0,"footnotes":""},"class_list":["post-24198","page","type-page","status-publish","hentry"],"yoast_head":"<!-- This site is optimized with the Yoast SEO plugin v27.4 - https:\/\/yoast.com\/product\/yoast-seo-wordpress\/ -->\n<title>Galactic Wins Casino | Bonus Sans D\u00e9p\u00f4t de 5 $<\/title>\n<meta name=\"description\" content=\"Galactic Wins est un casino avec bonus sans d\u00e9p\u00f4t de 5$ au Canada et propose un bonus de bienvenue de 1 500$ + 180 tours gratuits !\" \/>\n<meta name=\"robots\" content=\"index, follow, max-snippet:-1, max-image-preview:large, max-video-preview:-1\" \/>\n<link rel=\"canonical\" href=\"https:\/\/www.bonus.ca\/fr\/galactic-wins-casino\" \/>\n<meta property=\"og:type\" content=\"article\" \/>\n<meta property=\"og:title\" content=\"Galactic Wins Casino | Bonus Sans D\u00e9p\u00f4t de 5 $\" \/>\n<meta property=\"og:description\" content=\"Galactic Wins est un casino avec bonus sans d\u00e9p\u00f4t de 5$ au Canada et propose un bonus de bienvenue de 1 500$ + 180 tours gratuits !\" \/>\n<meta property=\"og:url\" content=\"https:\/\/www.bonus.ca\/fr\/galactic-wins-casino\" \/>\n<meta property=\"article:published_time\" content=\"2025-04-02T13:15:14+00:00\" \/>\n<meta property=\"article:modified_time\" content=\"2026-04-02T12:53:30+00:00\" \/>\n<meta property=\"og:image\" content=\"https:\/\/mediafr.bonus.ca\/images\/Galactic-Wins-bonus.png\" \/>\n\t<meta property=\"og:image:width\" content=\"1536\" \/>\n\t<meta property=\"og:image:height\" content=\"920\" \/>\n\t<meta property=\"og:image:type\" content=\"image\/png\" \/>\n<meta name=\"twitter:card\" content=\"summary_large_image\" \/>\n<meta name=\"twitter:label1\" content=\"Est. reading time\" \/>\n\t<meta name=\"twitter:data1\" content=\"6 minutes\" \/>\n<!-- \/ Yoast SEO plugin. -->","yoast_head_json":{"title":"Galactic Wins Casino | Bonus Sans D\u00e9p\u00f4t de 5 $","description":"Galactic Wins est un casino avec bonus sans d\u00e9p\u00f4t de 5$ au Canada et propose un bonus de bienvenue de 1 500$ + 180 tours gratuits !","robots":{"index":"index","follow":"follow","max-snippet":"max-snippet:-1","max-image-preview":"max-image-preview:large","max-video-preview":"max-video-preview:-1"},"canonical":"https:\/\/www.bonus.ca\/fr\/galactic-wins-casino","og_type":"article","og_title":"Galactic Wins Casino | Bonus Sans D\u00e9p\u00f4t de 5 $","og_description":"Galactic Wins est un casino avec bonus sans d\u00e9p\u00f4t de 5$ au Canada et propose un bonus de bienvenue de 1 500$ + 180 tours gratuits !","og_url":"https:\/\/www.bonus.ca\/fr\/galactic-wins-casino","article_published_time":"2025-04-02T13:15:14+00:00","article_modified_time":"2026-04-02T12:53:30+00:00","og_image":[{"width":1536,"height":920,"url":"https:\/\/mediafr.bonus.ca\/images\/Galactic-Wins-bonus.png","type":"image\/png"}],"twitter_card":"summary_large_image","twitter_misc":{"Est. reading time":"6 minutes"},"schema":{"@context":"https:\/\/schema.org","@graph":[{"@type":"WebPage","@id":"https:\/\/www.bonus.ca\/fr\/galactic-wins-casino","url":"https:\/\/www.bonus.ca\/fr\/galactic-wins-casino","name":"Galactic Wins Casino | Bonus Sans D\u00e9p\u00f4t de 5 $","isPartOf":{"@id":"https:\/\/www.bonus.ca\/fr\/#website"},"primaryImageOfPage":{"@id":"https:\/\/www.bonus.ca\/fr\/galactic-wins-casino#primaryimage"},"image":{"@id":"https:\/\/www.bonus.ca\/fr\/galactic-wins-casino#primaryimage"},"thumbnailUrl":"https:\/\/www.bonus.ca\/fr\/images\/Galactic-Wins-bonus.png","datePublished":"2025-04-02T13:15:14+00:00","dateModified":"2026-04-02T12:53:30+00:00","description":"Galactic Wins est un casino avec bonus sans d\u00e9p\u00f4t de 5$ au Canada et propose un bonus de bienvenue de 1 500$ + 180 tours gratuits !","breadcrumb":{"@id":"https:\/\/www.bonus.ca\/fr\/galactic-wins-casino#breadcrumb"},"inLanguage":"en-US","potentialAction":[{"@type":"ReadAction","target":["https:\/\/www.bonus.ca\/fr\/galactic-wins-casino"]}]},{"@type":"ImageObject","inLanguage":"en-US","@id":"https:\/\/www.bonus.ca\/fr\/galactic-wins-casino#primaryimage","url":"https:\/\/mediafr.bonus.ca\/images\/Galactic-Wins-bonus.png","contentUrl":"https:\/\/mediafr.bonus.ca\/images\/Galactic-Wins-bonus.png","width":1536,"height":920,"caption":"5$ bonus sans d\u00e9p\u00f4t Galactic Wins"},{"@type":"BreadcrumbList","@id":"https:\/\/www.bonus.ca\/fr\/galactic-wins-casino#breadcrumb","itemListElement":[{"@type":"ListItem","position":1,"name":"Home","item":"https:\/\/www.bonus.ca\/fr\/"},{"@type":"ListItem","position":2,"name":"Galactic Wins Casino"}]},{"@type":"WebSite","@id":"https:\/\/www.bonus.ca\/fr\/#website","url":"https:\/\/www.bonus.ca\/fr\/","name":"BonusFinder Canada (Fran\u00e7ais)","description":"La source de bonus n\u00b0 1 au Canada","potentialAction":[{"@type":"SearchAction","target":{"@type":"EntryPoint","urlTemplate":"https:\/\/www.bonus.ca\/fr\/?s={search_term_string}"},"query-input":{"@type":"PropertyValueSpecification","valueRequired":true,"valueName":"search_term_string"}}],"inLanguage":"en-US"}]}},"_links":{"self":[{"href":"https:\/\/www.bonus.ca\/fr\/wp-json\/wp\/v2\/pages\/24198","targetHints":{"allow":["GET"]}}],"collection":[{"href":"https:\/\/www.bonus.ca\/fr\/wp-json\/wp\/v2\/pages"}],"about":[{"href":"https:\/\/www.bonus.ca\/fr\/wp-json\/wp\/v2\/types\/page"}],"author":[{"embeddable":true,"href":"https:\/\/www.bonus.ca\/fr\/wp-json\/wp\/v2\/users\/123"}],"replies":[{"embeddable":true,"href":"https:\/\/www.bonus.ca\/fr\/wp-json\/wp\/v2\/comments?post=24198"}],"version-history":[{"count":10,"href":"https:\/\/www.bonus.ca\/fr\/wp-json\/wp\/v2\/pages\/24198\/revisions"}],"predecessor-version":[{"id":26478,"href":"https:\/\/www.bonus.ca\/fr\/wp-json\/wp\/v2\/pages\/24198\/revisions\/26478"}],"wp:attachment":[{"href":"https:\/\/www.bonus.ca\/fr\/wp-json\/wp\/v2\/media?parent=24198"}],"curies":[{"name":"wp","href":"https:\/\/api.w.org\/{rel}","templated":true}]}}