{"id":24306,"date":"2025-04-08T13:41:55","date_gmt":"2025-04-08T13:41:55","guid":{"rendered":"https:\/\/www.bonus.ca\/fr\/?page_id=24306"},"modified":"2025-09-26T10:19:36","modified_gmt":"2025-09-26T10:19:36","slug":"50-tours-gratuits","status":"publish","type":"page","link":"https:\/\/www.bonus.ca\/fr\/machines-a-sous-gratuites\/50-tours-gratuits","title":{"rendered":"50 tours gratuits sans d\u00e9p\u00f4t"},"content":{"rendered":"<h2>50 tours gratuits sans d\u00e9p\u00f4t Canada<\/h2>\n<p>Tous les <a href=\"https:\/\/www.bonus.ca\/fr\/machines-a-sous-gratuites\">bonus de tours gratuits sans d\u00e9p\u00f4t<\/a> ne se valent pas. Les offres de 50 tours gratuits sans d\u00e9p\u00f4t vous permettent de jouer sans aucun risque : inscrivez-vous, r\u00e9cup\u00e9rez vos 50 tours gratuits et gardez vos gains (sous r\u00e9serve des exigences de mise bien s\u00fbr).<\/p>\n<div id=\"attachment_24330\" style=\"width: 1546px\" class=\"wp-caption alignnone\"><img loading=\"lazy\" decoding=\"async\" aria-describedby=\"caption-attachment-24330\" src=\"https:\/\/www.bonus.ca\/fr\/images\/50-tours-gratuits-sans-depot.png\" alt=\"50 tours gratuits sans avoir \u00e0 d\u00e9poser de l'argent\" width=\"1536\" height=\"920\" class=\"size-full wp-image-24330\" srcset=\"https:\/\/mediafr.bonus.ca\/images\/50-tours-gratuits-sans-depot.png 1536w, https:\/\/mediafr.bonus.ca\/images\/50-tours-gratuits-sans-depot-300x180.png 300w, https:\/\/mediafr.bonus.ca\/images\/50-tours-gratuits-sans-depot-1024x613.png 1024w, https:\/\/mediafr.bonus.ca\/images\/50-tours-gratuits-sans-depot-1048x628.png 1048w\" sizes=\"auto, (max-width: 1536px) 100vw, 1536px\" \/><p id=\"caption-attachment-24330\" class=\"wp-caption-text\">Obtenez 50 tours gratuits sans d\u00e9p\u00f4t sur votre casino pr\u00e9f\u00e9r\u00e9 gr\u00e2ce \u00e0 nos offres !<\/p><\/div>\n<p>Pourquoi 50 tours gratuits ? C&#8217;est le juste milieu id\u00e9al : plus de tours qu&#8217;un simple bonus de 10 ou <a href=\"https:\/\/www.bonus.ca\/fr\/machines-a-sous-gratuites\/25-tours-gratuits\">25 tours gratuits sans d\u00e9p\u00f4t<\/a>, tout en restant totalement gratuit. <\/p>\n<p>Avec 50 tours gratuits sans d\u00e9p\u00f4t, vous pouvez jouer gratuitement et d\u00e9crocher de vrais gains en argent r\u00e9el !<\/p>\n<p>\t<div class=\"pros-cons-item pro list-item\">\n\t\t<div class=\"list-item-icon\">\n\t\t\t<div class=\"icon-small\">\n\t\t\t\t<svg width=\"100%\" height=\"100%\" viewBox=\"0 0 24 24\" fill=\"none\" xmlns=\"http:\/\/www.w3.org\/2000\/svg\" aria-labelledby=\"proTitle proDesc\">\n\t<title id=\"proTitle\">Plus sign<\/title>\n\t<desc id=\"proDesc\">White plus sign on green background<\/desc>\n\t<path d=\"M15 3C15 2.44772 14.5523 2 14 2L10 2C9.44772 2 9 2.44772 9 3V9H3C2.44772 9 2 9.44772 2 10V14C2 14.5523 2.44772 15 3 15H9V21C9 21.5523 9.44771 22 10 22H14C14.5523 22 15 21.5523 15 21V15H21C21.5523 15 22 14.5523 22 14V10C22 9.44772 21.5523 9 21 9H15V3Z\" fill=\"currentColor\"><\/path>\n<\/svg>\n\n\t\t\t<\/div>\n\t\t<\/div>\n\t\t<div class=\"text\">Enti\u00e8rement gratuit et aucun risque financier.<\/div>\n\t<\/div>\n<br \/>\n\t<div class=\"pros-cons-item pro list-item\">\n\t\t<div class=\"list-item-icon\">\n\t\t\t<div class=\"icon-small\">\n\t\t\t\t<svg width=\"100%\" height=\"100%\" viewBox=\"0 0 24 24\" fill=\"none\" xmlns=\"http:\/\/www.w3.org\/2000\/svg\" aria-labelledby=\"proTitle proDesc\">\n\t<title id=\"proTitle\">Plus sign<\/title>\n\t<desc id=\"proDesc\">White plus sign on green background<\/desc>\n\t<path d=\"M15 3C15 2.44772 14.5523 2 14 2L10 2C9.44772 2 9 2.44772 9 3V9H3C2.44772 9 2 9.44772 2 10V14C2 14.5523 2.44772 15 3 15H9V21C9 21.5523 9.44771 22 10 22H14C14.5523 22 15 21.5523 15 21V15H21C21.5523 15 22 14.5523 22 14V10C22 9.44772 21.5523 9 21 9H15V3Z\" fill=\"currentColor\"><\/path>\n<\/svg>\n\n\t\t\t<\/div>\n\t\t<\/div>\n\t\t<div class=\"text\">Id\u00e9al pour tester les casinos.<\/div>\n\t<\/div>\n<br \/>\n<div class=\"pros-cons-item con list-item\">\n\t\t<div class=\"list-item-icon\">\n\t\t\t<div class=\"icon-small\">\n\t\t\t\t<svg width=\"100%\" height=\"100%\" viewBox=\"0 0 24 24\" fill=\"none\" xmlns=\"http:\/\/www.w3.org\/2000\/svg\" aria-labelledby=\"conTitle conDesc\">\n\t<title id=\"conTitle\">Minus sign<\/title>\n\t<desc id=\"conDesc\">White minus sign on red background<\/desc>\n\t<rect x=\"2\" y=\"9\" width=\"20\" height=\"6\" rx=\"1\" fill=\"currentColor\"><\/rect>\n<\/svg>\n\n\t\t\t<\/div>\n\t\t<\/div>\n\t\t<div class=\"text\">Exigences de mise plus \u00e9lev\u00e9es.<\/div>\n\t<\/div>\n<br \/>\n<div class=\"pros-cons-item con list-item\">\n\t\t<div class=\"list-item-icon\">\n\t\t\t<div class=\"icon-small\">\n\t\t\t\t<svg width=\"100%\" height=\"100%\" viewBox=\"0 0 24 24\" fill=\"none\" xmlns=\"http:\/\/www.w3.org\/2000\/svg\" aria-labelledby=\"conTitle conDesc\">\n\t<title id=\"conTitle\">Minus sign<\/title>\n\t<desc id=\"conDesc\">White minus sign on red background<\/desc>\n\t<rect x=\"2\" y=\"9\" width=\"20\" height=\"6\" rx=\"1\" fill=\"currentColor\"><\/rect>\n<\/svg>\n\n\t\t\t<\/div>\n\t\t<\/div>\n\t\t<div class=\"text\">Plafonds de retrait plus bas.<\/div>\n\t<\/div>\n<\/p>\n<p>[table_start]<br \/>\n[table_head column-1=&#8217;Casino&#8217; column-2=&#8217;50 tours gratuits sans d\u00e9p\u00f4t&#8217; column-3=&#8217;Exigences de mise&#8217;]<br \/>\n[table_row column-1=&#8217;1. Jackpot City Casino&#8217; column-2=&#8217;Boom Galaxy&#8217; column-3=&#8217;35x&#8217;]<br \/>\n[table_row column-1=&#8217;2. King Billy Casino&#8217; column-2=&#8217;Tous jeux&#8217; column-3=&#8217;35x&#8217;]<br \/>\n[table_row column-1=&#8217;3. Gate777 Casino&#8217; column-2=&#8217;Tous jeux&#8217; column-3=&#8217;35x&#8217;]<br \/>\n[table_row column-1=&#8217;4. PlayGrand Casino&#8217; column-2=&#8217;Book of Dead&#8217; column-3=&#8217;35x&#8217;]<br \/>\n[table_row column-1=&#8217;5. BitStarz Casino&#8217; column-2=&#8217;Aztec Magic, Elvis Frog, Platinum Lightning&#8217; column-3=&#8217;40x&#8217;]<br \/>\n[table_row column-1=&#8217;6. Casino Vibes&#8217; column-2=&#8217;Skulls Up&#8217; column-3=&#8217;35x&#8217;]<br \/>\n[table_row column-1=&#8217;7. Arcanebet Casino&#8217; column-2=&#8217;Book of Dead&#8217; column-3=&#8217;35x&#8217;]<br \/>\n[table_row column-1=&#8217;8. Gratowin Casino&#8217; column-2=&#8217;Tous jeux&#8217; column-3=&#8217;35x&#8217;]<br \/>\n[table_end]<\/p>\n<h3>PlayGrand Casino : 50 tours gratuits sur Book of Dead<\/h3>\n<p><a href=\"https:\/\/www.bonus.ca\/fr\/playgrand-casino\">PlayGrand Casino en ligne<\/a> propose 50 tours gratuits sur Book of Dead, l&#8217;un des bonus sans d\u00e9p\u00f4t les plus pris\u00e9s au Canada.<\/p>\n<p>R\u00e9put\u00e9 pour sa forte volatilit\u00e9 et son potentiel de gros gains, Book of Dead est un excellent choix pour les joueurs canadiens qui aiment relever des d\u00e9fis. <\/p>\n<p>L&#8217;exigence de mise de 35x reste raisonnable, et les r\u00e9compenses VIP de PlayGrand en font une option int\u00e9ressante sur le long terme.<\/p>\n\n<h3>Jackpot City : Meilleurs tours gratuits sans d\u00e9p\u00f4t sur Boom Galaxy<\/h3>\n<p>Jackpot City offre aux nouveaux joueurs 50 tours gratuits sur Boom Galaxy, sans d\u00e9p\u00f4t n\u00e9cessaire.<\/p>\n<p>L&#8217;offre est soumise \u00e0 une exigence de mise de 35x, mais elle reste un excellent moyen sans risque de d\u00e9couvrir la plateforme avant de d\u00e9poser.<\/p>\n<p>Pr\u00eat \u00e0 aller plus loin ? Le casino Jackpot City propose \u00e9galement un bonus de bienvenue allant jusqu&#8217;\u00e0 1 600 $ CA.<\/p>\n<h3>King Billy Casino : 50 tours gratuits sans d\u00e9p\u00f4t sur tous les jeux<\/h3>\n<p>Peu de casinos offrent autant de flexibilit\u00e9 que King Billy Casino, o\u00f9 les 50 tours gratuits sans d\u00e9p\u00f4t peuvent \u00eatre utilis\u00e9s sur n&#8217;importe quelle machine.<\/p>\n<p>C&#8217;est un avantage rare, permettant aux joueurs de choisir un jeu selon leurs pr\u00e9f\u00e9rences. Avec une exigence de mise de 30x et un retrait maximal de 100 $ CA, c&#8217;est clairement l&#8217;une des meilleures options.<\/p>\n\n<h2>Meilleurs casinos avec 50 tours gratuits au Canada<\/h2>\n<p>Si vous cherchez des conditions de mise plus basses et des plafonds de retrait plus \u00e9lev\u00e9s, les bonus de 50 tours gratuits avec d\u00e9p\u00f4t sont votre meilleure option.<\/p>\n<p>Avec un petit d\u00e9p\u00f4t (entre 10 $ CA et 20 $ CA), vous obtenez des conditions plus souples et souvent des avantages suppl\u00e9mentaires.<\/p>\n<p>[table_start]<br \/>\n[table_head column-1=&#8217;Casinos Canadiens&#8217; column-2=&#8217;Bonus de 50 tours gratuits au Canada&#8217; column-3=&#8217;D\u00e9p\u00f4t minimum&#8217;]<br \/>\n[table_row column-1=&#8217;Neon Vegas Casino&#8217; column-2=&#8217;Book of Dead&#8217; column-3=&#8217;20 $ CA&#8217;]<br \/>\n[table_row column-1=&#8217;Boomerang Casino&#8217; column-2=&#8217;50 tours gratuits sur Sweet Bonanza&#8217; column-3=&#8217;15 $ CA&#8217;]<br \/>\n[table_row column-1=&#8217;Slots Magic Casino&#8217; column-2=&#8217;Book of Dead&#8217; column-3=&#8217;10 $ CA&#8217;]<br \/>\n[table_row column-1=&#8217;Lucky Days Casino&#8217; column-2=&#8217;50 tours gratuits sur Starburst&#8217; column-3=&#8217;20 $ CA&#8217;]<br \/>\n[table_row column-1=&#8217;<a href=\"https:\/\/www.bonus.ca\/fr\/spinaway-casino\">SpinAway Casino<\/a>&#8216; column-2=&#8217;50+ tours gratuits sur tous jeux&#8217; column-3=&#8217;10 $ CA&#8217;]<br \/>\n[table_row column-1=&#8217;Casino Friday&#8217; column-2=&#8217;5 Wolf Gold&#8217; column-3=&#8217;25 $ CA&#8217;]<br \/>\n[table_row column-1=&#8217;Sports Interaction&#8217; column-2=&#8217;50 tours gratuits sur Big Bass Bonanza&#8217; column-3=&#8217;15 $ CA&#8217;]<br \/>\n[table_end]<\/p>\n\t<div class=\"highlight-block card-fancy\">\n\t\t<div class=\"card-inner\">\n                            <img loading=\"lazy\" decoding=\"async\" src=\"https:\/\/www.bonus.ca\/fr\/images\/cropped-bf-favicon_wp.png\" alt=\"BonusFinder Canada Logo\" width=\"512\" height=\"512\" class=\"aligncenter size-full wp-image-7461\" srcset=\"https:\/\/mediafr.bonus.ca\/images\/cropped-bf-favicon_wp.png 512w, https:\/\/mediafr.bonus.ca\/images\/cropped-bf-favicon_wp-300x300.png 300w, https:\/\/mediafr.bonus.ca\/images\/cropped-bf-favicon_wp-150x150.png 150w, https:\/\/mediafr.bonus.ca\/images\/cropped-bf-favicon_wp-370x370.png 370w, https:\/\/mediafr.bonus.ca\/images\/cropped-bf-favicon_wp-128x128.png 128w, https:\/\/mediafr.bonus.ca\/images\/cropped-bf-favicon_wp-104x104.png 104w, https:\/\/mediafr.bonus.ca\/images\/cropped-bf-favicon_wp-48x48.png 48w, https:\/\/mediafr.bonus.ca\/images\/cropped-bf-favicon_wp-40x40.png 40w\" sizes=\"auto, (max-width: 512px) 100vw, 512px\" \/>\n            \t\t\t<div class=\"card-content\">\n\t\t\t\t<h4 class=\"no-margin-top\"> Notre conseil sur les bonus sans d\u00e9p\u00f4ts<\/h4>\n\t\t\t\t<div>Il est facile de trouver 50 tours gratuits apr\u00e8s inscription sans d\u00e9p\u00f4t, mais vous aurez plus de chances de conserver vos gains avec un bonus de casino n\u00e9cessitant un faible d\u00e9p\u00f4t.<\/div>\n\t\t\t<\/div>\n\t\t<\/div>\n\t<\/div>\n\n<h2>Comment maximiser vos 50 tours gratuits au Canada ?<\/h2>\n<p>Lorsque les joueurs canadiens s&#8217;inscrivent et r\u00e9clament un bonus de 50 tours gratuits sans d\u00e9p\u00f4t, il est g\u00e9n\u00e9ralement attribu\u00e9 \u00e0 une machine sp\u00e9cifique.<\/p>\n<p>Pour plus de vari\u00e9t\u00e9, explorer les promotions avec un d\u00e9p\u00f4t minimum faible peut offrir plus de libert\u00e9. <\/p>\n<p>Les joueurs avis\u00e9s recherchent souvent des tours gratuits sur des machines \u00e0 sous avec un haut RTP (Retour au Joueur en fran\u00e7ais) pour avoir plus de gains.<\/p>\n<h3>1. Cherchez des tours gratuits sans exigence de mise<\/h3>\n<p>Les offres de <a href=\"https:\/\/www.bonus.ca\/fr\/casino-bonus\/sans-conditions\">bonus sans wager<\/a> sont des mines d&#8217;or, car elles permettent de conserver directement vos gains sans avoir \u00e0 les rejouer.<\/p>\n\t<div class=\"highlight-block card-fancy\">\n\t\t<div class=\"card-inner\">\n                            <img loading=\"lazy\" decoding=\"async\" src=\"https:\/\/www.bonus.ca\/fr\/images\/cropped-bf-favicon_wp.png\" alt=\"BonusFinder Canada Logo\" width=\"512\" height=\"512\" class=\"aligncenter size-full wp-image-7461\" srcset=\"https:\/\/mediafr.bonus.ca\/images\/cropped-bf-favicon_wp.png 512w, https:\/\/mediafr.bonus.ca\/images\/cropped-bf-favicon_wp-300x300.png 300w, https:\/\/mediafr.bonus.ca\/images\/cropped-bf-favicon_wp-150x150.png 150w, https:\/\/mediafr.bonus.ca\/images\/cropped-bf-favicon_wp-370x370.png 370w, https:\/\/mediafr.bonus.ca\/images\/cropped-bf-favicon_wp-128x128.png 128w, https:\/\/mediafr.bonus.ca\/images\/cropped-bf-favicon_wp-104x104.png 104w, https:\/\/mediafr.bonus.ca\/images\/cropped-bf-favicon_wp-48x48.png 48w, https:\/\/mediafr.bonus.ca\/images\/cropped-bf-favicon_wp-40x40.png 40w\" sizes=\"auto, (max-width: 512px) 100vw, 512px\" \/>\n            \t\t\t<div class=\"card-content\">\n\t\t\t\t<h4 class=\"no-margin-top\"> Voici un exemple concret<\/h4>\n\t\t\t\t<div>Si vous gagnez 10 $ CA avec des tours gratuits et une exigence de mise de 35x, vous devrez alors miser 350 $ CA avant de pouvoir retirer. Avec des tours sans exigence de mise, vous gardez directement vos 10 $ CA.<\/div>\n\t\t\t<\/div>\n\t\t<\/div>\n\t<\/div>\n\n<p>Notez que les <a href=\"https:\/\/www.bonus.ca\/fr\/machines-a-sous-gratuites\/25-tours-gratuits\">bonus de 25 tours gratuits sans d\u00e9p\u00f4t<\/a> proposent g\u00e9n\u00e9ralement de meilleures exigences de mise, ce qui facilite l&#8217;obtention d&#8217;argent r\u00e9el !<\/p>\n<h3>2. Conna\u00eetre les jeux disponibles<\/h3>\n<p>Certains casinos permettent d&#8217;utiliser les 50 tours gratuits sur n&#8217;importe quel jeu, tandis que d&#8217;autres les limitent \u00e0 une machine sp\u00e9cifique. <\/p>\n<p>Si vous avez une pr\u00e9f\u00e9rence, v\u00e9rifiez toujours les conditions pour \u00e9viter d&#8217;\u00eatre contraint \u00e0 jouer sur une machine qui ne vous pla\u00eet pas.<\/p>\n<p><strong>Par exemple :<\/strong><\/p>\n<ul>\n<li><strong>Book of Dead<\/strong> \u2013 Pr\u00e9sent dans la majorit\u00e9 des promotions, id\u00e9al pour les amateurs de forte volatilit\u00e9 : il s&#8217;agit de l&#8217;une des <a href=\"https:\/\/www.bonus.ca\/fr\/casino-en-ligne\/le-plus-payant\">machines \u00e0 sous qui paient le plus<\/a>.<\/li>\n<li><strong>Big Bass Bonanza<\/strong> \u2013 Populaire pour son potentiel de gros gains.<\/li>\n<li><strong>Starburst<\/strong> \u2013 Faible volatilit\u00e9, donc gains plus fr\u00e9quents mais plus petits.<\/li>\n<\/ul>\n<h3>3. Jouez sur des machines \u00e0 haut RTP<\/h3>\n<p>Pour viser de vrais retraits en argent, privil\u00e9giez les machines \u00e0 sous avec un RTP \u00e9lev\u00e9 (96 % ou plus). Cela maximise vos chances de rentabilit\u00e9 sur le long terme.<\/p>\n<div class=\"bonusfinder-tip expert-pick-card\">\n\t<div class=\"title\">\n\t\t<div class=\"tip-icon\">\n\t\t\t<img decoding=\"async\" src=\"https:\/\/mediafr.bonus.ca\/images\/crown.svg\" width=\"36\" height=\"36\" class=\"icon-xlarge\" loading=\"lazy\" alt=\"expert-pick-icon\" srcset=\"https:\/\/mediafr.bonus.ca\/images\/crown.svg 1x, https:\/\/mediafr.bonus.ca\/images\/crown.svg 2x\" \/>\n\t\t<\/div>\n\t\t<div class=\"expert-title\">Recommandation de Notre Expert BonusFinder<\/div>\n\t<\/div>\n\t<div>Si vous pr\u00e9f\u00e9rez les machines \u00e0 forte volatilit\u00e9, privil\u00e9giez 50 tours gratuits sur Book of Dead. Pour des gains plus r\u00e9guliers, Starburst ou Big Bass Bonanza sont de meilleurs choix.<\/div>\n    \t<div class=\"expert-pick-author-container\">\n\t\t<img decoding=\"async\" width=\"40\" height=\"40\" src=\"https:\/\/mediafr.bonus.ca\/images\/luciano.png\" class=\"expert-pick-author-image\" loading=\"lazy\" srcset=\"https:\/\/mediafr.bonus.ca\/images\/luciano.png 1x, https:\/\/mediafr.bonus.ca\/images\/luciano.png 2x\" \/>\n\t\t\t<div class=\"expert-pick-content-container\">\n\t\t\t\t<a href=\"https:\/\/www.bonus.ca\/fr\/a-propos\/auteurs\/luciano-passavanti\" class=\"expert-pick-author-name\">Luciano Passavanti<\/a>\n\t\t\t\t<div class=\"expert-pick-author-title\">Vice-pr\u00e9sident et v\u00e9rificateur de faits<\/div>\n\t\t\t<\/div>\n\t<\/div>\n\t<\/div>\n\n<h3>4. Faites attention aux plafonds de retrait<\/h3>\n<p>Les gains issus des <a href=\"https:\/\/www.bonus.ca\/fr\/casino-bonus\/sans-depot\">bonus sans d\u00e9p\u00f4t<\/a> sont souvent limit\u00e9s \u00e0 50\u2013100 $ CA. <\/p>\n<p>M\u00eame si vous d\u00e9crochez un gros gain, vous pourriez ne pas pouvoir tout retirer. Avec un bonus sur d\u00e9p\u00f4t, les plafonds sont souvent plus \u00e9lev\u00e9s, voire illimit\u00e9s.<\/p>\n<h2>Comprendre les conditions des offres de 50 tours gratuits<\/h2>\n<p>Avant d&#8217;accepter une offre de 50 tours gratuits sur un casino en ligne, il est essentiel de lire les conditions des <a href=\"https:\/\/www.bonus.ca\/fr\/casino-bonus\">bonus de casino<\/a>.<\/p>\n<p>Ces r\u00e8gles sont votre guide pour v\u00e9rifier si l&#8217;offre correspond \u00e0 vos attentes et comment augmenter vos chances de transformer vos tours en vrai argent :<\/p>\n<p>[table_start]<br \/>\n[table_head column-1=&#8217;<strong>Condition<\/strong>&#8216; column-2=&#8217;<strong>Description<\/strong>&#8216;]<br \/>\n[table_row column-1=&#8217;<strong>Exigences de mise<\/strong>&#8216; column-2=&#8217;Indiquent combien de fois vous devez rejouer vos gains avant de pouvoir les retirer. Choisir des offres \u00e0 faible exigence peut grandement augmenter vos profits.&#8217;]<br \/>\n[table_row column-1=&#8217;<strong>Plafond de gains<\/strong>&#8216; column-2=&#8217;Limite le montant que vous pouvez retirer de vos gains de tours gratuits, surtout utile sur des jeux tr\u00e8s volatils.&#8217;]<br \/>\n[table_row column-1=&#8217;<strong>Dur\u00e9e de validit\u00e9<\/strong>&#8216; column-2=&#8217;La plupart des offres expirent sous 3 \u00e0 7 jours.&#8217;]<br \/>\n[table_row column-1=&#8217;<strong>M\u00e9thodes de paiement accept\u00e9es<\/strong>&#8216; column-2=&#8217;Certains casinos excluent les portefeuilles \u00e9lectroniques comme Skrill ou Neteller. Utilisez une m\u00e9thode accept\u00e9e pour s\u00e9curiser vos 50 tours gratuits.&#8217;]<br \/>\n[table_row column-1=&#8217;<strong>Jeux \u00e9ligibles<\/strong>&#8216; column-2=&#8217;Les tours gratuits sont souvent associ\u00e9s \u00e0 des machines sp\u00e9cifiques. V\u00e9rifiez que les jeux contribuent aux exigences de mise.&#8217;]<br \/>\n[table_end]<\/p>\n<h3>Puis-je obtenir plus de 50 tours gratuits ?<\/h3>\n<p>Si vous souhaitez plus de tours sur votre compte \u00e0 utiliser, nous avons fait une page d\u00e9di\u00e9e aux bonus donnant <a href=\"https:\/\/www.bonus.ca\/fr\/machines-a-sous-gratuites\/120-tours-gratuits-sans-depot\">120 tours gratuits sans d\u00e9p\u00f4t<\/a> disponibles pour tous les joueurs canadiens.<\/p>\n<p>Certains casinos offrent avec parfois 100 tours et voire m\u00eame 150 tours gratuits.<\/p>\n","protected":false},"excerpt":{"rendered":"<p>50 tours gratuits sans d\u00e9p\u00f4t Canada Tous les bonus de tours gratuits sans d\u00e9p\u00f4t ne se valent pas. Les offres de 50 tours gratuits sans d\u00e9p\u00f4t vous permettent de jouer sans aucun risque : inscrivez-vous, r\u00e9cup\u00e9rez vos 50 tours gratuits et gardez vos gains (sous r\u00e9serve des exigences de mise bien s\u00fbr). Pourquoi 50 tours [&hellip;]<\/p>\n","protected":false},"author":123,"featured_media":0,"parent":11038,"menu_order":0,"comment_status":"closed","ping_status":"closed","template":"","meta":{"inline_featured_image":false,"_glsr_average":0,"_glsr_ranking":0,"_glsr_reviews":0,"footnotes":""},"class_list":["post-24306","page","type-page","status-publish","hentry"],"yoast_head":"<!-- This site is optimized with the Yoast SEO plugin v27.5 - https:\/\/yoast.com\/product\/yoast-seo-wordpress\/ -->\n<title>50 Tours Gratuits Sans D\u00e9p\u00f4t | Canada [year]<\/title>\n<meta name=\"description\" content=\"Obtenez 50 tours gratuits, aucun d\u00e9p\u00f4t requis | Jouez gratuitement aux machines \u00e0 sous pr\u00e9f\u00e9r\u00e9es du Canada | Starburst, Book of Dead et d&#039;autres !\" \/>\n<meta name=\"robots\" content=\"index, follow, max-snippet:-1, max-image-preview:large, max-video-preview:-1\" \/>\n<link rel=\"canonical\" href=\"https:\/\/www.bonus.ca\/fr\/machines-a-sous-gratuites\/50-tours-gratuits\" \/>\n<meta property=\"og:type\" content=\"article\" \/>\n<meta property=\"og:title\" content=\"50 Tours Gratuits Sans D\u00e9p\u00f4t | Canada [year]\" \/>\n<meta property=\"og:description\" content=\"Obtenez 50 tours gratuits, aucun d\u00e9p\u00f4t requis | Jouez gratuitement aux machines \u00e0 sous pr\u00e9f\u00e9r\u00e9es du Canada | Starburst, Book of Dead et d&#039;autres !\" \/>\n<meta property=\"og:url\" content=\"https:\/\/www.bonus.ca\/fr\/machines-a-sous-gratuites\/50-tours-gratuits\" \/>\n<meta property=\"article:published_time\" content=\"2025-04-08T13:41:55+00:00\" \/>\n<meta property=\"article:modified_time\" content=\"2025-09-26T10:19:36+00:00\" \/>\n<meta property=\"og:image\" content=\"https:\/\/mediafr.bonus.ca\/images\/50-tours-gratuits-sans-depot.png\" \/>\n\t<meta property=\"og:image:width\" content=\"1536\" \/>\n\t<meta property=\"og:image:height\" content=\"920\" \/>\n\t<meta property=\"og:image:type\" content=\"image\/png\" \/>\n<meta name=\"twitter:card\" content=\"summary_large_image\" \/>\n<meta name=\"twitter:label1\" content=\"Est. reading time\" \/>\n\t<meta name=\"twitter:data1\" content=\"7 minutes\" \/>\n<!-- \/ Yoast SEO plugin. -->","yoast_head_json":{"title":"50 Tours Gratuits Sans D\u00e9p\u00f4t | Canada [year]","description":"Obtenez 50 tours gratuits, aucun d\u00e9p\u00f4t requis | Jouez gratuitement aux machines \u00e0 sous pr\u00e9f\u00e9r\u00e9es du Canada | Starburst, Book of Dead et d'autres !","robots":{"index":"index","follow":"follow","max-snippet":"max-snippet:-1","max-image-preview":"max-image-preview:large","max-video-preview":"max-video-preview:-1"},"canonical":"https:\/\/www.bonus.ca\/fr\/machines-a-sous-gratuites\/50-tours-gratuits","og_type":"article","og_title":"50 Tours Gratuits Sans D\u00e9p\u00f4t | Canada [year]","og_description":"Obtenez 50 tours gratuits, aucun d\u00e9p\u00f4t requis | Jouez gratuitement aux machines \u00e0 sous pr\u00e9f\u00e9r\u00e9es du Canada | Starburst, Book of Dead et d'autres !","og_url":"https:\/\/www.bonus.ca\/fr\/machines-a-sous-gratuites\/50-tours-gratuits","article_published_time":"2025-04-08T13:41:55+00:00","article_modified_time":"2025-09-26T10:19:36+00:00","og_image":[{"width":1536,"height":920,"url":"https:\/\/mediafr.bonus.ca\/images\/50-tours-gratuits-sans-depot.png","type":"image\/png"}],"twitter_card":"summary_large_image","twitter_misc":{"Est. reading time":"7 minutes"},"schema":{"@context":"https:\/\/schema.org","@graph":[{"@type":"WebPage","@id":"https:\/\/www.bonus.ca\/fr\/machines-a-sous-gratuites\/50-tours-gratuits","url":"https:\/\/www.bonus.ca\/fr\/machines-a-sous-gratuites\/50-tours-gratuits","name":"50 Tours Gratuits Sans D\u00e9p\u00f4t | Canada [year]","isPartOf":{"@id":"https:\/\/www.bonus.ca\/fr\/#website"},"primaryImageOfPage":{"@id":"https:\/\/www.bonus.ca\/fr\/machines-a-sous-gratuites\/50-tours-gratuits#primaryimage"},"image":{"@id":"https:\/\/www.bonus.ca\/fr\/machines-a-sous-gratuites\/50-tours-gratuits#primaryimage"},"thumbnailUrl":"https:\/\/www.bonus.ca\/fr\/images\/50-tours-gratuits-sans-depot.png","datePublished":"2025-04-08T13:41:55+00:00","dateModified":"2025-09-26T10:19:36+00:00","description":"Obtenez 50 tours gratuits, aucun d\u00e9p\u00f4t requis | Jouez gratuitement aux machines \u00e0 sous pr\u00e9f\u00e9r\u00e9es du Canada | Starburst, Book of Dead et d'autres !","breadcrumb":{"@id":"https:\/\/www.bonus.ca\/fr\/machines-a-sous-gratuites\/50-tours-gratuits#breadcrumb"},"inLanguage":"en-US","potentialAction":[{"@type":"ReadAction","target":["https:\/\/www.bonus.ca\/fr\/machines-a-sous-gratuites\/50-tours-gratuits"]}]},{"@type":"ImageObject","inLanguage":"en-US","@id":"https:\/\/www.bonus.ca\/fr\/machines-a-sous-gratuites\/50-tours-gratuits#primaryimage","url":"https:\/\/mediafr.bonus.ca\/images\/50-tours-gratuits-sans-depot.png","contentUrl":"https:\/\/mediafr.bonus.ca\/images\/50-tours-gratuits-sans-depot.png","width":1536,"height":920,"caption":"Obtenez 50 tours gratuits sans d\u00e9p\u00f4t sur votre casino pr\u00e9f\u00e9r\u00e9 gr\u00e2ce \u00e0 nos offres !"},{"@type":"BreadcrumbList","@id":"https:\/\/www.bonus.ca\/fr\/machines-a-sous-gratuites\/50-tours-gratuits#breadcrumb","itemListElement":[{"@type":"ListItem","position":1,"name":"Home","item":"https:\/\/www.bonus.ca\/fr\/"},{"@type":"ListItem","position":2,"name":"Machines \u00e0 Sous Gratuites","item":"https:\/\/www.bonus.ca\/fr\/machines-a-sous-gratuites"},{"@type":"ListItem","position":3,"name":"50 tours gratuits sans d\u00e9p\u00f4t"}]},{"@type":"WebSite","@id":"https:\/\/www.bonus.ca\/fr\/#website","url":"https:\/\/www.bonus.ca\/fr\/","name":"BonusFinder Canada (Fran\u00e7ais)","description":"La source de bonus n\u00b0 1 au Canada","potentialAction":[{"@type":"SearchAction","target":{"@type":"EntryPoint","urlTemplate":"https:\/\/www.bonus.ca\/fr\/?s={search_term_string}"},"query-input":{"@type":"PropertyValueSpecification","valueRequired":true,"valueName":"search_term_string"}}],"inLanguage":"en-US"}]}},"_links":{"self":[{"href":"https:\/\/www.bonus.ca\/fr\/wp-json\/wp\/v2\/pages\/24306","targetHints":{"allow":["GET"]}}],"collection":[{"href":"https:\/\/www.bonus.ca\/fr\/wp-json\/wp\/v2\/pages"}],"about":[{"href":"https:\/\/www.bonus.ca\/fr\/wp-json\/wp\/v2\/types\/page"}],"author":[{"embeddable":true,"href":"https:\/\/www.bonus.ca\/fr\/wp-json\/wp\/v2\/users\/123"}],"replies":[{"embeddable":true,"href":"https:\/\/www.bonus.ca\/fr\/wp-json\/wp\/v2\/comments?post=24306"}],"version-history":[{"count":10,"href":"https:\/\/www.bonus.ca\/fr\/wp-json\/wp\/v2\/pages\/24306\/revisions"}],"predecessor-version":[{"id":25393,"href":"https:\/\/www.bonus.ca\/fr\/wp-json\/wp\/v2\/pages\/24306\/revisions\/25393"}],"up":[{"embeddable":true,"href":"https:\/\/www.bonus.ca\/fr\/wp-json\/wp\/v2\/pages\/11038"}],"wp:attachment":[{"href":"https:\/\/www.bonus.ca\/fr\/wp-json\/wp\/v2\/media?parent=24306"}],"curies":[{"name":"wp","href":"https:\/\/api.w.org\/{rel}","templated":true}]}}