{"id":24333,"date":"2025-04-10T07:23:29","date_gmt":"2025-04-10T07:23:29","guid":{"rendered":"https:\/\/www.bonus.ca\/fr\/?page_id=24333"},"modified":"2025-09-26T10:23:27","modified_gmt":"2025-09-26T10:23:27","slug":"25-tours-gratuits","status":"publish","type":"page","link":"https:\/\/www.bonus.ca\/fr\/machines-a-sous-gratuites\/25-tours-gratuits","title":{"rendered":"25 tours gratuits sans d\u00e9p\u00f4t"},"content":{"rendered":"<h2>Bonus de 25 tours gratuits sans d\u00e9p\u00f4t au Canada<\/h2>\n<div id=\"attachment_24372\" style=\"width: 1546px\" class=\"wp-caption alignnone\"><img loading=\"lazy\" decoding=\"async\" aria-describedby=\"caption-attachment-24372\" src=\"https:\/\/www.bonus.ca\/fr\/images\/25-tours-gratuits-sans-depot.png\" alt=\"Bonus 25 tours gratuits sans d\u00e9p\u00f4t au Canada\" width=\"1536\" height=\"920\" class=\"size-full wp-image-24372\" srcset=\"https:\/\/mediafr.bonus.ca\/images\/25-tours-gratuits-sans-depot.png 1536w, https:\/\/mediafr.bonus.ca\/images\/25-tours-gratuits-sans-depot-300x180.png 300w, https:\/\/mediafr.bonus.ca\/images\/25-tours-gratuits-sans-depot-1024x613.png 1024w, https:\/\/mediafr.bonus.ca\/images\/25-tours-gratuits-sans-depot-1048x628.png 1048w\" sizes=\"auto, (max-width: 1536px) 100vw, 1536px\" \/><p id=\"caption-attachment-24372\" class=\"wp-caption-text\">Nous avons rassembl\u00e9 pour vous les meilleures offres de bonus avec 25 tours gratuits sans d\u00e9p\u00f4t<\/p><\/div>\n<p>Nous avons s\u00e9lectionn\u00e9 les meilleurs bonus de 25 tours gratuits sans d\u00e9p\u00f4t ou 20 dans des casinos canadiens fiables.<\/p>\n<p>Ces offres vous permettent de jouer gratuitement, de gagner de l&#8217;argent r\u00e9el et de d\u00e9couvrir les meilleures machines \u00e0 sous sans d\u00e9p\u00f4t initial.<\/p>\n<p>Voici quatre casinos proposant des <a href=\"https:\/\/www.bonus.ca\/fr\/machines-a-sous-gratuites\">bonus de tours gratuits sans d\u00e9p\u00f4t<\/a> l\u00e9g\u00e8rement inf\u00e9rieurs :<\/p>\n<p>[table_start]<br \/>\n[table_head column-1=&#8221;<strong>Casino<\/strong>&#8221; column-2=&#8221;<strong>Tours gratuits sans d\u00e9p\u00f4t<\/strong>&#8221; column-3=&#8221;<strong>Machine \u00e0 sous<\/strong>&#8221; column-4=&#8221;<strong>Exigences de mise<\/strong>&#8220;]<br \/>\n[table_row column-1=&#8221;<strong>Casino Days<\/strong>&#8221; column-2=&#8221;20&#8243; column-3=&#8221;Sweet Bonanza&#8221; column-4=&#8221;35x&#8221;]<br \/>\n[table_row column-1=&#8221;<strong>SpinAway<\/strong>&#8221; column-2=&#8221;20&#8243; column-3=&#8221;Tous les jeux&#8221; column-4=&#8221;40x&#8221;]<br \/>\n[table_row column-1=&#8221;<strong>Lucky Days<\/strong>&#8221; column-2=&#8221;20&#8243; column-3=&#8221;Book of Dead&#8221; column-4=&#8221;30x&#8221;]<br \/>\n[table_end]<\/p>\n\n<h3>1. Casino Days<\/h3>\n<p>Casino Days propose un <a href=\"https:\/\/www.bonus.ca\/fr\/casino-bonus\/sans-depot\">bonus.casino sans d\u00e9p\u00f4t<\/a> de 20 tours gratuits \u00e0 utiliser sur Sweet Bonanza, une <a href=\"https:\/\/www.bonus.ca\/fr\/casino-en-ligne\/le-plus-payant\">jeux machine a sous payant<\/a> avec rouleaux en cascade et multiplicateurs \u00e9lev\u00e9s. <\/p>\n<p>Avec une exigence de mise de 35x, c&#8217;est un excellent moyen d&#8217;essayer le jeu sans risque.<\/p>\n<ul>\n<li><strong>Machine \u00e0 sous :<\/strong> Sweet Bonanza<\/li>\n<li><strong>Exigences de mise :<\/strong> 35x<\/li>\n<li><strong>Type de jeu :<\/strong> Haute volatilit\u00e9, fort potentiel de gains<\/li>\n<\/ul>\n<h3>2. SpinAway<\/h3>\n<p>20 tours gratuits sans d\u00e9p\u00f4t sont offerts sur <a href=\"https:\/\/www.bonus.ca\/fr\/spinaway-casino\">SpinAway Casino Canada<\/a> et utilisables sur n&#8217;importe quelle machine \u00e0 sous de votre choix.<\/p>\n<p>Cette flexibilit\u00e9 est rare et vous permet de s\u00e9lectionner un jeu selon votre style. L&#8217;exigence de mise est un peu plus \u00e9lev\u00e9e \u00e0 40x, mais la libert\u00e9 de choix compense largement.<\/p>\n<ul>\n<li><strong>Machine \u00e0 sous :<\/strong> Toutes machines !<\/li>\n<li><strong>Exigences de mise :<\/strong> 40x<\/li>\n<li><strong>Type de jeu :<\/strong> Flexible \u2013 haute ou basse volatilit\u00e9<\/li>\n<\/ul>\n<h3>3. Lucky Days<\/h3>\n<p>Lucky Days Casino propose 20 tours gratuits sur Book of Dead, l&#8217;une des machines \u00e0 sous \u00e0 haute volatilit\u00e9 les plus embl\u00e9matiques. Avec une exigence de mise de 30x, c&#8217;est une excellente option pour les joueurs visant de gros gains.<\/p>\n<ul>\n<li><strong>Machine \u00e0 sous :<\/strong> Book of Dead<\/li>\n<li><strong>Exigences de mise :<\/strong> 30x<\/li>\n<li><strong>Type de jeu :<\/strong> Haute volatilit\u00e9, gros gains potentiels<\/li>\n<\/ul>\n<h3>Comment r\u00e9clamer 25 tours gratuits au Canada<\/h3>\n<ol>\n<li>Choisissez un casino : Optez pour King Billy, Gratowin, Gate 777, etc.<\/li>\n<li>Inscrivez-vous : Cr\u00e9ez votre compte gratuit (aucun d\u00e9p\u00f4t requis).<\/li>\n<li>Activez vos tours gratuits : Certains casinos demandent un code bonus (v\u00e9rifiez les conditions).<\/li>\n<li>Jouez et gagnez : Utilisez vos tours sur des machines comme Starburst ou Book of Dead.<\/li>\n<li>Retirez vos gains : Remplissez les exigences de mise et retirez vos gains via Interac, PayPal ou virement bancaire.<\/li>\n<\/ol>\n<h2>Avantages et inconv\u00e9nients des 25 tours gratuits sans d\u00e9p\u00f4t<\/h2>\n<p>Le bonus de 25 tours gratuits sans d\u00e9p\u00f4t est une excellente opportunit\u00e9 pour les joueurs canadiens de d\u00e9couvrir l&#8217;univers des machines \u00e0 sous sans engagement financier. Ces bonus permettent d&#8217;explorer les casinos et de viser de vrais gains.<\/p>\n<p>Cependant, comme toute offre promotionnelle, ils pr\u00e9sentent des avantages et des limites qu&#8217;il est important de conna\u00eetre. <\/p>\n<p>Cela s&#8217;applique aussi aux bonus plus importants commes des offres <a href=\"https:\/\/www.bonus.ca\/fr\/machines-a-sous-gratuites\/50-tours-gratuits\">50 tours gratuits sans d\u00e9p\u00f4t<\/a> par exemple. En effet, qu&#8217;il sagisse de 25 ou 50 tours gratuits ou m\u00eame plus, les avantages et les inconv\u00e9nients sont assez similaires au final.<\/p>\n<p>D&#8217;ailleurs, nous avons aussi consacr\u00e9 une page sp\u00e9ciale consacr\u00e9e aux bonus de <a href=\"https:\/\/www.bonus.ca\/fr\/machines-a-sous-gratuites\/120-tours-gratuits-sans-depot\">120 tours gratuits sans d\u00e9p\u00f4t<\/a>. Nous \u00e9voquons tous les tenants et aboutissants de cette offre pr\u00e9sente sur certains casinos.<\/p>\n<p>\t<div class=\"pros-cons-item pro list-item\">\n\t\t<div class=\"list-item-icon\">\n\t\t\t<div class=\"icon-small\">\n\t\t\t\t<svg width=\"100%\" height=\"100%\" viewBox=\"0 0 24 24\" fill=\"none\" xmlns=\"http:\/\/www.w3.org\/2000\/svg\" aria-labelledby=\"proTitle proDesc\">\n\t<title id=\"proTitle\">Plus sign<\/title>\n\t<desc id=\"proDesc\">White plus sign on green background<\/desc>\n\t<path d=\"M15 3C15 2.44772 14.5523 2 14 2L10 2C9.44772 2 9 2.44772 9 3V9H3C2.44772 9 2 9.44772 2 10V14C2 14.5523 2.44772 15 3 15H9V21C9 21.5523 9.44771 22 10 22H14C14.5523 22 15 21.5523 15 21V15H21C21.5523 15 22 14.5523 22 14V10C22 9.44772 21.5523 9 21 9H15V3Z\" fill=\"currentColor\"><\/path>\n<\/svg>\n\n\t\t\t<\/div>\n\t\t<\/div>\n\t\t<div class=\"text\">Sans risque.<\/div>\n\t<\/div>\n<br \/>\n\t<div class=\"pros-cons-item pro list-item\">\n\t\t<div class=\"list-item-icon\">\n\t\t\t<div class=\"icon-small\">\n\t\t\t\t<svg width=\"100%\" height=\"100%\" viewBox=\"0 0 24 24\" fill=\"none\" xmlns=\"http:\/\/www.w3.org\/2000\/svg\" aria-labelledby=\"proTitle proDesc\">\n\t<title id=\"proTitle\">Plus sign<\/title>\n\t<desc id=\"proDesc\">White plus sign on green background<\/desc>\n\t<path d=\"M15 3C15 2.44772 14.5523 2 14 2L10 2C9.44772 2 9 2.44772 9 3V9H3C2.44772 9 2 9.44772 2 10V14C2 14.5523 2.44772 15 3 15H9V21C9 21.5523 9.44771 22 10 22H14C14.5523 22 15 21.5523 15 21V15H21C21.5523 15 22 14.5523 22 14V10C22 9.44772 21.5523 9 21 9H15V3Z\" fill=\"currentColor\"><\/path>\n<\/svg>\n\n\t\t\t<\/div>\n\t\t<\/div>\n\t\t<div class=\"text\">Possibilit\u00e9 de gagner de l'argent r\u00e9el sans d\u00e9p\u00f4t.<\/div>\n\t<\/div>\n<br \/>\n\t<div class=\"pros-cons-item pro list-item\">\n\t\t<div class=\"list-item-icon\">\n\t\t\t<div class=\"icon-small\">\n\t\t\t\t<svg width=\"100%\" height=\"100%\" viewBox=\"0 0 24 24\" fill=\"none\" xmlns=\"http:\/\/www.w3.org\/2000\/svg\" aria-labelledby=\"proTitle proDesc\">\n\t<title id=\"proTitle\">Plus sign<\/title>\n\t<desc id=\"proDesc\">White plus sign on green background<\/desc>\n\t<path d=\"M15 3C15 2.44772 14.5523 2 14 2L10 2C9.44772 2 9 2.44772 9 3V9H3C2.44772 9 2 9.44772 2 10V14C2 14.5523 2.44772 15 3 15H9V21C9 21.5523 9.44771 22 10 22H14C14.5523 22 15 21.5523 15 21V15H21C21.5523 15 22 14.5523 22 14V10C22 9.44772 21.5523 9 21 9H15V3Z\" fill=\"currentColor\"><\/path>\n<\/svg>\n\n\t\t\t<\/div>\n\t\t<\/div>\n\t\t<div class=\"text\">Acc\u00e8s \u00e0 des machines \u00e0 sous \u00e0 haut RTP.<\/div>\n\t<\/div>\n<br \/>\n<div class=\"pros-cons-item con list-item\">\n\t\t<div class=\"list-item-icon\">\n\t\t\t<div class=\"icon-small\">\n\t\t\t\t<svg width=\"100%\" height=\"100%\" viewBox=\"0 0 24 24\" fill=\"none\" xmlns=\"http:\/\/www.w3.org\/2000\/svg\" aria-labelledby=\"conTitle conDesc\">\n\t<title id=\"conTitle\">Minus sign<\/title>\n\t<desc id=\"conDesc\">White minus sign on red background<\/desc>\n\t<rect x=\"2\" y=\"9\" width=\"20\" height=\"6\" rx=\"1\" fill=\"currentColor\"><\/rect>\n<\/svg>\n\n\t\t\t<\/div>\n\t\t<\/div>\n\t\t<div class=\"text\">Exigences de mise \u00e9lev\u00e9es.<\/div>\n\t<\/div>\n<br \/>\n<div class=\"pros-cons-item con list-item\">\n\t\t<div class=\"list-item-icon\">\n\t\t\t<div class=\"icon-small\">\n\t\t\t\t<svg width=\"100%\" height=\"100%\" viewBox=\"0 0 24 24\" fill=\"none\" xmlns=\"http:\/\/www.w3.org\/2000\/svg\" aria-labelledby=\"conTitle conDesc\">\n\t<title id=\"conTitle\">Minus sign<\/title>\n\t<desc id=\"conDesc\">White minus sign on red background<\/desc>\n\t<rect x=\"2\" y=\"9\" width=\"20\" height=\"6\" rx=\"1\" fill=\"currentColor\"><\/rect>\n<\/svg>\n\n\t\t\t<\/div>\n\t\t<\/div>\n\t\t<div class=\"text\">Plafond de retrait limit\u00e9.<\/div>\n\t<\/div>\n<br \/>\n<div class=\"pros-cons-item con list-item\">\n\t\t<div class=\"list-item-icon\">\n\t\t\t<div class=\"icon-small\">\n\t\t\t\t<svg width=\"100%\" height=\"100%\" viewBox=\"0 0 24 24\" fill=\"none\" xmlns=\"http:\/\/www.w3.org\/2000\/svg\" aria-labelledby=\"conTitle conDesc\">\n\t<title id=\"conTitle\">Minus sign<\/title>\n\t<desc id=\"conDesc\">White minus sign on red background<\/desc>\n\t<rect x=\"2\" y=\"9\" width=\"20\" height=\"6\" rx=\"1\" fill=\"currentColor\"><\/rect>\n<\/svg>\n\n\t\t\t<\/div>\n\t\t<\/div>\n\t\t<div class=\"text\">S\u00e9lection de jeux restreinte.<\/div>\n\t<\/div>\n<\/p>\n<div class=\"bonusfinder-tip expert-pick-card\">\n\t<div class=\"title\">\n\t\t<div class=\"tip-icon\">\n\t\t\t<img decoding=\"async\" src=\"https:\/\/mediafr.bonus.ca\/images\/crown.svg\" width=\"36\" height=\"36\" class=\"icon-xlarge\" loading=\"lazy\" alt=\"expert-pick-icon\" srcset=\"https:\/\/mediafr.bonus.ca\/images\/crown.svg 1x, https:\/\/mediafr.bonus.ca\/images\/crown.svg 2x\" \/>\n\t\t<\/div>\n\t\t<div class=\"expert-title\">Recommandation de Notre Expert BonusFinder<\/div>\n\t<\/div>\n\t<div>Comme toute offre all\u00e9chante, il y a souvent des d\u00e9tails importants dans les petites lignes. Le casino ne vous offrira que rarement un bonus de tours gratuits sans aucunes conditions.<\/div>\n    \t<div class=\"expert-pick-author-container\">\n\t\t<img decoding=\"async\" width=\"40\" height=\"40\" src=\"https:\/\/mediafr.bonus.ca\/images\/luciano.png\" class=\"expert-pick-author-image\" loading=\"lazy\" srcset=\"https:\/\/mediafr.bonus.ca\/images\/luciano.png 1x, https:\/\/mediafr.bonus.ca\/images\/luciano.png 2x\" \/>\n\t\t\t<div class=\"expert-pick-content-container\">\n\t\t\t\t<a href=\"https:\/\/www.bonus.ca\/fr\/a-propos\/auteurs\/luciano-passavanti\" class=\"expert-pick-author-name\">Luciano Passavanti<\/a>\n\t\t\t\t<div class=\"expert-pick-author-title\">Vice-pr\u00e9sident et v\u00e9rificateur de faits<\/div>\n\t\t\t<\/div>\n\t<\/div>\n\t<\/div>\n\n<h2>Casinos 25 tours gratuit sans d\u00e9p\u00f4t<\/h2>\n<p>M\u00eame si les 25 tours gratuits sans d\u00e9p\u00f4t sont plus rares aujourd&#8217;hui, de nombreux casinos canadiens de qualit\u00e9 proposent 25 tours gratuits en \u00e9change d&#8217;un faible d\u00e9p\u00f4t. Ces promotions permettent de jouer pour de l&#8217;argent r\u00e9el tout en b\u00e9n\u00e9ficiant de conditions de mise avantageuses.<\/p>\n<p>Avec une offre de <a href=\"https:\/\/www.bonus.ca\/fr\/casino-bonus\/depot-minimum\">casino \u00e0 d\u00e9p\u00f4t minimum<\/a>, vous d\u00e9bloquez non seulement des tours gratuits, mais aussi des avantages suppl\u00e9mentaires comme des plafonds de retrait plus \u00e9lev\u00e9s, moins de restrictions et un acc\u00e8s \u00e0 plus de jeux. <\/p>\n<p>Certains casinos, comme PlayOJO, proposent m\u00eame des tours gratuits sans exigence de mise, ce qui signifie que tous vos gains sont directement retirables !<\/p>\n<p>Voici les meilleurs casinos o\u00f9 obtenir 25 tours gratuits avec un petit d\u00e9p\u00f4t :<\/p>\n<p>[table_start]<br \/>\n[table_head column-1=&#8217;<strong>Casino<\/strong>&#8216; column-2=&#8217;<strong>Tours gratuits<\/strong>&#8216; column-3=&#8217;<strong>Code bonus<\/strong>&#8216; column-4=&#8217;<strong>D\u00e9p\u00f4t requis<\/strong>&#8216;]<br \/>\n[table_row column-1=&#8217;<strong>Real Spin Casino<\/strong>&#8216; column-2=&#8217;<strong>25 tours gratuits<\/strong>&#8216; column-3=&#8217;WELCOME125&#8242; column-4=&#8217;20 $ + 25 $ de bonus&#8217;]<br \/>\n[table_row column-1=&#8217;<strong>Spinia Casino<\/strong>&#8216; column-2=&#8217;<strong>25 tours gratuits<\/strong> sur Big Bass Bonanza&#8217; column-3=&#8217;PINACOLADA&#8217; column-4=&#8217;25 $ + 25 $ de bonus&#8217;]<br \/>\n[table_row column-1=&#8217;<strong>DachBet Casino<\/strong>&#8216; column-2=&#8217;<strong>25 tours gratuits<\/strong> sur Gemini Joker, The Hive, Spring Tails, Lucky Seven&#8217; column-3=&#8217;WELCOME200&#8242; column-4=&#8217;20 $ + 20 $ de bonus&#8217;]<br \/>\n[table_row column-1=&#8217;<strong>PriBet Casino<\/strong>&#8216; column-2=&#8217;<strong>25 tours gratuits<\/strong> sur Gemini Joker, The Hive, Spring Tails, Lucky Seven&#8217; column-3=&#8217;WELCOME200&#8242; column-4=&#8217;20 $ + 20 $ de bonus&#8217;]<br \/>\n[table_row column-1=&#8217;<strong>EmirBet Casino<\/strong>&#8216; column-2=&#8217;<strong>25 tours gratuits<\/strong> sur Book of Dead&#8217; column-3=&#8217;N\/A&#8217; column-4=&#8217;20 $ + 25 $ de bonus&#8217;]<br \/>\n[table_row column-1=&#8217;<strong>Casiyou Casino<\/strong>&#8216; column-2=&#8217;<strong>25 tours gratuits sans d\u00e9p\u00f4t<\/strong> sur Sun of Egypt 3&#8242; column-3=&#8217;N\/A&#8217; column-4=&#8217;Pas de d\u00e9p\u00f4t requis&#8217;]<br \/>\n[table_row column-1=&#8217;<strong>Zodiac Bet Casino<\/strong>&#8216; column-2=&#8217;<strong>25 tours gratuits<\/strong> sur Alkemor\u00b4s Elements&#8217; column-3=&#8217;ZBWEL125&#8242; column-4=&#8217;30 $ + 37 $ de bonus&#8217;]<br \/>\n[table_row column-1=&#8217;<strong>Trust Dice Casino<\/strong>&#8216; column-2=&#8217;<strong>25 tours gratuits<\/strong>&#8216; column-3=&#8217;N\/A&#8217; column-4=&#8217;10 $ de d\u00e9p\u00f4t&#8217;]<br \/>\n[table_end]<\/p>\n<h2>Comment tirer le meilleur parti de vos 25 tours gratuits<\/h2>\n<p>Toutes les offres de tours gratuits ne se valent pas. Avant de r\u00e9clamer, pensez \u00e0 :<\/p>\n<p><strong>1. V\u00e9rifier d&#8217;abord les conditions du bonus<\/strong><\/p>\n<ul>\n<li><strong>Confirmer la disponibilit\u00e9<\/strong> : Certaines offres peuvent \u00eatre limit\u00e9es au Canada.<\/li>\n<li><strong>Lire les petites lignes<\/strong> : V\u00e9rifiez les exigences de mise, plafonds de retrait et d\u00e9lais d&#8217;expiration.<\/li>\n<li><strong>Conna\u00eetre les restrictions de jeux<\/strong> : Certains tours sont valables sur n&#8217;importe quelle machine, d&#8217;autres sur des jeux sp\u00e9cifiques.<\/li>\n<\/ul>\n<p><strong>Exemple :<\/strong> Une exigence de mise de 35x signifie que si vous gagnez 10 $ CA, vous devrez miser 350 $ CA avant de pouvoir retirer.<\/p>\n<p><strong>2. Choisir le meilleur bonus de tours gratuits<\/strong><br \/>\nLe bon casino et le bon bonus peuvent tout changer :<\/p>\n<ul>\n<li><strong>Faibles exigences de mise<\/strong> : Moins de 35x pour de meilleures chances de retrait.<\/li>\n<li><strong>Plafonds de retrait \u00e9lev\u00e9s<\/strong> : \u00c9vitez les casinos qui limitent vos gains.<\/li>\n<li><strong>Large s\u00e9lection de jeux<\/strong> : Plus d&#8217;options = plus de chances de gagner.<\/li>\n<\/ul>\n\t<div class=\"highlight-block card-fancy\">\n\t\t<div class=\"card-inner\">\n                            <img loading=\"lazy\" decoding=\"async\" src=\"https:\/\/www.bonus.ca\/fr\/images\/cropped-bf-favicon_wp.png\" alt=\"Logo BonusFinder\" width=\"512\" height=\"512\" class=\"aligncenter size-full wp-image-7461\" srcset=\"https:\/\/mediafr.bonus.ca\/images\/cropped-bf-favicon_wp.png 512w, https:\/\/mediafr.bonus.ca\/images\/cropped-bf-favicon_wp-300x300.png 300w, https:\/\/mediafr.bonus.ca\/images\/cropped-bf-favicon_wp-150x150.png 150w, https:\/\/mediafr.bonus.ca\/images\/cropped-bf-favicon_wp-370x370.png 370w, https:\/\/mediafr.bonus.ca\/images\/cropped-bf-favicon_wp-128x128.png 128w, https:\/\/mediafr.bonus.ca\/images\/cropped-bf-favicon_wp-104x104.png 104w, https:\/\/mediafr.bonus.ca\/images\/cropped-bf-favicon_wp-48x48.png 48w, https:\/\/mediafr.bonus.ca\/images\/cropped-bf-favicon_wp-40x40.png 40w\" sizes=\"auto, (max-width: 512px) 100vw, 512px\" \/>\n            \t\t\t<div class=\"card-content\">\n\t\t\t\t<h4 class=\"no-margin-top\"> Notre avis sur les bonus sans conditions de mises<\/h4>\n\t\t\t\t<div>Les casinos offrant des tours gratuits sans exigence de mise vous permettent de garder tous vos gains instantan\u00e9ment, ce sont les meilleures offres !<\/div>\n\t\t\t<\/div>\n\t\t<\/div>\n\t<\/div>\n\n<p><strong>3. Ne n\u00e9gligez pas les tours gratuits avec d\u00e9p\u00f4t<\/strong><br \/>\nLes tours gratuits sans d\u00e9p\u00f4t sont excellents pour tester, mais ceux avec d\u00e9p\u00f4t offrent souvent de meilleures conditions. <\/p>\n<p>Commencez avec les tours gratuits sans d\u00e9p\u00f4t, et si vous aimez le casino, profiter d&#8217;un petit <a href=\"https:\/\/www.bonus.ca\/fr\/casino-bonus\/depot-minimum\/casino-depot-5\">casino 5$<\/a> ou m\u00eame encore moins, 2$ pour d\u00e9bloquer de plus grandes r\u00e9compenses.<\/p>\n<h2>Conditions g\u00e9n\u00e9rales<\/h2>\n<p>Les conditions des offres de 25 tours gratuits, incluant les exigences de mise, les plafonds de gains, les p\u00e9riodes de validit\u00e9, les m\u00e9thodes de paiement accept\u00e9es et la s\u00e9lection de jeux, d\u00e9terminent comment vous pouvez utiliser et b\u00e9n\u00e9ficier pleinement de vos tours gratuits.<\/p>\n<p>Visez des offres avec des exigences de mise basses et des plafonds de gains \u00e9lev\u00e9s, et surveillez toujours la date d&#8217;expiration pour maximiser vos avantages.<\/p>\n<p>[table_start]<br \/>\n[table_row left=&#8217;Exigences de mise&#8217; right=&#8217;Indiquent combien de fois vous devez miser vos gains avant de pouvoir retirer. Privil\u00e9giez les bonus avec les exigences les plus faibles.&#8217;]<br \/>\n[table_row left=&#8217;Plafond de gains&#8217; right=&#8217;D\u00e9finit le montant maximal que vous pouvez retirer de vos gains issus des tours gratuits.&#8217;]<br \/>\n[table_row left=&#8217;P\u00e9riode de validit\u00e9&#8217; right=&#8217;D\u00e9lai pendant lequel vous devez utiliser vos tours et remplir les conditions de mise.&#8217;]<br \/>\n[table_row left=&#8217;M\u00e9thodes de paiement accept\u00e9es&#8217; right=&#8217;Certaines offres n\u00e9cessitent un d\u00e9p\u00f4t ou une v\u00e9rification via des m\u00e9thodes sp\u00e9cifiques.&#8217;]<br \/>\n[table_row left=&#8217;S\u00e9lection de jeux&#8217; right=&#8217;Indique les machines \u00e0 sous sur lesquelles vous pouvez utiliser vos tours gratuits.&#8217;]<br \/>\n[table_end]<\/p>\n","protected":false},"excerpt":{"rendered":"<p>Bonus de 25 tours gratuits sans d\u00e9p\u00f4t au Canada Nous avons s\u00e9lectionn\u00e9 les meilleurs bonus de 25 tours gratuits sans d\u00e9p\u00f4t ou 20 dans des casinos canadiens fiables. Ces offres vous permettent de jouer gratuitement, de gagner de l&#8217;argent r\u00e9el et de d\u00e9couvrir les meilleures machines \u00e0 sous sans d\u00e9p\u00f4t initial. Voici quatre casinos proposant [&hellip;]<\/p>\n","protected":false},"author":123,"featured_media":0,"parent":11038,"menu_order":0,"comment_status":"closed","ping_status":"closed","template":"","meta":{"inline_featured_image":false,"_glsr_average":0,"_glsr_ranking":0,"_glsr_reviews":0,"footnotes":""},"class_list":["post-24333","page","type-page","status-publish","hentry"],"yoast_head":"<!-- This site is optimized with the Yoast SEO plugin v27.5 - https:\/\/yoast.com\/product\/yoast-seo-wordpress\/ -->\n<title>Casinos avec 25 tours gratuits sans d\u00e9p\u00f4t | Canada [year]<\/title>\n<meta name=\"description\" content=\"Recevez 25 tours gratuits sans d\u00e9p\u00f4t | D\u00e9couvrez notre liste compl\u00e8te de bonus 25 tours gratuits au Canada en [month] [year] !\" \/>\n<meta name=\"robots\" content=\"index, follow, max-snippet:-1, max-image-preview:large, max-video-preview:-1\" \/>\n<link rel=\"canonical\" href=\"https:\/\/www.bonus.ca\/fr\/machines-a-sous-gratuites\/25-tours-gratuits\" \/>\n<meta property=\"og:type\" content=\"article\" \/>\n<meta property=\"og:title\" content=\"Casinos avec 25 tours gratuits sans d\u00e9p\u00f4t | Canada [year]\" \/>\n<meta property=\"og:description\" content=\"Recevez 25 tours gratuits sans d\u00e9p\u00f4t | D\u00e9couvrez notre liste compl\u00e8te de bonus 25 tours gratuits au Canada en [month] [year] !\" \/>\n<meta property=\"og:url\" content=\"https:\/\/www.bonus.ca\/fr\/machines-a-sous-gratuites\/25-tours-gratuits\" \/>\n<meta property=\"article:published_time\" content=\"2025-04-10T07:23:29+00:00\" \/>\n<meta property=\"article:modified_time\" content=\"2025-09-26T10:23:27+00:00\" \/>\n<meta property=\"og:image\" content=\"https:\/\/mediafr.bonus.ca\/images\/25-tours-gratuits-sans-depot.png\" \/>\n<meta name=\"twitter:card\" content=\"summary_large_image\" \/>\n<meta name=\"twitter:label1\" content=\"Est. reading time\" \/>\n\t<meta name=\"twitter:data1\" content=\"7 minutes\" \/>\n<!-- \/ Yoast SEO plugin. -->","yoast_head_json":{"title":"Casinos avec 25 tours gratuits sans d\u00e9p\u00f4t | Canada [year]","description":"Recevez 25 tours gratuits sans d\u00e9p\u00f4t | D\u00e9couvrez notre liste compl\u00e8te de bonus 25 tours gratuits au Canada en [month] [year] !","robots":{"index":"index","follow":"follow","max-snippet":"max-snippet:-1","max-image-preview":"max-image-preview:large","max-video-preview":"max-video-preview:-1"},"canonical":"https:\/\/www.bonus.ca\/fr\/machines-a-sous-gratuites\/25-tours-gratuits","og_type":"article","og_title":"Casinos avec 25 tours gratuits sans d\u00e9p\u00f4t | Canada [year]","og_description":"Recevez 25 tours gratuits sans d\u00e9p\u00f4t | D\u00e9couvrez notre liste compl\u00e8te de bonus 25 tours gratuits au Canada en [month] [year] !","og_url":"https:\/\/www.bonus.ca\/fr\/machines-a-sous-gratuites\/25-tours-gratuits","article_published_time":"2025-04-10T07:23:29+00:00","article_modified_time":"2025-09-26T10:23:27+00:00","og_image":[{"url":"https:\/\/mediafr.bonus.ca\/images\/25-tours-gratuits-sans-depot.png","type":"","width":"","height":""}],"twitter_card":"summary_large_image","twitter_misc":{"Est. reading time":"7 minutes"},"schema":{"@context":"https:\/\/schema.org","@graph":[{"@type":"WebPage","@id":"https:\/\/www.bonus.ca\/fr\/machines-a-sous-gratuites\/25-tours-gratuits","url":"https:\/\/www.bonus.ca\/fr\/machines-a-sous-gratuites\/25-tours-gratuits","name":"Casinos avec 25 tours gratuits sans d\u00e9p\u00f4t | Canada [year]","isPartOf":{"@id":"\/#website"},"primaryImageOfPage":{"@id":"https:\/\/www.bonus.ca\/fr\/machines-a-sous-gratuites\/25-tours-gratuits#primaryimage"},"image":{"@id":"https:\/\/www.bonus.ca\/fr\/machines-a-sous-gratuites\/25-tours-gratuits#primaryimage"},"thumbnailUrl":"https:\/\/www.bonus.ca\/fr\/images\/25-tours-gratuits-sans-depot.png","datePublished":"2025-04-10T07:23:29+00:00","dateModified":"2025-09-26T10:23:27+00:00","description":"Recevez 25 tours gratuits sans d\u00e9p\u00f4t | D\u00e9couvrez notre liste compl\u00e8te de bonus 25 tours gratuits au Canada en [month] [year] !","breadcrumb":{"@id":"https:\/\/www.bonus.ca\/fr\/machines-a-sous-gratuites\/25-tours-gratuits#breadcrumb"},"inLanguage":"en-US","potentialAction":[{"@type":"ReadAction","target":["https:\/\/www.bonus.ca\/fr\/machines-a-sous-gratuites\/25-tours-gratuits"]}]},{"@type":"ImageObject","inLanguage":"en-US","@id":"https:\/\/www.bonus.ca\/fr\/machines-a-sous-gratuites\/25-tours-gratuits#primaryimage","url":"https:\/\/mediafr.bonus.ca\/images\/25-tours-gratuits-sans-depot.png","contentUrl":"https:\/\/mediafr.bonus.ca\/images\/25-tours-gratuits-sans-depot.png","width":1536,"height":920,"caption":"Nous avons rassembl\u00e9 pour vous les meilleures offres de bonus avec 25 tours gratuits sans d\u00e9p\u00f4t"},{"@type":"BreadcrumbList","@id":"https:\/\/www.bonus.ca\/fr\/machines-a-sous-gratuites\/25-tours-gratuits#breadcrumb","itemListElement":[{"@type":"ListItem","position":1,"name":"Home","item":"https:\/\/www.bonus.ca\/fr\/"},{"@type":"ListItem","position":2,"name":"Machines \u00e0 Sous Gratuites","item":"https:\/\/www.bonus.ca\/fr\/machines-a-sous-gratuites"},{"@type":"ListItem","position":3,"name":"25 tours gratuits sans d\u00e9p\u00f4t"}]},{"@type":"WebSite","@id":"\/#website","url":"\/","name":"BonusFinder Canada (Fran\u00e7ais)","description":"La source de bonus n\u00b0 1 au Canada","potentialAction":[{"@type":"SearchAction","target":{"@type":"EntryPoint","urlTemplate":"\/?s={search_term_string}"},"query-input":{"@type":"PropertyValueSpecification","valueRequired":true,"valueName":"search_term_string"}}],"inLanguage":"en-US"}]}},"_links":{"self":[{"href":"https:\/\/www.bonus.ca\/fr\/wp-json\/wp\/v2\/pages\/24333","targetHints":{"allow":["GET"]}}],"collection":[{"href":"https:\/\/www.bonus.ca\/fr\/wp-json\/wp\/v2\/pages"}],"about":[{"href":"https:\/\/www.bonus.ca\/fr\/wp-json\/wp\/v2\/types\/page"}],"author":[{"embeddable":true,"href":"https:\/\/www.bonus.ca\/fr\/wp-json\/wp\/v2\/users\/123"}],"replies":[{"embeddable":true,"href":"https:\/\/www.bonus.ca\/fr\/wp-json\/wp\/v2\/comments?post=24333"}],"version-history":[{"count":10,"href":"https:\/\/www.bonus.ca\/fr\/wp-json\/wp\/v2\/pages\/24333\/revisions"}],"predecessor-version":[{"id":25394,"href":"https:\/\/www.bonus.ca\/fr\/wp-json\/wp\/v2\/pages\/24333\/revisions\/25394"}],"up":[{"embeddable":true,"href":"https:\/\/www.bonus.ca\/fr\/wp-json\/wp\/v2\/pages\/11038"}],"wp:attachment":[{"href":"https:\/\/www.bonus.ca\/fr\/wp-json\/wp\/v2\/media?parent=24333"}],"curies":[{"name":"wp","href":"https:\/\/api.w.org\/{rel}","templated":true}]}}