{"id":24405,"date":"2025-04-15T13:27:01","date_gmt":"2025-04-15T13:27:01","guid":{"rendered":"https:\/\/www.bonus.ca\/fr\/?page_id=24405"},"modified":"2026-04-02T12:38:33","modified_gmt":"2026-04-02T12:38:33","slug":"all-slots-casino","status":"publish","type":"page","link":"https:\/\/www.bonus.ca\/fr\/all-slots-casino","title":{"rendered":"All Slots Casino"},"content":{"rendered":"<h2>All Slots Casino : Avis et conseils<\/h2>\n<p>All Slots Casino est l&#8217;un des pionniers du casino en ligne au Canada. Ce <a href=\"https:\/\/www.bonus.ca\/fr\/casino-en-ligne\">casino en ligne en argent r\u00e9el<\/a> est actif depuis l&#8217;an 2000, ce qui en fait l&#8217;un des plus anciens toujours en activit\u00e9 dans le pays !<\/p>\n<p><img loading=\"lazy\" decoding=\"async\" src=\"https:\/\/www.bonus.ca\/fr\/images\/all-slots-page-daccueil-1.png\" alt=\"Page d'accueil avec bonus du casino All Slots\" width=\"1536\" height=\"920\" class=\"alignnone size-full wp-image-24410\" srcset=\"https:\/\/mediafr.bonus.ca\/images\/all-slots-page-daccueil-1.png 1536w, https:\/\/mediafr.bonus.ca\/images\/all-slots-page-daccueil-1-300x180.png 300w, https:\/\/mediafr.bonus.ca\/images\/all-slots-page-daccueil-1-1024x613.png 1024w, https:\/\/mediafr.bonus.ca\/images\/all-slots-page-daccueil-1-1048x628.png 1048w\" sizes=\"auto, (max-width: 1536px) 100vw, 1536px\" \/><\/p>\n<p>Ce casino est exploit\u00e9 par Baytree Limited et d\u00e9tient une licence d\u00e9livr\u00e9e par la Alderney Gambling Control Commission. <\/p>\n<p>Dans l&#8217;ensemble, jouer sur All Slots Casino est une exp\u00e9rience s\u00e9curis\u00e9e et agr\u00e9able. De plus, les nouveaux joueurs peuvent b\u00e9n\u00e9ficier de certains des <a href=\"https:\/\/www.bonus.ca\/fr\/casino-bonus\">meilleurs bonus de casino<\/a> au Canada !<\/p>\n<h2>Bonus de bienvenue All Slots Casino<\/h2>\n<p>All Slots Casino offre un g\u00e9n\u00e9reux bonus de bienvenue pouvant atteindre 1 500 $ pour les nouveaux joueurs canadiens ! Il est r\u00e9parti sur les trois premiers d\u00e9p\u00f4ts, avec un taux de correspondance de 100 %, soit le m\u00eame montant que votre d\u00e9p\u00f4t.<\/p>\n<div class=\"bonusfinder-tip card-fancy margin-vertical-medium\">\n\t<div class=\"title\">\n\t\t<div class=\"tip-icon\">\n\t\t\t<img decoding=\"async\" src=\"https:\/\/mediafr.bonus.ca\/images\/bf-icon_tip-emblem.svg\" height=\"36\" width=\"36\" class=\"icon-xlarge\" loading=\"lazy\" alt=\"editor tip icon\" srcset=\"https:\/\/mediafr.bonus.ca\/images\/bf-icon_tip-emblem.svg 1x, https:\/\/mediafr.bonus.ca\/images\/bf-icon_tip-emblem.svg 2x\" \/>\n\t\t<\/div>\n\t\t<div>Conseil BonusFinder<\/div>\n\t<\/div>\n\t<div class=\"content\">Veuillez noter que le montant du bonus est soumis \u00e0 une exigence de mise de 35 fois (35x) avant de pouvoir \u00eatre transf\u00e9r\u00e9 de votre solde bonus vers votre solde en argent r\u00e9el (\"exigence de mise\").<\/div>\n<\/div>\n\n<ul>\n<li>1er d\u00e9p\u00f4t : 100 % jusqu&#8217;\u00e0 500 $<\/li>\n<li>2e d\u00e9p\u00f4t : 100 % jusqu&#8217;\u00e0 500 $<\/li>\n<li>3e d\u00e9p\u00f4t : 100 % jusqu&#8217;\u00e0 500 $<\/li>\n<li>D\u00e9p\u00f4t minimum : 10 $<\/li>\n<li>Exigence de mise : 35x<\/li>\n<\/ul>\n<h3>Conditions de mise<\/h3>\n<p><img loading=\"lazy\" decoding=\"async\" src=\"https:\/\/www.bonus.ca\/fr\/images\/All-slots-conditions-bonus-1.png\" alt=\"Conditions de bonus.casino All slots\" width=\"1536\" height=\"920\" class=\"alignnone size-full wp-image-24409\" srcset=\"https:\/\/mediafr.bonus.ca\/images\/All-slots-conditions-bonus-1.png 1536w, https:\/\/mediafr.bonus.ca\/images\/All-slots-conditions-bonus-1-300x180.png 300w, https:\/\/mediafr.bonus.ca\/images\/All-slots-conditions-bonus-1-1024x613.png 1024w, https:\/\/mediafr.bonus.ca\/images\/All-slots-conditions-bonus-1-1048x628.png 1048w\" sizes=\"auto, (max-width: 1536px) 100vw, 1536px\" \/><\/p>\n<p>Chez All Slots Casino, le bonus de d\u00e9p\u00f4t est soumis \u00e0 une exigence de mise de 35x, uniquement sur le montant du bonus. <\/p>\n<p>Vous devrez donc miser 35 fois le montant du bonus avant de pouvoir retirer vos gains. <\/p>\n<p>De plus, vous serez limit\u00e9 \u00e0 un retrait maximum \u00e9quivalent \u00e0 6 fois votre premier d\u00e9p\u00f4t. Ce plafond reste raisonnable.<\/p>\n<p>Le pourcentage du bonus pris en compte varie selon les jeux. Les machines NetEnt comptent \u00e0 50 %, ce qui \u00e9quivaut \u00e0 une exigence de mise de 100x si vous jouez uniquement \u00e0 ces jeux. Les jeux de table, comme le poker, la roulette ou le blackjack, comptent \u00e0 8 %.<\/p>\n<h3>Programme de fid\u00e9lit\u00e9<\/h3>\n<p>All Slots Casino propose un programme de fid\u00e9lit\u00e9, mais les d\u00e9tails sont limit\u00e9s pour les joueurs non-VIP. Vous commencerez au niveau Bronze, puis pourrez \u00e9voluer vers Argent, Or, Platine et Diamant.<\/p>\n<p>Vous recevez 2 500 points fid\u00e9lit\u00e9 lors de votre premier d\u00e9p\u00f4t. Ces points peuvent \u00eatre convertis en argent r\u00e9el, mais le taux de conversion n&#8217;est pas indiqu\u00e9. Si vous cherchez un casino avec des offres de cashback claires et ouvertes, nous vous conseillons <a href=\"https:\/\/www.bonus.ca\/fr\/playojo\">PlayOJO Casino<\/a>.<\/p>\n<h2>S\u00e9lection de jeux<\/h2>\n<p>Soyons honn\u00eates, All Slots Casino propose un nombre limit\u00e9 de jeux. Malgr\u00e9 son nom, le nombre de machines \u00e0 sous peut sembler d\u00e9cevant.<\/p>\n<p>C&#8217;est un probl\u00e8me courant chez les anciens casinos en ligne, actifs depuis les ann\u00e9es 2000. \u00c0 l&#8217;\u00e9poque, proposer plusieurs centaines de machines \u00e0 sous \u00e9tait exceptionnel ! <\/p>\n<p>Aujourd&#8217;hui, All Slots Casino en propose plus de 700. <\/p>\n<div class=\"bonusfinder-tip expert-pick-card\">\n\t<div class=\"title\">\n\t\t<div class=\"tip-icon\">\n\t\t\t<img decoding=\"async\" src=\"https:\/\/mediafr.bonus.ca\/images\/crown.svg\" width=\"36\" height=\"36\" class=\"icon-xlarge\" loading=\"lazy\" alt=\"expert-pick-icon\" srcset=\"https:\/\/mediafr.bonus.ca\/images\/crown.svg 1x, https:\/\/mediafr.bonus.ca\/images\/crown.svg 2x\" \/>\n\t\t<\/div>\n\t\t<div class=\"expert-title\">Recommandation de Notre Expert BonusFinder<\/div>\n\t<\/div>\n\t<div>Tant que le casino offre les meilleurs jeux, le bilan reste positif. Pas besoin de proposer des milliers pour avoir un catalogue comp\u00e9titif.<\/div>\n    \t<div class=\"expert-pick-author-container\">\n\t\t<img decoding=\"async\" width=\"40\" height=\"40\" src=\"https:\/\/mediafr.bonus.ca\/images\/luciano.png\" class=\"expert-pick-author-image\" loading=\"lazy\" srcset=\"https:\/\/mediafr.bonus.ca\/images\/luciano.png 1x, https:\/\/mediafr.bonus.ca\/images\/luciano.png 2x\" \/>\n\t\t\t<div class=\"expert-pick-content-container\">\n\t\t\t\t<a href=\"https:\/\/www.bonus.ca\/fr\/a-propos\/auteurs\/luciano-passavanti\" class=\"expert-pick-author-name\">Luciano Passavanti<\/a>\n\t\t\t\t<div class=\"expert-pick-author-title\">Vice-pr\u00e9sident et v\u00e9rificateur de faits<\/div>\n\t\t\t<\/div>\n\t<\/div>\n\t<\/div>\n\n<h3>Machines \u00e0 sous en ligne les plus payantes sur All Slot Casino<\/h3>\n<p>All Slots Casino est propuls\u00e9 par Microgaming (aussi connu sous le nom Games Global), \u00e0 l&#8217;origine de la majorit\u00e9 des <a href=\"https:\/\/www.bonus.ca\/fr\/casino-en-ligne\/le-plus-payant\">les machines \u00e0 sous les plus payantes<\/a>. Ses jackpots progressifs sont tr\u00e8s r\u00e9put\u00e9s, mais on y trouve aussi des titres \u00e0 faible volatilit\u00e9 comme Wacky Panda. Voici quelques machines populaires !<\/p>\n<h4>Immortal Romance<\/h4>\n<p>Le th\u00e8me, la musique et les graphismes sont tr\u00e8s soign\u00e9s. Si vous aimez l&#8217;univers des vampires, vous allez adorer.<\/p>\n<p>Immortal Romance est l&#8217;une des machines les plus populaires au Canada, sortie en 2011.<\/p>\n<p>Il existe plusieurs variantes comme Immortal Romance 2 ou encore Immortal Romance Roulette, mais nous recommandons vivement l&#8217;originale, devenue culte.<\/p>\n<h4>Mega Moolah<\/h4>\n<p>La machine \u00e0 jackpot progressif <a href=\"https:\/\/www.bonus.ca\/fr\/machines-a-sous-gratuites\/mega-moolah\">Mega Moolah<\/a>est la plus connue pour ses gains \u00e9normes. <\/p>\n<p>Cr\u00e9\u00e9e par Microgaming, elle est bas\u00e9e sur un th\u00e8me safari africain et propose quatre jackpots progressifs : Mini, Minor, Major et Mega, ce dernier pouvant atteindre plusieurs millions de dollars.<\/p>\n<p>Le RTP est g\u00e9n\u00e9ralement inf\u00e9rieur \u00e0 90 % selon les derni\u00e8res donn\u00e9es. Cette machine est faite pour r\u00eaver grand et pour perdre gros. Gardez un \u0153il sur votre budget et jouez avec m\u00e9thodologie.<\/p>\n<h4>All Aces Poker<\/h4>\n<p>All Aces Poker de Microgaming est une variante de vid\u00e9o poker o\u00f9 le but est d&#8217;obtenir la meilleure main. On y joue avec un jeu standard de 52 cartes. Le gain maximal est attribu\u00e9 \u00e0 la quinte flush royale. <\/p>\n<p>Particularit\u00e9 : les combinaisons de quatre cartes identiques (et surtout les quatre As) sont mieux r\u00e9mun\u00e9r\u00e9es, d&#8217;o\u00f9 le nom du jeu.<\/p>\n<p>Ce jeu colle bien \u00e0 l&#8217;univers de All Slots Casino. Lanc\u00e9 il y a pr\u00e8s de 20 ans, il reste tr\u00e8s appr\u00e9ci\u00e9 des joueurs.<\/p>\n<h3>Jeux de table <\/h3>\n<p>All Slots Casino propose plus de 80 jeux de table. S&#8217;il est propuls\u00e9 par Microgaming, on y retrouve aussi maintenant des jeux Evolution Gaming.<\/p>\n<p>Les jeux de table sont regroup\u00e9s en trois cat\u00e9gories :<\/p>\n<ol>\n<li>Jeux de cartes comme le poker, le blackjack, le baccarat ou le Casino War<\/li>\n<li>Jeux de d\u00e9s, comme le craps ou le sic bo<\/li>\n<li>Roulette<\/li>\n<\/ol>\n<h2>M\u00e9thodes de d\u00e9p\u00f4t et de retrait <\/h2>\n<p>Effectuer un d\u00e9p\u00f4t chez All Slots Casino est simple, et toutes les m\u00e9thodes test\u00e9es ont bien fonctionn\u00e9.<\/p>\n<p>Cependant, la vitesse des retraits est plus lente que dans les casinos canadiens modernes. \u00c0 garder en t\u00eate si vous cherchez un <a href=\"https:\/\/www.bonus.ca\/fr\/casino-en-ligne\/retraits-rapides\">casino avec paiements rapides<\/a>.<\/p>\n<p>[table_start]<br \/>\n[table_row column-1=&#8217;<strong>M\u00e9thodes pour d\u00e9p\u00f4t et retrait<\/strong>&#8216; column-2=&#8217;Skrill, Instant Banking, Abaqood, Euteller, Eps, Interac&#8217;]<br \/>\n[table_row column-1=&#8217;<strong>M\u00e9thodes uniquement pour d\u00e9p\u00f4t<\/strong>&#8216; column-2=&#8217;Visa, Mastercard, Click and Buy, Insta Debit&#8217;]<br \/>\n[table_end]<\/p>\n<h2>All Slot Casino App <\/h2>\n<p>L&#8217;exp\u00e9rience mobile sur All Slots Casino est excellente. C&#8217;est l&#8217;un des rares casinos canadiens \u00e0 proposer une application native iOS ! Elle est disponible sur l&#8217;App Store (votre compte doit \u00eatre param\u00e9tr\u00e9 pour le Canada).<\/p>\n<p>Malheureusement, il n&#8217;existe pas d&#8217;application Android, mais le site est accessible via navigateur. Il fonctionne tr\u00e8s bien sur Safari, Chrome et autres. Les jeux horizontaux sont facilement lisibles en basculant l&#8217;\u00e9cran.<\/p>\n<p>Ce casino a \u00e9t\u00e9 pens\u00e9 avant tout pour les amateurs de machines \u00e0 sous. Le jeu est fluide, m\u00eame sur un petit \u00e9cran.<\/p>\n<h2>Service client<\/h2>\n<p>Le service client de All Slots Casino est minimal et n&#8217;a pas totalement r\u00e9pondu \u00e0 nos attentes. Le chat en direct est disponible 24h\/24, mais les r\u00e9ponses sont parfois lentes et les questions complexes restent sans solution. En revanche, la FAQ est bien faite.<\/p>\n<ul>\n<li>Email : support@allslotscasino.com<\/li>\n<li>T\u00e9l\u00e9phone : N\/A<\/li>\n<li>Chat en direct : uniquement depuis la page d&#8217;inscription ou l&#8217;espace client<\/li>\n<\/ul>\n<h2>S\u00e9curit\u00e9<\/h2>\n<p>All Slots Casino poss\u00e8de une licence d\u00e9livr\u00e9e par la Alderney Gambling Control Commission, garantissant un environnement de jeu s\u00e9curis\u00e9.<\/p>\n<p>Le site prot\u00e8ge les informations personnelles et financi\u00e8res des joueurs gr\u00e2ce \u00e0 un chiffrement SSL 128 bits. De plus, il est accr\u00e9dit\u00e9 par eCOGRA, garantissant s\u00e9curit\u00e9 et \u00e9quit\u00e9 des d\u00e9p\u00f4ts.<\/p>\n<h3>Jeu responsable <\/h3>\n<p>Comme d&#8217;autres casinos canadiens, All Slots Casino encourage le jeu responsable. Les joueurs peuvent suspendre leur compte en cas de besoin.<\/p>\n<p>Deux options sont propos\u00e9es : une pause de minimum 24 heures ou une auto-exclusion d&#8217;au moins six mois. Le jeu doit rester un plaisir et respecter votre budget. Si ce n&#8217;est plus le cas, utilisez les outils de jeu responsable disponibles.<\/p>\n<h2>Notre verdict final<\/h2>\n<p>Si vous aimez les jackpots progressifs, All Slots Casino est une excellente option !<\/p>\n<p>Propuls\u00e9 par Microgaming, ce casino est id\u00e9al pour tester votre chance sur leurs machines \u00e0 jackpots. Il propose plusieurs m\u00e9thodes de paiement et un g\u00e9n\u00e9reux bonus de bienvenue \u00e0 100 %.<\/p>\n<p>Quelques points restent \u00e0 am\u00e9liorer : les d\u00e9lais de retrait sont lents, la s\u00e9lection de jeux pourrait \u00eatre plus \u00e9toff\u00e9e, et l&#8217;interface utilisateur gagnerait \u00e0 \u00eatre modernis\u00e9e, surtout sur PC.<\/p>\n","protected":false},"excerpt":{"rendered":"<p>All Slots Casino : Avis et conseils All Slots Casino est l&#8217;un des pionniers du casino en ligne au Canada. Ce casino en ligne en argent r\u00e9el est actif depuis l&#8217;an 2000, ce qui en fait l&#8217;un des plus anciens toujours en activit\u00e9 dans le pays ! Ce casino est exploit\u00e9 par Baytree Limited et [&hellip;]<\/p>\n","protected":false},"author":123,"featured_media":0,"parent":0,"menu_order":0,"comment_status":"closed","ping_status":"closed","template":"","meta":{"inline_featured_image":false,"_glsr_average":0,"_glsr_ranking":0,"_glsr_reviews":0,"footnotes":""},"class_list":["post-24405","page","type-page","status-publish","hentry"],"yoast_head":"<!-- This site is optimized with the Yoast SEO plugin v27.5 - https:\/\/yoast.com\/product\/yoast-seo-wordpress\/ -->\n<title>All Slots Casino Canada | 1 500\u00a0$ de bonus de bienvenue<\/title>\n<meta name=\"description\" content=\"All Slots Casino est un grand classique au Canada | D\u00e9couvrez comment obtenir un bonus de 100 % sur vos d\u00e9p\u00f4ts !\" \/>\n<meta name=\"robots\" content=\"index, follow, max-snippet:-1, max-image-preview:large, max-video-preview:-1\" \/>\n<link rel=\"canonical\" href=\"https:\/\/www.bonus.ca\/fr\/all-slots-casino\" \/>\n<meta property=\"og:type\" content=\"article\" \/>\n<meta property=\"og:title\" content=\"All Slots Casino Canada | 1 500\u00a0$ de bonus de bienvenue\" \/>\n<meta property=\"og:description\" content=\"All Slots Casino est un grand classique au Canada | D\u00e9couvrez comment obtenir un bonus de 100 % sur vos d\u00e9p\u00f4ts !\" \/>\n<meta property=\"og:url\" content=\"https:\/\/www.bonus.ca\/fr\/all-slots-casino\" \/>\n<meta property=\"article:published_time\" content=\"2025-04-15T13:27:01+00:00\" \/>\n<meta property=\"article:modified_time\" content=\"2026-04-02T12:38:33+00:00\" \/>\n<meta property=\"og:image\" content=\"https:\/\/mediafr.bonus.ca\/images\/all-slots-page-daccueil-1.png\" \/>\n<meta name=\"twitter:card\" content=\"summary_large_image\" \/>\n<meta name=\"twitter:label1\" content=\"Est. reading time\" \/>\n\t<meta name=\"twitter:data1\" content=\"6 minutes\" \/>\n<!-- \/ Yoast SEO plugin. -->","yoast_head_json":{"title":"All Slots Casino Canada | 1 500\u00a0$ de bonus de bienvenue","description":"All Slots Casino est un grand classique au Canada | D\u00e9couvrez comment obtenir un bonus de 100 % sur vos d\u00e9p\u00f4ts !","robots":{"index":"index","follow":"follow","max-snippet":"max-snippet:-1","max-image-preview":"max-image-preview:large","max-video-preview":"max-video-preview:-1"},"canonical":"https:\/\/www.bonus.ca\/fr\/all-slots-casino","og_type":"article","og_title":"All Slots Casino Canada | 1 500\u00a0$ de bonus de bienvenue","og_description":"All Slots Casino est un grand classique au Canada | D\u00e9couvrez comment obtenir un bonus de 100 % sur vos d\u00e9p\u00f4ts !","og_url":"https:\/\/www.bonus.ca\/fr\/all-slots-casino","article_published_time":"2025-04-15T13:27:01+00:00","article_modified_time":"2026-04-02T12:38:33+00:00","og_image":[{"url":"https:\/\/mediafr.bonus.ca\/images\/all-slots-page-daccueil-1.png","type":"","width":"","height":""}],"twitter_card":"summary_large_image","twitter_misc":{"Est. reading time":"6 minutes"},"schema":{"@context":"https:\/\/schema.org","@graph":[{"@type":"WebPage","@id":"https:\/\/www.bonus.ca\/fr\/all-slots-casino","url":"https:\/\/www.bonus.ca\/fr\/all-slots-casino","name":"All Slots Casino Canada | 1 500\u00a0$ de bonus de bienvenue","isPartOf":{"@id":"\/#website"},"primaryImageOfPage":{"@id":"https:\/\/www.bonus.ca\/fr\/all-slots-casino#primaryimage"},"image":{"@id":"https:\/\/www.bonus.ca\/fr\/all-slots-casino#primaryimage"},"thumbnailUrl":"https:\/\/www.bonus.ca\/fr\/images\/all-slots-page-daccueil-1.png","datePublished":"2025-04-15T13:27:01+00:00","dateModified":"2026-04-02T12:38:33+00:00","description":"All Slots Casino est un grand classique au Canada | D\u00e9couvrez comment obtenir un bonus de 100 % sur vos d\u00e9p\u00f4ts !","breadcrumb":{"@id":"https:\/\/www.bonus.ca\/fr\/all-slots-casino#breadcrumb"},"inLanguage":"en-US","potentialAction":[{"@type":"ReadAction","target":["https:\/\/www.bonus.ca\/fr\/all-slots-casino"]}]},{"@type":"ImageObject","inLanguage":"en-US","@id":"https:\/\/www.bonus.ca\/fr\/all-slots-casino#primaryimage","url":"https:\/\/mediafr.bonus.ca\/images\/all-slots-page-daccueil-1.png","contentUrl":"https:\/\/mediafr.bonus.ca\/images\/all-slots-page-daccueil-1.png","width":1536,"height":920,"caption":"Page d'accueil avec bonus du casino All Slots"},{"@type":"BreadcrumbList","@id":"https:\/\/www.bonus.ca\/fr\/all-slots-casino#breadcrumb","itemListElement":[{"@type":"ListItem","position":1,"name":"Home","item":"https:\/\/www.bonus.ca\/fr\/"},{"@type":"ListItem","position":2,"name":"All Slots Casino"}]},{"@type":"WebSite","@id":"\/#website","url":"\/","name":"BonusFinder Canada (Fran\u00e7ais)","description":"La source de bonus n\u00b0 1 au Canada","potentialAction":[{"@type":"SearchAction","target":{"@type":"EntryPoint","urlTemplate":"\/?s={search_term_string}"},"query-input":{"@type":"PropertyValueSpecification","valueRequired":true,"valueName":"search_term_string"}}],"inLanguage":"en-US"}]}},"_links":{"self":[{"href":"https:\/\/www.bonus.ca\/fr\/wp-json\/wp\/v2\/pages\/24405","targetHints":{"allow":["GET"]}}],"collection":[{"href":"https:\/\/www.bonus.ca\/fr\/wp-json\/wp\/v2\/pages"}],"about":[{"href":"https:\/\/www.bonus.ca\/fr\/wp-json\/wp\/v2\/types\/page"}],"author":[{"embeddable":true,"href":"https:\/\/www.bonus.ca\/fr\/wp-json\/wp\/v2\/users\/123"}],"replies":[{"embeddable":true,"href":"https:\/\/www.bonus.ca\/fr\/wp-json\/wp\/v2\/comments?post=24405"}],"version-history":[{"count":10,"href":"https:\/\/www.bonus.ca\/fr\/wp-json\/wp\/v2\/pages\/24405\/revisions"}],"predecessor-version":[{"id":26456,"href":"https:\/\/www.bonus.ca\/fr\/wp-json\/wp\/v2\/pages\/24405\/revisions\/26456"}],"wp:attachment":[{"href":"https:\/\/www.bonus.ca\/fr\/wp-json\/wp\/v2\/media?parent=24405"}],"curies":[{"name":"wp","href":"https:\/\/api.w.org\/{rel}","templated":true}]}}