{"id":24934,"date":"2025-05-28T07:37:11","date_gmt":"2025-05-28T07:37:11","guid":{"rendered":"https:\/\/www.bonus.ca\/fr\/?page_id=24934"},"modified":"2026-03-09T14:10:03","modified_gmt":"2026-03-09T14:10:03","slug":"casino-inclave","status":"publish","type":"page","link":"https:\/\/www.bonus.ca\/fr\/casino-en-ligne\/casino-inclave","title":{"rendered":"Casino Inclave"},"content":{"rendered":"<h2>Que sont les casinos Inclave ?<\/h2>\n<p>Ces plateformes offrent un acc\u00e8s \u00e0 plusieurs casinos avec une seule connexion, \u00e9vitant ainsi aux joueurs de g\u00e9rer plusieurs comptes ou mots de passe.<\/p>\n<p>Si vous cherchez des bonus sans d\u00e9p\u00f4t, des tours gratuits ou les derniers casinos accessibles aux Canadiens, notre <strong>liste de casinos Inclave<\/strong> contient tout ce qu&#8217;il vous faut pour jouer en toute s\u00e9curit\u00e9.<\/p>\n<p>Avec les casinos Inclave, profitez d&#8217;une s\u00e9curit\u00e9 de haut niveau gr\u00e2ce \u00e0 la connexion par empreinte digitale ou reconnaissance faciale et recevez des alertes en temps r\u00e9el en cas d&#8217;activit\u00e9 inhabituelle. Faites d\u00e9filer pour d\u00e9couvrir :<\/p>\n<ul>\n<li>Bonus sans d\u00e9p\u00f4t et tours gratuits. <\/li>\n<li>Guides d&#8217;installation \u00e9tape par \u00e9tape pour une inscription et une connexion fluides.  <\/li>\n<li>Liste compl\u00e8te des meilleurs casinos Inclave avec des avis adapt\u00e9s aux joueurs canadiens.  <\/li>\n<li>Outils de jeu responsable, y compris l&#8217;int\u00e9gration de GameSense et des options d&#8217;auto-exclusion.  <\/li>\n<\/ul>\n<h2>Liste des meilleurs casinos en ligne Inclave<\/h2>\n<p>Pour vous aider \u00e0 choisir le bon casino, voici un r\u00e9sum\u00e9 rapide des casinos Inclave populaires et de ce qu&#8217;ils offrent :<\/p>\n<p><br \/>\n<br \/>\n<br \/>\n<br \/>\n<br \/>\n<br \/>\n<br \/>\n<br \/>\n<br \/>\n<br \/>\n<\/p>\n<div class=\"bonusfinder-tip card-fancy margin-vertical-medium\">\n\t<div class=\"title\">\n\t\t<div class=\"tip-icon\">\n\t\t\t<img decoding=\"async\" src=\"https:\/\/mediafr.bonus.ca\/images\/bf-icon_tip-emblem.svg\" height=\"36\" width=\"36\" class=\"icon-xlarge\" loading=\"lazy\" alt=\"editor tip icon\" srcset=\"https:\/\/mediafr.bonus.ca\/images\/bf-icon_tip-emblem.svg 1x, https:\/\/mediafr.bonus.ca\/images\/bf-icon_tip-emblem.svg 2x\" \/>\n\t\t<\/div>\n\t\t<div>Conseil BonusFinder<\/div>\n\t<\/div>\n\t<div class=\"content\">Lire les avis sur les casinos vous donne une meilleure id\u00e9e de ce \u00e0 quoi vous attendre en mati\u00e8re de bonus, de s\u00e9lection de jeux et de service client. <\/div>\n<\/div>\n\n<h2>Codes bonus sans d\u00e9p\u00f4t pour les casinos Inclave<\/h2>\n<p>Les casinos Inclave donnent acc\u00e8s \u00e0 des offres exclusives de <a href=\"https:\/\/www.bonus.ca\/fr\/casino-bonus\/sans-depot\">casino sans d\u00e9p\u00f4t<\/a>, permettant d&#8217;explorer les jeux et fonctionnalit\u00e9s sans d\u00e9penser un sou. Ces bonus sont id\u00e9aux pour les nouveaux joueurs comme pour les habitu\u00e9s souhaitant tester de nouvelles plateformes sans risque. <\/p>\n<p>Voici quelques casinos Inclave populaires et les derniers codes bonus de casino que vous pouvez r\u00e9clamer d\u00e8s aujourd&#8217;hui :<\/p>\n<ul>\n<li><strong>Rollino Casino<\/strong><br \/>\n20 tours gratuits sans d\u00e9p\u00f4t avec le code bonus Inclave <strong>ROLLINO20FS<\/strong>.<br \/>\nId\u00e9al pour les joueurs qui recherchent de petits bonus avec des promos rapides et faciles \u00e0 activer.<\/li>\n<li><strong>Gratowin Casino<\/strong><br \/>\n50 tours gratuits sans d\u00e9p\u00f4t avec le code bonus gratuit Inclave <strong>GRATO100<\/strong>.<br \/>\nCe casino est reconnu pour ses promos g\u00e9n\u00e9reuses sur les machines \u00e0 sous, offrant plus de chances de gagner.<\/li>\n<li><strong>Arcanebet Casino<\/strong><br \/>\n30 tours gratuits Inclave sans d\u00e9p\u00f4t avec le code <strong>WELCOME<\/strong>.<br \/>\nUne excellente option pour explorer les <a href=\"https:\/\/www.bonus.ca\/fr\/casino-en-ligne\/le-plus-payant\">machine a sous les plus payante<\/a> et jeux RTG sans d\u00e9penser d&#8217;argent.<\/li>\n<\/ul>\n<h2>Comment s&#8217;inscrire et se connecter sur un casino Inclave<\/h2>\n<ul>\n<li><strong>\u00c9tape 1 : Remplissez vos informations personnelles<\/strong><br \/> Commencez par remplir le formulaire d&#8217;inscription sur le site d&#8217;Inclave. Vous devrez saisir vos nom, e-mail, date de naissance, pays et devise pr\u00e9f\u00e9r\u00e9e.<\/li>\n<li><strong>\u00c9tape 2 : V\u00e9rifiez votre adresse e-mail<\/strong><br \/> Consultez votre bo\u00eete de r\u00e9ception et cliquez sur le lien de v\u00e9rification ou saisissez le code fourni pour confirmer votre adresse.<\/li>\n<li><strong>\u00c9tape 3 : Cr\u00e9ez un mot de passe s\u00e9curis\u00e9<\/strong><br \/> Cr\u00e9ez un mot de passe robuste et enregistrez-le en toute s\u00e9curit\u00e9 dans le syst\u00e8me Inclave. Cela permet un acc\u00e8s rapide sans compromettre la s\u00e9curit\u00e9.<\/li>\n<li><strong>\u00c9tape 4 : Activez la connexion biom\u00e9trique<\/strong><br \/> Activez des options comme l&#8217;empreinte digitale ou la reconnaissance faciale pour acc\u00e9der facilement et en toute s\u00e9curit\u00e9 \u00e0 vos comptes depuis n&#8217;importe quel appareil.<\/li>\n<li><strong>\u00c9tape 5 : Acc\u00e9dez au tableau de bord Inclave<\/strong><br \/> Une fois inscrit, connectez-vous au tableau de bord Inclave pour suivre vos casinos connect\u00e9s, surveiller les appareils et recevoir des alertes en cas d&#8217;activit\u00e9 inhabituelle.<\/li>\n<\/ul>\n<div id=\"attachment_24936\" style=\"width: 1546px\" class=\"wp-caption alignnone\"><img loading=\"lazy\" decoding=\"async\" aria-describedby=\"caption-attachment-24936\" src=\"https:\/\/mediafr.bonus.ca\/images\/Inclave.png\" alt=\"Meilleurs casinos avec Inclave\" width=\"1536\" height=\"920\" class=\"size-full wp-image-24936\" srcset=\"https:\/\/mediafr.bonus.ca\/images\/Inclave.png 1536w, https:\/\/mediafr.bonus.ca\/images\/Inclave-300x180.png 300w, https:\/\/mediafr.bonus.ca\/images\/Inclave-1024x613.png 1024w, https:\/\/mediafr.bonus.ca\/images\/Inclave-1048x628.png 1048w\" sizes=\"auto, (max-width: 1536px) 100vw, 1536px\" \/><p id=\"caption-attachment-24936\" class=\"wp-caption-text\">Apprenez comment commencer avec les casinos Inclave : Connexion s\u00e9curis\u00e9e, inscription facile et bonus attractifs<\/p><\/div>\n<h3>Avantages des casinos Inclave<\/h3>\n<p>Inclave supprime le besoin de retenir des identifiants complexes.<\/p>\n<p>Vos informations de connexion sont stock\u00e9es de mani\u00e8re s\u00e9curis\u00e9e dans un emplacement centralis\u00e9, vous prot\u00e9geant des fraudes et menaces en ligne tout en offrant un acc\u00e8s rapide et fluide.<\/p>\n<p>Les d\u00e9finitions techniques en ligne peuvent sembler compliqu\u00e9es, notamment avec des termes comme &#8220;solution de gestion d&#8217;identit\u00e9&#8221;.<\/p>\n<p>Mais pour faire simple, Inclave rend l&#8217;acc\u00e8s au casino facile et <strong>s\u00e9curis\u00e9 via la biom\u00e9trie<\/strong> comme l&#8217;empreinte digitale ou la reconnaissance faciale.<\/p>\n<p>Ainsi, seul vous pouvez acc\u00e9der \u00e0 votre compte, ce qui le prot\u00e8ge contre tout acc\u00e8s non autoris\u00e9.<\/p>\n<p>Autre avantage : vous recevez une alerte imm\u00e9diate si une activit\u00e9 suspecte est d\u00e9tect\u00e9e, vous permettant de r\u00e9agir rapidement pour s\u00e9curiser votre compte.<\/p>\n<div id=\"attachment_24941\" style=\"width: 876px\" class=\"wp-caption alignnone\"><img loading=\"lazy\" decoding=\"async\" aria-describedby=\"caption-attachment-24941\" src=\"https:\/\/mediafr.bonus.ca\/images\/Inscription-casino-inclave.png\" alt=\"Inscription sur un casino Inclave\" width=\"866\" height=\"1010\" class=\"size-full wp-image-24941\" srcset=\"https:\/\/mediafr.bonus.ca\/images\/Inscription-casino-inclave.png 866w, https:\/\/mediafr.bonus.ca\/images\/Inscription-casino-inclave-257x300.png 257w, https:\/\/mediafr.bonus.ca\/images\/Inscription-casino-inclave-538x628.png 538w\" sizes=\"auto, (max-width: 866px) 100vw, 866px\" \/><p id=\"caption-attachment-24941\" class=\"wp-caption-text\">Inscription sur un casino en ligne avec Inclave<\/p><\/div>\n<h2>Comment fonctionne Inclave dans les casinos en ligne ?<\/h2>\n<p>Maintenant que vous savez pourquoi Inclave est s\u00fbr, voyons comment l&#8217;utiliser dans les <a href=\"https:\/\/www.bonus.ca\/fr\/casino-en-ligne\">casinos en argent r\u00e9el au Canada<\/a>.<\/p>\n<h3>Comment savoir si un casino prend en charge la solution de paiement Inclave ?<\/h3>\n<h4>1. V\u00e9rifiez la page de connexion ou d&#8217;inscription du casino<\/h4>\n<p>Rendez-vous sur la page de connexion ou d&#8217;inscription du casino en ligne s\u00e9curis\u00e9 qui vous int\u00e9resse.<\/p>\n<p>Recherchez les mentions de connexion via Inclave, <strong>Single Sign-On (SSO)<\/strong> ou des options biom\u00e9triques comme la reconnaissance faciale ou l&#8217;empreinte digitale.<\/p>\n<p>Si le casino prend en charge Inclave, cette option sera g\u00e9n\u00e9ralement visible ou mise en avant lors de la cr\u00e9ation du compte.<\/p>\n<h4>2. Consultez la FAQ ou la section Aide du casino<\/h4>\n<p>La plupart des casinos expliquent en d\u00e9tail leurs syst\u00e8mes de connexion et de s\u00e9curit\u00e9 dans la FAQ.<\/p>\n<p>Recherchez des mentions d&#8217;Inclave ou d&#8217;autres plateformes de gestion d&#8217;identit\u00e9.<\/p>\n<h4>3. Choisissez l&#8217;une de nos offres exclusives Inclave<\/h4>\n<p>Bonufinder met en avant des casinos qui utilisent Inclave pour la connexion. Consultez les promos list\u00e9es ci-dessus !<\/p>\n<p>C&#8217;est un excellent moyen de rep\u00e9rer les casinos compatibles tout en d\u00e9couvrant des offres exclusives.<\/p>\n<h3>Proc\u00e9dure d&#8217;inscription sur un casino avec Inclave<\/h3>\n<p>Le processus commence par la cr\u00e9ation d&#8217;un compte de casino en ligne. Remplissez le formulaire d&#8217;inscription avec vos informations, cr\u00e9ez un mot de passe, et assurez-vous que tout est correct.<\/p>\n<p>Ensuite, validez votre adresse e-mail pour activer le compte. Une fois v\u00e9rifi\u00e9, vous pouvez activer la connexion Inclave.<\/p>\n<p>Enregistrez ensuite votre mot de passe dans Inclave, ce qui vous permet de <strong>vous connecter via empreinte ou reconnaissance faciale<\/strong>.<\/p>\n<p>Une fois le tout configur\u00e9, vous acc\u00e9derez rapidement et en toute s\u00e9curit\u00e9 \u00e0 votre compte de casino.<\/p>\n<p>Et le meilleur ? Inclave se synchronise sur tous vos appareils. Si vous enregistrez vos mots de passe sur un ordinateur portable, vous pouvez les utiliser sur votre t\u00e9l\u00e9phone ou autre appareil.<\/p>\n<p>Avec Inclave, vous profitez d&#8217;un parfait m\u00e9lange entre s\u00e9curit\u00e9, <a href=\"https:\/\/www.bonus.ca\/fr\/casino-bonus\">bonus de casino en ligne<\/a> et flexibilit\u00e9 pour votre exp\u00e9rience de jeu.<\/p>\n<ol>\n<li><strong>Cr\u00e9ez un compte Inclave :<\/strong><br \/>\nRemplissez le formulaire avec nom, e-mail, date de naissance, pays et devise.<\/li>\n<li><strong>Confirmez votre adresse e-mail :<\/strong><br \/>\nValidez via un code envoy\u00e9 par e-mail ou SMS.<\/li>\n<li><strong>Finalisez l&#8217;inscription :<\/strong><br \/>\nUne fois v\u00e9rifi\u00e9, acc\u00e9dez \u00e0 votre compte Inclave.<\/li>\n<li><strong>Effectuez un premier d\u00e9p\u00f4t :<\/strong><br \/>\nChoisissez un mode de paiement, saisissez le montant et confirmez.<\/li>\n<li><strong>Surveillez vos appareils connect\u00e9s :<\/strong><br \/>\nSuivez vos casinos et appareils actifs via le tableau de bord Inclave.<\/li>\n<\/ol>\n<div id=\"attachment_24942\" style=\"width: 875px\" class=\"wp-caption alignnone\"><img loading=\"lazy\" decoding=\"async\" aria-describedby=\"caption-attachment-24942\" src=\"https:\/\/mediafr.bonus.ca\/images\/Connexion-casino-inclave.png\" alt=\"Connexion casino avec Inclave\" width=\"865\" height=\"707\" class=\"size-full wp-image-24942\" srcset=\"https:\/\/mediafr.bonus.ca\/images\/Connexion-casino-inclave.png 865w, https:\/\/mediafr.bonus.ca\/images\/Connexion-casino-inclave-300x245.png 300w, https:\/\/mediafr.bonus.ca\/images\/Connexion-casino-inclave-768x628.png 768w\" sizes=\"auto, (max-width: 865px) 100vw, 865px\" \/><p id=\"caption-attachment-24942\" class=\"wp-caption-text\">Connexion avec Inclave sur un casino en ligne<\/p><\/div>\n<h3>D\u00e9p\u00f4ts et retraits<\/h3>\n<p>Lorsqu&#8217;il s&#8217;agit d&#8217;approvisionner votre compte ou de retirer vos gains sur les casinos Inclave, la flexibilit\u00e9 est essentielle.<\/p>\n<p>Vous retrouverez les options classiques comme Visa, <a href=\"https:\/\/www.bonus.ca\/fr\/casino-en-ligne\/paypal\">PayPal<\/a>. <\/p>\n<p>Mais si vous privil\u00e9giez la rapidit\u00e9, Skrill et Neteller sont souvent les meilleures options.<\/p>\n<p>Ces portefeuilles \u00e9lectroniques sont parfaits pour ceux qui souhaitent \u00e9viter les tracas des m\u00e9thodes bancaires traditionnelles.<\/p>\n<p>Certains casinos Inclave prennent \u00e9galement en charge Interac pour les joueurs canadiens, offrant ainsi une exp\u00e9rience fluide entre la banque et le casino.<\/p>\n<p>Pour ceux qui privil\u00e9gient la confidentialit\u00e9, <strong>Paysafecard est une excellente solution<\/strong>, permettant de d\u00e9poser sans divulguer vos informations financi\u00e8res personnelles. <\/p>\n<p>Et si vous \u00eates adepte des cryptomonnaies, certains sites proposent des transactions en Bitcoin et Ethereum, parfaits pour des retraits rapides avec peu de frais.<\/p>\n<p>Gr\u00e2ce \u00e0 la fonction de <strong>synchronisation d&#8217;Inclave<\/strong>, une fois votre m\u00e9thode de paiement enregistr\u00e9e, vous n&#8217;aurez plus besoin de la ressaisir \u00e0 chaque casino.<\/p>\n<p>Et ce n&#8217;est pas tout : les sites utilisant Inclave sont \u00e9galement consid\u00e9r\u00e9s comme des <a href=\"https:\/\/www.bonus.ca\/fr\/casino-en-ligne\/retraits-rapides\">casinos \u00e0 retrait instantan\u00e9 au Canada<\/a>.<\/p>\n<p><strong>Astuce :<\/strong> Gardez \u00e0 l&#8217;esprit que certains bonus, comme les offres sans d\u00e9p\u00f4t, peuvent restreindre l&#8217;usage de m\u00e9thodes comme Skrill ou Neteller. Lisez toujours les conditions.<\/p>\n<p>Les d\u00e9lais de retrait varient, les virements peuvent prendre quelques jours, mais les portefeuilles \u00e9lectroniques et cryptos sont souvent cr\u00e9dit\u00e9s en quelques heures.<\/p>\n<h3>Tours gratuits Inclave<\/h3>\n<p><a href=\"https:\/\/www.bonus.ca\/fr\/machines-a-sous-gratuites\">Les tours gratuits sans d\u00e9p\u00f4t<\/a> font partie des bonus les plus recherch\u00e9s dans les casinos en ligne, et les casinos Inclave proposent une belle s\u00e9lection de ces promotions.<\/p>\n<p>Ces tours vous offrent non seulement la possibilit\u00e9 de gagner de l&#8217;argent r\u00e9el, mais aussi de tester de nouveaux jeux et strat\u00e9gies sans aucun risque.<\/p>\n<p>Vous pouvez ensuite profiter de vos tours gratuits sur les meilleures machines \u00e0 sous en ligne du Canada sans avoir \u00e0 d\u00e9poser le moindre centime !<\/p>\n<p><strong>Comment r\u00e9clamer vos tours gratuits Inclave :<\/strong> Recherchez les promotions en cours et saisissez le code requis pour d\u00e9bloquer vos tours.<\/p>\n<p>Ces promotions incluent souvent des machines comme Sweet Bonanza, Big Bass Bonanza ou Wolf Gold, connues pour leur gameplay captivant et leur fort potentiel de gains.<\/p>\n<div class=\"bonusfinder-tip expert-pick-card\">\n\t<div class=\"title\">\n\t\t<div class=\"tip-icon\">\n\t\t\t<img decoding=\"async\" src=\"https:\/\/mediafr.bonus.ca\/images\/crown.svg\" width=\"36\" height=\"36\" class=\"icon-xlarge\" loading=\"lazy\" alt=\"expert-pick-icon\" srcset=\"https:\/\/mediafr.bonus.ca\/images\/crown.svg 1x, https:\/\/mediafr.bonus.ca\/images\/crown.svg 2x\" \/>\n\t\t<\/div>\n\t\t<div class=\"expert-title\">Recommandation de Notre Expert BonusFinder<\/div>\n\t<\/div>\n\t<div>Le meilleur avec les promotions de tours gratuits d'Inclave, c'est leur accessibilit\u00e9 simplifi\u00e9e gr\u00e2ce \u00e0 la connexion Inclave. Une fois votre compte cr\u00e9\u00e9, vous pouvez profiter de ces bonus sans effort sur plusieurs casinos, que ce soit sur ordinateur ou mobile.<\/div>\n    \t<div class=\"expert-pick-author-container\">\n\t\t<img decoding=\"async\" width=\"40\" height=\"40\" src=\"https:\/\/mediafr.bonus.ca\/images\/luciano.png\" class=\"expert-pick-author-image\" loading=\"lazy\" srcset=\"https:\/\/mediafr.bonus.ca\/images\/luciano.png 1x, https:\/\/mediafr.bonus.ca\/images\/luciano.png 2x\" \/>\n\t\t\t<div class=\"expert-pick-content-container\">\n\t\t\t\t<a href=\"https:\/\/www.bonus.ca\/fr\/a-propos\/auteurs\/luciano-passavanti\" class=\"expert-pick-author-name\">Luciano Passavanti<\/a>\n\t\t\t\t<div class=\"expert-pick-author-title\">Vice-pr\u00e9sident et v\u00e9rificateur de faits<\/div>\n\t\t\t<\/div>\n\t<\/div>\n\t<\/div>\n\n<h2>Nouveaux casinos Inclave<\/h2>\n<p>Restez \u00e0 l&#8217;aff\u00fbt des nouveaux casinos rejoignant la plateforme Inclave en 2026, apportant de nouveaux bonus, une s\u00e9curit\u00e9 renforc\u00e9e et les derniers jeux \u00e0 la mode.<\/p>\n<p>Ces nouveaux venus devraient proposer encore plus d&#8217;offres sans d\u00e9p\u00f4t, de tours gratuits et de jeux captivants d\u00e9velopp\u00e9s par les meilleurs \u00e9diteurs.<\/p>\n<p>Que vous soyez un joueur chevronn\u00e9 ou que vous d\u00e9butiez, ces lancements auront quelque chose \u00e0 offrir \u00e0 chacun. Surveillez les nouveaut\u00e9s pour d\u00e9couvrir des offres exclusives et profitez d&#8217;avantages en avant-premi\u00e8re.<\/p>\n<h2>Conseils suppl\u00e9mentaires pour jouer sur un casino avec connexion Inclave<\/h2>\n<p>Utiliser la connexion Inclave rend le jeu dans les casinos en ligne plus s\u00fbr et plus pratique. Vous pouvez acc\u00e9der \u00e0 votre compte via empreinte digitale ou reconnaissance faciale, ce qui \u00e9limine le besoin de retenir des mots de passe complexes tout en renfor\u00e7ant la s\u00e9curit\u00e9 de votre compte.<\/p>\n<p>Cela dit, jouer sur un casino Inclave reste similaire \u00e0 une exp\u00e9rience classique de casino en ligne. <\/p>\n<p>Pour en tirer le meilleur parti, lisez les avis de casinos sur notre site afin de rep\u00e9rer les op\u00e9rateurs de confiance et examinez attentivement les conditions g\u00e9n\u00e9rales, notamment celles li\u00e9es aux bonus de casino.<\/p>\n<h3>Comment r\u00e9cup\u00e9rer votre compte Inclave<\/h3>\n<p>Si vous rencontrez des difficult\u00e9s pour acc\u00e9der \u00e0 votre compte Inclave, suivez simplement ces \u00e9tapes :<\/p>\n<ol>\n<li>Rendez-vous sur le site Inclave et cliquez sur &#8221; Mot de passe oubli\u00e9 ? &#8220;<\/li>\n<li>Saisissez votre adresse e-mail et demandez un lien de r\u00e9initialisation de mot de passe.<\/li>\n<li>Une fois l&#8217;e-mail re\u00e7u, suivez les instructions fournies pour r\u00e9initialiser votre mot de passe.<\/li>\n<li>Si vous ne parvenez toujours pas \u00e0 acc\u00e9der \u00e0 votre compte, n&#8217;h\u00e9sitez pas \u00e0 contacter leur service client pour obtenir de l&#8217;aide.<\/li>\n<\/ol>\n<h2>Jeu responsable au Canada avec les casinos Inclave<\/h2>\n<p>Le jeu responsable est une priorit\u00e9 dans tout <strong>casino en ligne digne de confiance<\/strong>, et les casinos Inclave op\u00e9rant en Colombie-Britannique ne font pas exception. <\/p>\n<p>Ces \u00e9tablissements int\u00e8grent des outils avanc\u00e9s et des fonctionnalit\u00e9s de s\u00e9curit\u00e9 via la plateforme Inclave tout en soutenant les initiatives du Gaming Policy and Enforcement Branch (GPEB) en mati\u00e8re de jeu responsable.<\/p>\n<h3>Programme GameSense et casinos Inclave<\/h3>\n<p>L&#8217;authentification biom\u00e9trique d&#8217;Inclave dans les casinos en ligne permet un acc\u00e8s rapide aux ressources de jeu responsable, garantissant aux joueurs un engagement facilit\u00e9 avec les outils de soutien. <\/p>\n<p>Le syst\u00e8me de connexion centralis\u00e9 envoie \u00e9galement des alertes en cas d&#8217;activit\u00e9s inhabituelles, offrant ainsi un <strong>meilleur contr\u00f4le sur la s\u00e9curit\u00e9 du compte<\/strong> et aidant les joueurs \u00e0 surveiller leur comportement de jeu.<\/p>\n<p>Les casinos Inclave s&#8217;int\u00e8grent parfaitement au programme d&#8217;auto-exclusion de la Colombie-Britannique, permettant aux joueurs de limiter l&#8217;acc\u00e8s \u00e0 plusieurs casinos li\u00e9s \u00e0 partir d&#8217;un seul compte. <\/p>\n<p>La connexion biom\u00e9trique et le suivi des appareils renforcent encore cette mesure en emp\u00eachant les acc\u00e8s non autoris\u00e9s et en alertant les joueurs en cas de tentative de connexion suspecte en temps r\u00e9el.<\/p>\n","protected":false},"excerpt":{"rendered":"<p>Que sont les casinos Inclave ? Ces plateformes offrent un acc\u00e8s \u00e0 plusieurs casinos avec une seule connexion, \u00e9vitant ainsi aux joueurs de g\u00e9rer plusieurs comptes ou mots de passe. Si vous cherchez des bonus sans d\u00e9p\u00f4t, des tours gratuits ou les derniers casinos accessibles aux Canadiens, notre liste de casinos Inclave contient tout ce [&hellip;]<\/p>\n","protected":false},"author":123,"featured_media":0,"parent":11032,"menu_order":0,"comment_status":"closed","ping_status":"closed","template":"","meta":{"inline_featured_image":false,"_glsr_average":0,"_glsr_ranking":0,"_glsr_reviews":0,"footnotes":""},"class_list":["post-24934","page","type-page","status-publish","hentry"],"yoast_head":"<!-- This site is optimized with the Yoast SEO plugin v27.4 - https:\/\/yoast.com\/product\/yoast-seo-wordpress\/ -->\n<title>Casino Inclave \ud83c\udf96\ufe0f Canada [year]<\/title>\n<meta name=\"description\" content=\"Les casinos Inclave sont des plateformes en ligne avec connexion SSO donnant un acc\u00e8s facile pour tous les joueurs canadiens.\" \/>\n<meta name=\"robots\" content=\"index, follow, max-snippet:-1, max-image-preview:large, max-video-preview:-1\" \/>\n<link rel=\"canonical\" href=\"https:\/\/www.bonus.ca\/fr\/casino-en-ligne\/casino-inclave\" \/>\n<meta property=\"og:type\" content=\"article\" \/>\n<meta property=\"og:title\" content=\"Casino Inclave \ud83c\udf96\ufe0f Canada [year]\" \/>\n<meta property=\"og:description\" content=\"Les casinos Inclave sont des plateformes en ligne avec connexion SSO donnant un acc\u00e8s facile pour tous les joueurs canadiens.\" \/>\n<meta property=\"og:url\" content=\"https:\/\/www.bonus.ca\/fr\/casino-en-ligne\/casino-inclave\" \/>\n<meta property=\"article:published_time\" content=\"2025-05-28T07:37:11+00:00\" \/>\n<meta property=\"article:modified_time\" content=\"2026-03-09T14:10:03+00:00\" \/>\n<meta property=\"og:image\" content=\"https:\/\/mediafr.bonus.ca\/images\/Inclave.png\" \/>\n<meta name=\"twitter:card\" content=\"summary_large_image\" \/>\n<meta name=\"twitter:label1\" content=\"Est. reading time\" \/>\n\t<meta name=\"twitter:data1\" content=\"10 minutes\" \/>\n<!-- \/ Yoast SEO plugin. -->","yoast_head_json":{"title":"Casino Inclave \ud83c\udf96\ufe0f Canada [year]","description":"Les casinos Inclave sont des plateformes en ligne avec connexion SSO donnant un acc\u00e8s facile pour tous les joueurs canadiens.","robots":{"index":"index","follow":"follow","max-snippet":"max-snippet:-1","max-image-preview":"max-image-preview:large","max-video-preview":"max-video-preview:-1"},"canonical":"https:\/\/www.bonus.ca\/fr\/casino-en-ligne\/casino-inclave","og_type":"article","og_title":"Casino Inclave \ud83c\udf96\ufe0f Canada [year]","og_description":"Les casinos Inclave sont des plateformes en ligne avec connexion SSO donnant un acc\u00e8s facile pour tous les joueurs canadiens.","og_url":"https:\/\/www.bonus.ca\/fr\/casino-en-ligne\/casino-inclave","article_published_time":"2025-05-28T07:37:11+00:00","article_modified_time":"2026-03-09T14:10:03+00:00","og_image":[{"url":"https:\/\/mediafr.bonus.ca\/images\/Inclave.png","type":"","width":"","height":""}],"twitter_card":"summary_large_image","twitter_misc":{"Est. reading time":"10 minutes"},"schema":{"@context":"https:\/\/schema.org","@graph":[{"@type":"WebPage","@id":"https:\/\/www.bonus.ca\/fr\/casino-en-ligne\/casino-inclave","url":"https:\/\/www.bonus.ca\/fr\/casino-en-ligne\/casino-inclave","name":"Casino Inclave \ud83c\udf96\ufe0f Canada [year]","isPartOf":{"@id":"https:\/\/www.bonus.ca\/fr\/#website"},"primaryImageOfPage":{"@id":"https:\/\/www.bonus.ca\/fr\/casino-en-ligne\/casino-inclave#primaryimage"},"image":{"@id":"https:\/\/www.bonus.ca\/fr\/casino-en-ligne\/casino-inclave#primaryimage"},"thumbnailUrl":"https:\/\/mediafr.bonus.ca\/images\/Inclave.png","datePublished":"2025-05-28T07:37:11+00:00","dateModified":"2026-03-09T14:10:03+00:00","description":"Les casinos Inclave sont des plateformes en ligne avec connexion SSO donnant un acc\u00e8s facile pour tous les joueurs canadiens.","breadcrumb":{"@id":"https:\/\/www.bonus.ca\/fr\/casino-en-ligne\/casino-inclave#breadcrumb"},"inLanguage":"en-US","potentialAction":[{"@type":"ReadAction","target":["https:\/\/www.bonus.ca\/fr\/casino-en-ligne\/casino-inclave"]}]},{"@type":"ImageObject","inLanguage":"en-US","@id":"https:\/\/www.bonus.ca\/fr\/casino-en-ligne\/casino-inclave#primaryimage","url":"https:\/\/mediafr.bonus.ca\/images\/Inclave.png","contentUrl":"https:\/\/mediafr.bonus.ca\/images\/Inclave.png"},{"@type":"BreadcrumbList","@id":"https:\/\/www.bonus.ca\/fr\/casino-en-ligne\/casino-inclave#breadcrumb","itemListElement":[{"@type":"ListItem","position":1,"name":"Home","item":"https:\/\/www.bonus.ca\/fr\/"},{"@type":"ListItem","position":2,"name":"Casino argent r\u00e9\u00e8l","item":"https:\/\/www.bonus.ca\/fr\/casino-en-ligne"},{"@type":"ListItem","position":3,"name":"Casino Inclave"}]},{"@type":"WebSite","@id":"https:\/\/www.bonus.ca\/fr\/#website","url":"https:\/\/www.bonus.ca\/fr\/","name":"BonusFinder Canada (Fran\u00e7ais)","description":"La source de bonus n\u00b0 1 au Canada","potentialAction":[{"@type":"SearchAction","target":{"@type":"EntryPoint","urlTemplate":"https:\/\/www.bonus.ca\/fr\/?s={search_term_string}"},"query-input":{"@type":"PropertyValueSpecification","valueRequired":true,"valueName":"search_term_string"}}],"inLanguage":"en-US"}]}},"_links":{"self":[{"href":"https:\/\/www.bonus.ca\/fr\/wp-json\/wp\/v2\/pages\/24934","targetHints":{"allow":["GET"]}}],"collection":[{"href":"https:\/\/www.bonus.ca\/fr\/wp-json\/wp\/v2\/pages"}],"about":[{"href":"https:\/\/www.bonus.ca\/fr\/wp-json\/wp\/v2\/types\/page"}],"author":[{"embeddable":true,"href":"https:\/\/www.bonus.ca\/fr\/wp-json\/wp\/v2\/users\/123"}],"replies":[{"embeddable":true,"href":"https:\/\/www.bonus.ca\/fr\/wp-json\/wp\/v2\/comments?post=24934"}],"version-history":[{"count":10,"href":"https:\/\/www.bonus.ca\/fr\/wp-json\/wp\/v2\/pages\/24934\/revisions"}],"predecessor-version":[{"id":25698,"href":"https:\/\/www.bonus.ca\/fr\/wp-json\/wp\/v2\/pages\/24934\/revisions\/25698"}],"up":[{"embeddable":true,"href":"https:\/\/www.bonus.ca\/fr\/wp-json\/wp\/v2\/pages\/11032"}],"wp:attachment":[{"href":"https:\/\/www.bonus.ca\/fr\/wp-json\/wp\/v2\/media?parent=24934"}],"curies":[{"name":"wp","href":"https:\/\/api.w.org\/{rel}","templated":true}]}}