{"id":25080,"date":"2025-07-03T12:56:05","date_gmt":"2025-07-03T12:56:05","guid":{"rendered":"https:\/\/www.bonus.ca\/fr\/?page_id=25080"},"modified":"2026-02-12T10:46:34","modified_gmt":"2026-02-12T10:46:34","slug":"suppression-de-votre-compte-utilisateur","status":"publish","type":"page","link":"https:\/\/www.bonus.ca\/fr\/politique-de-confidentialite\/suppression-de-votre-compte-utilisateur","title":{"rendered":"Suppression de votre compte utilisateur"},"content":{"rendered":"<p>Nous nous engageons \u00e0 prot\u00e9ger votre vie priv\u00e9e et \u00e0 vous offrir un contr\u00f4le total sur vos donn\u00e9es personnelles. Si vous avez cr\u00e9\u00e9 un compte sur BonusFinder, vous avez le droit de demander la suppression de votre compte ainsi que de toutes les informations personnelles associ\u00e9es de nos syst\u00e8mes. Cela s&#8217;applique, que vous vous soyez inscrit via :<\/p>\n<ul>\n<li>Une inscription avec courriel et mot de passe<\/li>\n<li>Un service de connexion tiers tel que Facebook, Google ou X (anciennement Twitter)<\/li>\n<\/ul>\n<h2>Option 1 : Suppression autonome<\/h2>\n<ol>\n<li>Connectez-vous \u00e0 votre compte en utilisant la m\u00e9thode d&#8217;inscription choisie (courriel, Facebook, Google ou X).<\/li>\n<li>Cliquez sur le bouton &#8220;Supprimer&#8221; ci-dessous et confirmez votre demande.<\/li>\n<\/ol>\n<p class=\"warning\" id=\"wppb_edit_profile_user_not_logged_in_message\"><span class=\"wppb-alert-title\"><img decoding=\"async\" src=\"https:\/\/www.bonus.ca\/fr\/wp-content\/plugins\/profile-builder-agency\/features\/form-designs\/icons\/form-design-warning-icon.png\" alt=\"warning\">Attention !<\/span>Vous devez \u00eatre connect\u00e9 pour pouvoir \u00e9diter votre profil.<\/p>\n<h2>Option 2 : Demande manuelle de suppression<\/h2>\n<p>Si vous ne parvenez pas \u00e0 acc\u00e9der \u00e0 votre compte ou si vous pr\u00e9f\u00e9rez effectuer une demande directe, veuillez nous contacter \u00e0 l&#8217;adresse suivante :  dataprotection@gdcgroup.com en utilisant comme objet : <em>Demande de suppression de donn\u00e9es BonusFinder<\/em>.<\/p>\n<p>Merci d&#8217;inclure les informations suivantes afin de nous aider \u00e0 v\u00e9rifier votre identit\u00e9 :<\/p>\n<ul>\n<li>L&#8217;adresse e-mail associ\u00e9e \u00e0 votre compte<\/li>\n<li>La m\u00e9thode utilis\u00e9e lors de la cr\u00e9ation du compte (ex. : courriel, Facebook, Google ou X)<\/li>\n<\/ul>\n","protected":false},"excerpt":{"rendered":"<p>Nous nous engageons \u00e0 prot\u00e9ger votre vie priv\u00e9e et \u00e0 vous offrir un contr\u00f4le total sur vos donn\u00e9es personnelles. Si vous avez cr\u00e9\u00e9 un compte sur BonusFinder, vous avez le droit de demander la suppression de votre compte ainsi que de toutes les informations personnelles associ\u00e9es de nos syst\u00e8mes. Cela s&#8217;applique, que vous vous soyez [&hellip;]<\/p>\n","protected":false},"author":123,"featured_media":0,"parent":9047,"menu_order":0,"comment_status":"closed","ping_status":"closed","template":"","meta":{"inline_featured_image":false,"_glsr_average":0,"_glsr_ranking":0,"_glsr_reviews":0,"footnotes":""},"class_list":["post-25080","page","type-page","status-publish","hentry"],"yoast_head":"<!-- This site is optimized with the Yoast SEO plugin v27.4 - https:\/\/yoast.com\/product\/yoast-seo-wordpress\/ -->\n<title>Suppression de votre compte utilisateur<\/title>\n<meta name=\"description\" content=\"Supprimez toutes les donn\u00e9es de votre compte utilisateur sur notre site BonusFinder.\" \/>\n<meta name=\"robots\" content=\"index, follow, max-snippet:-1, max-image-preview:large, max-video-preview:-1\" \/>\n<link rel=\"canonical\" href=\"https:\/\/www.bonus.ca\/fr\/politique-de-confidentialite\/suppression-de-votre-compte-utilisateur\" \/>\n<meta property=\"og:type\" content=\"article\" \/>\n<meta property=\"og:title\" content=\"Suppression de votre compte utilisateur\" \/>\n<meta property=\"og:description\" content=\"Supprimez toutes les donn\u00e9es de votre compte utilisateur sur notre site BonusFinder.\" \/>\n<meta property=\"og:url\" content=\"https:\/\/www.bonus.ca\/fr\/politique-de-confidentialite\/suppression-de-votre-compte-utilisateur\" \/>\n<meta property=\"article:published_time\" content=\"2025-07-03T12:56:05+00:00\" \/>\n<meta property=\"article:modified_time\" content=\"2026-02-12T10:46:34+00:00\" \/>\n<meta name=\"twitter:card\" content=\"summary_large_image\" \/>\n<meta name=\"twitter:label1\" content=\"Est. reading time\" \/>\n\t<meta name=\"twitter:data1\" content=\"1 minute\" \/>\n<!-- \/ Yoast SEO plugin. -->","yoast_head_json":{"title":"Suppression de votre compte utilisateur","description":"Supprimez toutes les donn\u00e9es de votre compte utilisateur sur notre site BonusFinder.","robots":{"index":"index","follow":"follow","max-snippet":"max-snippet:-1","max-image-preview":"max-image-preview:large","max-video-preview":"max-video-preview:-1"},"canonical":"https:\/\/www.bonus.ca\/fr\/politique-de-confidentialite\/suppression-de-votre-compte-utilisateur","og_type":"article","og_title":"Suppression de votre compte utilisateur","og_description":"Supprimez toutes les donn\u00e9es de votre compte utilisateur sur notre site BonusFinder.","og_url":"https:\/\/www.bonus.ca\/fr\/politique-de-confidentialite\/suppression-de-votre-compte-utilisateur","article_published_time":"2025-07-03T12:56:05+00:00","article_modified_time":"2026-02-12T10:46:34+00:00","twitter_card":"summary_large_image","twitter_misc":{"Est. reading time":"1 minute"},"schema":{"@context":"https:\/\/schema.org","@graph":[{"@type":"WebPage","@id":"https:\/\/www.bonus.ca\/fr\/politique-de-confidentialite\/suppression-de-votre-compte-utilisateur","url":"https:\/\/www.bonus.ca\/fr\/politique-de-confidentialite\/suppression-de-votre-compte-utilisateur","name":"Suppression de votre compte utilisateur","isPartOf":{"@id":"https:\/\/www.bonus.ca\/fr\/#website"},"datePublished":"2025-07-03T12:56:05+00:00","dateModified":"2026-02-12T10:46:34+00:00","description":"Supprimez toutes les donn\u00e9es de votre compte utilisateur sur notre site BonusFinder.","breadcrumb":{"@id":"https:\/\/www.bonus.ca\/fr\/politique-de-confidentialite\/suppression-de-votre-compte-utilisateur#breadcrumb"},"inLanguage":"en-US","potentialAction":[{"@type":"ReadAction","target":["https:\/\/www.bonus.ca\/fr\/politique-de-confidentialite\/suppression-de-votre-compte-utilisateur"]}]},{"@type":"BreadcrumbList","@id":"https:\/\/www.bonus.ca\/fr\/politique-de-confidentialite\/suppression-de-votre-compte-utilisateur#breadcrumb","itemListElement":[{"@type":"ListItem","position":1,"name":"Home","item":"https:\/\/www.bonus.ca\/fr\/"},{"@type":"ListItem","position":2,"name":"Politique de confidentialit\u00e9","item":"https:\/\/www.bonus.ca\/fr\/politique-de-confidentialite"},{"@type":"ListItem","position":3,"name":"Suppression de votre compte utilisateur"}]},{"@type":"WebSite","@id":"https:\/\/www.bonus.ca\/fr\/#website","url":"https:\/\/www.bonus.ca\/fr\/","name":"BonusFinder Canada (Fran\u00e7ais)","description":"La source de bonus n\u00b0 1 au Canada","potentialAction":[{"@type":"SearchAction","target":{"@type":"EntryPoint","urlTemplate":"https:\/\/www.bonus.ca\/fr\/?s={search_term_string}"},"query-input":{"@type":"PropertyValueSpecification","valueRequired":true,"valueName":"search_term_string"}}],"inLanguage":"en-US"}]}},"_links":{"self":[{"href":"https:\/\/www.bonus.ca\/fr\/wp-json\/wp\/v2\/pages\/25080","targetHints":{"allow":["GET"]}}],"collection":[{"href":"https:\/\/www.bonus.ca\/fr\/wp-json\/wp\/v2\/pages"}],"about":[{"href":"https:\/\/www.bonus.ca\/fr\/wp-json\/wp\/v2\/types\/page"}],"author":[{"embeddable":true,"href":"https:\/\/www.bonus.ca\/fr\/wp-json\/wp\/v2\/users\/123"}],"replies":[{"embeddable":true,"href":"https:\/\/www.bonus.ca\/fr\/wp-json\/wp\/v2\/comments?post=25080"}],"version-history":[{"count":3,"href":"https:\/\/www.bonus.ca\/fr\/wp-json\/wp\/v2\/pages\/25080\/revisions"}],"predecessor-version":[{"id":25090,"href":"https:\/\/www.bonus.ca\/fr\/wp-json\/wp\/v2\/pages\/25080\/revisions\/25090"}],"up":[{"embeddable":true,"href":"https:\/\/www.bonus.ca\/fr\/wp-json\/wp\/v2\/pages\/9047"}],"wp:attachment":[{"href":"https:\/\/www.bonus.ca\/fr\/wp-json\/wp\/v2\/media?parent=25080"}],"curies":[{"name":"wp","href":"https:\/\/api.w.org\/{rel}","templated":true}]}}