{"id":25107,"date":"2025-07-14T12:13:15","date_gmt":"2025-07-14T12:13:15","guid":{"rendered":"https:\/\/www.bonus.ca\/fr\/?page_id=25107"},"modified":"2025-09-26T10:11:01","modified_gmt":"2025-09-26T10:11:01","slug":"120-tours-gratuits-sans-depot","status":"publish","type":"page","link":"https:\/\/www.bonus.ca\/fr\/machines-a-sous-gratuites\/120-tours-gratuits-sans-depot","title":{"rendered":"120 tours gratuits sans d\u00e9p\u00f4t"},"content":{"rendered":"<h2>Casinos avec 120\u00a0tours gratuits sans d\u00e9p\u00f4t<\/h2>\n<p>Quels sont les <a href=\"https:\/\/www.bonus.ca\/fr\/\">meilleurs casinos en ligne<\/a> offrant 120\u00a0tours gratuits sans d\u00e9p\u00f4t pour les joueurs au Canada\u00a0? <\/p>\n<p>Voici la liste des 5\u00a0meilleures offres exclusives de 120\u00a0tours gratuits et des casinos qui les proposent :<\/p>\n<p>[table_start]<br \/>\n[table_head column-1=&#8217;Casino&#8217; column-2=&#8217;Tours Gratuits sans d\u00e9p\u00f4t&#8217; column-3=&#8217;Conditions de Mise&#8217;]<br \/>\n[table_row column-1=&#8217;Casino Days&#8217; column-2=&#8217;120 tours gratuits sur Sweet Bonanza&#8217; column-3=&#8217;35x&#8217;]<br \/>\n[table_row column-1=&#8217;Dream Vegas&#8217; column-2=&#8217;120 tours gratuits pour Book of Dead, Legacy of Egypt, Golden Ticket&#8217; column-3=&#8217;35x&#8217;]<br \/>\n[table_row column-1=&#8217;Cookie Casino&#8217; column-2=&#8217;120 tours gratuits sans d\u00e9p\u00f4t pour Book of Dead&#8217; column-3=&#8217;40x&#8217;]<br \/>\n[table_row column-1=&#8217;20Bet Casino&#8217; column-2=&#8217;120 tours gratuits sans d\u00e9p\u00f4t pour Elvis Frog in Vegas&#8217; column-3=&#8217;40x&#8217;]<br \/>\n[table_row column-1=&#8217;Casimba Casino&#8217; column-2=&#8217;125 tours gratuits BonusFinder exclusifs&#8217; column-3=&#8217;35x&#8217;]<br \/>\n[table_end]<\/p>\n<div class=\"bonusfinder-tip card-fancy margin-vertical-medium\">\n\t<div class=\"title\">\n\t\t<div class=\"tip-icon\">\n\t\t\t<img decoding=\"async\" src=\"https:\/\/mediafr.bonus.ca\/images\/bf-icon_tip-emblem.svg\" height=\"36\" width=\"36\" class=\"icon-xlarge\" loading=\"lazy\" alt=\"editor tip icon\" srcset=\"https:\/\/mediafr.bonus.ca\/images\/bf-icon_tip-emblem.svg 1x, https:\/\/mediafr.bonus.ca\/images\/bf-icon_tip-emblem.svg 2x\" \/>\n\t\t<\/div>\n\t\t<div>Conseil BonusFinder<\/div>\n\t<\/div>\n\t<div class=\"content\">V\u00e9rifiez toujours les termes et conditions du bonus avant de r\u00e9clamer une offre de 120 tours gratuits.<\/div>\n<\/div>\n\n<h2>Top des machines \u00e0 sous pour utiliser 120\u00a0tours gratuits<\/h2>\n<p><img loading=\"lazy\" decoding=\"async\" src=\"https:\/\/mediafr.bonus.ca\/images\/120-free-spins.png\" alt=\"120 tours gratuits sans d\u00e9p\u00f4t\" width=\"1536\" height=\"920\" class=\"alignnone size-full wp-image-25131\" srcset=\"https:\/\/mediafr.bonus.ca\/images\/120-free-spins.png 1536w, https:\/\/mediafr.bonus.ca\/images\/120-free-spins-300x180.png 300w, https:\/\/mediafr.bonus.ca\/images\/120-free-spins-1024x613.png 1024w, https:\/\/mediafr.bonus.ca\/images\/120-free-spins-1048x628.png 1048w\" sizes=\"auto, (max-width: 1536px) 100vw, 1536px\" \/><\/p>\n<p>Voici quelques-uns des meilleurs jeux de machines \u00e0 sous o\u00f9 utiliser vos <a href=\"https:\/\/www.bonus.ca\/fr\/machines-a-sous-gratuites\">tours gratuits sans d\u00e9p\u00f4t<\/a> pour potentiellement gagner de l&#8217;argent r\u00e9el. <\/p>\n<p>Ces machines offrent g\u00e9n\u00e9ralement d&#8217;\u00e9normes jackpots progressifs et un taux de retour au joueur \u00e9lev\u00e9, ce qui vous donne la meilleure valeur pour vos 120\u00a0tours gratuits sans d\u00e9p\u00f4t \u00a0:<\/p>\n<ul>\n<li><strong>Mega Moolah<\/strong>\u00a0: jackpot progressif gigantesque, c&#8217;est pourquoi il fait partie de notre top 10 des <a href=\"https:\/\/www.bonus.ca\/fr\/casino-en-ligne\/le-plus-payant\">machines \u00e0 sous qui paient le plus<\/a>.<\/li>\n<li><strong>Divine Fortune<\/strong>\u00a0: excellent jackpot et super fonctionnalit\u00e9s bonus.<\/li>\n<li><strong>Book of Dead<\/strong>\u00a0: taux de retour \u00e9lev\u00e9 et des rondes de tours gratuits int\u00e9gr\u00e9es.<\/li>\n<li><strong>Starburst<\/strong>\u00a0: gains fr\u00e9quents et jouabilit\u00e9 simple.<\/li>\n<li><strong>Gonzo&#8217;s Quest<\/strong>\u00a0: multiplicateurs de gains fr\u00e9quents.<\/li>\n<\/ul>\n<h3>Types des bonus 120\u00a0tours gratuits disponibles<\/h3>\n<p>En g\u00e9n\u00e9ral, les <strong>120\u00a0tours gratuits<\/strong> offerts par les plateformes de jeux en ligne font partie d&#8217;un <a href=\"https:\/\/www.bonus.ca\/fr\/casino-bonus\">bonus casino de bienvenue<\/a> combinant des tours gratuits et un bonus de d\u00e9p\u00f4t.<\/p>\n<p>Autrement dit, il s&#8217;agit souvent d&#8217;une portion de tours gratuits ajout\u00e9e \u00e0 un <strong>bonus de d\u00e9p\u00f4t offert<\/strong> aux nouveaux joueurs.<\/p>\n<p>N\u00e9anmoins, certains casinos ont la bonne id\u00e9e de proposer des bonus sans vous ayez avoir \u00e0 faire de d\u00e9p\u00f4t. <\/p>\n<h2>Avantages et inconv\u00e9nients des bonus de 120\u00a0tours gratuits sans d\u00e9p\u00f4t<\/h2>\n<p>Une offre de 120\u00a0tours gratuits sans d\u00e9p\u00f4t comporte des avantages et des inconv\u00e9nients. <\/p>\n<p>Les voici en r\u00e9sum\u00e9\u00a0:<\/p>\n<ol>\n<li><strong>Sans risque :<\/strong> vous pouvez jouer sur des machines \u00e0 sous en argent r\u00e9el sans d\u00e9penser votre propre argent.<\/li>\n<li><strong>Gagner de l&#8217;argent r\u00e9el :<\/strong> vous avez quand m\u00eame une chance de gagner de l&#8217;argent r\u00e9el en utilisant un bonus gratuit.<\/li>\n<li><strong>Tester le casino :<\/strong> vous pouvez essayer un casino sans rien d\u00e9penser de votre poche.<\/li>\n<li><strong>Facile \u00e0 obtenir :<\/strong> pas besoin de carte de cr\u00e9dit ni de paiement.<\/li>\n<li><strong>Exigences de mise :<\/strong> le casino impose g\u00e9n\u00e9ralement des conditions de mise sur les gains de tours gratuits.<\/li>\n<li><strong>Restrictions de jeu :<\/strong> les 120 tours gratuits sont souvent limit\u00e9s \u00e0 un jeu sp\u00e9cifique.<\/li>\n<li><strong>Plafond de gains :<\/strong> les casinos limitent le montant que vous pouvez gagner et retirer.<\/li>\n<li><strong>Expiration rapide :<\/strong> souvent, les bonus de 120 tours gratuits expirent sous 24 \u00e0 72 heures.<\/li>\n<\/ol>\n<p>Si vous pr\u00e9f\u00e9rez d\u00e9marrer avec moins, vous pouvez aussi r\u00e9clamer un bonus de <a href=\"https:\/\/www.bonus.ca\/fr\/machines-a-sous-gratuites\/25-tours-gratuits\">25\u00a0tours gratuits<\/a> ou de <a href=\"https:\/\/www.bonus.ca\/fr\/machines-a-sous-gratuites\/50-tours-gratuits\">50\u00a0tours gratuits sans d\u00e9p\u00f4t<\/a>, ces plus petits bonus ont g\u00e9n\u00e9ralement des conditions plus flexibles et faciles \u00e0 remplir.<\/p>\n<h2>Conditions du bonus\u00a0120\u00a0tours gratuits sans d\u00e9p\u00f4t<\/h2>\n<p>Lisez attentivement les termes et conditions du casino afin de tirer le maximum de vos <strong>120\u00a0tours gratuits<\/strong>.<\/p>\n<p>Vous \u00e9viterez ainsi les mauvaises surprises et augmenterez vos chances de gagner de l&#8217;argent r\u00e9el gr\u00e2ce \u00e0 ce bonus.<\/p>\n<p>Voici les points cl\u00e9s \u00e0 v\u00e9rifier habituellement sur les casinos en ligne :<\/p>\n<p>[table_start]<br \/>\n[table_head column-1=&#8217;Condition&#8217; column-2=&#8217;Id\u00e9al&#8217; column-3=&#8217;Moyenne&#8217;]<br \/>\n[table_row column-1=&#8217;D\u00e9p\u00f4t requis&#8217; column-2=&#8217;5\u00a0$&#8217; column-3=&#8217;20\u00a0$&#8217;]<br \/>\n[table_row column-1=&#8217;Exigence de mise&#8217; column-2=&#8217;1\u00d7&#8217; column-3=&#8217;30\u00d7&#8217;]<br \/>\n[table_row column-1=&#8217;Machines \u00e9ligibles&#8217; column-2=&#8217;5&#8242; column-3=&#8217;1&#8242;]<br \/>\n[table_row column-1=&#8217;Validit\u00e9 du bonus&#8217; column-2=&#8217;14\u00a0jours&#8217; column-3=&#8217;7\u00a0jours&#8217;]<br \/>\n[table_row column-1=&#8217;Gain max. retirable&#8217; column-2=&#8217;500\u00a0$&#8217; column-3=&#8217;100\u00a0$&#8217;]<br \/>\n[table_end]<\/p>\n<h2>Qu&#8217;est-ce qu&#8217;un bonus de 120\u00a0tours gratuits sans d\u00e9p\u00f4t\u00a0?<\/h2>\n<p>Un bonus de 120\u00a0tours gratuits sans d\u00e9p\u00f4t est une promotion de casino qui vous offre 120\u00a0tours gratuits sur des machines \u00e0 sous s\u00e9lectionn\u00e9es, sans que vous ayez \u00e0 d\u00e9penser d&#8217;argent.<\/p>\n<p>Ces offres font souvent partie des bonus de bienvenue propos\u00e9s par les meilleurs casinos, ou bien apparaissent lors de <strong>promotions exclusives \u00e0 dur\u00e9e souvent limit\u00e9e<\/strong>.<\/p>\n<p>Le meilleur dans tout \u00e7a\u00a0? De nombreux casinos vous permettent de garder vos gains tant que vous remplissez les exigences de mise li\u00e9es au bonus.<\/p>\n<h2>Comment choisir un bonus\u00a0120\u00a0tours gratuits sans d\u00e9p\u00f4t avantageux ?<\/h2>\n<p>Tous les bonus de tours gratuits sans d\u00e9p\u00f4t ne se valent pas. Voici ce qu&#8217;il faut v\u00e9rifier avant de r\u00e9clamer un bonus de ce type.<\/p>\n<h3>1. Exigences de mise<\/h3>\n<p>Privil\u00e9giez les bonus \u00e0 faible <a href=\"https:\/\/www.bonus.ca\/fr\/casino-bonus\/sans-conditions\">conditions de mises<\/a>. Moins il y a de <strong>conditions de mise<\/strong>, plus il sera facile d&#8217;encaisser vos gains issus du bonus.<\/p>\n<h3>2. Restrictions de jeu<\/h3>\n<p>V\u00e9rifiez quel jeu est concern\u00e9. Les tours gratuits s&#8217;appliquent g\u00e9n\u00e9ralement \u00e0 une <strong>machine \u00e0 sous sp\u00e9cifique<\/strong>. Parmi les titres souvent inclus dans ce type de promo\u00a0: Starburst, Book of Dead ou Gonzo&#8217;s Quest.<\/p>\n<h3>3. Plafond de gains<\/h3>\n<p>Les casinos fixent g\u00e9n\u00e9ralement un gain maximum retirable pour les tours gratuits.<\/p>\n<h3>4. Date d&#8217;expiration du bonus<\/h3>\n<p>V\u00e9rifiez le d\u00e9lai d&#8217;utilisation du bonus. Vous ne disposez que d&#8217;un <strong>temps limit\u00e9 pour activer<\/strong> et utiliser vos tours gratuits, sans quoi ils expireront.<\/p>\n<h2>Comment r\u00e9clamer 120\u00a0tours gratuits sans d\u00e9p\u00f4t ?<\/h2>\n<p>Si vous voulez obtenir un bonus exclusif BonusFinder de tours gratuits sans d\u00e9p\u00f4t, il vous suffit de suivre ces \u00e9tapes :<\/p>\n<ol>\n<li>Trouvez un casino de confiance\u00a0: choisissez un casino offrant 120\u00a0tours gratuits sans d\u00e9p\u00f4t dans notre liste ci-dessus. Nous ne listons que des <strong>sites l\u00e9gaux et s\u00e9curitaires<\/strong>.N&#8217;hesitez pas \u00e0 vous tourner vers les <a href=\"https:\/\/www.bonus.ca\/fr\/casino-en-ligne\/nouveaux\">nouveaux casinos en ligne<\/a> car ils offrent souvent un nombre de tours gratuits \u00e9lev\u00e9.<\/li>\n<li>Inscrivez-vous et v\u00e9rifiez votre compte\u00a0: cr\u00e9ez un compte sur le casino et compl\u00e9tez la proc\u00e9dure de v\u00e9rification d&#8217;identit\u00e9 (\u00e2ge, email, etc.).<\/li>\n<li>R\u00e9clamez vos tours gratuits\u00a0: certains casinos cr\u00e9ditent automatiquement vos tours, d&#8217;autres <strong>requi\u00e8rent un code bonus<\/strong> ou un petit d\u00e9p\u00f4t symbolique. En cas de doute, contactez le service client du casino.<\/li>\n<li>Commencez \u00e0 jouer\u00a0: utilisez vos 120\u00a0tours gratuits sur les machines \u00e0 sous \u00e9ligibles et tentez de gagner de l&#8217;argent r\u00e9el\u00a0!<\/li>\n<\/ol>\n<h2>Devez-vous accepter un bonus de 120\u00a0tours gratuits sans d\u00e9p\u00f4t\u00a0?<\/h2>\n<p>Tout d\u00e9pend de votre style de jeu et de votre strat\u00e9gie.<\/p>\n<p>Vous \u00eates libre d&#8217;accepter ou non ce type de <a href=\"https:\/\/www.bonus.ca\/fr\/casino-bonus\/sans-depot\">bonus sans d\u00e9p\u00f4t<\/a>. Nous adorons pouvoir jouer sans risque sur des machines \u00e0 sous en argent r\u00e9el.<\/p>\n<p>Selon nous, 120\u00a0tours gratuits sans d\u00e9p\u00f4t est un excellent moyen de commencer \u00e0 jouer. <\/p>\n<p>Mais le vrai hic, ce sont les conditions de mise et les restrictions de jeux associ\u00e9es \u00e0 ce bonus.<\/p>\n<p><strong>Id\u00e9al pour<\/strong>\u00a0: les amateurs de machines \u00e0 sous qui veulent d\u00e9couvrir de nouveaux jeux et casinos sans d\u00e9poser d&#8217;argent.<br \/>\n<strong>Moins adapt\u00e9 pour<\/strong>\u00a0: les joueurs qui pr\u00e9f\u00e8rent encaisser imm\u00e9diatement leurs gains, sans aucune condition de mise.<\/p>\n<h2>Pourquoi choisir un bonus de 120\u00a0tours gratuits sans d\u00e9p\u00f4t ?<\/h2>\n<p>Comme nous l&#8217;avons mentionn\u00e9, nous adorons utiliser les tours gratuits.<\/p>\n<p>Pour nous, c&#8217;est un excellent moyen de\u00a0:<\/p>\n<ul>\n<li>D\u00e9couvrir de nouvelles slots sans d\u00e9penser d&#8217;argent.<\/li>\n<li>Jouer en argent r\u00e9el sans risque.<\/li>\n<li>Gagner de l&#8217;argent sans d\u00e9p\u00f4t ni fournir de coordonn\u00e9es bancaires.<\/li>\n<li>Tester un casino avant d&#8217;y investir de l&#8217;argent.<\/li>\n<\/ul>\n<p>B\u00e9n\u00e9ficier de 120\u00a0tours gratuits sans d\u00e9p\u00f4t vous donne une belle opportunit\u00e9 de <strong>gagner de l&#8217;argent r\u00e9el<\/strong> sans aucun risque. <\/p>\n<h2>Peut-on vraiment gagner de l&#8217;argent r\u00e9el avec 120\u00a0tours gratuits\u00a0?<\/h2>\n<p>Oui\u00a0! En profitant de 120\u00a0tours gratuits en argent r\u00e9el sans d\u00e9p\u00f4t, vous avez une chance de gagner et retirer de l&#8217;argent r\u00e9el. <\/p>\n<p>Cependant, les casinos ont certaines r\u00e8gles concernant les gains issus de tours gratuits\u00a0: exigences de mise, restrictions de jeux, plafonds de retrait, etc.<\/p>\n<div class=\"bonusfinder-tip card-fancy margin-vertical-medium\">\n\t<div class=\"title\">\n\t\t<div class=\"tip-icon\">\n\t\t\t<img decoding=\"async\" src=\"https:\/\/mediafr.bonus.ca\/images\/bf-icon_tip-emblem.svg\" height=\"36\" width=\"36\" class=\"icon-xlarge\" loading=\"lazy\" alt=\"editor tip icon\" srcset=\"https:\/\/mediafr.bonus.ca\/images\/bf-icon_tip-emblem.svg 1x, https:\/\/mediafr.bonus.ca\/images\/bf-icon_tip-emblem.svg 2x\" \/>\n\t\t<\/div>\n\t\t<div>Conseil BonusFinder<\/div>\n\t<\/div>\n\t<div class=\"content\">lisez toujours les termes & conditions du bonus avant de r\u00e9clamer des tours gratuits sans d\u00e9p\u00f4t. Ainsi, vous en tirerez le meilleur profit ! N'oubliez pas que les offres incluant un petit d\u00e9p\u00f4t offrent souvent une valeur encore plus grande que les bonus 100\u202f% gratuits.<\/div>\n<\/div>\n\n","protected":false},"excerpt":{"rendered":"<p>Casinos avec 120\u00a0tours gratuits sans d\u00e9p\u00f4t Quels sont les meilleurs casinos en ligne offrant 120\u00a0tours gratuits sans d\u00e9p\u00f4t pour les joueurs au Canada\u00a0? Voici la liste des 5\u00a0meilleures offres exclusives de 120\u00a0tours gratuits et des casinos qui les proposent : [table_start] [table_head column-1=&#8217;Casino&#8217; column-2=&#8217;Tours Gratuits sans d\u00e9p\u00f4t&#8217; column-3=&#8217;Conditions de Mise&#8217;] [table_row column-1=&#8217;Casino Days&#8217; column-2=&#8217;120 tours [&hellip;]<\/p>\n","protected":false},"author":123,"featured_media":0,"parent":11038,"menu_order":0,"comment_status":"closed","ping_status":"closed","template":"","meta":{"inline_featured_image":false,"_glsr_average":0,"_glsr_ranking":0,"_glsr_reviews":0,"footnotes":""},"class_list":["post-25107","page","type-page","status-publish","hentry"],"yoast_head":"<!-- This site is optimized with the Yoast SEO plugin v27.4 - https:\/\/yoast.com\/product\/yoast-seo-wordpress\/ -->\n<title>120 Tours Gratuits Sans D\u00e9p\u00f4t au Canada en [year]<\/title>\n<meta name=\"description\" content=\"Obtenez un bonus de 120 tours gratuits sans d\u00e9p\u00f4t | Nous avons r\u00e9pertori\u00e9 les meilleurs bonus de 120 tours gratuits disponibles au Canada !\" \/>\n<meta name=\"robots\" content=\"index, follow, max-snippet:-1, max-image-preview:large, max-video-preview:-1\" \/>\n<link rel=\"canonical\" href=\"https:\/\/www.bonus.ca\/fr\/machines-a-sous-gratuites\/120-tours-gratuits-sans-depot\" \/>\n<meta property=\"og:type\" content=\"article\" \/>\n<meta property=\"og:title\" content=\"120 Tours Gratuits Sans D\u00e9p\u00f4t au Canada en [year]\" \/>\n<meta property=\"og:description\" content=\"Obtenez un bonus de 120 tours gratuits sans d\u00e9p\u00f4t | Nous avons r\u00e9pertori\u00e9 les meilleurs bonus de 120 tours gratuits disponibles au Canada !\" \/>\n<meta property=\"og:url\" content=\"https:\/\/www.bonus.ca\/fr\/machines-a-sous-gratuites\/120-tours-gratuits-sans-depot\" \/>\n<meta property=\"article:published_time\" content=\"2025-07-14T12:13:15+00:00\" \/>\n<meta property=\"article:modified_time\" content=\"2025-09-26T10:11:01+00:00\" \/>\n<meta property=\"og:image\" content=\"https:\/\/mediafr.bonus.ca\/images\/120-free-spins.png\" \/>\n<meta name=\"twitter:card\" content=\"summary_large_image\" \/>\n<meta name=\"twitter:label1\" content=\"Est. reading time\" \/>\n\t<meta name=\"twitter:data1\" content=\"6 minutes\" \/>\n<!-- \/ Yoast SEO plugin. -->","yoast_head_json":{"title":"120 Tours Gratuits Sans D\u00e9p\u00f4t au Canada en [year]","description":"Obtenez un bonus de 120 tours gratuits sans d\u00e9p\u00f4t | Nous avons r\u00e9pertori\u00e9 les meilleurs bonus de 120 tours gratuits disponibles au Canada !","robots":{"index":"index","follow":"follow","max-snippet":"max-snippet:-1","max-image-preview":"max-image-preview:large","max-video-preview":"max-video-preview:-1"},"canonical":"https:\/\/www.bonus.ca\/fr\/machines-a-sous-gratuites\/120-tours-gratuits-sans-depot","og_type":"article","og_title":"120 Tours Gratuits Sans D\u00e9p\u00f4t au Canada en [year]","og_description":"Obtenez un bonus de 120 tours gratuits sans d\u00e9p\u00f4t | Nous avons r\u00e9pertori\u00e9 les meilleurs bonus de 120 tours gratuits disponibles au Canada !","og_url":"https:\/\/www.bonus.ca\/fr\/machines-a-sous-gratuites\/120-tours-gratuits-sans-depot","article_published_time":"2025-07-14T12:13:15+00:00","article_modified_time":"2025-09-26T10:11:01+00:00","og_image":[{"url":"https:\/\/mediafr.bonus.ca\/images\/120-free-spins.png","type":"","width":"","height":""}],"twitter_card":"summary_large_image","twitter_misc":{"Est. reading time":"6 minutes"},"schema":{"@context":"https:\/\/schema.org","@graph":[{"@type":"WebPage","@id":"https:\/\/www.bonus.ca\/fr\/machines-a-sous-gratuites\/120-tours-gratuits-sans-depot","url":"https:\/\/www.bonus.ca\/fr\/machines-a-sous-gratuites\/120-tours-gratuits-sans-depot","name":"120 Tours Gratuits Sans D\u00e9p\u00f4t au Canada en [year]","isPartOf":{"@id":"https:\/\/www.bonus.ca\/fr\/#website"},"primaryImageOfPage":{"@id":"https:\/\/www.bonus.ca\/fr\/machines-a-sous-gratuites\/120-tours-gratuits-sans-depot#primaryimage"},"image":{"@id":"https:\/\/www.bonus.ca\/fr\/machines-a-sous-gratuites\/120-tours-gratuits-sans-depot#primaryimage"},"thumbnailUrl":"https:\/\/mediafr.bonus.ca\/images\/120-free-spins.png","datePublished":"2025-07-14T12:13:15+00:00","dateModified":"2025-09-26T10:11:01+00:00","description":"Obtenez un bonus de 120 tours gratuits sans d\u00e9p\u00f4t | Nous avons r\u00e9pertori\u00e9 les meilleurs bonus de 120 tours gratuits disponibles au Canada !","breadcrumb":{"@id":"https:\/\/www.bonus.ca\/fr\/machines-a-sous-gratuites\/120-tours-gratuits-sans-depot#breadcrumb"},"inLanguage":"en-US","potentialAction":[{"@type":"ReadAction","target":["https:\/\/www.bonus.ca\/fr\/machines-a-sous-gratuites\/120-tours-gratuits-sans-depot"]}]},{"@type":"ImageObject","inLanguage":"en-US","@id":"https:\/\/www.bonus.ca\/fr\/machines-a-sous-gratuites\/120-tours-gratuits-sans-depot#primaryimage","url":"https:\/\/mediafr.bonus.ca\/images\/120-free-spins.png","contentUrl":"https:\/\/mediafr.bonus.ca\/images\/120-free-spins.png"},{"@type":"BreadcrumbList","@id":"https:\/\/www.bonus.ca\/fr\/machines-a-sous-gratuites\/120-tours-gratuits-sans-depot#breadcrumb","itemListElement":[{"@type":"ListItem","position":1,"name":"Home","item":"https:\/\/www.bonus.ca\/fr\/"},{"@type":"ListItem","position":2,"name":"Machines \u00e0 Sous Gratuites","item":"https:\/\/www.bonus.ca\/fr\/machines-a-sous-gratuites"},{"@type":"ListItem","position":3,"name":"120 tours gratuits sans d\u00e9p\u00f4t"}]},{"@type":"WebSite","@id":"https:\/\/www.bonus.ca\/fr\/#website","url":"https:\/\/www.bonus.ca\/fr\/","name":"BonusFinder Canada (Fran\u00e7ais)","description":"La source de bonus n\u00b0 1 au Canada","potentialAction":[{"@type":"SearchAction","target":{"@type":"EntryPoint","urlTemplate":"https:\/\/www.bonus.ca\/fr\/?s={search_term_string}"},"query-input":{"@type":"PropertyValueSpecification","valueRequired":true,"valueName":"search_term_string"}}],"inLanguage":"en-US"}]}},"_links":{"self":[{"href":"https:\/\/www.bonus.ca\/fr\/wp-json\/wp\/v2\/pages\/25107","targetHints":{"allow":["GET"]}}],"collection":[{"href":"https:\/\/www.bonus.ca\/fr\/wp-json\/wp\/v2\/pages"}],"about":[{"href":"https:\/\/www.bonus.ca\/fr\/wp-json\/wp\/v2\/types\/page"}],"author":[{"embeddable":true,"href":"https:\/\/www.bonus.ca\/fr\/wp-json\/wp\/v2\/users\/123"}],"replies":[{"embeddable":true,"href":"https:\/\/www.bonus.ca\/fr\/wp-json\/wp\/v2\/comments?post=25107"}],"version-history":[{"count":10,"href":"https:\/\/www.bonus.ca\/fr\/wp-json\/wp\/v2\/pages\/25107\/revisions"}],"predecessor-version":[{"id":25392,"href":"https:\/\/www.bonus.ca\/fr\/wp-json\/wp\/v2\/pages\/25107\/revisions\/25392"}],"up":[{"embeddable":true,"href":"https:\/\/www.bonus.ca\/fr\/wp-json\/wp\/v2\/pages\/11038"}],"wp:attachment":[{"href":"https:\/\/www.bonus.ca\/fr\/wp-json\/wp\/v2\/media?parent=25107"}],"curies":[{"name":"wp","href":"https:\/\/api.w.org\/{rel}","templated":true}]}}