{"id":25423,"date":"2025-10-20T13:20:36","date_gmt":"2025-10-20T13:20:36","guid":{"rendered":"https:\/\/www.bonus.ca\/fr\/?page_id=25423"},"modified":"2025-11-10T13:31:09","modified_gmt":"2025-11-10T13:31:09","slug":"outils","status":"publish","type":"page","link":"https:\/\/www.bonus.ca\/fr\/outils","title":{"rendered":"Outils"},"content":{"rendered":"\t<div class=\"highlight-block card-fancy\">\n\t\t<div class=\"card-inner\">\n                            <img loading=\"lazy\" decoding=\"async\" src=\"https:\/\/media.bonusfinder.co.uk\/images\/eat-1.png\" alt=\"Calculateur de valeur attendue du bonus\" width=\"128\" height=\"128\" class=\"alignnone size-full\" \/>\n            \t\t\t<div class=\"card-content\">\n\t\t\t\t<h4 class=\"no-margin-top\"> Calculateur de valeur attendue (EV) du bonus de casino<\/h4>\n\t\t\t\t<div>Estimez la valeur attendue (EV) pour un bonus de casino en tenant compte du type de bonus, des conditions de mise, du RTP et de la contribution des jeux.<\/p>\n<p><a href=\"https:\/\/www.bonus.ca\/fr\/outils\/calculateur-valeur-attendue-bonus-casino\" target=\"_blank\" rel=\"noopener\">Ouvrir l outil<\/a><\/div>\n\t\t\t<\/div>\n\t\t<\/div>\n\t<\/div>\n\n\t<div class=\"highlight-block card-fancy\">\n\t\t<div class=\"card-inner\">\n                            <img loading=\"lazy\" decoding=\"async\" src=\"https:\/\/media.bonusfinder.co.uk\/images\/eat-2.png\" alt=\"Planificateur de jackpot\" width=\"128\" height=\"128\" class=\"alignnone size-full\" \/>\n            \t\t\t<div class=\"card-content\">\n\t\t\t\t<h4 class=\"no-margin-top\"> BonusFinder Planificateur de Jackpot<\/h4>\n\t\t\t\t<div>D\u00e9couvrez combien de temps un jackpot peut durer ou quel montant est n\u00e9cessaire pour financer votre style de vie id\u00e9al.<\/p>\n<p><a href=\"https:\/\/www.bonus.ca\/fr\/outils\/planificateur-gains-jackpot\" target=\"_blank\" rel=\"noopener\">Ouvrir l outil<\/a><\/div>\n\t\t\t<\/div>\n\t\t<\/div>\n\t<\/div>\n\n\t<div class=\"highlight-block card-fancy\">\n\t\t<div class=\"card-inner\">\n                            <img loading=\"lazy\" decoding=\"async\" src=\"https:\/\/media.bonusfinder.co.uk\/images\/eat-3.png\" alt=\"Calculateur de cotes\" width=\"128\" height=\"128\" class=\"alignnone size-full\" \/>\n            \t\t\t<div class=\"card-content\">\n\t\t\t\t<h4 class=\"no-margin-top\"> BonusFinder Calculateur de Cotes<\/h4>\n\t\t\t\t<div>Les cotes peuvent \u00eatre compliqu\u00e9es. Les paris moneyline sont simples, mais le calcul des gains peut \u00eatre difficile. Utilisez le Calculateur de Cotes de BonusFinder pour convertir les cotes et voir en quelques secondes votre b\u00e9n\u00e9fice et votre retour total.<\/p>\n<p><a href=\"https:\/\/www.bonus.ca\/fr\/outils\/calculateur-de-cotes\" target=\"_blank\" rel=\"noopener\">Ouvrir l outil<\/a><\/div>\n\t\t\t<\/div>\n\t\t<\/div>\n\t<\/div>\n\n\t<div class=\"highlight-block card-fancy\">\n\t\t<div class=\"card-inner\">\n                            <img loading=\"lazy\" decoding=\"async\" src=\"https:\/\/media.bonusfinder.co.uk\/images\/eat-4.png\" alt=\"MatchMaker\" width=\"128\" height=\"128\" class=\"alignnone size-full\" \/>\n            \t\t\t<div class=\"card-content\">\n\t\t\t\t<h4 class=\"no-margin-top\"> BonusFinder MatchMaker<\/h4>\n\t\t\t\t<div>Trouvez votre bonus de casino id\u00e9al en moins de 1 minute. R\u00e9pondez \u00e0 5 questions courtes et recevez le bonus le plus adapt\u00e9 \u00e0 votre style de jeu \u2014 sans d\u00e9filement infini, sans devinettes, uniquement les meilleures offres pour vous.<\/p>\n<p><a href=\"https:\/\/www.bonus.ca\/fr\/outils\/matchmaker\" target=\"_blank\" rel=\"noopener\">Ouvrir l outil<\/a><\/div>\n\t\t\t<\/div>\n\t\t<\/div>\n\t<\/div>\n\n\n","protected":false},"excerpt":{"rendered":"","protected":false},"author":123,"featured_media":0,"parent":0,"menu_order":0,"comment_status":"closed","ping_status":"closed","template":"","meta":{"inline_featured_image":false,"_glsr_average":0,"_glsr_ranking":0,"_glsr_reviews":0,"footnotes":""},"class_list":["post-25423","page","type-page","status-publish","hentry"],"yoast_head":"<!-- This site is optimized with the Yoast SEO plugin v27.4 - https:\/\/yoast.com\/product\/yoast-seo-wordpress\/ -->\n<title>Outils | BonusFinder Canada (Fran\u00e7ais)<\/title>\n<meta name=\"description\" content=\"D\u00e9couvrez les outils gratuits de BonusFinder pour des d\u00e9cisions plus rapides et plus avis\u00e9es.\" \/>\n<meta name=\"robots\" content=\"index, follow, max-snippet:-1, max-image-preview:large, max-video-preview:-1\" \/>\n<link rel=\"canonical\" href=\"https:\/\/www.bonus.ca\/fr\/outils\" \/>\n<meta property=\"og:type\" content=\"article\" \/>\n<meta property=\"og:title\" content=\"Outils | BonusFinder Canada (Fran\u00e7ais)\" \/>\n<meta property=\"og:description\" content=\"D\u00e9couvrez les outils gratuits de BonusFinder pour des d\u00e9cisions plus rapides et plus avis\u00e9es.\" \/>\n<meta property=\"og:url\" content=\"https:\/\/www.bonus.ca\/fr\/outils\" \/>\n<meta property=\"article:published_time\" content=\"2025-10-20T13:20:36+00:00\" \/>\n<meta property=\"article:modified_time\" content=\"2025-11-10T13:31:09+00:00\" \/>\n<meta property=\"og:image\" content=\"https:\/\/mediafr.bonus.ca\/images\/eat-1.png\" \/>\n<meta name=\"twitter:card\" content=\"summary_large_image\" \/>\n<meta name=\"twitter:label1\" content=\"Est. reading time\" \/>\n\t<meta name=\"twitter:data1\" content=\"2 minutes\" \/>\n<!-- \/ Yoast SEO plugin. -->","yoast_head_json":{"title":"Outils | BonusFinder Canada (Fran\u00e7ais)","description":"D\u00e9couvrez les outils gratuits de BonusFinder pour des d\u00e9cisions plus rapides et plus avis\u00e9es.","robots":{"index":"index","follow":"follow","max-snippet":"max-snippet:-1","max-image-preview":"max-image-preview:large","max-video-preview":"max-video-preview:-1"},"canonical":"https:\/\/www.bonus.ca\/fr\/outils","og_type":"article","og_title":"Outils | BonusFinder Canada (Fran\u00e7ais)","og_description":"D\u00e9couvrez les outils gratuits de BonusFinder pour des d\u00e9cisions plus rapides et plus avis\u00e9es.","og_url":"https:\/\/www.bonus.ca\/fr\/outils","article_published_time":"2025-10-20T13:20:36+00:00","article_modified_time":"2025-11-10T13:31:09+00:00","og_image":[{"url":"https:\/\/mediafr.bonus.ca\/images\/eat-1.png","type":"","width":"","height":""}],"twitter_card":"summary_large_image","twitter_misc":{"Est. reading time":"2 minutes"},"schema":{"@context":"https:\/\/schema.org","@graph":[{"@type":"WebPage","@id":"https:\/\/www.bonus.ca\/fr\/outils","url":"https:\/\/www.bonus.ca\/fr\/outils","name":"Outils | BonusFinder Canada (Fran\u00e7ais)","isPartOf":{"@id":"https:\/\/www.bonus.ca\/fr\/#website"},"primaryImageOfPage":{"@id":"https:\/\/www.bonus.ca\/fr\/outils#primaryimage"},"image":{"@id":"https:\/\/www.bonus.ca\/fr\/outils#primaryimage"},"thumbnailUrl":"https:\/\/media.bonusfinder.co.uk\/images\/eat-1.png","datePublished":"2025-10-20T13:20:36+00:00","dateModified":"2025-11-10T13:31:09+00:00","description":"D\u00e9couvrez les outils gratuits de BonusFinder pour des d\u00e9cisions plus rapides et plus avis\u00e9es.","breadcrumb":{"@id":"https:\/\/www.bonus.ca\/fr\/outils#breadcrumb"},"inLanguage":"en-US","potentialAction":[{"@type":"ReadAction","target":["https:\/\/www.bonus.ca\/fr\/outils"]}]},{"@type":"ImageObject","inLanguage":"en-US","@id":"https:\/\/www.bonus.ca\/fr\/outils#primaryimage","url":"https:\/\/media.bonusfinder.co.uk\/images\/eat-1.png","contentUrl":"https:\/\/media.bonusfinder.co.uk\/images\/eat-1.png"},{"@type":"BreadcrumbList","@id":"https:\/\/www.bonus.ca\/fr\/outils#breadcrumb","itemListElement":[{"@type":"ListItem","position":1,"name":"Home","item":"https:\/\/www.bonus.ca\/fr\/"},{"@type":"ListItem","position":2,"name":"Outils"}]},{"@type":"WebSite","@id":"https:\/\/www.bonus.ca\/fr\/#website","url":"https:\/\/www.bonus.ca\/fr\/","name":"BonusFinder Canada (Fran\u00e7ais)","description":"La source de bonus n\u00b0 1 au Canada","potentialAction":[{"@type":"SearchAction","target":{"@type":"EntryPoint","urlTemplate":"https:\/\/www.bonus.ca\/fr\/?s={search_term_string}"},"query-input":{"@type":"PropertyValueSpecification","valueRequired":true,"valueName":"search_term_string"}}],"inLanguage":"en-US"}]}},"_links":{"self":[{"href":"https:\/\/www.bonus.ca\/fr\/wp-json\/wp\/v2\/pages\/25423","targetHints":{"allow":["GET"]}}],"collection":[{"href":"https:\/\/www.bonus.ca\/fr\/wp-json\/wp\/v2\/pages"}],"about":[{"href":"https:\/\/www.bonus.ca\/fr\/wp-json\/wp\/v2\/types\/page"}],"author":[{"embeddable":true,"href":"https:\/\/www.bonus.ca\/fr\/wp-json\/wp\/v2\/users\/123"}],"replies":[{"embeddable":true,"href":"https:\/\/www.bonus.ca\/fr\/wp-json\/wp\/v2\/comments?post=25423"}],"version-history":[{"count":10,"href":"https:\/\/www.bonus.ca\/fr\/wp-json\/wp\/v2\/pages\/25423\/revisions"}],"predecessor-version":[{"id":25455,"href":"https:\/\/www.bonus.ca\/fr\/wp-json\/wp\/v2\/pages\/25423\/revisions\/25455"}],"wp:attachment":[{"href":"https:\/\/www.bonus.ca\/fr\/wp-json\/wp\/v2\/media?parent=25423"}],"curies":[{"name":"wp","href":"https:\/\/api.w.org\/{rel}","templated":true}]}}