{"id":25430,"date":"2025-10-20T13:34:14","date_gmt":"2025-10-20T13:34:14","guid":{"rendered":"https:\/\/www.bonus.ca\/fr\/?page_id=25430"},"modified":"2026-03-09T14:13:54","modified_gmt":"2026-03-09T14:13:54","slug":"matchmaker","status":"publish","type":"page","link":"https:\/\/www.bonus.ca\/fr\/outils\/matchmaker","title":{"rendered":"MatchMaker"},"content":{"rendered":"<div class=\"bf-header\">\n<h2 style=\"text-align:center;\">Trouvez votre prochain bonus en 60 secondes<\/h2>\n<p class=\"bf-sub\">Pas le temps de faire d\u00e9filer ? Essayez le <strong>nouveau<\/strong> BonusFinder MatchMaker\u00a0!<\/p>\n<\/div>\n<div class=\"matchmaker-instance\">\n\t<div class=\"matchmaker-intro-wrapper\">\n\t\t<div class=\"matchmaker-intro-box\">\n\t\t\t<p class=\"matchmaker-intro-sub\">Answer 5 quick questions and we'll instantly match you with the ideal bonus for your playing style.<\/p>\n\n\t\t\t<div id=\"matchmaker-benefits\" class=\"matchmaker-intro-benefits\">\n\t\t\t\t<ul id=\"matchmaker-benefits-list\"  class=\"matchmaker-intro-benefits-list\">\n\t\t\t\t\t<li><span><b>Your perfect bonus<\/b> - Based on your preferences<\/span><\/li>\n\t\t\t\t\t<li><span><b>Skip the endless scrolling<\/b> - We find the best deals for you<\/span><\/li>\n\t\t\t\t\t<li><span><b>Higher-value offers<\/b> - Selected for maximum benefit<\/span><\/li>\n\t\t\t\t<\/ul>\n\t\t\t<\/div>\n\n\t\t\t<div class=\"matchmaker-template\">\n\t\t\t\t<div class=\"matchmaker-drawer\">\n\t\t\t\t\t<button class=\"matchmaker-close\" aria-label=\"Close quiz\"><\/button>\n\n\t\t\t\t\t<div class=\"matchmaker-progress-wrapper\">\n\t\t\t\t\t\t<div class=\"matchmaker-progress-bar\"><\/div>\n\t\t\t\t\t<\/div>\n\n\t\t\t\t\t<div class=\"matchmaker-step\">\n\t\t\t\t\t\t<div class=\"matchmaker-progress\"><\/div>\n\t\t\t\t\t\t<h2 class=\"matchmaker-question-title\"><\/h2>\n\t\t\t\t\t\t<div class=\"matchmaker-answers\"><\/div>\n\t\t\t\t\t\t<div class=\"matchmaker-next-wrapper\">\n\t\t\t\t\t\t\t<button class=\"matchmaker-next\" disabled>Next Question<\/button>\n\t\t\t\t\t\t\t<div class=\"matchmaker-tooltip\">Please select an answer before continuing.<\/div>\n\t\t\t\t\t\t<\/div>\n\t\t\t\t\t<\/div>\n\t\t\t\t\t<div class=\"matchmaker-result\" style=\"display: none;\"><\/div>\n\t\t\t\t\t<div class=\"matchmaker-result-wrapper\" style=\"display: none;\"><\/div>\n\t\t\t\t<\/div>\n\t\t\t<\/div>\n\n\t\t\t<div class=\"matchmaker-intro-cta\">\n\t\t\t\t<button class=\"mm-button matchmaker-start-btn\">Match Me Up<\/button>\n\t\t\t<\/div>\n\t\t<\/div>\n\t<\/div>\n\n\t<div class=\"matchmaker-overlay\"><\/div>\n<\/div>\n\n<h2>Votre bonus parfait est \u00e0 quelques clics<\/h2>\n<p>Pas le temps de faire d\u00e9filer ? Essayez le nouveau <strong>BonusFinder MatchMaker<\/strong> \u2014 un quiz rapide et amusant qui trouve les bonus de casino parfaitement adapt\u00e9s \u00e0 votre style de jeu.<\/p>\n<p>R\u00e9pondez \u00e0 5 questions simples et nous vous proposerons instantan\u00e9ment le bonus id\u00e9al \u2014 sans listes interminables, sans perte de temps.<\/p>\n<ul>\n<li>\u2713 <strong>Votre bonus parfait<\/strong> \u2013 Bas\u00e9 sur vos pr\u00e9f\u00e9rences<\/li>\n<li>\u2713 <strong>Gagnez du temps<\/strong> \u2013 Nous trouvons les meilleures offres pour vous<\/li>\n<li>\u2713 <strong>Offres de plus grande valeur<\/strong> \u2013 S\u00e9lectionn\u00e9es pour un b\u00e9n\u00e9fice maximal<\/li>\n<\/ul>\n<h3>Comment \u00e7a fonctionne<\/h3>\n<ol>\n<li><strong>Faites le quiz.<\/strong> Seulement 5 questions rapides \u2014 l\u00e9g\u00e8res, amusantes et centr\u00e9es sur votre style de jeu.<\/li>\n<li><strong>Nous analysons vos r\u00e9ponses.<\/strong> En arri\u00e8re-plan, nous associons vos traits \u00e0 l&#8217;un des cinq profils de joueurs uniques.<\/li>\n<li><strong>Obtenez votre r\u00e9sultat.<\/strong> D\u00e9couvrez instantan\u00e9ment le meilleur bonus de casino s\u00e9lectionn\u00e9 pour vous, selon votre style et votre emplacement.<\/li>\n<\/ol>\n<p>Et voil\u00e0 \u2014 pas de formulaires, pas de tracas, juste un appariement de bonus rapide et fait pour vous.<\/p>\n<h3>Pourquoi vous allez adorer<\/h3>\n<ul>\n<li><strong>C&#8217;est personnalis\u00e9.<\/strong> Vous ne recevez pas d&#8217;offres g\u00e9n\u00e9riques \u2014 tout est bas\u00e9 sur votre fa\u00e7on de jouer.<\/li>\n<li><strong>C&#8217;est rapide.<\/strong> Le tout prend moins d&#8217;une minute.<\/li>\n<li><strong>C&#8217;est avantageux.<\/strong> Recevez des bonus mieux adapt\u00e9s et de plus grande valeur.<\/li>\n<li><strong>C&#8217;est amusant.<\/strong> On dirait plus un jeu qu&#8217;une recherche.<\/li>\n<\/ul>\n<h3>D\u00e9couvrez les profils MatchMaker<\/h3>\n<p>Chaque joueur est diff\u00e9rent \u2014 et c&#8217;est justement le but.<br \/>Voici un aper\u00e7u des personnalit\u00e9s possibles selon vos r\u00e9sultats\u00a0:<\/p>\n<ul>\n<li><strong>Le Strat\u00e8ge\u00a0:<\/strong> Intelligent, r\u00e9fl\u00e9chi et analytique. Vous aimez la structure, la valeur et ma\u00eetriser le syst\u00e8me sur le long terme.<\/li>\n<li><strong>Le Chercheur de sensations\u00a0:<\/strong> Rapide, audacieux et motiv\u00e9 par l&#8217;excitation. Vous recherchez les offres fortes et les moments d&#8217;adr\u00e9naline.<\/li>\n<li><strong>L&#8217;Explorateur\u00a0:<\/strong> Curieux et aventureux. Vous aimez d\u00e9couvrir de nouveaux jeux, de nouveaux casinos et explorer ce qui existe.<\/li>\n<li><strong>L&#8217;Optimiseur\u00a0:<\/strong> Calculateur et pr\u00e9cis. Vous cherchez \u00e0 maximiser vos r\u00e9compenses, \u00e0 cumuler les bonus et \u00e0 trouver la valeur \u00e0 long terme.<\/li>\n<li><strong>Le Joueur Social\u00a0:<\/strong> D\u00e9tendu et convivial. Vous jouez pour le plaisir, l&#8217;ambiance et passer un bon moment avec des offres simples et sans tracas.<\/li>\n<\/ul>\n<h3>Vos r\u00e9sultats<\/h3>\n<p>Une fois le quiz termin\u00e9, vous verrez\u00a0:<\/p>\n<ul>\n<li>Votre profil de joueur correspondant et une br\u00e8ve description<\/li>\n<li>Une offre de casino recommand\u00e9e avec les d\u00e9tails du bonus<\/li>\n<li>Des conditions claires et transparentes<\/li>\n<li>Un simple bouton &#8221;\u00a0Visiter le site\u00a0&#8220;<\/li>\n<li>Des boutons de partage pour publier vos r\u00e9sultats sur X, Facebook ou copier le lien<\/li>\n<\/ul>\n<p>Si vous souhaitez recommencer, cliquez simplement sur <strong>&#8221;\u00a0Refaire le quiz\u00a0&#8220;<\/strong> \u2014 vos r\u00e9ponses pr\u00e9c\u00e9dentes seront imm\u00e9diatement r\u00e9initialis\u00e9es.<\/p>\n<p style=\"text-align:center;margin:20px 0;\">\n  <a href=\"#\" class=\"btn btn-primary\">Trouver mon bonus<\/a><\/p>\n","protected":false},"excerpt":{"rendered":"<p>Trouvez votre prochain bonus en 60 secondes Pas le temps de faire d\u00e9filer ? Essayez le nouveau BonusFinder MatchMaker\u00a0! Votre bonus parfait est \u00e0 quelques clics Pas le temps de faire d\u00e9filer ? Essayez le nouveau BonusFinder MatchMaker \u2014 un quiz rapide et amusant qui trouve les bonus de casino parfaitement adapt\u00e9s \u00e0 votre style [&hellip;]<\/p>\n","protected":false},"author":123,"featured_media":0,"parent":25423,"menu_order":0,"comment_status":"closed","ping_status":"closed","template":"","meta":{"inline_featured_image":false,"_glsr_average":0,"_glsr_ranking":0,"_glsr_reviews":0,"footnotes":""},"class_list":["post-25430","page","type-page","status-publish","hentry"],"yoast_head":"<!-- This site is optimized with the Yoast SEO plugin v27.4 - https:\/\/yoast.com\/product\/yoast-seo-wordpress\/ -->\n<title>MatchMaker | BonusFinder Canada (Fran\u00e7ais)<\/title>\n<meta name=\"description\" content=\"Quiz rapide en 5 questions pour trouver les meilleures offres de casino selon votre vibe.\" \/>\n<meta name=\"robots\" content=\"index, follow, max-snippet:-1, max-image-preview:large, max-video-preview:-1\" \/>\n<link rel=\"canonical\" href=\"https:\/\/www.bonus.ca\/fr\/outils\/matchmaker\" \/>\n<meta property=\"og:type\" content=\"article\" \/>\n<meta property=\"og:title\" content=\"MatchMaker | BonusFinder Canada (Fran\u00e7ais)\" \/>\n<meta property=\"og:description\" content=\"Quiz rapide en 5 questions pour trouver les meilleures offres de casino selon votre vibe.\" \/>\n<meta property=\"og:url\" content=\"https:\/\/www.bonus.ca\/fr\/outils\/matchmaker\" \/>\n<meta property=\"article:published_time\" content=\"2025-10-20T13:34:14+00:00\" \/>\n<meta property=\"article:modified_time\" content=\"2026-03-09T14:13:54+00:00\" \/>\n<meta name=\"twitter:card\" content=\"summary_large_image\" \/>\n<meta name=\"twitter:label1\" content=\"Est. reading time\" \/>\n\t<meta name=\"twitter:data1\" content=\"2 minutes\" \/>\n<!-- \/ Yoast SEO plugin. -->","yoast_head_json":{"title":"MatchMaker | BonusFinder Canada (Fran\u00e7ais)","description":"Quiz rapide en 5 questions pour trouver les meilleures offres de casino selon votre vibe.","robots":{"index":"index","follow":"follow","max-snippet":"max-snippet:-1","max-image-preview":"max-image-preview:large","max-video-preview":"max-video-preview:-1"},"canonical":"https:\/\/www.bonus.ca\/fr\/outils\/matchmaker","og_type":"article","og_title":"MatchMaker | BonusFinder Canada (Fran\u00e7ais)","og_description":"Quiz rapide en 5 questions pour trouver les meilleures offres de casino selon votre vibe.","og_url":"https:\/\/www.bonus.ca\/fr\/outils\/matchmaker","article_published_time":"2025-10-20T13:34:14+00:00","article_modified_time":"2026-03-09T14:13:54+00:00","twitter_card":"summary_large_image","twitter_misc":{"Est. reading time":"2 minutes"},"schema":{"@context":"https:\/\/schema.org","@graph":[{"@type":"WebPage","@id":"https:\/\/www.bonus.ca\/fr\/outils\/matchmaker","url":"https:\/\/www.bonus.ca\/fr\/outils\/matchmaker","name":"MatchMaker | BonusFinder Canada (Fran\u00e7ais)","isPartOf":{"@id":"https:\/\/www.bonus.ca\/fr\/#website"},"datePublished":"2025-10-20T13:34:14+00:00","dateModified":"2026-03-09T14:13:54+00:00","description":"Quiz rapide en 5 questions pour trouver les meilleures offres de casino selon votre vibe.","breadcrumb":{"@id":"https:\/\/www.bonus.ca\/fr\/outils\/matchmaker#breadcrumb"},"inLanguage":"en-US","potentialAction":[{"@type":"ReadAction","target":["https:\/\/www.bonus.ca\/fr\/outils\/matchmaker"]}]},{"@type":"BreadcrumbList","@id":"https:\/\/www.bonus.ca\/fr\/outils\/matchmaker#breadcrumb","itemListElement":[{"@type":"ListItem","position":1,"name":"Home","item":"https:\/\/www.bonus.ca\/fr\/"},{"@type":"ListItem","position":2,"name":"Outils","item":"https:\/\/www.bonus.ca\/fr\/outils"},{"@type":"ListItem","position":3,"name":"MatchMaker"}]},{"@type":"WebSite","@id":"https:\/\/www.bonus.ca\/fr\/#website","url":"https:\/\/www.bonus.ca\/fr\/","name":"BonusFinder Canada (Fran\u00e7ais)","description":"La source de bonus n\u00b0 1 au Canada","potentialAction":[{"@type":"SearchAction","target":{"@type":"EntryPoint","urlTemplate":"https:\/\/www.bonus.ca\/fr\/?s={search_term_string}"},"query-input":{"@type":"PropertyValueSpecification","valueRequired":true,"valueName":"search_term_string"}}],"inLanguage":"en-US"}]}},"_links":{"self":[{"href":"https:\/\/www.bonus.ca\/fr\/wp-json\/wp\/v2\/pages\/25430","targetHints":{"allow":["GET"]}}],"collection":[{"href":"https:\/\/www.bonus.ca\/fr\/wp-json\/wp\/v2\/pages"}],"about":[{"href":"https:\/\/www.bonus.ca\/fr\/wp-json\/wp\/v2\/types\/page"}],"author":[{"embeddable":true,"href":"https:\/\/www.bonus.ca\/fr\/wp-json\/wp\/v2\/users\/123"}],"replies":[{"embeddable":true,"href":"https:\/\/www.bonus.ca\/fr\/wp-json\/wp\/v2\/comments?post=25430"}],"version-history":[{"count":2,"href":"https:\/\/www.bonus.ca\/fr\/wp-json\/wp\/v2\/pages\/25430\/revisions"}],"predecessor-version":[{"id":25701,"href":"https:\/\/www.bonus.ca\/fr\/wp-json\/wp\/v2\/pages\/25430\/revisions\/25701"}],"up":[{"embeddable":true,"href":"https:\/\/www.bonus.ca\/fr\/wp-json\/wp\/v2\/pages\/25423"}],"wp:attachment":[{"href":"https:\/\/www.bonus.ca\/fr\/wp-json\/wp\/v2\/media?parent=25430"}],"curies":[{"name":"wp","href":"https:\/\/api.w.org\/{rel}","templated":true}]}}