{"id":25433,"date":"2025-10-20T13:45:51","date_gmt":"2025-10-20T13:45:51","guid":{"rendered":"https:\/\/www.bonus.ca\/fr\/?page_id=25433"},"modified":"2025-10-20T16:55:17","modified_gmt":"2025-10-20T16:55:17","slug":"planificateur-gains-jackpot","status":"publish","type":"page","link":"https:\/\/www.bonus.ca\/fr\/outils\/planificateur-gains-jackpot","title":{"rendered":"Planificateur de gains Jackpot"},"content":{"rendered":"<h3>\ud83d\udca1 Comment l&#8217;utiliser<\/h3>\n<p>Mod\u00e9lisez soit la dur\u00e9e pendant laquelle un jackpot peut durer, soit la taille du jackpot dont vous auriez besoin pour vivre votre style de vie de r\u00eave.<\/p>\n<p>Vous pouvez basculer entre\u00a0:<\/p>\n<ul>\n<li><strong>Mode Long\u00e9vit\u00e9\u00a0:<\/strong> Entrez le montant du jackpot et votre \u00e2ge pour estimer combien d&#8217;ann\u00e9es il peut couvrir (jusqu&#8217;\u00e0 90 ans).<\/li>\n<li><strong>Mode Jackpot N\u00e9cessaire\u00a0:<\/strong> Indiquez le revenu souhait\u00e9 (annuel, mensuel ou hebdomadaire) pour voir la taille du jackpot \u00e9quivalente n\u00e9cessaire.<\/li>\n<\/ul>\n<div style=\"position:relative;width:100%;height:0;padding-bottom:65%;overflow:hidden;\">\n  <iframe \n    src=\"https:\/\/genuine-alpaca-c09d79.netlify.app\/\" \n    title=\"BonusFinder Planificateur de Jackpot\"\n    style=\"position:absolute;top:0;left:0;width:100%;height:100%;border:0;\" \n    loading=\"lazy\" \n    allowfullscreen><br \/>\n  <\/iframe>\n<\/div>\n<h3>\ud83e\udde9 Id\u00e9al pour<\/h3>\n<ul>\n<li>Planifier ce qu&#8217;un gain majeur pourrait signifier pour votre vie.<\/li>\n<li>Comprendre les taux de d\u00e9penses r\u00e9alistes.<\/li>\n<li>\u00c9valuer la durabilit\u00e9 \u00e0 long terme des jackpots.<\/li>\n<\/ul>\n<h3>\u26a0\ufe0f Conseils d&#8217;expert<\/h3>\n<ul>\n<li>Le mod\u00e8le suppose des d\u00e9penses de vie moyennes et un taux d&#8217;inflation standard.<\/li>\n<li>Les imp\u00f4ts et les co\u00fbts locaux peuvent affecter les r\u00e9sultats r\u00e9els.<\/li>\n<li>Planifiez toujours avec les conseils d&#8217;un professionnel financier.<\/li>\n<\/ul>\n","protected":false},"excerpt":{"rendered":"<p>\ud83d\udca1 Comment l&#8217;utiliser Mod\u00e9lisez soit la dur\u00e9e pendant laquelle un jackpot peut durer, soit la taille du jackpot dont vous auriez besoin pour vivre votre style de vie de r\u00eave. Vous pouvez basculer entre\u00a0: Mode Long\u00e9vit\u00e9\u00a0: Entrez le montant du jackpot et votre \u00e2ge pour estimer combien d&#8217;ann\u00e9es il peut couvrir (jusqu&#8217;\u00e0 90 ans). Mode [&hellip;]<\/p>\n","protected":false},"author":123,"featured_media":0,"parent":25423,"menu_order":0,"comment_status":"closed","ping_status":"closed","template":"","meta":{"inline_featured_image":false,"_glsr_average":0,"_glsr_ranking":0,"_glsr_reviews":0,"footnotes":""},"class_list":["post-25433","page","type-page","status-publish","hentry"],"yoast_head":"<!-- This site is optimized with the Yoast SEO plugin v27.5 - https:\/\/yoast.com\/product\/yoast-seo-wordpress\/ -->\n<title>Planificateur de gains Jackpot | BonusFinder Canada (Fran\u00e7ais)<\/title>\n<meta name=\"description\" content=\"Planifiez votre jackpot avec le calculateur BonusFinder \u2014 voyez combien durent vos gains ou ce qu\u2019il faut pour votre style de vie de r\u00eave.\" \/>\n<meta name=\"robots\" content=\"noindex, nofollow\" \/>\n<meta property=\"og:type\" content=\"article\" \/>\n<meta property=\"og:title\" content=\"Planificateur de gains Jackpot | BonusFinder Canada (Fran\u00e7ais)\" \/>\n<meta property=\"og:description\" content=\"Planifiez votre jackpot avec le calculateur BonusFinder \u2014 voyez combien durent vos gains ou ce qu\u2019il faut pour votre style de vie de r\u00eave.\" \/>\n<meta property=\"og:url\" content=\"https:\/\/www.bonus.ca\/fr\/outils\/planificateur-gains-jackpot\" \/>\n<meta property=\"article:published_time\" content=\"2025-10-20T13:45:51+00:00\" \/>\n<meta property=\"article:modified_time\" content=\"2025-10-20T16:55:17+00:00\" \/>\n<meta name=\"twitter:card\" content=\"summary_large_image\" \/>\n<meta name=\"twitter:label1\" content=\"Est. reading time\" \/>\n\t<meta name=\"twitter:data1\" content=\"1 minute\" \/>\n<!-- \/ Yoast SEO plugin. -->","yoast_head_json":{"title":"Planificateur de gains Jackpot | BonusFinder Canada (Fran\u00e7ais)","description":"Planifiez votre jackpot avec le calculateur BonusFinder \u2014 voyez combien durent vos gains ou ce qu\u2019il faut pour votre style de vie de r\u00eave.","robots":{"index":"noindex","follow":"nofollow"},"og_type":"article","og_title":"Planificateur de gains Jackpot | BonusFinder Canada (Fran\u00e7ais)","og_description":"Planifiez votre jackpot avec le calculateur BonusFinder \u2014 voyez combien durent vos gains ou ce qu\u2019il faut pour votre style de vie de r\u00eave.","og_url":"https:\/\/www.bonus.ca\/fr\/outils\/planificateur-gains-jackpot","article_published_time":"2025-10-20T13:45:51+00:00","article_modified_time":"2025-10-20T16:55:17+00:00","twitter_card":"summary_large_image","twitter_misc":{"Est. reading time":"1 minute"},"schema":{"@context":"https:\/\/schema.org","@graph":[{"@type":"WebPage","@id":"https:\/\/www.bonus.ca\/fr\/outils\/planificateur-gains-jackpot","url":"https:\/\/www.bonus.ca\/fr\/outils\/planificateur-gains-jackpot","name":"Planificateur de gains Jackpot | BonusFinder Canada (Fran\u00e7ais)","isPartOf":{"@id":"\/#website"},"datePublished":"2025-10-20T13:45:51+00:00","dateModified":"2025-10-20T16:55:17+00:00","description":"Planifiez votre jackpot avec le calculateur BonusFinder \u2014 voyez combien durent vos gains ou ce qu\u2019il faut pour votre style de vie de r\u00eave.","breadcrumb":{"@id":"https:\/\/www.bonus.ca\/fr\/outils\/planificateur-gains-jackpot#breadcrumb"},"inLanguage":"en-US","potentialAction":[{"@type":"ReadAction","target":["https:\/\/www.bonus.ca\/fr\/outils\/planificateur-gains-jackpot"]}]},{"@type":"BreadcrumbList","@id":"https:\/\/www.bonus.ca\/fr\/outils\/planificateur-gains-jackpot#breadcrumb","itemListElement":[{"@type":"ListItem","position":1,"name":"Home","item":"https:\/\/www.bonus.ca\/fr\/"},{"@type":"ListItem","position":2,"name":"Outils","item":"https:\/\/www.bonus.ca\/fr\/outils"},{"@type":"ListItem","position":3,"name":"Planificateur de gains Jackpot"}]},{"@type":"WebSite","@id":"\/#website","url":"\/","name":"BonusFinder Canada (Fran\u00e7ais)","description":"La source de bonus n\u00b0 1 au Canada","potentialAction":[{"@type":"SearchAction","target":{"@type":"EntryPoint","urlTemplate":"\/?s={search_term_string}"},"query-input":{"@type":"PropertyValueSpecification","valueRequired":true,"valueName":"search_term_string"}}],"inLanguage":"en-US"}]}},"_links":{"self":[{"href":"https:\/\/www.bonus.ca\/fr\/wp-json\/wp\/v2\/pages\/25433","targetHints":{"allow":["GET"]}}],"collection":[{"href":"https:\/\/www.bonus.ca\/fr\/wp-json\/wp\/v2\/pages"}],"about":[{"href":"https:\/\/www.bonus.ca\/fr\/wp-json\/wp\/v2\/types\/page"}],"author":[{"embeddable":true,"href":"https:\/\/www.bonus.ca\/fr\/wp-json\/wp\/v2\/users\/123"}],"replies":[{"embeddable":true,"href":"https:\/\/www.bonus.ca\/fr\/wp-json\/wp\/v2\/comments?post=25433"}],"version-history":[{"count":1,"href":"https:\/\/www.bonus.ca\/fr\/wp-json\/wp\/v2\/pages\/25433\/revisions"}],"predecessor-version":[{"id":25436,"href":"https:\/\/www.bonus.ca\/fr\/wp-json\/wp\/v2\/pages\/25433\/revisions\/25436"}],"up":[{"embeddable":true,"href":"https:\/\/www.bonus.ca\/fr\/wp-json\/wp\/v2\/pages\/25423"}],"wp:attachment":[{"href":"https:\/\/www.bonus.ca\/fr\/wp-json\/wp\/v2\/media?parent=25433"}],"curies":[{"name":"wp","href":"https:\/\/api.w.org\/{rel}","templated":true}]}}