{"id":25437,"date":"2025-10-20T14:28:05","date_gmt":"2025-10-20T14:28:05","guid":{"rendered":"https:\/\/www.bonus.ca\/fr\/?page_id=25437"},"modified":"2026-03-09T14:15:03","modified_gmt":"2026-03-09T14:15:03","slug":"calculateur-de-cotes","status":"publish","type":"page","link":"https:\/\/www.bonus.ca\/fr\/outils\/calculateur-de-cotes","title":{"rendered":"Calculateur de cotes"},"content":{"rendered":"<h2>Comment utiliser le calculateur de cotes BonusFinder<\/h2>\n<p>M\u00eame si vous \u00eates un grand fan de sport, les calculateurs de paris peuvent parfois sembler compliqu\u00e9s ou fastidieux. Pourtant, utiliser le calculateur de cotes de BonusFinder se fait en trois \u00e9tapes simples.<\/p>\n<p>L&#8217;utilisation du calculateur de cotes est facile. Il existe seulement trois s\u00e9lections possibles, et en remplissant deux d&#8217;entre elles, vous verrez imm\u00e9diatement toutes les informations dont vous avez besoin.<\/p>\n<h3>1. Choisissez le montant de votre mise<\/h3>\n<p>Saisissez le montant que vous souhaitez parier dans le champ &#8221;\u00a0Montant de la mise\u00a0&#8220;. Le montant par d\u00e9faut est toujours de 100\u00a0$.<\/p>\n<h3>2. Choisissez les cotes am\u00e9ricaines ou d\u00e9cimales<\/h3>\n<p>Saisissez soit les cotes am\u00e9ricaines, soit les cotes d\u00e9cimales que vous souhaitez convertir dans le champ correspondant. N&#8217;oubliez pas d&#8217;utiliser les signes + et &#8211; pour les cotes am\u00e9ricaines.<\/p>\n<h3>3. Lisez les r\u00e9sultats<\/h3>\n<p>Vous verrez maintenant les cotes affich\u00e9es dans les deux formats, ainsi que la probabilit\u00e9 implicite, le montant du gain total et le b\u00e9n\u00e9fice potentiel.<\/p>\n<h2>Si je parie 100\u00a0$, combien puis-je gagner\u00a0?<\/h2>\n<p>Le moyen le plus simple de savoir combien votre pari de 100\u00a0$ vous rapporte est d&#8217;utiliser le calculateur de cotes BonusFinder en haut de cette page. Cependant, voici ci-dessous quelques exemples des cotes les plus courantes pour un pari de 100\u00a0$ et leurs gains\u00a0:<\/p>\n<p>[table_start]<br \/>\n[table_head column-1=&#8217;Mise&#8217; column-2=&#8217;Cotes&#8217; column-3=&#8217;Gain&#8217; column-4=&#8217;Retour total&#8217;]<br \/>\n[table_row column-1=&#8217;100\u00a0$&#8217; column-2=&#8217;+110&#8242; column-3=&#8217;110\u00a0$&#8217; column-4=&#8217;210\u00a0$&#8217;]<br \/>\n[table_row column-1=&#8217;100\u00a0$&#8217; column-2=&#8217;-110&#8242; column-3=&#8217;90,91\u00a0$&#8217; column-4=&#8217;190,91\u00a0$&#8217;]<br \/>\n[table_row column-1=&#8217;100\u00a0$&#8217; column-2=&#8217;+125&#8242; column-3=&#8217;125\u00a0$&#8217; column-4=&#8217;225\u00a0$&#8217;]<br \/>\n[table_row column-1=&#8217;100\u00a0$&#8217; column-2=&#8217;-125&#8242; column-3=&#8217;80\u00a0$&#8217; column-4=&#8217;180\u00a0$&#8217;]<br \/>\n[table_row column-1=&#8217;100\u00a0$&#8217; column-2=&#8217;+200&#8242; column-3=&#8217;200\u00a0$&#8217; column-4=&#8217;300\u00a0$&#8217;]<br \/>\n[table_row column-1=&#8217;100\u00a0$&#8217; column-2=&#8217;-200&#8242; column-3=&#8217;50\u00a0$&#8217; column-4=&#8217;150\u00a0$&#8217;]<br \/>\n[table_end]<\/p>\n<h3>Si je parie 1\u00a0000\u00a0$, combien puis-je gagner\u00a0?<\/h3>\n<p>Le meilleur moyen de savoir combien vous gagnez avec une mise de 1\u00a0000\u00a0$ est d&#8217;utiliser le calculateur de cotes BonusFinder. Cependant, si vous ne souhaitez pas utiliser le calculateur, voici quelques exemples de cotes qui montrent combien vous pourriez gagner avec un pari de 1\u00a0000\u00a0$\u00a0:<\/p>\n<p>[table_start]<br \/>\n[table_head column-1=&#8217;Mise&#8217; column-2=&#8217;Cotes&#8217; column-3=&#8217;Gain&#8217; column-4=&#8217;Retour total&#8217;]<br \/>\n[table_row column-1=&#8217;1\u00a0000\u00a0$&#8217; column-2=&#8217;+110&#8242; column-3=&#8217;1\u00a0100\u00a0$&#8217; column-4=&#8217;2\u00a0100\u00a0$&#8217;]<br \/>\n[table_row column-1=&#8217;1\u00a0000\u00a0$&#8217; column-2=&#8217;-110&#8242; column-3=&#8217;909\u00a0$&#8217; column-4=&#8217;1\u00a0909\u00a0$&#8217;]<br \/>\n[table_row column-1=&#8217;1\u00a0000\u00a0$&#8217; column-2=&#8217;+125&#8242; column-3=&#8217;1\u00a0250\u00a0$&#8217; column-4=&#8217;2\u00a0250\u00a0$&#8217;]<br \/>\n[table_row column-1=&#8217;1\u00a0000\u00a0$&#8217; column-2=&#8217;-125&#8242; column-3=&#8217;800\u00a0$&#8217; column-4=&#8217;1\u00a0800\u00a0$&#8217;]<br \/>\n[table_row column-1=&#8217;1\u00a0000\u00a0$&#8217; column-2=&#8217;+200&#8242; column-3=&#8217;2\u00a0000\u00a0$&#8217; column-4=&#8217;3\u00a0000\u00a0$&#8217;]<br \/>\n[table_row column-1=&#8217;1\u00a0000\u00a0$&#8217; column-2=&#8217;-200&#8242; column-3=&#8217;500\u00a0$&#8217; column-4=&#8217;1\u00a0500\u00a0$&#8217;]<br \/>\n[table_end]<\/p>\n","protected":false},"excerpt":{"rendered":"<p>Comment utiliser le calculateur de cotes BonusFinder M\u00eame si vous \u00eates un grand fan de sport, les calculateurs de paris peuvent parfois sembler compliqu\u00e9s ou fastidieux. Pourtant, utiliser le calculateur de cotes de BonusFinder se fait en trois \u00e9tapes simples. L&#8217;utilisation du calculateur de cotes est facile. Il existe seulement trois s\u00e9lections possibles, et en [&hellip;]<\/p>\n","protected":false},"author":123,"featured_media":0,"parent":25423,"menu_order":0,"comment_status":"closed","ping_status":"closed","template":"","meta":{"inline_featured_image":false,"_glsr_average":0,"_glsr_ranking":0,"_glsr_reviews":0,"footnotes":""},"class_list":["post-25437","page","type-page","status-publish","hentry"],"yoast_head":"<!-- This site is optimized with the Yoast SEO plugin v27.4 - https:\/\/yoast.com\/product\/yoast-seo-wordpress\/ -->\n<title>Calculateur de cotes | BonusFinder Canada (Fran\u00e7ais)<\/title>\n<meta name=\"description\" content=\"Convertisseur de cotes : am\u00e9ricaines, d\u00e9cimales, fractionnaires \u2014 calculez vos gains.\" \/>\n<meta name=\"robots\" content=\"index, follow, max-snippet:-1, max-image-preview:large, max-video-preview:-1\" \/>\n<link rel=\"canonical\" href=\"https:\/\/www.bonus.ca\/fr\/outils\/calculateur-de-cotes\" \/>\n<meta property=\"og:type\" content=\"article\" \/>\n<meta property=\"og:title\" content=\"Calculateur de cotes | BonusFinder Canada (Fran\u00e7ais)\" \/>\n<meta property=\"og:description\" content=\"Convertisseur de cotes : am\u00e9ricaines, d\u00e9cimales, fractionnaires \u2014 calculez vos gains.\" \/>\n<meta property=\"og:url\" content=\"https:\/\/www.bonus.ca\/fr\/outils\/calculateur-de-cotes\" \/>\n<meta property=\"article:published_time\" content=\"2025-10-20T14:28:05+00:00\" \/>\n<meta property=\"article:modified_time\" content=\"2026-03-09T14:15:03+00:00\" \/>\n<meta name=\"twitter:card\" content=\"summary_large_image\" \/>\n<meta name=\"twitter:label1\" content=\"Est. reading time\" \/>\n\t<meta name=\"twitter:data1\" content=\"2 minutes\" \/>\n<!-- \/ Yoast SEO plugin. -->","yoast_head_json":{"title":"Calculateur de cotes | BonusFinder Canada (Fran\u00e7ais)","description":"Convertisseur de cotes : am\u00e9ricaines, d\u00e9cimales, fractionnaires \u2014 calculez vos gains.","robots":{"index":"index","follow":"follow","max-snippet":"max-snippet:-1","max-image-preview":"max-image-preview:large","max-video-preview":"max-video-preview:-1"},"canonical":"https:\/\/www.bonus.ca\/fr\/outils\/calculateur-de-cotes","og_type":"article","og_title":"Calculateur de cotes | BonusFinder Canada (Fran\u00e7ais)","og_description":"Convertisseur de cotes : am\u00e9ricaines, d\u00e9cimales, fractionnaires \u2014 calculez vos gains.","og_url":"https:\/\/www.bonus.ca\/fr\/outils\/calculateur-de-cotes","article_published_time":"2025-10-20T14:28:05+00:00","article_modified_time":"2026-03-09T14:15:03+00:00","twitter_card":"summary_large_image","twitter_misc":{"Est. reading time":"2 minutes"},"schema":{"@context":"https:\/\/schema.org","@graph":[{"@type":"WebPage","@id":"https:\/\/www.bonus.ca\/fr\/outils\/calculateur-de-cotes","url":"https:\/\/www.bonus.ca\/fr\/outils\/calculateur-de-cotes","name":"Calculateur de cotes | BonusFinder Canada (Fran\u00e7ais)","isPartOf":{"@id":"https:\/\/www.bonus.ca\/fr\/#website"},"datePublished":"2025-10-20T14:28:05+00:00","dateModified":"2026-03-09T14:15:03+00:00","description":"Convertisseur de cotes : am\u00e9ricaines, d\u00e9cimales, fractionnaires \u2014 calculez vos gains.","breadcrumb":{"@id":"https:\/\/www.bonus.ca\/fr\/outils\/calculateur-de-cotes#breadcrumb"},"inLanguage":"en-US","potentialAction":[{"@type":"ReadAction","target":["https:\/\/www.bonus.ca\/fr\/outils\/calculateur-de-cotes"]}]},{"@type":"BreadcrumbList","@id":"https:\/\/www.bonus.ca\/fr\/outils\/calculateur-de-cotes#breadcrumb","itemListElement":[{"@type":"ListItem","position":1,"name":"Home","item":"https:\/\/www.bonus.ca\/fr\/"},{"@type":"ListItem","position":2,"name":"Outils","item":"https:\/\/www.bonus.ca\/fr\/outils"},{"@type":"ListItem","position":3,"name":"Calculateur de cotes"}]},{"@type":"WebSite","@id":"https:\/\/www.bonus.ca\/fr\/#website","url":"https:\/\/www.bonus.ca\/fr\/","name":"BonusFinder Canada (Fran\u00e7ais)","description":"La source de bonus n\u00b0 1 au Canada","potentialAction":[{"@type":"SearchAction","target":{"@type":"EntryPoint","urlTemplate":"https:\/\/www.bonus.ca\/fr\/?s={search_term_string}"},"query-input":{"@type":"PropertyValueSpecification","valueRequired":true,"valueName":"search_term_string"}}],"inLanguage":"en-US"}]}},"_links":{"self":[{"href":"https:\/\/www.bonus.ca\/fr\/wp-json\/wp\/v2\/pages\/25437","targetHints":{"allow":["GET"]}}],"collection":[{"href":"https:\/\/www.bonus.ca\/fr\/wp-json\/wp\/v2\/pages"}],"about":[{"href":"https:\/\/www.bonus.ca\/fr\/wp-json\/wp\/v2\/types\/page"}],"author":[{"embeddable":true,"href":"https:\/\/www.bonus.ca\/fr\/wp-json\/wp\/v2\/users\/123"}],"replies":[{"embeddable":true,"href":"https:\/\/www.bonus.ca\/fr\/wp-json\/wp\/v2\/comments?post=25437"}],"version-history":[{"count":3,"href":"https:\/\/www.bonus.ca\/fr\/wp-json\/wp\/v2\/pages\/25437\/revisions"}],"predecessor-version":[{"id":25703,"href":"https:\/\/www.bonus.ca\/fr\/wp-json\/wp\/v2\/pages\/25437\/revisions\/25703"}],"up":[{"embeddable":true,"href":"https:\/\/www.bonus.ca\/fr\/wp-json\/wp\/v2\/pages\/25423"}],"wp:attachment":[{"href":"https:\/\/www.bonus.ca\/fr\/wp-json\/wp\/v2\/media?parent=25437"}],"curies":[{"name":"wp","href":"https:\/\/api.w.org\/{rel}","templated":true}]}}