{"id":25441,"date":"2025-10-21T08:25:07","date_gmt":"2025-10-21T08:25:07","guid":{"rendered":"https:\/\/www.bonus.ca\/fr\/?page_id=25441"},"modified":"2026-03-09T14:14:27","modified_gmt":"2026-03-09T14:14:27","slug":"calculateur-valeur-attendue-bonus-casino","status":"publish","type":"page","link":"https:\/\/www.bonus.ca\/fr\/outils\/calculateur-valeur-attendue-bonus-casino","title":{"rendered":"Calculateur Valeur Attendue Bonus Casino"},"content":{"rendered":"<h3>Comment l&#8217;utiliser<\/h3>\n<ol>\n<li><strong>Entrez les d\u00e9tails du bonus :<\/strong> montant du d\u00e9p\u00f4t, pourcentage de correspondance, nombre de tours gratuits, pourcentage de cashback\/lossback et plafonds.<\/li>\n<li><strong>Ajoutez les informations de mise :<\/strong> multiplicateur de mise (ex. 35x), type de jeu \u00e9ligible, RTP et contribution aux exigences de mise.<\/li>\n<li><strong>Analysez la valeur attendue (EV) :<\/strong> consultez le montant du bonus, le total des mises n\u00e9cessaires et la valeur attendue avec tous les ratios clairement indiqu\u00e9s.<\/li>\n<\/ol>\n<div style=\"position:relative;width:100%;height:0;padding-bottom:65%;overflow:hidden;\">\n  <iframe \n    src=\"https:\/\/genuine-kringle-7e5567.netlify.app\/\" \n    title=\"Calculateur de valeur attendue du bonus de casino\"\n    style=\"position:absolute;top:0;left:0;width:100%;height:100%;border:0;\" \n    loading=\"lazy\" \n    allowfullscreen><br \/>\n  <\/iframe>\n<\/div>\n<h3>Id\u00e9al pour<\/h3>\n<ul>\n<li>Comparer des offres similaires sur diff\u00e9rents sites<\/li>\n<li>D\u00e9tecter les promotions \u00e0 faible RTP et les conditions de bonus d\u00e9favorables<\/li>\n<li>Construire des strat\u00e9gies pour optimiser l&#8217;efficacit\u00e9 de votre bankroll<\/li>\n<\/ul>\n<h3>Notes importantes<\/h3>\n<ul>\n<li>Ce calculateur suppose un jeu optimal et un RTP moyen.<\/li>\n<li>Les r\u00e9sultats r\u00e9els peuvent varier en raison de la variance et des r\u00e8gles de contribution des jeux.<\/li>\n<li>Lisez toujours les termes et conditions du bonus.<\/li>\n<li><strong>Jouez de mani\u00e8re responsable.<\/strong><\/li>\n<\/ul>\n","protected":false},"excerpt":{"rendered":"<p>Comment l&#8217;utiliser Entrez les d\u00e9tails du bonus : montant du d\u00e9p\u00f4t, pourcentage de correspondance, nombre de tours gratuits, pourcentage de cashback\/lossback et plafonds. Ajoutez les informations de mise : multiplicateur de mise (ex. 35x), type de jeu \u00e9ligible, RTP et contribution aux exigences de mise. Analysez la valeur attendue (EV) : consultez le montant du [&hellip;]<\/p>\n","protected":false},"author":123,"featured_media":0,"parent":25423,"menu_order":0,"comment_status":"closed","ping_status":"closed","template":"","meta":{"inline_featured_image":false,"_glsr_average":0,"_glsr_ranking":0,"_glsr_reviews":0,"footnotes":""},"class_list":["post-25441","page","type-page","status-publish","hentry"],"yoast_head":"<!-- This site is optimized with the Yoast SEO plugin v27.4 - https:\/\/yoast.com\/product\/yoast-seo-wordpress\/ -->\n<title>Calculateur Valeur Attendue Bonus Casino | BonusFinder Canada (Fran\u00e7ais)<\/title>\n<meta name=\"description\" content=\"Calculez la vraie valeur d\u2019un bonus de casino et voyez s\u2019il vaut vraiment la peine.\" \/>\n<meta name=\"robots\" content=\"index, follow, max-snippet:-1, max-image-preview:large, max-video-preview:-1\" \/>\n<link rel=\"canonical\" href=\"https:\/\/www.bonus.ca\/fr\/outils\/calculateur-valeur-attendue-bonus-casino\" \/>\n<meta property=\"og:type\" content=\"article\" \/>\n<meta property=\"og:title\" content=\"Calculateur Valeur Attendue Bonus Casino | BonusFinder Canada (Fran\u00e7ais)\" \/>\n<meta property=\"og:description\" content=\"Calculez la vraie valeur d\u2019un bonus de casino et voyez s\u2019il vaut vraiment la peine.\" \/>\n<meta property=\"og:url\" content=\"https:\/\/www.bonus.ca\/fr\/outils\/calculateur-valeur-attendue-bonus-casino\" \/>\n<meta property=\"article:published_time\" content=\"2025-10-21T08:25:07+00:00\" \/>\n<meta property=\"article:modified_time\" content=\"2026-03-09T14:14:27+00:00\" \/>\n<meta name=\"twitter:card\" content=\"summary_large_image\" \/>\n<meta name=\"twitter:label1\" content=\"Est. reading time\" \/>\n\t<meta name=\"twitter:data1\" content=\"1 minute\" \/>\n<!-- \/ Yoast SEO plugin. -->","yoast_head_json":{"title":"Calculateur Valeur Attendue Bonus Casino | BonusFinder Canada (Fran\u00e7ais)","description":"Calculez la vraie valeur d\u2019un bonus de casino et voyez s\u2019il vaut vraiment la peine.","robots":{"index":"index","follow":"follow","max-snippet":"max-snippet:-1","max-image-preview":"max-image-preview:large","max-video-preview":"max-video-preview:-1"},"canonical":"https:\/\/www.bonus.ca\/fr\/outils\/calculateur-valeur-attendue-bonus-casino","og_type":"article","og_title":"Calculateur Valeur Attendue Bonus Casino | BonusFinder Canada (Fran\u00e7ais)","og_description":"Calculez la vraie valeur d\u2019un bonus de casino et voyez s\u2019il vaut vraiment la peine.","og_url":"https:\/\/www.bonus.ca\/fr\/outils\/calculateur-valeur-attendue-bonus-casino","article_published_time":"2025-10-21T08:25:07+00:00","article_modified_time":"2026-03-09T14:14:27+00:00","twitter_card":"summary_large_image","twitter_misc":{"Est. reading time":"1 minute"},"schema":{"@context":"https:\/\/schema.org","@graph":[{"@type":"WebPage","@id":"https:\/\/www.bonus.ca\/fr\/outils\/calculateur-valeur-attendue-bonus-casino","url":"https:\/\/www.bonus.ca\/fr\/outils\/calculateur-valeur-attendue-bonus-casino","name":"Calculateur Valeur Attendue Bonus Casino | BonusFinder Canada (Fran\u00e7ais)","isPartOf":{"@id":"https:\/\/www.bonus.ca\/fr\/#website"},"datePublished":"2025-10-21T08:25:07+00:00","dateModified":"2026-03-09T14:14:27+00:00","description":"Calculez la vraie valeur d\u2019un bonus de casino et voyez s\u2019il vaut vraiment la peine.","breadcrumb":{"@id":"https:\/\/www.bonus.ca\/fr\/outils\/calculateur-valeur-attendue-bonus-casino#breadcrumb"},"inLanguage":"en-US","potentialAction":[{"@type":"ReadAction","target":["https:\/\/www.bonus.ca\/fr\/outils\/calculateur-valeur-attendue-bonus-casino"]}]},{"@type":"BreadcrumbList","@id":"https:\/\/www.bonus.ca\/fr\/outils\/calculateur-valeur-attendue-bonus-casino#breadcrumb","itemListElement":[{"@type":"ListItem","position":1,"name":"Home","item":"https:\/\/www.bonus.ca\/fr\/"},{"@type":"ListItem","position":2,"name":"Outils","item":"https:\/\/www.bonus.ca\/fr\/outils"},{"@type":"ListItem","position":3,"name":"Calculateur Valeur Attendue Bonus Casino"}]},{"@type":"WebSite","@id":"https:\/\/www.bonus.ca\/fr\/#website","url":"https:\/\/www.bonus.ca\/fr\/","name":"BonusFinder Canada (Fran\u00e7ais)","description":"La source de bonus n\u00b0 1 au Canada","potentialAction":[{"@type":"SearchAction","target":{"@type":"EntryPoint","urlTemplate":"https:\/\/www.bonus.ca\/fr\/?s={search_term_string}"},"query-input":{"@type":"PropertyValueSpecification","valueRequired":true,"valueName":"search_term_string"}}],"inLanguage":"en-US"}]}},"_links":{"self":[{"href":"https:\/\/www.bonus.ca\/fr\/wp-json\/wp\/v2\/pages\/25441","targetHints":{"allow":["GET"]}}],"collection":[{"href":"https:\/\/www.bonus.ca\/fr\/wp-json\/wp\/v2\/pages"}],"about":[{"href":"https:\/\/www.bonus.ca\/fr\/wp-json\/wp\/v2\/types\/page"}],"author":[{"embeddable":true,"href":"https:\/\/www.bonus.ca\/fr\/wp-json\/wp\/v2\/users\/123"}],"replies":[{"embeddable":true,"href":"https:\/\/www.bonus.ca\/fr\/wp-json\/wp\/v2\/comments?post=25441"}],"version-history":[{"count":2,"href":"https:\/\/www.bonus.ca\/fr\/wp-json\/wp\/v2\/pages\/25441\/revisions"}],"predecessor-version":[{"id":25702,"href":"https:\/\/www.bonus.ca\/fr\/wp-json\/wp\/v2\/pages\/25441\/revisions\/25702"}],"up":[{"embeddable":true,"href":"https:\/\/www.bonus.ca\/fr\/wp-json\/wp\/v2\/pages\/25423"}],"wp:attachment":[{"href":"https:\/\/www.bonus.ca\/fr\/wp-json\/wp\/v2\/media?parent=25441"}],"curies":[{"name":"wp","href":"https:\/\/api.w.org\/{rel}","templated":true}]}}