{"id":25445,"date":"2025-10-21T13:36:44","date_gmt":"2025-10-21T13:36:44","guid":{"rendered":"https:\/\/www.bonus.ca\/fr\/?page_id=25445"},"modified":"2025-10-21T13:37:20","modified_gmt":"2025-10-21T13:37:20","slug":"guides","status":"publish","type":"page","link":"https:\/\/www.bonus.ca\/fr\/guides","title":{"rendered":"Guides"},"content":{"rendered":"<h2>Confiance et s\u00e9curit\u00e9<\/h2>\n\t<div class=\"highlight-block card-fancy\">\n\t\t<div class=\"card-inner\">\n            \t\t\t\t<img decoding=\"async\" src=\"https:\/\/mediafr.bonus.ca\/images\/highlight-block-placeholder.svg\" alt=\"placeholder\" height=\"48\" width=\"48\" loading=\"lazy\" srcset=\"https:\/\/mediafr.bonus.ca\/images\/highlight-block-placeholder.svg 1x, https:\/\/mediafr.bonus.ca\/images\/highlight-block-placeholder.svg 2x\" \/>\n            \t\t\t<div class=\"card-content\">\n\t\t\t\t<h4 class=\"no-margin-top\"> Comment nous \u00e9valuons et notons les sites<\/h4>\n\t\t\t\t<div>Notre politique \u00e9ditoriale, notre m\u00e9thodologie de test, nos standards d int\u00e9grit\u00e9 et la mani\u00e8re dont nous examinons les casinos, les bonus et le contenu.<\/p>\n<p><a href=\"https:\/\/www.bonus.ca\/fr\/a-propos\/politique-editoriale\" target=\"_blank\" rel=\"noopener\">En savoir plus<\/a><\/div>\n\t\t\t<\/div>\n\t\t<\/div>\n\t<\/div>\n\n","protected":false},"excerpt":{"rendered":"<p>Confiance et s\u00e9curit\u00e9<\/p>\n","protected":false},"author":123,"featured_media":0,"parent":0,"menu_order":0,"comment_status":"closed","ping_status":"closed","template":"","meta":{"inline_featured_image":false,"_glsr_average":0,"_glsr_ranking":0,"_glsr_reviews":0,"footnotes":""},"class_list":["post-25445","page","type-page","status-publish","hentry"],"yoast_head":"<!-- This site is optimized with the Yoast SEO plugin v27.5 - https:\/\/yoast.com\/product\/yoast-seo-wordpress\/ -->\n<title>Guides | BonusFinder Canada (Fran\u00e7ais)<\/title>\n<meta name=\"description\" content=\"Voici le hub des guides de BonusFinder, o\u00f9 nos experts du jeu d\u2019argent proposent un guide complet sur tous les aspects des jeux de casino.\" \/>\n<meta name=\"robots\" content=\"index, follow, max-snippet:-1, max-image-preview:large, max-video-preview:-1\" \/>\n<link rel=\"canonical\" href=\"https:\/\/www.bonus.ca\/fr\/guides\" \/>\n<meta property=\"og:type\" content=\"article\" \/>\n<meta property=\"og:title\" content=\"Guides | BonusFinder Canada (Fran\u00e7ais)\" \/>\n<meta property=\"og:description\" content=\"Voici le hub des guides de BonusFinder, o\u00f9 nos experts du jeu d\u2019argent proposent un guide complet sur tous les aspects des jeux de casino.\" \/>\n<meta property=\"og:url\" content=\"https:\/\/www.bonus.ca\/fr\/guides\" \/>\n<meta property=\"article:published_time\" content=\"2025-10-21T13:36:44+00:00\" \/>\n<meta property=\"article:modified_time\" content=\"2025-10-21T13:37:20+00:00\" \/>\n<meta name=\"twitter:card\" content=\"summary_large_image\" \/>\n<meta name=\"twitter:label1\" content=\"Est. reading time\" \/>\n\t<meta name=\"twitter:data1\" content=\"1 minute\" \/>\n<!-- \/ Yoast SEO plugin. -->","yoast_head_json":{"title":"Guides | BonusFinder Canada (Fran\u00e7ais)","description":"Voici le hub des guides de BonusFinder, o\u00f9 nos experts du jeu d\u2019argent proposent un guide complet sur tous les aspects des jeux de casino.","robots":{"index":"index","follow":"follow","max-snippet":"max-snippet:-1","max-image-preview":"max-image-preview:large","max-video-preview":"max-video-preview:-1"},"canonical":"https:\/\/www.bonus.ca\/fr\/guides","og_type":"article","og_title":"Guides | BonusFinder Canada (Fran\u00e7ais)","og_description":"Voici le hub des guides de BonusFinder, o\u00f9 nos experts du jeu d\u2019argent proposent un guide complet sur tous les aspects des jeux de casino.","og_url":"https:\/\/www.bonus.ca\/fr\/guides","article_published_time":"2025-10-21T13:36:44+00:00","article_modified_time":"2025-10-21T13:37:20+00:00","twitter_card":"summary_large_image","twitter_misc":{"Est. reading time":"1 minute"},"schema":{"@context":"https:\/\/schema.org","@graph":[{"@type":"WebPage","@id":"https:\/\/www.bonus.ca\/fr\/guides","url":"https:\/\/www.bonus.ca\/fr\/guides","name":"Guides | BonusFinder Canada (Fran\u00e7ais)","isPartOf":{"@id":"\/#website"},"datePublished":"2025-10-21T13:36:44+00:00","dateModified":"2025-10-21T13:37:20+00:00","description":"Voici le hub des guides de BonusFinder, o\u00f9 nos experts du jeu d\u2019argent proposent un guide complet sur tous les aspects des jeux de casino.","breadcrumb":{"@id":"https:\/\/www.bonus.ca\/fr\/guides#breadcrumb"},"inLanguage":"en-US","potentialAction":[{"@type":"ReadAction","target":["https:\/\/www.bonus.ca\/fr\/guides"]}]},{"@type":"BreadcrumbList","@id":"https:\/\/www.bonus.ca\/fr\/guides#breadcrumb","itemListElement":[{"@type":"ListItem","position":1,"name":"Home","item":"https:\/\/www.bonus.ca\/fr\/"},{"@type":"ListItem","position":2,"name":"Guides"}]},{"@type":"WebSite","@id":"\/#website","url":"\/","name":"BonusFinder Canada (Fran\u00e7ais)","description":"La source de bonus n\u00b0 1 au Canada","potentialAction":[{"@type":"SearchAction","target":{"@type":"EntryPoint","urlTemplate":"\/?s={search_term_string}"},"query-input":{"@type":"PropertyValueSpecification","valueRequired":true,"valueName":"search_term_string"}}],"inLanguage":"en-US"}]}},"_links":{"self":[{"href":"https:\/\/www.bonus.ca\/fr\/wp-json\/wp\/v2\/pages\/25445","targetHints":{"allow":["GET"]}}],"collection":[{"href":"https:\/\/www.bonus.ca\/fr\/wp-json\/wp\/v2\/pages"}],"about":[{"href":"https:\/\/www.bonus.ca\/fr\/wp-json\/wp\/v2\/types\/page"}],"author":[{"embeddable":true,"href":"https:\/\/www.bonus.ca\/fr\/wp-json\/wp\/v2\/users\/123"}],"replies":[{"embeddable":true,"href":"https:\/\/www.bonus.ca\/fr\/wp-json\/wp\/v2\/comments?post=25445"}],"version-history":[{"count":2,"href":"https:\/\/www.bonus.ca\/fr\/wp-json\/wp\/v2\/pages\/25445\/revisions"}],"predecessor-version":[{"id":25448,"href":"https:\/\/www.bonus.ca\/fr\/wp-json\/wp\/v2\/pages\/25445\/revisions\/25448"}],"wp:attachment":[{"href":"https:\/\/www.bonus.ca\/fr\/wp-json\/wp\/v2\/media?parent=25445"}],"curies":[{"name":"wp","href":"https:\/\/api.w.org\/{rel}","templated":true}]}}