{"id":25483,"date":"2026-02-11T17:26:47","date_gmt":"2026-02-11T17:26:47","guid":{"rendered":"https:\/\/www.bonus.ca\/fr\/?page_id=25483"},"modified":"2026-04-02T12:37:35","modified_gmt":"2026-04-02T12:37:35","slug":"realz-casino","status":"publish","type":"page","link":"https:\/\/www.bonus.ca\/fr\/realz-casino","title":{"rendered":"Realz Casino"},"content":{"rendered":"<h2>Notre verdict sur Realz Casino<\/h2>\n<p>Realz Casino offre une quantit\u00e9 impressionnante de jeux en argent r\u00e9el ainsi qu&#8217;un livre de paris sportifs virtuels, donnant aux joueurs une bonne vari\u00e9t\u00e9 de choix accompagn\u00e9e de quatre g\u00e9n\u00e9reux bonus de bienvenue. Les bonus ont des exigences de mise assez \u00e9lev\u00e9es, ce qui pourrait prendre plus de temps aux joueurs occasionnels, mais il y a une fen\u00eatre raisonnable de dix jours pour compl\u00e9ter les bonus.<\/p>\n<p>Realz Casino offre aussi des outils de Jeu Responsable assez limit\u00e9s, ce qui pourrait poser probl\u00e8me pour les joueurs vuln\u00e9rables.<\/p>\n<h2>\u00c0 qui s&#8217;adresse Realz Casino?<\/h2>\n<p>Vous devriez jeter un coup d&#8217;\u0153il \u00e0 Realz Casino si :<\/p>\n<ul>\n<li>Les gros bonus de bienvenue vous excitent et les exigences de mise \u00e9lev\u00e9es ne vous d\u00e9rangent pas<\/li>\n<li>Vous aimez les programmes VIP qui bonifient votre style de jeu<\/li>\n<li>Vous jouez avec des cryptomonnaies et voulez un casino avec des bonus exclusifs aux cryptos<\/li>\n<\/ul>\n<p>Le m\u00e9lange de bling et d&#8217;\u00c9gypte ancienne de Realz lui donne un th\u00e8me unique, et le d\u00e9p\u00f4t minimum requis est de 20 $ pour les bonus, ce qui est assez accessible pour la plupart des joueurs.<\/p>\n<p>Le casino propose un programme de fid\u00e9lit\u00e9 qui offre aux membres de niveaux sup\u00e9rieurs des offres personnalis\u00e9es, des limites de retrait plus \u00e9lev\u00e9es et des options de remise en argent am\u00e9lior\u00e9es.<\/p>\n<h2>Bonus de bienvenue de Realz Casino pour les nouveaux joueurs<\/h2>\n<p>Il y a quatre bonus de bienvenue parmi lesquels choisir :<\/p>\n<h3>Bonus 1 \u2013 Casino classique<\/h3>\n<table>\n<thead>\n<tr>\n<th>Composante du bonus<\/th>\n<th>Valeur r\u00e9elle maximale<\/th>\n<\/tr>\n<\/thead>\n<tbody>\n<tr>\n<td>Bonus jumel\u00e9 (100 % jusqu&#8217;\u00e0 750 $)<\/td>\n<td>Aucun retrait maximum publi\u00e9 (la version CA ne mentionne pas de limite)<\/td>\n<\/tr>\n<tr>\n<td>200 tours gratuits<\/td>\n<td>Soumis \u00e0 une mise de 40\u00d7 ; aucun retrait maximum indiqu\u00e9<\/td>\n<\/tr>\n<tr>\n<td>Choix \u00e0 la machine \u00e0 griffes<\/td>\n<td>Prix variable ; aucune limite de retrait publi\u00e9e<\/td>\n<\/tr>\n<tr>\n<td><strong>Valeur r\u00e9elle maximale totale<\/strong><\/td>\n<td><strong>Aucun plafond officiel publi\u00e9 pour le Canada<\/strong><\/td>\n<\/tr>\n<\/tbody>\n<\/table>\n<h3>Bonus 2 \u2013 Paris sportifs<\/h3>\n<table>\n<thead>\n<tr>\n<th>Composante du bonus<\/th>\n<th>Valeur r\u00e9elle maximale<\/th>\n<\/tr>\n<\/thead>\n<tbody>\n<tr>\n<td>Bonus sportif 100 %<\/td>\n<td>Jusqu&#8217;\u00e0 150 $ (aucun retrait maximum publi\u00e9)<\/td>\n<\/tr>\n<tr>\n<td>Mise<\/td>\n<td>Le roulement standard du livre de paris sportifs est en vigueur (conditions non plafonn\u00e9es)<\/td>\n<\/tr>\n<tr>\n<td><strong>Valeur r\u00e9elle maximale totale<\/strong><\/td>\n<td><strong>150 $+ selon la compl\u00e9tion du roulement<\/strong><\/td>\n<\/tr>\n<\/tbody>\n<\/table>\n<h3>Bonus 3 \u2013 Casino crypto<\/h3>\n<table>\n<thead>\n<tr>\n<th>Composante du bonus<\/th>\n<th>Valeur r\u00e9elle maximale<\/th>\n<\/tr>\n<\/thead>\n<tbody>\n<tr>\n<td>Bonus jumel\u00e9 200 %<\/td>\n<td>Jusqu&#8217;\u00e0 3 000 USDT (aucune limite de retrait publi\u00e9e pour le Canada)<\/td>\n<\/tr>\n<tr>\n<td>Tours gratuits<\/td>\n<td>Jusqu&#8217;\u00e0 100 TG (valeur variable ; aucun retrait maximum indiqu\u00e9)<\/td>\n<\/tr>\n<tr>\n<td>Mise<\/td>\n<td>Le roulement crypto casino est en vigueur (aucun plafond indiqu\u00e9)<\/td>\n<\/tr>\n<tr>\n<td><strong>Valeur r\u00e9elle maximale totale<\/strong><\/td>\n<td><strong>Jusqu&#8217;\u00e0 3 000 USDT + TG (aucun plafond de retrait publi\u00e9)<\/strong><\/td>\n<\/tr>\n<\/tbody>\n<\/table>\n<h3>Bonus 4 \u2013 Paris sportifs crypto<\/h3>\n<table>\n<thead>\n<tr>\n<th>Composante du bonus<\/th>\n<th>Valeur r\u00e9elle maximale<\/th>\n<\/tr>\n<\/thead>\n<tbody>\n<tr>\n<td>Bonus crypto jumel\u00e9 100 %<\/td>\n<td>Jusqu&#8217;\u00e0 200 USDT (aucun retrait maximum publi\u00e9)<\/td>\n<\/tr>\n<tr>\n<td>Tours gratuits<\/td>\n<td>Aucun inclus<\/td>\n<\/tr>\n<tr>\n<td>Mise<\/td>\n<td>Le roulement crypto du livre de paris sportifs est en vigueur (aucun plafond indiqu\u00e9)<\/td>\n<\/tr>\n<tr>\n<td><strong>Valeur r\u00e9elle maximale totale<\/strong><\/td>\n<td><strong>Jusqu&#8217;\u00e0 200 USDT (selon la mise)<\/strong><\/td>\n<\/tr>\n<\/tbody>\n<\/table>\n<p>BonusFinder encourage fortement tous les nouveaux joueurs \u00e0 v\u00e9rifier les termes et conditions de chaque bonus avant de le r\u00e9clamer.<\/p>\n<h2>Est-ce que Realz Casino est l\u00e9gitime et s\u00e9curitaire?<\/h2>\n<p>Oui \u2013 Realz Casino est s\u00e9curitaire et l\u00e9gitime. Ils sont r\u00e9glement\u00e9s par la Cura\u00e7ao Gaming Authority, qui op\u00e8re dans plusieurs endroits \u00e0 travers le monde. Les transactions des joueurs sont prot\u00e9g\u00e9es par un chiffrement SSL, et l&#8217;authentification KYC est requise pour tous les membres afin de prot\u00e9ger les comptes.<\/p>\n<p>Realz propose des jeux de fournisseurs renomm\u00e9s comme Pragmatic Play, Evolution, NetEnt, Play&#8217;n GO et Microgaming. Leurs paiements sont g\u00e9n\u00e9ralement rapides, plusieurs joueurs rapportant des d\u00e9lais de retrait de moins de 24 heures et instantan\u00e9s pour les cryptos.<\/p>\n<p>Il y a certains b\u00e9mols : les exigences de mise pour leurs bonus sont \u00e9lev\u00e9es (35x-40x), ce qui explique pourquoi les bonus offerts sont si g\u00e9n\u00e9reux. Les joueurs non-VIP pourraient aussi conna\u00eetre des d\u00e9lais de retrait plus longs.<\/p>\n<p>Les options de jeu responsable se limitent \u00e0 l&#8217;auto-exclusion seulement \u2013 ils n&#8217;offrent pas de pauses temporaires, de limites de d\u00e9p\u00f4t, de limites de session, de limites de pertes\/mises ni de v\u00e9rifications de r\u00e9alit\u00e9. Si vous avez besoin de ces syst\u00e8mes, Realz pourrait ne pas \u00eatre pour vous.<\/p>\n<h2>S\u00e9lection de jeux<\/h2>\n<p>Realz pr\u00e9sente une belle gamme de machines \u00e0 sous robustes \u00e0 RTP \u00e9lev\u00e9 provenant de fournisseurs de premier plan. Leur section &#8221; Hot Slots &#8221; met en vedette les titres suivants comme favoris des joueurs :<\/p>\n<ul>\n<li>Wanted Dead or a Wild (Hacksaw Gaming)<\/li>\n<li>9 Masks of Fire (Microgaming)<\/li>\n<li>Big Bass Splash (Pragmatic Play)<\/li>\n<li>Razor Shark (Push Gaming)<\/li>\n<li>Legacy of Dead (Play&#8217;n GO)<\/li>\n<li>Gates of Olympus Super Scatter (Pragmatic Play)<\/li>\n<\/ul>\n<p>Realz Casino offre aussi une bonne collection de jeux de table et de croupiers en direct provenant de fournisseurs comme Evolution Gaming et Pragmatic Play.<\/p>\n<h3>Meilleurs jeux de table en direct<\/h3>\n<ul>\n<li>Roulette en direct (Evolution Gaming)<\/li>\n<li>Blackjack en direct (Pragmatic Play)<\/li>\n<li>Baccarat en direct (Evolution Gaming)<\/li>\n<li>Crazy Time (jeu t\u00e9l\u00e9vis\u00e9 d&#8217;Evolution Gaming)<\/li>\n<\/ul>\n<p>Realz Casino est similaire \u00e0 d&#8217;autres casinos en ligne comme <a href=\"https:\/\/www.bonus.ca\/spinaway-casino\">SpinAway<\/a> en termes de jeux offerts, avec un accent particulier sur les machines \u00e0 sous et les jeux de table.<\/p>\n<h2>M\u00e9thodes bancaires<\/h2>\n<p>Les m\u00e9thodes de paiement suivantes sont accept\u00e9es chez Realz Casino :<\/p>\n<ul>\n<li>Visa<\/li>\n<li>MasterCard<\/li>\n<li>Skrill<\/li>\n<li>Neteller<\/li>\n<li>MiFinity<\/li>\n<li>Paysafecard<\/li>\n<li>Virement bancaire<\/li>\n<li>Options de cryptomonnaie et Binance<\/li>\n<\/ul>\n<p>Le d\u00e9p\u00f4t minimum est normalement de 10 $, bien que certains bonus puissent exiger des minimums plus \u00e9lev\u00e9s.<\/p>\n<h2>Comment retirer chez Realz Casino<\/h2>\n<ol>\n<li>Connectez-vous \u00e0 votre compte Realz<\/li>\n<li>Allez \u00e0 Caisse \u2192 Retrait<\/li>\n<li>S\u00e9lectionnez votre m\u00e9thode de retrait<\/li>\n<li>Entrez le montant et confirmez<\/li>\n<li>Compl\u00e9tez la v\u00e9rification KYC si ce n&#8217;est pas d\u00e9j\u00e0 fait<\/li>\n<\/ol>\n<p>Les retraits prennent habituellement entre 1 et 7 jours pour les cartes ou virements bancaires. Les portefeuilles \u00e9lectroniques et les m\u00e9thodes de cryptomonnaie sont g\u00e9n\u00e9ralement trait\u00e9s en moins de 24 heures apr\u00e8s approbation.<\/p>\n<p>Des limites de retrait s&#8217;appliquent \u00e0 tous les joueurs et varient selon votre niveau VIP :<\/p>\n<ul>\n<li>Niveau 1 (De base) : 500 $ par jour, 7 000 $ par mois<\/li>\n<li>Niveau 2 : 500 $ par jour, 10 000 $ par mois<\/li>\n<li>Niveau 3 : 800 $ par jour, 12 000 $ par mois<\/li>\n<li>Niveau 4 : 1 000 $ par jour, 15 000 $ par mois<\/li>\n<li>Niveau 5 (VIP sup\u00e9rieur) : 1 500 $ par jour, 20 000 $ par mois<\/li>\n<li>M\u00e9thodes crypto (G\u00e9n\u00e9ral) : Jusqu&#8217;\u00e0 7 500 $ par mois pour les niveaux non-VIP<\/li>\n<\/ul>\n<h2>Service \u00e0 la client\u00e8le<\/h2>\n<p>Realz Casino offre un service \u00e0 la client\u00e8le 24\/7. Le clavardage r\u00e9pond habituellement en moins de 2 minutes.<\/p>\n<ul>\n<li>Clavardage en direct disponible 24\/7<\/li>\n<li>Courriel support@realz.com<\/li>\n<li>Centre de FAQ couvrant des sujets comme les bonus, les paiements, la v\u00e9rification et les conditions de jeu<\/li>\n<\/ul>\n","protected":false},"excerpt":{"rendered":"<p>Notre verdict sur Realz Casino Realz Casino offre une quantit\u00e9 impressionnante de jeux en argent r\u00e9el ainsi qu&#8217;un livre de paris sportifs virtuels, donnant aux joueurs une bonne vari\u00e9t\u00e9 de choix accompagn\u00e9e de quatre g\u00e9n\u00e9reux bonus de bienvenue. Les bonus ont des exigences de mise assez \u00e9lev\u00e9es, ce qui pourrait prendre plus de temps aux [&hellip;]<\/p>\n","protected":false},"author":67,"featured_media":0,"parent":0,"menu_order":0,"comment_status":"closed","ping_status":"closed","template":"","meta":{"inline_featured_image":false,"_glsr_average":0,"_glsr_ranking":0,"_glsr_reviews":0,"footnotes":""},"class_list":["post-25483","page","type-page","status-publish","hentry"],"yoast_head":"<!-- This site is optimized with the Yoast SEO plugin v27.3 - https:\/\/yoast.com\/product\/yoast-seo-wordpress\/ -->\n<title>Realz Casino Canada : Avis et bonus de bienvenue [year]<\/title>\n<meta name=\"description\" content=\"D\u00e9couvrez notre avis complet sur Realz Casino Canada. et profitez d&#039;un bonus de bienvenue de 100 % jusqu&#039;\u00e0 750 $.\" \/>\n<meta name=\"robots\" content=\"index, follow, max-snippet:-1, max-image-preview:large, max-video-preview:-1\" \/>\n<link rel=\"canonical\" href=\"https:\/\/www.bonus.ca\/fr\/realz-casino\" \/>\n<meta property=\"og:type\" content=\"article\" \/>\n<meta property=\"og:title\" content=\"Realz Casino Canada : Avis et bonus de bienvenue [year]\" \/>\n<meta property=\"og:description\" content=\"D\u00e9couvrez notre avis complet sur Realz Casino Canada. et profitez d&#039;un bonus de bienvenue de 100 % jusqu&#039;\u00e0 750 $.\" \/>\n<meta property=\"og:url\" content=\"https:\/\/www.bonus.ca\/fr\/realz-casino\" \/>\n<meta property=\"article:modified_time\" content=\"2026-04-02T12:37:35+00:00\" \/>\n<meta name=\"twitter:card\" content=\"summary_large_image\" \/>\n<meta name=\"twitter:label1\" content=\"Est. reading time\" \/>\n\t<meta name=\"twitter:data1\" content=\"5 minutes\" \/>\n<!-- \/ Yoast SEO plugin. -->","yoast_head_json":{"title":"Realz Casino Canada : Avis et bonus de bienvenue [year]","description":"D\u00e9couvrez notre avis complet sur Realz Casino Canada. et profitez d'un bonus de bienvenue de 100 % jusqu'\u00e0 750 $.","robots":{"index":"index","follow":"follow","max-snippet":"max-snippet:-1","max-image-preview":"max-image-preview:large","max-video-preview":"max-video-preview:-1"},"canonical":"https:\/\/www.bonus.ca\/fr\/realz-casino","og_type":"article","og_title":"Realz Casino Canada : Avis et bonus de bienvenue [year]","og_description":"D\u00e9couvrez notre avis complet sur Realz Casino Canada. et profitez d'un bonus de bienvenue de 100 % jusqu'\u00e0 750 $.","og_url":"https:\/\/www.bonus.ca\/fr\/realz-casino","article_modified_time":"2026-04-02T12:37:35+00:00","twitter_card":"summary_large_image","twitter_misc":{"Est. reading time":"5 minutes"},"schema":{"@context":"https:\/\/schema.org","@graph":[{"@type":"WebPage","@id":"https:\/\/www.bonus.ca\/fr\/realz-casino","url":"https:\/\/www.bonus.ca\/fr\/realz-casino","name":"Realz Casino Canada : Avis et bonus de bienvenue [year]","isPartOf":{"@id":"https:\/\/www.bonus.ca\/fr\/#website"},"datePublished":"2026-02-11T17:26:47+00:00","dateModified":"2026-04-02T12:37:35+00:00","description":"D\u00e9couvrez notre avis complet sur Realz Casino Canada. et profitez d'un bonus de bienvenue de 100 % jusqu'\u00e0 750 $.","breadcrumb":{"@id":"https:\/\/www.bonus.ca\/fr\/realz-casino#breadcrumb"},"inLanguage":"en-US","potentialAction":[{"@type":"ReadAction","target":["https:\/\/www.bonus.ca\/fr\/realz-casino"]}]},{"@type":"BreadcrumbList","@id":"https:\/\/www.bonus.ca\/fr\/realz-casino#breadcrumb","itemListElement":[{"@type":"ListItem","position":1,"name":"Home","item":"https:\/\/www.bonus.ca\/fr\/"},{"@type":"ListItem","position":2,"name":"Realz Casino"}]},{"@type":"WebSite","@id":"https:\/\/www.bonus.ca\/fr\/#website","url":"https:\/\/www.bonus.ca\/fr\/","name":"BonusFinder Canada (Fran\u00e7ais)","description":"La source de bonus n\u00b0 1 au Canada","potentialAction":[{"@type":"SearchAction","target":{"@type":"EntryPoint","urlTemplate":"https:\/\/www.bonus.ca\/fr\/?s={search_term_string}"},"query-input":{"@type":"PropertyValueSpecification","valueRequired":true,"valueName":"search_term_string"}}],"inLanguage":"en-US"}]}},"_links":{"self":[{"href":"https:\/\/www.bonus.ca\/fr\/wp-json\/wp\/v2\/pages\/25483","targetHints":{"allow":["GET"]}}],"collection":[{"href":"https:\/\/www.bonus.ca\/fr\/wp-json\/wp\/v2\/pages"}],"about":[{"href":"https:\/\/www.bonus.ca\/fr\/wp-json\/wp\/v2\/types\/page"}],"author":[{"embeddable":true,"href":"https:\/\/www.bonus.ca\/fr\/wp-json\/wp\/v2\/users\/67"}],"replies":[{"embeddable":true,"href":"https:\/\/www.bonus.ca\/fr\/wp-json\/wp\/v2\/comments?post=25483"}],"version-history":[{"count":9,"href":"https:\/\/www.bonus.ca\/fr\/wp-json\/wp\/v2\/pages\/25483\/revisions"}],"predecessor-version":[{"id":26455,"href":"https:\/\/www.bonus.ca\/fr\/wp-json\/wp\/v2\/pages\/25483\/revisions\/26455"}],"wp:attachment":[{"href":"https:\/\/www.bonus.ca\/fr\/wp-json\/wp\/v2\/media?parent=25483"}],"curies":[{"name":"wp","href":"https:\/\/api.w.org\/{rel}","templated":true}]}}