{"id":27213,"date":"2026-05-12T16:11:53","date_gmt":"2026-05-12T16:11:53","guid":{"rendered":"https:\/\/www.bonus.ca\/fr\/?page_id=27213"},"modified":"2026-05-12T16:11:53","modified_gmt":"2026-05-12T16:11:53","slug":"biggerz-casino","status":"publish","type":"page","link":"https:\/\/www.bonus.ca\/fr\/biggerz-casino","title":{"rendered":"BiggerZ Casino"},"content":{"rendered":"<h2>Bonus de bienvenue BiggerZ Casino<\/h2>\n<p>Les nouveaux joueurs canadiens b\u00e9n\u00e9ficient d&#8217;un bonus de d\u00e9p\u00f4t de <strong>150 % jusqu&#8217;\u00e0 2 000 $<\/strong> sur leur premier d\u00e9p\u00f4t \u00e0 l&#8217;inscription avec le code <strong>WO<\/strong>. Vous ne souhaitez pas le r\u00e9clamer tout de suite ? Aucun probl\u00e8me. Vous pourrez le faire plus tard via la page des promotions, mais les autres promotions resteront bloqu\u00e9es tant que vous n&#8217;aurez pas activ\u00e9 le bonus de bienvenue. Le d\u00e9p\u00f4t minimum est de <strong>10 $<\/strong> et tous les fonds sont cr\u00e9dit\u00e9s en \u00e9quivalent USDT.<\/p>\n<p>Les conditions de mise sont l\u00e9g\u00e8rement sup\u00e9rieures \u00e0 la moyenne du march\u00e9, fix\u00e9es \u00e0 <strong>40x<\/strong> au lieu des 35x habituels. Cela signifie que si vous d\u00e9posez 100 $, vous obtenez un bonus de 150 %, soit 150 $ et 250 $ en tout pour jouer. Vous devrez miser un total de <strong>6 000 $<\/strong> pour d\u00e9bloquer le bonus dans cet exemple.<\/p>\n<p>Pour d\u00e9bloquer le bonus, vous devrez miser le montant du bonus 40 fois dans un d\u00e9lai de <strong>14 jours<\/strong>, ce qui est une fen\u00eatre correcte pour les petits montants, mais qui peut s&#8217;av\u00e9rer difficile \u00e0 tenir pour les bonus plus \u00e9lev\u00e9s.<\/p>\n\t<div class=\"highlight-block card-fancy\">\n\t\t<div class=\"card-inner\">\n            \t\t\t\t<img decoding=\"async\" src=\"https:\/\/mediafr.bonus.ca\/images\/highlight-block-placeholder.svg\" alt=\"placeholder\" height=\"48\" width=\"48\" loading=\"lazy\" srcset=\"https:\/\/mediafr.bonus.ca\/images\/highlight-block-placeholder.svg 1x, https:\/\/mediafr.bonus.ca\/images\/highlight-block-placeholder.svg 2x\" \/>\n            \t\t\t<div class=\"card-content\">\n\t\t\t\t<h4 class=\"no-margin-top\"> Conseil BonusFinder<\/h4>\n\t\t\t\t<div>Les d\u00e9p\u00f4ts et les bonus sont toujours cr\u00e9dit\u00e9s en USDT chez BiggerZ Casino. Ainsi, m\u00eame si vous d\u00e9posez en dollars canadiens via la passerelle fiat, le bonus est \u00e9mis en USDT. Les retraits \u00e9tant uniquement en crypto, toutes les op\u00e9rations bancaires sont libell\u00e9es en crypto. Le montant de 2 000 $ repr\u00e9sente l'\u00e9quivalent USDT indiqu\u00e9 et non un montant fixe en dollars. La valeur r\u00e9elle d\u00e9pend du taux de change au moment du d\u00e9p\u00f4t.<\/div>\n\t\t\t<\/div>\n\t\t<\/div>\n\t<\/div>\n\n<h3>Comment r\u00e9clamer le bonus BiggerZ<\/h3>\n<ol>\n<li>Rendez-vous sur BiggerZ Casino via notre lien<\/li>\n<li>Inscrivez-vous sur la page d&#8217;accueil<\/li>\n<li>Confirmez votre adresse e-mail<\/li>\n<li>R\u00e9clamez votre bonus avec le code WO lors de votre premier d\u00e9p\u00f4t de 10 $ minimum<\/li>\n<li>Vos fonds bonus seront cr\u00e9dit\u00e9s imm\u00e9diatement<\/li>\n<\/ol>\n<h3>Conditions compl\u00e8tes du bonus de bienvenue<\/h3>\n<p>[table_start]<br \/>\n[table_head column-1=&#8221;Condition&#8221; column-2=&#8221;D\u00e9tail&#8221;]<br \/>\n[table_row column-1=&#8221;Offre&#8221; column-2=&#8221;150 % jusqu&#8217;\u00e0 2 000 $&#8221;]<br \/>\n[table_row column-1=&#8221;Code promo&#8221; column-2=&#8221;WO&#8221;]<br \/>\n[table_row column-1=&#8221;D\u00e9p\u00f4t minimum&#8221; column-2=&#8221;10 $&#8221;]<br \/>\n[table_row column-1=&#8221;Mise en jeu&#8221; column-2=&#8221;40x sur le bonus&#8221;]<br \/>\n[table_row column-1=&#8221;D\u00e9lai&#8221; column-2=&#8221;14 jours&#8221;]<br \/>\n[table_row column-1=&#8221;Admissibilit\u00e9&#8221; column-2=&#8221;Nouveaux joueurs uniquement&#8221;]<br \/>\n[table_end]<\/p>\n<h2>Programme de fid\u00e9lit\u00e9 et promotions en cours<\/h2>\n<p>Le programme VIP de BiggerZ Casino comprend six niveaux :<\/p>\n<ol>\n<li>Tiny<\/li>\n<li>Prime<\/li>\n<li>Supreme<\/li>\n<li>Titan<\/li>\n<li>Empire<\/li>\n<li>BiggerZ<\/li>\n<\/ol>\n<p>Vous int\u00e9grez le niveau le plus bas \u00e0 votre inscription et gagnez des XP en jouant. Plus vous jouez, plus vous progressez dans la hi\u00e9rarchie. Vous d\u00e9bloquez des avantages au fil de votre mont\u00e9e, notamment un gestionnaire de compte d\u00e9di\u00e9, des offres de cashback, des bonus de tours gratuits, des r\u00e9compenses en cash, un cashback hebdomadaire ainsi que des \u00e9v\u00e9nements et tournois premium.<\/p>\n<p>BiggerZ Casino propose des promotions continues qui offrent une valeur r\u00e9elle. Vous pouvez profiter d&#8217;offres quotidiennes, hebdomadaires et mensuelles :<\/p>\n<ul>\n<li><strong>Rakeback quotidien :<\/strong> 5 % sur la marge du casino pour tous les jeux, minimum 1 $, sans mise en jeu<\/li>\n<li><strong>Bonus hebdomadaire :<\/strong> jusqu&#8217;\u00e0 5 000 $ chaque dimanche pour les machines \u00e0 sous, code WEEKLY, d\u00e9p\u00f4t minimum de 50 $<\/li>\n<li><strong>Mystery Vault :<\/strong> d\u00e9posez 50 $ jeudi et vendredi avec le code VAULT50 pour recevoir jusqu&#8217;\u00e0 75 $ + 100 tours gratuits<\/li>\n<li><strong>Cashback mensuel :<\/strong> jusqu&#8217;\u00e0 1 000 $ avec le code MONTHLY<\/li>\n<li><strong>Lossback VIP :<\/strong> 50 % jusqu&#8217;\u00e0 500 000 $ la premi\u00e8re semaine pour les joueurs VIP d\u00e9posant 5 000 $+, mise de 3x<\/li>\n<\/ul>\n<h2>Jeux<\/h2>\n<p>BiggerZ Casino propose un large choix de titres. Sa biblioth\u00e8que s&#8217;\u00e9tend \u00e0 plus de <strong>5 000 jeux<\/strong> de fournisseurs tels que NetEnt, Microgaming, Evolution et Pragmatic Play.<\/p>\n<h3>Machines \u00e0 sous<\/h3>\n<p>Un grand nombre de machines \u00e0 sous sont disponibles chez BiggerZ Casino, notamment :<\/p>\n<ul>\n<li>Big Bass Splash<\/li>\n<li>Gates of Olympus 1000<\/li>\n<li>Sweet Rush Bonanza<\/li>\n<li>Sugar Rush 1000<\/li>\n<li>Piggy Riches Megaways<\/li>\n<\/ul>\n<h3>Jeux de table et casino en direct<\/h3>\n<p>Des jeux de table RNG et des jeux avec croupiers en direct sont \u00e9galement propos\u00e9s, avec une grande vari\u00e9t\u00e9 d&#8217;options incluant :<\/p>\n<ul>\n<li>Mega Roulette 3000<\/li>\n<li>Caribbean Poker<\/li>\n<li>Mega Baccarat<\/li>\n<li>Bet Behind Pro Blackjack<\/li>\n<\/ul>\n<p>On y trouve d&#8217;excellents choix pour les joueurs de table, dont des jeux rarement vus ailleurs, offrant une biblioth\u00e8que aussi profonde qu&#8217;\u00e9tendue.<\/p>\n<h3>Jeux instantan\u00e9s<\/h3>\n<p>Pour changer de rythme, une s\u00e9lection correcte de jeux instantan\u00e9s est disponible, notamment Plinko, Mines, Hi-Lo, Keno et Crash.<\/p>\n<h2>Exp\u00e9rience mobile<\/h2>\n<p>Il n&#8217;existe pas d&#8217;application iOS ou Android d\u00e9di\u00e9e pour BiggerZ Casino. L&#8217;exp\u00e9rience sur navigateur mobile est aussi r\u00e9active que la version bureau, et vous pouvez ajouter le site \u00e0 l&#8217;\u00e9cran d&#8217;accueil pour un acc\u00e8s rapide et facile.<\/p>\n<h2>Paiements et retraits<\/h2>\n<p><strong>BiggerZ Casino est une plateforme crypto avant tout.<\/strong> Tous les retraits sont trait\u00e9s en cryptomonnaie uniquement. Si vous d\u00e9posez en dollars canadiens via la passerelle fiat, vous devrez tout de m\u00eame retirer en crypto. Les joueurs qui ne sont pas familiers avec les cryptomonnaies doivent en tenir compte avant de s&#8217;inscrire.<\/p>\n<h2>BiggerZ Casino est-il fiable ?<\/h2>\n<p>BiggerZ Casino est titulaire d&#8217;une <strong>licence Anjouan<\/strong>, une licence courante pour les casinos crypto qui op\u00e8rent sur le march\u00e9 canadien. Cette licence n&#8217;offre pas d&#8217;importantes garanties de protection des joueurs, mais le casino a mis en place ses propres politiques de jeu responsable :<\/p>\n<ul>\n<li>Limites de d\u00e9p\u00f4t (quotidiennes, hebdomadaires, mensuelles)<\/li>\n<li>Limites de pertes<\/li>\n<li>Limites de dur\u00e9e de session<\/li>\n<li>Rappels de r\u00e9alit\u00e9 pendant le jeu<\/li>\n<li>P\u00e9riodes de refroidissement (de quelques jours \u00e0 plusieurs mois)<\/li>\n<li>Options d&#8217;auto-exclusion pour 6 mois, 1 an ou de fa\u00e7on permanente<\/li>\n<\/ul>\n<p>Les joueurs saluent la rapidit\u00e9 des retraits et la qualit\u00e9 du service client. Des avis n\u00e9gatifs existent n\u00e9anmoins, principalement li\u00e9s aux retraits de montants importants. Un joueur a signal\u00e9 le <strong>plafond mensuel de retrait de 100 000 $<\/strong>, qui n&#8217;est apparu clairement que lorsqu&#8217;il a tent\u00e9 de retirer un gain de 215 000 $. La prudence est, comme toujours, de mise.<\/p>\n<p>Si vous ou quelqu&#8217;un de votre entourage rencontrez des difficult\u00e9s li\u00e9es au jeu, les services d&#8217;aide canadiens suivants sont disponibles :<\/p>\n<ul>\n<li><strong>ConnexOntario (Ontario) :<\/strong> www.connexontario.ca | 1-866-531-2600<\/li>\n<li><strong>Programme de jeu responsable de la C.-B. :<\/strong> www.bcresponsiblegambling.ca | 1-888-795-6111<\/li>\n<li><strong>Ligne d&#8217;aide en Alberta :<\/strong> 1-800-522-4700<\/li>\n<li><strong>Ligne d&#8217;aide nationale :<\/strong> 1-800-522-4700<\/li>\n<\/ul>\n<h2>Points forts et points faibles<\/h2>\n<p>\t<div class=\"pros-cons-item pro list-item\">\n\t\t<div class=\"list-item-icon\">\n\t\t\t<div class=\"icon-small\">\n\t\t\t\t<svg width=\"100%\" height=\"100%\" viewBox=\"0 0 24 24\" fill=\"none\" xmlns=\"http:\/\/www.w3.org\/2000\/svg\" aria-labelledby=\"proTitle proDesc\">\n\t<title id=\"proTitle\">Plus sign<\/title>\n\t<desc id=\"proDesc\">White plus sign on green background<\/desc>\n\t<path d=\"M15 3C15 2.44772 14.5523 2 14 2L10 2C9.44772 2 9 2.44772 9 3V9H3C2.44772 9 2 9.44772 2 10V14C2 14.5523 2.44772 15 3 15H9V21C9 21.5523 9.44771 22 10 22H14C14.5523 22 15 21.5523 15 21V15H21C21.5523 15 22 14.5523 22 14V10C22 9.44772 21.5523 9 21 9H15V3Z\" fill=\"currentColor\"><\/path>\n<\/svg>\n\n\t\t\t<\/div>\n\t\t<\/div>\n\t\t<div class=\"text\">Un bonus de 150 % sup\u00e9rieur au standard de 100 % de la plupart des casinos<\/div>\n\t<\/div>\n<br \/>\n\t<div class=\"pros-cons-item pro list-item\">\n\t\t<div class=\"list-item-icon\">\n\t\t\t<div class=\"icon-small\">\n\t\t\t\t<svg width=\"100%\" height=\"100%\" viewBox=\"0 0 24 24\" fill=\"none\" xmlns=\"http:\/\/www.w3.org\/2000\/svg\" aria-labelledby=\"proTitle proDesc\">\n\t<title id=\"proTitle\">Plus sign<\/title>\n\t<desc id=\"proDesc\">White plus sign on green background<\/desc>\n\t<path d=\"M15 3C15 2.44772 14.5523 2 14 2L10 2C9.44772 2 9 2.44772 9 3V9H3C2.44772 9 2 9.44772 2 10V14C2 14.5523 2.44772 15 3 15H9V21C9 21.5523 9.44771 22 10 22H14C14.5523 22 15 21.5523 15 21V15H21C21.5523 15 22 14.5523 22 14V10C22 9.44772 21.5523 9 21 9H15V3Z\" fill=\"currentColor\"><\/path>\n<\/svg>\n\n\t\t\t<\/div>\n\t\t<\/div>\n\t\t<div class=\"text\">D\u00e9p\u00f4t minimum de 10 $ pour activer l'offre<\/div>\n\t<\/div>\n<br \/>\n\t<div class=\"pros-cons-item pro list-item\">\n\t\t<div class=\"list-item-icon\">\n\t\t\t<div class=\"icon-small\">\n\t\t\t\t<svg width=\"100%\" height=\"100%\" viewBox=\"0 0 24 24\" fill=\"none\" xmlns=\"http:\/\/www.w3.org\/2000\/svg\" aria-labelledby=\"proTitle proDesc\">\n\t<title id=\"proTitle\">Plus sign<\/title>\n\t<desc id=\"proDesc\">White plus sign on green background<\/desc>\n\t<path d=\"M15 3C15 2.44772 14.5523 2 14 2L10 2C9.44772 2 9 2.44772 9 3V9H3C2.44772 9 2 9.44772 2 10V14C2 14.5523 2.44772 15 3 15H9V21C9 21.5523 9.44771 22 10 22H14C14.5523 22 15 21.5523 15 21V15H21C21.5523 15 22 14.5523 22 14V10C22 9.44772 21.5523 9 21 9H15V3Z\" fill=\"currentColor\"><\/path>\n<\/svg>\n\n\t\t\t<\/div>\n\t\t<\/div>\n\t\t<div class=\"text\">Rakeback quotidien de 5 % sans mise en jeu<\/div>\n\t<\/div>\n<br \/>\n\t<div class=\"pros-cons-item pro list-item\">\n\t\t<div class=\"list-item-icon\">\n\t\t\t<div class=\"icon-small\">\n\t\t\t\t<svg width=\"100%\" height=\"100%\" viewBox=\"0 0 24 24\" fill=\"none\" xmlns=\"http:\/\/www.w3.org\/2000\/svg\" aria-labelledby=\"proTitle proDesc\">\n\t<title id=\"proTitle\">Plus sign<\/title>\n\t<desc id=\"proDesc\">White plus sign on green background<\/desc>\n\t<path d=\"M15 3C15 2.44772 14.5523 2 14 2L10 2C9.44772 2 9 2.44772 9 3V9H3C2.44772 9 2 9.44772 2 10V14C2 14.5523 2.44772 15 3 15H9V21C9 21.5523 9.44771 22 10 22H14C14.5523 22 15 21.5523 15 21V15H21C21.5523 15 22 14.5523 22 14V10C22 9.44772 21.5523 9 21 9H15V3Z\" fill=\"currentColor\"><\/path>\n<\/svg>\n\n\t\t\t<\/div>\n\t\t<\/div>\n\t\t<div class=\"text\">Plus de 5 000 jeux de fournisseurs de premier rang<\/div>\n\t<\/div>\n<br \/>\n<div class=\"pros-cons-item con list-item\">\n\t\t<div class=\"list-item-icon\">\n\t\t\t<div class=\"icon-small\">\n\t\t\t\t<svg width=\"100%\" height=\"100%\" viewBox=\"0 0 24 24\" fill=\"none\" xmlns=\"http:\/\/www.w3.org\/2000\/svg\" aria-labelledby=\"conTitle conDesc\">\n\t<title id=\"conTitle\">Minus sign<\/title>\n\t<desc id=\"conDesc\">White minus sign on red background<\/desc>\n\t<rect x=\"2\" y=\"9\" width=\"20\" height=\"6\" rx=\"1\" fill=\"currentColor\"><\/rect>\n<\/svg>\n\n\t\t\t<\/div>\n\t\t<\/div>\n\t\t<div class=\"text\">Mise de 40x sur le bonus \u00e0 compl\u00e9ter en 14 jours : g\u00e9rable pour les petits montants, plus difficile pour les montants \u00e9lev\u00e9s<\/div>\n\t<\/div>\n<br \/>\n<div class=\"pros-cons-item con list-item\">\n\t\t<div class=\"list-item-icon\">\n\t\t\t<div class=\"icon-small\">\n\t\t\t\t<svg width=\"100%\" height=\"100%\" viewBox=\"0 0 24 24\" fill=\"none\" xmlns=\"http:\/\/www.w3.org\/2000\/svg\" aria-labelledby=\"conTitle conDesc\">\n\t<title id=\"conTitle\">Minus sign<\/title>\n\t<desc id=\"conDesc\">White minus sign on red background<\/desc>\n\t<rect x=\"2\" y=\"9\" width=\"20\" height=\"6\" rx=\"1\" fill=\"currentColor\"><\/rect>\n<\/svg>\n\n\t\t\t<\/div>\n\t\t<\/div>\n\t\t<div class=\"text\">Les retraits uniquement en crypto peuvent rebuter certains joueurs<\/div>\n\t<\/div>\n<br \/>\n<div class=\"pros-cons-item con list-item\">\n\t\t<div class=\"list-item-icon\">\n\t\t\t<div class=\"icon-small\">\n\t\t\t\t<svg width=\"100%\" height=\"100%\" viewBox=\"0 0 24 24\" fill=\"none\" xmlns=\"http:\/\/www.w3.org\/2000\/svg\" aria-labelledby=\"conTitle conDesc\">\n\t<title id=\"conTitle\">Minus sign<\/title>\n\t<desc id=\"conDesc\">White minus sign on red background<\/desc>\n\t<rect x=\"2\" y=\"9\" width=\"20\" height=\"6\" rx=\"1\" fill=\"currentColor\"><\/rect>\n<\/svg>\n\n\t\t\t<\/div>\n\t\t<\/div>\n\t\t<div class=\"text\">Pas d'application mobile native<\/div>\n\t<\/div>\n<\/p>\n<h2>Notre verdict<\/h2>\n<p>En termes de bonus de bienvenue, l&#8217;offre de BiggerZ Casino est g\u00e9n\u00e9reuse et les conditions de mise, bien qu&#8217;\u00e9lev\u00e9es, ne sont en aucun cas les pires du march\u00e9. Les montants de bonus plus modestes dans la fen\u00eatre de 14 jours sont tout \u00e0 fait atteignables. Le fait d&#8217;\u00eatre un casino uniquement crypto peut rebuter les joueurs qui ne sont pas familiers avec ce domaine, car vous devrez retirer en crypto. Cependant, ceux qui souhaitent se lancer dans les casinos crypto en ligne ou ceux qui sont d\u00e9j\u00e0 engag\u00e9s dans le jeu crypto pourraient bien trouver exactement ce qu&#8217;ils cherchent.<\/p>\n","protected":false},"excerpt":{"rendered":"<p>Bonus de bienvenue BiggerZ Casino Les nouveaux joueurs canadiens b\u00e9n\u00e9ficient d&#8217;un bonus de d\u00e9p\u00f4t de 150 % jusqu&#8217;\u00e0 2 000 $ sur leur premier d\u00e9p\u00f4t \u00e0 l&#8217;inscription avec le code WO. Vous ne souhaitez pas le r\u00e9clamer tout de suite ? Aucun probl\u00e8me. Vous pourrez le faire plus tard via la page des promotions, mais [&hellip;]<\/p>\n","protected":false},"author":67,"featured_media":0,"parent":0,"menu_order":0,"comment_status":"closed","ping_status":"closed","template":"","meta":{"inline_featured_image":false,"_glsr_average":0,"_glsr_ranking":0,"_glsr_reviews":0,"footnotes":""},"class_list":["post-27213","page","type-page","status-publish","hentry"],"yoast_head":"<!-- This site is optimized with the Yoast SEO plugin v27.5 - https:\/\/yoast.com\/product\/yoast-seo-wordpress\/ -->\n<title>BiggerZ Casino avis [year] : Bonus jusqu&#039;\u00e0 2 000 $<\/title>\n<meta name=\"robots\" content=\"index, follow, max-snippet:-1, max-image-preview:large, max-video-preview:-1\" \/>\n<link rel=\"canonical\" href=\"https:\/\/www.bonus.ca\/fr\/biggerz-casino\" \/>\n<meta property=\"og:type\" content=\"article\" \/>\n<meta property=\"og:title\" content=\"BiggerZ Casino avis [year] : Bonus jusqu&#039;\u00e0 2 000 $\" \/>\n<meta property=\"og:description\" content=\"Bonus de bienvenue BiggerZ Casino Les nouveaux joueurs canadiens b\u00e9n\u00e9ficient d&#8217;un bonus de d\u00e9p\u00f4t de 150 % jusqu&#8217;\u00e0 2 000 $ sur leur premier d\u00e9p\u00f4t \u00e0 l&#8217;inscription avec le code WO. Vous ne souhaitez pas le r\u00e9clamer tout de suite ? Aucun probl\u00e8me. Vous pourrez le faire plus tard via la page des promotions, mais [&hellip;]\" \/>\n<meta property=\"og:url\" content=\"https:\/\/www.bonus.ca\/fr\/biggerz-casino\" \/>\n<meta property=\"article:published_time\" content=\"2026-05-12T16:11:53+00:00\" \/>\n<meta name=\"twitter:card\" content=\"summary_large_image\" \/>\n<meta name=\"twitter:label1\" content=\"Est. reading time\" \/>\n\t<meta name=\"twitter:data1\" content=\"6 minutes\" \/>\n<!-- \/ Yoast SEO plugin. -->","yoast_head_json":{"title":"BiggerZ Casino avis [year] : Bonus jusqu'\u00e0 2 000 $","robots":{"index":"index","follow":"follow","max-snippet":"max-snippet:-1","max-image-preview":"max-image-preview:large","max-video-preview":"max-video-preview:-1"},"canonical":"https:\/\/www.bonus.ca\/fr\/biggerz-casino","og_type":"article","og_title":"BiggerZ Casino avis [year] : Bonus jusqu'\u00e0 2 000 $","og_description":"Bonus de bienvenue BiggerZ Casino Les nouveaux joueurs canadiens b\u00e9n\u00e9ficient d&#8217;un bonus de d\u00e9p\u00f4t de 150 % jusqu&#8217;\u00e0 2 000 $ sur leur premier d\u00e9p\u00f4t \u00e0 l&#8217;inscription avec le code WO. Vous ne souhaitez pas le r\u00e9clamer tout de suite ? Aucun probl\u00e8me. Vous pourrez le faire plus tard via la page des promotions, mais [&hellip;]","og_url":"https:\/\/www.bonus.ca\/fr\/biggerz-casino","article_published_time":"2026-05-12T16:11:53+00:00","twitter_card":"summary_large_image","twitter_misc":{"Est. reading time":"6 minutes"},"schema":{"@context":"https:\/\/schema.org","@graph":[{"@type":"WebPage","@id":"https:\/\/www.bonus.ca\/fr\/biggerz-casino","url":"https:\/\/www.bonus.ca\/fr\/biggerz-casino","name":"BiggerZ Casino avis [year] : Bonus jusqu'\u00e0 2 000 $","isPartOf":{"@id":"\/#website"},"datePublished":"2026-05-12T16:11:53+00:00","breadcrumb":{"@id":"https:\/\/www.bonus.ca\/fr\/biggerz-casino#breadcrumb"},"inLanguage":"en-US","potentialAction":[{"@type":"ReadAction","target":["https:\/\/www.bonus.ca\/fr\/biggerz-casino"]}]},{"@type":"BreadcrumbList","@id":"https:\/\/www.bonus.ca\/fr\/biggerz-casino#breadcrumb","itemListElement":[{"@type":"ListItem","position":1,"name":"Home","item":"https:\/\/www.bonus.ca\/fr\/"},{"@type":"ListItem","position":2,"name":"BiggerZ Casino"}]},{"@type":"WebSite","@id":"\/#website","url":"\/","name":"BonusFinder Canada (Fran\u00e7ais)","description":"La source de bonus n\u00b0 1 au Canada","potentialAction":[{"@type":"SearchAction","target":{"@type":"EntryPoint","urlTemplate":"\/?s={search_term_string}"},"query-input":{"@type":"PropertyValueSpecification","valueRequired":true,"valueName":"search_term_string"}}],"inLanguage":"en-US"}]}},"_links":{"self":[{"href":"https:\/\/www.bonus.ca\/fr\/wp-json\/wp\/v2\/pages\/27213","targetHints":{"allow":["GET"]}}],"collection":[{"href":"https:\/\/www.bonus.ca\/fr\/wp-json\/wp\/v2\/pages"}],"about":[{"href":"https:\/\/www.bonus.ca\/fr\/wp-json\/wp\/v2\/types\/page"}],"author":[{"embeddable":true,"href":"https:\/\/www.bonus.ca\/fr\/wp-json\/wp\/v2\/users\/67"}],"replies":[{"embeddable":true,"href":"https:\/\/www.bonus.ca\/fr\/wp-json\/wp\/v2\/comments?post=27213"}],"version-history":[{"count":9,"href":"https:\/\/www.bonus.ca\/fr\/wp-json\/wp\/v2\/pages\/27213\/revisions"}],"predecessor-version":[{"id":27222,"href":"https:\/\/www.bonus.ca\/fr\/wp-json\/wp\/v2\/pages\/27213\/revisions\/27222"}],"wp:attachment":[{"href":"https:\/\/www.bonus.ca\/fr\/wp-json\/wp\/v2\/media?parent=27213"}],"curies":[{"name":"wp","href":"https:\/\/api.w.org\/{rel}","templated":true}]}}