{"id":3343,"date":"2016-12-14T15:00:23","date_gmt":"2016-12-14T15:00:23","guid":{"rendered":"https:\/\/www.bonus.ca\/fr\/?post_type=bookmakers&#038;p=3343"},"modified":"2026-04-02T12:30:15","modified_gmt":"2026-04-02T12:30:15","slug":"betway","status":"publish","type":"page","link":"https:\/\/www.bonus.ca\/fr\/betway","title":{"rendered":"Betway Casino"},"content":{"rendered":"<h2>Betway casino en ligne<\/h2>\n<p>Avec 2 millions de clients actifs, <strong>Betway Casino<\/strong> est l&#8217;un des plus importants sites de jeux de hasard au monde. Betway Casino Canada vous accueille avec un gros bonus, alors nous n&#8217;avons pas de raisons de se plaindre.<\/p>\n<p>Lorsque vous visitez  Betway, un des <a href=\"https:\/\/www.bonus.ca\/fr\/\">meilleurs casino en ligne au Canada<\/a>, vous serez instantan\u00e9ment sur l&#8217;un des plus grands sites de jeux sur le Web. <\/p>\n<p>Vous pouvez jouer \u00e0 tous les jeux auxquels vous pensez (et m\u00eame \u00e0 ceux dont vous n&#8217;aviez jamais entendu parl\u00e9), y compris les paris sportifs, les paris en direct, le poker, les jeux de casinos classiques ainsi que les jeux de casino en direct. <\/p>\n<p>[table_start]<br \/>\n[table_row column-1=&#8217;<strong>Bonus de Bienvenue<\/strong>&#8216; column-2=&#8217;1500$ en bonus + 50 tours gratuits&#8217;]<br \/>\n[table_row column-1=&#8217;<strong>Bonus sur les Sports<\/strong>&#8216; column-2=&#8217;200$ en bonus&#8217;]<br \/>\n[table_row column-1=&#8217;<strong>D\u00e9p\u00f4t Minimum<\/strong>&#8216; column-2=&#8217;10$&#8217;]<br \/>\n[table_row column-1=&#8217;<strong>Casino Mobile<\/strong>&#8216; column-2=&#8217;Oui (Android, iOS, Windows)&#8217;]<br \/>\n[table_row column-1=&#8217;<strong>Casino Live<\/strong>&#8216; column-2=&#8217;Oui&#8217;]<br \/>\n[table_end]<\/p>\n<h3>Betway Canada<\/h3>\n<p>Nous, Canadiens et Qu\u00e9b\u00e9cois, sommes bien pris en charge au Betway Casino Canada. <\/p>\n<p>Le site a ajout\u00e9 le <strong>dollar canadien<\/strong> \u00e0 sa s\u00e9lection de devises en 2015 et vous pouvez d\u00e9sormais <strong>jouer \u00e0 tous les jeux en argent canadien<\/strong>. <\/p>\n<p>Les m\u00e9thodes bancaires vont vous convenir \u00e9galement puisqu&#8217;ils incluent des m\u00e9thodes sp\u00e9cifiques au Canada. <\/p>\n<p>Les Qu\u00e9b\u00e9cois seront ravis de savoir que<strong> le casino Betway est disponible en Fran\u00e7ais<\/strong>. Il est tr\u00e8s rare de trouver un casino fran\u00e7ais au Canada &#8211; alors c&#8217;est une bonne nouvelle!<\/p>\n<h2>Betway bonus casino 2026<\/h2>\n<p>Le bonus Betway va comme suit: un total de 1000$ en trois \u00e9tapes ainsi qu&#8217;un bonus sur les paris sportifs de 200$. <\/p>\n<p>Si vous \u00eates un fanatique de sports qui aiment \u00e9galement jouer aux jeux de casinos, Betway Casino est un excellent choix.<\/p>\n<p>[table_start]<br \/>\n[table_head column-1=&#8217;<strong>Bonus Betway<\/strong>&#8216; column-2=&#8217;Termes &#038; Conditions&#8217;]<br \/>\n[table_row column-1=&#8217;<strong>Bonus Casino<\/strong>&#8216; column-2=&#8217;1000$&#8217;]<br \/>\n[table_row column-1=&#8217;<strong>Bonus Betway Sports<\/strong>&#8216; column-2=&#8217;200$&#8217;]<br \/>\n[table_row column-1=&#8217;<strong>Code Bonus Betway<\/strong>&#8216; column-2=&#8217;Cliquez sur &#8220;Obtenez ce Bonus&#8221;&#8216;]<br \/>\n[table_row column-1=&#8217;<strong>Fonctionne sur mobile<\/strong>&#8216; column-2=&#8217;Oui&#8217;]<br \/>\n[table_end]<\/p>\n<div id=\"attachment_25203\" style=\"width: 1546px\" class=\"wp-caption alignnone\"><img loading=\"lazy\" decoding=\"async\" aria-describedby=\"caption-attachment-25203\" src=\"https:\/\/mediafr.bonus.ca\/images\/Betway-bonus.png\" alt=\"Bonus casino de 1500$ et 50 tours gratuits sur Betway\" width=\"1536\" height=\"920\" class=\"size-full wp-image-25203\" srcset=\"https:\/\/mediafr.bonus.ca\/images\/Betway-bonus.png 1536w, https:\/\/mediafr.bonus.ca\/images\/Betway-bonus-300x180.png 300w, https:\/\/mediafr.bonus.ca\/images\/Betway-bonus-1024x613.png 1024w, https:\/\/mediafr.bonus.ca\/images\/Betway-bonus-1048x628.png 1048w\" sizes=\"auto, (max-width: 1536px) 100vw, 1536px\" \/><p id=\"caption-attachment-25203\" class=\"wp-caption-text\">Profitez d&#8217;un bonus casino de 1500$ et 50 tours gratuits sur Betway Casino<\/p><\/div>\n<h3>Betway code promo<\/h3>\n<p>Vous n&#8217;avez pas besoin de code promo pour r\u00e9clamer votre Betway casino bonus aujourd&#8217;hui.<\/p>\n<p>Vous n&#8217;avez qu&#8217;\u00e0 cliquer sur le bouton &#8220;Obtenez ce bonus&#8221; pour vous assurer de recevoir le dit bonus. <\/p>\n<p>Ci-dessous, vous trouverez plus de d\u00e9tails sur les bonus offerts aux joueurs canadiens au Casino Betway.<\/p>\n<h3>Betway Bonus Sans D\u00e9p\u00f4t<\/h3>\n<p>En ce moment, Betway n&#8217;offre pas de bonus sans d\u00e9p\u00f4t. Si la situation change, nous mettrons cette page \u00e0 jour.<\/p>\n<h3>Casino Betway gratuit<\/h3>\n<p>Si vous d\u00e9sirez tester un jeu ou si vous pr\u00e9f\u00e9rez tester le casino en ligne Betway avant d&#8217;y faire un d\u00e9p\u00f4t, vous pouvez essayer les jeux de casino en version d\u00e9mo.<\/p>\n<p>Vous ne pourrez pas gagner de l&#8217;argent r\u00e9el, mais il s&#8217;agit d&#8217;un moyen int\u00e9ressant d&#8217;apprendre les r\u00e8gles d&#8217;un jeu. <\/p>\n<p>Notez, cependant, que les jeux gratuits Betway ne sont pas disponibles pour les jeux en direct.<\/p>\n<p>Cela dit, vous obtiendrez 50 tours gratuits lorsque vous ferez votre premier d\u00e9p\u00f4t.<\/p>\n<h2>Termes et conditions<\/h2>\n<p>Obtenez un bonus de bienvenue jusqu&#8217;\u00e0 1500$ \u00e0 utiliser sur le casino Betway.<\/p>\n<p>Vous recevrez un bonus de bienvenue en trois parties. <\/p>\n<p>Pour obtenir le bonus de ce casino Microgaming, activez la case \u00e0 cocher &#8220;Je souhaite recevoir le bonus de bienvenue et accepte les termes et conditions&#8221; lors de votre inscription. <\/p>\n<p>Peu importe lequel des deux casinos Betway (normal ou Vegas) auquel vous vous \u00eates inscrit, vous recevrez le m\u00eame bonus de bienvenue.<\/p>\n<p>Voici comment le bonus de bienvenue Betway est divis\u00e9:<\/p>\n<ul>\n<li><strong>Premier d\u00e9p\u00f4t:<\/strong> 100% jusqu&#8217;\u00e0 500$.<\/li>\n<li><strong>Deuxi\u00e8me d\u00e9p\u00f4t:<\/strong> 100% jusqu&#8217;\u00e0 250$.<\/li>\n<li><strong>Troisi\u00e8me d\u00e9p\u00f4t:<\/strong> 100% jusqu&#8217;\u00e0 250$.<\/li>\n<li><strong>Quatri\u00e8me d\u00e9p\u00f4t:<\/strong> 100% jusqu&#8217;\u00e0 500$.<\/li>\n<\/ul>\n<h3>Conditions de mises<\/h3>\n<p>Comme les autres Betway Bonus, ce forfait de bienvenue est valable pour 7 jours \u00e0 partir du jour de votre inscription.<\/p>\n<p>Une fois que vous avez choisi de vous inscrire chez Betway, vous n&#8217;avez pas besoin de faire autre chose qu&#8217;un d\u00e9p\u00f4t pour obtenir vos bonus. <\/p>\n<p>Les bonus sont ajout\u00e9s automatiquement \u00e0 votre compte lorsque vous d\u00e9posez votre argent. Le d\u00e9p\u00f4t minimum pour obtenir votre bonus de bienvenue est de 20$.<\/p>\n<p>Les conditions g\u00e9n\u00e9rales de Betway Casino Canada stipulent que vous devez jouer 60 fois avec le bonus pour le transformer en argent r\u00e9el (que vous pourrez alors retirer). <\/p>\n<p>Cette offre est sup\u00e9rieure aux standards de l&#8217;industrie du jeu qui se situent normalement autour de 30 \u00e0 40 fois.<\/p>\n<h2>R\u00e9compenses et programme de fid\u00e9lit\u00e9<\/h2>\n<p>Le casino en ligne Betway offre un programme de fid\u00e9lit\u00e9: Betway Plus.<\/p>\n<p>Leur bonus de bienvenue est fait sur mesure et r\u00e9pond \u00e0 vos propres habitudes de jeu. <\/p>\n<p>Chaque fois que vous aurez une sc\u00e9ance de jeux, vous accumulerez des Points Plus. <\/p>\n<p>Ceux-ci vous permettent d&#8217;atteindre des niveaux sup\u00e9rieurs qui vous donnent plus d&#8217;avantages et des promotions sp\u00e9ciales. <\/p>\n<p><strong>Betway a \u00e9galement un club VIP sp\u00e9cial pour les joueurs qui parient sur les sports.<\/strong><\/p>\n<h2>Jeux de casino<\/h2>\n<p>Le casino Betway est l&#8217;un des meilleurs casinos en ligne. Betway a fait sa renomm\u00e9e en tant que bookmaker de qualit\u00e9, mais en r\u00e9alit\u00e9, leur casino est l&#8217;endroit o\u00f9 tout se joue. <\/p>\n<p>L&#8217;interface utilisateur est facile \u00e0 utiliseret &#8211; <em> roulement de tambours &#8230; <\/em> &#8211; ils ont les meilleures machines \u00e0 sous et les meilleurs jeux de casino en direct dans l&#8217;industrie du casino jusqu&#8217;\u00e0 ce jour.<\/p>\n<p>Ci-dessous, nous regarderons les jeux populaires offerts au Betway Casino.<\/p>\n<h3>Machines \u00e0 sous<\/h3>\n<p>Betway Canada poss\u00e8de les meilleures machines \u00e0 sous en ligne, et ce, sans aucun doute. <\/p>\n<p>Nous pouvons les compter parmi les casinos Microgaming, mais Betway dispose \u00e9galement de plusieurs autres machines \u00e0 sous. <\/p>\n<p>Rabcat, Thunderkick et Betsoft placent leurs meilleures machines \u00e0 sous au casino Betway.<\/p>\n<p>Consid\u00e9rant que le Casino Betway est aussi propri\u00e9t\u00e9 de Microgaming, ce n&#8217;est pas une surprise de voir Mega Moolah et la machine populaire Avalon II en haut de leur liste de jeux. <\/p>\n<h3>Phantom of the Opera<\/h3>\n<p>Phantom of the Opera est l&#8217;une des derni\u00e8res machines \u00e0 se glisser dans le top huit. <\/p>\n<p>Si vous \u00eates amateur de cette com\u00e9die musicale, c&#8217;est certain que vous aimerez cette machine \u00e0 sous. <\/p>\n<p>Pendant que vous essayez de toucher les trois masques pour d\u00e9clencher le bonus, vous pourrez \u00e9couter la trame sonore en m\u00eame temps.<\/p>\n<p>Lorsque vous d\u00e9clenchez enfin la fonctionnalit\u00e9 de bonus, vous pouvez choisir vos tours gratuits \u00e0 partir de trois sc\u00e8nes diff\u00e9rentes. <\/p>\n<p>La mascarade est notre pr\u00e9f\u00e9r\u00e9 autant pour la musique que pour jouer vos tours suppl\u00e9mentaires.<\/p>\n<h3>Betway casino en direct<\/h3>\n<p>Le casino live Betway est propuls\u00e9 par Evolution Gaming. C&#8217;est clairement l&#8217;option num\u00e9ro 1 des fournisseurs de casinos en direct, vous \u00eates donc certain de jouer au meilleur casino en direct possible.<\/p>\n<p>Betwat Live peut \u00eatre facile \u00e0 manquer car dans l&#8217;interface de Betway, il est situ\u00e9 tout en haut de l&#8217;\u00e9cran, si vous utilisez un ordinateur.<\/p>\n<p>Une fois que vous remarquez l&#8217;emplacement du bouton, tout devient plus simple.<\/p>\n<p>\u00c9videmment, vous obtiendrez les classiques comme la roulette et le blackjack mais vous devriez aussi chercher un peu plus loin.<\/p>\n<h3>Football Studio<\/h3>\n<p>Football Studio est un tout nouveau jeu de casino Evolution Gaming. <\/p>\n<p>Les cartes sont distribu\u00e9es sur une table de soccer et vous pariez pour votre \u00e9quipe pr\u00e9f\u00e9r\u00e9e ou au hasard. <\/p>\n<p>Le jeu a \u00e9t\u00e9 invent\u00e9 pour la Coupe du monde de 2018, pendant laquelle le croupier gardait toujours un \u0153il sur le match de soccer en direct et le commentait.<\/p>\n<p>Il faut leur donner une main d&#8217;applaudissement, c&#8217;est une grande innovation d&#8217;Evolution Gaming.<\/p>\n<h2>Bonus sportifs<\/h2>\n<p>Le casino en ligne Betway offre maintenant un bonus sport qui sera doubl\u00e9 lors de votre premier d\u00e9p\u00f4t (jusqu&#8217;\u00e0 200$). Vous n&#8217;avez pas besoin de code bonus pour acc\u00e9der \u00e0 cettee offre. <\/p>\n<p>Vous aurez simplement besoin de cocher la case n\u00e9cessaire pour recevoir votre bonus de bienvenue Betway lors de votre inscription.<\/p>\n<p>Betway Sports est l&#8217;un de nos sites de paris sportifs pr\u00e9f\u00e9r\u00e9s. Les chances sont bonnes, la s\u00e9lection sportive (y compris dans la section des paris en direct) convient bien aux Canadiens et vous aurez acc\u00e8s \u00e0 des statistiques gratuites compl\u00e8tes qui couvrent \u00e0 peu pr\u00e8s tous les sports sur terre.<\/p>\n<div id=\"attachment_16878\" style=\"width: 1546px\" class=\"wp-caption alignnone\"><img loading=\"lazy\" decoding=\"async\" aria-describedby=\"caption-attachment-16878\" src=\"https:\/\/mediafr.bonus.ca\/images\/Betway-Casino.png\" alt=\"betway logo \" width=\"1536\" height=\"920\" class=\"size-full wp-image-16878\" srcset=\"https:\/\/mediafr.bonus.ca\/images\/Betway-Casino.png 1536w, https:\/\/mediafr.bonus.ca\/images\/Betway-Casino-300x180.png 300w, https:\/\/mediafr.bonus.ca\/images\/Betway-Casino-1024x613.png 1024w, https:\/\/mediafr.bonus.ca\/images\/Betway-Casino-1048x628.png 1048w, https:\/\/mediafr.bonus.ca\/images\/Betway-Casino-90x54.png 90w\" sizes=\"auto, (max-width: 1536px) 100vw, 1536px\" \/><p id=\"caption-attachment-16878\" class=\"wp-caption-text\">Le Casino Betway a fi\u00e8re allure et vous accueille avec un bonus sur les sports int\u00e9ressant!<\/p><\/div>\n<h3>Conditions<\/h3>\n<p>Avant de pouvoir retirer vos gains, vous devrez miser votre bonus un minimum de 10 fois. Les mises simples avec les cotes de 1.75 ou plus ainsi que les mises avec les cotes de 1.40 ou plus comptent aussi. <\/p>\n<p>Dans le syst\u00e8me de mise, chaque s\u00e9lection doit avoir au moins 1.40 en cote pour que vos mise comptent.<\/p>\n<p>Les seules limites r\u00e9elles de cette promotion sont que votre argent gratuit ne peut pas \u00eatre utilis\u00e9 pour des paris multiples (Trixie, Patent, Yankee ..) et qu&#8217;il y a un maximum \u00e0 gagner avec cet argent.<\/p>\n<p>Cependant, la limite de gain est de 20,000$, donc \u00e0 moins d&#8217;opter pour un paris sportif incroyable, vous pouvez l&#8217;ignorer en toute s\u00e9curit\u00e9.<\/p>\n<h2>Casino Betway mobile<\/h2>\n<p>Le casino Betway est \u00e9galement disponible sur mobile. Vous pouvez jouer directement sur votre navigateur. <\/p>\n<p>Si vous cherchez un casino mobile de grande qualit\u00e9, jetez un coup d&#8217;oeil sur LeoVegas qui est le &#8220;king du mobile&#8221;.<\/p>\n<p>Le support client est disponible en tout temps (et en Fran\u00e7ais!). Vous pouvez contacter le service \u00e0 la client\u00e8le via le clavardage, email ou par t\u00e9l\u00e9phone. <\/p>\n<p>Ils ont \u00e9galement une foire aux questions assez compl\u00e8te si vous avez besoin d&#8217;une r\u00e9ponse plus rapide.<\/p>\n<h2>S\u00e9curit\u00e9<\/h2>\n<p>Betway est un grand op\u00e9rateur agr\u00e9\u00e9 \u00e0 Malte et au Royaume-Uni. <\/p>\n<p>Le site dispose d&#8217;une s\u00e9curit\u00e9 SSL pour prot\u00e9ger votre compte, suit les directives de jeu responsable et offre un environnement s\u00fbr et s\u00e9curis\u00e9 pour les jeux en ligne.<\/p>\n<h3>Support client<\/h3>\n<p>Comme c&#8217;est la norme sur les sites de cette taille, le service client est disponible 24\/7\/365. Tout d&#8217;abord, vous devez aller \u00e0 la section de soutien du site (cliquez sur &#8221;\u00a0Contactez-nous\u00a0&#8221; dans le pied de page du site Web), qui ouvre une FAQ compl\u00e8te sur tout ce qui concerne jouer \u00e0 Betway. <\/p>\n<p>[table_start]<br \/>\n[table_row column-1=&#8217;<strong>Chat en Direct<\/strong>&#8216; column-2=&#8221;24\/7&#8243;]<br \/>\n[table_row column-1=&#8217;<strong>Adresse Email<\/strong>&#8216; column-2=&#8217;support@betway.com&#8217;]<br \/>\n[table_end]<\/p>\n<h2>M\u00e9thodes de paiements<\/h2>\n<p>Betway Casino en ligne prends en charge plusieurs m\u00e9thodes de paiement. <\/p>\n<p>Voici plus de d\u00e9tails sur les m\u00e9thodes de d\u00e9p\u00f4ts et retraits disponibles au casino en ligne Betway.<\/p>\n<p>[table_start]<br \/>\n[table_head column-1=&#8217;<strong>M\u00e9thodes bancaires<\/strong>&#8216; column-2=&#8217;<strong>Pris en charge<\/strong>&#8216;]<br \/>\n[table_row column-1=&#8217;<strong>Interac<\/strong>&#8216; column-2=&#8217;Oui&#8217;]<br \/>\n[table_row column-1=&#8217;<strong>iDebit<\/strong>&#8216; column-2=&#8217;Non&#8217;]<br \/>\n[table_row column-1=&#8217;<strong>Visa\/Mastercard<\/strong>&#8216; column-2=&#8217;Oui&#8217;]<br \/>\n[table_row column-1=&#8217;<strong>eCheck<\/strong>&#8216; column-2=&#8217;Oui&#8217;]<br \/>\n[table_row column-1=&#8217;<strong>Instant Banking<\/strong>&#8216; column-2=&#8217;Non&#8217;]<br \/>\n[table_row column-1=&#8217;<strong>Instadebit<\/strong>&#8216; column-2=&#8217;Oui&#8217;]<br \/>\n[table_row column-1=&#8217;<strong>Ecopayz<\/strong>&#8216; column-2=&#8217;Oui&#8217;]<br \/>\n[table_row column-1=&#8217;<strong>Paysafecard<\/strong>&#8216; column-2=&#8217;Oui&#8217;]<br \/>\n[table_row column-1=&#8217;<strong>Paypal<\/strong>&#8216; column-2=&#8217;Non&#8217;]<br \/>\n[table_end]<\/p>\n<h2>Betway Casino avis<\/h2>\n<p>Betway Casino vous offre un bonus de bienvenue g\u00e9n\u00e9reux totalisant 1000$. Actuellement, Betway Casino g\u00e8re l&#8217;un des meilleurs bonus sportifs de l&#8217;ann\u00e9e, l&#8217;un des rares paris gratuits disponibles pour les Canadiens ainsi que les Qu\u00e9b\u00e9cois. <\/p>\n<p>Vous pouvez jouer la mise gratuite comme vous le souhaitez. Vous pouvez tout utiliser sur un seul pari, le r\u00e9partir sur plusieurs paris ou m\u00eame miser sur l&#8217;eSport, c&#8217;est comme vous voulez.<\/p>\n<p>Les <a href=\"https:\/\/www.bonus.ca\/fr\/paris-sportifs\">bonus sur les paris sportifs<\/a> sont de plus en plus petits, voire inexistants. Cela rend plus facile d&#8217;obtenir un paris gratuit \u00e0 partir d&#8217;un site majeur comme Betway Casino.<\/p>\n<p>Apr\u00e8s avoir tester le site du casino en ligne Betway, l&#8217;\u00e9quipe de BonusFinder est fier de vous proposer son avis sur Betway &#8211; ce casino en ligne canadien est excellent !<\/p>\n","protected":false},"excerpt":{"rendered":"<p>Betway casino en ligne Avec 2 millions de clients actifs, Betway Casino est l&#8217;un des plus importants sites de jeux de hasard au monde. Betway Casino Canada vous accueille avec un gros bonus, alors nous n&#8217;avons pas de raisons de se plaindre. Lorsque vous visitez Betway, un des meilleurs casino en ligne au Canada, vous [&hellip;]<\/p>\n","protected":false},"author":67,"featured_media":0,"parent":0,"menu_order":0,"comment_status":"closed","ping_status":"closed","template":"","meta":{"inline_featured_image":false,"_glsr_average":0,"_glsr_ranking":0,"_glsr_reviews":0,"footnotes":""},"class_list":["post-3343","page","type-page","status-publish","hentry"],"yoast_head":"<!-- This site is optimized with the Yoast SEO plugin v27.3 - https:\/\/yoast.com\/product\/yoast-seo-wordpress\/ -->\n<title>Betway Casino Francais - 1000$ en Bonus de Bienvenue<\/title>\n<meta name=\"description\" content=\"Betway - jeux d&#039;argent casino. 1800$ en bonus | 200$ sur les paris sportifs. Lisez notre avis complet sur le casino en ligne.\" \/>\n<meta name=\"robots\" content=\"index, follow, max-snippet:-1, max-image-preview:large, max-video-preview:-1\" \/>\n<link rel=\"canonical\" href=\"https:\/\/www.bonus.ca\/fr\/betway\" \/>\n<meta property=\"og:type\" content=\"article\" \/>\n<meta property=\"og:title\" content=\"Betway Casino Francais - 1000$ en Bonus de Bienvenue\" \/>\n<meta property=\"og:description\" content=\"Betway - jeux d&#039;argent casino. 1800$ en bonus | 200$ sur les paris sportifs. Lisez notre avis complet sur le casino en ligne.\" \/>\n<meta property=\"og:url\" content=\"https:\/\/www.bonus.ca\/fr\/betway\" \/>\n<meta property=\"article:modified_time\" content=\"2026-04-02T12:30:15+00:00\" \/>\n<meta property=\"og:image\" content=\"https:\/\/mediafr.bonus.ca\/images\/Betway-bonus.png\" \/>\n\t<meta property=\"og:image:width\" content=\"1536\" \/>\n\t<meta property=\"og:image:height\" content=\"920\" \/>\n\t<meta property=\"og:image:type\" content=\"image\/png\" \/>\n<meta name=\"twitter:card\" content=\"summary_large_image\" \/>\n<meta name=\"twitter:label1\" content=\"Est. reading time\" \/>\n\t<meta name=\"twitter:data1\" content=\"9 minutes\" \/>\n<!-- \/ Yoast SEO plugin. -->","yoast_head_json":{"title":"Betway Casino Francais - 1000$ en Bonus de Bienvenue","description":"Betway - jeux d'argent casino. 1800$ en bonus | 200$ sur les paris sportifs. Lisez notre avis complet sur le casino en ligne.","robots":{"index":"index","follow":"follow","max-snippet":"max-snippet:-1","max-image-preview":"max-image-preview:large","max-video-preview":"max-video-preview:-1"},"canonical":"https:\/\/www.bonus.ca\/fr\/betway","og_type":"article","og_title":"Betway Casino Francais - 1000$ en Bonus de Bienvenue","og_description":"Betway - jeux d'argent casino. 1800$ en bonus | 200$ sur les paris sportifs. Lisez notre avis complet sur le casino en ligne.","og_url":"https:\/\/www.bonus.ca\/fr\/betway","article_modified_time":"2026-04-02T12:30:15+00:00","og_image":[{"width":1536,"height":920,"url":"https:\/\/mediafr.bonus.ca\/images\/Betway-bonus.png","type":"image\/png"}],"twitter_card":"summary_large_image","twitter_misc":{"Est. reading time":"9 minutes"},"schema":{"@context":"https:\/\/schema.org","@graph":[{"@type":"WebPage","@id":"https:\/\/www.bonus.ca\/fr\/betway","url":"https:\/\/www.bonus.ca\/fr\/betway","name":"Betway Casino Francais - 1000$ en Bonus de Bienvenue","isPartOf":{"@id":"https:\/\/www.bonus.ca\/fr\/#website"},"primaryImageOfPage":{"@id":"https:\/\/www.bonus.ca\/fr\/betway#primaryimage"},"image":{"@id":"https:\/\/www.bonus.ca\/fr\/betway#primaryimage"},"thumbnailUrl":"https:\/\/mediafr.bonus.ca\/images\/Betway-bonus.png","datePublished":"2016-12-14T15:00:23+00:00","dateModified":"2026-04-02T12:30:15+00:00","description":"Betway - jeux d'argent casino. 1800$ en bonus | 200$ sur les paris sportifs. Lisez notre avis complet sur le casino en ligne.","breadcrumb":{"@id":"https:\/\/www.bonus.ca\/fr\/betway#breadcrumb"},"inLanguage":"en-US","potentialAction":[{"@type":"ReadAction","target":["https:\/\/www.bonus.ca\/fr\/betway"]}]},{"@type":"ImageObject","inLanguage":"en-US","@id":"https:\/\/www.bonus.ca\/fr\/betway#primaryimage","url":"https:\/\/mediafr.bonus.ca\/images\/Betway-bonus.png","contentUrl":"https:\/\/mediafr.bonus.ca\/images\/Betway-bonus.png"},{"@type":"BreadcrumbList","@id":"https:\/\/www.bonus.ca\/fr\/betway#breadcrumb","itemListElement":[{"@type":"ListItem","position":1,"name":"Home","item":"https:\/\/www.bonus.ca\/fr\/"},{"@type":"ListItem","position":2,"name":"Betway Casino"}]},{"@type":"WebSite","@id":"https:\/\/www.bonus.ca\/fr\/#website","url":"https:\/\/www.bonus.ca\/fr\/","name":"BonusFinder Canada (Fran\u00e7ais)","description":"La source de bonus n\u00b0 1 au Canada","potentialAction":[{"@type":"SearchAction","target":{"@type":"EntryPoint","urlTemplate":"https:\/\/www.bonus.ca\/fr\/?s={search_term_string}"},"query-input":{"@type":"PropertyValueSpecification","valueRequired":true,"valueName":"search_term_string"}}],"inLanguage":"en-US"}]}},"_links":{"self":[{"href":"https:\/\/www.bonus.ca\/fr\/wp-json\/wp\/v2\/pages\/3343","targetHints":{"allow":["GET"]}}],"collection":[{"href":"https:\/\/www.bonus.ca\/fr\/wp-json\/wp\/v2\/pages"}],"about":[{"href":"https:\/\/www.bonus.ca\/fr\/wp-json\/wp\/v2\/types\/page"}],"author":[{"embeddable":true,"href":"https:\/\/www.bonus.ca\/fr\/wp-json\/wp\/v2\/users\/67"}],"replies":[{"embeddable":true,"href":"https:\/\/www.bonus.ca\/fr\/wp-json\/wp\/v2\/comments?post=3343"}],"version-history":[{"count":15,"href":"https:\/\/www.bonus.ca\/fr\/wp-json\/wp\/v2\/pages\/3343\/revisions"}],"predecessor-version":[{"id":26445,"href":"https:\/\/www.bonus.ca\/fr\/wp-json\/wp\/v2\/pages\/3343\/revisions\/26445"}],"wp:attachment":[{"href":"https:\/\/www.bonus.ca\/fr\/wp-json\/wp\/v2\/media?parent=3343"}],"curies":[{"name":"wp","href":"https:\/\/api.w.org\/{rel}","templated":true}]}}