{"id":3425,"date":"2017-01-08T16:44:26","date_gmt":"2017-01-08T16:44:26","guid":{"rendered":"https:\/\/www.bonus.ca\/fr\/?post_type=bookmakers&#038;p=3425"},"modified":"2026-04-02T12:31:38","modified_gmt":"2026-04-02T12:31:38","slug":"party-casino","status":"publish","type":"page","link":"https:\/\/www.bonus.ca\/fr\/party-casino","title":{"rendered":"Party Casino"},"content":{"rendered":"<h2>Party Casino Canada<\/h2>\n<p><strong>Party Casino<\/strong> en ligne est l&#8217;un des <a href=\"https:\/\/www.bonus.ca\/fr\/\">meilleurs casinos en ligne au Canada<\/a>. D\u00e9tenue par la plus grande soci\u00e9t\u00e9 de jeux en ligne au monde <a href=\"https:\/\/www.gvc-plc.com\" target=\"_blank\" rel=\"noopener noreferrer\">GVC Holdings PLC<\/a> (r\u00e9pertori\u00e9e dans le London Stock Casino), Party Casino est un nom bien \u00e9tabli dans l&#8217;industrie du jeu en ligne.<\/p>\n<p>[table_start]<br \/>\n[table_row column-1=&#8217;<strong>Note du casino<\/strong>&#8216; column-2=&#8217;5\/5&#8242;]<br \/>\n[table_row column-1=&#8217;<strong>Bonus de bienvenue<\/strong>&#8216; column-2=&#8217;2000$&#8217;]<br \/>\n[table_row column-1=&#8217;<strong>Tours gratuits <\/strong>&#8216; column-2=&#8217;275&#8242;]<br \/>\n[table_row column-1=&#8217;<strong>Conditions de mise<\/strong>&#8216; column-2=&#8217;20x&#8217;]<br \/>\n[table_row column-1=&#8217;<strong>D\u00e9p\u00f4t minimum<\/strong>&#8216; column-2=&#8217;10$&#8217;]<br \/>\n[table_row column-1=&#8217;<strong>Casino mobile<\/strong>&#8216; column-2=&#8217;Oui&#8217;]<br \/>\n[table_row column-1=&#8217;<strong>Nombre de jeux<\/strong>&#8216; column-2=&#8217;1100&#8217;]<br \/>\n[table_end]<\/p>\n<p>Party Casino se d\u00e9marque bien de ses comp\u00e9titeurs gr\u00e2ce \u00e0 sa taille et ces jeux uniques. En effet, certains jeux PartyCasino ne sont disponibles que sur ce site et dans aucun autre casino en ligne.<\/p>\n<h3>Casino en ligne pour les joueurs canadiens<\/h3>\n<p>Party Casino est en ligne au Canada depuis 2006. En raison de son historique, vous avez acc\u00e8s \u00e0 des m\u00e9thodes bancaires canadiennes faciles \u00e0 utiliser (\u00e0 la fois pour le d\u00e9p\u00f4t et le retrait), aux machines \u00e0 sous canadiennes les plus populaires et \u00e0 un service \u00e0 la client\u00e8le disponible 24 heures sur 24 et 7 jours sur 7.<\/p>\n<p>Le site de Party Casino est \u00e9galement disponible en Fran\u00e7ais, ce qui devrait rendre l&#8217;exp\u00e9rience de jeu plus facile pour les joueurs du Qu\u00e9bec.<\/p>\n<h3>Party Casino fran\u00e7ais<\/h3>\n<p>Les joueurs du Qu\u00e9bec peuvent jouer au Party Casino en fran\u00e7ais. Cela rend l&#8217;exp\u00e9rience de jeu plus agr\u00e9able et facile. En effet, vous serez aussi en mesure de mieux comprendre les termes et conditions des bonus offerts.<\/p>\n<h2>Bonus Party Casino Canada 2026<\/h2>\n<p>Party Casino vous offre jusqu&#8217;\u00e0 2000$ en casino bonus lors de vos quatre premiers d\u00e9p\u00f4ts. Il s&#8217;agit d&#8217;un bon bonus dans l&#8217;un des casinos les plus populaires aupr\u00e8s des joueurs du Canada.<\/p>\n<p>Voici les d\u00e9tails du bonus Party Casino :<\/p>\n<p>[table_start]<br \/>\n[table_head column-1=&#8217;<strong>Bonus Party Casino<\/strong>&#8216; column-2=&#8217;<strong>Termes &#038; conditions<\/strong>&#8216;]<br \/>\n[table_row column-1=&#8221;<strong>Bonus d&#8217;inscription<\/strong>&#8221; column-2=&#8217;2000$&#8217;]<br \/>\n[table_row column-1=&#8217;<strong>Code bonus Party Casino<\/strong>&#8216; column-2=&#8217;Non requis&#8217;]<br \/>\n[table_row column-1=&#8217;<strong>Conditions de mise<\/strong>&#8216; column-2=&#8217;35x&#8217;]<br \/>\n[table_row column-1=&#8217;<strong>D\u00e9p\u00f4t minimum<\/strong>&#8216; column-2=&#8217;10$&#8217;]<br \/>\n[table_end]<\/p>\n<div id=\"attachment_24951\" style=\"width: 1546px\" class=\"wp-caption alignnone\"><img loading=\"lazy\" decoding=\"async\" aria-describedby=\"caption-attachment-24951\" src=\"https:\/\/mediafr.bonus.ca\/images\/Party-casino-bonus.png\" alt=\"Bonus de bienvenue Party Casino\" width=\"1536\" height=\"920\" class=\"size-full wp-image-24951\" srcset=\"https:\/\/mediafr.bonus.ca\/images\/Party-casino-bonus.png 1536w, https:\/\/mediafr.bonus.ca\/images\/Party-casino-bonus-300x180.png 300w, https:\/\/mediafr.bonus.ca\/images\/Party-casino-bonus-1024x613.png 1024w, https:\/\/mediafr.bonus.ca\/images\/Party-casino-bonus-1048x628.png 1048w\" sizes=\"auto, (max-width: 1536px) 100vw, 1536px\" \/><p id=\"caption-attachment-24951\" class=\"wp-caption-text\">Voici le nouveau bonus de bienvenue offert chez Party Casino.<\/p><\/div>\n<h3>Code bonus Party Casino<\/h3>\n<p>Assurez-vous de cliquer sur le bouton &#8220;obtenez ce bonus&#8221; pour r\u00e9clamer cette offre fantastique. Le lien vous dirigera vers l&#8217;offre dont nous vous parlons aujourd&#8217;hui.<\/p>\n<h3>Party Casino bonus sans d\u00e9p\u00f4t<\/h3>\n<p>En ce moment, Party Casino n&#8217;offre pas de bonus sans d\u00e9p\u00f4t. Toutefois, si la situation change dans le futur, nous mettrons \u00e0 jour cette page. <\/p>\n<p>D&#8217;ici l\u00e0, si vous \u00eates toujours \u00e0 la recherche de &#8220;no deposit bonus&#8221;, rendez vous sur notre page d\u00e9di\u00e9e aux <a href=\"https:\/\/www.bonus.ca\/fr\/casino-bonus\/sans-depot\">casino bonus sans d\u00e9p\u00f4t<\/a>.<\/p>\n<h3>Party Casino tours gratuits<\/h3>\n<p><strong>Party Casino offre 275 tours gratuits sur Big Bass Bonanza, Rainbow Lobster Pots Cash Drop, Pig Banker Three Little Piggies et Big Cash Bandit<\/strong><\/p>\n<div id=\"attachment_24950\" style=\"width: 1546px\" class=\"wp-caption alignnone\"><img loading=\"lazy\" decoding=\"async\" aria-describedby=\"caption-attachment-24950\" src=\"https:\/\/mediafr.bonus.ca\/images\/Party-casino-tours-gratuits.png\" alt=\"Tours gratuits offerts sur Party Casino\" width=\"1536\" height=\"920\" class=\"size-full wp-image-24950\" srcset=\"https:\/\/mediafr.bonus.ca\/images\/Party-casino-tours-gratuits.png 1536w, https:\/\/mediafr.bonus.ca\/images\/Party-casino-tours-gratuits-300x180.png 300w, https:\/\/mediafr.bonus.ca\/images\/Party-casino-tours-gratuits-1024x613.png 1024w, https:\/\/mediafr.bonus.ca\/images\/Party-casino-tours-gratuits-1048x628.png 1048w\" sizes=\"auto, (max-width: 1536px) 100vw, 1536px\" \/><p id=\"caption-attachment-24950\" class=\"wp-caption-text\">Party Casino offre 275 tours gratuits sur Big Bass Bonanza + Rainbow Lobster Pots Cash Drop + Pig Banker Three Little Piggies et Big Cash Bandit<\/p><\/div>\n<h2>Termes &#038; conditions<\/h2>\n<p>Pour commencer \u00e0 jouer \u00e0 Party Casino, vous recevrez un \u00e9norme bonus de bienvenue \u00e0 100% jusqu&#8217;\u00e0 2000$.<\/p>\n<p>Pour obtenir votre offre de bienvenue ainsi que vos tours gratuits, ouvrez un compte en utilisant le bouton &#8220;<strong>OBTENEZ CE BONUS<\/strong>&#8220;.<\/p>\n<p>Le montant minimum de d\u00e9p\u00f4t pour r\u00e9clamer le bonus est de 10$. Une fois que vous montez au niveau sup\u00e9rieur chez Party Casino, il est possible de retirer un maximum de 20 000$ par mois en tant que joueur r\u00e9gulier et 150 000$ en tant que joueur VIP. <\/p>\n<p>Ces limites sont parmi les plus \u00e9lev\u00e9es de l&#8217;industrie des casinos en ligne.<\/p>\n<h3>Conditions de mise<\/h3>\n<p>Bien que certains formats de vid\u00e9o poker soient list\u00e9s comme des jeux exclus, toutes les autres variantes contribuent \u00e0 <strong>20% sur les conditions de mise<\/strong>. <\/p>\n<p>Le m\u00eame taux s&#8217;applique \u00e0 la roulette, aux jeux de table et aux jeux de casino en direct. <\/p>\n<p>Le Blackjack n&#8217;est pas le meilleur jeu pour miser votre bonus car il ne contribue que pour 10% aux mises requises.<\/p>\n<p>Toutes les machines \u00e0 sous en ligne et les autres <strong>jeux de casino comptent \u00e0 100%<\/strong>.<\/p>\n<h2>R\u00e9compenses &#038; programme de fid\u00e9lit\u00e9<\/h2>\n<p>En plus du bonus de bienvenue, vous pouvez gagner de l&#8217;argent suppl\u00e9mentaire en argent r\u00e9el avec PartyCasino en tant que joueur. <\/p>\n<p>Vous le ferez par le biais de diverses promotions saisonni\u00e8res, telles que le remboursement hebdomadaire et deux promotions sp\u00e9ciales.<\/p>\n<p>Les promotions sp\u00e9ciales sont The Voyage and Luck of The Draw et plus vous pariez d&#8217;argent, plus vous gagnez des points. <\/p>\n<p>Si vous parvenez \u00e0 vous taillez une place parmi les <strong>10 000 meilleurs joueurs<\/strong>, vous gagnerez un prix allant de 1 \u00e0 1 000$, comme suit:<\/p>\n<ul>\n<li>Captain: 1 = 1000$ en esp\u00e8ces <\/li>\n<li>Quartermaster: 2 = bonus de 500$ en argent<\/li>\n<li>First Mate: 3 = bonus de 250$ en argent<\/li>\n<li>Boatswain: 4 = bonus de 100$ en argent<\/li>\n<li>Carpenter: 5 = bonus de 50$ en argent<\/li>\n<li>Gunner: 6 \u00e0 10 = bonus de 25$ en argent<\/li>\n<li>Surgeon: 11 \u00e0 100 = 10$ de bonus en argent<\/li>\n<li>Pilot: 101 \u00e0 250 = bonus de 6$ en argent<\/li>\n<li>Sailor: 251 \u00e0 1000 = 4$ de bonus en argent<\/li>\n<li>Cabin Boy: 1 001 \u00e0 4 000 = bonus de 2$ en argent<\/li>\n<li>Ship&#8217;s Cat: 4 001 \u00e0 10 000 = 1$ de bonus en argent<\/li>\n<\/ul>\n<p>Vous pouvez gagner un seul prix pendant une p\u00e9riode promotionnelle. Tous les prix sont attribu\u00e9s sous forme de cr\u00e9dits bonus que vous devez utiliser selon les m\u00eames r\u00e8gles que le bonus de d\u00e9p\u00f4t.<\/p>\n<h3>VIP<\/h3>\n<p>Une autre fa\u00e7on de gagner de l&#8217;argent en bonus gratuit est le tirage au sort VIP mensuel. Cette promotion, qui a lieu le 20 de chaque mois, vous permet de gagner un <strong>prix al\u00e9atoire pouvant atteindre 3 000$<\/strong>.<\/p>\n<p>Pour r\u00e9clamer cette offre, vous devez \u00eatre membre VIP Party Casino (un joueur de haut niveau). Vous devez \u00e9galement effectuer un d\u00e9p\u00f4t d&#8217;au moins 100$ entre 00h01 HEC le 15 de chaque mois et 23h59 le 14 du mois suivant.<\/p>\n<p>En compl\u00e9tant ces \u00e9tapes avant d&#8217;obtenir 100 points, vous recevrez un billet de tombola qui pourrait vous m\u00e9riter un prix pouvant atteindre 3000$.<\/p>\n<h2>Jeux de casino<\/h2>\n<p>Le casino en ligne Party Casino offre une grande vari\u00e9t\u00e9 de jeux de casino en ligne. Vous y trouverez un bon nombre de <strong>machine \u00e0 sous classiques et populaires<\/strong>, ainsi que des jeux de table.<\/p>\n<p>Il y a \u00e9galement un casino en direct de qualit\u00e9 disponbile sur leur site.<\/p>\n<h3>Machines \u00e0 sous<\/h3>\n<p>Vous trouverez une s\u00e9lection de jeux classiques ainsi que plusieurs nouveaut\u00e9s dans la section des machines \u00e0 sous en ligne. <\/p>\n<p>Voici quelques jeux pr\u00e9f\u00e9r\u00e9s des joueurs du Canada et du Qu\u00e9bec :<\/p>\n<ul>\n<li>Return of Kong<\/li>\n<li>Narcos<\/li>\n<li>Melon Madness<\/li>\n<li>Starburst<\/li>\n<li>Book of Dead<\/li>\n<\/ul>\n<h3>Party Casino live<\/h3>\n<p>Vous trouverez des jeux de casino en direct chez Party Casino. Vous pourrez essayer plusieurs version de blackjack, de baccara ainsi qu&#8217;un bon nombre de variations de roulettes. Vous verrez \u00e9galement des classiques tels que Monopoly LIVE. <\/p>\n<p>Cependant, certains jeux classiques ne s&#8217;y retrouvent pas. Vous ne pourrez pas trouver de Keno et de Craps.<\/p>\n<h2>Options bancaires<\/h2>\n<p>Party Casino accepte les dollars canadiens alors les joueurs du Canada peuvent facilement passer \u00e0 l&#8217;action. <\/p>\n<p>Utilisez l&#8217;une des m\u00e9thodes de d\u00e9p\u00f4t suivantes pour d\u00e9poser des dollars canadiens sur Party Casino. <\/p>\n<p>Tous les d\u00e9p\u00f4ts sont instantan\u00e9s. Il n&#8217;y a pas d&#8217;attente, les joueurs penvent donc commencer \u00e0 jouer d\u00e8s qu&#8217;ils cliquent sur OK \u00e0 la caisse.<\/p>\n<p>[table_start]<br \/>\n[table_head column-1=&#8217;<strong>M\u00e9thodes bancaires<\/strong>&#8216; column-2=&#8217;<strong>Pris en charge<\/strong>&#8216;]<br \/>\n[table_row column-1=&#8217;<strong>Interac<\/strong>&#8216; column-2=&#8217;Oui&#8217;]<br \/>\n[table_row column-1=&#8217;<strong>iDebit<\/strong>&#8216; column-2=&#8217;Oui&#8217;]<br \/>\n[table_row column-1=&#8217;<strong>Visa\/Mastercard<\/strong>&#8216; column-2=&#8217;Oui&#8217;]<br \/>\n[table_row column-1=&#8217;<strong>eCheck<\/strong>&#8216; column-2=&#8217;Oui&#8217;]<br \/>\n[table_row column-1=&#8217;<strong>Instant Banking<\/strong>&#8216; column-2=&#8217;Oui&#8217;]<br \/>\n[table_row column-1=&#8217;<strong>Instadebit<\/strong>&#8216; column-2=&#8217;Oui&#8217;]<br \/>\n[table_row column-1=&#8217;<strong>Ecopayz<\/strong>&#8216; column-2=&#8217;Oui&#8217;]<br \/>\n[table_row column-1=&#8217;<strong>Paysafecard<\/strong>&#8216; column-2=&#8217;Oui&#8217;]<br \/>\n[table_row column-1=&#8217;<strong>Paypal<\/strong>&#8216; column-2=&#8217;Non&#8217;]<br \/>\n[table_end]<\/p>\n<h3>Retirer vos fonds<\/h3>\n<p>Ces m\u00e9thodes bancaires sont \u00e9galement disponibles pour retirer vos fonds, ce qui est plut\u00f4t bien ! <\/p>\n<p>Toutefois, bien que plusieurs m\u00e9thodes de d\u00e9p\u00f4t soient disponibles, tel que MasterCard, elles ne vous permettent pas de les retirer.<\/p>\n<p>Donc, si vous recherchez la strat\u00e9gie bancaire la plus efficace possible, il est pr\u00e9f\u00e9rable d&#8217;utiliser l&#8217;une des options ci-dessus qui sont valables pour les d\u00e9p\u00f4ts ainsi que les retraits.<\/p>\n<h3>Limites de d\u00e9p\u00f4t <\/h3>\n<p>Les limites \u00e9lev\u00e9es de d\u00e9p\u00f4t et de paiement montrent que Party Casino est une entreprise avec une \u00e9norme quantit\u00e9 de liquidit\u00e9s. <\/p>\n<p>Celles-ci se manifestent \u00e9galement avec leurs bonus g\u00e9n\u00e9reux.<\/p>\n<h2>Party Casino mobile<\/h2>\n<p>Le site de Party Casino est \u00e9galement disponible en <a href=\"https:\/\/www.bonus.ca\/fr\/casino-en-ligne\/mobile\">version casino mobile<\/a>. <\/p>\n<p>De nos jours, la plupart des casinos en ligne offre d&#8217;excellentes exp\u00e9riences de jeu sur mobile ou sur tablette. Cela vous permet donc de jouer en tout temps peu importe votre appareil. <\/p>\n<p>Les jeux sont acc\u00e9ssibles sans t\u00e9l\u00e9chargement et vous y trouverez une biblioth\u00e8que de jeux en ligne un peu plus limit\u00e9e. <\/p>\n<p>Toutefois, vous trouverez vos jeux pr\u00e9f\u00e9r\u00e9s comme les machines \u00e0 sous, les machines \u00e0 gros lots progresssifs et les jeux classiques comme la roulette et le blackjack en direct.<\/p>\n<h2>Party Casino avis<\/h2>\n<p>Recevez 2000$ en bonus casino. Il est facile de recommander un casino quand il a un bonus de bienvenue aussi g\u00e9nial. Le grand nombre de tours gratuits compl\u00e8te parfaitement le bonus initial en dollars canadiens.<\/p>\n<p>PartyCasino est un casino en ligne s\u00e9curitaire et fiable qui offre d&#8217;excellents jeux. Ajoutez \u00e0 \u00e7a une prime de bienvenue all\u00e9chante avec une offre de tours gratuits.<\/p>\n<p>Vous serez r\u00e9compens\u00e9 m\u00eame au-del\u00e0 du forfait de bienvenue avec les r\u00e9compenses VIP mensuelles. <\/p>\n<p>Si vous jouez \u00e0 Party Casino, essayez d&#8217;obtenir le statut de joueur VIP. De cette fa\u00e7on, vous profiterez des courses et des recharges VIP qui vous permettront de gagner plus d&#8217;argent.<\/p>\n<h3>Verdict d\u00e9finitif<\/h3>\n<p>[table_start]<br \/>\n[table_row column-1=&#8217;<strong>Machines \u00e0 sous<\/strong>&#8216; column-2=&#8217;4\/5&#8242;]<br \/>\n[table_row column-1=&#8217;<strong>Casino en direct<\/strong>&#8216; column-2=&#8217;4\\5&#8242;]<br \/>\n[table_row column-1=&#8217;<strong>Design du site<\/strong>&#8216; column-2=&#8217;4\/5&#8242;]<br \/>\n[table_row column-1=&#8217;<strong>Options de paiement<\/strong>&#8216; column-2=&#8217;4\/5&#8242;]<br \/>\n[table_row column-1=&#8217;<strong>Service client<\/strong>&#8216; column-2=&#8217;4\/5&#8217;]<br \/>\n[table_end]<\/p>\n","protected":false},"excerpt":{"rendered":"<p>Party Casino Canada Party Casino en ligne est l&#8217;un des meilleurs casinos en ligne au Canada. D\u00e9tenue par la plus grande soci\u00e9t\u00e9 de jeux en ligne au monde GVC Holdings PLC (r\u00e9pertori\u00e9e dans le London Stock Casino), Party Casino est un nom bien \u00e9tabli dans l&#8217;industrie du jeu en ligne. [table_start] [table_row column-1=&#8217;Note du casino&#8216; [&hellip;]<\/p>\n","protected":false},"author":123,"featured_media":0,"parent":0,"menu_order":0,"comment_status":"closed","ping_status":"closed","template":"","meta":{"inline_featured_image":false,"_glsr_average":0,"_glsr_ranking":0,"_glsr_reviews":0,"footnotes":""},"class_list":["post-3425","page","type-page","status-publish","hentry"],"yoast_head":"<!-- This site is optimized with the Yoast SEO plugin v27.3 - https:\/\/yoast.com\/product\/yoast-seo-wordpress\/ -->\n<title>Party Casino Fran\u00e7ais | 2000$ en Bonus + 275 Tours Gratuits<\/title>\n<meta name=\"description\" content=\"Party Casino en ligne est populaire au Qu\u00e9bec et au Canada | 2000\u2009$ en bonus + 275 tours gratuits | Lisez notre avis complet.\" \/>\n<meta name=\"robots\" content=\"index, follow, max-snippet:-1, max-image-preview:large, max-video-preview:-1\" \/>\n<link rel=\"canonical\" href=\"https:\/\/www.bonus.ca\/fr\/party-casino\" \/>\n<meta property=\"og:type\" content=\"article\" \/>\n<meta property=\"og:title\" content=\"Party Casino Fran\u00e7ais | 2000$ en Bonus + 275 Tours Gratuits\" \/>\n<meta property=\"og:description\" content=\"Party Casino en ligne est populaire au Qu\u00e9bec et au Canada | 2000\u2009$ en bonus + 275 tours gratuits | Lisez notre avis complet.\" \/>\n<meta property=\"og:url\" content=\"https:\/\/www.bonus.ca\/fr\/party-casino\" \/>\n<meta property=\"article:modified_time\" content=\"2026-04-02T12:31:38+00:00\" \/>\n<meta property=\"og:image\" content=\"https:\/\/mediafr.bonus.ca\/images\/Party-casino-bonus.png\" \/>\n\t<meta property=\"og:image:width\" content=\"1536\" \/>\n\t<meta property=\"og:image:height\" content=\"920\" \/>\n\t<meta property=\"og:image:type\" content=\"image\/png\" \/>\n<meta name=\"twitter:card\" content=\"summary_large_image\" \/>\n<meta name=\"twitter:label1\" content=\"Est. reading time\" \/>\n\t<meta name=\"twitter:data1\" content=\"8 minutes\" \/>\n<!-- \/ Yoast SEO plugin. -->","yoast_head_json":{"title":"Party Casino Fran\u00e7ais | 2000$ en Bonus + 275 Tours Gratuits","description":"Party Casino en ligne est populaire au Qu\u00e9bec et au Canada | 2000\u2009$ en bonus + 275 tours gratuits | Lisez notre avis complet.","robots":{"index":"index","follow":"follow","max-snippet":"max-snippet:-1","max-image-preview":"max-image-preview:large","max-video-preview":"max-video-preview:-1"},"canonical":"https:\/\/www.bonus.ca\/fr\/party-casino","og_type":"article","og_title":"Party Casino Fran\u00e7ais | 2000$ en Bonus + 275 Tours Gratuits","og_description":"Party Casino en ligne est populaire au Qu\u00e9bec et au Canada | 2000\u2009$ en bonus + 275 tours gratuits | Lisez notre avis complet.","og_url":"https:\/\/www.bonus.ca\/fr\/party-casino","article_modified_time":"2026-04-02T12:31:38+00:00","og_image":[{"width":1536,"height":920,"url":"https:\/\/mediafr.bonus.ca\/images\/Party-casino-bonus.png","type":"image\/png"}],"twitter_card":"summary_large_image","twitter_misc":{"Est. reading time":"8 minutes"},"schema":{"@context":"https:\/\/schema.org","@graph":[{"@type":"WebPage","@id":"https:\/\/www.bonus.ca\/fr\/party-casino","url":"https:\/\/www.bonus.ca\/fr\/party-casino","name":"Party Casino Fran\u00e7ais | 2000$ en Bonus + 275 Tours Gratuits","isPartOf":{"@id":"https:\/\/www.bonus.ca\/fr\/#website"},"primaryImageOfPage":{"@id":"https:\/\/www.bonus.ca\/fr\/party-casino#primaryimage"},"image":{"@id":"https:\/\/www.bonus.ca\/fr\/party-casino#primaryimage"},"thumbnailUrl":"https:\/\/mediafr.bonus.ca\/images\/Party-casino-bonus.png","datePublished":"2017-01-08T16:44:26+00:00","dateModified":"2026-04-02T12:31:38+00:00","description":"Party Casino en ligne est populaire au Qu\u00e9bec et au Canada | 2000\u2009$ en bonus + 275 tours gratuits | Lisez notre avis complet.","breadcrumb":{"@id":"https:\/\/www.bonus.ca\/fr\/party-casino#breadcrumb"},"inLanguage":"en-US","potentialAction":[{"@type":"ReadAction","target":["https:\/\/www.bonus.ca\/fr\/party-casino"]}]},{"@type":"ImageObject","inLanguage":"en-US","@id":"https:\/\/www.bonus.ca\/fr\/party-casino#primaryimage","url":"https:\/\/mediafr.bonus.ca\/images\/Party-casino-bonus.png","contentUrl":"https:\/\/mediafr.bonus.ca\/images\/Party-casino-bonus.png"},{"@type":"BreadcrumbList","@id":"https:\/\/www.bonus.ca\/fr\/party-casino#breadcrumb","itemListElement":[{"@type":"ListItem","position":1,"name":"Home","item":"https:\/\/www.bonus.ca\/fr\/"},{"@type":"ListItem","position":2,"name":"Party Casino"}]},{"@type":"WebSite","@id":"https:\/\/www.bonus.ca\/fr\/#website","url":"https:\/\/www.bonus.ca\/fr\/","name":"BonusFinder Canada (Fran\u00e7ais)","description":"La source de bonus n\u00b0 1 au Canada","potentialAction":[{"@type":"SearchAction","target":{"@type":"EntryPoint","urlTemplate":"https:\/\/www.bonus.ca\/fr\/?s={search_term_string}"},"query-input":{"@type":"PropertyValueSpecification","valueRequired":true,"valueName":"search_term_string"}}],"inLanguage":"en-US"}]}},"_links":{"self":[{"href":"https:\/\/www.bonus.ca\/fr\/wp-json\/wp\/v2\/pages\/3425","targetHints":{"allow":["GET"]}}],"collection":[{"href":"https:\/\/www.bonus.ca\/fr\/wp-json\/wp\/v2\/pages"}],"about":[{"href":"https:\/\/www.bonus.ca\/fr\/wp-json\/wp\/v2\/types\/page"}],"author":[{"embeddable":true,"href":"https:\/\/www.bonus.ca\/fr\/wp-json\/wp\/v2\/users\/123"}],"replies":[{"embeddable":true,"href":"https:\/\/www.bonus.ca\/fr\/wp-json\/wp\/v2\/comments?post=3425"}],"version-history":[{"count":14,"href":"https:\/\/www.bonus.ca\/fr\/wp-json\/wp\/v2\/pages\/3425\/revisions"}],"predecessor-version":[{"id":26448,"href":"https:\/\/www.bonus.ca\/fr\/wp-json\/wp\/v2\/pages\/3425\/revisions\/26448"}],"wp:attachment":[{"href":"https:\/\/www.bonus.ca\/fr\/wp-json\/wp\/v2\/media?parent=3425"}],"curies":[{"name":"wp","href":"https:\/\/api.w.org\/{rel}","templated":true}]}}