{"id":3457,"date":"2017-01-22T12:58:07","date_gmt":"2017-01-22T12:58:07","guid":{"rendered":"https:\/\/www.bonus.ca\/fr\/?post_type=bookmakers&#038;p=3457"},"modified":"2026-04-02T12:45:52","modified_gmt":"2026-04-02T12:45:52","slug":"royal-vegas","status":"publish","type":"page","link":"https:\/\/www.bonus.ca\/fr\/royal-vegas","title":{"rendered":"Royal Vegas"},"content":{"rendered":"<h2>Royal Vegas Casino en Ligne<\/h2>\n<p><strong>Royal Vegas Casino<\/strong> est l&#8217;un des casinos en ligne canadiens les plus populaires de ces derni\u00e8res ann\u00e9es. <\/p>\n<p>Il s&#8217;agit d&#8217;une propri\u00e9t\u00e9 de Fortune Lounge, qui est dans l&#8217;industrie depuis 1996. <\/p>\n<p>\u00c9tant un <a href=\"https:\/\/www.bonus.ca\/fr\/casino-bonus\/depot-minimum\">casino 1$<\/a>, le Casino Royal Vegas est au top avec les meilleurs casinos pour les joueurs canadiens. \u00c0 ses c\u00f4t\u00e9s, nous y retrouvons Casino Classic et Jackpot City.<\/p>\n<p>Royal Vegas Casino en ligne est propuls\u00e9 par le logiciel Microgaming. Vous y trouverez plus de 600 jeux de casinos en ligne. <\/p>\n<p>[table_start]<br \/>\n[table_row column-1=&#8217;<strong>Nom du Site<\/strong>&#8216; column-2=&#8217;Royal Vegas Casino&#8217;]<br \/>\n[table_row column-1=&#8217;<strong>Bonus de Bienvenue<\/strong>&#8216; column-2=&#8217;30 tours gratuits pour 1$ + 1200$ + 210 tours gratuits pour 5$&#8217;]<br \/>\n[table_row column-1=&#8221;<strong>Ann\u00e9es de cr\u00e9ation<\/strong>&#8221; column-2=&#8217;2000&#8242;]<br \/>\n[table_row column-1=&#8217;<strong>Fournisseurs de logiciels<\/strong>&#8216; column-2=&#8217;Microgaming&#8217;]<br \/>\n[table_row column-1=&#8217;<strong>D\u00e9p\u00f4t minimum<\/strong>&#8216; column-2=&#8217;1$&#8217;]<br \/>\n[table_row column-1=&#8217;<strong>Rapidit\u00e9 de paiement<\/strong>&#8216; column-2=&#8217;3 jours&#8217;]<br \/>\n[table_row column-1=&#8217;<strong>Casino mobile<\/strong>&#8216; column-2=&#8217;Oui (Android, iOS, Windows)&#8217;]<br \/>\n[table_row column-1=&#8217;<strong>Nombre de jeux<\/strong>&#8216; column-2=&#8217;700&#8217;]<br \/>\n[table_end]<\/p>\n<div id=\"attachment_16743\" style=\"width: 1546px\" class=\"wp-caption alignnone\"><img loading=\"lazy\" decoding=\"async\" aria-describedby=\"caption-attachment-16743\" src=\"https:\/\/mediafr.bonus.ca\/images\/Logo-Royal-Vegas.png\" alt=\"Logo Royal Vegas CAsino\" width=\"1536\" height=\"920\" class=\"size-full wp-image-16743\" srcset=\"https:\/\/mediafr.bonus.ca\/images\/Logo-Royal-Vegas.png 1536w, https:\/\/mediafr.bonus.ca\/images\/Logo-Royal-Vegas-300x180.png 300w, https:\/\/mediafr.bonus.ca\/images\/Logo-Royal-Vegas-1024x613.png 1024w, https:\/\/mediafr.bonus.ca\/images\/Logo-Royal-Vegas-1048x628.png 1048w, https:\/\/mediafr.bonus.ca\/images\/Logo-Royal-Vegas-90x54.png 90w\" sizes=\"auto, (max-width: 1536px) 100vw, 1536px\" \/><p id=\"caption-attachment-16743\" class=\"wp-caption-text\">Voici le nouveau bonus de bienvenue offert chez Royal Casino.<\/p><\/div>\n<h2>Royal Vegas Casino Bonus 2026<\/h2>\n<p>Le casino en ligne Royal Vegas vous offre un bonus de bienvenue \u00e9norme! Le bonus Royal Vegas est divis\u00e9 en 3 parties pour un total de 1200$ ainsi que 130 tours gratuits.<\/p>\n<p>Voici les d\u00e9tails du Royal Vegas Casino Bonus:<\/p>\n<p>[table_start]<br \/>\n[table_head column-1=&#8217;<strong>Bonus Royal Vegas<\/strong>&#8216; column-2=&#8217;<strong>Termes &#038; Conditions<\/strong>&#8216;]<br \/>\n[table_row column-1=&#8217;<strong>1er d\u00e9p\u00f4t<\/strong>&#8216; column-2=&#8217;30 tours gratuits sur Unusual Suspects! 1$&#8217;]<br \/>\n[table_row column-1=&#8217;<strong>2\u00e8me d\u00e9p\u00f4t<\/strong>&#8216; column-2=&#8217;210 tours gratuits sur Fortunium Gold Mega Moolah pour 5$&#8217;]<br \/>\n[table_row column-1=&#8217;<strong>3\u00e8me d\u00e9p\u00f4t<\/strong>&#8216; column-2=&#8221;Bonus \u00e0 100% jusqu&#8217;\u00e0 1200$&#8221;]<br \/>\n[table_row column-1=&#8217;<strong>Code Bonus Royal Vegas<\/strong>&#8216; column-2=&#8217;Non requis \u2013 Utilisez notre bouton&#8217;]<br \/>\n[table_end]<\/p>\n<div id=\"attachment_24974\" style=\"width: 1546px\" class=\"wp-caption alignnone\"><img loading=\"lazy\" decoding=\"async\" aria-describedby=\"caption-attachment-24974\" src=\"https:\/\/mediafr.bonus.ca\/images\/Royal-vegas-tours-gratuits.png\" alt=\"Royal Vegas 240 tours gratuits \" width=\"1536\" height=\"920\" class=\"size-full wp-image-24974\" srcset=\"https:\/\/mediafr.bonus.ca\/images\/Royal-vegas-tours-gratuits.png 1536w, https:\/\/mediafr.bonus.ca\/images\/Royal-vegas-tours-gratuits-300x180.png 300w, https:\/\/mediafr.bonus.ca\/images\/Royal-vegas-tours-gratuits-1024x613.png 1024w, https:\/\/mediafr.bonus.ca\/images\/Royal-vegas-tours-gratuits-1048x628.png 1048w\" sizes=\"auto, (max-width: 1536px) 100vw, 1536px\" \/><p id=\"caption-attachment-24974\" class=\"wp-caption-text\">Royal Vegas vous offre 30 tours gratuits pour 1\u2009$ seulement et 210 tours gratuits pour 5\u2009$ d\u00e9pos\u00e9.<\/p><\/div>\n<h3>Code bonus Royal Vegas<\/h3>\n<p>Bonne nouvelle! Vous n&#8217;avez pas besoin de code bonus Royal Vegas pour obtenir ce bonus. Vous n&#8217;avez qu&#8217;\u00e0 cliquer sur &#8220;obtenez ce bonus&#8221; pour r\u00e9clamer cette offre du Royal Casino.<\/p>\n<h3>Royal Vegas bonus sans s\u00e9p\u00f4t<\/h3>\n<p>Royal Vegas Casino n&#8217;offre pas de bonus sans d\u00e9p\u00f4t (no deposit bonus) en ce moment. Si la situation change, nous mettrons cette page \u00e0 jour. Cela dit, vous aurez des tours gratuits lors de votre premier d\u00e9p\u00f4t.<\/p>\n<p>Toujours \u00e0 la recherche de bonus sans d\u00e9p\u00f4t? Consultez notre page d\u00e9di\u00e9e aux <a href=\"https:\/\/www.bonus.ca\/fr\/casino-bonus\/sans-depot\">casino sans d\u00e9p\u00f4t<\/a>.<\/p>\n<h3>Royal Vegas 1$<\/h3>\n<p>En ce moment, Royal Vegas vous offre 30 tours gratuits pour 1$. D\u00e9posez 1$ lors de votre premier d\u00e9p\u00f4t pour obtenir 30 chances de gagner sur la machine \u00e0 sous Unusual Suspects!.<\/p>\n<h2>Termes &#038; onditions<\/h2>\n<p>Le Royal Vegas bonus casino est disponibles pendant 7 jours \u00e0 compter du jour de votre inscription. Chaque bonus est calcul\u00e9 \u00e0 partir de la taille de votre d\u00e9p\u00f4t initial.<\/p>\n<p>Vos bonus casino sont d&#8217;abord pay\u00e9s sur votre compte bonus. Une fois que vous remplissez les conditions requises, vos  bonus seront convertis en argent r\u00e9el en versements de 10$. <strong>L&#8217;exigence de mise est un roulement de 50 fois le montant du bonus.<\/strong> <\/p>\n<p>\u27a1\ufe0f Pour lib\u00e9rer chaque versement de 10$, vous devez miser 50 * 10$ = 500$.<\/p>\n<p>Certains jeux de casino en ligne contribuent pour moins que le montant total alors v\u00e9rifiez les conditions de mises.<\/p>\n<h3>Contributions des jeux aux conditions de mise<\/h3>\n<p>Vous trouverez des pourcentages similaires dans tous les casinos Microgaming. <\/p>\n<p>100% pour les machines \u00e0 sous et les jeux de gratteux en ligne sont \u00e0 pr\u00e9voir, quoique 20% pour le poker, ce qui est plus \u00e9lev\u00e9 que la plupart des concurrents.<\/p>\n<ul>\n<li><strong>100% Tous les jeux de Machines \u00e0 Sous*, jeux de Keno &#038; de gratteux<\/strong> (Scratch Card)<\/li>\n<li><strong>8% Tous les jeux de table<\/strong> de poker, roulette, blackjack et Casino War <\/li>\n<li><strong>2% Classic Blackjack<\/strong>, jeux de poker vid\u00e9o All Aces et All Jacks or Better<\/li>\n<li><strong>0% tous les jeux de Baccara, Craps, Red Dog et Sic Bo<\/strong><\/li>\n<\/ul>\n<h2>R\u00e9compenses &#038; programme de fid\u00e9lit\u00e9<\/h2>\n<p>Vous b\u00e9n\u00e9ficierez des avantages du programme de r\u00e9compenses qui incluent la conversion de points VIP en esp\u00e8ces. En plus des offres de bienvenue, vous recevrez \u00e9galement toutes les autres promotions de Royal Vegas. Le plus important d&#8217;entre eux est leur programme de r\u00e9compenses.<\/p>\n<p>D\u00e8s que vous effectuez votre premier d\u00e9p\u00f4t en argent r\u00e9el au Casino Royal Vegas, vous recevrez \u00e9galement des invitations \u00e0 leurs promotions hebdomadaires et mensuelles. <\/p>\n<p>Celles-ci vous donnent une chance de participer au tirage d&#8217;excellents prix, tels que des prix en argent gratuits, des vir\u00e9es shopping et m\u00eame des billets de croisi\u00e8re et des voitures de sport. <\/p>\n<h2>Jeux de casino<\/h2>\n<p>Le casino Royal Vegas en ligne vous offre une grande vari\u00e9t\u00e9 de jeux de casino en ligne. <\/p>\n<p>Voici un aper\u00e7u des jeux que vous y trouverez:<\/p>\n<ul>\n<li><strong>Machines \u00e0 sous classiques<\/strong><\/li>\n<li><strong>Machines \u00e0 sous vid\u00e9o <\/strong><\/li>\n<li><strong>Machines \u00e0 sous \u00e0 gros lot progressif <\/strong><\/li>\n<li><strong>Jeux de table, tels que le blackjack et la roulette <\/strong><\/li>\n<li><strong>Jeux de casino live<\/strong><\/li>\n<li><strong>Vid\u00e9o poker<\/strong> <\/li>\n<li><strong>Gratteux en ligne<\/strong><\/li>\n<\/ul>\n<h3>Machines \u00e0 sous<\/h3>\n<p>Comme c&#8217;est le cas pour tous les casinos en ligne propuls\u00e9s par Microgaming, RoyalVegasCasino poss\u00e8de \u00e9galement une excellente vari\u00e9t\u00e9 de jeux de casino. <\/p>\n<p>Vous trouverez un grand nombre de machines \u00e0 sous classiques \u00e0 3 rouleaux ou \u00e0 fruits ainsi que des machines \u00e0 sous vid\u00e9o modernes. <\/p>\n<p>Si vous aimez tenter votre chance dans les jeux \u00e0 gros lots et jackpots progressifs, vous aurez le luxe de choisir parmi les meilleurs titres tels que Mega Moolah, \u00e9galement connu sous le nom du &#8220;faiseur de millionnaires&#8221;.<\/p>\n<p><strong>Voici les jeux les plus populaires au Royal Vegas Casino en ligne :<\/strong><\/p>\n<ul>\n<li>Asgardian Stones<\/li>\n<li>Agent Jane Blonde<\/li>\n<li>Alaskan Fishing<\/li>\n<li>Adventure Palace<\/li>\n<li>Game of Thrones<\/li>\n<li>Gonzo&#8217;s Quest<\/li>\n<li>Jungle Jim El Dorado<\/li>\n<li>Jurassic Park<\/li>\n<li>Immortal Romance<\/li>\n<li>Mega Moolah<\/li>\n<li>Thunderstruck II<\/li>\n<\/ul>\n<h3>Machines \u00e0 sous classiques <\/h3>\n<p>Plongez dans la nostalgie avec les machines \u00e0 sous classiques de Royal Vegas. Ces jeux simplistes pr\u00e9sentent des symboles familiers tels que les fruits, les BAR et les 7, offrant une exp\u00e9rience r\u00e9tro de casino avec des m\u00e9canismes simples.<\/p>\n<h3>Machines \u00e0 sous vid\u00e9o <\/h3>\n<p>Les machines \u00e0 sous vid\u00e9o de Royal Vegas apportent une <strong>modernit\u00e9 visuelle<\/strong> et une vari\u00e9t\u00e9 de th\u00e8mes passionnants. Explorez des mondes virtuels avec des animations riches, des graphismes d\u00e9taill\u00e9s et des fonctionnalit\u00e9s innovantes, tout en cherchant \u00e0 remporter des combinaisons gagnantes.<\/p>\n<h3>Machines \u00e0 sous \u00e0 gros lot progressif <\/h3>\n<p>Pour les amateurs de sensations fortes, les machines \u00e0 sous \u00e0 gros lot progressif offrent la possibilit\u00e9 de gagner des jackpots massifs. Ces jeux sont reli\u00e9s \u00e0 un r\u00e9seau qui augmente le jackpot au fur et \u00e0 mesure que les joueurs misent, offrant ainsi la promesse de gains incroyables.<\/p>\n<h3>Jeux de table<\/h3>\n<p>Longez dans l&#8217;atmosph\u00e8re classique du casino avec des jeux de table comme le blackjack et la roulette. Mettez en \u0153uvre des strat\u00e9gies de jeu pour battre le croupier au blackjack, ou misez sur des num\u00e9ros et des combinaisons \u00e0 la roulette.<\/p>\n<h3>Vid\u00e9o poker <\/h3>\n<p>Les amateurs de poker trouveront leur bonheur avec le vid\u00e9o poker de Royal Vegas. Choisissez parmi diff\u00e9rentes variantes de poker, formez des mains gagnantes et tentez votre chance pour obtenir des gains. Le vid\u00e9o poker combine l&#8217;excitation du poker avec la simplicit\u00e9 des machines \u00e0 sous.<\/p>\n<h3>Gratteux en ligne<\/h3>\n<p>Les cartes \u00e0 gratter en ligne offrent une exp\u00e9rience instantan\u00e9e de grattement et de r\u00e9v\u00e9lation des gains potentiels. Choisissez vos cartes, grattez virtuellement la surface et d\u00e9couvrez si vous avez remport\u00e9 des prix en argent.<\/p>\n<h3>Casino Royal Vegas live<\/h3>\n<p>Le casino en ligne Royal Vegas a \u00e9galement un casino en direct de haute qualit\u00e9. Il offre aux joueurs canadiens et qu\u00e9b\u00e9cois la possibilit\u00e9 de <strong>jouer \u00e0 de vraies tables contre de vrais croupiers en direct<\/strong>. <\/p>\n<p>La combinaison de la diffusion en direct et de logiciels \u00e0 la fine pointe de la technologie fait de Royal Vegas le casino en ligne le plus authentique des jeux de casino en ligne. Alors, ne manquez pas leur live casino.<\/p>\n<h2>M\u00e9thodes de paiements<\/h2>\n<p>Le casino en ligne Royal Vegas est en avance sur les m\u00e9thodes bancaires. Ils ont d\u00e9ploy\u00e9 tous leurs efforts pour offrir aux canadiens les meilleurs options de d\u00e9p\u00f4t rapides.<\/p>\n<p>Quand vient le temps de faire un d\u00e9p\u00f4t ou de retirer vos gains, le Casino Royal Vegas vous permet d&#8217;utiliser <strong>plusieurs m\u00e9thodes bancaires<\/strong>.<\/p>\n<p>Voici un aper\u00e7u des m\u00e9thodes de paiement disponibles au RoyalVegas Casino :<\/p>\n<p>[table_start]<br \/>\n[table_head column-1=&#8217;<strong>M\u00e9thodes bancaire<\/strong>s&#8217; column-2=&#8217;<strong>Pris en charge<\/strong>&#8216;]<br \/>\n[table_row column-1=&#8217;<strong>Interac<\/strong>&#8216; column-2=&#8217;Oui&#8217;]<br \/>\n[table_row column-1=&#8217;<strong>iDebit<\/strong>&#8216; column-2=&#8217;Non&#8217;]<br \/>\n[table_row column-1=&#8217;<strong>Visa\/Mastercard<\/strong>&#8216; column-2=&#8217;Oui&#8217;]<br \/>\n[table_row column-1=&#8217;<strong>eCheck<\/strong>&#8216; column-2=&#8217;Oui&#8217;]<br \/>\n[table_row column-1=&#8217;<strong>Instadebit<\/strong>&#8216; column-2=&#8217;Non&#8217;]<br \/>\n[table_row column-1=&#8217;<strong>Ecopayz<\/strong>&#8216; column-2=&#8217;Oui&#8217;]<br \/>\n[table_row column-1=&#8217;<strong>Paysafecard<\/strong>&#8216; column-2=&#8217;Oui&#8217;]<br \/>\n[table_end]<\/p>\n<p>Le casino virtuel Royal Vegas supporte les m\u00e9thodes bancaires les plus utilis\u00e9es au Canada, ce qui constitue toujours un avantage consid\u00e9rable pour un casino en ligne. <\/p>\n<p>C&#8217;est un excellent casino acceptant Interac, tout en acceptant eCheck et toutes les principales cartes de cr\u00e9dit. <\/p>\n<p>Et ce n&#8217;est pas tout, car ils ont plus de 10 m\u00e9thodes de transfert d&#8217;argent.<\/p>\n<h3>D\u00e9p\u00f4t minimum<\/h3>\n<p>Le d\u00e9p\u00f4t minimum pour jouer sur Royal Vegas Casino en ligne est de <strong>seulement 1$<\/strong>.<\/p>\n<p>Le moyen le plus rapide de transf\u00e9rer de l&#8217;argent consiste \u00e0 utiliser Interac, Visa\/Mastercard ou \u00e0 utiliser les services bancaires instantan\u00e9s.<\/p>\n<p>Vous obtiendrez l&#8217;argent cr\u00e9dit\u00e9 sur votre compte afin que vous puissiez acc\u00e9der imm\u00e9diatement aux machines \u00e0 sous ou jeux de casino en ligne.<\/p>\n<h3>Les retraits<\/h3>\n<p>Faire un retrait est aussi simple et rapide, ce qui signifie que vous ne devrez pas attendre trop longtemps pour obtenir vos gains. <\/p>\n<p>Pour votre premier retrait, vous devez normalement <strong>utiliser la m\u00eame m\u00e9thode que votre d\u00e9p\u00f4t initial<\/strong>.<\/p>\n<p>Avant votre premier retrait, vous devrez peut-\u00eatre confirmer votre identit\u00e9 en fournissant des documents, notamment une copie de votre carte d&#8217;identit\u00e9 et une facture incluant votre addresse. <\/p>\n<p>C&#8217;est uniquement <strong>pour des raisons de s\u00e9curit\u00e9<\/strong> et ne doit \u00eatre fait qu&#8217;une seule fois. C&#8217;est la proc\u00e9dure standard parmi les casinos en ligne et bas\u00e9e sur leur obligation l\u00e9gale de conna\u00eetre leurs clients.<\/p>\n<h2>Royal Vegas casino mobile<\/h2>\n<p>De plus en plus de jeux d&#8217;argent r\u00e9el sont effectu\u00e9s sur la version mobile. Au casino mobile Royal Vegas, vous pouvez faire tourner les rouleaux ou profiter des jeux de table classiques sur votre appareil mobile. <\/p>\n<p>Ils ont des centaines de jeux optimis\u00e9s pour les mobiles dans leur biblioth\u00e8que et des nouveaux jeux de casino sont ajout\u00e9s \u00e0 chaque mois. <\/p>\n<p>Vous pouvez m\u00eame jouer au casino en direct Royal Vegas avec votre appareil mobile. Choisissez donc vos jeux pr\u00e9f\u00e9r\u00e9s et jouer depuis votre appareil favori.<\/p>\n<h2>Service client<\/h2>\n<p>Le service client est pr\u00e9cieux tant pour les joueurs existants que pour les nouveaux utilisateurs potentiels. <\/p>\n<p>Les plateformes en ligne de premier plan sont caract\u00e9ris\u00e9es par leur support client efficace, car une assistance rapide en cas de besoin est essentielle pour les joueurs.<\/p>\n<p>[table_start]<br \/>\n[table_row column-1=&#8217;<strong>Messagerie en direct<\/strong>&#8216; column-2=&#8217;Toujours Actif&#8217;]<br \/>\n[table_row column-1=&#8217;<strong>T\u00e9l\u00e9phone<\/strong>&#8216; column-2=&#8217;+1 866 745 2416&#8217;]<br \/>\n[table_end]<\/p>\n<h2>Notre avis d&#8217;expert Royal Vegas casino<\/h2>\n<p>Il s&#8217;agit de <strong>l&#8217;un des meilleurs bonus Microgaming<\/strong> pour les gros joueurs.<\/p>\n<p>Les casinos classiques de Microgaming tels que Royal Vegas, Jackpot City et Spin Casino offrent les meilleurs bonus de d\u00e9p\u00f4t pour les gros joueurs. Les conditions de mise sont justes et la valeur en dollars est excellente. C&#8217;est un bonus \u00e0 ne pas manquer dans un casino de qualit\u00e9. C&#8217;est le bon moment pour r\u00e9clamer le v\u00f4tre.<\/p>\n<p>Royal Vegas Casino en ligne est compl\u00e8tement s\u00e9curis\u00e9 et est approuv\u00e9 par eCOGRA. Vous pourrez donc jouer \u00e0 vos jeux de casino pr\u00e9f\u00e9r\u00e9s en toute s\u00e9r\u00e9nit\u00e9.<\/p>\n<h3>Verdict d\u00e9finitif<\/h3>\n<p>[table_start]<br \/>\n[table_row column-1=&#8217;<strong>Machines \u00e0 sous<\/strong>&#8216; column-2=&#8217;5\/5&#8242;]<br \/>\n[table_row column-1=&#8217;<strong>Casino en direct<\/strong>&#8216; column-2=&#8217;5\/5&#8242;]<br \/>\n[table_row column-1=&#8217;<strong>Design du site<\/strong>&#8216; column-2=&#8217;5\/5&#8242;]<br \/>\n[table_row column-1=&#8217;<strong>Options de paiement<\/strong>&#8216; column-2=&#8217;5\/5&#8242;]<br \/>\n[table_row column-1=&#8217;<strong>Service client<\/strong>&#8216; column-2=&#8217;3\/3&#8217;]<br \/>\n[table_end]<\/p>\n","protected":false},"excerpt":{"rendered":"<p>Royal Vegas Casino en Ligne Royal Vegas Casino est l&#8217;un des casinos en ligne canadiens les plus populaires de ces derni\u00e8res ann\u00e9es. Il s&#8217;agit d&#8217;une propri\u00e9t\u00e9 de Fortune Lounge, qui est dans l&#8217;industrie depuis 1996. \u00c9tant un casino 1$, le Casino Royal Vegas est au top avec les meilleurs casinos pour les joueurs canadiens. \u00c0 [&hellip;]<\/p>\n","protected":false},"author":123,"featured_media":0,"parent":0,"menu_order":0,"comment_status":"closed","ping_status":"closed","template":"","meta":{"inline_featured_image":false,"_glsr_average":0,"_glsr_ranking":0,"_glsr_reviews":0,"footnotes":""},"class_list":["post-3457","page","type-page","status-publish","hentry"],"yoast_head":"<!-- This site is optimized with the Yoast SEO plugin v27.4 - https:\/\/yoast.com\/product\/yoast-seo-wordpress\/ -->\n<title>Royal Vegas Casino \ud83c\udf96\ufe0f 240 Tours Gratuits dont 30 pour 1$ !<\/title>\n<meta name=\"description\" content=\"Royal Vegas Casino en ligne est propuls\u00e9 par le logiciel Microgaming \u2b50 1200$ en bonus + 240 tours gratuits dont 30 pour 1$.\" \/>\n<meta name=\"robots\" content=\"index, follow, max-snippet:-1, max-image-preview:large, max-video-preview:-1\" \/>\n<link rel=\"canonical\" href=\"https:\/\/www.bonus.ca\/fr\/royal-vegas\" \/>\n<meta property=\"og:type\" content=\"article\" \/>\n<meta property=\"og:title\" content=\"Royal Vegas Casino \ud83c\udf96\ufe0f 240 Tours Gratuits dont 30 pour 1$ !\" \/>\n<meta property=\"og:description\" content=\"Royal Vegas Casino en ligne est propuls\u00e9 par le logiciel Microgaming \u2b50 1200$ en bonus + 240 tours gratuits dont 30 pour 1$.\" \/>\n<meta property=\"og:url\" content=\"https:\/\/www.bonus.ca\/fr\/royal-vegas\" \/>\n<meta property=\"article:published_time\" content=\"2017-01-22T12:58:07+00:00\" \/>\n<meta property=\"article:modified_time\" content=\"2026-04-02T12:45:52+00:00\" \/>\n<meta property=\"og:image\" content=\"https:\/\/mediafr.bonus.ca\/images\/Logo-Royal-Vegas.png\" \/>\n\t<meta property=\"og:image:width\" content=\"1536\" \/>\n\t<meta property=\"og:image:height\" content=\"920\" \/>\n\t<meta property=\"og:image:type\" content=\"image\/png\" \/>\n<meta name=\"twitter:card\" content=\"summary_large_image\" \/>\n<meta name=\"twitter:label1\" content=\"Est. reading time\" \/>\n\t<meta name=\"twitter:data1\" content=\"9 minutes\" \/>\n<!-- \/ Yoast SEO plugin. -->","yoast_head_json":{"title":"Royal Vegas Casino \ud83c\udf96\ufe0f 240 Tours Gratuits dont 30 pour 1$ !","description":"Royal Vegas Casino en ligne est propuls\u00e9 par le logiciel Microgaming \u2b50 1200$ en bonus + 240 tours gratuits dont 30 pour 1$.","robots":{"index":"index","follow":"follow","max-snippet":"max-snippet:-1","max-image-preview":"max-image-preview:large","max-video-preview":"max-video-preview:-1"},"canonical":"https:\/\/www.bonus.ca\/fr\/royal-vegas","og_type":"article","og_title":"Royal Vegas Casino \ud83c\udf96\ufe0f 240 Tours Gratuits dont 30 pour 1$ !","og_description":"Royal Vegas Casino en ligne est propuls\u00e9 par le logiciel Microgaming \u2b50 1200$ en bonus + 240 tours gratuits dont 30 pour 1$.","og_url":"https:\/\/www.bonus.ca\/fr\/royal-vegas","article_published_time":"2017-01-22T12:58:07+00:00","article_modified_time":"2026-04-02T12:45:52+00:00","og_image":[{"width":1536,"height":920,"url":"https:\/\/mediafr.bonus.ca\/images\/Logo-Royal-Vegas.png","type":"image\/png"}],"twitter_card":"summary_large_image","twitter_misc":{"Est. reading time":"9 minutes"},"schema":{"@context":"https:\/\/schema.org","@graph":[{"@type":"WebPage","@id":"https:\/\/www.bonus.ca\/fr\/royal-vegas","url":"https:\/\/www.bonus.ca\/fr\/royal-vegas","name":"Royal Vegas Casino \ud83c\udf96\ufe0f 240 Tours Gratuits dont 30 pour 1$ !","isPartOf":{"@id":"https:\/\/www.bonus.ca\/fr\/#website"},"primaryImageOfPage":{"@id":"https:\/\/www.bonus.ca\/fr\/royal-vegas#primaryimage"},"image":{"@id":"https:\/\/www.bonus.ca\/fr\/royal-vegas#primaryimage"},"thumbnailUrl":"https:\/\/mediafr.bonus.ca\/images\/Logo-Royal-Vegas.png","datePublished":"2017-01-22T12:58:07+00:00","dateModified":"2026-04-02T12:45:52+00:00","description":"Royal Vegas Casino en ligne est propuls\u00e9 par le logiciel Microgaming \u2b50 1200$ en bonus + 240 tours gratuits dont 30 pour 1$.","breadcrumb":{"@id":"https:\/\/www.bonus.ca\/fr\/royal-vegas#breadcrumb"},"inLanguage":"en-US","potentialAction":[{"@type":"ReadAction","target":["https:\/\/www.bonus.ca\/fr\/royal-vegas"]}]},{"@type":"ImageObject","inLanguage":"en-US","@id":"https:\/\/www.bonus.ca\/fr\/royal-vegas#primaryimage","url":"https:\/\/mediafr.bonus.ca\/images\/Logo-Royal-Vegas.png","contentUrl":"https:\/\/mediafr.bonus.ca\/images\/Logo-Royal-Vegas.png"},{"@type":"BreadcrumbList","@id":"https:\/\/www.bonus.ca\/fr\/royal-vegas#breadcrumb","itemListElement":[{"@type":"ListItem","position":1,"name":"Home","item":"https:\/\/www.bonus.ca\/fr\/"},{"@type":"ListItem","position":2,"name":"Royal Vegas"}]},{"@type":"WebSite","@id":"https:\/\/www.bonus.ca\/fr\/#website","url":"https:\/\/www.bonus.ca\/fr\/","name":"BonusFinder Canada (Fran\u00e7ais)","description":"La source de bonus n\u00b0 1 au Canada","potentialAction":[{"@type":"SearchAction","target":{"@type":"EntryPoint","urlTemplate":"https:\/\/www.bonus.ca\/fr\/?s={search_term_string}"},"query-input":{"@type":"PropertyValueSpecification","valueRequired":true,"valueName":"search_term_string"}}],"inLanguage":"en-US"}]}},"_links":{"self":[{"href":"https:\/\/www.bonus.ca\/fr\/wp-json\/wp\/v2\/pages\/3457","targetHints":{"allow":["GET"]}}],"collection":[{"href":"https:\/\/www.bonus.ca\/fr\/wp-json\/wp\/v2\/pages"}],"about":[{"href":"https:\/\/www.bonus.ca\/fr\/wp-json\/wp\/v2\/types\/page"}],"author":[{"embeddable":true,"href":"https:\/\/www.bonus.ca\/fr\/wp-json\/wp\/v2\/users\/123"}],"replies":[{"embeddable":true,"href":"https:\/\/www.bonus.ca\/fr\/wp-json\/wp\/v2\/comments?post=3457"}],"version-history":[{"count":15,"href":"https:\/\/www.bonus.ca\/fr\/wp-json\/wp\/v2\/pages\/3457\/revisions"}],"predecessor-version":[{"id":26464,"href":"https:\/\/www.bonus.ca\/fr\/wp-json\/wp\/v2\/pages\/3457\/revisions\/26464"}],"wp:attachment":[{"href":"https:\/\/www.bonus.ca\/fr\/wp-json\/wp\/v2\/media?parent=3457"}],"curies":[{"name":"wp","href":"https:\/\/api.w.org\/{rel}","templated":true}]}}