{"id":4543,"date":"2018-01-17T16:02:21","date_gmt":"2018-01-17T16:02:21","guid":{"rendered":"https:\/\/www.bonus.ca\/fr\/?post_type=bookmakers&#038;p=4543"},"modified":"2026-04-02T12:43:51","modified_gmt":"2026-04-02T12:43:51","slug":"888-casino","status":"publish","type":"page","link":"https:\/\/www.bonus.ca\/fr\/888-casino","title":{"rendered":"888 Casino"},"content":{"rendered":"<h2>Casino 888 Canada<\/h2>\n<p>888 Casino est l&#8217;un des <a href=\"https:\/\/www.bonus.ca\/fr\/casino-en-ligne\/le-plus-payant\">casino en ligne le plus payant<\/a>. <\/p>\n<p>C&#8217;est un site de casino \u00e9tabli et respect\u00e9, avec plus de 25 ans d&#8217;exp\u00e9rience dans l&#8217;industrie des jeux d&#8217;argent en ligne et un vaste catalogue de jeux.<\/p>\n<p>Voici les informations cl\u00e9s sur 888 Casino Canada que vous devez savoir :<\/p>\n<p>[table_start]<br \/>\n[table_row column-1=&#8217;<strong>Site de Casino<\/strong>&#8216; column-2=&#8217;888 Casino&#8217;]<br \/>\n[table_row column-1=&#8217;<strong>Fond\u00e9 en <\/strong>&#8216; column-2=&#8217;1997&#8242;]<br \/>\n[table_row column-1=&#8217;<strong>Jeux <\/strong>&#8216; column-2=&#8217;1000+&#8217;]<br \/>\n[table_row column-1=&#8217;<strong>Licence<\/strong>&#8216; column-2=&#8217;Malta Gaming Authority, UK Gambling Commission, Gibraltar&#8217;]<br \/>\n[table_row column-1=&#8217;<strong>Conditions de Mise<\/strong>&#8216; column-2=&#8217;30x&#8217;]<br \/>\n[table_row column-1=&#8217;<strong>Jeu Gratuit<\/strong>&#8216; column-2=&#8217;Machine \u00e0 sous du 888&#8217;]<br \/>\n[table_end]<\/p>\n<h2>Bonus Casino 888 : 1 000$ en bonus de bienvenue<\/h2>\n<div id=\"attachment_24697\" style=\"width: 1546px\" class=\"wp-caption alignnone\"><img loading=\"lazy\" decoding=\"async\" aria-describedby=\"caption-attachment-24697\" src=\"https:\/\/mediafr.bonus.ca\/images\/888-bonus.png\" alt=\"Bonus de bienvenue 888 casino\" width=\"1536\" height=\"920\" class=\"size-full wp-image-24697\" srcset=\"https:\/\/mediafr.bonus.ca\/images\/888-bonus.png 1536w, https:\/\/mediafr.bonus.ca\/images\/888-bonus-300x180.png 300w, https:\/\/mediafr.bonus.ca\/images\/888-bonus-1024x613.png 1024w, https:\/\/mediafr.bonus.ca\/images\/888-bonus-1048x628.png 1048w\" sizes=\"auto, (max-width: 1536px) 100vw, 1536px\" \/><p id=\"caption-attachment-24697\" class=\"wp-caption-text\">888 casino propose un bonus appr\u00e9ci\u00e9 des joueurs de 1 000 $ et 100 tours gratuits.<\/p><\/div>\n<p>[table_start]<br \/>\n[table_row column-1=&#8217;<strong>Casino 888 Bonus<\/strong>&#8216; column-2=&#8217;1 000$ + 100 tours gratuits&#8217;]<br \/>\n[table_row column-1=&#8217;<strong>D\u00e9p\u00f4t Minimum<\/strong>&#8216; column-2=&#8217;10$&#8217;]<br \/>\n[table_end]<\/p>\n<p>Vous pouvez \u00e9galement opter pour un bonus casino totalisant 1500$. Vous l&#8217;obtiendrez en saisissant le code bonus &#8220;welcome1&#8221; lors de votre premier d\u00e9p\u00f4t. <\/p>\n<p>Le casino en ligne 888 offre un bonus \u00e9norme pour les grands joueurs et pour ceux qui envisagent rester. <\/p>\n<p>Le montant du bonus total est \u00e9norme, mais vous devez investir des sommes consid\u00e9rables pour obtenir le bonus dans sa totalit\u00e9. <\/p>\n<p>Une \u00e9quivalence de 30% sur le d\u00e9p\u00f4t est acceptable, et cela s&#8217;am\u00e9liore lorsque vous pensez aux mises tr\u00e8s faibles. <\/p>\n<p>30 fois le bonus, c&#8217;est du jamais vu dans le monde des casinos en ligne, 888casino bat encore le <a href=\"https:\/\/www.bonus.ca\/fr\/casumo\">Bonus Casumo<\/a> et Dunder Casino avec ses faibles conditions de mise.<\/p>\n<h3>Conditions de mise: termes &#038; conditions<\/h3>\n<p>Le bonus 888 Casino est soumis \u00e0 une condition de roulement de 30x. Vous devez miser 30 fois votre montant de bonus avant de pouvoir retirer vos gains. <\/p>\n<p>Pour le bonus complet, cela repr\u00e9sente 30 * 200$ = 6000$. Certains jeux de casino contribuent \u00e0 moins de 100% de la mise afin de satisfaire l&#8217;exigence de mise.<\/p>\n<p>Voici les jeux et leurs contributions:<\/p>\n<ul>\n<li><strong>Jeux de machines \u00e0 sous:<\/strong> 100%<\/li>\n<li><strong>Roulette et poker<\/strong>: 20%<\/li>\n<li><strong>Blackjack, Vid\u00e9o Poker, Blackjack en direct, Roulette en direct:<\/strong> 10%<\/li>\n<li><strong>Craps:<\/strong> 5%<\/li>\n<\/ul>\n<p>Vous avez 90 jours pour utiliser votre bonus casino. Le temps est calcul\u00e9 \u00e0 partir du jour o\u00f9 le bonus est ajout\u00e9 \u00e0 votre compte. <\/p>\n<h2>888 Casino promotions &#038; programme de fid\u00e9lit\u00e9<\/h2>\n<p>Vous trouverez des promotions r\u00e9guli\u00e8res au casino 888. De plus, vous aurez m\u00eame une section incluant des challenges qui s&#8217;adressent \u00e0 vous.<\/p>\n<p>Le casino 888 Canada offre des offres quotidiennes, ce qui est assez rare dans l&#8217;industrie du jeu en ligne. Vous aurez de quoi rester occup\u00e9 pour un bon bout de temps.<\/p>\n<h2>Jeux de casino<\/h2>\n<p>Au Casino en ligne 888, vous pouvez jouer \u00e0 diff\u00e9rents jeux de casino. <\/p>\n<p>Non seulement vous obtenez des jeux de machines \u00e0 sous exclusifs, mais vous pouvez \u00e9galement jouer \u00e0 un tas de jeux de table ou de carte comme la roulette en ligne et le blackjack. <\/p>\n<p>De plus, vous aurez acc\u00e8s \u00e0 beaucoup de machines \u00e0 sous en ligne et de gratteux provenant des meilleurs logiciels de jeux de casino.<\/p>\n<h3>Machines \u00e0 sous<\/h3>\n<p>La s\u00e9lection de machines \u00e0 sous en ligne de 888 Casino est parmi les meilleures. <\/p>\n<p>En plus de leurs machines \u00e0 sous en ligne et de leurs machines \u00e0 sous \u00e0 jackpots progressifs, ils ont la cote d&#8217;appr\u00e9ciation des fournisseurs comme NetEnt, Electracade et Merkur Gaming. <\/p>\n<p>Au total, vous aurez le choix parmi des centaines de machines \u00e0 sous en ligne.<\/p>\n<h3>Machines \u00e0 sous \u00e0 jackpot progressif <\/h3>\n<p>888 Casino as une large choix de jeux \u00e0 jackpot progressif. <\/p>\n<p>Vous trouverez le Jackpot Quotidien, le Jackpot Cr\u00e9puscule et le Jackpot 8 Heures, le tout avec une s\u00e9lection diff\u00e9rente de jeux. <\/p>\n<p>J&#8217;ai particuli\u00e8rement appr\u00e9ci\u00e9 le jeux Captain 8, une s\u00e9rie exclusive 888 avec un th\u00e8me de science-fiction B-film ringard.<\/p>\n<h3>Jeux de table<\/h3>\n<p>Les jeux de table ne d\u00e9\u00e7oivent pas non plus. <\/p>\n<p>Bien s\u00fbr, ils ont les jeux de table habituels comme la roulette, le baccara et le blackjack, mais ce qui les distingue des autres sont les variantes de ces jeux.<\/p>\n<p>Deal or No Deal Roulette est un jeu que vous aurez du mal \u00e0 trouver ailleurs.<\/p>\n<p>De plus, ils accordent un traitement sp\u00e9cial aux joueurs faisant de plus grosses mises aux tables de blackjack et de roulette. <\/p>\n<p>Ils ont le Blackjack Super Stakes et la Roulette Super Stakes o\u00f9 vous pouvez miser jusqu&#8217;\u00e0 200,000$. Oui oui, vous avez bien lu, 200,000$ !<\/p>\n<p>Les limites de mise sont carr\u00e9ment hors de l&#8217;ordinaire.<\/p>\n<p>Cela dit, si vous \u00eates un gros joueur, vous aimerez les options de jeux classiques offertes au casino en ligne 888.<\/p>\n<h3>888 Casino live<\/h3>\n<p>Au casino 888, vous trouverez une grande vari\u00e9t\u00e9 de jeux de casino en direct incluant du poker, du blackjack, des jeux de roulette et bien plus encore. <\/p>\n<p>Le casino en direct offert au Casino888 est de grande qualit\u00e9.<\/p>\n<h3>Les paris sportifs<\/h3>\n<p>Le casino888 offre tous les sports essentiels pour vos paris sportifs. La LNH et d&#8217;autres sports majeurs sont naturellement propos\u00e9s, de m\u00eame que la crosse et la LCF.<\/p>\n<p>Contrairement \u00e0 leur bonus de casino sans d\u00e9p\u00f4t, 888 casino en ligne ne r\u00e9invente pas la roue. <\/p>\n<p>Il s&#8217;agit ici d&#8217;un classique &#8220;Pariez 10$, obtenez un bonus de 30$&#8221; sur votre premier d\u00e9p\u00f4t. Apr\u00e8s avoir plac\u00e9 votre premi\u00e8re mise de 10$, vous recevrez trois <a href=\"https:\/\/www.bonus.ca\/fr\/paris-sportifs\">paris sportifs gratuits<\/a> d&#8217;une valeur de 10$ chacun. <\/p>\n<p>L&#8217;une des autres promotions de 888sport qui se doit d&#8217;\u00eatre mentionn\u00e9e est que si la partie va en p\u00e9riode suppl\u00e9mentaire, vous r\u00e9cup\u00e9rerez votre mise. <\/p>\n<p>Pariez sur un match de la LNH avec une cote de 1,5 ou plus et vous r\u00e9cup\u00e9rerez votre argent jusqu&#8217;\u00e0 25$ si votre choix perd en p\u00e9riode suppl\u00e9mentaire.<\/p>\n<h2>M\u00e9thodes bancaires<\/h2>\n<div id=\"attachment_24698\" style=\"width: 1546px\" class=\"wp-caption alignnone\"><img loading=\"lazy\" decoding=\"async\" aria-describedby=\"caption-attachment-24698\" src=\"https:\/\/mediafr.bonus.ca\/images\/888-paiements.png\" alt=\"M\u00e9thode de paiements 888 casino en ligne\" width=\"1536\" height=\"920\" class=\"size-full wp-image-24698\" srcset=\"https:\/\/mediafr.bonus.ca\/images\/888-paiements.png 1536w, https:\/\/mediafr.bonus.ca\/images\/888-paiements-300x180.png 300w, https:\/\/mediafr.bonus.ca\/images\/888-paiements-1024x613.png 1024w, https:\/\/mediafr.bonus.ca\/images\/888-paiements-1048x628.png 1048w\" sizes=\"auto, (max-width: 1536px) 100vw, 1536px\" \/><p id=\"caption-attachment-24698\" class=\"wp-caption-text\">888 Casino met \u00e0 disposition les meilleures solutions de paiements pour les joueurs canadiens.<\/p><\/div>\n<p>Voici les options bancaires que vous trouverez au casino en ligne 888 pour y faire des paiements rapides. Le casino888 est parfait pour les joueurs canadiens. <\/p>\n<p>Vous pouvez utiliser les services bancaires instantan\u00e9s, les cartes de cr\u00e9dit ou iDebit pour transf\u00e9rer des dollars sur votre compte.<\/p>\n<p>[table_start]<br \/>\n[table_head column-1=&#8217;<strong>M\u00e9thodes bancaire<\/strong>s&#8217; column-2=&#8217;<strong>Pris en charge<\/strong>&#8216;]<br \/>\n[table_row column-1=&#8217;<strong>Interac<\/strong>&#8216; column-2=&#8217;Oui&#8217;]<br \/>\n[table_row column-1=&#8217;<strong>iDebit<\/strong>&#8216; column-2=&#8217;Non&#8217;]<br \/>\n[table_row column-1=&#8217;<strong>Visa\/Mastercard<\/strong>&#8216; column-2=&#8217;Oui&#8217;]<br \/>\n[table_row column-1=&#8217;<strong>eCheck<\/strong>&#8216; column-2=&#8217;Non&#8217;]<br \/>\n[table_row column-1=&#8217;<strong>Instant Banking<\/strong>&#8216; column-2=&#8217;Oui&#8217;]<br \/>\n[table_row column-1=&#8217;<strong>Instadebit<\/strong>&#8216; column-2=&#8217;Non&#8217;]<br \/>\n[table_row column-1=&#8217;<strong>Ecopayz<\/strong>&#8216; column-2=&#8217;Oui&#8217;]<br \/>\n[table_row column-1=&#8217;<strong>Paysafecard<\/strong>&#8216; column-2=&#8217;Oui&#8217;]<br \/>\n[table_row column-1=&#8217;<strong>Bitcoin<\/strong>&#8216; column-2=&#8217;Oui&#8217;]<br \/>\n[table_row column-1=&#8217;<strong>Paypal<\/strong>&#8216; column-2=&#8217;Non&#8217;]<br \/>\n[table_end]<\/p>\n<p>L&#8217;option la plus simple est probablement d&#8217;utiliser des services bancaires instantan\u00e9s pour financer votre compte.<\/p>\n<p>Les Bitcoins ont l&#8217;avantage de permettre de jouer sur un <a href=\"https:\/\/www.bonus.ca\/fr\/casino-en-ligne\/casino-en-ligne-sans-verification\">casino en ligne sans v\u00e9rification d&#8217;identit\u00e9<\/a> car les cryptos sont anonymes.<\/p>\n<p>Ils soutiennent au total six banques canadiennes, CIBC et la Banque Scotia sont inclues.<\/p>\n<p>Vous pouvez \u00e9galement consulter notre liste de casinos en argent r\u00e9el.<\/p>\n<h3>D\u00e9p\u00f4t minimum <\/h3>\n<p>Le d\u00e9p\u00f4t minimum pour jouer sur 888 casino en ligne est de 10 dollars. Vous n&#8217;aurez pas besoin de d\u00e9poser quoi que ce soit pour obtenir la promo initiale de 20 dollars: il suffit de vous inscrire.<\/p>\n<p>M\u00eame apr\u00e8s le retrait de l&#8217;offre, le d\u00e9p\u00f4t minimum restera inchang\u00e9.<\/p>\n<h3>Retraits<\/h3>\n<p>Le retrait minimum d\u00e9pend du mode de paiement que vous utilisez. Par exemple, si vous utilisez une carte de d\u00e9bit ou de cr\u00e9dit, le minimum est de 10 euros. <\/p>\n<p>Cependant, il est important de noter que les politiques de retrait peuvent varier en fonction des restrictions sp\u00e9cifiques \u00e0 votre compte.<\/p>\n<h2>888 Casino mobile<\/h2>\n<p>Vous n&#8217;avez pas besoin de t\u00e9l\u00e9charger une application pour jouer au 888 Casino mobile lors de vos d\u00e9placements!<\/p>\n<p>888 Casino vous propose un site de casino instantan\u00e9 sans t\u00e9l\u00e9chargement. Vous acc\u00e9dez directement au Casino 888 via le navigateur de votre t\u00e9l\u00e9phone portable ou de votre tablette et vous serez pr\u00eat \u00e0 jouer. 888 Casino fonctionne aussi bien sur iOS que sur Android.<\/p>\n<p>La plupart des jeux de casino sont \u00e9galement disponibles sur mobile, mais si vous souhaitez jouer sur tous les jeux disponibles, vous devrez jouer sur votre ordinateur.<\/p>\n<h2>Service \u00e0 la client\u00e8le<\/h2>\n<p>Le support client est utile aux joueurs d\u00e9j\u00e0 inscrits et aux nouveaux utilisateurs potentiels.<\/p>\n<p>Les meilleurs op\u00e9rateurs en ligne ont toujours un service \u00e0 la client\u00e8le efficace car il est essentiel pour les joueurs d&#8217;avoir une assistance rapide en cas de besoin.<\/p>\n<p>Si vous avez besoin d&#8217;\u00e9claircissements concernant une promo ou le fonctionnement de l&#8217;exigence de mise x30, les op\u00e9rateurs de 888casino seront pr\u00eats \u00e0 vous aider.<\/p>\n<p>[table_start]<br \/>\n[table_row column-1=&#8217;<strong>Live Chat<\/strong>&#8216; column-2=&#8217;Toujours Actif&#8217;]<br \/>\n[table_row column-1=&#8217;<strong>Adresse<\/strong>&#8216; column-2=&#8217;Quantum House, 75, Abate Rigord Street&#8217;]<br \/>\n[table_row column-1=&#8217;<strong>T\u00e9l\u00e9phone<\/strong>&#8216; column-2=&#8217;+ 442034781908&#8242;]<br \/>\n[table_row column-1=&#8217;<strong>Email<\/strong>&#8216; column-2=&#8217; support@888casino.com &#8216;]<br \/>\n[table_end]<\/p>\n<h2>888 Casino avis d&#8217;expert<\/h2>\n<p>Le casino 888 vous offre un bonus sans d\u00e9p\u00f4t de qualit\u00e9. <strong>88$ en freeplay, \u00e7a vaut la peine !<\/strong> <\/p>\n<p>De plus, il est plut\u00f4t rare que les casinos en ligne canadiens vous proposent un bonus casino si \u00e9lev\u00e9. <\/p>\n<p>Jouez avec un bonus de 1000$ en plus, \u00e7a fait une diff\u00e9rence majeure!<\/p>\n<p>On dit surtout que les gros joueurs aiment 888Casino et nous ne nous demandons pas pourquoi.<\/p>\n<p>Il est assez rare de pouvoir trouver un <a href=\"https:\/\/www.bonus.ca\/fr\/\">casino en ligne<\/a> acceptant des mises \u00e9lev\u00e9es. <\/p>\n<p>Le casino en ligne 888 est donc un excellent choix pour les amateurs de jeux classiques qui veulent jouer avec des sommes grandioses.<\/p>\n<p>Enfin, vous serez heureux d&#8217;apprendre que vous pouvez jouer au Casino 888 en fran\u00e7ais. <\/p>\n<p>En effet, le site de 888 accueille les joueurs du Qu\u00e9bec en fran\u00e7ais, ce qui rend l&#8217;exp\u00e9rience de jeu plus agr\u00e9able. <\/p>\n<p>Bien que certains joueurs pr\u00e9f\u00e8rent jouer en anglais, vous aurez le choix!<\/p>\n<h3>Verdict d\u00e9finitif<\/h3>\n<p>[table_start]<br \/>\n[table_row column-1=&#8217;<strong>Machines \u00e0 sous<\/strong>&#8216; column-2=&#8217;5\/5&#8242;]<br \/>\n[table_row column-1=&#8217;<strong>Casino en direct<\/strong>&#8216; column-2=&#8217;5\/5&#8242;]<br \/>\n[table_row column-1=&#8217;<strong>Design du site<\/strong>&#8216; column-2=&#8217;5\/5&#8242;]<br \/>\n[table_row column-1=&#8217;<strong>Options de paiement<\/strong>&#8216; column-2=&#8217;5\/5&#8242;]<br \/>\n[table_row column-1=&#8217;<strong>Service client<\/strong>&#8216; column-2=&#8217;5\/5&#8217;]<br \/>\n[table_end]<\/p>\n","protected":false},"excerpt":{"rendered":"<p>Casino 888 Canada 888 Casino est l&#8217;un des casino en ligne le plus payant. C&#8217;est un site de casino \u00e9tabli et respect\u00e9, avec plus de 25 ans d&#8217;exp\u00e9rience dans l&#8217;industrie des jeux d&#8217;argent en ligne et un vaste catalogue de jeux. Voici les informations cl\u00e9s sur 888 Casino Canada que vous devez savoir : [table_start] [&hellip;]<\/p>\n","protected":false},"author":123,"featured_media":0,"parent":0,"menu_order":0,"comment_status":"closed","ping_status":"closed","template":"","meta":{"inline_featured_image":false,"_glsr_average":0,"_glsr_ranking":0,"_glsr_reviews":0,"footnotes":""},"class_list":["post-4543","page","type-page","status-publish","hentry"],"yoast_head":"<!-- This site is optimized with the Yoast SEO plugin v27.3 - https:\/\/yoast.com\/product\/yoast-seo-wordpress\/ -->\n<title>888 Casino en Ligne \ud83c\udf96\ufe0f 88$ Bonus Sans D\u00e9pot \u27a1\ufe0f [year]<\/title>\n<meta name=\"description\" content=\"888 est un casino unique en son genre | 1 000$ en bonus casino et 100 tours gratuits. Profitez de notre bonus et lisez notre avis complet !\" \/>\n<meta name=\"robots\" content=\"index, follow, max-snippet:-1, max-image-preview:large, max-video-preview:-1\" \/>\n<link rel=\"canonical\" href=\"https:\/\/www.bonus.ca\/fr\/888-casino\" \/>\n<meta property=\"og:type\" content=\"article\" \/>\n<meta property=\"og:title\" content=\"888 Casino en Ligne \ud83c\udf96\ufe0f 88$ Bonus Sans D\u00e9pot \u27a1\ufe0f [year]\" \/>\n<meta property=\"og:description\" content=\"888 est un casino unique en son genre | 1 000$ en bonus casino et 100 tours gratuits. Profitez de notre bonus et lisez notre avis complet !\" \/>\n<meta property=\"og:url\" content=\"https:\/\/www.bonus.ca\/fr\/888-casino\" \/>\n<meta property=\"article:modified_time\" content=\"2026-04-02T12:43:51+00:00\" \/>\n<meta property=\"og:image\" content=\"https:\/\/mediafr.bonus.ca\/images\/888-bonus.png\" \/>\n\t<meta property=\"og:image:width\" content=\"1536\" \/>\n\t<meta property=\"og:image:height\" content=\"920\" \/>\n\t<meta property=\"og:image:type\" content=\"image\/png\" \/>\n<meta name=\"twitter:card\" content=\"summary_large_image\" \/>\n<meta name=\"twitter:label1\" content=\"Est. reading time\" \/>\n\t<meta name=\"twitter:data1\" content=\"8 minutes\" \/>\n<!-- \/ Yoast SEO plugin. -->","yoast_head_json":{"title":"888 Casino en Ligne \ud83c\udf96\ufe0f 88$ Bonus Sans D\u00e9pot \u27a1\ufe0f [year]","description":"888 est un casino unique en son genre | 1 000$ en bonus casino et 100 tours gratuits. Profitez de notre bonus et lisez notre avis complet !","robots":{"index":"index","follow":"follow","max-snippet":"max-snippet:-1","max-image-preview":"max-image-preview:large","max-video-preview":"max-video-preview:-1"},"canonical":"https:\/\/www.bonus.ca\/fr\/888-casino","og_type":"article","og_title":"888 Casino en Ligne \ud83c\udf96\ufe0f 88$ Bonus Sans D\u00e9pot \u27a1\ufe0f [year]","og_description":"888 est un casino unique en son genre | 1 000$ en bonus casino et 100 tours gratuits. Profitez de notre bonus et lisez notre avis complet !","og_url":"https:\/\/www.bonus.ca\/fr\/888-casino","article_modified_time":"2026-04-02T12:43:51+00:00","og_image":[{"width":1536,"height":920,"url":"https:\/\/mediafr.bonus.ca\/images\/888-bonus.png","type":"image\/png"}],"twitter_card":"summary_large_image","twitter_misc":{"Est. reading time":"8 minutes"},"schema":{"@context":"https:\/\/schema.org","@graph":[{"@type":"WebPage","@id":"https:\/\/www.bonus.ca\/fr\/888-casino","url":"https:\/\/www.bonus.ca\/fr\/888-casino","name":"888 Casino en Ligne \ud83c\udf96\ufe0f 88$ Bonus Sans D\u00e9pot \u27a1\ufe0f [year]","isPartOf":{"@id":"https:\/\/www.bonus.ca\/fr\/#website"},"primaryImageOfPage":{"@id":"https:\/\/www.bonus.ca\/fr\/888-casino#primaryimage"},"image":{"@id":"https:\/\/www.bonus.ca\/fr\/888-casino#primaryimage"},"thumbnailUrl":"https:\/\/mediafr.bonus.ca\/images\/888-bonus.png","datePublished":"2018-01-17T16:02:21+00:00","dateModified":"2026-04-02T12:43:51+00:00","description":"888 est un casino unique en son genre | 1 000$ en bonus casino et 100 tours gratuits. Profitez de notre bonus et lisez notre avis complet !","breadcrumb":{"@id":"https:\/\/www.bonus.ca\/fr\/888-casino#breadcrumb"},"inLanguage":"en-US","potentialAction":[{"@type":"ReadAction","target":["https:\/\/www.bonus.ca\/fr\/888-casino"]}]},{"@type":"ImageObject","inLanguage":"en-US","@id":"https:\/\/www.bonus.ca\/fr\/888-casino#primaryimage","url":"https:\/\/mediafr.bonus.ca\/images\/888-bonus.png","contentUrl":"https:\/\/mediafr.bonus.ca\/images\/888-bonus.png"},{"@type":"BreadcrumbList","@id":"https:\/\/www.bonus.ca\/fr\/888-casino#breadcrumb","itemListElement":[{"@type":"ListItem","position":1,"name":"Home","item":"https:\/\/www.bonus.ca\/fr\/"},{"@type":"ListItem","position":2,"name":"888 Casino"}]},{"@type":"WebSite","@id":"https:\/\/www.bonus.ca\/fr\/#website","url":"https:\/\/www.bonus.ca\/fr\/","name":"BonusFinder Canada (Fran\u00e7ais)","description":"La source de bonus n\u00b0 1 au Canada","potentialAction":[{"@type":"SearchAction","target":{"@type":"EntryPoint","urlTemplate":"https:\/\/www.bonus.ca\/fr\/?s={search_term_string}"},"query-input":{"@type":"PropertyValueSpecification","valueRequired":true,"valueName":"search_term_string"}}],"inLanguage":"en-US"}]}},"_links":{"self":[{"href":"https:\/\/www.bonus.ca\/fr\/wp-json\/wp\/v2\/pages\/4543","targetHints":{"allow":["GET"]}}],"collection":[{"href":"https:\/\/www.bonus.ca\/fr\/wp-json\/wp\/v2\/pages"}],"about":[{"href":"https:\/\/www.bonus.ca\/fr\/wp-json\/wp\/v2\/types\/page"}],"author":[{"embeddable":true,"href":"https:\/\/www.bonus.ca\/fr\/wp-json\/wp\/v2\/users\/123"}],"replies":[{"embeddable":true,"href":"https:\/\/www.bonus.ca\/fr\/wp-json\/wp\/v2\/comments?post=4543"}],"version-history":[{"count":13,"href":"https:\/\/www.bonus.ca\/fr\/wp-json\/wp\/v2\/pages\/4543\/revisions"}],"predecessor-version":[{"id":26459,"href":"https:\/\/www.bonus.ca\/fr\/wp-json\/wp\/v2\/pages\/4543\/revisions\/26459"}],"wp:attachment":[{"href":"https:\/\/www.bonus.ca\/fr\/wp-json\/wp\/v2\/media?parent=4543"}],"curies":[{"name":"wp","href":"https:\/\/api.w.org\/{rel}","templated":true}]}}