{"id":4848,"date":"2018-06-01T08:26:36","date_gmt":"2018-06-01T08:26:36","guid":{"rendered":"https:\/\/www.bonus.ca\/fr\/?page_id=4848"},"modified":"2025-05-21T08:42:54","modified_gmt":"2025-05-21T08:42:54","slug":"microgaming","status":"publish","type":"page","link":"https:\/\/www.bonus.ca\/fr\/casino-en-ligne\/logiciel\/microgaming","title":{"rendered":"Microgaming Casino"},"content":{"rendered":"<h2>Microgaming Casinos<\/h2>\n<p>Les <strong>Casinos Microgaming<\/strong> offrent des bonus de bienvenue en plusieurs parties aux joueurs canadiens et qu\u00e9b\u00e9cois. Ces bonus casino sont divis\u00e9s en trois \u00e0 quatre \u00e9tapes, avec des totaux variant entre 500$ et 1600$. <\/p>\n<p>Les <a href=\"https:\/\/www.bonus.ca\/fr\/\">meilleur casino en ligne<\/a> offrant une petite s\u00e9lection de jeux Microgaming ont g\u00e9n\u00e9ralement des bonus plus petits mais ajoutent d&#8217;autres avantages suppl\u00e9mentaires comme des tours gratuits ou des bonus sans d\u00e9p\u00f4t.<\/p>\n<p>Le Canada accepte les jeux microgaming depuis 1994. La plupart des gros joueurs canadiens adorent les jeux de casino Microgaming, surtout puisqu&#8217;ils sont offerts par les casinos canadiens comme Zodiac du groupe Rewards.<\/p>\n<p>Il y a plusieurs avantages \u00e0 choisir un casino qui offre les jeux en ligne Microgaming. On pense ici \u00e0 vos jeux pr\u00e9f\u00e9r\u00e9s mais aussi \u00e0 la flexibilit\u00e9 des m\u00e9thodes bancaires et paiements rapides. <\/p>\n<p>En effet, la plupart des casinos Microgaming acceptent les m\u00e9thodes suivantes: eCheck, Interac, PaySafeCard, iDebit, etc.<\/p>\n<h2>Casino Microgaming Bonus<\/h2>\n<p>Les bonus Microgaming sont juteux (jusqu&#8217;\u00e0 1600$).<\/p>\n<p>Normalement, les casinos en ligne canadiens offrent une \u00e9quivalence sur d\u00e9p\u00f4t ou des tours gratuits. Toutefois, les joueurs canadiens sont fortement r\u00e9compens\u00e9s dans les casinos propuls\u00e9s par Microgaming. <\/p>\n<p>Sans plus tarder, voici les meilleurs casinos canadiens pour essayer les jeux Microgaming:<\/p>\n<p>[table_start]<br \/>\n[table_head column-1=&#8217;Casino Microgaming&#8217; column-2=&#8217;Bonus&#8217;]<br \/>\n[table_row column-1=&#8217;LeoVegas&#8217; column-2=&#8221;200 tours gratuits &#038; 1000$&#8221;]<br \/>\n[table_row column-1=&#8217;PartyCasino&#8217; column-2=&#8217;500$ en bonus &#038; 120 tours gratuits&#8217;]<br \/>\n[table_row column-1=&#8217;Playamo&#8217; column-2=&#8217;1500$ en bonus &#038; 150 tours gratuits&#8217;]<br \/>\n[table_row column-1=&#8217;Zodiac Casino&#8217; column-2=&#8217;80 tours pour 1$&#8217;]<br \/>\n[table_row column-1=&#8217;Rizk Casino&#8217; column-2=&#8221;100 tours gratuits \u00e0 l&#8217;inscrition&#8221;]<br \/>\n[table_row column-1=&#8217;Spin Casino&#8217; column-2=&#8217;1000$ en bonus &#038; 100 tours gratuits&#8217;]<br \/>\n[table_row column-1=&#8217;Jonny Jackpot&#8217; column-2=&#8221;10o tours gratuits &#038; 1000$ en bonus&#8221;]<br \/>\n[table_row column-1=&#8217;Grand Mondial Casino&#8217; column-2=&#8217;150 tours pour 10$&#8217;]<br \/>\n[table_row column-1=&#8217;Yukon Gold Casino&#8217; column-2=&#8217;125 tours pour 10$&#8217;]<br \/>\n[table_row column-1=&#8217;Quatro Casino&#8217; column-2=&#8217;700 tours gratuits suite au d\u00e9p\u00f4t&#8217;]<br \/>\n[table_row column-1=&#8217;Dunder&#8217; column-2=&#8217;25$ pour 180 tours gratuits&#8217;]<br \/>\n[table_row column-1=&#8217;Casumo&#8217; column-2=&#8217;Doublez votre d\u00e9p\u00f4t et 100 tours gratuits&#8217;]<br \/>\n[table_row column-1=&#8217;Royal Panda Casino&#8217; column-2=&#8217;500$ en bonus &#038; 10 tours gratuits&#8217;]<br \/>\n[table_row column-1=&#8217;Betway Casino&#8217; column-2=&#8217;1000$ en bonus&#8217;]<br \/>\n[table_row column-1=&#8217;PlayOJO Casino&#8217; column-2=&#8217;80 tours gratuits sur Book of Death&#8217;]<br \/>\n[table_row column-1=&#8217;VegasHero&#8217; column-2=&#8217;1000$ en bonus&#8217;]<br \/>\n[table_row column-1=&#8217;Captain Cook Casino&#8217; column-2=&#8217;100 tours pour 5$&#8217;]<br \/>\n[table_end]<\/p>\n<div id=\"attachment_11937\" style=\"width: 1546px\" class=\"wp-caption alignnone\"><img loading=\"lazy\" decoding=\"async\" aria-describedby=\"caption-attachment-11937\" src=\"https:\/\/www.bonus.ca\/fr\/images\/casino-bonus-jackpotcity.jpg\" alt=\"casino bonus jackpotcity\" width=\"1536\" height=\"1024\" class=\"size-full wp-image-11937\" \/><p id=\"caption-attachment-11937\" class=\"wp-caption-text\">Profitez d&#8217;un gros bonus microgaming au casino en ligne Jackpot City. Il s&#8217;agit du plus gros bonus microgaming canadien.<\/p><\/div>\n<h3>Casino Microgaming Bonus Sans D\u00e9p\u00f4t<\/h3>\n<p>Si vous aimez jouer \u00e0 des jeux gratuits sur des machines \u00e0 sous ou simplement jouer au casino gratuitement, vous devez trouver un casino en ligne qui a des jeux microgaming.<\/p>\n<p>Voici quelques Microgaming Casinos en ligne qui offrent des <a href=\"https:\/\/www.bonus.ca\/fr\/casino-bonus\/sans-depot\">bonus casino sans d\u00e9p\u00f4t<\/a> avec leur bonus de bienvenue (no deposit bonus):<\/p>\n<p>[table_start]<br \/>\n[table_head column-1=&#8217;Casino Microgaming&#8217; column-2=&#8217;Bonus Sans D\u00e9p\u00f4t&#8217;]<br \/>\n[table_row column-1=&#8217;LeoVegas&#8217; column-2=&#8217;200 tours gratuits&#8217;]<br \/>\n[table_row column-1=&#8217;Zodiac Casino&#8217; column-2=&#8217;80 tours gratuits&#8217;]<br \/>\n[table_row column-1=&#8217;JonnyJackpot Casino&#8217; column-2=&#8217;100 tours gratuits&#8217;]<br \/>\n[table_row column-1=&#8217;Rizk&#8217; column-2=&#8217;100 tours gratuits&#8217;]<br \/>\n[table_row column-1=&#8217;PlayOJO&#8217; column-2=&#8217;80 tours gratuits&#8217;]<br \/>\n[table_row column-1=&#8217;PartyCasino&#8217; column-2=&#8217;120 tours gratuits&#8217;]<br \/>\n[table_row column-1=&#8217;Dunder&#8217; column-2=&#8217;20 tours gratuits&#8217;]<br \/>\n[table_row column-1=&#8217;Frank &#038; Fred&#8217; column-2=&#8217;300 tours gratuits&#8217;]<br \/>\n[table_row column-1=&#8217;Genesis Casino&#8217; column-2=&#8217;300 tours gratuits&#8217;]<br \/>\n[table_row column-1=&#8217;King Billy Casino&#8217; column-2=&#8217;21 tours gratuits sans d\u00e9p\u00f4t&#8217;]<br \/>\n[table_end]<\/p>\n<p>Notez que ces <a href=\"https:\/\/www.bonus.ca\/fr\/casino-en-ligne\/nouveaux\">nouveaux casinos en ligne<\/a> Microgaming (ou du moins les plus r\u00e9cents) ont des bonus plus petits mais de meilleures conditions de mise. <\/p>\n<p>Par exemple, chez Rizk Casino et chez Guts Casino, vous recevrez des tours gratuits sans aucune condition: jouez les tours gratuits et encaissez vos gains instantan\u00e9ment si vous gagnez.<\/p>\n<div id=\"attachment_11949\" style=\"width: 1546px\" class=\"wp-caption alignnone\"><img loading=\"lazy\" decoding=\"async\" aria-describedby=\"caption-attachment-11949\" src=\"https:\/\/www.bonus.ca\/fr\/images\/king-billy-microgaming-bonus.jpg\" alt=\"microgaming casino bonus King Billy\" width=\"1536\" height=\"1024\" class=\"size-full wp-image-11949\" \/><p id=\"caption-attachment-11949\" class=\"wp-caption-text\">King Billy Casino vous offre 21 tours gratuits sans aucun d\u00e9p\u00f4t sur Immortal Romance de Microgaming.<\/p><\/div>\n<h2>Meilleurs Bonus Microgaming<\/h2>\n<p>Les bonus Microgaming se composent de 3 \u00e0 5 bonus et peuvent vous apporter au total entre 500 et 1600$ en bonus. Il est important de garder un \u0153il sur ces forfaits pour conna\u00eetre les pourcentages d&#8217;\u00e9quivalence.<\/p>\n<p>De fa\u00e7on g\u00e9n\u00e9rale, un bonus casino en plusieurs parties commence par un bonus \u00e0 100%. Les prochains bonus d\u00e9pendent du casino. <\/p>\n<p>Ils peuvent \u00eatre soit 100%, soit plus souvent autour de 50% ou 25%. Ces \u00e9quivalences font une \u00e9norme diff\u00e9rence pour vous en tant que joueur.<\/p>\n<p>Seuls les nouveaux joueurs intelligents qui lisent des sites comme BonusFinder r\u00e9alisent qu&#8217;il y a plus que les gros chiffres dans les bonus. Vous devrez toujours tenir compte du bonus de mise en \u00e9quivalence de d\u00e9p\u00f4t. Ce sont souvent les d\u00e9tails comme les pourcentages en \u00e9quivalence qui font toute la diff\u00e9rence.<\/p>\n<div id=\"attachment_4704\" style=\"width: 1210px\" class=\"wp-caption alignnone\"><img loading=\"lazy\" decoding=\"async\" aria-describedby=\"caption-attachment-4704\" src=\"https:\/\/www.bonus.ca\/fr\/images\/microgaming-bonus.png\" alt=\"microgaming bonus\" width=\"1200\" height=\"500\" class=\"size-full wp-image-4704\" \/><p id=\"caption-attachment-4704\" class=\"wp-caption-text\">La machine \u00e0 sous Jackpot Mega Moolah pr\u00e9sente le plus gros lot que vous trouverez en ligne. Il a pay\u00e9 5 millions de dollars (!) en moyenne pour chaque gros lot progressif gagn\u00e9.<\/p><\/div>\n<h2>Nouveaux Casinos Microgaming 2026<\/h2>\n<p>La derni\u00e8re vague de nouveaux casinos Microgaming comprend de grands noms comme <a href=\"https:\/\/www.bonus.ca\/fr\/lucky-days\">Lucky Days Casino<\/a>. Ces nouveaux casinos en ligne offrent \u00e9galement des jeux provenant de diff\u00e9rents fournisseurs de jeux tels que Big Time Gaming, Blueprint Gaming et Playson.<\/p>\n<p>Consultez notre liste des meilleurs nouveaux casinos. Certains de ces sites sont compl\u00e8tement nouveaux, d&#8217;autres sont nouveaux au Canada apr\u00e8s des ann\u00e9es d&#8217;exploitation sur d&#8217;autres march\u00e9s (principalement au Royaume-Uni et dans le reste de l&#8217;Europe).<\/p>\n<p>Les anciens et les nouveaux casinos Microgaming offrent de bons bonus. Cependant, notez que m\u00eame si les plus r\u00e9cents sites peuvent annoncer des bonus plus petits, ces petites promotions ont en fait des conditions beaucoup plus avantageuses pour les joueurs. <\/p>\n<p>Ces meilleures r\u00e8gles incluent des choses comme des conditions de mise plus petites et des tours suppl\u00e9mentaires sans limites de gains.<\/p>\n<h3>Termes &#038; Conditions<\/h3>\n<p>La plupart des sites Microgaming utilisent un syst\u00e8me de bonus similaire aux bonus poker, o\u00f9 votre compte est divis\u00e9 en deux parties: argent r\u00e9el (argent) et argent bonus. Le solde du compte que vous voyez lorsque vous \u00eates connect\u00e9 au logiciel t\u00e9l\u00e9chargeable Microgaming est un total combin\u00e9 de ces deux comptes.<\/p>\n<p>Pendant que vous jouez, les fonds de bonus sont automatiquement effac\u00e9s et lib\u00e9r\u00e9s dans votre compte en argent r\u00e9el. Les fonds sont le plus souvent distribu\u00e9s par tranche de 10 dollars.<\/p>\n<p>Selon le casino, la lib\u00e9ration de votre bonus n\u00e9cessite un jeu de 30 \u00e0 50 fois. Cela signifie que pour lib\u00e9rer chaque versement de 10$ en argent r\u00e9el, vous devez miser de 300$ \u00e0 500$. Toutes les mises sont prises en compte et vous constaterez que quelques minutes de machines \u00e0 sous \u00e0 1$ vous permettront d&#8217;\u00e9conomiser une part surprenante de votre argent bonus.<\/p>\n<p>Les machines \u00e0 sous sont toujours le jeu de pr\u00e9dilection pour les bonus, car certains autres jeux ne versent pas la totalit\u00e9 de la somme mis\u00e9e pour lib\u00e9rer le bonus. Les pourcentages de contribution typiques des jeux Microgaming sont les suivants:<\/p>\n<ul>\n<li>100% de machines \u00e0 sous, Roulette am\u00e9ricaine, Keno, gratteux<\/li>\n<li>50% de jeux de poker de table (sauf la s\u00e9rie Gold), Casino War, Sic Bo<\/li>\n<li>10% de vid\u00e9o poker, poker de table s\u00e9rie Gold, Craps, Baccara, Blackjack (sauf Classic), tables de roulette<\/li>\n<li>Blackjack classique \u00e0 2%, poker vid\u00e9o All Aces<\/li>\n<\/ul>\n<h2>\u00c0 Propos de Microgaming<\/h2>\n<p>Microgaming pr\u00e9tend \u00eatre la premi\u00e8re entreprise, en 1994, \u00e0 sortir des jeux de casino en ligne en argent r\u00e9el. Que cela soit vrai ou non est sujet \u00e0 d\u00e9bat, mais ce qui ne peut \u00eatre ni\u00e9, c&#8217;est qu&#8217;au cours des deux derni\u00e8res d\u00e9cennies, Microgaming a connu un \u00e9norme succ\u00e8s.<\/p>\n<p>Microgaming est une soci\u00e9t\u00e9 de jeux de plusieurs milliards de dollars qui appartient encore aujourd&#8217;hui \u00e0 des particuliers. Donc, en fait, personne ne sait avec certitude \u00e0 qui il appartient.<\/p>\n<p>Bien que la propri\u00e9t\u00e9 de l&#8217;entreprise soit priv\u00e9e, tous ceux qui ont d\u00e9j\u00e0 jou\u00e9 en ligne connaissent l&#8217;entreprise d&#8217;une mani\u00e8re ou d&#8217;une autre. <\/p>\n<p>Microgaming fournit des jeux de casino \u00e0 des centaines de casinos en ligne, g\u00e8re son r\u00e9seau de poker MPN Poker, fourni un bingo en ligne \u00e0 des centaines de salles de bingo en ligne, etc.<\/p>\n<p>L&#8217;offre de casinos de Microgaming, d\u00e9velopp\u00e9e par <a href=\"https:\/\/www.derivco.com\/\" target=\"_blank\" rel=\"noopener noreferrer\">Derivco<\/a> en Afrique du Sud, compte plus de 850 jeux. Et ce n&#8217;est pas tous les jeux qui ont \u00e9t\u00e9 cr\u00e9\u00e9 au fil des ans (plus de 1200), car la soci\u00e9t\u00e9 supprime parfois des jeux de son logiciel.<\/p>\n<p>Microgaming est surtout connu pour ses logiciels t\u00e9l\u00e9chargeables, mais maintenant en 2026, la plupart des joueurs pr\u00e9f\u00e8rent une approche sans t\u00e9l\u00e9chargement sur leur casino en ligne et jouent directement dans leur navigateur. Pour ce style moderne de jeu sur Internet, Microgaming poss\u00e8de sa technologie Quickfire. <\/p>\n<p>Il charge les jeux dans votre navigateur et vous obtenez la m\u00eame exp\u00e9rience que si vous utilisiez le logiciel t\u00e9l\u00e9chargeable. Donc, Quickfire est ce qui travaille derri\u00e8re ces boutons &#8220;jouez instantan\u00e9ment&#8221; que vous voyez dans les casinos.<\/p>\n<p>Quickfire ou version t\u00e9l\u00e9chargeable, s&#8217;il y a une chose que Microgaming conna\u00eet, ce sont les machines \u00e0 sous.<\/p>\n<h3>Machines \u00e0 Sous Microgaming Populaires<\/h3>\n<p>Microgaming est connu pour d\u00e9velopper certains des jeux de machines \u00e0 sous en ligne les plus c\u00e9l\u00e8bres. C&#8217;est la soci\u00e9t\u00e9 derri\u00e8re Mega Moolah, Thunderstruck, Wheel of Wishes et bien d&#8217;autres que chaque joueur de machines \u00e0 sous en ligne a jou\u00e9 au moins une fois. Il a \u00e9galement \u00e9t\u00e9 la premi\u00e8re entreprise \u00e0 cr\u00e9er un jeu de machine \u00e0 sous avec pool de gros lots.<\/p>\n<p>Imaginez plus de 700 jeux sont des machines \u00e0 sous. Parmi celles-ci, la plus connue est, sans aucun doute, Mega Moolah.<\/p>\n<p>Mega Moolah est un jeu de gros lot progressif. Chaque fois que quelqu&#8217;un joue un tour, une partie de sa mise va dans le <em>pool<\/em> du gros lot du jeu. Une fois que quelqu&#8217;un tombe sur une combinaison gagnante tr\u00e8s difficile \u00e0 obtenir, cette personne gagne tout ce qui se trouve dans le <em>pool<\/em> du gros lot. Ce concept de pool de gros lot a \u00e9t\u00e9 mis en ligne en 1998 par, vous l&#8217;avez devin\u00e9, Microgaming.<\/p>\n<p>Mega Moolah est devenu super populaire puisque le gros lot a \u00e9t\u00e9 gagn\u00e9 plus de cent millions de fois au fil des ann\u00e9es. Le gros lot est g\u00e9n\u00e9ralement entre 3 et 5 millions de dollars. Il y a plusieurs personnes qui sont devenus millionnaires au Canada gr\u00e2ce au jeu Mega Moolah. D&#8217;ailleurs, Zodiac Casino en a fait plus qu&#8217;un.<\/p>\n<p>Outre les machines \u00e0 sous \u00e0 jackpot, qui ont pay\u00e9 plus d&#8217;un milliard de dollars au cours des ann\u00e9es via les gros lots , Microgaming est surtout connu pour ses machines \u00e0 sous en ligne. Si un jeu de cette liste est nouveau pour vous, nous vous recommandons fortement de l&#8217;essayer!<\/p>\n<p><strong>Les meilleures machines \u00e0 sous Microgaming:<\/strong><\/p>\n<ul>\n<li>Mega Moolah<\/li>\n<li>Thunderstruck I et II <\/li>\n<li>Lucky Little Gods <\/li>\n<li>Terminator 2 <\/li>\n<li>Bridesmaids<\/li>\n<li>Jurassic Park <\/li>\n<li>Immortal Romance<\/li>\n<li>Jungle Jim El Dorado <\/li>\n<li>Game of Thrones <\/li>\n<li>Avalon I et II <\/li>\n<li>Immortal Creatures<\/li>\n<\/ul>\n<p>Voici \u00e0 quoi ressemble un des petits nouveaux &#8211; voici Lucky Little Gods:<\/p>\n<div class=\"video-wrapper\">\n\t<div class=\"youtube-player embed-player no-margin\" data-id=2K0mUvK5WjI><\/div>\n<\/div>\n\n<h3>Microgaming Casino Mobile<\/h3>\n<p>Les joueurs du Canada peuvent jouer aux jeux de casino Microgaming facilement. La plupart des casinos mobiles Microgaming n&#8217;ont pas besoin d&#8217;applications. <\/p>\n<p>Vous pouvez jouer directement depuis votre nativateur et le jeu se chargera imm\u00e9diatement sur votre appareil gr\u00e2ce \u00e0 la technologie de Quickfire.<\/p>\n<p>[table_start]<br \/>\n[table_head column-1=&#8217;Casino&#8217; column-2=&#8217;App&#8217; column-3=&#8217;Mobile&#8217;]<br \/>\n[table_row column-1=&#8217;<strong>Zodiac Casino<\/strong>&#8216; column-2=&#8217;Non&#8217; column-3=&#8217;Android et iOS&#8217;]<br \/>\n[table_row column-1=&#8217;<strong>Jonny Jackpot<\/strong>&#8216; column-2=&#8217;Non&#8217; column-3=&#8217;Android et iOS&#8217;]<br \/>\n[table_row column-1=&#8217;<strong>Rizk<\/strong>&#8216; column-2=&#8217;Non&#8217; column-3=&#8217;Android et iOS&#8217;]<br \/>\n[table_row column-1=&#8217;<strong>LeoVegas<\/strong>&#8216; column-2=&#8217;Oui&#8217; column-3=&#8217;Android et iOS&#8217;]<br \/>\n[table_row column-1=&#8217;<strong>Spin Casino<\/strong>&#8216; column-2=&#8217;Non&#8217; column-3=&#8217;Android et iOS&#8217;]<br \/>\n[table_row column-1=&#8217;<strong>Betway<\/strong>&#8216; column-2=&#8217;Non&#8217; column-3=&#8217;Android et iOS&#8217;]<br \/>\n[table_end]<\/p>\n<p>Comme vous pouvez le constater, le casino en ligne Leovegas est le seul casino Microgaming avec une application. L&#8217;application n&#8217;est pas disponible sur Google Play ou Apple Store. Vous n&#8217;aurez qu&#8217;\u00e0 t\u00e9l\u00e9charger l&#8217;application suite \u00e0 votre inscription.<\/p>\n<div id=\"attachment_5160\" style=\"width: 810px\" class=\"wp-caption alignnone\"><img loading=\"lazy\" decoding=\"async\" aria-describedby=\"caption-attachment-5160\" src=\"https:\/\/www.bonus.ca\/fr\/images\/leovegas-bonuses.jpg\" alt=\"casino microgaming\" width=\"800\" height=\"383\" class=\"size-full wp-image-5160\" \/><p id=\"caption-attachment-5160\" class=\"wp-caption-text\">LeoVegas Casino est <em>le<\/em> meilleur casino Microgaming sur mobile. Vous pourrez m\u00eame y jouer gratuitement avec leur bonus sans d\u00e9p\u00f4t. C&#8217;est l&#8217;une des meilleures offres de bonus au Canada.<\/p><\/div>\n<h3>Casino Live Microgaming<\/h3>\n<p>En ce qui concerne les jeux de croupiers en direct, Microgaming a tout un pouvoir d&#8217;attraction: ses croupiers sont des lapins Playboy.<\/p>\n<p>Microgaming est une grande entreprise qui n&#8217;h\u00e9site pas \u00e0 investir beaucoup d&#8217;argent. Vous trouverez par exemple beaucoup de machines \u00e0 sous \u00e0 th\u00e8me Hollywood dans ces casinos.<\/p>\n<p>Au-del\u00e0 de l&#8217;apparence, les jeux de croupiers en direct offrent l&#8217;exp\u00e9rience haut de gamme \u00e0 laquelle vous vous attendez. Les limites de mise sont extr\u00eamement \u00e9lev\u00e9es, allant jusqu&#8217;\u00e0 des milliers par main ou par tour. <\/p>\n<p>La certification eCogra garantie la s\u00e9curit\u00e9 des jeux. Chaque seconde de chaque jeu est enregistr\u00e9e et sauvegard\u00e9e, donc si des d\u00e9saccords surviennent, les \u00e9v\u00e9nements peuvent toujours \u00eatre rev\u00e9rifi\u00e9s plus tard.<\/p>\n<h2>Avis sur Microgaming Canada<\/h2>\n<p>Microgaming est un fournisseur de jeux de casino populaire et on comprend facilement pourquoi. La plupart de leurs jeux de casino ont fait fureur parmis les joueurs du Canada et du Qu\u00e9bec. Non seulement les casinos Microgaming vous offrent des bonus casino g\u00e9niaux, mais \u00e9galement un syst\u00e8me facile \u00e0 utiliser qui vous promet des paiements rapides et des m\u00e9thodes bancaires s\u00e9curitaires.<\/p>\n<p>Consultez la liste des meilleurs bonus Microgaming en haut de cette page et obtenez vos bonus casino d\u00e8s aujourd&#8217;hui.<\/p>\n","protected":false},"excerpt":{"rendered":"<p>Microgaming Casinos Les Casinos Microgaming offrent des bonus de bienvenue en plusieurs parties aux joueurs canadiens et qu\u00e9b\u00e9cois. Ces bonus casino sont divis\u00e9s en trois \u00e0 quatre \u00e9tapes, avec des totaux variant entre 500$ et 1600$. Les meilleur casino en ligne offrant une petite s\u00e9lection de jeux Microgaming ont g\u00e9n\u00e9ralement des bonus plus petits mais [&hellip;]<\/p>\n","protected":false},"author":67,"featured_media":0,"parent":8311,"menu_order":0,"comment_status":"closed","ping_status":"closed","template":"","meta":{"inline_featured_image":false,"_glsr_average":0,"_glsr_ranking":0,"_glsr_reviews":0,"footnotes":""},"class_list":["post-4848","page","type-page","status-publish","hentry"],"yoast_head":"<!-- This site is optimized with the Yoast SEO plugin v27.4 - https:\/\/yoast.com\/product\/yoast-seo-wordpress\/ -->\n<title>Casino en Ligne Microgaming | Canada [year]<\/title>\n<meta name=\"description\" content=\"Microgaming est le meilleur fournisseur de jeux de casino \u2b50| Ces casinos offrent les top bonus sans d\u00e9p\u00f4t \u27a1\ufe0f Testez les jeux gratuitement!\" \/>\n<meta name=\"robots\" content=\"index, follow, max-snippet:-1, max-image-preview:large, max-video-preview:-1\" \/>\n<link rel=\"canonical\" href=\"https:\/\/www.bonus.ca\/fr\/casino-en-ligne\/logiciel\/microgaming\" \/>\n<meta property=\"og:type\" content=\"article\" \/>\n<meta property=\"og:title\" content=\"Casino en Ligne Microgaming | Canada [year]\" \/>\n<meta property=\"og:description\" content=\"Microgaming est le meilleur fournisseur de jeux de casino \u2b50| Ces casinos offrent les top bonus sans d\u00e9p\u00f4t \u27a1\ufe0f Testez les jeux gratuitement!\" \/>\n<meta property=\"og:url\" content=\"https:\/\/www.bonus.ca\/fr\/casino-en-ligne\/logiciel\/microgaming\" \/>\n<meta property=\"article:published_time\" content=\"2018-06-01T08:26:36+00:00\" \/>\n<meta property=\"article:modified_time\" content=\"2025-05-21T08:42:54+00:00\" \/>\n<meta name=\"twitter:card\" content=\"summary_large_image\" \/>\n<meta name=\"twitter:label1\" content=\"Est. reading time\" \/>\n\t<meta name=\"twitter:data1\" content=\"10 minutes\" \/>\n<!-- \/ Yoast SEO plugin. -->","yoast_head_json":{"title":"Casino en Ligne Microgaming | Canada [year]","description":"Microgaming est le meilleur fournisseur de jeux de casino \u2b50| Ces casinos offrent les top bonus sans d\u00e9p\u00f4t \u27a1\ufe0f Testez les jeux gratuitement!","robots":{"index":"index","follow":"follow","max-snippet":"max-snippet:-1","max-image-preview":"max-image-preview:large","max-video-preview":"max-video-preview:-1"},"canonical":"https:\/\/www.bonus.ca\/fr\/casino-en-ligne\/logiciel\/microgaming","og_type":"article","og_title":"Casino en Ligne Microgaming | Canada [year]","og_description":"Microgaming est le meilleur fournisseur de jeux de casino \u2b50| Ces casinos offrent les top bonus sans d\u00e9p\u00f4t \u27a1\ufe0f Testez les jeux gratuitement!","og_url":"https:\/\/www.bonus.ca\/fr\/casino-en-ligne\/logiciel\/microgaming","article_published_time":"2018-06-01T08:26:36+00:00","article_modified_time":"2025-05-21T08:42:54+00:00","twitter_card":"summary_large_image","twitter_misc":{"Est. reading time":"10 minutes"},"schema":{"@context":"https:\/\/schema.org","@graph":[{"@type":"WebPage","@id":"https:\/\/www.bonus.ca\/fr\/casino-en-ligne\/logiciel\/microgaming","url":"https:\/\/www.bonus.ca\/fr\/casino-en-ligne\/logiciel\/microgaming","name":"Casino en Ligne Microgaming | Canada [year]","isPartOf":{"@id":"https:\/\/www.bonus.ca\/fr\/#website"},"primaryImageOfPage":{"@id":"https:\/\/www.bonus.ca\/fr\/casino-en-ligne\/logiciel\/microgaming#primaryimage"},"image":{"@id":"https:\/\/www.bonus.ca\/fr\/casino-en-ligne\/logiciel\/microgaming#primaryimage"},"thumbnailUrl":"https:\/\/www.bonus.ca\/fr\/images\/casino-bonus-jackpotcity.jpg","datePublished":"2018-06-01T08:26:36+00:00","dateModified":"2025-05-21T08:42:54+00:00","description":"Microgaming est le meilleur fournisseur de jeux de casino \u2b50| Ces casinos offrent les top bonus sans d\u00e9p\u00f4t \u27a1\ufe0f Testez les jeux gratuitement!","breadcrumb":{"@id":"https:\/\/www.bonus.ca\/fr\/casino-en-ligne\/logiciel\/microgaming#breadcrumb"},"inLanguage":"en-US","potentialAction":[{"@type":"ReadAction","target":["https:\/\/www.bonus.ca\/fr\/casino-en-ligne\/logiciel\/microgaming"]}]},{"@type":"ImageObject","inLanguage":"en-US","@id":"https:\/\/www.bonus.ca\/fr\/casino-en-ligne\/logiciel\/microgaming#primaryimage","url":"","contentUrl":""},{"@type":"BreadcrumbList","@id":"https:\/\/www.bonus.ca\/fr\/casino-en-ligne\/logiciel\/microgaming#breadcrumb","itemListElement":[{"@type":"ListItem","position":1,"name":"Home","item":"https:\/\/www.bonus.ca\/fr\/"},{"@type":"ListItem","position":2,"name":"Casino argent r\u00e9\u00e8l","item":"https:\/\/www.bonus.ca\/fr\/casino-en-ligne"},{"@type":"ListItem","position":3,"name":"Logiciels de Casino","item":"https:\/\/www.bonus.ca\/fr\/casino-en-ligne\/logiciel"},{"@type":"ListItem","position":4,"name":"Microgaming Casino"}]},{"@type":"WebSite","@id":"https:\/\/www.bonus.ca\/fr\/#website","url":"https:\/\/www.bonus.ca\/fr\/","name":"BonusFinder Canada (Fran\u00e7ais)","description":"La source de bonus n\u00b0 1 au Canada","potentialAction":[{"@type":"SearchAction","target":{"@type":"EntryPoint","urlTemplate":"https:\/\/www.bonus.ca\/fr\/?s={search_term_string}"},"query-input":{"@type":"PropertyValueSpecification","valueRequired":true,"valueName":"search_term_string"}}],"inLanguage":"en-US"}]}},"_links":{"self":[{"href":"https:\/\/www.bonus.ca\/fr\/wp-json\/wp\/v2\/pages\/4848","targetHints":{"allow":["GET"]}}],"collection":[{"href":"https:\/\/www.bonus.ca\/fr\/wp-json\/wp\/v2\/pages"}],"about":[{"href":"https:\/\/www.bonus.ca\/fr\/wp-json\/wp\/v2\/types\/page"}],"author":[{"embeddable":true,"href":"https:\/\/www.bonus.ca\/fr\/wp-json\/wp\/v2\/users\/67"}],"replies":[{"embeddable":true,"href":"https:\/\/www.bonus.ca\/fr\/wp-json\/wp\/v2\/comments?post=4848"}],"version-history":[{"count":14,"href":"https:\/\/www.bonus.ca\/fr\/wp-json\/wp\/v2\/pages\/4848\/revisions"}],"predecessor-version":[{"id":24232,"href":"https:\/\/www.bonus.ca\/fr\/wp-json\/wp\/v2\/pages\/4848\/revisions\/24232"}],"up":[{"embeddable":true,"href":"https:\/\/www.bonus.ca\/fr\/wp-json\/wp\/v2\/pages\/8311"}],"wp:attachment":[{"href":"https:\/\/www.bonus.ca\/fr\/wp-json\/wp\/v2\/media?parent=4848"}],"curies":[{"name":"wp","href":"https:\/\/api.w.org\/{rel}","templated":true}]}}