{"id":4850,"date":"2018-06-01T08:38:13","date_gmt":"2018-06-01T08:38:13","guid":{"rendered":"https:\/\/www.bonus.ca\/fr\/?page_id=4850"},"modified":"2025-05-21T09:04:18","modified_gmt":"2025-05-21T09:04:18","slug":"paris-sportifs","status":"publish","type":"page","link":"https:\/\/www.bonus.ca\/fr\/paris-sportifs","title":{"rendered":"Paris Sportifs"},"content":{"rendered":"<h2>Sites de Paris Sportifs au Canada 2026<\/h2>\n<p>Obtenez plus d&#8217;argent pour miser sur les sports lorsque vous vous inscrivez sur l&#8217;un des casinos en ligne suivants. Certaines offres vous permettent de miser gratuitement ou de miser sans risque. Chez BonusFinder, nous vous offrons des bonus sur les sports int\u00e9ressants.<\/p>\n<p><strong>Voici les 10 meilleurs offres sur le sport en ce moment:<\/strong><\/p>\n<p>[table_start]<br \/>\n[table_head column-1=&#8217;Casino&#8217; column-2=&#8217;Bonus&#8217;  column-3=&#8217;Casino Mobile&#8217;]<br \/>\n[table_row column-1=&#8217;LeoVegas&#8217; column-2=&#8221;1000$ en bonus+ 75$ en paris gratuits&#8221; column-3=&#8217;Oui&#8217;]<br \/>\n[table_row column-1=&#8217;888 Sports&#8217; column-2=&#8221;200$ en bonus&#8221; column-3=&#8217;Oui&#8217;]<br \/>\n[table_row column-1=&#8217;<a href=\"https:\/\/www.bonus.ca\/fr\/tonybet-casino\">TonyBet Casino<\/a>&#8216; column-2=&#8217;350$ en paris gratuits&#8217; column-3=&#8217;Oui&#8217;]<br \/>\n[table_row column-1=&#8217;SpinSports&#8217; column-2=&#8221;200$ en paris gratuit&#8221; column-3=&#8217;Oui&#8217;]<br \/>\n[table_row column-1=&#8217;22 Bet&#8217; column-2=&#8221;300$ en bonus&#8221; column-3=&#8217;Oui&#8217;]<br \/>\n[table_row column-1=&#8217;Karamba&#8217; column-2=&#8217;10$ en paris gratuits&#8217; column-3=&#8217;Oui&#8217;]<br \/>\n[table_row column-1=&#8217;Betway&#8217; column-2=&#8221;200$&#8221; column-3=&#8217;Oui&#8217;]<br \/>\n[table_row column-1=&#8217;Guts Casino&#8217; column-2=&#8217;200$ en bonus&#8217; column-3=&#8217;Oui&#8217;]<br \/>\n[table_row column-1=&#8217;Rizk&#8217; column-2=&#8221;100$ en bonus&#8221; column-3=&#8217;Oui&#8217;]<br \/>\n[table_row column-1=&#8217;William Hill&#8217; column-2=&#8217;250$ en paris gratuits&#8217; column-3=&#8217;Oui&#8217;]<br \/>\n[table_end]<\/p>\n<h2>Paris Gratuits et Bonus pour les Nouveaux Joueurs<\/h2>\n<p>Les bonus sur le sport et les paris gratuits peuvent \u00eatre diff\u00e9rents d&#8217;un casino \u00e0 l&#8217;autre. Certains demandent des d\u00e9p\u00f4ts plut\u00f4t \u00e9lev\u00e9s. En g\u00e9n\u00e9ral, il est recommand\u00e9 de comparer les offres pour trouver le casino qui vous convient. D&#8217;ailleurs, vous pourriez m\u00eame trouver un casino qui vous fait une offre de tours gratuits sur votre machine \u00e0 sous pr\u00e9f\u00e9r\u00e9e.<\/p>\n<h3>Types de Paris &#038; Offres sur le Sport<\/h3>\n<p>Voici les quatre types de bonus sur les paris sportifs, disponibles sur les sites de jeux destin\u00e9s aux Canadiens et Qu\u00e9b\u00e9cois:<\/p>\n<ul>\n<li><strong>Bonus sur le d\u00e9p\u00f4t<\/strong><br \/>\nD\u00e9posez pour recevoir plus d&#8217;argent pour parier. Par exemple: d\u00e9posez 50$ pour recevoir un bonus de 50$ et jouez avec 100$. Consultez les bonus offerts par un site avant de vous inscrire.<\/li>\n<li><strong>Parier sans risque<\/strong><br \/>\nFaites un paris sur le sport. Si vous gagnez, vous conservez ce que vous avez gagn\u00e9. Si vous perdez, le site de paris vous rembourse.<\/li>\n<li><strong>Paris gratuit<\/strong><br \/>\nLes sites de paris sportifs vous offrent de l&#8217;argent gratuit avec lequel parier. Le plus souvent, vous obtenez un paris gratuit de 10$ \u00e0 20$ apr\u00e8s avoir effectu\u00e9 votre premier paris en argent r\u00e9el.<\/li>\n<li><strong>Profit Boost<\/strong><br \/>\n Vos gains seront &#8220;boost\u00e9s&#8221;.<\/li>\n<\/ul>\n<p>Notez que des termes et conditions s&#8217;appliquent sur les promotions, alors assurez-vous d&#8217;y jeter un oeil avant de vous diriger vers la caisse.<\/p>\n<h3>Bonus sur D\u00e9p\u00f4t<\/h3>\n<p><strong>Les bonus de d\u00e9p\u00f4t vous remettre un pourcentage en \u00e9quivalence. Ces promotions vous rapportent plus d&#8217;argent que tout autre type de promotion.<\/strong><\/p>\n<p>Lorsque vous vous inscrivez sur un site de paris sportifs en ligne, on vous offre parfois la possibilit\u00e9 d&#8217;obtenir un bonus de d\u00e9p\u00f4t.<\/p>\n<p>Les bonus de d\u00e9p\u00f4t consistent en deux choses:<\/p>\n<ul>\n<li>Le montant maximum d&#8217;argent suppl\u00e9mentaire que vous pouvez obtenir<\/li>\n<li>Pourcentage d&#8217;\u00e9quivalence<\/li>\n<\/ul>\n<p>Par exemple, un bonus typique sur un site de paris sportif canadien pourrait \u00eatre &#8220;bonus \u00e0 100% jusqu&#8217;\u00e0 50$&#8221;. Cela veut donc dire que vous devrez d\u00e9posez 50$ pour jouer avec 100$. Le <a href=\"https:\/\/www.bonus.ca\/fr\/\">casino en ligne<\/a> double votre d\u00e9p\u00f4t.<\/p>\n<div id=\"attachment_9555\" style=\"width: 1210px\" class=\"wp-caption alignnone\"><img loading=\"lazy\" decoding=\"async\" aria-describedby=\"caption-attachment-9555\" src=\"https:\/\/www.bonus.ca\/fr\/images\/hockey-paris.jpg\" alt=\"pari sportif\" width=\"1200\" height=\"500\" class=\"size-full wp-image-9555\" \/><p id=\"caption-attachment-9555\" class=\"wp-caption-text\">Vous aimez parier sur le hockey? Vous pouvez utiliser votre bonus pour parier sur la LNH.<\/p><\/div>\n<h3>Paris en Bitcoin<\/h3>\n<p>Les paris sportifs sont encore plus amusants si vous <a href=\"https:\/\/www.bonus.ca\/fr\/casino-en-ligne\/bitcoin-casino\">utilisez la crypto-monnaie<\/a>! Sur notre liste BonusFinder, vous trouverez les meilleurs casinos en Bitcoin! <\/p>\n<h3>Paris Sans Risque<\/h3>\n<p><strong>Lorsque vous placez un paris sans risque, vous gagnez le paris ou r\u00e9cup\u00e9rez votre argent.<\/strong><\/p>\n<p>Les paris sans risque (souvent appel\u00e9s &#8220;paris gratuits&#8221;, expliqu\u00e9s ci-dessous) sont des bonus de paris courants. Les joueurs les aiment alors les sites de paris sportifs canadiens sont plus qu&#8217;heureux de les offrir.<\/p>\n<p>Les bonus de d\u00e9p\u00f4t ne sont g\u00e9n\u00e9ralement disponibles que pour les nouveaux clients mais des paris sans risque sont \u00e9galement propos\u00e9s aux clients existants. Ces promotions de fid\u00e9lisation sont courantes, en particulier lors de grands \u00e9v\u00e9nements sportifs. Les grands \u00e9v\u00e9nements incluent les s\u00e9ries \u00e9liminatoires de la LNH, les grands \u00e9v\u00e9nements de soccer (Coupe du monde, Ligue des champions) et les championnats du monde de hockey.<\/p>\n<p><strong>Un paris sans risque typique a des restrictions:<\/strong><\/p>\n<ul>\n<li>Enjeux limit\u00e9s \u00e0 10$-50$<\/li>\n<li>Paris disponibles uniquement pour un match sp\u00e9cifique<\/li>\n<li>Paris uniquement disponibles sur certains march\u00e9s<\/li>\n<li>Les cotes minimales s&#8217;appliquent (g\u00e9n\u00e9ralement 1,5 ou plus)<\/li>\n<li>Le gain maximum est limit\u00e9 (g\u00e9n\u00e9ralement 10 000$)<\/li>\n<\/ul>\n<p>Cela ressemble \u00e0 une longue liste de restrictions mais tout est tr\u00e8s simple: &#8220;Placez votre paris sans risque de 20$ aujourd&#8217;hui, sur les Canadiens de Montr\u00e9al et les Bruins de Boston.&#8221; En voil\u00e0 un exemple!<\/p>\n<h3>Paris Sportifs Gratuits<\/h3>\n<p><strong>Parier gratuitement est assez simple: le site de paris sportifs vous remet une somme pour parier gratuitement (le plus souvent 10$ ou 20$) pour que vous puissiez parier gratuitement sur votre sport pr\u00e9f\u00e9r\u00e9 ou sur la Coupe du Monde par exemple.<\/strong><\/p>\n<p>Ces paris <em>gratuits<\/em>, peuvent vous tromper. Ils sont r\u00e9serv\u00e9s aux clients qui ont montr\u00e9 qu&#8217;ils \u00e9taient pr\u00eats \u00e0 mettre leur argent en jeu. Par exemple, chez LeoVegas Sportsbook, vous recevrez un paris gratuit en argent r\u00e9el de 75$.<\/p>\n<p>Les paris gratuits ont des modalit\u00e9s et conditions simples. Tant que vous ne divisez pas le paris et que vous ne d\u00e9passez pas la limite de temps, il n&#8217;y a rien d&#8217;important \u00e0 savoir.<\/p>\n<h3>Profit Boost<\/h3>\n<p>Ces promotions sont populaires chez 888 et Unibet. En gros, vous pourrez obtenir un jeton qui vous permet de booster vos gains sur l&#8217;une de vos mises. Si vous gagnez, vous obtiendrez plus d&#8217;argent que pr\u00e9vu.<\/p>\n<h2>Meilleurs Sites de Paris Sportif en 2026<\/h2>\n<p>Il y a un bon nombre de gens qui suit le sport au Canada et au Qu\u00e9bec &#8211; hockey sur glace, football, les courses de chevaux &#8211; il y a de nombreuses opportunit\u00e9s pour lancer vos paris en ligne. Au Canada, vous trouverez plusieurs sites et casinos en ligne qui vous permettent de faire vos mises pour gagner de l&#8217;argent r\u00e9el.<\/p>\n<p>\u00c9videmment, nous nous devions de faire une liste des meilleurs sites de paris sportifs disponibles au Canada et au Qu\u00e9bec. Sans plus tarder, regardons ce comparatif des meilleurs sites pour parier en ligne.<\/p>\n<table class = \"tg\">\n<tbody>\n<tr>\n<th class = \"tg-yw4l\" style = \"padding-right: 10px;\">Comparatif<\/th>\n<th class = \"tg-yw4l\">Sites de Paris Sportifs<\/th>\n<\/tr>\n<tr>\n<td class = \"tg-yw4l\" style = \"padding-right: 10px;\">Meilleur site de pari sportif sur mobile<\/td>\n<td class = \"tg-yw4l\">Leo Vegas<\/td>\n<\/tr>\n<tr>\n<td class = \"tg-yw4l\">Meilleur site de paris sportif Canada en ligne<\/td>\n<td class = \"tg-yw4l\">Leo Vegas<\/td>\n<\/tr>\n<tr>\n<td class = \"tg-yw4l\">Meilleur site de paris eSports<\/td>\n<td class = \"tg-yw4l\">Betway<\/td>\n<\/tr>\n<tr>\n<td class = \"tg-yw4l\">Meilleur site de paris UFC<\/td>\n<td class = \"tg-yw4l\">Mr Green<\/td>\n<\/tr>\n<tr>\n<td class = \"tg-yw4l\">Meilleur site de paris LCF<\/td>\n<td class = \"tg-yw4l\">888 Sports<\/td>\n<\/tr>\n<tr>\n<td class = \"tg-yw4l\">Meilleur site de paris sur LNH\/NFL\/NBA\/MLB<\/td>\n<td class = \"tg-yw4l\">888 Sports<\/td>\n<\/tr>\n<tr>\n<td class = \"tg-yw4l\">Meilleur nouveaux sites de paris 2026<\/td>\n<td class = \"tg-yw4l\">SpinSports &#038; Guts<\/td>\n<\/tr>\n<\/tbody>\n<\/table>\n<h3>Meilleur Site de Paris Sportifs sur Mobile: LeoVegas<\/h3>\n<p>LeoVegas est le meilleur bookmaker pour les Canadiens qui parient en d\u00e9placement. C&#8217;est un jeu de paris sportif constant (pas de t\u00e9l\u00e9chargement n\u00e9cessaire), rapide et facile \u00e0 naviguer. Procurez-vous le bonus sur les paris sportifs LeoVegas et vous serez pr\u00eats \u00e0 faire vos mises sur ce <a href=\"https:\/\/www.bonus.ca\/fr\/casino-en-ligne\/mobile\">casino en ligne mobile<\/a>.<\/p>\n<p>Vous pouvez jouer \u00e0 LeoVegas avec votre tablette ou votre t\u00e9l\u00e9phone, \u00e0 condition que ce soit un t\u00e9l\u00e9phone intelligent (donc pas de Nokia 3310). Le bookmaker fonctionne sans probl\u00e8me sur iOS et Android. Vous pouvez utiliser un iPhone, Samsung ou m\u00eame un t\u00e9l\u00e9phone Windows pour faire vos paris rapidement chez LeoVegas.<\/p>\n<p>Leo Vegas poss\u00e8de l&#8217;un des meilleurs livres de paris sportifs sur le march\u00e9. Les chances de gagner sont tr\u00e8s comp\u00e9titives, la s\u00e9lection de sports est la meilleure et ils offrent les m\u00e9thodes de paiement canadiennes mieux que quiconque (oui, ils ont aussi Interac).<\/p>\n<h3>Meilleur Site pour les Paris Sportifs Live: LeoVegas<\/h3>\n<p>La section sportive de LeoVegas est la meilleure pour les paris. C&#8217;est rapide, r\u00e9actif sur mobile et vous obtenez vos paris en un rien de temps.<\/p>\n<p>Vous pouvez parier sur beaucoup de sports en direct, tels que:<\/p>\n<ul>\n<li>LNH<\/li>\n<li>NFL<\/li>\n<li>NBA<\/li>\n<li>MLS<\/li>\n<li>Tennis<\/li>\n<li>eSports<\/li>\n<li>Golf<\/li>\n<\/ul>\n<div id=\"attachment_9552\" style=\"width: 1210px\" class=\"wp-caption alignnone\"><img loading=\"lazy\" decoding=\"async\" aria-describedby=\"caption-attachment-9552\" src=\"https:\/\/www.bonus.ca\/fr\/images\/in-play-betting-1.png\" alt=\"paris sportifs\" width=\"1200\" height=\"500\" class=\"size-full wp-image-9552\" \/><p id=\"caption-attachment-9552\" class=\"wp-caption-text\">Les paris arrivent \u00e0 rendre un match de tennis ennuyant&#8230; passionnant.<\/p><\/div>\n<p>Les paris sportifs de Leo sont optimis\u00e9s pour les mobiles mais pas n\u00e9cessairement la meilleure option si vous utilisez habituellement un ordinateur.<\/p>\n<p>Pour les paris en direct sur ordinateur, rendez-vous sur la section des sports de 888 Casino qui est plus fluide sur ordinateur que ce que LeoVegas offre. Les m\u00eames sports et ligues sont \u00e9galement disponibles.<\/p>\n<h3>Meilleur Site Pour les Paris UFC et de Boxe: Mr Green<\/h3>\n<p>Au Casino Mr Green, vous trouverez un grand nombre de march\u00e9s pour les paris sur la UFC et la boxe. Pour les combats les plus importants, vous trouverez \u00e9galement des march\u00e9s avec les paris \u00e0 l&#8217;affiche sur le vainqueur et sur le nombre de rondes. Et oui, vous aurez aussi des cotes en direct.<\/p>\n<p>Chez Mr Green, pour la UFC et la boxe, il y a toujours diff\u00e9rents march\u00e9s sur lesquels miser la carte lors de combats de grandes importances. En ce qui concerne les combats en ouverture, vous verrez g\u00e9n\u00e9ralement un march\u00e9 pour le gagnant et des paris sur le nombre de rondes.<\/p>\n<p>Il est courant pour les march\u00e9s d&#8217;ouvrir de plus en plus \u00e0 proximit\u00e9 de la soir\u00e9e du combat. Vous verrez rarement un grand nombre de march\u00e9s une semaine avant le combat (\u00e0 moins que cela implique Anthony Joshua), mais le jour de la lutte, plusieurs march\u00e9s ouvrent et augmentent leurs limites de mise de sorte que vous pouvez miser plus d&#8217;argent.<\/p>\n<p>Si vous \u00eates un fan inconditionnel de MMA et que vous suivez Bellator ou KSW, ce n&#8217;est pas un probl\u00e8me. Mr Green n&#8217;a g\u00e9n\u00e9ralement pas de paris en jeu disponibles pour Bellator ou KSW, mais vous obtiendrez toujours des cotes de combat pour les vainqueurs.<\/p>\n<h3>Paris sur les eSports: Betway<\/h3>\n<p>Le <a href=\"https:\/\/www.bonus.ca\/fr\/betway\">casino en ligne Betway<\/a> est de loin le meilleur casino pour les paris sportifs pour vos paris eSports. Ils ne se contentent pas de s&#8217;en tenir aux ligues majeures, ils offrent beaucoup de petits tournois comme Hellcase Cup sur CS: GO. En plus des jeux de eSports \u00e9vidents comme League of Legends et CS: GO, Betway a \u00e9galement des jeux comme Rocket League et Starcraft Broodwar.<\/p>\n<p>Betway a pris sa place en adoptant le eSport. Vous pourrez m\u00eame voir leur logo si vous regardez Majors sur Twitch. Ils ont commandit\u00e9 l&#8217;ESL Cologne, CS: GO Pro League en plus de deux \u00e9v\u00e9nements ESL importants en 2026. Ils commanditent \u00e9galement depuis longtemps l&#8217;une des franchises les plus r\u00e9put\u00e9es de l&#8217;histoire du eSport, Ninjas in Pajamas.<\/p>\n<p>Les paris sur les eSports peuvent \u00eatre tr\u00e8s lucratifs car il n&#8217;y a pas encore beaucoup de statistiques disponibles pour les joueurs. Alors que les joueurs ont des quantit\u00e9s \u00e9normes de donn\u00e9es sur le hockey et le soccer, eSports est encore un nouveau venu alors vous pourrez certainement faire de l&#8217;argent si vous savez ce que vous faites.<\/p>\n<p>Betway offre des tournois et des jeux dans lesquels vous avez une excellente chance de gagner si vous avez une bonne compr\u00e9hension de Fnatic matchs contre Cloud9 dans CS: GO ou Serral contre Classic \u00e0 Starcraft.<\/p>\n<h3>Paris sur la LCF: Bodog<\/h3>\n<p>Pensez-vous que les Argonauts peuvent r\u00e9p\u00e9ter ce qu&#8217;ils ont fait en 2017? Rendez-vous sur Bodog, le meilleur choix pour les paris LCF. Ils sont de loin le meilleur bookmaker pour la LCF.<\/p>\n<p>Les Argos d\u00e9butent la saison 2018 comme &#8220;underdogs&#8221;, alors que Bodog les a \u00e0 9.00 pour soulever la Coupe Grey. Selon Bodog, les potentiels gagnants de l&#8217;an dernier, les Calgary Stampeders, d\u00e9butent la saison comme favoris \u00e0 seulement 3.00. Et pourquoi ne le seraient-ils pas? Apr\u00e8s tout, ils sont dirig\u00e9s par l&#8217;exp\u00e9riment\u00e9 Bo Levi Mitchell.<\/p>\n<h3 id=\"nhl\">Meilleur Site Pour les Paris Sportifs LNH, NFL, NBA et MLB: Rizk<\/h3>\n<p>Rizk est le meilleur bookmaker pour les ligues sportives majeures. Ils offrent un grand nombre de march\u00e9s pour chaque jeu pour chacun des plus grands sports au Canada. Ils excellent dans la LNH o\u00f9 vous trouverez des tonnes d&#8217;options de paris, allant des mises de parties r\u00e9guli\u00e8res aux paris sur le nombre de points d&#8217;un joueur comme Connor McDavid.<\/p>\n<p>Vous pouvez \u00e9galement miser sur chaque sport en jeu. \u00c0 l&#8217;heure des s\u00e9ries \u00e9liminatoires, ils ont tous les jeux propos\u00e9s et vous pouvez parier sur l&#8217;action en direct. En saison r\u00e9guli\u00e8re, vous aurez des jeux s\u00e9lectionn\u00e9s, mais vous \u00eates toujours certains d&#8217;avoir au moins une partie ou deux par jour. Vous verrez les jeux mis en \u00e9vidence avec &#8220;LIVE!&#8221; entre la partie et la section cotes.<\/p>\n<p>Vous trouverez tous les sports dans les livres de paris sportifs mais vous rencontrerez rarement la s\u00e9lection propos\u00e9e par Unibet. Une autre option pour les paris sur la LNH ou la NBA est LeoVegas (en particulier sur mobile), tandis que 888 Casino et Guts sont de bonnes options pour la MLB et la NFL.<\/p>\n<h3>Meilleur Casino pour les Paris sur les Courses de Chevaux<\/h3>\n<p>Saviez-vous que les paris sur les courses de chevaux existent depuis un tr\u00e8s long moment? En effets, ils existaient bien avant les jeux de casinos. Ce n&#8217;est pas dans tous les casinos que vous trouverez des offres de paris sur les chevaux. Vous trouverez les meilleures offres au Casino Betway avec leur paris gratuit et paris en direct.<\/p>\n<h2>Meilleur Nouveau Site de Paris Sportif \u00e0 Essayer en 2026<\/h2>\n<p>Si vous \u00eates \u00e0 la recherche d&#8217;un endroit int\u00e9ressant pour faire plusieurs mises sur les sports, nous vous sugg\u00e9rons William Hill. Tr\u00e8s populaire en Europe, ils ont ouvert leur porte au Canada en nous offrant des m\u00e9thodes bancaires faciles et s\u00e9curitaires et un bonus sur le sport int\u00e9ressant.<\/p>\n","protected":false},"excerpt":{"rendered":"<p>Sites de Paris Sportifs au Canada Obtenez plus d&#8217;argent pour miser sur les sports lorsque vous vous inscrivez sur l&#8217;un des casinos en ligne suivants. Certaines offres vous permettent de miser gratuitement ou de miser sans risque. Chez BonusFinder, nous vous offrons des bonus sur les sports int\u00e9ressants. Voici les 10 meilleurs offres sur le [&hellip;]<\/p>\n","protected":false},"author":67,"featured_media":0,"parent":0,"menu_order":0,"comment_status":"closed","ping_status":"closed","template":"","meta":{"inline_featured_image":false,"_glsr_average":0,"_glsr_ranking":0,"_glsr_reviews":0,"footnotes":""},"class_list":["post-4850","page","type-page","status-publish","hentry"],"yoast_head":"<!-- This site is optimized with the Yoast SEO plugin v27.3 - https:\/\/yoast.com\/product\/yoast-seo-wordpress\/ -->\n<title>Meilleurs Sites de Paris Sportifs au Qu\u00e9bec en 2026<\/title>\n<meta name=\"description\" content=\"Comparatif des meilleurs sites de paris sportif au Canada. \u2714\ufe0f Conseils, promotions exclusives et 500$ en bonus. \u2714\ufe0f Paiements rapides.\" \/>\n<meta name=\"robots\" content=\"index, follow, max-snippet:-1, max-image-preview:large, max-video-preview:-1\" \/>\n<link rel=\"canonical\" href=\"https:\/\/www.bonus.ca\/fr\/paris-sportifs\" \/>\n<meta property=\"og:type\" content=\"article\" \/>\n<meta property=\"og:title\" content=\"Meilleurs Sites de Paris Sportifs au Qu\u00e9bec en 2026\" \/>\n<meta property=\"og:description\" content=\"Comparatif des meilleurs sites de paris sportif au Canada. \u2714\ufe0f Conseils, promotions exclusives et 500$ en bonus. \u2714\ufe0f Paiements rapides.\" \/>\n<meta property=\"og:url\" content=\"https:\/\/www.bonus.ca\/fr\/paris-sportifs\" \/>\n<meta property=\"article:modified_time\" content=\"2025-05-21T09:04:18+00:00\" \/>\n<meta name=\"twitter:card\" content=\"summary_large_image\" \/>\n<meta name=\"twitter:label1\" content=\"Est. reading time\" \/>\n\t<meta name=\"twitter:data1\" content=\"10 minutes\" \/>\n<!-- \/ Yoast SEO plugin. -->","yoast_head_json":{"title":"Meilleurs Sites de Paris Sportifs au Qu\u00e9bec en 2026","description":"Comparatif des meilleurs sites de paris sportif au Canada. \u2714\ufe0f Conseils, promotions exclusives et 500$ en bonus. \u2714\ufe0f Paiements rapides.","robots":{"index":"index","follow":"follow","max-snippet":"max-snippet:-1","max-image-preview":"max-image-preview:large","max-video-preview":"max-video-preview:-1"},"canonical":"https:\/\/www.bonus.ca\/fr\/paris-sportifs","og_type":"article","og_title":"Meilleurs Sites de Paris Sportifs au Qu\u00e9bec en 2026","og_description":"Comparatif des meilleurs sites de paris sportif au Canada. \u2714\ufe0f Conseils, promotions exclusives et 500$ en bonus. \u2714\ufe0f Paiements rapides.","og_url":"https:\/\/www.bonus.ca\/fr\/paris-sportifs","article_modified_time":"2025-05-21T09:04:18+00:00","twitter_card":"summary_large_image","twitter_misc":{"Est. reading time":"10 minutes"},"schema":{"@context":"https:\/\/schema.org","@graph":[{"@type":"WebPage","@id":"https:\/\/www.bonus.ca\/fr\/paris-sportifs","url":"https:\/\/www.bonus.ca\/fr\/paris-sportifs","name":"Meilleurs Sites de Paris Sportifs au Qu\u00e9bec en 2026","isPartOf":{"@id":"https:\/\/www.bonus.ca\/fr\/#website"},"primaryImageOfPage":{"@id":"https:\/\/www.bonus.ca\/fr\/paris-sportifs#primaryimage"},"image":{"@id":"https:\/\/www.bonus.ca\/fr\/paris-sportifs#primaryimage"},"thumbnailUrl":"https:\/\/www.bonus.ca\/fr\/images\/hockey-paris.jpg","datePublished":"2018-06-01T08:38:13+00:00","dateModified":"2025-05-21T09:04:18+00:00","description":"Comparatif des meilleurs sites de paris sportif au Canada. \u2714\ufe0f Conseils, promotions exclusives et 500$ en bonus. \u2714\ufe0f Paiements rapides.","breadcrumb":{"@id":"https:\/\/www.bonus.ca\/fr\/paris-sportifs#breadcrumb"},"inLanguage":"en-US","potentialAction":[{"@type":"ReadAction","target":["https:\/\/www.bonus.ca\/fr\/paris-sportifs"]}]},{"@type":"ImageObject","inLanguage":"en-US","@id":"https:\/\/www.bonus.ca\/fr\/paris-sportifs#primaryimage","url":"","contentUrl":""},{"@type":"BreadcrumbList","@id":"https:\/\/www.bonus.ca\/fr\/paris-sportifs#breadcrumb","itemListElement":[{"@type":"ListItem","position":1,"name":"Home","item":"https:\/\/www.bonus.ca\/fr\/"},{"@type":"ListItem","position":2,"name":"Paris Sportifs"}]},{"@type":"WebSite","@id":"https:\/\/www.bonus.ca\/fr\/#website","url":"https:\/\/www.bonus.ca\/fr\/","name":"BonusFinder Canada (Fran\u00e7ais)","description":"La source de bonus n\u00b0 1 au Canada","potentialAction":[{"@type":"SearchAction","target":{"@type":"EntryPoint","urlTemplate":"https:\/\/www.bonus.ca\/fr\/?s={search_term_string}"},"query-input":{"@type":"PropertyValueSpecification","valueRequired":true,"valueName":"search_term_string"}}],"inLanguage":"en-US"}]}},"_links":{"self":[{"href":"https:\/\/www.bonus.ca\/fr\/wp-json\/wp\/v2\/pages\/4850","targetHints":{"allow":["GET"]}}],"collection":[{"href":"https:\/\/www.bonus.ca\/fr\/wp-json\/wp\/v2\/pages"}],"about":[{"href":"https:\/\/www.bonus.ca\/fr\/wp-json\/wp\/v2\/types\/page"}],"author":[{"embeddable":true,"href":"https:\/\/www.bonus.ca\/fr\/wp-json\/wp\/v2\/users\/67"}],"replies":[{"embeddable":true,"href":"https:\/\/www.bonus.ca\/fr\/wp-json\/wp\/v2\/comments?post=4850"}],"version-history":[{"count":15,"href":"https:\/\/www.bonus.ca\/fr\/wp-json\/wp\/v2\/pages\/4850\/revisions"}],"predecessor-version":[{"id":24386,"href":"https:\/\/www.bonus.ca\/fr\/wp-json\/wp\/v2\/pages\/4850\/revisions\/24386"}],"wp:attachment":[{"href":"https:\/\/www.bonus.ca\/fr\/wp-json\/wp\/v2\/media?parent=4850"}],"curies":[{"name":"wp","href":"https:\/\/api.w.org\/{rel}","templated":true}]}}