{"id":5081,"date":"2018-09-29T09:05:03","date_gmt":"2018-09-29T09:05:03","guid":{"rendered":"https:\/\/www.bonus.ca\/fr\/?page_id=5081"},"modified":"2026-03-09T12:00:37","modified_gmt":"2026-03-09T12:00:37","slug":"netent","status":"publish","type":"page","link":"https:\/\/www.bonus.ca\/fr\/casino-en-ligne\/logiciel\/netent","title":{"rendered":"Casino Netent"},"content":{"rendered":"<h2>Meilleurs NetEnt Casino Canada<\/h2>\n<p>\u00c0 la recherche des meilleurs Netent Casinos au Canada?  BonusFinder vous offre la liste compl\u00e8te des casinos en ligne Netent disponibles au Canada. Vous trouverez tous les bonus disponibles ainsi que vos jeux en ligne Netent pr\u00e9f\u00e9r\u00e9s.<\/p>\n<p>Fond\u00e9e en 1996, NetEnt AB (anciennement Net Entertainment) figure parmi les fournisseurs de logiciels les plus en vue pour les machines \u00e0 sous en ligne et les jeux de table des casinos en ligne. Son \u00e9quipe de plus de 700 d\u00e9veloppeurs, graphistes et experts en jeux sur Internet est \u00e0 l&#8217;origine de certains des plus grands succ\u00e8s des machines \u00e0 sous vid\u00e9o de l&#8217;histoire des jeux en ligne.<\/p>\n<p>Leovegas et JonnyJackpot sont les deux <a href=\"https:\/\/www.bonus.ca\/fr\/casino-en-ligne\/le-plus-payant\">casino en ligne le plus payant qu\u00e9bec<\/a> offrant les jeux Netent. Ils vous accueillent avec des bonus casino haut en couleur.<\/p>\n<span class=\"highlighted-text\">Notez que Netent ne permet plus aux joueurs du Qu\u00e9bec, de la Colombie Britannique et du Manitoba de jouer \u00e0 ses jeux. Vous d\u00e9sirez trouver une alternative?<\/span>\n<div id=\"attachment_17482\" style=\"width: 1546px\" class=\"wp-caption alignnone\"><img loading=\"lazy\" decoding=\"async\" aria-describedby=\"caption-attachment-17482\" src=\"https:\/\/www.bonus.ca\/fr\/images\/casino-en-ligne-netent.png\" alt=\"casino en ligne netent\" width=\"1536\" height=\"920\" class=\"size-full wp-image-17482\" srcset=\"https:\/\/mediafr.bonus.ca\/images\/casino-en-ligne-netent.png 1536w, https:\/\/mediafr.bonus.ca\/images\/casino-en-ligne-netent-300x180.png 300w, https:\/\/mediafr.bonus.ca\/images\/casino-en-ligne-netent-1024x613.png 1024w, https:\/\/mediafr.bonus.ca\/images\/casino-en-ligne-netent-1048x628.png 1048w, https:\/\/mediafr.bonus.ca\/images\/casino-en-ligne-netent-90x54.png 90w\" sizes=\"auto, (max-width: 1536px) 100vw, 1536px\" \/><p id=\"caption-attachment-17482\" class=\"wp-caption-text\">Voici les meilleurs casinos Netent disponibles au Canada.<\/p><\/div>\n<h2>NetEnt Casino Bonus 2026<\/h2>\n<p>Voyons voir de quoi ont l&#8217;air les casinos bonus Netent disponibles pour les joueurs du Canada. Vous recevrez jusqu&#8217;\u00e0 1600$ en bonus pour jouer sur vos machines \u00e0 sous Netent pr\u00e9f\u00e9r\u00e9es. Vous pourrez donc profiter de jeux casino gratuits avec bonus produit par Netent.<\/p>\n<p>Sans plus tarder, voici les 10 meilleurs bonus Netent disponibles au Canada en ce moment:<\/p>\n<p>[table_start]<br \/>\n[table_head column-1=&#8217;<strong>Netent Casino<\/strong>&#8216;  column-2=&#8217;<strong>Bonus<\/strong>&#8216;]<br \/>\n[table_row column-1=&#8217;<strong>LeoVegas<\/strong>&#8216; column-2=&#8217;3000$ en bonus &#038; 20 tours gratuits&#8217;]<br \/>\n[table_row column-1=&#8217;<strong>PartyCasino<\/strong>&#8216; column-2=&#8217;1000$ en bonus &#038; 50 tours gratuits&#8217;]<br \/>\n[table_row column-1=&#8217;<strong>Casino Days<\/strong>&#8216; column-2=&#8217;20 tours sans d\u00e9p\u00f4t + 100 tours gratuits + 1000$&#8217;]<br \/>\n[table_row column-1=&#8217;<strong>Tonybet Casino<\/strong>&#8216; column-2=&#8217;1000$ en bonus &#038; 145 tours gratuits&#8217;]<br \/>\n[table_row column-1=&#8217;<strong>PlayOJO<\/strong>&#8216; column-2=&#8217;80 tours gratuits sur Book of Death&#8217;]<br \/>\n[table_row column-1=&#8217;<strong>Pokerstars Casino<\/strong>&#8216; column-2=&#8217;2000$ en bonus &#038; 300 tours gratuits sans d\u00e9p\u00f4t&#8217;]<br \/>\n[table_row column-1=&#8217;<strong>PartyCasino<\/strong>&#8216; column-2=&#8217;1000$ en bonus &#038; 50 tours gratuits&#8217;]<br \/>\n[table_row column-1=&#8217;<strong>Wildz<\/strong>&#8216; column-2=&#8217;2000$ en bonus &#038; 200 tours gratuits&#8217;]<br \/>\n[table_row column-1=&#8217;<strong>Spin Casino<\/strong>&#8216; column-2=&#8217;1000$ en bonus + 170 tours gratuits&#8217;]<br \/>\n[table_row column-1=&#8217;<strong>Casino Friday<\/strong>&#8216; column-2=&#8217;500$ en bonus &#038; 200 tours gratuits&#8217;]<\/p>\n<p>[table_end]<\/p>\n\n<h3>Casino Bonus Sans D\u00e9p\u00f4t NetEnt<\/h3>\n<p>Puisque la plupart des joueurs adorent les tours gratuits et les bonus, vous ne serez pas d\u00e9\u00e7us avec les casinos Netent. En plus de leur g\u00e9n\u00e9reux bonus, Netent offre des tours gratuits avec et sans d\u00e9p\u00f4t.<\/p>\n<p>Voici les meilleurs casinos offrant des tours gratuits sans d\u00e9p\u00f4t Netent:<\/p>\n<p>[table_start]<br \/>\n[table_head  column-1=&#8217;<strong>Casino Netent<\/strong>&#8216;  column-2=&#8217;<strong>Bonus Sans D\u00e9p\u00f4t<\/strong>&#8216;]<br \/>\n[table_row  column-1=&#8217;<strong>CasinoDays<\/strong>&#8216; column-2=&#8217;20 tours gratuits&#8217;]<br \/>\n[table_row  column-1=&#8217;<strong>Tonybet<\/strong>&#8216; column-2=&#8217;150 tours gratuits&#8217;]<br \/>\n[table_row  column-1=&#8217;<strong>888 Casino<\/strong>&#8216; column-2=&#8217;25$ bonus sans d\u00e9p\u00f4t&#8217;]<br \/>\n[table_row  column-1=&#8217;<strong>Wheelz<\/strong>&#8216; column-2=&#8217;20 tours gratuits&#8217;]<br \/>\n[table_row column-1=&#8217;<strong>LuckyDays<\/strong>&#8216; column-2=&#8217;20 tours gratuits sans d\u00e9p\u00f4t&#8217;]<br \/>\n[table_row  column-1=&#8217;<strong>Arcanebet Casino<\/strong>&#8216; column-2=&#8217;30 tours gratuits&#8217;]<br \/>\n[table_row  column-1=&#8217;<strong>BitStarz<\/strong>&#8216; column-2=&#8217;30 tours gratuits&#8217;]<br \/>\n[table_end]<\/p>\n<p>Peu importe si vous obtenez un bonus sans d\u00e9p\u00f4t ou suite \u00e0 un d\u00e9p\u00f4t, il est difficile de r\u00e9sister aux potentiels gains \u00e0 faire. Netent vous offre des tours gratuits sur diff\u00e9rents jeux, mais la plupart du temps, vous les retrouverez sur Starburst, Gonzo&#8217;s Quest, Aloha! Cluster Pays, When Pigs Fly, et Spinata Grande.<\/p>\n<p>Les casinos Netent aiment promouvoir leur nouveaux jeux, alors ne soyez pas surpris si vos tours gratuits sont sur les derni\u00e8res machines \u00e0 sous Netent. Il s&#8217;agit d&#8217;une excellente fa\u00e7on de jouer aux jeux Netent gratuitement.<\/p>\n<h3>Conditions de Mise dans les Casinos Netent<\/h3>\n<p>Une des choses importantes \u00e0 consid\u00e9rer \u00e0 propos des bonus casino en ligne NetEnt sont les conditions de mise. Diff\u00e9rentes machines \u00e0 sous ont des retomb\u00e9es vari\u00e9es et, par cons\u00e9quent, des conditions de mise diff\u00e9rentes.<\/p>\n<p>Le pourcentage de retour sur investissement varie entre 92 et 98. Plus le retour sur investissement est \u00e9lev\u00e9, plus il est probable que le pourcentage ne corresponde pas \u00e0 100%. Certains jeux donnent m\u00eame 0% ou 10% \u00e0 la demande de mise.<\/p>\n<p>Par exemple, Blood Suckers, la machine \u00e0 sous la plus payante de NetEnt a un \u00e9norme gain th\u00e9orique de 98%. Blood Suckers est en fait la machine \u00e0 sous la plus payante parmi tous les op\u00e9rateurs de jeux.<\/p>\n<p>La plupart des casinos interdisent de jouer \u00e0 Blood Suckers avec votre bonus NetEnt. Certaines autres machines \u00e0 sous peuvent par exemple donner 70% \u00e0 l&#8217;exigence de roulement de mise. \u00c7a signifie que si vous misez 10$, vous obtenez en r\u00e9alit\u00e9 seulement 7$ pour la mise.<\/p>\n<p>Nous vous sugg\u00e9rons de ne jouer que sur des machines \u00e0 sous \u00e0 100%. Vous devriez toujours v\u00e9rifier les modalit\u00e9s et conditions de bonus pour les machines \u00e0 sous qui ne donnent pas 100% (il y a une liste de ces machines \u00e0 sous), mais si vous jouez par exemple \u00e0 Starburst, Jack and the Beanstalk, Gonzo&#8217;s Quest ou Reel Rush, vous serez presque toujours \u00e0 l&#8217;abri des bas pourcentages pour les conditions de mise.<\/p>\n<h2>Meilleurs Jeux NetEnt au Canada<\/h2>\n<p>Netent a cr\u00e9\u00e9s plusieurs machines \u00e0 sous \u00e0 succ\u00e8s \u00e0 travers les ann\u00e9es. En effet, vous avez probablement entendu parl\u00e9 de Blood Suckers avec son RTP \u00e0 98%. Il s&#8217;agit du jeu Netent le plus populaire jusqu&#8217;\u00e0 ce jour.<\/p>\n<p>Voici les machines \u00e0 sous Netent populaires en 2026:<\/p>\n<ul>\n<li><strong>Starburst<\/strong><\/li>\n<li><strong>Street Fighter 1 &#038; 2<\/strong><\/li>\n<li><strong>Mega Fortune<\/strong><\/li>\n<li><strong>Gonzos Quest<\/strong><\/li>\n<li><strong>Blood Suckers<\/strong><\/li>\n<li><strong>Warlords<\/strong><\/li>\n<li><strong>Narcos<\/strong><\/li>\n<li><strong>Hell&#8217;s Kitchen Slot<\/strong><\/li>\n<li><strong>Gold Money Frog<\/strong><\/li>\n<\/ul>\n<h3>Starburst<\/h3>\n<p>Starburst est probablement la machine \u00e0 sous en ligne la plus populaire jamais jou\u00e9e. NetEnt a sorti Starburst en 2011, ce jeu qui est rapidement devenu populaire. Il a d&#8217;ailleurs 96,1% de r\u00e9cup\u00e9ration, 5 rouleaux et 3 lignes. Il y a 10 lignes de paiement et elles vont de gauche \u00e0 droite et vice versa.<\/p>\n<p>Starburst a une variance extr\u00eamement faible, ce qui signifie de nombreuses petites victoires. C&#8217;est la raison principale pour laquelle il est si populaire, car le jeu lui-m\u00eame ne poss\u00e8de pas de fonctionnalit\u00e9s int\u00e9ressantes comme les machines \u00e0 sous plus modernes.<\/p>\n<div id=\"attachment_17491\" style=\"width: 1554px\" class=\"wp-caption alignnone\"><img loading=\"lazy\" decoding=\"async\" aria-describedby=\"caption-attachment-17491\" src=\"https:\/\/www.bonus.ca\/fr\/images\/Slot-netent.png\" alt=\"Starburst slot netent\" width=\"1544\" height=\"928\" class=\"size-full wp-image-17491\" srcset=\"https:\/\/mediafr.bonus.ca\/images\/Slot-netent.png 1544w, https:\/\/mediafr.bonus.ca\/images\/Slot-netent-300x180.png 300w, https:\/\/mediafr.bonus.ca\/images\/Slot-netent-1024x615.png 1024w, https:\/\/mediafr.bonus.ca\/images\/Slot-netent-1536x923.png 1536w, https:\/\/mediafr.bonus.ca\/images\/Slot-netent-1045x628.png 1045w, https:\/\/mediafr.bonus.ca\/images\/Slot-netent-90x54.png 90w\" sizes=\"auto, (max-width: 1544px) 100vw, 1544px\" \/><p id=\"caption-attachment-17491\" class=\"wp-caption-text\">De nombreuses offres de tours de bonus dans nos listes sont destin\u00e9es \u00e0 la machine \u00e0 sous Starburst de NetEnt.<\/p><\/div>\n<h3>Gonzo&#8217;s Quest<\/h3>\n<p>Dans ce jeu, vous voyagerez dans les ann\u00e9es 1500 au P\u00e9rou avec le conquistador nomm\u00e9 Gonzo. Ce jeu a \u00e9t\u00e9 mis en ligne en 2010 et il est presque aussi embl\u00e9matique que Starburst.<\/p>\n<p>Gonzo&#8217;s Quest offre une r\u00e9cup\u00e9ration de 96,0% ce qui est l\u00e9g\u00e8rement inf\u00e9rieur \u00e0 la moyenne des jeux NetEnt. Le jeu a une fonctionnalit\u00e9 de bonus unique, qui donne des gains \u00e9normes. Hautement recommand\u00e9!<\/p>\n<div id=\"attachment_17493\" style=\"width: 1546px\" class=\"wp-caption alignnone\"><img loading=\"lazy\" decoding=\"async\" aria-describedby=\"caption-attachment-17493\" src=\"https:\/\/www.bonus.ca\/fr\/images\/gonzos-quest.png\" alt=\"Gonzo's Quest Netent\" width=\"1536\" height=\"920\" class=\"size-full wp-image-17493\" srcset=\"https:\/\/mediafr.bonus.ca\/images\/gonzos-quest.png 1536w, https:\/\/mediafr.bonus.ca\/images\/gonzos-quest-300x180.png 300w, https:\/\/mediafr.bonus.ca\/images\/gonzos-quest-1024x613.png 1024w, https:\/\/mediafr.bonus.ca\/images\/gonzos-quest-1048x628.png 1048w, https:\/\/mediafr.bonus.ca\/images\/gonzos-quest-90x54.png 90w\" sizes=\"auto, (max-width: 1536px) 100vw, 1536px\" \/><p id=\"caption-attachment-17493\" class=\"wp-caption-text\">Cette machine \u00e0 sous Netent est c\u00e9l\u00e8bre pour son g\u00e9n\u00e9reux tour de spins gratuits. Chaque fois que vous obtenez une victoire, cela d\u00e9clenche une augmentation d&#8217;un multiplicateur.<\/p><\/div>\n<h3>Mega Fortune<\/h3>\n<p>Mega Fortune est le jeu de gros lot en ligne le plus c\u00e9l\u00e8bre de NetEnt. Les autres machines \u00e0 sous c\u00e9l\u00e8bres de NetEnt sont Hall of Gods et Arabian Nights. <\/p>\n<p>Mega Fortune a fait des centaines de millionnaires et continue de le faire chaque ann\u00e9e. Le plus gros lot jamais gagn\u00e9 est de 17 861 800\u20ac, soit plus de 20 millions de dollars canadiens.<\/p>\n<p>Le montant du gros lot Mega Fortune commence \u00e0 quelques millions de dollars canadiens et augmente jusqu&#8217;\u00e0 ce que quelqu&#8217;un le gagne. Habituellement, le gros lot atteint environ 7-9 million de dollars. Si le gros lot est plus \u00e9lev\u00e9 que cela, nous vous sugg\u00e9rons fortement de le jouer.<\/p>\n<h3>Dead or Alive<\/h3>\n<p>La machine \u00e0 sous Dead or Alive est un classique Netent tr\u00e8s populaire aupr\u00e8s des joueurs de casino. Avec ces 5 rouleaux et ces 9 lignes de paiement, le RTP est \u00e0 96.82%, ce qui est plut\u00f4t \u00e9lev\u00e9.<\/p>\n<p>Avec le th\u00e8me de style Far West, vous vous sentirez comme un cowboy! De plus, vous pourrez jouer facilement \u00e0 ce jeu depuis votre appareil favori &#8211; que ce soit votre ordinateur, tablette ou t\u00e9l\u00e9phone.<\/p>\n<h2>Jeux de Table Netent<\/h2>\n<p>NetEnt offre \u00e9galement une solide gamme de jeux de casino classiques, y compris des jeux de table traditionnels, pour les casinos en ligne. <\/p>\n<p>D\u00e9sormais, vous pouvez profiter des jeux de table NetEnt tels que le blackjack et la roulette fran\u00e7aise (ou europ\u00e9enne) dans plusieurs des <a href=\"https:\/\/www.bonus.ca\/fr\/casino-en-ligne\">casinos en ligne populaires au Canada<\/a> recommand\u00e9s par BonusFinder. D&#8217;autres options incluent la roulette am\u00e9ricaine, le vid\u00e9o poker et le Baccarat Pro. Les amateurs de poker peuvent s&#8217;essayer au Caribbean Stud Poker et au Texas Hold&#8217;em.<\/p>\n<p>Les joueurs de casino peuvent s&#8217;attendre \u00e0 une offre de jeux encore plus diversifi\u00e9e, car les meilleurs casinos NetEnt ajoutent constamment de nouvelles options. Il est \u00e0 noter que, dans de nombreux casinos, les jeux de table ne contribuent pas de la m\u00eame mani\u00e8re que les machines \u00e0 sous aux exigences de mise li\u00e9es aux bonus.<\/p>\n<p>Les jeux de casino en direct de NetEnt sont disponibles dans plusieurs des casinos de notre liste des meilleurs casino. Actuellement, la collection de jeux de casino en direct NetEnt comprend le blackjack, la roulette et le baccarat. <\/p>\n<p>Bien que certains bonus de casino ne puissent pas \u00eatre utilis\u00e9s pour les jeux de croupiers en direct, les joueurs appr\u00e9cient l&#8217;interaction avec d&#8217;autres joueurs tout en profitant d&#8217;une exp\u00e9rience de jeu de casino authentique.<\/p>\n<h2>Netent Casino Mobile<\/h2>\n<p>Les casinos en ligne Netent vous offre des jeux de casino adapt\u00e9s sur mobile. Cela vous permet donc de jouer depuis votre t\u00e9l\u00e9phone ou votre tablette sans tracas. <\/p>\n<p>Netent a lanc\u00e9 plusieurs machines \u00e0 sous et jeux de casino pour Netent Touch. En cemoment, les machines \u00e0 sous populaires comme Gonzo&#8217;s Quest, Blood Suckers, Starburst et Jack and the Beanstalk sont d\u00e9j\u00e0 disponibles sur Netent Touch ce qui vous permet de jouer facilement depuis votre mobile.<\/p>\n<p>De plus, vous pouvez \u00e9galement jouer sur les jeux de table populaires comme la roulette, le blackjack et plus encore. Les jeux Netent live vous permettent de vivre une exp\u00e9rience de jeu en ligne digne d&#8217;un vrai casino. <\/p>\n<p>Vous serez en mesure de jouer aux jeux Netent avec un appareil Android, iOS et Windows. <\/p>\n<h3>NetEnt Touch<\/h3>\n<p>La technologie NetEnt Touch a \u00e9t\u00e9 d\u00e9velopp\u00e9e pour les casinos mobiles, car les casinos en ligne de premier plan souhaitaient offrir des logiciels de jeu en d\u00e9placement. \u00c0 pr\u00e9sent, le logiciel de casino NetEnt est \u00e9galement disponible sous forme mobile, et comme de nombreux d\u00e9veloppeurs de jeux, une attention particuli\u00e8re est accord\u00e9e \u00e0 l&#8217;optimisation de l&#8217;apparence de leurs jeux sur les appareils mobiles.<\/p>\n<h2>Avis sur Netent Casino<\/h2>\n<p>Netent vous offre des jeux de casino de grande qualit\u00e9 en plus de vous offrir des bonus casino int\u00e9ressants. Les joueurs canadiens attendaient les jeux netent avec impatience, et depuis leur arriv\u00e9e au Canada en 2019, on entend que du feedback positif aupr\u00e8s de nos joueurs (et de notre \u00e9quipe).<\/p>\n<p>Les casinos en ligne Netent supportent \u00e9galement les m\u00e9thodes bancaires canadiennes en plus d&#8217;accepter le dollar canadien.<\/p>\n<p>Consultez la liste au dessus de cette page pour trouver un casino Netent qui vous convient.<\/p>\n","protected":false},"excerpt":{"rendered":"<p>Meilleurs NetEnt Casino Canada \u00c0 la recherche des meilleurs Netent Casinos au Canada? BonusFinder vous offre la liste compl\u00e8te des casinos en ligne Netent disponibles au Canada. Vous trouverez tous les bonus disponibles ainsi que vos jeux en ligne Netent pr\u00e9f\u00e9r\u00e9s. Fond\u00e9e en 1996, NetEnt AB (anciennement Net Entertainment) figure parmi les fournisseurs de logiciels [&hellip;]<\/p>\n","protected":false},"author":123,"featured_media":0,"parent":8311,"menu_order":0,"comment_status":"closed","ping_status":"closed","template":"","meta":{"inline_featured_image":false,"_glsr_average":0,"_glsr_ranking":0,"_glsr_reviews":0,"footnotes":""},"class_list":["post-5081","page","type-page","status-publish","hentry"],"yoast_head":"<!-- This site is optimized with the Yoast SEO plugin v27.3 - https:\/\/yoast.com\/product\/yoast-seo-wordpress\/ -->\n<title>Netent Casino en Ligne - 200 Tours Gratuits en Bonus<\/title>\n<meta name=\"description\" content=\"Les meilleurs Netent casinos en ligne avec bonus. Jeux de machines \u00e0 sous, bonus sans d\u00e9p\u00f4t et avis sur les casinos Netent.\" \/>\n<meta name=\"robots\" content=\"index, follow, max-snippet:-1, max-image-preview:large, max-video-preview:-1\" \/>\n<link rel=\"canonical\" href=\"https:\/\/www.bonus.ca\/fr\/casino-en-ligne\/logiciel\/netent\" \/>\n<meta property=\"og:type\" content=\"article\" \/>\n<meta property=\"og:title\" content=\"Netent Casino en Ligne - 200 Tours Gratuits en Bonus\" \/>\n<meta property=\"og:description\" content=\"Les meilleurs Netent casinos en ligne avec bonus. Jeux de machines \u00e0 sous, bonus sans d\u00e9p\u00f4t et avis sur les casinos Netent.\" \/>\n<meta property=\"og:url\" content=\"https:\/\/www.bonus.ca\/fr\/casino-en-ligne\/logiciel\/netent\" \/>\n<meta property=\"article:modified_time\" content=\"2026-03-09T12:00:37+00:00\" \/>\n<meta property=\"og:image\" content=\"https:\/\/mediafr.bonus.ca\/images\/casino-en-ligne-netent.png\" \/>\n\t<meta property=\"og:image:width\" content=\"1536\" \/>\n\t<meta property=\"og:image:height\" content=\"920\" \/>\n\t<meta property=\"og:image:type\" content=\"image\/png\" \/>\n<meta name=\"twitter:card\" content=\"summary_large_image\" \/>\n<meta name=\"twitter:label1\" content=\"Est. reading time\" \/>\n\t<meta name=\"twitter:data1\" content=\"9 minutes\" \/>\n<!-- \/ Yoast SEO plugin. -->","yoast_head_json":{"title":"Netent Casino en Ligne - 200 Tours Gratuits en Bonus","description":"Les meilleurs Netent casinos en ligne avec bonus. Jeux de machines \u00e0 sous, bonus sans d\u00e9p\u00f4t et avis sur les casinos Netent.","robots":{"index":"index","follow":"follow","max-snippet":"max-snippet:-1","max-image-preview":"max-image-preview:large","max-video-preview":"max-video-preview:-1"},"canonical":"https:\/\/www.bonus.ca\/fr\/casino-en-ligne\/logiciel\/netent","og_type":"article","og_title":"Netent Casino en Ligne - 200 Tours Gratuits en Bonus","og_description":"Les meilleurs Netent casinos en ligne avec bonus. Jeux de machines \u00e0 sous, bonus sans d\u00e9p\u00f4t et avis sur les casinos Netent.","og_url":"https:\/\/www.bonus.ca\/fr\/casino-en-ligne\/logiciel\/netent","article_modified_time":"2026-03-09T12:00:37+00:00","og_image":[{"width":1536,"height":920,"url":"https:\/\/mediafr.bonus.ca\/images\/casino-en-ligne-netent.png","type":"image\/png"}],"twitter_card":"summary_large_image","twitter_misc":{"Est. reading time":"9 minutes"},"schema":{"@context":"https:\/\/schema.org","@graph":[{"@type":"WebPage","@id":"https:\/\/www.bonus.ca\/fr\/casino-en-ligne\/logiciel\/netent","url":"https:\/\/www.bonus.ca\/fr\/casino-en-ligne\/logiciel\/netent","name":"Netent Casino en Ligne - 200 Tours Gratuits en Bonus","isPartOf":{"@id":"https:\/\/www.bonus.ca\/fr\/#website"},"primaryImageOfPage":{"@id":"https:\/\/www.bonus.ca\/fr\/casino-en-ligne\/logiciel\/netent#primaryimage"},"image":{"@id":"https:\/\/www.bonus.ca\/fr\/casino-en-ligne\/logiciel\/netent#primaryimage"},"thumbnailUrl":"https:\/\/www.bonus.ca\/fr\/images\/casino-en-ligne-netent.png","datePublished":"2018-09-29T09:05:03+00:00","dateModified":"2026-03-09T12:00:37+00:00","description":"Les meilleurs Netent casinos en ligne avec bonus. Jeux de machines \u00e0 sous, bonus sans d\u00e9p\u00f4t et avis sur les casinos Netent.","breadcrumb":{"@id":"https:\/\/www.bonus.ca\/fr\/casino-en-ligne\/logiciel\/netent#breadcrumb"},"inLanguage":"en-US","potentialAction":[{"@type":"ReadAction","target":["https:\/\/www.bonus.ca\/fr\/casino-en-ligne\/logiciel\/netent"]}]},{"@type":"ImageObject","inLanguage":"en-US","@id":"https:\/\/www.bonus.ca\/fr\/casino-en-ligne\/logiciel\/netent#primaryimage","url":"https:\/\/mediafr.bonus.ca\/images\/casino-en-ligne-netent.png","contentUrl":"https:\/\/mediafr.bonus.ca\/images\/casino-en-ligne-netent.png","width":1536,"height":920,"caption":"Voici les meilleurs casinos Netent disponibles au Canada."},{"@type":"BreadcrumbList","@id":"https:\/\/www.bonus.ca\/fr\/casino-en-ligne\/logiciel\/netent#breadcrumb","itemListElement":[{"@type":"ListItem","position":1,"name":"Home","item":"https:\/\/www.bonus.ca\/fr\/"},{"@type":"ListItem","position":2,"name":"Casino argent r\u00e9\u00e8l","item":"https:\/\/www.bonus.ca\/fr\/casino-en-ligne"},{"@type":"ListItem","position":3,"name":"Logiciels de Casino","item":"https:\/\/www.bonus.ca\/fr\/casino-en-ligne\/logiciel"},{"@type":"ListItem","position":4,"name":"Casino Netent"}]},{"@type":"WebSite","@id":"https:\/\/www.bonus.ca\/fr\/#website","url":"https:\/\/www.bonus.ca\/fr\/","name":"BonusFinder Canada (Fran\u00e7ais)","description":"La source de bonus n\u00b0 1 au Canada","potentialAction":[{"@type":"SearchAction","target":{"@type":"EntryPoint","urlTemplate":"https:\/\/www.bonus.ca\/fr\/?s={search_term_string}"},"query-input":{"@type":"PropertyValueSpecification","valueRequired":true,"valueName":"search_term_string"}}],"inLanguage":"en-US"}]}},"_links":{"self":[{"href":"https:\/\/www.bonus.ca\/fr\/wp-json\/wp\/v2\/pages\/5081","targetHints":{"allow":["GET"]}}],"collection":[{"href":"https:\/\/www.bonus.ca\/fr\/wp-json\/wp\/v2\/pages"}],"about":[{"href":"https:\/\/www.bonus.ca\/fr\/wp-json\/wp\/v2\/types\/page"}],"author":[{"embeddable":true,"href":"https:\/\/www.bonus.ca\/fr\/wp-json\/wp\/v2\/users\/123"}],"replies":[{"embeddable":true,"href":"https:\/\/www.bonus.ca\/fr\/wp-json\/wp\/v2\/comments?post=5081"}],"version-history":[{"count":12,"href":"https:\/\/www.bonus.ca\/fr\/wp-json\/wp\/v2\/pages\/5081\/revisions"}],"predecessor-version":[{"id":25667,"href":"https:\/\/www.bonus.ca\/fr\/wp-json\/wp\/v2\/pages\/5081\/revisions\/25667"}],"up":[{"embeddable":true,"href":"https:\/\/www.bonus.ca\/fr\/wp-json\/wp\/v2\/pages\/8311"}],"wp:attachment":[{"href":"https:\/\/www.bonus.ca\/fr\/wp-json\/wp\/v2\/media?parent=5081"}],"curies":[{"name":"wp","href":"https:\/\/api.w.org\/{rel}","templated":true}]}}