{"id":5202,"date":"2019-01-08T17:17:18","date_gmt":"2019-01-08T17:17:18","guid":{"rendered":"https:\/\/www.bonus.ca\/fr\/?post_type=bookmakers&#038;p=5202"},"modified":"2026-04-02T12:46:37","modified_gmt":"2026-04-02T12:46:37","slug":"quatro-casino","status":"publish","type":"page","link":"https:\/\/www.bonus.ca\/fr\/quatro-casino","title":{"rendered":"Quatro Casino"},"content":{"rendered":"<h2>Quatro Casino Rewards Avis: Un Excellent Choix<\/h2>\n<p>Le Casino Rewards Quatro Casino est un excellent <a href=\"https:\/\/www.bonus.ca\/fr\/\">casino en ligne <\/a>. Ils ont fait des progr\u00e8s dans le domaine du jeu ces derni\u00e8res ann\u00e9es. Le site est disponible pour tous les appareils, m\u00eame le t\u00e9l\u00e9phone mobile. La s\u00e9lection de jeux de casino contient les principaux titres de Microgaming, pouvant donc vous occuper pendant une longue p\u00e9riode de temps.<\/p>\n<p>Au final, c&#8217;est, toutefois, le bonus qui distingue Quatro Casino des autres casinos. Un bonus de bienvenue \u00e9poustouflant \u00e0 100% et jusqu&#8217;\u00e0 700 <a href=\"https:\/\/www.bonus.ca\/fr\/machines-a-sous-gratuites\">casino tour gratuit sans d\u00e9p\u00f4t<\/a> est tout simplement trop beau pour passer \u00e0 c\u00f4t\u00e9. Et les avantages ne s&#8217;arr\u00eateront pas l\u00e0 puisqu&#8217;il s&#8217;agit d&#8217;un casino en ligne rewards. Nous le recommandons facilement aux joueurs qui recherchent une grande quantit\u00e9 de tours gratuits.<\/p>\n<h2>Quatro Casino bonus 2026<\/h2>\n<p>Le casino en ligne Quatro fait partie du groupe de casinos rewards. Le Bonus Quatro vous donne un bonus total de 100$ et 700 tours gratuits sur 7 diff\u00e9rents jeux de casino. <\/p>\n<p>Il s&#8217;agit d&#8217;un \u00e9norme bonus pour tester ce casino. Quatro Casino est un casino super populaire aupr\u00e8s des joueurs du Canada et c&#8217;est facile de comprendre pourquoi.<\/p>\n<p>Voici les d\u00e9tails sur le bonus d&#8217;inscription offert au Casino Quatro Rewards:<\/p>\n<p>[table_start]<br \/>\n[table_head column-1=&#8217;<strong>Casino Quatro Bonus<\/strong>&#8216; column-2=&#8217;Termes &#038; Conditions&#8217;]<br \/>\n[table_row column-1=&#8217;<strong>Bonus total<\/strong>&#8216; column-2=&#8221;Bonus \u00e0 100% jusqu&#8217;\u00e0 100$ et jusqu&#8217;\u00e0 700 tours gratuits&#8221;]<br \/>\n[table_row column-1=&#8217;<strong>1er d\u00e9p\u00f4t<\/strong>&#8216; column-2=&#8217;70 tours gratuits avec un d\u00e9p\u00f4t minimum de 10$&#8217;]<br \/>\n[table_row column-1=&#8217;<strong>Jeux Gratuits<\/strong>&#8216; column-2=&#8217;7 diff\u00e9rents jeux&#8217;]<br \/>\n[table_row column-1=&#8217;<strong>Conditions de mise sur 1er d\u00e9p\u00f4t<\/strong>&#8216; column-2=&#8217;60x (30x pour tout bonus de d\u00e9p\u00f4t suppl\u00e9mentaire)&#8217;]<br \/>\n[table_row column-1=&#8217;<strong>Conditions de mise sur les tours gratuits<\/strong>&#8216; column-2=&#8217;60x&#8217;]<br \/>\n[table_row column-1=&#8217;<strong>D\u00e9p\u00f4ts instantan\u00e9s<\/strong>&#8216; column-2=&#8217;Oui&#8217;]<br \/>\n[table_end]<\/p>\n<div id=\"attachment_16408\" style=\"width: 1546px\" class=\"wp-caption alignnone\"><img loading=\"lazy\" decoding=\"async\" aria-describedby=\"caption-attachment-16408\" src=\"https:\/\/mediafr.bonus.ca\/images\/Quatro-Casino-logo.png\" alt=\"Quatro Casino logo\" width=\"1536\" height=\"920\" class=\"size-full wp-image-16408\" srcset=\"https:\/\/mediafr.bonus.ca\/images\/Quatro-Casino-logo.png 1536w, https:\/\/mediafr.bonus.ca\/images\/Quatro-Casino-logo-300x180.png 300w, https:\/\/mediafr.bonus.ca\/images\/Quatro-Casino-logo-1024x613.png 1024w, https:\/\/mediafr.bonus.ca\/images\/Quatro-Casino-logo-1048x628.png 1048w, https:\/\/mediafr.bonus.ca\/images\/Quatro-Casino-logo-90x54.png 90w\" sizes=\"auto, (max-width: 1536px) 100vw, 1536px\" \/><p id=\"caption-attachment-16408\" class=\"wp-caption-text\">Sur votre premier d\u00e9p\u00f4t en argent r\u00e9el, vous recevrez un bonus \u00e0 100% jusqu&#8217;\u00e0 100$.<br \/><\/p><\/div>\n<h3>Quatro Casino codes bonus<\/h3>\n<p>Bonne nouvelle! Vous n&#8217;avez pas besoin d&#8217;un code bonus pour recevoir cette offre de bonus. Pour recevoir cette offre, vous n&#8217;avez qu&#8217;\u00e0 cliquer sur le bouton &#8220;obtenez ce bonus&#8221;. C&#8217;est facile et rapide!<\/p>\n<p>Plusieurs joueurs essaient tout de m\u00eame de trouver le Quatro Casino no deposit bonus code, mais sachez que le tout n&#8217;existe pas. <\/p>\n<p>Comme nous le mentionnerons ci-dessous, Quatro Casino n&#8217;offre pas de bonus sans d\u00e9p\u00f4t.<\/p>\n<h3>Quatro Casino Bonus Sans D\u00e9p\u00f4t<\/h3>\n<p>En ce moment, le casino en ligne Quatro n&#8217;offre pas de bonus sans d\u00e9p\u00f4t. Toutefois, si la situation change dans le futur, nous mettrons \u00e0 jour cette page. Notez qu&#8217;un bonus casino de 10$ vous donnera 70 tours gratuits. <\/p>\n<p>Si vous recherchez une offre plus grandiose, rendez vous au <a href=\"https:\/\/www.bonus.ca\/fr\/zodiac-casino\">Casino Zodiac<\/a> pour obtenir 80 chances pour 1$.<\/p>\n<h3>Quatro Casino Tours Gratuits<\/h3>\n<p>Pour obtenir l&#8217;offre maximale de tours gratuits chez Quatro Casino, vous devrez faire un d\u00e9p\u00f4t de 100$. Les 700 chances gratuites vous seront remis lors du premier d\u00e9p\u00f4t.<\/p>\n<p>Il s&#8217;agit d&#8217;une bonne fa\u00e7on de tester le casino et plusieurs jeux de casino en ligne.<\/p>\n<h3>Termes &#038; Conditions<\/h3>\n<p>L&#8217; offre de tours gratuits Quatro Casino est plut\u00f4t loin de la norme! Vous pouvez obtenir jusqu&#8217;\u00e0 700 tours gratuits en effectuant qu&#8217;un seul d\u00e9p\u00f4t. C&#8217;est presque du jamais vu dans l&#8217;industrie du casino en line. <\/p>\n<p>Voici comment obtenir vos tours gratuits au casino en ligne Quatro:<\/p>\n<ul>\n<li><strong>Au premier d\u00e9p\u00f4t de 10$ \u00e0 19,99$<\/strong> vous recevrez un bonus de 10$ et 10 tours gratuits par jour pendant 7 jours cons\u00e9cutifs.<\/li>\n<li><strong>Au premier d\u00e9p\u00f4t de 20$ \u00e0 49,99$<\/strong> vous recevrez un bonus de 20$ et 20 tours gratuits par jour pendant 7 jours cons\u00e9cutifs.<\/li>\n<li><strong>Au premier d\u00e9p\u00f4t de 50$ \u00e0 99,99$<\/strong> vous recevrez un bonus de 50$ et 50 tours gratuits par jour pendant 7 jours cons\u00e9cutifs.<\/li>\n<li><strong>Lors du premier d\u00e9p\u00f4t de 100$ ou plus<\/strong> vous recevrez un bonus de 100$ et 100 tours gratuits par jour pendant 7 jours cons\u00e9cutifs.<\/li>\n<\/ul>\n<p>Toutes les parties gratuites ne sont pas attribu\u00e9es sur le m\u00eame jeu. Le Casino Quatro veut vous donner la possibilit\u00e9 d&#8217;essayer plusieurs jeux de machines \u00e0 sous Microgaming. L&#8217;allocation des jeux pour les tours gratuits est la suivante:<\/p>\n<ul>\n<li>Jour 1 &#8211; Tours gratuits sur Thunderstruck Wild Lightning<\/li>\n<li>Jour 2 &#8211; Tours gratuits sur Midnight Assassin<\/li>\n<li>Jour 3 &#8211; Tours gratuits sur 9 Masks of Fire<\/li>\n<li>Jour 4 &#8211; Tours gratuits sur Immortal Romance<\/li>\n<li>Jour 5 &#8211; Tours gratuits sur 20 Year celebration<\/li>\n<li>Jour 6 &#8211; Tours gratuits sur Amazing Links Zeus<\/li>\n<li>Jour 7 &#8211; Tours gratuits sur Hyperstrike<\/li>\n<\/ul>\n<h2>Quatro Casino Rewards 700 Free Spins<\/h2>\n<p><strong>Quatro Casino<\/strong> n&#8217;est pas un <a href=\"https:\/\/www.bonus.ca\/fr\/casino-en-ligne\/nouveaux\">nouveau casino en ligne canadian<\/a>. <\/p>\n<p>Il est pr\u00e9sent dans l&#8217;industrie du jeu depuis 2008, et au cours de la derni\u00e8re d\u00e9cennie, il s&#8217;est forg\u00e9 une solide r\u00e9putation aupr\u00e8s des joueurs canadiens et qu\u00e9b\u00e9cois. <\/p>\n<p>Bien qu&#8217;il ne soit pas l&#8217;un des plus grands casinos en ligne d&#8217;Am\u00e9rique du Nord, le casino offre une excellente exp\u00e9rience de jeu qui vaut le d\u00e9tour.<\/p>\n<p>Continuez votre lecture pour d\u00e9couvrir notre avis sur Quatro Casino. Nous jeterons un coup d&#8217;oeil au bonus d&#8217;inscription, aux jeux disponibles ainsi qu&#8217;aux m\u00e9thodes bancaires offertes.<\/p>\n<p>[table_start]<br \/>\n[table_row column-1=&#8217;<strong>Tours Gratuits<\/strong>&#8216; column-2=&#8217;700 Tours Gratuits Pour 10$&#8217;]<br \/>\n[table_row column-1=&#8217;<strong>Bonus Total<\/strong>&#8216; column-2=&#8217;100$ + 700 Tours Gratuits&#8217;]<br \/>\n[table_row column-1=&#8217;<strong>D\u00e9p\u00f4t Minimum<\/strong>&#8216; column-2=&#8217;10$&#8217;]<br \/>\n[table_row column-1=&#8217;<strong>Casino Mobile<\/strong>&#8216; column-2=&#8217;Oui (Android, iOS, Windows)&#8217;]<br \/>\n[table_row column-1=&#8217;<strong>Nombre de Jeux<\/strong>&#8216; column-2=&#8217;500&#8217;]<br \/>\n[table_end]<\/p>\n<p>Le Casino Quatro Rewards est construit sur la plateforme Microgaming, qui garantit toujours une qualit\u00e9 optimale. <\/p>\n<p>Parmi le large \u00e9ventail de jeux de casino en argent r\u00e9el que Quatro propose, vous pouvez facilement choisir ceux qui vous conviennent le mieux, soit sur la version instantan\u00e9e en jeu flash ou la version t\u00e9l\u00e9chargeable du casino.<\/p>\n<p>Ce sont toutefois les bonus casino qui rendent Quatro Casino sp\u00e9cial aux yeux des joueurs. Leur bonus de bienvenue est l&#8217;un des meilleurs que nous n&#8217;ayons jamais vus et il vaut vraiment la peine. <\/p>\n<p>Vous pouvez obtenir jusqu&#8217;\u00e0 100$ en \u00e9quivalence lors de votre d\u00e9p\u00f4t et 700 tours gratuits lors de votre premier d\u00e9p\u00f4t en argent r\u00e9el! Il n&#8217;y a aucune raison de passer \u00e0 c\u00f4t\u00e9 de cette offre.<\/p>\n<h2>R\u00e9compenses &#038; Programme de Fid\u00e9lit\u00e9 Rewards<\/h2>\n<p>Au Quatro Casino Rewards, les offres ne s&#8217;arr\u00eatent pas \u00e0 cet incroyable bonus de bienvenue. En jouant, vous obtiendrez un acc\u00e8s automatique \u00e0 leur programme de fid\u00e9lit\u00e9. Cela signifie des bonus plus somptueux et des promotions g\u00e9n\u00e9reuses (comme des cadeaux).<\/p>\n<p><strong>&#8220;Casino Rewards&#8221; est un programme de fid\u00e9lit\u00e9 tr\u00e8s populaire dans l&#8217;industrie du jeu en ligne. <\/p>\n<p>Il s&#8217;agit d&#8217;un r\u00e9seau de casinos en ligne qui offre des avantages et des r\u00e9compenses aux joueurs qui jouent sur les sites participants. <\/p>\n<p>Le programme a \u00e9t\u00e9 lanc\u00e9 en 2000 et compte un grand nombre de casinos partenaires.<\/strong><\/p>\n<p>Le programme de fid\u00e9lit\u00e9 du Quatro Casino est un programme \u00e0 six niveaux. En fonction de votre activit\u00e9, vous gagnerez des points et remonterez d&#8217;un niveau toutes les quelques semaines. <\/p>\n<p>Chaque niveau offre des bonus plus importants et plus de promotions. <\/p>\n<p>De plus, comme le casino Quatro fait partie du groupe des <a href=\"https:\/\/www.bonus.ca\/fr\/casino-bonus\/rewards\">casinos Rewards<\/a>, vous pouvez acc\u00e9der \u00e0 tous les autres casinos du groupe pour r\u00e9clamer vos bonus et r\u00e9compenses facilement.<\/p>\n<div id=\"attachment_16409\" style=\"width: 1546px\" class=\"wp-caption alignnone\"><img loading=\"lazy\" decoding=\"async\" aria-describedby=\"caption-attachment-16409\" src=\"https:\/\/mediafr.bonus.ca\/images\/Quatro-Casino-rewards-logo.png\" alt=\"Quatro Casino Rewards Logo\" width=\"1536\" height=\"920\" class=\"size-full wp-image-16409\" srcset=\"https:\/\/mediafr.bonus.ca\/images\/Quatro-Casino-rewards-logo.png 1536w, https:\/\/mediafr.bonus.ca\/images\/Quatro-Casino-rewards-logo-300x180.png 300w, https:\/\/mediafr.bonus.ca\/images\/Quatro-Casino-rewards-logo-1024x613.png 1024w, https:\/\/mediafr.bonus.ca\/images\/Quatro-Casino-rewards-logo-1048x628.png 1048w, https:\/\/mediafr.bonus.ca\/images\/Quatro-Casino-rewards-logo-90x54.png 90w\" sizes=\"auto, (max-width: 1536px) 100vw, 1536px\" \/><p id=\"caption-attachment-16409\" class=\"wp-caption-text\">Lorsque vous jouez sur l&#8217;un des casinos affili\u00e9s \u00e0 Casino Rewards, vous accumulez des points de fid\u00e9lit\u00e9 en pariant de l&#8217;argent r\u00e9el sur les jeux. Ces points peuvent ensuite \u00eatre \u00e9chang\u00e9s contre des cr\u00e9dits de casino gratuits, ce qui vous permet de jouer davantage sans avoir \u00e0 d\u00e9penser d&#8217;argent suppl\u00e9mentaire.<\/p><\/div>\n<h2>Quatro Casino Fran\u00e7ais<\/h2>\n<p>Les joueurs qu\u00e9b\u00e9cois seront heureux d&#8217;apprendre que Quatro Casino est disponible en fran\u00e7ais. <\/p>\n<p>Ceci facilitera votre exp\u00e9rience de jeu et vous permettra de mieux comprendre les termes et conditions du site qui peuvent parfois s&#8217;av\u00e9rer compliqu\u00e9s.<\/p>\n<p>Les joueurs de <a href=\"https:\/\/www.bonus.ca\/fr\/casino-en-ligne\/quebec\">casino en ligne du Qu\u00e9bec<\/a> aiment bien le Casino Quatro puisque le bonus d&#8217;inscription est plut\u00f4t solide, non? Qu&#8217;attendez-vous pour l&#8217;essayer?<\/p>\n<h2>Jeux de Casino<\/h2>\n<p>Les jeux les plus populaires parmi les joueurs canadiens et qu\u00e9b\u00e9cois sont les machines \u00e0 sous en ligne. Quatro Casino n&#8217;est certainement pas \u00e0 court dans ce domaine. <\/p>\n<p>En effet, Microgaming ouvre la voie aux jeux de machines \u00e0 sous les plus populaires, y compris les <strong>jeux \u00e0 jackpot progressifs<\/strong>.<\/p>\n<p>Cependant, il n&#8217;y a pas uniquement des jeux de machines \u00e0 sous. Quatro Casino propose une grande vari\u00e9t\u00e9 de jeux de table tels que le blackjack et la roulette. <\/p>\n<p>Que vous aimiez jouer \u00e0 ces jeux de casino classiques avec des r\u00e8gles am\u00e9ricaines ou europ\u00e9ennes, Quatro Casino poss\u00e8de le meilleur des deux mondes.<\/p>\n<h3>Machines \u00e0 Sous<\/h3>\n<p>Que vous aimiez les jeux de machines \u00e0 sous classiques tels que le <strong>jeu \u00e0 trois rouleaux Break Da Bank<\/strong> ou les machines \u00e0 sous vid\u00e9o les plus modernes telles que Game of Thrones, Quatro Casino Reward les a toutes. <\/p>\n<p>Leur r\u00e9pertoire compte plus de 500 jeux et inclue \u00e9galement les jeux de gros lots les plus populaires tels que <a href=\"https:\/\/www.bonus.ca\/fr\/machines-a-sous-gratuites\/mega-moolah\">Mega Moolah<\/a>. <\/p>\n<p>Ces jeux \u00e0 gros lots font d&#8217;\u00e9normes gagnants presque tous les jours et qui sait, peut-\u00eatre serez-vous le prochain?<\/p>\n<h3>Vid\u00e9o Poker<\/h3>\n<p>Le vid\u00e9o poker a \u00e9t\u00e9, et, est toujours l&#8217;un des jeux de casino les plus populaires jamais cr\u00e9\u00e9s. <\/p>\n<p>Quatro Casino propose une vaste s\u00e9lection de grands titres tels que All Aces, Jacks or Better et Deuces Wild.<\/p>\n<h3>Casino Quatro Live<\/h3>\n<p>Vous pouvez jouer au jeux classiques en direct. Imaginez vos jeux pr\u00e9f\u00e9r\u00e9s tels que le baccara, le blackjack ainsi que les jeux de roulette et vous y \u00eates presque.<\/p>\n<p>Jouer au Quatro Casino Live est facile. Si vous avez un compte, il vous suffit de vous connecter et de choisir le jeu auquel vous voulez jouer.<\/p>\n<p>Si vous n&#8217;avez pas encore de compte, ne vous inqui\u00e9tez pas. Vous pouvez en cr\u00e9er un en quelques minutes seulement.<\/p>\n<p>Qu&#8217;est-ce que vous attendez ? Venez vous amuser au Quatro Casino Live d\u00e8s aujourd&#8217;hui en cliquant sur notre bouton vert !<\/p>\n<h2>M\u00e9thodes Bancaires<\/h2>\n<p>QuatroCasino en ligne offre plusieurs options bancaires pour les joueurs canadiens. Voici un aper\u00e7u des m\u00e9thodes bancaires disponibles au casino Quatro.<\/p>\n<p>[table_start]<br \/>\n[table_head column-1=&#8217;<strong>M\u00e9thodes bancaires<\/strong>&#8216; column-2=&#8217;Pris en charge&#8217;]<br \/>\n[table_row column-1=&#8217;<strong>Interac<\/strong>&#8216; column-2=&#8217;Oui&#8217;]<br \/>\n[table_row column-1=&#8217;<strong>iDebit<\/strong>&#8216; column-2=&#8217;Oui&#8217;]<br \/>\n[table_row column-1=&#8217;<strong>Visa\/Mastercard<\/strong>&#8216; column-2=&#8217;Oui&#8217;]<br \/>\n[table_row column-1=&#8217;<strong>eCheck<\/strong>&#8216; column-2=&#8217;Oui&#8217;]<br \/>\n[table_row column-1=&#8217;<strong>Ecopayz<\/strong>&#8216; column-2=&#8217;Oui&#8217;]<br \/>\n[table_row column-1=&#8217;<strong>Paysafecard<\/strong>&#8216; column-2=&#8217;Oui&#8217;]<br \/>\n[table_row column-1=&#8217;<strong>Paypal<\/strong>&#8216; column-2=&#8217;Non&#8217;]<br \/>\n[table_end]<\/p>\n<p>Les d\u00e9p\u00f4ts sont trait\u00e9s rapidement et en toute s\u00e9curit\u00e9. La plupart des m\u00e9thodes bancaires sont instantan\u00e9es, vous serez donc dans l&#8217;action en un rien de temps.<\/p>\n<h3>D\u00e9p\u00f4t minimum <\/h3>\n<p>Ainsi, en fonction de leur budget, chaque nouveau joueur peut choisir de d\u00e9poser n&#8217;importe quel montant \u00e0 partir de 10$. <\/p>\n<p>Si vous d\u00e9posez 10$, vous recevez instantan\u00e9ment 10$ de bonus et 10 tours gratuits chaque jour pendant une semaine. <\/p>\n<p>Pour tirer le meilleur parti de cette offre tr\u00e8s g\u00e9n\u00e9reuse, vous devez effectuer un d\u00e9p\u00f4t d&#8217;au moins 100$, ce qui vous donne 100$ en bonus et 700 tours gratuits.<\/p>\n<h3>Retraits<\/h3>\n<p>Retirer vos gains est aussi facile que de d\u00e9poser. Les retraits ne sont toutefois pas instantan\u00e9s et les m\u00e9thodes de retrait sont quelque peu limit\u00e9es. Les m\u00e9thodes canadiennes disponibles sont, entre autre, Visa, les virements \u00e9lectroniques, eCheck et Skrill.<\/p>\n<p>Le Casino Rewards Quatro Casino retient tous les retraits pendant 2 jours ouvrables. Pendant ce temps, vous avez la possibilit\u00e9 d&#8217;annuler le retrait. Pour \u00eatre honn\u00eate, chez BonusFinder, nous ne sommes pas fans de ces d\u00e9lais.<\/p>\n<h2>Quatro Casino Mobile<\/h2>\n<p>Le jeu mobile Quatro Casino est excellent. Ils offrent un support complet pour Android, iOS et tous les autres syst\u00e8mes d&#8217;exploitation principaux. <\/p>\n<p>Aucune application mobile n&#8217;est disponible, mais le site lui-m\u00eame est tr\u00e8s convivial pour les appareils mobiles.<\/p>\n<p>Vous pouvez \u00e9galement ouvrir un nouveau compte et effectuer toutes les op\u00e9rations bancaires via leur site web optimis\u00e9 pour les appareils mobiles. <\/p>\n<p>Et vous \u00eates naturellement \u00e9ligible pour le m\u00eame bonus de bienvenue en utilisant votre appareil mobile.<\/p>\n<h3>Quatro Casino Mobile Login<\/h3>\n<p>Pour vous connecter sur la version mobile de Quatro Casino, vous pouvez suivre les m\u00eames \u00e9tapes. Le tout est plut\u00f4t simple, n&#8217;est-ce pas?<\/p>\n<h2>Assistance Joueurs<\/h2>\n<p>Vous obtiendrez un support client canadien sur Quatro Casino en ligne via clavardage en direct, courrier \u00e9lectronique ou t\u00e9l\u00e9phone. Nous sugg\u00e9rons d&#8217;utiliser le clavardage en direct, qui est disponible 24h\/24 et 7j\/7. Ils ont \u00e9galement un num\u00e9ro de t\u00e9l\u00e9phone sans frais pour les joueurs du Canada.<\/p>\n<p>[table_start]<br \/>\n[table_row column-1=&#8217;<strong>CHAT LIVE<\/strong>&#8216; column-2=&#8217;24 heures sur 24 &#8216;]<br \/>\n[table_row column-1=&#8217;<strong>E-MAIL<\/strong>&#8216; column-2=&#8217;support@crhelpdesk.com&#8217;]<br \/>\n[table_end]<\/p>\n<h2>Quatro Casino VS Grand Mondial Casino<\/h2>\n<p>Si vous vous demandez quel casino entre Quatro Casino et Grand Mondial est la meilleure option pour vous, cela d\u00e9pendra du montant que vous \u00eates pr\u00eats \u00e0 d\u00e9poser.<\/p>\n<p>En effet, pour obtenir l&#8217;offre maximale de Quatro Casino (700 free spins), vous devrez d\u00e9poser 100$. Grand Mondial Casino vous offre 150 free spins pour 10$. <\/p>\n<p>Alors, cela d\u00e9pend vraiment de votre budget de jeux.<\/p>\n<p>Si le budget n&#8217;est pas un probl\u00e8me pour vous, alors on vous sugg\u00e8re de choisir l&#8217;offre de Quatro Casino puisque 700 free spins vous permettront d&#8217;essayer plusieurs machines \u00e0 sous, et augmentent vos chances de gagner gros.<\/p>\n<h2>Quatro Casino Canada pour les Joueurs Canadiens <\/h2>\n<p>Le casino en ligne Quatro a une r\u00e9putation assez solide parmis les joueurs du Canada. <\/p>\n<p>Ce casino accepte les dollars canadiens ainsi que les m\u00e9thodes bancaires pr\u00e9f\u00e9r\u00e9es des joueurs canadiens et qu\u00e9b\u00e9cois. <\/p>\n<p>Cela rend donc votre exp\u00e9rience de jeu en ligne plus agr\u00e9able et plus facile.<\/p>\n<p>Le casino Quatro est \u00e9galement disponible en Fran\u00e7ais, ce qui est id\u00e9al pour les joueurs francophones.<\/p>\n<p>Dans l&#8217;ensemble, nous pensons que Quatro Casino est un excellent choix pour les joueurs canadiens. <\/p>\n<p>Ce casino en ligne offre un bonne gamme de jeux, de m\u00e9thodes bancaires, d&#8217;assistance \u00e0 la client\u00e8le et est disponible en anglais et en fran\u00e7ais.<\/p>\n<h3>Notre verdict<\/h3>\n<ul>\n<li><strong>Jeux Disponibles:<\/strong> 5\/5 <\/li>\n<li><strong>Optimisation Mobile:<\/strong> 4\/5 <\/li>\n<li><strong>Bonus de Bienvenue:<\/strong> 3\/5 <\/li>\n<li><strong>Estimation Finale:<\/strong> 4\/5 <\/li>\n<\/ul>\n<p>Si vous recherchez un casino en ligne qui accepte les joueurs canadiens, nous vous recommandons donc Quatro Casino.<\/p>\n","protected":false},"excerpt":{"rendered":"<p>Quatro Casino Rewards Avis: Un Excellent Choix Le Casino Rewards Quatro Casino est un excellent casino en ligne . Ils ont fait des progr\u00e8s dans le domaine du jeu ces derni\u00e8res ann\u00e9es. Le site est disponible pour tous les appareils, m\u00eame le t\u00e9l\u00e9phone mobile. La s\u00e9lection de jeux de casino contient les principaux titres de [&hellip;]<\/p>\n","protected":false},"author":123,"featured_media":0,"parent":0,"menu_order":0,"comment_status":"closed","ping_status":"closed","template":"","meta":{"inline_featured_image":false,"_glsr_average":0,"_glsr_ranking":0,"_glsr_reviews":0,"footnotes":""},"class_list":["post-5202","page","type-page","status-publish","hentry"],"yoast_head":"<!-- This site is optimized with the Yoast SEO plugin v27.3 - https:\/\/yoast.com\/product\/yoast-seo-wordpress\/ -->\n<title>Quatro Casino | 700 Tours Gratuits + 100$ Bonus de Bienvenue<\/title>\n<meta name=\"description\" content=\"Quatro casino codes bonus | 700 tours gratuits et 100$ en bonus | Jouez sur Quatro Casino Rewards en fran\u00e7ais en [year] !\" \/>\n<meta name=\"robots\" content=\"index, follow, max-snippet:-1, max-image-preview:large, max-video-preview:-1\" \/>\n<link rel=\"canonical\" href=\"https:\/\/www.bonus.ca\/fr\/quatro-casino\" \/>\n<meta property=\"og:type\" content=\"article\" \/>\n<meta property=\"og:title\" content=\"Quatro Casino | 700 Tours Gratuits + 100$ Bonus de Bienvenue\" \/>\n<meta property=\"og:description\" content=\"Quatro casino codes bonus | 700 tours gratuits et 100$ en bonus | Jouez sur Quatro Casino Rewards en fran\u00e7ais en [year] !\" \/>\n<meta property=\"og:url\" content=\"https:\/\/www.bonus.ca\/fr\/quatro-casino\" \/>\n<meta property=\"article:modified_time\" content=\"2026-04-02T12:46:37+00:00\" \/>\n<meta property=\"og:image\" content=\"https:\/\/mediafr.bonus.ca\/images\/Quatro-Casino-logo.png\" \/>\n\t<meta property=\"og:image:width\" content=\"1536\" \/>\n\t<meta property=\"og:image:height\" content=\"920\" \/>\n\t<meta property=\"og:image:type\" content=\"image\/png\" \/>\n<meta name=\"twitter:card\" content=\"summary_large_image\" \/>\n<meta name=\"twitter:label1\" content=\"Est. reading time\" \/>\n\t<meta name=\"twitter:data1\" content=\"11 minutes\" \/>\n<!-- \/ Yoast SEO plugin. -->","yoast_head_json":{"title":"Quatro Casino | 700 Tours Gratuits + 100$ Bonus de Bienvenue","description":"Quatro casino codes bonus | 700 tours gratuits et 100$ en bonus | Jouez sur Quatro Casino Rewards en fran\u00e7ais en [year] !","robots":{"index":"index","follow":"follow","max-snippet":"max-snippet:-1","max-image-preview":"max-image-preview:large","max-video-preview":"max-video-preview:-1"},"canonical":"https:\/\/www.bonus.ca\/fr\/quatro-casino","og_type":"article","og_title":"Quatro Casino | 700 Tours Gratuits + 100$ Bonus de Bienvenue","og_description":"Quatro casino codes bonus | 700 tours gratuits et 100$ en bonus | Jouez sur Quatro Casino Rewards en fran\u00e7ais en [year] !","og_url":"https:\/\/www.bonus.ca\/fr\/quatro-casino","article_modified_time":"2026-04-02T12:46:37+00:00","og_image":[{"width":1536,"height":920,"url":"https:\/\/mediafr.bonus.ca\/images\/Quatro-Casino-logo.png","type":"image\/png"}],"twitter_card":"summary_large_image","twitter_misc":{"Est. reading time":"11 minutes"},"schema":{"@context":"https:\/\/schema.org","@graph":[{"@type":"WebPage","@id":"https:\/\/www.bonus.ca\/fr\/quatro-casino","url":"https:\/\/www.bonus.ca\/fr\/quatro-casino","name":"Quatro Casino | 700 Tours Gratuits + 100$ Bonus de Bienvenue","isPartOf":{"@id":"https:\/\/www.bonus.ca\/fr\/#website"},"primaryImageOfPage":{"@id":"https:\/\/www.bonus.ca\/fr\/quatro-casino#primaryimage"},"image":{"@id":"https:\/\/www.bonus.ca\/fr\/quatro-casino#primaryimage"},"thumbnailUrl":"https:\/\/mediafr.bonus.ca\/images\/Quatro-Casino-logo.png","datePublished":"2019-01-08T17:17:18+00:00","dateModified":"2026-04-02T12:46:37+00:00","description":"Quatro casino codes bonus | 700 tours gratuits et 100$ en bonus | Jouez sur Quatro Casino Rewards en fran\u00e7ais en [year] !","breadcrumb":{"@id":"https:\/\/www.bonus.ca\/fr\/quatro-casino#breadcrumb"},"inLanguage":"en-US","potentialAction":[{"@type":"ReadAction","target":["https:\/\/www.bonus.ca\/fr\/quatro-casino"]}]},{"@type":"ImageObject","inLanguage":"en-US","@id":"https:\/\/www.bonus.ca\/fr\/quatro-casino#primaryimage","url":"https:\/\/mediafr.bonus.ca\/images\/Quatro-Casino-logo.png","contentUrl":"https:\/\/mediafr.bonus.ca\/images\/Quatro-Casino-logo.png"},{"@type":"BreadcrumbList","@id":"https:\/\/www.bonus.ca\/fr\/quatro-casino#breadcrumb","itemListElement":[{"@type":"ListItem","position":1,"name":"Home","item":"https:\/\/www.bonus.ca\/fr\/"},{"@type":"ListItem","position":2,"name":"Quatro Casino"}]},{"@type":"WebSite","@id":"https:\/\/www.bonus.ca\/fr\/#website","url":"https:\/\/www.bonus.ca\/fr\/","name":"BonusFinder Canada (Fran\u00e7ais)","description":"La source de bonus n\u00b0 1 au Canada","potentialAction":[{"@type":"SearchAction","target":{"@type":"EntryPoint","urlTemplate":"https:\/\/www.bonus.ca\/fr\/?s={search_term_string}"},"query-input":{"@type":"PropertyValueSpecification","valueRequired":true,"valueName":"search_term_string"}}],"inLanguage":"en-US"}]}},"_links":{"self":[{"href":"https:\/\/www.bonus.ca\/fr\/wp-json\/wp\/v2\/pages\/5202","targetHints":{"allow":["GET"]}}],"collection":[{"href":"https:\/\/www.bonus.ca\/fr\/wp-json\/wp\/v2\/pages"}],"about":[{"href":"https:\/\/www.bonus.ca\/fr\/wp-json\/wp\/v2\/types\/page"}],"author":[{"embeddable":true,"href":"https:\/\/www.bonus.ca\/fr\/wp-json\/wp\/v2\/users\/123"}],"replies":[{"embeddable":true,"href":"https:\/\/www.bonus.ca\/fr\/wp-json\/wp\/v2\/comments?post=5202"}],"version-history":[{"count":12,"href":"https:\/\/www.bonus.ca\/fr\/wp-json\/wp\/v2\/pages\/5202\/revisions"}],"predecessor-version":[{"id":26465,"href":"https:\/\/www.bonus.ca\/fr\/wp-json\/wp\/v2\/pages\/5202\/revisions\/26465"}],"wp:attachment":[{"href":"https:\/\/www.bonus.ca\/fr\/wp-json\/wp\/v2\/media?parent=5202"}],"curies":[{"name":"wp","href":"https:\/\/api.w.org\/{rel}","templated":true}]}}