{"id":5204,"date":"2019-01-09T08:46:39","date_gmt":"2019-01-09T08:46:39","guid":{"rendered":"https:\/\/www.bonus.ca\/fr\/?post_type=bookmakers&#038;p=5204"},"modified":"2026-04-02T12:44:14","modified_gmt":"2026-04-02T12:44:14","slug":"yukon-gold-casino","status":"publish","type":"page","link":"https:\/\/www.bonus.ca\/fr\/yukon-gold-casino","title":{"rendered":"Yukon Gold Casino"},"content":{"rendered":"<h2>Yukon Gold Casino en Ligne Avis<\/h2>\n<p>\u00c9tabli en 2004 et licensi\u00e9 par la Kahnawake Gaming Commission, <strong>Yukon Gold Casino Rewards<\/strong> est un site de casino en ligne digne de confiance. <\/p>\n<p>Avec plus de 550 jeux de casino en ligne, le Casino Rewards Yukon Gold vous offre les <a href=\"https:\/\/www.bonus.ca\/fr\/casino-en-ligne\/le-plus-payant\">jeux en ligne payant<\/a> les plus populaires tels que le blackjack, la roulette et le vid\u00e9o poker.<\/p>\n<h3>Notre verdict<\/h3>\n<p>[table_start]<br \/>\n[table_row column-1=&#8217;<strong>Machines \u00e0 sous<\/strong>&#8216; column-2=&#8217;5\/5&#8242;]<br \/>\n[table_row column-1=&#8217;<strong>Casino en direct<\/strong>&#8216; column-2=&#8217;3\/5&#8242;]<br \/>\n[table_row column-1=&#8217;<strong>Design du site<\/strong>&#8216; column-2=&#8217;2\/5&#8242;]<br \/>\n[table_row column-1=&#8217;<strong>Options de paiement<\/strong>&#8216; column-2=&#8217;4\/5&#8242;]<br \/>\n[table_row column-1=&#8217;<strong>Service client<\/strong>&#8216; column-2=&#8217;3\/5&#8217;]<br \/>\n[table_end]<\/p>\n<p>Dans cet avis sur le <strong>Casino Yukon<\/strong>, vous trouverez des informations sur le <a href=\"https:\/\/www.bonus.ca\/fr\/casino-bonus\">bonus de bienvenue<\/a>, les promotions, les m\u00e9thodes bancaires ainsi que les jeux de casino en ligne disponibles. <\/p>\n<p>Poursuivez votre lecture pour en savoir plus sur Yukon Gold Casino Rewards.<\/p>\n<p>[table_start]<br \/>\n[table_row column-1=&#8217;<strong>Casino en Ligne<\/strong>&#8216; column-2=&#8217;Yukon Gold Rewards&#8217;]<br \/>\n[table_row column-1=&#8217;<strong>D\u00e9p\u00f4t Minimum<\/strong>&#8216; column-2=&#8217;10$&#8217;]<br \/>\n[table_row column-1=&#8217;<strong>Casino Mobile<\/strong>&#8216; column-2=&#8217;Oui &#8216;]<br \/>\n[table_row column-1=&#8217;<strong>Nombre de Jeux<\/strong>&#8216; column-2=&#8217;550&#8242;]<br \/>\n[table_row column-1=&#8217;<strong>Bonus Total<\/strong>&#8216; column-2=&#8217;150$ + 150 free spins&#8217;]<\/p>\n<p>[table_end]<\/p>\n<p>Propuls\u00e9 par Microgaming, Yukon Gold Casino est parmi les<a href=\"https:\/\/www.bonus.ca\/fr\/\"> meilleurs casino en ligne Canada<\/a>. <\/p>\n<p>Les op\u00e9rations du Casino en ligne Yukon ont \u00e9t\u00e9 minutieusement inspect\u00e9es et approuv\u00e9es par eCogra, une agence bas\u00e9e au Royaume-Uni qui \u00e9value la s\u00e9curit\u00e9 des platesformes de jeux de casino en ligne. <\/p>\n<div id=\"attachment_16519\" style=\"width: 1546px\" class=\"wp-caption alignnone\"><img loading=\"lazy\" decoding=\"async\" aria-describedby=\"caption-attachment-16519\" src=\"https:\/\/www.bonus.ca\/fr\/images\/Yukon-Gold-rewards.png\" alt=\"Yukon Gold rewards\" width=\"1536\" height=\"920\" class=\"size-full wp-image-16519\" srcset=\"https:\/\/mediafr.bonus.ca\/images\/Yukon-Gold-rewards.png 1536w, https:\/\/mediafr.bonus.ca\/images\/Yukon-Gold-rewards-300x180.png 300w, https:\/\/mediafr.bonus.ca\/images\/Yukon-Gold-rewards-1024x613.png 1024w, https:\/\/mediafr.bonus.ca\/images\/Yukon-Gold-rewards-1048x628.png 1048w, https:\/\/mediafr.bonus.ca\/images\/Yukon-Gold-rewards-90x54.png 90w\" sizes=\"auto, (max-width: 1536px) 100vw, 1536px\" \/><p id=\"caption-attachment-16519\" class=\"wp-caption-text\">Obtenez des r\u00e9compenses de fid\u00e9lit\u00e9 et des avantages exclusifs, y compris des voyages vers des destinations de vacances. Rejoignez le programme de fid\u00e9lit\u00e9 pour d\u00e9bloquer des promotions g\u00e9n\u00e9reuses.<\/p><\/div>\n<h3>Yukon Gold Casino Canada<\/h3>\n<p>Yukon Gold est un <a href=\"https:\/\/www.bonus.ca\/fr\/casino-en-ligne\">casino en ligne populaire<\/a> qui accepte l&#8217;argent canadien et les m\u00e9thodes bancaires pr\u00e9f\u00e9r\u00e9es des joueurs canadiens et qu\u00e9b\u00e9cois qui veulent jouer avec de l&#8217;argent r\u00e9el. <\/p>\n<p>Vous pouvez consulter la liste des m\u00e9thodes de d\u00e9p\u00f4t et retrait un peu plus loin sur cette page. <\/p>\n<p>Ce casino est peut-\u00eatre un site plus petit que ses concurrents, mais ce casino en ligne compense avec ses bonus g\u00e9n\u00e9reux et son excellent service \u00e0 la client\u00e8le disponible 24 heures sur 24, 7 jours sur 7. <\/p>\n<p>Yukon gold fran\u00e7ais est disponible et son support client est \u00e9galement disponible en fran\u00e7ais.<\/p>\n<h3>Casino en fran\u00e7ais<\/h3>\n<p>Si vous d\u00e9sirez jouer au Yukon Gold Casino en fran\u00e7ais, vous serez ravis d&#8217;apprendre que c&#8217;est possible ! <\/p>\n<p>En effet, les joueurs du Qu\u00e9bec pourront jouer au Yukon Gold Casino en fran\u00e7ais sans probl\u00e8me.<\/p>\n<p>Pour les qu\u00e9b\u00e9cois, cela veut dire qu&#8217;il sera plus facile de comprendre les termes et conditions du bonus, et de naviguer le site sans anicroches.<\/p>\n<h2>Yukon Gold bonus 2026<\/h2>\n<p>Le Casino en ligne Yukon Gold offre un bon bonus de bienvenue aux joueurs provenant du Canada. <\/p>\n<p>Ce bonus vous permet d&#8217;obtenir 150 tours gratuits sur Mega Money Wheel ainsi qu&#8217;un bonus \u00e0 100% jusqu&#8217;\u00e0 150$. <\/p>\n<p>Le bonus d&#8217;inscription est divis\u00e9 en 2 d\u00e9p\u00f4ts. Le 2e d\u00e9p\u00f4t vous offre un avantage, les conditions de mise sont plus basses, soit \u00e0 30x.<\/p>\n<p>Voici les d\u00e9tails du Yukon Gold Casino bonus :<\/p>\n<p>[table_start]<br \/>\n[table_head column-1=&#8217;<strong>Yukon Casino Casino Rewards<\/strong>&#8216; column-2=&#8221;<strong>Information sur le bonus d&#8217;inscription<\/strong>&#8220;]<br \/>\n[table_row column-1=&#8217;<strong>Yukon Gold Bonus<\/strong>&#8216; column-2=&#8217;150 chances &#038; 150$ en bonus&#8217;]<br \/>\n[table_row column-1=&#8217;<strong>1er d\u00e9p\u00f4t<\/strong>&#8216; column-2=&#8217;150 free spins avec un d\u00e9p\u00f4t minimum de 10$&#8217;]<br \/>\n[table_row column-1=&#8217;<strong>Tours gratuits<\/strong>&#8216; column-2=&#8217;Mega Money Wheel&#8217;]<br \/>\n[table_row column-1=&#8217;<strong>2\u00e8me d\u00e9p\u00f4t<\/strong>&#8216; column-2=&#8221;Bonus \u00e0 100% jusqu&#8217;\u00e0 150$&#8221;]<br \/>\n[table_row column-1=&#8217;<strong>Conditions de mise sur le 1er d\u00e9p\u00f4t<\/strong>&#8216; column-2=&#8217;60x&#8217;]<br \/>\n[table_row column-1=&#8217;<strong>Conditions de mise sur le 2e d\u00e9p\u00f4t<\/strong>&#8216; column-2=&#8217;30x&#8217;]<br \/>\n[table_end]<\/p>\n<h3>Codes bonus<\/h3>\n<p>Vous n&#8217;avez pas besoin de code bonus pour r\u00e9clamer votre bonus au casino en ligne Yukon Gold. Pour recevoir votre Yukon Gold Casino Promo, cliquez sur &#8220;obtenez ce bonus&#8221;. <\/p>\n<p>De cette fa\u00e7on, vous vous assurez d&#8217;obtenir le bonus dont nous vous parlons aujourd&#8217;hui.<\/p>\n<h3>Tours gratuits<\/h3>\n<p>Le casino Yukon Gold offre aux nouveaux joueurs canadiens un bonus d&#8217;inscription en deux \u00e9tapes. Lors de leur premier d\u00e9p\u00f4t, les joueurs re\u00e7oivent <strong>150 chances de gagner<\/strong> sur Mega Money Wheel avec un <a href=\"https:\/\/www.bonus.ca\/fr\/casino-bonus\/depot-minimum\">d\u00e9p\u00f4t minimum<\/a> de 10$. <\/p>\n<p>Il s&#8217;agit d&#8217;une offre excellente de tours gratuits !<\/p>\n<p>Il y a cependant un inconv\u00e9nient : tous les gains obtenus gr\u00e2ce \u00e0 ce premier bonus doivent \u00eatre mis\u00e9s 60 fois avant d&#8217;\u00eatre retir\u00e9s, ce qui est un peu trop \u00e9lev\u00e9 selon nous si on compare les conditions de mise aux autres casinos en ligne.<\/p>\n<div id=\"attachment_16517\" style=\"width: 1546px\" class=\"wp-caption alignnone\"><img loading=\"lazy\" decoding=\"async\" aria-describedby=\"caption-attachment-16517\" src=\"https:\/\/www.bonus.ca\/fr\/images\/Logo-Yukon-Gold.png\" alt=\"yukon gold casino en ligne\" width=\"1536\" height=\"920\" class=\"size-full wp-image-16517\" srcset=\"https:\/\/mediafr.bonus.ca\/images\/Logo-Yukon-Gold.png 1536w, https:\/\/mediafr.bonus.ca\/images\/Logo-Yukon-Gold-300x180.png 300w, https:\/\/mediafr.bonus.ca\/images\/Logo-Yukon-Gold-1024x613.png 1024w, https:\/\/mediafr.bonus.ca\/images\/Logo-Yukon-Gold-1048x628.png 1048w, https:\/\/mediafr.bonus.ca\/images\/Logo-Yukon-Gold-90x54.png 90w\" sizes=\"auto, (max-width: 1536px) 100vw, 1536px\" \/><p id=\"caption-attachment-16517\" class=\"wp-caption-text\">Yukon Gold Casino offre aux joueurs canadiens 150 tours gratuits sur l&#8217;inscription pour essayer leur casino en ligne seulement pour 10\u00a0$!<\/p><\/div>\n<h3>Conditions de mise<\/h3>\n<p>Lors de leur deuxi\u00e8me d\u00e9p\u00f4t, les joueurs canadiens peuvent profiter d&#8217;un bonus casino qui jusqu&#8217;\u00e0 150 $. <\/p>\n<p>Contrairement au premier bonus, les conditions de mise ne repr\u00e9sentent que 30 fois le montant du bonus.<\/p>\n<p>Il est important de noter que tous les jeux ne contribuent pas aux conditions de mise de la m\u00eame mani\u00e8re. <\/p>\n<p>Chaque machine \u00e0 sous \u00e0 laquelle vous jouez comptera \u00e0 <strong>100% dans vos conditions de mise<\/strong>, mais les autres jeux de casino peuvent valoir moins, comme indiqu\u00e9 ci-dessous:<\/p>\n<ul>\n<li><strong>Jeux de machines \u00e0 sous et salons:<\/strong> 100%<\/li>\n<li><strong>Sic Bo, Casino War, Table Poker:<\/strong> 50%<\/li>\n<li><strong>Blackjack, Baccara, Craps:<\/strong> 10%<\/li>\n<li><strong>Blackjack classique, roulette, vid\u00e9o poker:<\/strong> 2%<\/li>\n<li><strong>Roulette en direct, Poker de table en direct et DreamCatcher:<\/strong> 2%<\/li>\n<li><strong>Tous les vid\u00e9o poker Aces:<\/strong> 0%<\/li>\n<\/ul>\n<h2>R\u00e9compenses &#038; programme de fid\u00e9lit\u00e9 Rewards<\/h2>\n<p>Yukon Gold Casino est membre du <a href=\"https:\/\/www.bonus.ca\/fr\/casino-bonus\/rewards\">groupe rewards<\/a>, ce qui veut dire que votre inscription vous permet d&#8217;acc\u00e9der au programme de fid\u00e9lit\u00e9.<\/p>\n<p>Le groupe rewards offre un bon nombre de promotion sur une base r\u00e9guli\u00e8re et vous donne acc\u00e8s \u00e0 tous les casinos faisant partie du groupe.<\/p>\n<p>En tant que membre du casino en ligne Yukon Gold, vous obtiendrez des avantages et des r\u00e9compenses. <\/p>\n<p>En effet, tous les membres du groupe de Casino Rewards peuvent b\u00e9n\u00e9ficier de <strong>promotions r\u00e9guli\u00e8res<\/strong>. Cela peut \u00eatre plaisant si vous aimez obtenez des avantages suppl\u00e9mentaires.<\/p>\n<h2>Jeux de casino en ligne Yukon Gold<\/h2>\n<p>Le casino en ligne Yukon Gold offre une grande vari\u00e9t\u00e9 de jeux en ligne incluant des machines \u00e0 sous et un casino live en direct. On y compte plus de <strong>550 jeux de casino<\/strong> en ligne !<\/p>\n<p>Vous pouvez jouer \u00e0 certaines des machines \u00e0 sous classiques pr\u00e9f\u00e9r\u00e9es de tous les temps, et ils offrent \u00e9galement de nouvelles machines \u00e0 sous populaires comme Game of Thrones et d&#8217;autres jeux Microgaming premium.<\/p>\n<p>Yukon Gold Casino en ligne est propuls\u00e9 par Microgaming. Il n&#8217;est donc pas surprenant de voir que Yukon Gold propose une s\u00e9lection de machines \u00e0 sous en ligne vari\u00e9e.  <\/p>\n<p>Vous trouverez diff\u00e9rents jeux de machines \u00e0 sous, ainsi que des jeux avec jackpot progressif.<\/p>\n<h3>Machines \u00e0 sous<\/h3>\n<p>Le Casino Rewards Yukon Gold vous offre les meilleures machines \u00e0 sous disponibles. En effet, vous pourrez jouer aux jeux classiques ainsi qu&#8217;aux nouvelles machines \u00e0 sous comme Game of Thrones.<\/p>\n<p>Yukon Gold Casino vous offre les jeux populaires propuls\u00e9s par les fournisseurs de jeux populaires comme Microgaming, Rabcat, etc. <\/p>\n<p>Voici les machines \u00e0 sous populaires que vous trouverez au Yukon Gold Casino en ligne :<\/p>\n<ul>\n<li><strong>Game of Thrones<\/strong><\/li>\n<li><strong>Mermaids Millions<\/strong><\/li>\n<li><strong>Robin of Sherwood<\/strong><\/li>\n<li><strong>Mega Moolah<\/strong><\/li>\n<li><strong>The Phantom of the Opera<\/strong><\/li>\n<li><strong>Immortal Romance<\/strong><\/li>\n<li><strong>Avalon II<\/strong><\/li>\n<li><strong>Mega Vault Millionnaire<\/strong>(un jeu exclusif des Casinos Rewards)<\/li>\n<\/ul>\n<h3>Game of Thrones<\/h3>\n<p>Game of Thrones a captiv\u00e9 l&#8217;imaginaire des t\u00e9l\u00e9spectateurs du monde entier au cours des derni\u00e8res ann\u00e9es. <\/p>\n<p>Ce n&#8217;\u00e9tait donc qu&#8217;une question de temps avant que la populaire \u00e9mission devienne une machine \u00e0 sous.<\/p>\n<p>Yukon Gold propose deux versions de ce titre, une avec 15 lignes et une autre <strong>offrant 243 fa\u00e7ons de gagner de l&#8217;argent r\u00e9el<\/strong>.<\/p>\n<p>Avec des fonctionnalit\u00e9s telles que des empilements, un lot de consolation pour n&#8217;avoir frapp\u00e9 que deux des trois symboles (le tr\u00f4ne de fer), et la possibilit\u00e9 de choisir l&#8217;une des quatre maisons de Westeros dans le tour de la rotation gratuite, il s&#8217;agit d&#8217;un jeu \u00e0 ne pas manquer. <\/p>\n<h3>Jeux \u00e0 jackpots<\/h3>\n<p>Le Yukon Gold Casino est un site de casino qui n&#8217;offre qu&#8217;un nombre limit\u00e9 de machines \u00e0 sous progressives, mais heureusement, Mega Moolah en fait partie. <\/p>\n<p>Actuellement, ce jeu d\u00e9tient le record du monde du plus gros lot de machines \u00e0 sous progressives attribu\u00e9 \u00e0 un joueur (un joueur du Royaume-Uni a remport\u00e9 28 millions de dollars en septembre 2018). <\/p>\n<p>Ce n&#8217;est pas tout- il y a quatre gros lots \u00e0 gagner, si vous ratez le plus gros, il y en a trois autres qui donneront un bon coup de pouce \u00e0 votre banque de jeu.<\/p>\n<p>Si vous d\u00e9sirez essayer un nouveau jeu, tentez votre chance \u00e0 la <strong>nouvelle machine \u00e0 sous Mega Vault Millionaire<\/strong>.<\/p>\n<p>Ce jeu est uniquement r\u00e9serv\u00e9 aux joueurs Rewards.<\/p>\n<h3>Mega Moolah<\/h3>\n<p><a href=\"https:\/\/www.bonus.ca\/fr\/machines-a-sous-gratuites\/mega-moolah\">Mega Moolah <\/a>est l&#8217;un des emplacements les plus populaires jamais cr\u00e9\u00e9s. Actuellement, le record du monde pour les plus grandes machines \u00e0 sous progressives attribu\u00e9es \u00e0 un joueur est venu de la Mega Moolah (28\u00a0millions de dollars CAD a \u00e9t\u00e9 remport\u00e9 par un joueur du Royaume-Uni en Septembre\u00a02018).<\/p>\n<p>En tant que tel, ce jeu a le potentiel de changer votre vie avec un seul tour de sa roue de jackpot. <\/p>\n<p>Vous avez probablement entendu quelques histoires de gagnants sur le jackpot en argent r\u00e9el et avec les <strong>125 chances gratuites<\/strong>, vous pouvez \u00eatre le prochain !<\/p>\n<h3>Mega Vault millionaire<\/h3>\n<p>Nouvelle Mega Vault Millionaire  est d\u00e9j\u00e0 devenu populaire parmi les joueurs en ligne. Vous pouvez gagner \u00e9norme sur ces machines \u00e0 sous progressives. <\/p>\n<p>En ce moment, le jackpot massif sur cette machine \u00e0 sous se situe \u00e0 5 697 445 615 de dollars canadiens !<\/p>\n<h3>Yukon Gold en direct<\/h3>\n<p>Outre son vaste choix de machines \u00e0 sous et de jeux de table, le casino Yukon Gold en ligne propose \u00e9galement \u00e0 ses clients des jeux de casino en live. <\/p>\n<p>Ces jeux, qui comprennent la roulette, le baccara, le blackjack, Dream Catcher et plusieurs variantes de poker sur table, sont g\u00e9r\u00e9s par le fournisseur de casino en direct Evolution Gaming.<\/p>\n<h2>M\u00e9thodes bancaires<\/h2>\n<p>Voici les m\u00e9thodes de paiement que vous trouverez au Yukon Gold Casino en ligne. <\/p>\n<p>Comme vous pouvez le constater, ce casino en ligne accepte la majorit\u00e9 des options de d\u00e9p\u00f4t appr\u00e9ci\u00e9es des joueurs du Canada. <\/p>\n<p>\u00c9videmment, Yukon Gold Casino Rewards supporte le dollar canadien.<\/p>\n<p>[table_start]<br \/>\n[table_head column-1=&#8217;<strong>M\u00e9thodes bancaire<\/strong>s&#8217; column-2=&#8217;<strong>Pris en charge<\/strong>&#8216;]<br \/>\n[table_row column-1=&#8217;<strong>Interac<\/strong>&#8216; column-2=&#8217;Oui&#8217;]<br \/>\n[table_row column-1=&#8217;<strong>iDebit<\/strong>&#8216; column-2=&#8217;Oui&#8217;]<br \/>\n[table_row column-1=&#8217;<strong>Visa\/Mastercard<\/strong>&#8216; column-2=&#8217;Oui&#8217;]<br \/>\n[table_row column-1=&#8217;<strong>eCheck<\/strong>&#8216; column-2=&#8217;Oui&#8217;]<br \/>\n[table_row column-1=&#8217;<strong>Instadebit<\/strong>&#8216; column-2=&#8217;Oui&#8217;]<br \/>\n[table_row column-1=&#8217;<strong>Ecopayz<\/strong>&#8216; column-2=&#8217;Oui&#8217;]<br \/>\n[table_row column-1=&#8217;<strong>Paysafecard<\/strong>&#8216; column-2=&#8217;Oui&#8217;]<br \/>\n[table_row column-1=&#8217;<strong>Paypal<\/strong>&#8216; column-2=&#8217;Non&#8217;]<br \/>\n[table_end]<\/p>\n<p>En ce qui concerne les retraits au Yukon Casino Gold, vous pouvez vous attendre \u00e0 un d\u00e9lais entre 2 \u00e0 6 jours. En effet, cela d\u00e9pend toujours de la m\u00e9thode de retrait choisie.<\/p>\n<h3>Les d\u00e9p\u00f4ts sur yukon Gold<\/h3>\n<p>Les joueurs ont de nombreuses fa\u00e7ons d&#8217;alimenter leurs comptes de casino. <\/p>\n<p>Ceux qui sont \u00e0 l&#8217;aise avec ces transactions apparaissent sur les factures et les relev\u00e9s peuvent facilement deposer de l&#8217;argent avec leur Visa \/ Mastercard ou autre m\u00e9thode bancaire pr\u00e9f\u00e9r\u00e9e comme eCheck et iDebit.<\/p>\n<p>Seulement Paypal n&#8217;est pas une option pour les joueurs bas\u00e9s au Canada.<\/p>\n<p><strong>C&#8217;est l&#8217;un des rares casinos eCheck en ligne<\/strong>.<\/p>\n<h3>Les retraits<\/h3>\n<p>La vitesse de paiement varie entre les m\u00e9thodes de paiement. Habituellement, il faut jusqu&#8217;\u00e0 1-2 jours ouvrables pour obtenir vos gains pay\u00e9s. <\/p>\n<p>Un virement bancaire direct prendra plus de temps qu&#8217;un retrait sur un portefeuille \u00e9lectronique, par exemple.<\/p>\n<h2>App Yukon Gold Rewards<\/h2>\n<p>D\u00e9sormais, Yukon Gold Casino offre une exp\u00e9rience de jeu encore plus accessible avec ses nouvelles applications officielles pour Android et iOS. <\/p>\n<p>T\u00e9l\u00e9chargez simplement l&#8217;application sur votre appareil pour acc\u00e9der \u00e0 des centaines de jeux HD, dont les favoris des fans comme Thunderstruck Wild Lightning, 10 000 Wishes et 9 Masks of Fire. <\/p>\n<p>Que vous soyez amateur de machines \u00e0 sous classiques, de nouveaux jeux ou de jeux de table populaires, tout est disponible sur votre t\u00e9l\u00e9phone. <\/p>\n<p>Avec la possibilit\u00e9 de jouer partout o\u00f9 vous allez, vous pouvez emporter le frisson du casino avec vous, et qui sait, peut-\u00eatre <strong>remporter des jackpots de plus de 1.000.000 $<\/strong> en chemin.<\/p>\n<p>De plus, gr\u00e2ce au programme VIP de r\u00e9compenses de fid\u00e9lit\u00e9, les joueurs peuvent b\u00e9n\u00e9ficier de r\u00e9compenses instantan\u00e9es et des meilleures promotions.<\/p>\n<h2>Service client<\/h2>\n<p>Le support client est tr\u00e8s bon, vous r\u00e9pondant dans un fran\u00e7ais impeccable. <\/p>\n<p>Les meilleurs op\u00e9rateurs en ligne ont toujours un service \u00e0 la client\u00e8le efficace car il est essentiel pour les joueurs d&#8217;avoir une assistance rapide en cas de besoin.<\/p>\n<p>Si vous avez besoin d&#8217;\u00e9claircissements concernant une promo ou le fonctionnement de <strong>l&#8217;exigence de mise x30<\/strong>, les sp\u00e8cialistes client de Yukon Gold seront pr\u00eats \u00e0 vous aider.<\/p>\n<p>[table_start]<br \/>\n[table_row column-1=&#8217;<strong>Live Chat<\/strong>&#8216; column-2=&#8217;Toujours Actif&#8217;]<br \/>\n[table_row column-1=&#8217;<strong>Email<\/strong>&#8216; column-2=&#8217; support@crhelpdesk.com &#8216;]<br \/>\n[table_end]<\/p>\n<h2>Yukon Gold casino en ligne : Notre avis final<\/h2>\n<p>Yukon Gold est l&#8217;un des casinos en ligne les plus populaires au Canada, r\u00e9put\u00e9 pour sa fiabilit\u00e9 et ses jackpots impressionnants, gr\u00e2ce \u00e0 son appartenance au prestigieux groupe Rewards.<\/p>\n<p>Avec plus de <strong>550 jeux<\/strong> parmi lesquels choisir, un bonus de bienvenue g\u00e9n\u00e9reux incluant des tours gratuits et un casino en direct propuls\u00e9 par Evolution Gaming, les joueurs qui choisissent ce casino seront divertis!<\/p>\n<p>Avec <a href=\"https:\/\/www.bonus.ca\/fr\/machines-a-sous-gratuites\">casino 150 tour gratuit sans d\u00e9p\u00f4t<\/a> lorsque vous faites un petit d\u00e9p\u00f4t de 10$, c&#8217;est assez difficile de passer \u00e0 c\u00f4t\u00e9 de cette offre. <\/p>\n<p>Les nouveaux joueurs pourront jouer au casino avec plus d&#8217;argent! De plus, il s&#8217;agit de l&#8217;un des meilleurs casinos en ligne au Canada.<\/p>\n<p>Alors, pas de soucis, il n&#8217;y a aucune arnaque au Casino en ligne Yukon Gold.<\/p>\n","protected":false},"excerpt":{"rendered":"<p>Yukon Gold Casino en Ligne Avis \u00c9tabli en 2004 et licensi\u00e9 par la Kahnawake Gaming Commission, Yukon Gold Casino Rewards est un site de casino en ligne digne de confiance. Avec plus de 550 jeux de casino en ligne, le Casino Rewards Yukon Gold vous offre les jeux en ligne payant les plus populaires tels [&hellip;]<\/p>\n","protected":false},"author":123,"featured_media":0,"parent":0,"menu_order":0,"comment_status":"closed","ping_status":"closed","template":"","meta":{"inline_featured_image":false,"_glsr_average":0,"_glsr_ranking":0,"_glsr_reviews":0,"footnotes":""},"class_list":["post-5204","page","type-page","status-publish","hentry"],"yoast_head":"<!-- This site is optimized with the Yoast SEO plugin v27.4 - https:\/\/yoast.com\/product\/yoast-seo-wordpress\/ -->\n<title>Yukon Gold Casino en Ligne : 150 Tours Gratuits + 150 $<\/title>\n<meta name=\"description\" content=\"Yukon Gold Casino membre du groupe Rewards | 150 tours gratuits sur Mega Money Wheel + 150 $ en Bonus. Lisez notre avis d&#039;experts !\" \/>\n<meta name=\"robots\" content=\"index, follow, max-snippet:-1, max-image-preview:large, max-video-preview:-1\" \/>\n<link rel=\"canonical\" href=\"https:\/\/www.bonus.ca\/fr\/yukon-gold-casino\" \/>\n<meta property=\"og:type\" content=\"article\" \/>\n<meta property=\"og:title\" content=\"Yukon Gold Casino en Ligne : 150 Tours Gratuits + 150 $\" \/>\n<meta property=\"og:description\" content=\"Yukon Gold Casino membre du groupe Rewards | 150 tours gratuits sur Mega Money Wheel + 150 $ en Bonus. Lisez notre avis d&#039;experts !\" \/>\n<meta property=\"og:url\" content=\"https:\/\/www.bonus.ca\/fr\/yukon-gold-casino\" \/>\n<meta property=\"article:published_time\" content=\"2019-01-09T08:46:39+00:00\" \/>\n<meta property=\"article:modified_time\" content=\"2026-04-02T12:44:14+00:00\" \/>\n<meta property=\"og:image\" content=\"https:\/\/mediafr.bonus.ca\/images\/Yukon-Gold-rewards.png\" \/>\n\t<meta property=\"og:image:width\" content=\"1536\" \/>\n\t<meta property=\"og:image:height\" content=\"920\" \/>\n\t<meta property=\"og:image:type\" content=\"image\/png\" \/>\n<meta name=\"twitter:card\" content=\"summary_large_image\" \/>\n<meta name=\"twitter:label1\" content=\"Est. reading time\" \/>\n\t<meta name=\"twitter:data1\" content=\"10 minutes\" \/>\n<!-- \/ Yoast SEO plugin. -->","yoast_head_json":{"title":"Yukon Gold Casino en Ligne : 150 Tours Gratuits + 150 $","description":"Yukon Gold Casino membre du groupe Rewards | 150 tours gratuits sur Mega Money Wheel + 150 $ en Bonus. Lisez notre avis d'experts !","robots":{"index":"index","follow":"follow","max-snippet":"max-snippet:-1","max-image-preview":"max-image-preview:large","max-video-preview":"max-video-preview:-1"},"canonical":"https:\/\/www.bonus.ca\/fr\/yukon-gold-casino","og_type":"article","og_title":"Yukon Gold Casino en Ligne : 150 Tours Gratuits + 150 $","og_description":"Yukon Gold Casino membre du groupe Rewards | 150 tours gratuits sur Mega Money Wheel + 150 $ en Bonus. Lisez notre avis d'experts !","og_url":"https:\/\/www.bonus.ca\/fr\/yukon-gold-casino","article_published_time":"2019-01-09T08:46:39+00:00","article_modified_time":"2026-04-02T12:44:14+00:00","og_image":[{"width":1536,"height":920,"url":"https:\/\/mediafr.bonus.ca\/images\/Yukon-Gold-rewards.png","type":"image\/png"}],"twitter_card":"summary_large_image","twitter_misc":{"Est. reading time":"10 minutes"},"schema":{"@context":"https:\/\/schema.org","@graph":[{"@type":"WebPage","@id":"https:\/\/www.bonus.ca\/fr\/yukon-gold-casino","url":"https:\/\/www.bonus.ca\/fr\/yukon-gold-casino","name":"Yukon Gold Casino en Ligne : 150 Tours Gratuits + 150 $","isPartOf":{"@id":"https:\/\/www.bonus.ca\/fr\/#website"},"primaryImageOfPage":{"@id":"https:\/\/www.bonus.ca\/fr\/yukon-gold-casino#primaryimage"},"image":{"@id":"https:\/\/www.bonus.ca\/fr\/yukon-gold-casino#primaryimage"},"thumbnailUrl":"https:\/\/www.bonus.ca\/fr\/images\/Yukon-Gold-rewards.png","datePublished":"2019-01-09T08:46:39+00:00","dateModified":"2026-04-02T12:44:14+00:00","description":"Yukon Gold Casino membre du groupe Rewards | 150 tours gratuits sur Mega Money Wheel + 150 $ en Bonus. Lisez notre avis d'experts !","breadcrumb":{"@id":"https:\/\/www.bonus.ca\/fr\/yukon-gold-casino#breadcrumb"},"inLanguage":"en-US","potentialAction":[{"@type":"ReadAction","target":["https:\/\/www.bonus.ca\/fr\/yukon-gold-casino"]}]},{"@type":"ImageObject","inLanguage":"en-US","@id":"https:\/\/www.bonus.ca\/fr\/yukon-gold-casino#primaryimage","url":"https:\/\/mediafr.bonus.ca\/images\/Yukon-Gold-rewards.png","contentUrl":"https:\/\/mediafr.bonus.ca\/images\/Yukon-Gold-rewards.png","width":1536,"height":920,"caption":"Obtenez des r\u00e9compenses de fid\u00e9lit\u00e9 et des avantages exclusifs, y compris des voyages vers des destinations de vacances. Rejoignez le programme de fid\u00e9lit\u00e9 pour d\u00e9bloquer des promotions g\u00e9n\u00e9reuses."},{"@type":"BreadcrumbList","@id":"https:\/\/www.bonus.ca\/fr\/yukon-gold-casino#breadcrumb","itemListElement":[{"@type":"ListItem","position":1,"name":"Home","item":"https:\/\/www.bonus.ca\/fr\/"},{"@type":"ListItem","position":2,"name":"Yukon Gold Casino"}]},{"@type":"WebSite","@id":"https:\/\/www.bonus.ca\/fr\/#website","url":"https:\/\/www.bonus.ca\/fr\/","name":"BonusFinder Canada (Fran\u00e7ais)","description":"La source de bonus n\u00b0 1 au Canada","potentialAction":[{"@type":"SearchAction","target":{"@type":"EntryPoint","urlTemplate":"https:\/\/www.bonus.ca\/fr\/?s={search_term_string}"},"query-input":{"@type":"PropertyValueSpecification","valueRequired":true,"valueName":"search_term_string"}}],"inLanguage":"en-US"}]}},"_links":{"self":[{"href":"https:\/\/www.bonus.ca\/fr\/wp-json\/wp\/v2\/pages\/5204","targetHints":{"allow":["GET"]}}],"collection":[{"href":"https:\/\/www.bonus.ca\/fr\/wp-json\/wp\/v2\/pages"}],"about":[{"href":"https:\/\/www.bonus.ca\/fr\/wp-json\/wp\/v2\/types\/page"}],"author":[{"embeddable":true,"href":"https:\/\/www.bonus.ca\/fr\/wp-json\/wp\/v2\/users\/123"}],"replies":[{"embeddable":true,"href":"https:\/\/www.bonus.ca\/fr\/wp-json\/wp\/v2\/comments?post=5204"}],"version-history":[{"count":13,"href":"https:\/\/www.bonus.ca\/fr\/wp-json\/wp\/v2\/pages\/5204\/revisions"}],"predecessor-version":[{"id":26460,"href":"https:\/\/www.bonus.ca\/fr\/wp-json\/wp\/v2\/pages\/5204\/revisions\/26460"}],"wp:attachment":[{"href":"https:\/\/www.bonus.ca\/fr\/wp-json\/wp\/v2\/media?parent=5204"}],"curies":[{"name":"wp","href":"https:\/\/api.w.org\/{rel}","templated":true}]}}