{"id":5805,"date":"2019-03-27T17:59:04","date_gmt":"2019-03-27T17:59:04","guid":{"rendered":"https:\/\/www.bonus.ca\/fr\/?post_type=bookmakers&#038;p=5805"},"modified":"2026-04-02T12:47:26","modified_gmt":"2026-04-02T12:47:26","slug":"playamo","status":"publish","type":"page","link":"https:\/\/www.bonus.ca\/fr\/playamo","title":{"rendered":"PlayAmo Casino"},"content":{"rendered":"<h2>PlayAmo Casino Canada<\/h2>\n<p><strong>Playamo Casino<\/strong> vous offre une exp\u00e9rience de jeu de casino s\u00e9curitaire, des retraits rapides ainsi qu&#8217;un support en ligne de grande qualit\u00e9. Le <a href=\"https:\/\/www.bonus.ca\/fr\/\">casino en ligne<\/a> Playamo fonctionne parfaitement sur tous les appareils, que ce soit votre mobile ou votre ordinateur.<\/p>\n<p>[table_start]<br \/>\n[table_row column-1=&#8217;<strong>Bonus total<\/strong>&#8216; column-2=&#8217;1500$ + 150 tours gratuits&#8217;]<br \/>\n[table_row column-1=&#8217;<strong>D\u00e9p\u00f4t minimum<\/strong>&#8216; column-2=&#8217;10$&#8217;]<br \/>\n[table_row column-1=&#8217;<strong>Casino mobile<\/strong>&#8216; column-2=&#8217;Oui&#8217;]<br \/>\n[table_row column-1=&#8217;<strong>Jeu gratuit<\/strong>&#8216; column-2=&#8221;Elvis Frog in Vegas et Lady Wolf Moon&#8221;]<br \/>\n[table_end]<\/p>\n<p>Le casino en ligne Playamo est id\u00e9al pour les nouveaux joueurs en ligne, mais \u00e9galement aupr\u00e8s de ses joueurs fid\u00e8les.<\/p>\n<p>En effet, leur <a href=\"https:\/\/www.bonus.ca\/fr\/casino-bonus\">casino bonus de bienvenue<\/a> est l&#8217;un des meilleurs au Canada. Vous obtiendrez 1500$ en bonus ainsi que 150 tours gratuits.<\/p>\n<p>Le site de Playamo Casino Canada a \u00e9t\u00e9 cr\u00e9\u00e9 par des joueurs en ligne. Tout comme nous, ils savent exactement ce qu&#8217;un vrai joueur a besoin. <\/p>\n<p>En plus d&#8217;offrir <strong>une exp\u00e9rience de jeu de qualit\u00e9<\/strong>, Playamo Casino en ligne accepte les Bitcoins. <\/p>\n<h3>PlayAmo en Fran\u00e7ais<\/h3>\n<p>Vous serez heureux d&#8217;apprendre que vous pouvez jouer au Casino Playamo en fran\u00e7ais. <\/p>\n<p>En effet, le <a href=\"https:\/\/www.bonus.ca\/fr\/casino-en-ligne\/quebec\">casino en ligne Qu\u00e9bec<\/a> Playamo accueille les joueurs du qu\u00e9b\u00e9cois en fran\u00e7ais, ce qui rend l&#8217;exp\u00e9rience de jeu plus agr\u00e9able. <\/p>\n<p>Bien que certains joueurs pr\u00e9f\u00e8rent jouer en anglais, vous aurez le choix !<\/p>\n<p>Mais, il est important de noter que leur version francophone laisse \u00e0 d\u00e9sirer.<\/p>\n<h2>Playamo Casino bonus 2026<\/h2>\n<p>Le Bonus Casino Playamo vous offre un <strong>bonus de bienvenue totalisant 1500$<\/strong>. Le bonus est divis\u00e9 en deux d\u00e9p\u00f4ts. <\/p>\n<p>Vous recevez \u00e9galement 150 tours gratuits. Il s&#8217;agit d&#8217;un \u00e9norme bonus pour les nouveaux joueurs.<\/p>\n<p><strong>Voici les d\u00e9tails du casino bonus Playamo :<\/strong><\/p>\n<p>[table_start]<br \/>\n[table_row left=&#8217;<strong>Bonus de bienvenue PlayAmo<\/strong>&#8216; right=&#8217;1500$ &#038; 150 tours gratuits&#8217;]<br \/>\n[table_row left=&#8217;<strong>Bonus du premier d\u00e9p\u00f4t<\/strong>&#8216; right=&#8221;100% jusqu&#8217;\u00e0 500$ &#038; 100 tours gratuits&#8221;]<br \/>\n[table_row left=&#8217;<strong>Code bonus du premier d\u00e9p\u00f4t<\/strong>&#8216; right=&#8217;FIRSTDEP&#8217;]<br \/>\n[table_row left=&#8217;<strong>Bonus de 2e d\u00e9p\u00f4t<\/strong>&#8216; right=&#8221;50% en \u00e9quivalence jusqu&#8217;\u00e0 1000$ &#038; 50 tours gratuits&#8221;]<br \/>\n[table_row left=&#8217;<strong>Code bonus du second d\u00e9p\u00f4t<\/strong>&#8216; right=&#8217;SECONDDEP&#8217;]<br \/>\n[table_row left=&#8217;<strong>Conditions de mise<\/strong>&#8216; right=&#8217;50x&#8217;]<br \/>\n[table_end]<\/p>\n<div id=\"attachment_16828\" style=\"width: 1546px\" class=\"wp-caption alignnone\"><img loading=\"lazy\" decoding=\"async\" aria-describedby=\"caption-attachment-16828\" src=\"https:\/\/www.bonus.ca\/fr\/images\/Playamo-bonus.png\" alt=\"playamo bonus\" width=\"1536\" height=\"920\" class=\"size-full wp-image-16828\" srcset=\"https:\/\/mediafr.bonus.ca\/images\/Playamo-bonus.png 1536w, https:\/\/mediafr.bonus.ca\/images\/Playamo-bonus-300x180.png 300w, https:\/\/mediafr.bonus.ca\/images\/Playamo-bonus-1024x613.png 1024w, https:\/\/mediafr.bonus.ca\/images\/Playamo-bonus-1048x628.png 1048w, https:\/\/mediafr.bonus.ca\/images\/Playamo-bonus-90x54.png 90w\" sizes=\"auto, (max-width: 1536px) 100vw, 1536px\" \/><p id=\"caption-attachment-16828\" class=\"wp-caption-text\">Voici un aper\u00e7u du bonus Casino Playamo!<\/p><\/div>\n<h3>Codes bonus PlayAmo<\/h3>\n<p>Vous aurez besoin d&#8217;un code promo PlayAmo pour recevoir le bonus PlayAmo. <\/p>\n<p>Lors du premier d\u00e9p\u00f4t, utilisez &#8220;FIRSTDEP&#8221;. Lors du second d\u00e9p\u00f4t, utilisez &#8220;SECONDDEP&#8221;. Cliquez simplement sur &#8220;obtenez ce bonus&#8221; pour r\u00e9clamer votre premier bonus d\u00e8s maintenant.<\/p>\n<h3>PlayAmo Casino bonus d&#8217;inscription<\/h3>\n<p>Le bonus d&#8217;inscription offert chez PlayAmo Casino est remis en deux parties. Lorsque vous effectuez votre premier d\u00e9p\u00f4t d&#8217;au moins 10$, le casino double votre d\u00e9p\u00f4t.<\/p>\n<p>Cela plafonne \u00e0 500$, donc si vous d\u00e9posez 500$ de votre propre compte, votre compte sera cr\u00e9dit\u00e9 de 1000$ au total. Pour recevoir ce bonus, vous aurez besoin du code <strong>bonus &#8220;FIRSTDEP&#8221;<\/strong>.<\/p>\n<p>Maintenant voyons ce que le deuxi\u00e8me d\u00e9p\u00f4t vous offre. Avec le deuxi\u00e8me d\u00e9p\u00f4t, le Casino PlayAmo offre un bonus \u00e0 50%, mais cette fois-ci, il y a un maximum de 1000$ en bonus (au lieu de seulement 500$). <\/p>\n<p>Donc, si vous d\u00e9posez 2000$, vous aurez 3000$ pour jouer. Utilisez simplement le <strong>code &#8220;SECONDDEP&#8221;<\/strong> pour recevoir le bonus.<\/p>\n<h3>PlayAmo Casino tours gratuits<\/h3>\n<p>PlayAmo Casino ne s&#8217;arr\u00eate pas l\u00e0. Avec chacun de ces d\u00e9p\u00f4ts, vous recevrez \u00e9galement une quantit\u00e9 insens\u00e9e de tours gratuits avec votre bonus casino. On parle ici de 100 tours gratuits pour le premier d\u00e9p\u00f4t et 50 chances de gagner lors du deuxi\u00e8me d\u00e9p\u00f4t.<\/p>\n<h2>Termes &#038; conditions<\/h2>\n<p>Le casino en ligne PlayAmo est super g\u00e9n\u00e9reux envers ses nouveaux membres. Ils traitent m\u00eame leurs membres existants mieux que la majorit\u00e9 des autres casinos. <\/p>\n<p>Si vous aimez l&#8217;id\u00e9e d&#8217;un bonus de bienvenue offrant 1500$ ainsi que 150 tours gratuits, attendez de voir ce que PlayAmo Casino a \u00e0 vous offrir.<\/p>\n<h3>Conditions de mise<\/h3>\n<p>Tous les bonus de d\u00e9p\u00f4t ont des <strong>conditions de mise de 50x<\/strong>. Cela signifie que vous devez miser les fonds jusqu&#8217;\u00e0 50 fois ou plus avant de pouvoir retirer vos gains suppl\u00e9mentaires.<\/p>\n<p>Pour recevoir les parties gratuites, vous devez respecter l&#8217;exigence de 1x. Tous les gains provenant des tours gratuits devront donc \u00eatre multipli\u00e9s par 50 avant de se transformer en argent r\u00e9el.<\/p>\n<p>Comme tous les autres casinos en ligne, chaque cat\u00e9gorie de jeu contribue diff\u00e9remment aux conditions de mise. Presque toutes les machines \u00e0 sous contribuent \u00e0 100% et toutes les autres \u00e0 5%, sauf indication contraire de PlayAmo.<\/p>\n<h2>Programme de fid\u00e9lit\u00e9<\/h2>\n<p>Si vous pensez que PlayAmo Casino traite ses nouveaux joueurs comme des rois, attendez de savoir ce qu&#8217;ils proposent \u00e0 leurs joueurs existants. Il y a quelques promos en cours chaque semaine, comme le Friday Reload.<\/p>\n<p>Tout joueur qui participe au <strong>Friday Reload<\/strong> re\u00e7oit un bonus de 50% jusqu&#8217;\u00e0 250$ avec des d\u00e9p\u00f4ts effectu\u00e9s avant le weekend. <\/p>\n<p>PlayAmo ne s&#8217;arr\u00eate pas l\u00e0 avec cette promo, les joueurs re\u00e7oivent \u00e9galement <strong>100 tours gratuits sur la machine \u00e0 sous Golden Owl of Athena<\/strong>.<\/p>\n<p>Et quel meilleur moyen de soigner le blues du lundi qu&#8217;avec un bonus hebdomadaire de tours gratuits? Lorsque vous d\u00e9posez de l&#8217;argent pour jouer le lundi, PlayAmo Casino vous sortira de ce blues du lundi avec 100 tours gratuits sur la machine \u00e0 sous Hotline ou Fruit Zen.<\/p>\n<h3>Bonus pour les joueurs de haut niveau<\/h3>\n<p>Certains joueurs pr\u00e9f\u00e8rent jouer de fa\u00e7on conservatrice alors que d&#8217;autres n&#8217;ont aucun probl\u00e8me \u00e0 d\u00e9passer les limites.<\/p>\n<p>Si vous appartenez \u00e0 cette derni\u00e8re cat\u00e9gorie, vous adorerez l&#8217;offre de bonus PlayAmo pour ses grands joueurs.<\/p>\n<p>Quiconque souhaite jouer de fa\u00e7on r\u00e9guli\u00e8re peut utilser le code bonus &#8220;HIGHROLLER&#8221; pour votre premier d\u00e9p\u00f4t. <\/p>\n<p>Play Amo Casino <strong>\u00e9galera alors votre d\u00e9p\u00f4t \u00e0 50%, jusqu&#8217;\u00e0 3000$<\/strong>.<\/p>\n<p>Le d\u00e9p\u00f4t minimum pour r\u00e9clamer ce bonus doit \u00eatre d&#8217;au moins 1500$, sinon vous ne pouvez pas vous consid\u00e9rer comme un gros joueur.<\/p>\n<h2>Jeux de casino en ligne<\/h2>\n<p>D&#8217;apr\u00e8s notre exp\u00e9rience dans le monde des jeux en ligne, nous ne sommes pas encore tomb\u00e9s sur un site proposant la m\u00eame quantit\u00e9 de jeux que PlayAmo Casino en ligne. Et nous avons beaucoup d&#8217;exp\u00e9rience ici chez BonusFinder. <\/p>\n<p>Le nombre de jeux auxquels vous aurez acc\u00e8s en parcourant le <strong>portail de jeux est impresionnant<\/strong>. <\/p>\n<p>Heureusement, le Casino Play Amo a class\u00e9 les jeux de mani\u00e8re \u00e0 ce qu&#8217;il soit facile de trouver exactement ce que vous cherchez.<\/p>\n<p>Vous pouvez effectuer une recherche en fonction de votre type de jeu de casino pr\u00e9f\u00e9r\u00e9, comme les machines \u00e0 sous, le vid\u00e9o poker, le blackjack, la roulette, le baccara, le bingo ou le poker. Ce que vous voulez, ils l&#8217;ont. <\/p>\n<p>Vous pouvez \u00e9galement rechercher des jeux en fonction de vos fournisseurs de logiciels pr\u00e9f\u00e9r\u00e9s. <\/p>\n<h3>Machines \u00e0 sous<\/h3>\n<p>Si PlayAmo Casino g\u00e2te ses joueurs, c&#8217;est bien avec ses machines \u00e0 sous. Ils ont toutes les machines \u00e0 sous connues ou non que vous pouvez imaginer, qui peuvent \u00eatre jou\u00e9es pour le plaisir ou pour de l&#8217;argent r\u00e9el.<\/p>\n<p>D&#8217;ailleurs, avez-vous d\u00e9j\u00e0 essay\u00e9 le jeu Wolf Gold ?<\/p>\n<h3>Machine \u00e0 sous jackpot<\/h3>\n<p>En parlant d&#8217;argent r\u00e9el, si vous voulez gagner le plus gros montant possible, vous allez \u00eatre content de savoir que la <strong>machine \u00e0 jackpots progressifs lot Mega Moolah<\/strong> est offerte chez PlayAmo Casino. <\/p>\n<p>Cette machine \u00e0 sous \u00e0 gros lot progressif est le meilleur choix pour les Canadiens et les Qu\u00e9b\u00e9cois qui r\u00eavent de prendre leur retraite la semaine prochaine avec des millions de dollars en banque.<\/p>\n<h3>PlayAmo casino live<\/h3>\n<p>De nombreux joueurs de casino recherchent une offre solide de casino live avant d&#8217;ouvrir un compte de casino. <\/p>\n<p>Et bien, vous pouvez officiellement consid\u00e9rer que la recherche est termin\u00e9e puisque le Casino PlayAmo poss\u00e8de l&#8217;une des meilleures cat\u00e9gories de jeux de casinos en direct.<\/p>\n<p>Leurs jeux de table diffus\u00e9s en direct proviennent d&#8217;une vari\u00e9t\u00e9 de fournisseurs, dont la plupart d&#8217;Evolution Gaming.<\/p>\n<p>Certains joueurs affirment qu&#8217;Evolution Gaming est ce qu&#8217;il y a de mieux en mati\u00e8re de casino en direct. <\/p>\n<p>Et oui, vous pouvez utiliser vos bitcoins pour des jeux en direct d&#8217;Evolution comme le blackjack, la roulette, le Stud Poker Caribbean et le Texas Hold&#8217;em.<\/p>\n<h3>Fournisseurs de jeux<\/h3>\n<p>PlayAmo Casino s&#8217;est associ\u00e9 aux 12 des meilleurs fournisseurs de jeux en ligne, incluant:<\/p>\n<ul>\n<li><strong>NetEntertainment<\/strong><\/li>\n<li><strong>Microgaming<\/strong><\/li>\n<li><strong>Play&#8217;n GO<\/strong><\/li>\n<li><strong>Pragmatic Play<\/strong><\/li>\n<li><strong>Evolution Gaming<\/strong><\/li>\n<li><strong>Yggdrasil<\/strong><\/li>\n<li><strong>Betsoft<\/strong><\/li>\n<\/ul>\n<h2>M\u00e9thodes bancaires<\/h2>\n<p>La liste des m\u00e9thodes de paiement accept\u00e9es par PlayAmo Casino en ligne est diversifi\u00e9e. En effet, vous pouvez d\u00e9poser des fonds avec le mode de paiement qui vous convient le mieux, en dollars canadiens. <\/p>\n<p>Et quand nous disons qu&#8217;ils acceptent tout, nous voulons vraiment dire <em>tout<\/em>.<\/p>\n<p>Lorsque vous consultez la page de paiement, vous devrez continuer \u00e0 faire d\u00e9filer l&#8217;\u00e9cran un peu plus bas pour voir toutes les m\u00e9thodes de d\u00e9p\u00f4t accept\u00e9es. <\/p>\n<p>Voici les m\u00e9thodes bancaires disponibles au casino en ligne PlayAmo :<\/p>\n<p>[table_start]<br \/>\n[table_head column-1=&#8217;<strong>M\u00e9thodes bancaires<\/strong>&#8216; column-2=&#8217;<strong>Pris en charge<\/strong>&#8216;]<br \/>\n[table_row column-1=&#8217;<strong>Interac<\/strong>&#8216; column-2=&#8217;Oui&#8217;]<br \/>\n[table_row column-1=&#8217;<strong>iDebit<\/strong>&#8216; column-2=&#8217;Oui&#8217;]<br \/>\n[table_row column-1=&#8217;<strong>Visa\/Mastercard<\/strong>&#8216; column-2=&#8217;Oui&#8217;]<br \/>\n[table_row column-1=&#8217;<strong>eCheck<\/strong>&#8216; column-2=&#8217;Non&#8217;]<br \/>\n[table_row column-1=&#8217;<strong>Instant Banking<\/strong>&#8216; column-2=&#8217;Non&#8217;]<br \/>\n[table_row column-1=&#8217;<strong>Instadebit<\/strong>&#8216; column-2=&#8217;Oui&#8217;]<br \/>\n[table_row column-1=&#8217;<strong>Ecopayz<\/strong>&#8216; column-2=&#8217;Oui&#8217;]<br \/>\n[table_row column-1=&#8217;<strong>Paysafecard<\/strong>&#8216; column-2=&#8217;Oui&#8217;]<br \/>\n[table_row column-1=&#8217;<strong>Paypal<\/strong>&#8216; column-2=&#8217;Non&#8217;]<br \/>\n[table_end]<\/p>\n<p><img loading=\"lazy\" decoding=\"async\" src=\"https:\/\/www.bonus.ca\/fr\/images\/Playamo-retraits.png\" alt=\"playamo retraits\" width=\"1536\" height=\"920\" class=\"alignnone size-full wp-image-16829\" srcset=\"https:\/\/mediafr.bonus.ca\/images\/Playamo-retraits.png 1536w, https:\/\/mediafr.bonus.ca\/images\/Playamo-retraits-300x180.png 300w, https:\/\/mediafr.bonus.ca\/images\/Playamo-retraits-1024x613.png 1024w, https:\/\/mediafr.bonus.ca\/images\/Playamo-retraits-1048x628.png 1048w, https:\/\/mediafr.bonus.ca\/images\/Playamo-retraits-90x54.png 90w\" sizes=\"auto, (max-width: 1536px) 100vw, 1536px\" \/><\/p>\n<h3>D\u00e9p\u00f4ts avec Bitcoin<\/h3>\n<p>Si vous esp\u00e9rez utiliser votre argent virtuel pour commencer \u00e0 jouer, vous avez quelques options. Le plus populaire est \u00e9videmment est le Bitcoin, mais vous pouvez \u00e9galement d\u00e9poser avec Ethereum, Litecoin ou Dogecoin.<\/p>\n<p>Malheureusement, si vous payez avec de la cryptomonnaie, vous ne pourrez pas r\u00e9clamer vos bonus.<\/p>\n<h3>Retrait<\/h3>\n<p>Pour retirer un gain, <strong>les joueurs peuvent utiliser la plupart des m\u00eames m\u00e9thodes<\/strong>. Avec iDebit, InstaDebit, ecoPayz et les monnaies crypt\u00e9es, les retraits sont trait\u00e9s instantan\u00e9ment. <\/p>\n<p>Il s&#8217;agit donc des meilleures m\u00e9thodes de retrait disponibles sur le march\u00e9 canadien.<\/p>\n<h3>D\u00e9lai de retrait <\/h3>\n<p>Avec d&#8217;autres m\u00e9thodes de paiement, vous devrez patienter entre 1 et 5 jours, nous vous recommandons donc d&#8217;utiliser InstaDebit qui est rapide, facile et fiable.<\/p>\n<p>L&#8217;un des avantages suppl\u00e9mentaires est que Play Amo Casino en ligne ne facture jamais de frais, peu importe la m\u00e9thode que vous choisirez.<\/p>\n<h2>PlayAmo mobile<\/h2>\n<p>Pour de nombreux joueurs canadiens en 2026, la qualit\u00e9 des casinos mobiles est l&#8217;un des facteurs d\u00e9terminants pour choisir un site de jeu en ligne.<\/p>\n<p>Il n&#8217;est plus question de si vous pouvez jouer sur un mobile, mais de savoir \u00e0 quel point il est facile et agr\u00e9able de jouer \u00e0 partir de vos appareils.<\/p>\n<p><strong>Il n&#8217;est pas n\u00e9cessaire de t\u00e9l\u00e9charger une application PlayAmo<\/strong>. <\/p>\n<p>Le site du casino est accessible depuis n&#8217;importe quel navigateur de t\u00e9l\u00e9phone intelligent ou tablette. <\/p>\n<p>Ils utilisent les syst\u00e8mes d&#8217;exploitation iOS, Android, Blackberry et Windows, de sorte que vous \u00eates corrects, quelque soit l&#8217;appareil que vous utilisez.<\/p>\n<h2>Service client<\/h2>\n<p>Si vous avez un probl\u00e8me ou des questions, vous pouvez toujours contacter le service \u00e0 la client\u00e8le sur le site de Playamo. <\/p>\n<p>La fa\u00e7on la plus rapide est via leur formulaire de contact. Sinon, vous pouvez les rejoindre via le clavardage en direct qui est disponible en tout temps. <\/p>\n<p>Vous devriez avoir une r\u00e9ponse rapide.<\/p>\n<p>[table_start]<br \/>\n[table_row column-1=&#8217;<strong>Chat en Direct<\/strong>&#8216; column-2=&#8221;24\/7&#8243;]<br \/>\n[table_row column-1=&#8217;<strong>Adresse Email<\/strong>&#8216; column-2=&#8217;support@Playamo.com&#8217;]<br \/>\n[table_end]<\/p>\n<h2>Playamo Casino avis: Une note parfaite<\/h2>\n<p>Pour la plupart des <a href=\"https:\/\/www.bonus.ca\/fr\/casino-en-ligne\/nouveaux\">nouveaux casinos en ligne canadians<\/a>, nous sommes en mesure de trouver au moins une faille ou un endroit qui n\u00e9cessite des am\u00e9liorations minimes. <\/p>\n<p>Mais honn\u00eatement, nous laissons un vide quand il s&#8217;agit de trouver des failles \u00e0 PlayAmo Casino. Ce site en a litt\u00e9ralement aucune, sinon le casino fait un tr\u00e8s bon travail pour les cacher.<\/p>\n<p>Ils ont plus de 1000 jeux de casino provenant de tous les meilleurs fournisseurs, un incroyable bonus de bienvenue offrant 1500$ et 150 tours gratuits. Aussi l&#8217;interface mobile est facile \u00e0 utiliser. <\/p>\n<p>Et pour couronner le tout, PlayAmo Casino est l&#8217;un des rares casinos acceptant les Bitcoins et autres monnaies crypto au Canada.<\/p>\n<h3>Verdict d\u00e9finitif<\/h3>\n<p>[table_start]<br \/>\n[table_row column-1=&#8217;<strong>Machines \u00e0 sous<\/strong>&#8216; column-2=&#8217;5\/5&#8242;]<br \/>\n[table_row column-1=&#8217;<strong>Casino en direct<\/strong>&#8216; column-2=&#8217;5\/5&#8242;]<br \/>\n[table_row column-1=&#8217;<strong>Design du site<\/strong>&#8216; column-2=&#8217;5\/5&#8242;]<br \/>\n[table_row column-1=&#8217;<strong>Options de paiement<\/strong>&#8216; column-2=&#8217;4\/5&#8242;]<br \/>\n[table_row column-1=&#8217;<strong>Service client<\/strong>&#8216; column-2=&#8217;5\/5&#8217;]<br \/>\n[table_end]<\/p>\n","protected":false},"excerpt":{"rendered":"<p>PlayAmo Casino Canada Playamo Casino vous offre une exp\u00e9rience de jeu de casino s\u00e9curitaire, des retraits rapides ainsi qu&#8217;un support en ligne de grande qualit\u00e9. Le casino en ligne Playamo fonctionne parfaitement sur tous les appareils, que ce soit votre mobile ou votre ordinateur. [table_start] [table_row column-1=&#8217;Bonus total&#8216; column-2=&#8217;1500$ + 150 tours gratuits&#8217;] [table_row column-1=&#8217;D\u00e9p\u00f4t [&hellip;]<\/p>\n","protected":false},"author":123,"featured_media":0,"parent":0,"menu_order":0,"comment_status":"closed","ping_status":"closed","template":"","meta":{"inline_featured_image":false,"_glsr_average":0,"_glsr_ranking":0,"_glsr_reviews":0,"footnotes":""},"class_list":["post-5805","page","type-page","status-publish","hentry"],"yoast_head":"<!-- This site is optimized with the Yoast SEO plugin v27.3 - https:\/\/yoast.com\/product\/yoast-seo-wordpress\/ -->\n<title>PlayAmo Casino en Ligne | 150 Tours Gratuits<\/title>\n<meta name=\"description\" content=\"PlayAmo Casino offre un bonus pour les nouveaux joueurs en ligne | 150 tours gratuits | 1500$ en Bonus Bienvenue .\" \/>\n<meta name=\"robots\" content=\"index, follow, max-snippet:-1, max-image-preview:large, max-video-preview:-1\" \/>\n<link rel=\"canonical\" href=\"https:\/\/www.bonus.ca\/fr\/playamo\" \/>\n<meta property=\"og:type\" content=\"article\" \/>\n<meta property=\"og:title\" content=\"PlayAmo Casino en Ligne | 150 Tours Gratuits\" \/>\n<meta property=\"og:description\" content=\"PlayAmo Casino offre un bonus pour les nouveaux joueurs en ligne | 150 tours gratuits | 1500$ en Bonus Bienvenue .\" \/>\n<meta property=\"og:url\" content=\"https:\/\/www.bonus.ca\/fr\/playamo\" \/>\n<meta property=\"article:modified_time\" content=\"2026-04-02T12:47:26+00:00\" \/>\n<meta property=\"og:image\" content=\"https:\/\/mediafr.bonus.ca\/images\/Playamo-bonus.png\" \/>\n\t<meta property=\"og:image:width\" content=\"1536\" \/>\n\t<meta property=\"og:image:height\" content=\"920\" \/>\n\t<meta property=\"og:image:type\" content=\"image\/png\" \/>\n<meta name=\"twitter:card\" content=\"summary_large_image\" \/>\n<meta name=\"twitter:label1\" content=\"Est. reading time\" \/>\n\t<meta name=\"twitter:data1\" content=\"9 minutes\" \/>\n<!-- \/ Yoast SEO plugin. -->","yoast_head_json":{"title":"PlayAmo Casino en Ligne | 150 Tours Gratuits","description":"PlayAmo Casino offre un bonus pour les nouveaux joueurs en ligne | 150 tours gratuits | 1500$ en Bonus Bienvenue .","robots":{"index":"index","follow":"follow","max-snippet":"max-snippet:-1","max-image-preview":"max-image-preview:large","max-video-preview":"max-video-preview:-1"},"canonical":"https:\/\/www.bonus.ca\/fr\/playamo","og_type":"article","og_title":"PlayAmo Casino en Ligne | 150 Tours Gratuits","og_description":"PlayAmo Casino offre un bonus pour les nouveaux joueurs en ligne | 150 tours gratuits | 1500$ en Bonus Bienvenue .","og_url":"https:\/\/www.bonus.ca\/fr\/playamo","article_modified_time":"2026-04-02T12:47:26+00:00","og_image":[{"width":1536,"height":920,"url":"https:\/\/mediafr.bonus.ca\/images\/Playamo-bonus.png","type":"image\/png"}],"twitter_card":"summary_large_image","twitter_misc":{"Est. reading time":"9 minutes"},"schema":{"@context":"https:\/\/schema.org","@graph":[{"@type":"WebPage","@id":"https:\/\/www.bonus.ca\/fr\/playamo","url":"https:\/\/www.bonus.ca\/fr\/playamo","name":"PlayAmo Casino en Ligne | 150 Tours Gratuits","isPartOf":{"@id":"https:\/\/www.bonus.ca\/fr\/#website"},"primaryImageOfPage":{"@id":"https:\/\/www.bonus.ca\/fr\/playamo#primaryimage"},"image":{"@id":"https:\/\/www.bonus.ca\/fr\/playamo#primaryimage"},"thumbnailUrl":"https:\/\/www.bonus.ca\/fr\/images\/Playamo-bonus.png","datePublished":"2019-03-27T17:59:04+00:00","dateModified":"2026-04-02T12:47:26+00:00","description":"PlayAmo Casino offre un bonus pour les nouveaux joueurs en ligne | 150 tours gratuits | 1500$ en Bonus Bienvenue .","breadcrumb":{"@id":"https:\/\/www.bonus.ca\/fr\/playamo#breadcrumb"},"inLanguage":"en-US","potentialAction":[{"@type":"ReadAction","target":["https:\/\/www.bonus.ca\/fr\/playamo"]}]},{"@type":"ImageObject","inLanguage":"en-US","@id":"https:\/\/www.bonus.ca\/fr\/playamo#primaryimage","url":"https:\/\/mediafr.bonus.ca\/images\/Playamo-bonus.png","contentUrl":"https:\/\/mediafr.bonus.ca\/images\/Playamo-bonus.png","width":1536,"height":920,"caption":"Voici un aper\u00e7u du bonus Casino Playamo!"},{"@type":"BreadcrumbList","@id":"https:\/\/www.bonus.ca\/fr\/playamo#breadcrumb","itemListElement":[{"@type":"ListItem","position":1,"name":"Home","item":"https:\/\/www.bonus.ca\/fr\/"},{"@type":"ListItem","position":2,"name":"PlayAmo Casino"}]},{"@type":"WebSite","@id":"https:\/\/www.bonus.ca\/fr\/#website","url":"https:\/\/www.bonus.ca\/fr\/","name":"BonusFinder Canada (Fran\u00e7ais)","description":"La source de bonus n\u00b0 1 au Canada","potentialAction":[{"@type":"SearchAction","target":{"@type":"EntryPoint","urlTemplate":"https:\/\/www.bonus.ca\/fr\/?s={search_term_string}"},"query-input":{"@type":"PropertyValueSpecification","valueRequired":true,"valueName":"search_term_string"}}],"inLanguage":"en-US"}]}},"_links":{"self":[{"href":"https:\/\/www.bonus.ca\/fr\/wp-json\/wp\/v2\/pages\/5805","targetHints":{"allow":["GET"]}}],"collection":[{"href":"https:\/\/www.bonus.ca\/fr\/wp-json\/wp\/v2\/pages"}],"about":[{"href":"https:\/\/www.bonus.ca\/fr\/wp-json\/wp\/v2\/types\/page"}],"author":[{"embeddable":true,"href":"https:\/\/www.bonus.ca\/fr\/wp-json\/wp\/v2\/users\/123"}],"replies":[{"embeddable":true,"href":"https:\/\/www.bonus.ca\/fr\/wp-json\/wp\/v2\/comments?post=5805"}],"version-history":[{"count":11,"href":"https:\/\/www.bonus.ca\/fr\/wp-json\/wp\/v2\/pages\/5805\/revisions"}],"predecessor-version":[{"id":26468,"href":"https:\/\/www.bonus.ca\/fr\/wp-json\/wp\/v2\/pages\/5805\/revisions\/26468"}],"wp:attachment":[{"href":"https:\/\/www.bonus.ca\/fr\/wp-json\/wp\/v2\/media?parent=5805"}],"curies":[{"name":"wp","href":"https:\/\/api.w.org\/{rel}","templated":true}]}}