{"id":5822,"date":"2019-03-28T07:33:03","date_gmt":"2019-03-28T07:33:03","guid":{"rendered":"https:\/\/www.bonus.ca\/fr\/?post_type=bookmakers&#038;p=5822"},"modified":"2026-04-02T12:45:26","modified_gmt":"2026-04-02T12:45:26","slug":"ruby-fortune","status":"publish","type":"page","link":"https:\/\/www.bonus.ca\/fr\/ruby-fortune","title":{"rendered":"Ruby Fortune Casino"},"content":{"rendered":"<h2>Ruby Fortune Casino en fran\u00e7ais<\/h2>\n<div id=\"attachment_24628\" style=\"width: 1546px\" class=\"wp-caption alignnone\"><img loading=\"lazy\" decoding=\"async\" aria-describedby=\"caption-attachment-24628\" src=\"https:\/\/mediafr.bonus.ca\/images\/Ruby-fortune-bonus.png\" alt=\"Bonus Ruby fortune\" width=\"1536\" height=\"920\" class=\"size-full wp-image-24628\" srcset=\"https:\/\/mediafr.bonus.ca\/images\/Ruby-fortune-bonus.png 1536w, https:\/\/mediafr.bonus.ca\/images\/Ruby-fortune-bonus-300x180.png 300w, https:\/\/mediafr.bonus.ca\/images\/Ruby-fortune-bonus-1024x613.png 1024w, https:\/\/mediafr.bonus.ca\/images\/Ruby-fortune-bonus-1048x628.png 1048w\" sizes=\"auto, (max-width: 1536px) 100vw, 1536px\" \/><p id=\"caption-attachment-24628\" class=\"wp-caption-text\">Bonus de bienvenue disponible lors de votre inscription sur Ruby Fortune Casino.<\/p><\/div>\n<p>En ligne depuis 2003, <strong>Ruby Fortune Casino<\/strong> fait partie de la grande compagnie de jeu en ligne The Palace Group.<\/p>\n<p>Ruby Fortune Casino en ligne est propuls\u00e9 par Microgaming. Vous pouvez t\u00e9l\u00e9charger l&#8217;application Ruby Fortune ou ouvrir Safari ou Chrome pour la version qui fonctionne sur un navigateur.<\/p>\n<p>[table_start]<br \/>\n[table_row column-1=&#8217;<strong> Bonus de Bienvenue<\/strong>&#8216; column-2=&#8217;750$ + 265 tours gratuits&#8217;]<br \/>\n[table_row column-1=&#8217;<strong> D\u00e9p\u00f4t Minimum<\/strong>&#8216; column-2=&#8217;1$&#8217;]<br \/>\n[table_row column-1=&#8217;<strong> Condition de Mise<\/strong>&#8216; column-2=&#8217;200x&#8217;]<br \/>\n[table_row column-1=&#8217;<strong> Casino Mobile<\/strong>&#8216; column-2=&#8217;Oui&#8217;]<br \/>\n[table_row column-1=&#8217;<strong> Nombre de D\u00e9p\u00f4ts<\/strong>&#8216; column-2=&#8217;3&#8217;]<br \/>\n[table_end]<\/p>\n<h3>Ruby Fortune Casino pour les joueurs Canadiens <\/h3>\n<p>Tout comme les autres sites du Groupe Palace, tel que <a href=\"https:\/\/www.bonus.ca\/fr\/spin-casino\">Spin Casino<\/a>, Ruby Fortune Casino en ligne convient bien aux joueurs canadiens et qu\u00e9b\u00e9cois. <\/p>\n<p>Le service \u00e0 la client\u00e8le est ouvert 24h\/24 et vous pourrez jouer en dollars canadiens.<\/p>\n<p>De plus, ce casino est disponible en Fran\u00e7ais, ce qui devrait faire plaisir \u00e0 nos joueurs qu\u00e9b\u00e9cois.<\/p>\n<h2>Ruby Fortune bonus 2026<\/h2>\n<p><img loading=\"lazy\" decoding=\"async\" src=\"https:\/\/mediafr.bonus.ca\/images\/ruby-fortune-3-bonus-1.png\" alt=\"3 bonus de bienvenues sur le site Ruby Fortune\" width=\"1536\" height=\"920\" class=\"alignnone size-full wp-image-24629\" srcset=\"https:\/\/mediafr.bonus.ca\/images\/ruby-fortune-3-bonus-1.png 1536w, https:\/\/mediafr.bonus.ca\/images\/ruby-fortune-3-bonus-1-300x180.png 300w, https:\/\/mediafr.bonus.ca\/images\/ruby-fortune-3-bonus-1-1024x613.png 1024w, https:\/\/mediafr.bonus.ca\/images\/ruby-fortune-3-bonus-1-1048x628.png 1048w\" sizes=\"auto, (max-width: 1536px) 100vw, 1536px\" \/><\/p>\n<p>Ruby Fortune Bonus: 750$ ainsi que 265 tours gratuits divis\u00e9 en trois \u00e9tapes.<\/p>\n<p>Voici plus de d\u00e9tails sur le Ruby Fortune Bonus:<\/p>\n<p>[table_start]<br \/>\n[table_row column-1=&#8217;<strong>Bonus de Bienvenue<\/strong>&#8216; column-2=&#8217;40 tours gratuits pour 1$&#8217;]<br \/>\n[table_row column-1=&#8217;<strong>Bonus total<\/strong>&#8216; column-2=&#8217;750$ en bonus + 140 tours gratuits&#8217;]<br \/>\n[table_row column-1=&#8217;<strong>1er bonus<\/strong>&#8216; column-2=&#8217;D\u00e9posez 1$, jouez 40 parties gratuites sur Queen of Alexandria&#8217;]<br \/>\n[table_row column-1=&#8217;<strong>2\u00e8me bonus<\/strong>&#8216; column-2=&#8217;D\u00e9posez 5$, jouez 225 parties gratuites sur Fortunium Gold Mega Moolah&#8217;]<br \/>\n[table_row column-1=&#8217;<strong>3\u00e8me bonus<\/strong>&#8216; column-2=&#8221;100% jusqu&#8217;\u00e0 750$&#8221;]<br \/>\n[table_end]<\/p>\n<h3>Code bonus Ruby Fortune Casino<\/h3>\n<p>Vous n&#8217;aurez pas besoin de code bonus pour obtenir cette offre chez Ruby Fortune Canada. Cliquez simplement sur notre bouton &#8220;obtenez ce bonus&#8221; et commencez \u00e0 jouer des jeux gratuits avec bonus d\u00e8s aujourd&#8217;hui.<\/p>\n<h3>Ruby Casino 1$<\/h3>\n<p>Ruby Fortune Casino en ligne est un <a href=\"https:\/\/www.bonus.ca\/fr\/casino-bonus\/depot-minimum\">casino d\u00e9p\u00f4t 1$<\/a>. En effet, pour 1$, vous recevrez 40 free spins. Il s&#8217;agit d&#8217;une excellente fa\u00e7on de tester Ruby Casino en ligne avant d&#8217;y faire un d\u00e9p\u00f4t plus \u00e9lev\u00e9.<\/p>\n<div id=\"attachment_16553\" style=\"width: 1546px\" class=\"wp-caption alignnone\"><img loading=\"lazy\" decoding=\"async\" aria-describedby=\"caption-attachment-16553\" src=\"https:\/\/www.bonus.ca\/fr\/images\/Ruby-Fortune-Logo.png\" alt=\"Ruby Fortune Logo\" width=\"1536\" height=\"920\" class=\"size-full wp-image-16553\" srcset=\"https:\/\/mediafr.bonus.ca\/images\/Ruby-Fortune-Logo.png 1536w, https:\/\/mediafr.bonus.ca\/images\/Ruby-Fortune-Logo-300x180.png 300w, https:\/\/mediafr.bonus.ca\/images\/Ruby-Fortune-Logo-1024x613.png 1024w, https:\/\/mediafr.bonus.ca\/images\/Ruby-Fortune-Logo-1048x628.png 1048w, https:\/\/mediafr.bonus.ca\/images\/Ruby-Fortune-Logo-90x54.png 90w\" sizes=\"auto, (max-width: 1536px) 100vw, 1536px\" \/><p id=\"caption-attachment-16553\" class=\"wp-caption-text\">Vous obtenez 40 tours de bonus pour $1 d\u00e9p\u00f4t sur Ruby Casino. Vous pouvez tester le casino sans risquer beaucoup.<\/p><\/div>\n<h2>Termes &#038; conditions<\/h2>\n<p>La norme dans l&#8217;industrie des casinos en ligne consiste \u00e0 attribuer aux joueurs un bonus de d\u00e9p\u00f4t unique. <\/p>\n<p>Il suffit de regarder cette liste comparent les <a href=\"https:\/\/www.bonus.ca\/fr\/casino-bonus\">meilleurs casino bonus au Canada<\/a> pour voir de nombreux exemples.<\/p>\n<p>Ruby Fortune Online Casino ne s&#8217;est pas \u00e9loign\u00e9 de la norme par manque de liquidit\u00e9s pour offrir un g\u00e9n\u00e9reux bonus de d\u00e9p\u00f4t, mais parce qu&#8217;il veut donner plus \u00e0 ses joueurs.<\/p>\n<h3>Conditions de mise<\/h3>\n<p>Comme toujours, le bonus offert par le casino en ligne Ruby Fortune est assorti de termes et conditions. Cette fois, les conditions g\u00e9n\u00e9rales imposent une condition de jeu de 50 fois.<\/p>\n<p>Diff\u00e9rents jeux comptent pour un montant diff\u00e9rent en ce qui concerne les conditions de mise. Miser suffisamment pour lib\u00e9rer le bonus se fait facilement avec les machines \u00e0 sous.<\/p>\n<ul>\n<li><strong>Machines \u00e0 sous:<\/strong> contribution \u00e0 100%<\/li>\n<li><strong>Poker, roulettes, blackjack et Casino War:<\/strong> 8% de contribution<\/li>\n<li><strong>Blackjack classique et tous les Aces Video:<\/strong> contribution de 0%<\/li>\n<\/ul>\n<h2>R\u00e9compenses et programme de fid\u00e9lit\u00e9 Ruby Fortune<\/h2>\n<div id=\"attachment_24631\" style=\"width: 1546px\" class=\"wp-caption alignnone\"><img loading=\"lazy\" decoding=\"async\" aria-describedby=\"caption-attachment-24631\" src=\"https:\/\/mediafr.bonus.ca\/images\/Ruby-fortune-fidelite.png\" alt=\"Programme de fid\u00e9lit\u00e9 VIP de Ruby Fortune Canada\" width=\"1536\" height=\"920\" class=\"size-full wp-image-24631\" srcset=\"https:\/\/mediafr.bonus.ca\/images\/Ruby-fortune-fidelite.png 1536w, https:\/\/mediafr.bonus.ca\/images\/Ruby-fortune-fidelite-300x180.png 300w, https:\/\/mediafr.bonus.ca\/images\/Ruby-fortune-fidelite-1024x613.png 1024w, https:\/\/mediafr.bonus.ca\/images\/Ruby-fortune-fidelite-1048x628.png 1048w\" sizes=\"auto, (max-width: 1536px) 100vw, 1536px\" \/><p id=\"caption-attachment-24631\" class=\"wp-caption-text\">Ruby Fortune r\u00e9compense votre fid\u00e9lit\u00e9 en vous offrant de points VIP.<\/p><\/div>\n<p>Jouez avec de l&#8217;argent r\u00e9el pour accumuler des points. Gr\u00e2ce au programme VIP \u00e0 six niveaux de RubyFortune Casino, vous aurez de plus en plus d&#8217;avantages.<\/p>\n<p>En plus du bonus de bienvenue \u00e0 trois niveaux, RubyFortune, en tant que <a href=\"https:\/\/www.bonus.ca\/fr\/casino-en-ligne\">casino en ligne canadien populaire<\/a>, propose un programme VIP attractif. <\/p>\n<p>Vous progresserez dans les six niveaux du programme en jouant \u00e0 des jeux en argent r\u00e9el. <\/p>\n<p>Tous les paris en argent r\u00e9el vous rapportent des points, et en en collectant suffisamment, vous grimpez dans les niveaux VIP.<\/p>\n<p>Plus vous montez dans les niveaux VIP, plus vous obtiendrez d&#8217;avantages tels que: l&#8217;\u00e9change de points contre de l&#8217;argent, des bonus personnalis\u00e9s et des codes de bonus, des tournois de machines \u00e0 sous priv\u00e9es et d&#8217;autres cadeaux.<\/p>\n<p>Vous \u00eates assur\u00e9 d&#8217;avoir un bon d\u00e9part dans le programme VIP. Ruby Fortune vous remet 500 points gratuitement \u00e0 l&#8217;ouverture de votre compte.<\/p>\n<h2>Jeux en ligne Ruby Fortune<\/h2>\n<p>Les jeux de casino de Ruby Fortune sont bas\u00e9s sur le logiciel Microgaming. Vous trouverez de nombreux favoris canadiens parmi les machines \u00e0 sous ainsi que les plus grands jeux de table comme la roulette, le black jack et le baccara en ligne.<\/p>\n<h3>Machines \u00e0 sous<\/h3>\n<p>Les machines \u00e0 sous sont de loin ce qui attire le plus les joueurs chez Ruby Fortune. Les machines \u00e0 sous comme Avalon II, Break Da Bank Again et Thunderstruck II sont parmi les jeux les plus populaires de Ruby Fortune. <\/p>\n<p>Vous pouvez aussi y jouer sur votre mobile. Certaines machines \u00e0 sous peu populaires ne sont pas disponibles sur mobile, mais vous aurez acc\u00e8s aux favorites.<\/p>\n<h3>Slots jackpot progressifs<\/h3>\n<p>Ruby Fortune a dans son r\u00e9pertoire tous les grands gros lots de Microgaming comme <a href=\"https:\/\/www.bonus.ca\/fr\/machines-a-sous-gratuites\/mega-moolah\">Mega Moolah<\/a>, Mega Moolah ISIS et Major Millions. <\/p>\n<p>Les gros lots sont plus faciles \u00e0 gagner dans des jeux \u00e0 lots plus petits comme Lots A Loot (g\u00e9n\u00e9ralement un lot \u00e0 4 chiffres) ou Cash Splash (lot \u00e0 5 chiffres) mais ce n&#8217;est pas un secret, tout le monde aime les jeux o\u00f9 il est possible de gagner des millions.<\/p>\n<h3>Mega Moolah<\/h3>\n<p>Les Canadiens et les Qu\u00e9b\u00e9cois ont eu de la chance \u00e0 plusieurs reprises \u00e0 Mega Moolah, notamment en jouant sur un <a href=\"https:\/\/www.bonus.ca\/fr\/casino-en-ligne\/quebec\">casino en ligne Qu\u00e9bec l\u00e9gal<\/a>, reconnu pour offrir ce type de jackpots.<\/p>\n<p>Vous pourriez \u00eatre le prochain \u00e0 tomber sur le gros lot Mega Moolah de plus de cinq millions de dollars canadiens ! Ne vous m\u00e9prenez pas, vous aurez besoin d&#8217;une chance incroyable. Mais cela est possible.<\/p>\n<h3>Casino live<\/h3>\n<p>Le casino Ruby Fortune offre un casino en direct propuls\u00e9 par Evolution Gaming. Vous trouverez tous les jeux en direct classiques comme le blackjack ou la roulette.<\/p>\n<h2>M\u00e9thodes bancaires de Ruby Fortune<\/h2>\n<div id=\"attachment_24630\" style=\"width: 1546px\" class=\"wp-caption alignnone\"><img loading=\"lazy\" decoding=\"async\" aria-describedby=\"caption-attachment-24630\" src=\"https:\/\/mediafr.bonus.ca\/images\/Ruby-fortune-depot-et-retrait.png\" alt=\"Paiement sur Ruby Fortune\" width=\"1536\" height=\"920\" class=\"size-full wp-image-24630\" srcset=\"https:\/\/mediafr.bonus.ca\/images\/Ruby-fortune-depot-et-retrait.png 1536w, https:\/\/mediafr.bonus.ca\/images\/Ruby-fortune-depot-et-retrait-300x180.png 300w, https:\/\/mediafr.bonus.ca\/images\/Ruby-fortune-depot-et-retrait-1024x613.png 1024w, https:\/\/mediafr.bonus.ca\/images\/Ruby-fortune-depot-et-retrait-1048x628.png 1048w\" sizes=\"auto, (max-width: 1536px) 100vw, 1536px\" \/><p id=\"caption-attachment-24630\" class=\"wp-caption-text\">Les meilleurs moyens de paiement sont accessibles sur le site canadien Ruby Fortune Casino.<\/p><\/div>\n<p>Voici un aper\u00e7u des m\u00e9thodes bancaires disponibles au casino en ligne Ruby Fortune.<\/p>\n<p>[table_start]<br \/>\n[table_head column-1=&#8217;<strong>M\u00e9thodes bancaires<\/strong>&#8216; column-2=&#8217;<strong>Pris en charge<\/strong>&#8216;]<br \/>\n[table_row column-1=&#8217;<strong>Interac<\/strong>&#8216; column-2=&#8217;Oui&#8217;]<br \/>\n[table_row column-1=&#8217;<strong>iDebit<\/strong>&#8216; column-2=&#8217;Oui&#8217;]<br \/>\n[table_row column-1=&#8217;<strong>Visa\/Mastercard<\/strong>&#8216; column-2=&#8217;Oui&#8217;]<br \/>\n[table_row column-1=&#8217;<strong>eCheck<\/strong>&#8216; column-2=&#8217;Oui&#8217;]<br \/>\n[table_row column-1=&#8217;<strong>Instant Banking<\/strong>&#8216; column-2=&#8217;Oui&#8217;]<br \/>\n[table_row column-1=&#8217;<strong>Instadebit<\/strong>&#8216; column-2=&#8217;Oui&#8217;]<br \/>\n[table_row column-1=&#8217;<strong>Ecopayz<\/strong>&#8216; column-2=&#8217;Oui&#8217;]<br \/>\n[table_row column-1=&#8217;<strong>Paysafecard<\/strong>&#8216; column-2=&#8217;Oui&#8217;]<br \/>\n[table_row column-1=&#8217;<strong>Paypal<\/strong>&#8216; column-2=&#8217;Non&#8217;]<br \/>\n[table_end]<\/p>\n<h3>Retirer vos fonds<\/h3>\n<p>Vous pouvez retirer vos fonds gagn\u00e9s sur le <a href=\"https:\/\/www.bonus.ca\/fr\/\">meilleur casino en ligne canada<\/a> Ruby Fortune avec des m\u00e9thodes bancaires canadiennes comme Interac, rapide et facile. <\/p>\n<p>Les paiements ont une limite hebdomadaire de 4 000$. Cependant, les gros gains sont exempt\u00e9s de la limite. <\/p>\n<p>Si vous avez beaucoup de chance et que vous remportez l&#8217;un des gros lots de plusieurs millions de dollars chez Ruby Fortune, vous l&#8217;obtiendrez imm\u00e9diatement. <\/p>\n<h3>D\u00e9p\u00f4t minimum de 1$ et 5$<\/h3>\n<p>Pr\u00e9sentement, le casino en ligne Ruby Fortune offre 265 tours gratuits pour un d\u00e9p\u00f4t minimum de 1$ et 5$ (lors des deux premiers d\u00e9p\u00f4ts).<\/p>\n<p>Avec 4$ depens\u00e9, vous b\u00e9nificirez des bonus de 40 tours gratuits et 750 $. 1$ pour les 40 tours et 3$ sur trois d\u00e9p\u00f4ts pour les 750$.<\/p>\n<p>En ce qui concerne le <a href=\"https:\/\/www.bonus.ca\/fr\/casino-bonus\/depot-minimum\/casino-depot-5\">d\u00e9p\u00f4t minimum 5$<\/a> vous aurez 225 tours gratuits sur la machine \u00e0 sous Fortunium Gold Mega Moolah une fois votre d\u00e9p\u00f4t accept\u00e9.<\/p>\n<h2>Ruby Fortune Casino sur mobile<\/h2>\n<p>Ruby Fortune est un <a href=\"https:\/\/www.bonus.ca\/fr\/casino-en-ligne\/mobile\">casino en ligne mobile<\/a> sans t\u00e9l\u00e9chargement n\u00e9cessaire. <\/p>\n<p>Bien s\u00fbr, vous pouvez \u00e9galement t\u00e9l\u00e9charger une application si vous le souhaitez, mais nous pr\u00e9f\u00e9rons utiliser la version bas\u00e9e sur un navigateur. <\/p>\n<p>Ce n&#8217;est pas aussi bien que, disons, la version mobile de LeoVegas, mais cela fonctionne sans aucun probl\u00e8me et vous permet de faire monter le niveau d&#8217;excitation.<\/p>\n<p>Ce n&#8217;\u00e9tait pas vraiment un probl\u00e8me car nous jouions aux machines \u00e0 sous, mais si vous appr\u00e9ciez les jeux de casino live en d\u00e9placement, mieux vaut le faire ailleurs que dans un train. <\/p>\n<p>Si vous \u00eates d\u00e9connect\u00e9 au milieu d&#8217;une main de blackjack, vous &#8220;resterez&#8221; m\u00eame si vous souhaitez &#8220;vous retirer&#8221;.<\/p>\n<h2>Service client de Ruby Fortune<\/h2>\n<p>Si vous avez besoin d&#8217;\u00e9claircissements concernant un bonu ou le fonctionnement de l&#8217;exigence de mise, les op\u00e9rateurs de Ruby Casino en ligne seront pr\u00eats \u00e0 vous aider.<\/p>\n<p>[table_start]<br \/>\n[table_row column-1=&#8217;<strong>Live Chat<\/strong>&#8216; column-2=&#8217;24\/7 &#8216;]<br \/>\n[table_row column-1=&#8217;<strong>T\u00e9l\u00e9phone<\/strong>&#8216; column-2=&#8217; 1-800-768-1965&#8242;]<br \/>\n[table_row column-1=&#8217;<strong>Email<\/strong>&#8216; column-2=&#8217;support@rubyfortunecasino.com&#8217;]<br \/>\n[table_end]<\/p>\n<h2>Avis Ruby Fortune Casino<\/h2>\n<p>Le bonus de bienvenue de Ruby Fortune Canada est int\u00e9ressant. On aime \u00e7a les offres \u00e0 1$, surtout quand vous obtenez autant de tours gratuits pour 1$. <\/p>\n<p>Le <a href=\"https:\/\/www.bonus.ca\/fr\/golden-tiger-casino\">bonus Golden Tiger<\/a> est \u00e9galement un excellent bonus si vous chassez les bonus un peu plus \u00e9lev\u00e9s.<\/p>\n<p>Nous avons test\u00e9 la version mobile de Ruby Fortune lors d&#8217;un voyage en train de Toronto \u00e0 Montr\u00e9al.<\/p>\n<p>Apr\u00e8s cette exp\u00e9rience, nous vous recommandons vivement d&#8217;\u00eatre correctement connect\u00e9 \u00e0 Internet, car certaines zones \u00e9taient mieux connect\u00e9es que d&#8217;autres.<\/p>\n<h3>Verdict d\u00e9finitif<\/h3>\n<p>[table_start]<br \/>\n[table_row column-1=&#8217;<strong>Machines \u00e0 sous<\/strong>&#8216; column-2=&#8217;4\/5&#8242;]<br \/>\n[table_row column-1=&#8217;<strong>Casino en direct<\/strong>&#8216; column-2=&#8217;4\/5&#8242;]<br \/>\n[table_row column-1=&#8217;<strong>Design du site<\/strong>&#8216; column-2=&#8217;2\/5&#8242;]<br \/>\n[table_row column-1=&#8217;<strong>Options de paiement<\/strong>&#8216; column-2=&#8217;3\/5&#8242;]<br \/>\n[table_row column-1=&#8217;<strong>Service client<\/strong>&#8216; column-2=&#8217;3\/5&#8217;]<br \/>\n[table_end]<\/p>\n","protected":false},"excerpt":{"rendered":"<p>Ruby Fortune Casino en fran\u00e7ais En ligne depuis 2003, Ruby Fortune Casino fait partie de la grande compagnie de jeu en ligne The Palace Group. Ruby Fortune Casino en ligne est propuls\u00e9 par Microgaming. Vous pouvez t\u00e9l\u00e9charger l&#8217;application Ruby Fortune ou ouvrir Safari ou Chrome pour la version qui fonctionne sur un navigateur. [table_start] [table_row [&hellip;]<\/p>\n","protected":false},"author":123,"featured_media":0,"parent":0,"menu_order":0,"comment_status":"closed","ping_status":"closed","template":"","meta":{"inline_featured_image":false,"_glsr_average":0,"_glsr_ranking":0,"_glsr_reviews":0,"footnotes":""},"class_list":["post-5822","page","type-page","status-publish","hentry"],"yoast_head":"<!-- This site is optimized with the Yoast SEO plugin v27.3 - https:\/\/yoast.com\/product\/yoast-seo-wordpress\/ -->\n<title>Ruby Casino en Fran\u00e7ais | 265 Tours Gratuits + 750\u2009$ Bonus<\/title>\n<meta name=\"description\" content=\"Ruby Fortune Casino est l&#039;un des casinos en ligne pionniers du march\u00e9 | 40 tours gratuits pour 1$ | Bonus 750$ + 265 tours gratuits.\" \/>\n<meta name=\"robots\" content=\"index, follow, max-snippet:-1, max-image-preview:large, max-video-preview:-1\" \/>\n<link rel=\"canonical\" href=\"https:\/\/www.bonus.ca\/fr\/ruby-fortune\" \/>\n<meta property=\"og:type\" content=\"article\" \/>\n<meta property=\"og:title\" content=\"Ruby Casino en Fran\u00e7ais | 265 Tours Gratuits + 750\u2009$ Bonus\" \/>\n<meta property=\"og:description\" content=\"Ruby Fortune Casino est l&#039;un des casinos en ligne pionniers du march\u00e9 | 40 tours gratuits pour 1$ | Bonus 750$ + 265 tours gratuits.\" \/>\n<meta property=\"og:url\" content=\"https:\/\/www.bonus.ca\/fr\/ruby-fortune\" \/>\n<meta property=\"article:modified_time\" content=\"2026-04-02T12:45:26+00:00\" \/>\n<meta property=\"og:image\" content=\"https:\/\/mediafr.bonus.ca\/images\/Ruby-fortune-bonus.png\" \/>\n\t<meta property=\"og:image:width\" content=\"1536\" \/>\n\t<meta property=\"og:image:height\" content=\"920\" \/>\n\t<meta property=\"og:image:type\" content=\"image\/png\" \/>\n<meta name=\"twitter:card\" content=\"summary_large_image\" \/>\n<meta name=\"twitter:label1\" content=\"Est. reading time\" \/>\n\t<meta name=\"twitter:data1\" content=\"8 minutes\" \/>\n<!-- \/ Yoast SEO plugin. -->","yoast_head_json":{"title":"Ruby Casino en Fran\u00e7ais | 265 Tours Gratuits + 750\u2009$ Bonus","description":"Ruby Fortune Casino est l'un des casinos en ligne pionniers du march\u00e9 | 40 tours gratuits pour 1$ | Bonus 750$ + 265 tours gratuits.","robots":{"index":"index","follow":"follow","max-snippet":"max-snippet:-1","max-image-preview":"max-image-preview:large","max-video-preview":"max-video-preview:-1"},"canonical":"https:\/\/www.bonus.ca\/fr\/ruby-fortune","og_type":"article","og_title":"Ruby Casino en Fran\u00e7ais | 265 Tours Gratuits + 750\u2009$ Bonus","og_description":"Ruby Fortune Casino est l'un des casinos en ligne pionniers du march\u00e9 | 40 tours gratuits pour 1$ | Bonus 750$ + 265 tours gratuits.","og_url":"https:\/\/www.bonus.ca\/fr\/ruby-fortune","article_modified_time":"2026-04-02T12:45:26+00:00","og_image":[{"width":1536,"height":920,"url":"https:\/\/mediafr.bonus.ca\/images\/Ruby-fortune-bonus.png","type":"image\/png"}],"twitter_card":"summary_large_image","twitter_misc":{"Est. reading time":"8 minutes"},"schema":{"@context":"https:\/\/schema.org","@graph":[{"@type":"WebPage","@id":"https:\/\/www.bonus.ca\/fr\/ruby-fortune","url":"https:\/\/www.bonus.ca\/fr\/ruby-fortune","name":"Ruby Casino en Fran\u00e7ais | 265 Tours Gratuits + 750\u2009$ Bonus","isPartOf":{"@id":"https:\/\/www.bonus.ca\/fr\/#website"},"primaryImageOfPage":{"@id":"https:\/\/www.bonus.ca\/fr\/ruby-fortune#primaryimage"},"image":{"@id":"https:\/\/www.bonus.ca\/fr\/ruby-fortune#primaryimage"},"thumbnailUrl":"https:\/\/mediafr.bonus.ca\/images\/Ruby-fortune-bonus.png","datePublished":"2019-03-28T07:33:03+00:00","dateModified":"2026-04-02T12:45:26+00:00","description":"Ruby Fortune Casino est l'un des casinos en ligne pionniers du march\u00e9 | 40 tours gratuits pour 1$ | Bonus 750$ + 265 tours gratuits.","breadcrumb":{"@id":"https:\/\/www.bonus.ca\/fr\/ruby-fortune#breadcrumb"},"inLanguage":"en-US","potentialAction":[{"@type":"ReadAction","target":["https:\/\/www.bonus.ca\/fr\/ruby-fortune"]}]},{"@type":"ImageObject","inLanguage":"en-US","@id":"https:\/\/www.bonus.ca\/fr\/ruby-fortune#primaryimage","url":"https:\/\/mediafr.bonus.ca\/images\/Ruby-fortune-bonus.png","contentUrl":"https:\/\/mediafr.bonus.ca\/images\/Ruby-fortune-bonus.png"},{"@type":"BreadcrumbList","@id":"https:\/\/www.bonus.ca\/fr\/ruby-fortune#breadcrumb","itemListElement":[{"@type":"ListItem","position":1,"name":"Home","item":"https:\/\/www.bonus.ca\/fr\/"},{"@type":"ListItem","position":2,"name":"Ruby Fortune Casino"}]},{"@type":"WebSite","@id":"https:\/\/www.bonus.ca\/fr\/#website","url":"https:\/\/www.bonus.ca\/fr\/","name":"BonusFinder Canada (Fran\u00e7ais)","description":"La source de bonus n\u00b0 1 au Canada","potentialAction":[{"@type":"SearchAction","target":{"@type":"EntryPoint","urlTemplate":"https:\/\/www.bonus.ca\/fr\/?s={search_term_string}"},"query-input":{"@type":"PropertyValueSpecification","valueRequired":true,"valueName":"search_term_string"}}],"inLanguage":"en-US"}]}},"_links":{"self":[{"href":"https:\/\/www.bonus.ca\/fr\/wp-json\/wp\/v2\/pages\/5822","targetHints":{"allow":["GET"]}}],"collection":[{"href":"https:\/\/www.bonus.ca\/fr\/wp-json\/wp\/v2\/pages"}],"about":[{"href":"https:\/\/www.bonus.ca\/fr\/wp-json\/wp\/v2\/types\/page"}],"author":[{"embeddable":true,"href":"https:\/\/www.bonus.ca\/fr\/wp-json\/wp\/v2\/users\/123"}],"replies":[{"embeddable":true,"href":"https:\/\/www.bonus.ca\/fr\/wp-json\/wp\/v2\/comments?post=5822"}],"version-history":[{"count":11,"href":"https:\/\/www.bonus.ca\/fr\/wp-json\/wp\/v2\/pages\/5822\/revisions"}],"predecessor-version":[{"id":26463,"href":"https:\/\/www.bonus.ca\/fr\/wp-json\/wp\/v2\/pages\/5822\/revisions\/26463"}],"wp:attachment":[{"href":"https:\/\/www.bonus.ca\/fr\/wp-json\/wp\/v2\/media?parent=5822"}],"curies":[{"name":"wp","href":"https:\/\/api.w.org\/{rel}","templated":true}]}}