{"id":6110,"date":"2019-04-19T08:02:05","date_gmt":"2019-04-19T08:02:05","guid":{"rendered":"https:\/\/www.bonus.ca\/fr\/?post_type=bookmakers&#038;p=6110"},"modified":"2026-04-02T12:49:35","modified_gmt":"2026-04-02T12:49:35","slug":"grand-mondial-casino","status":"publish","type":"page","link":"https:\/\/www.bonus.ca\/fr\/grand-mondial-casino","title":{"rendered":"Grand Mondial Casino"},"content":{"rendered":"<h2>Avis sur Grand Mondial Casino Rewards <\/h2>\n<p><strong>Grand Mondial Casino Rewards<\/strong> est le <a href=\"https:\/\/www.bonus.ca\/fr\/casino-en-ligne\/le-plus-payant\">casino en ligne le plus payant<\/a> parmi le groupe rewards et vous offre un bonus de bienvenue tr\u00e8s int\u00e9ressant et exclusif. Vous obtiendrez 150 tours gratuits avec un d\u00e9p\u00f4t minimum de 10$.<\/p>\n<p>Vous obtiendrez \u00e9galement un excellent casino bonus sur votre deuxi\u00e8me d\u00e9p\u00f4t. On parle, ici, d&#8217;une \u00e9quivalence \u00e0 100%, ce qui signifie que le Grand Casino Mondial doublera votre deuxi\u00e8me d\u00e9p\u00f4t jusqu&#8217;\u00e0 250$. <\/p>\n<p>Il s&#8217;agit donc d&#8217;un <a href=\"https:\/\/www.bonus.ca\/fr\/casino-bonus\">bonus casino en ligne<\/a> int\u00e9ressant. <\/p>\n<p>[table_start]<br \/>\n[table_row left=&#8217;<strong>Premier bonus de d\u00e9p\u00f4t de 10$<\/strong>&#8216; right=&#8217;150 tours gratuits&#8217;]<br \/>\n[table_row left=&#8221;<strong>Tours gratuits<\/strong>&#8221; right=&#8217;Mega Vault Millionaire&#8217;]<br \/>\n[table_row left=&#8221;<strong>Bonus de 2\u00e8me d\u00e9p\u00f4t<\/strong>&#8221; right=&#8221;Bonus \u00e0 100% jusqu&#8217;\u00e0 250$&#8221;]<br \/>\n[table_row left=&#8217;<strong>D\u00e9p\u00f4t minimum<\/strong>&#8216; right=&#8217;10$&#8217;]<br \/>\n[table_row left=&#8217;<strong>Exigence de mise de premier d\u00e9p\u00f4t<\/strong>&#8216; right=&#8217;60x&#8217;]<br \/>\n[table_row left=&#8217;<strong>Exigence de mise du 2\u00e8me d\u00e9p\u00f4t<\/strong>&#8216; right=&#8217;30x&#8217;]<br \/>\n[table_end]<\/p>\n<h3>150 chances de devenir millionnaire !<\/h3>\n<p>Ce qui nous int\u00e9resse le plus dans ce bonus est sans aucun doute l&#8217;offre de jeux casino gratuit avec bonus. <\/p>\n<p>C&#8217;est l&#8217;occasion parfaite pour jouer sur une machine \u00e0 sous \u00e0 gros lot! Que feriez-vous avec le jackpot ?<\/p>\n<div class=\"bonusfinder-tip card-fancy margin-vertical-medium\">\n\t<div class=\"title\">\n\t\t<div class=\"tip-icon\">\n\t\t\t<img decoding=\"async\" src=\"https:\/\/mediafr.bonus.ca\/images\/bf-icon_tip-emblem.svg\" height=\"36\" width=\"36\" class=\"icon-xlarge\" loading=\"lazy\" alt=\"editor tip icon\" srcset=\"https:\/\/mediafr.bonus.ca\/images\/bf-icon_tip-emblem.svg 1x, https:\/\/mediafr.bonus.ca\/images\/bf-icon_tip-emblem.svg 2x\" \/>\n\t\t<\/div>\n\t\t<div>Conseil BonusFinder<\/div>\n\t<\/div>\n\t<div class=\"content\">Si vous pr\u00e9f\u00e9rez faire des petits d\u00e9p\u00f4ts dans les casinos en ligne, vous serez ravis de savoir que le d\u00e9p\u00f4t minimum est seulement de 10$. Jetez un oeil sur les <a   href=\"https:\/\/www.bonus.ca\/fr\/casino-bonus\/depot-minimum\">casinos avec petits d\u00e9p\u00f4ts<\/a>!<\/div>\n<\/div>\n\n<div id=\"attachment_16442\" style=\"width: 1546px\" class=\"wp-caption alignnone\"><img loading=\"lazy\" decoding=\"async\" aria-describedby=\"caption-attachment-16442\" src=\"https:\/\/www.bonus.ca\/fr\/images\/Grand-Mondial-Logo.png\" alt=\"Grand Mondial Logo\" width=\"1536\" height=\"920\" class=\"size-full wp-image-16442\" srcset=\"https:\/\/mediafr.bonus.ca\/images\/Grand-Mondial-Logo.png 1536w, https:\/\/mediafr.bonus.ca\/images\/Grand-Mondial-Logo-300x180.png 300w, https:\/\/mediafr.bonus.ca\/images\/Grand-Mondial-Logo-1024x613.png 1024w, https:\/\/mediafr.bonus.ca\/images\/Grand-Mondial-Logo-1048x628.png 1048w, https:\/\/mediafr.bonus.ca\/images\/Grand-Mondial-Logo-90x54.png 90w\" sizes=\"auto, (max-width: 1536px) 100vw, 1536px\" \/><p id=\"caption-attachment-16442\" class=\"wp-caption-text\">D\u00e9posez 10$ et obtenez 150 chances gratuites!<\/p><\/div>\n<h2>Grand Mondial fran\u00e7ais<\/h2>\n<p>Il est possible de jouer au <strong>casino Grand Mondial en fran\u00e7ais<\/strong>. Il est toujours plus facile de jouer dans un casino en ligne en fran\u00e7ais pour bien comprendre les termes et conditions associ\u00e9 aux bonus casino.<\/p>\n<h3>Grand Mondial Casino Qu\u00e9bec<\/h3>\n<p> Les joueurs du Qu\u00e9bec peuvent obtenir le m\u00eame <strong>bonus d&#8217;inscription<\/strong> que les autres joueurs du Canada. <\/p>\n<p> Vous serez donc en mesure de jouer avec plus avec leur bonus casino. Qu&#8217;attendez-vous ? Cliquez sur notre bouton pour vous inscrire.<\/p>\n<h3>Grand Mondial Casino pour les joueurs canadiens<\/h3>\n<p>Grand Mondial fait partie du groupe de Casino Rewards qui est grandement appr\u00e9ci\u00e9 aupr\u00e8s des joueurs canadiens et qu\u00e9b\u00e9cois. <\/p>\n<p>Cela dit, vous n&#8217;aurez aucun probl\u00e8me \u00e0 utiliser l&#8217;argent canadien et les m\u00e9thodes bancaires canadiennes.<\/p>\n<p>Si vous voulez jouer au casino Le Grand Mondial en fran\u00e7ais, vous serez heureux de savoir qu&#8217;il y a <strong>une version en fran\u00e7ais<\/strong>. Ceci devrait rendre votre exp\u00e9rience de jeu plus facile.<\/p>\n<h2>Casino Grand Mondial bonus 2026<\/h2>\n<p><strong>Casino Grand Mondial bonus<\/strong> : 150 parties gratuites sur Mega Vault Millionaire. Vous n&#8217;avez qu&#8217;\u00e0 faire un d\u00e9p\u00f4t de 10$ pour obtenir vos 150 free spins sur Mega Vault Millionaire. <\/p>\n<p>Vous obtiendrez \u00e9galement un casino bonus \u00e0 100% lors du deuxi\u00e8me d\u00e9p\u00f4t pour un total de 250$. Obtenez le bonus Grand Mondial d\u00e8s aujourd&#8217;hui en cliquant sur notre bouton vert.<\/p>\n<p>[table_start]<br \/>\n[table_row column-1=&#8217;<strong>Bonus de Bienvenue<\/strong>&#8216; column-2=&#8217;150 Tours Gratuits pour 10$&#8217;]<br \/>\n[table_row column-1=&#8217;<strong>Bonus Total<\/strong>&#8216; column-2=&#8217;250$ + 150 Tours Gratuits&#8217;]<br \/>\n[table_row column-1=&#8217;<strong>D\u00e9p\u00f4t Minimum<\/strong>&#8216; column-2=&#8217;10$&#8217;]<br \/>\n[table_row column-1=&#8217;<strong>Casino Mobile<\/strong>&#8216; column-2=&#8217;Oui (Android, iOS, Windows)&#8217;]<br \/>\n[table_row column-1=&#8217;<strong>Nombre de Jeux<\/strong>&#8216; column-2=&#8217;550&#8217;]<br \/>\n[table_end]<\/p>\n<div id=\"attachment_16441\" style=\"width: 1546px\" class=\"wp-caption alignnone\"><img loading=\"lazy\" decoding=\"async\" aria-describedby=\"caption-attachment-16441\" src=\"https:\/\/www.bonus.ca\/fr\/images\/Grand-Mondial-Logo-Bonus.png\" alt=\"Grand Mondial Logo Bonus\" width=\"1536\" height=\"920\" class=\"size-full wp-image-16441\" srcset=\"https:\/\/mediafr.bonus.ca\/images\/Grand-Mondial-Logo-Bonus.png 1536w, https:\/\/mediafr.bonus.ca\/images\/Grand-Mondial-Logo-Bonus-300x180.png 300w, https:\/\/mediafr.bonus.ca\/images\/Grand-Mondial-Logo-Bonus-1024x613.png 1024w, https:\/\/mediafr.bonus.ca\/images\/Grand-Mondial-Logo-Bonus-1048x628.png 1048w, https:\/\/mediafr.bonus.ca\/images\/Grand-Mondial-Logo-Bonus-90x54.png 90w\" sizes=\"auto, (max-width: 1536px) 100vw, 1536px\" \/><p id=\"caption-attachment-16441\" class=\"wp-caption-text\">Bonus Grand Mondial Casino : Vous aurez 150 chances de gagner gros pour seulement 10$ ! BonusFinder approuve cette offre!<\/p><\/div>\n<p>Le Grand Mondial Casino Rewards a plus d&#8217;une d\u00e9cennie \u00e0 son actif dans l&#8217;industrie du jeu en ligne. <\/p>\n<p>Ils semblent aussi avoir appris qu&#8217;il lui fallait des primes lucratives pour attirer de nouveaux clients canadiens.<\/p>\n<h3>Grand Mondial 150 tours gratuits<\/h3>\n<p>Comme mentionn\u00e9 plus haut, la meilleure partie du bonus Grand Mondial Casino est est l&#8217;offre de tours gratuits. <\/p>\n<p>En effet, vous aurez la chance de jouer sur un <a href=\"https:\/\/www.bonus.ca\/fr\/machines-a-sous-gratuites\">casino 150 tours gratuits<\/a> en faisant un d\u00e9p\u00f4t de 10$ ou plus. <\/p>\n<p>Les 150 tours gratuits se joueront sur la machine \u00e0 sous Mega Vault Millionaire. C&#8217;est une offre tr\u00e8s bonne, alors ne passez pas \u00e0 c\u00f4t\u00e9 de celle-ci.<\/p>\n<p>Les <strong>tours gratuits sont cr\u00e9dit\u00e9s sur votre compte instantan\u00e9ment<\/strong> lorsque vous effectuez votre premier d\u00e9p\u00f4t. <\/p>\n<p>Vous n&#8217;avez besoin d&#8217;aucun code bonus de casino en ligne Grand Mondial. Il vous suffit de vous connecter, de vous rendre \u00e0 la page de la caisse et d&#8217;effectuer un petit d\u00e9p\u00f4t de 10$. <\/p>\n<p>Ensuite, ouvrez simplement le jeu Mega Vault Millionaire (vous le trouverez sous l&#8217;onglet &#8220;Jackpot progressifs&#8221;) et commencez \u00e0 jouer !<\/p>\n<h3>Bonus sur le 2\u00e8me d\u00e9p\u00f4t<\/h3>\n<p>Une fois que vous aurez pris avantage du premier bonus, vous pourrez jouer avec encore plus. Vous pouvez doubler vos chances de gagner avec un autre bonus fantastique lors de votre 2\u00e8me d\u00e9p\u00f4t. <\/p>\n<p>Grand Casino Rewards vous offre un bonus \u00e0 100% jusqu&#8217;\u00e0 250$, ce qui signifie que le casino en ligne Grand Mondial double votre deuxi\u00e8me d\u00e9p\u00f4t en argent r\u00e9el jusqu&#8217;\u00e0 250$.<\/p>\n<p>Vous pouvez jouer \u00e0 tous les jeux de casino avec votre argent bonus. Si vous voulez continuer \u00e0 faire tourner les roues, n&#8217;h\u00e9sitez pas.<\/p>\n<h3>Grand Mondial Casino Bonus sans d\u00e9p\u00f4t<\/h3>\n<p>En ce moment, <strong>Grand Mondial Rewards Casino n&#8217;offre pas de bonus sans d\u00e9p\u00f4t<\/strong>. Toutefois, si la situation change dans le futur, nous mettrons \u00e0 jour cette page. Notez que de r\u00e8gle g\u00e9n\u00e9ral, les casinos Rewards n&#8217;offre pas de bonus sans d\u00e9p\u00f4t.<\/p>\n<p>Toujours \u00e0 la recherche d&#8217;un bonus sans d\u00eapot ? Consultez notre liste compl\u00e8te offrant tous les meilleurs <a href=\"https:\/\/www.bonus.ca\/fr\/casino-bonus\/sans-depot\">bonus sans d\u00e9p\u00f4t<\/a> du moment.<\/p>\n<h3>Termes &#038; conditions<\/h3>\n<p>Voici plus d&#8217;information sur les termes et conditions associ\u00e9s aux bonus offerts au Casino Mondial Canada.<\/p>\n<h2>Conditions de mise<\/h2>\n<p>Chaque bonus de casino en ligne vient avec des conditions de mise diff\u00e9rentes. <\/p>\n<p>Cela signifie que le montant du bonus doit \u00eatre rejou\u00e9 un nombre sp\u00e9cifique de fois. Ce n&#8217;est qu&#8217;apr\u00e8s cela qu&#8217;il sera possible de retirer vos gains.<\/p>\n<p>Le casino en ligne Grand Mondial a adopt\u00e9 une ligne assez standard avec leurs conditions de mise. <\/p>\n<p>Les gains sur les tours gratuits du 1er d\u00e9p\u00f4t sont sujets \u00e0 <strong>60 fois la mise<\/strong>. <\/p>\n<p>Le bonus sur le deuxi\u00e8me d\u00e9p\u00f4t doit \u00eatre <strong>mis\u00e9 30 fois<\/strong>, ce qui est un taux tr\u00e8s juste et bien inf\u00e9rieur \u00e0 la moyenne de l&#8217;industrie du jeu.<\/p>\n<h3>Contributions aux jeux<\/h3>\n<p>Au Grand Mondial Casino Rewards, tous les jeux de casino en ligne ne comptent pas de mani\u00e8re \u00e9gale par rapport aux exigences de mise. <\/p>\n<p>Les machines \u00e0 sous sont toujours le choix le plus certain, mais les jeux de table comme la roulette en ligne et le blackjack contribuent pour beaucoup moins.<\/p>\n<p>Les pourcentages de contribution sont les suivants :<\/p>\n<ul>\n<li><strong>Les jeux de machines \u00e0 sous et les jeux de soci\u00e9t\u00e9<\/strong> comptent \u00e0 100% pour les conditions de mise<\/li>\n<li><strong>Le poker de table, Casino War et le Sic Bo<\/strong> comptent \u00e0 50% dans les conditions de mise<\/li>\n<li><strong>Tous les Blackjacks sauf le Blackjack Classique, le Craps et le Baccara<\/strong> comptent pour 10% des exigences de mise <\/li>\n<li><strong>Tous les Video Poker, le Blackjack Classique et toutes les Roulettes<\/strong> comptent pour 2% des conditions de mise<\/li>\n<li><strong>Le poker vid\u00e9o All Aces<\/strong> ne compte pas pour les mises<\/li>\n<\/ul>\n<h2>R\u00e9compenses &#038; programme de fid\u00e9lit\u00e9 Rewards<\/h2>\n<p>Le casino Grand Mondial fait partie du groupe des casinos rewards. En vous inscrivant dans l&#8217;un des casinos du groupe, vous obtenez un programme de r\u00e9compenses VIP. <\/p>\n<p>Vous pouvez donc changer de casino comme bon vous semble tout en conservant votre statut de joueur.<\/p>\n<p>Si vous aimez les Casinos Rewards, jetez un oeil au <a href=\"https:\/\/www.bonus.ca\/fr\/quatro-casino\">Casino Quatro<\/a> et au <a href=\"https:\/\/www.bonus.ca\/fr\/captain-cooks-casino\">Casino Captain Cooks<\/a>.<\/p>\n<h2>Jeux de casino<\/h2>\n<p>Les machines \u00e0 sous sont souvent le choix num\u00e9ro 1 des joueurs de casinos en ligne modernes. <\/p>\n<p>Cependant, ce n&#8217;est pas la seule option de jeu au Grand Mondial Casino. Vous trouverez pr\u00e8s de <strong>600 sortes de jeux casino<\/strong> de tous genres sur leur site.<\/p>\n<ul>\n<li><strong>Machines \u00e0 sous<\/strong><\/li>\n<li><strong>Gros lots progressifs<\/strong><\/li>\n<li><strong>Jeux de table<\/strong><\/li>\n<li><strong>Video Poker<\/strong><\/li>\n<li><strong>Casino en direct<\/strong><\/li>\n<\/ul>\n<h3>Machines \u00e0 sous<\/h3>\n<p>Des centaines de jeux de machines \u00e0 sous en ligne de grande qualit\u00e9 sont r\u00e9pertori\u00e9s sur le site. <\/p>\n<p>Vous y trouverez des machines \u00e0 fruits classiques \u00e0 3 rouleaux ainsi que les derni\u00e8res machines \u00e0 sous vid\u00e9o avec des graphismes \u00e0 la pointe de la technologie et des dizaines de lignes gagnantes. Tous les jeux de machines \u00e0 sous sont aliment\u00e9s par le fournisseur de jeux Microgaming.<\/p>\n<p>Il existe \u00e9galement des <strong>machines \u00e0 sous \u00e0 jackpots progressifs<\/strong> telles que Mega Moolah et Major Millions. <\/p>\n<p>Ces jeux offrent r\u00e9guli\u00e8rement des cagnottes dans les sept chiffres. Si vous voulez gagner le jackpot, vous \u00eates au bon endroit.<\/p>\n<p>Assurez-vous de jeter un coup d&#8217;oeil au taux de redistribution avant de choisir un jeu de casino.<\/p>\n<h3>Jeux de table<\/h3>\n<p>Dans la section jeux de table, vous trouverez tous les classiques du jeu au casino. Des versions en ligne de jeux tels que le blackjack, la roulette et le baccara rendent hommage \u00e0 leurs homologues. <\/p>\n<p>Il y a aussi plus de <strong>20 pokers vid\u00e9o<\/strong>.<\/p>\n<h3>Jeux en direct<\/h3>\n<p>Le Grand Mondial Casino propose un acc\u00e8s aux jeux de casino live avec croupiers. <\/p>\n<p>Pour tout autre jeu de table de ce <a href=\"https:\/\/www.bonus.ca\/fr\/casino-en-ligne\">casino populaire<\/a>, vous trouverez une option de croupier en direct.<\/p>\n<p>Il n&#8217;a jamais \u00e9t\u00e9 aussi facile de vivre l&#8217;excitation du jeu dans le confort de votre foyer. Il s&#8217;agit donc d&#8217;une exp\u00e9rience de jeu de qualit\u00e9.<\/p>\n<p>Le leader du march\u00e9, <strong>Evolution Gaming<\/strong>, anime le casino en direct de Grand Mondial. <\/p>\n<p>Cela signifie que vous pouvez profiter d&#8217;une action de casino en direct sans rien compromettre. <\/p>\n<p>Une bonne s\u00e9lection de jeux diff\u00e9rents (avec de nombreuses mises possibles \u00e9galement), des croupiers professionnels et sympathiques et une qualit\u00e9 HD \u00e9patante font du casino en direct Grand Mondial l&#8217;un des meilleurs du march\u00e9.<\/p>\n<h2>Casino mobile<\/h2>\n<p>Vous pouvez \u00e9galement jouer en d\u00e9placement avec n&#8217;importe quel appareil mobile. Les syst\u00e8mes d&#8217;exploitation comme iOS et Android sont enti\u00e8rement pris en charge. <\/p>\n<p>Peu importe que vous utilisiez un iPhone, un Samsung, un Huawei ou un t\u00e9l\u00e9phone plus r\u00e9cent comme OnePlus, vous \u00eates entre bonnes mains sur l&#8217;app du casino Grand Mondial.<\/p>\n<p>Cependant, le casino mobile Grand Mondial pr\u00e9sente un petit inconv\u00e9nient en ce qui concerne le nombre de jeux disponibles. <\/p>\n<p>Leur casino mobile vous permet d&#8217;acc\u00e9der \u00e0 un nombre limit\u00e9 de jeux de casino, un peu plus de 150 pour \u00eatre exact.<\/p>\n<p>Ce n&#8217;est pas si mal, mais c&#8217;est toute de m\u00eame quelque chose \u00e0 prendre en consid\u00e9ration.<\/p>\n<h3>Connexion Grand Mondial Casino<\/h3>\n<p>Pour vous connecter sur Grand Mondial Casino, assurez-vous d&#8217;avoir d\u00e9j\u00e0 cr\u00e9er votre compte. On vous recommande de <strong>jouer directement sur la version sans t\u00e9l\u00e9chargement<\/strong>.<\/p>\n<p>Appuyez sur le bouton &#8220;Se connecter&#8221; pour commencer \u00e0 jouer sur vos jeux de casino pr\u00e9f\u00e9r\u00e9s.<\/p>\n<h2>M\u00e9thodes bancaires<\/h2>\n<p>Voici un aper\u00e7u des m\u00e9thodes de d\u00e9p\u00f4t disponibles au Casino en ligne Grand Mondial. Notez que vous y trouverez toutes les <strong>m\u00e9thodes adapt\u00e9es au Canada<\/strong> pour des d\u00e9p\u00f4ts et retraits qui se font en toute s\u00e9curit\u00e9.<\/p>\n<p>Obtenir de l&#8217;argent et retirer de l&#8217;argent sur votre compte de casino Grand Mondial est tr\u00e8s simple. <\/p>\n<p>Grand Mondial Casino prends en charge toutes les <strong>cartes de cr\u00e9dit principales<\/strong>, bons pr\u00e9pay\u00e9s et services de paiements en ligne. <\/p>\n<p>Peu importe votre pr\u00e9f\u00e9rence en mati\u00e8re de paiement, vous ne devriez pas avoir de probl\u00e8me \u00e0 trouver une bonne solution.<\/p>\n<p>[table_start]<br \/>\n[table_head column-1=&#8217;<strong>M\u00e9thodes bancaires<\/strong>&#8216; column-2=&#8217;<strong>Pris en charge<\/strong>&#8216;]<br \/>\n[table_row column-1=&#8217;<strong>Interac<\/strong>&#8216; column-2=&#8217;Oui&#8217;]<br \/>\n[table_row column-1=&#8217;<strong>iDebit<\/strong>&#8216; column-2=&#8217;Oui&#8217;]<br \/>\n[table_row column-1=&#8217;<strong>Visa\/Mastercard<\/strong>&#8216; column-2=&#8217;Oui&#8217;]<br \/>\n[table_row column-1=&#8217;<strong>eCheck<\/strong>&#8216; column-2=&#8217;Oui&#8217;]<br \/>\n[table_row column-1=&#8217;<strong>Instadebit<\/strong>&#8216; column-2=&#8217;Oui&#8217;]<br \/>\n[table_row column-1=&#8217;<strong>Ecopayz<\/strong>&#8216; column-2=&#8217;Oui&#8217;]<br \/>\n[table_row column-1=&#8217;<strong>Paysafecard<\/strong>&#8216; column-2=&#8217;Oui&#8217;]<br \/>\n[table_end]<\/p>\n<h3>D\u00e9p\u00f4ts<\/h3>\n<p>Tous les d\u00e9p\u00f4ts sont instantan\u00e9s et trait\u00e9s en toute s\u00e9curit\u00e9. Tout ce que vous avez \u00e0 faire est de vous connecter sur votre compte au Grand Casino Mondial, d&#8217;acc\u00e9der \u00e0 la section bancaire et de choisir la m\u00e9thode appropri\u00e9e.<\/p>\n<p>Et ensuite, vous serez en mesure de jouer !<\/p>\n<h2>Support client<\/h2>\n<p>De plus, vous aurez acc\u00e8s \u00e0 un support client en tout temps, ce qui est id\u00e9al si vous \u00eates au Canada. <\/p>\n<p>Comme plusieurs casinos sont bas\u00e9s en Europe, \u00e7a devient un peu compliqu\u00e9 parfois avec les fuseaux horaires canadiens. <\/p>\n<p>[table_start]<br \/>\n[table_row column-1=&#8217;<strong>Chat Live<\/strong>&#8216; column-2=&#8217;24 heures sur 24 et 7 jours sur 7&#8242;]<br \/>\n[table_row column-1=&#8217;<strong>Email<\/strong>&#8216; column-2=&#8217;support@crhelpdesk.com&#8217;]<br \/>\n[table_end]<\/p>\n<h2>Nos conclusions sur Grand Mondial Casino<\/h2>\n<p>En tant que membre du groupe Rewards, Grand Mondial Casino est un casino en ligne populaire appr\u00e9ci\u00e9 des Canadiens pour ses taux de redistribution \u00e9lev\u00e9s, ses bonus attractifs comme 150 tours gratuits, et ses m\u00e9thodes de paiement locales telles qu&#8217;Interac.<\/p>\n<p>Le seul inconv\u00e9nient est le petit nombre de jeux disponibles sur mobile.<\/p>\n<p>Dans l&#8217;ensemble, le Grand Mondial Casino en ligne ne vous laisse pas tomber. Suivez nos conseils et ne ratez pas cette occasion d&#8217;y jouer.<\/p>\n<p>On vous donne le OK, l&#8217;\u00e9quipe de BonusFinder adore le casino Grand Mondial. <\/p>\n<h3>Notre verdict<\/h3>\n<ul>\n<li><strong>Jeux Disponibles :<\/strong> 5\/5<\/li>\n<li><strong>Optimisation Mobile :<\/strong> 5\/5 <\/li>\n<li><strong>Bonus de Bienvenue :<\/strong> 5\/5<\/li>\n<li><strong>Estimation Finale :<\/strong> 5\/5 <\/li>\n<\/ul>\n","protected":false},"excerpt":{"rendered":"<p>Avis sur Grand Mondial Casino Rewards Grand Mondial Casino Rewards est le casino en ligne le plus payant parmi le groupe rewards et vous offre un bonus de bienvenue tr\u00e8s int\u00e9ressant et exclusif. Vous obtiendrez 150 tours gratuits avec un d\u00e9p\u00f4t minimum de 10$. Vous obtiendrez \u00e9galement un excellent casino bonus sur votre deuxi\u00e8me d\u00e9p\u00f4t. [&hellip;]<\/p>\n","protected":false},"author":123,"featured_media":0,"parent":0,"menu_order":0,"comment_status":"closed","ping_status":"closed","template":"","meta":{"inline_featured_image":false,"_glsr_average":0,"_glsr_ranking":0,"_glsr_reviews":0,"footnotes":""},"class_list":["post-6110","page","type-page","status-publish","hentry"],"yoast_head":"<!-- This site is optimized with the Yoast SEO plugin v27.4 - https:\/\/yoast.com\/product\/yoast-seo-wordpress\/ -->\n<title>Grand Mondial Casino \ud83c\udf96\ufe0f 150 Tours Gratuits Pour 10$<\/title>\n<meta name=\"description\" content=\"Grand Mondial casino appartient au groupe Casino Rewards | 150 tours gratuits sur Mega Vault Millionaire | Bonus jusqu&#039;\u00e0 250$ |.\" \/>\n<meta name=\"robots\" content=\"index, follow, max-snippet:-1, max-image-preview:large, max-video-preview:-1\" \/>\n<link rel=\"canonical\" href=\"https:\/\/www.bonus.ca\/fr\/grand-mondial-casino\" \/>\n<meta property=\"og:type\" content=\"article\" \/>\n<meta property=\"og:title\" content=\"Grand Mondial Casino \ud83c\udf96\ufe0f 150 Tours Gratuits Pour 10$\" \/>\n<meta property=\"og:description\" content=\"Grand Mondial casino appartient au groupe Casino Rewards | 150 tours gratuits sur Mega Vault Millionaire | Bonus jusqu&#039;\u00e0 250$ |.\" \/>\n<meta property=\"og:url\" content=\"https:\/\/www.bonus.ca\/fr\/grand-mondial-casino\" \/>\n<meta property=\"article:published_time\" content=\"2019-04-19T08:02:05+00:00\" \/>\n<meta property=\"article:modified_time\" content=\"2026-04-02T12:49:35+00:00\" \/>\n<meta property=\"og:image\" content=\"https:\/\/mediafr.bonus.ca\/images\/Grand-Mondial-Logo.png\" \/>\n<meta name=\"twitter:card\" content=\"summary_large_image\" \/>\n<meta name=\"twitter:label1\" content=\"Est. reading time\" \/>\n\t<meta name=\"twitter:data1\" content=\"10 minutes\" \/>\n<!-- \/ Yoast SEO plugin. -->","yoast_head_json":{"title":"Grand Mondial Casino \ud83c\udf96\ufe0f 150 Tours Gratuits Pour 10$","description":"Grand Mondial casino appartient au groupe Casino Rewards | 150 tours gratuits sur Mega Vault Millionaire | Bonus jusqu'\u00e0 250$ |.","robots":{"index":"index","follow":"follow","max-snippet":"max-snippet:-1","max-image-preview":"max-image-preview:large","max-video-preview":"max-video-preview:-1"},"canonical":"https:\/\/www.bonus.ca\/fr\/grand-mondial-casino","og_type":"article","og_title":"Grand Mondial Casino \ud83c\udf96\ufe0f 150 Tours Gratuits Pour 10$","og_description":"Grand Mondial casino appartient au groupe Casino Rewards | 150 tours gratuits sur Mega Vault Millionaire | Bonus jusqu'\u00e0 250$ |.","og_url":"https:\/\/www.bonus.ca\/fr\/grand-mondial-casino","article_published_time":"2019-04-19T08:02:05+00:00","article_modified_time":"2026-04-02T12:49:35+00:00","og_image":[{"url":"https:\/\/mediafr.bonus.ca\/images\/Grand-Mondial-Logo.png","type":"","width":"","height":""}],"twitter_card":"summary_large_image","twitter_misc":{"Est. reading time":"10 minutes"},"schema":{"@context":"https:\/\/schema.org","@graph":[{"@type":"WebPage","@id":"https:\/\/www.bonus.ca\/fr\/grand-mondial-casino","url":"https:\/\/www.bonus.ca\/fr\/grand-mondial-casino","name":"Grand Mondial Casino \ud83c\udf96\ufe0f 150 Tours Gratuits Pour 10$","isPartOf":{"@id":"https:\/\/www.bonus.ca\/fr\/#website"},"primaryImageOfPage":{"@id":"https:\/\/www.bonus.ca\/fr\/grand-mondial-casino#primaryimage"},"image":{"@id":"https:\/\/www.bonus.ca\/fr\/grand-mondial-casino#primaryimage"},"thumbnailUrl":"https:\/\/www.bonus.ca\/fr\/images\/Grand-Mondial-Logo.png","datePublished":"2019-04-19T08:02:05+00:00","dateModified":"2026-04-02T12:49:35+00:00","description":"Grand Mondial casino appartient au groupe Casino Rewards | 150 tours gratuits sur Mega Vault Millionaire | Bonus jusqu'\u00e0 250$ |.","breadcrumb":{"@id":"https:\/\/www.bonus.ca\/fr\/grand-mondial-casino#breadcrumb"},"inLanguage":"en-US","potentialAction":[{"@type":"ReadAction","target":["https:\/\/www.bonus.ca\/fr\/grand-mondial-casino"]}]},{"@type":"ImageObject","inLanguage":"en-US","@id":"https:\/\/www.bonus.ca\/fr\/grand-mondial-casino#primaryimage","url":"https:\/\/mediafr.bonus.ca\/images\/Grand-Mondial-Logo.png","contentUrl":"https:\/\/mediafr.bonus.ca\/images\/Grand-Mondial-Logo.png","width":1536,"height":920,"caption":"D\u00e9posez 10$ et obtenez 150 chances gratuites!"},{"@type":"BreadcrumbList","@id":"https:\/\/www.bonus.ca\/fr\/grand-mondial-casino#breadcrumb","itemListElement":[{"@type":"ListItem","position":1,"name":"Home","item":"https:\/\/www.bonus.ca\/fr\/"},{"@type":"ListItem","position":2,"name":"Grand Mondial Casino"}]},{"@type":"WebSite","@id":"https:\/\/www.bonus.ca\/fr\/#website","url":"https:\/\/www.bonus.ca\/fr\/","name":"BonusFinder Canada (Fran\u00e7ais)","description":"La source de bonus n\u00b0 1 au Canada","potentialAction":[{"@type":"SearchAction","target":{"@type":"EntryPoint","urlTemplate":"https:\/\/www.bonus.ca\/fr\/?s={search_term_string}"},"query-input":{"@type":"PropertyValueSpecification","valueRequired":true,"valueName":"search_term_string"}}],"inLanguage":"en-US"}]}},"_links":{"self":[{"href":"https:\/\/www.bonus.ca\/fr\/wp-json\/wp\/v2\/pages\/6110","targetHints":{"allow":["GET"]}}],"collection":[{"href":"https:\/\/www.bonus.ca\/fr\/wp-json\/wp\/v2\/pages"}],"about":[{"href":"https:\/\/www.bonus.ca\/fr\/wp-json\/wp\/v2\/types\/page"}],"author":[{"embeddable":true,"href":"https:\/\/www.bonus.ca\/fr\/wp-json\/wp\/v2\/users\/123"}],"replies":[{"embeddable":true,"href":"https:\/\/www.bonus.ca\/fr\/wp-json\/wp\/v2\/comments?post=6110"}],"version-history":[{"count":12,"href":"https:\/\/www.bonus.ca\/fr\/wp-json\/wp\/v2\/pages\/6110\/revisions"}],"predecessor-version":[{"id":26472,"href":"https:\/\/www.bonus.ca\/fr\/wp-json\/wp\/v2\/pages\/6110\/revisions\/26472"}],"wp:attachment":[{"href":"https:\/\/www.bonus.ca\/fr\/wp-json\/wp\/v2\/media?parent=6110"}],"curies":[{"name":"wp","href":"https:\/\/api.w.org\/{rel}","templated":true}]}}