{"id":6403,"date":"2019-05-16T10:01:34","date_gmt":"2019-05-16T10:01:34","guid":{"rendered":"https:\/\/www.bonus.ca\/fr\/?post_type=bookmakers&#038;p=6403"},"modified":"2026-04-10T13:52:22","modified_gmt":"2026-04-10T13:52:22","slug":"lucky-days","status":"publish","type":"page","link":"https:\/\/www.bonus.ca\/fr\/lucky-days","title":{"rendered":"Lucky Days Casino"},"content":{"rendered":"<h2>LuckyDays Casino en Ligne<\/h2>\n<p><strong>Lucky Days Casino<\/strong> propose l&#8217;un des meilleurs <a href=\"https:\/\/www.bonus.ca\/fr\/casino-bonus\">casinos en ligne avec bonus<\/a> jusqu&#8217;\u00e0 ce jour. <\/p>\n<p>Si vous pensez essayer un nouveau casino, il s&#8217;agit d&#8217;un excellent choix. <\/p>\n<p>En plus de vous offrir un bonus casino \u00e9lev\u00e9, Lucky Casino en ligne vous offre une grande vari\u00e9t\u00e9 de jeux en ligne.<\/p>\n<p>Lisez la suite pour d\u00e9couvrir notre avis sur Lucky Days Casino en ligne. Notre guide comprends le bonus d&#8217;inscription, les m\u00e9thodes bancaires disponibles ainsi que les jeux de casino offerts sur le site de Lucky Days.<\/p>\n<p>[table_start]<br \/>\n[table_row column-1=&#8217;Nom du Casino&#8217; column-2=&#8217;Lucky Days Casino&#8217;]<br \/>\n[table_row column-1=&#8217;Ann\u00e9e de lancement&#8217; column-2=&#8217;2019&#8242;]<br \/>\n[table_row column-1=&#8217;Propri\u00e9t\u00e9 de&#8217; column-2=&#8217;Raging Rhino N.V.&#8217;]<br \/>\n[table_row column-1=&#8217;Casino Mobile&#8217; column-2=&#8217;Oui (Android, iOS, Windows)&#8217;]<br \/>\n[table_row column-1=&#8217;Jeu Gratuit&#8217; column-2=&#8217;Book of Dead&#8217;]<br \/>\n[table_row column-1=&#8217;Autorit\u00e9 de jeu&#8217; column-2=&#8217;Malta Gaming Authority&#8217;]<br \/>\n[table_end]<\/p>\n<div id=\"attachment_16769\" style=\"width: 1546px\" class=\"wp-caption alignnone\"><img loading=\"lazy\" decoding=\"async\" aria-describedby=\"caption-attachment-16769\" src=\"https:\/\/www.bonus.ca\/fr\/images\/Lucky-Days-Logo.png\" alt=\"luckydays logo\" width=\"1536\" height=\"920\" class=\"size-full wp-image-16769\" srcset=\"https:\/\/mediafr.bonus.ca\/images\/Lucky-Days-Logo.png 1536w, https:\/\/mediafr.bonus.ca\/images\/Lucky-Days-Logo-300x180.png 300w, https:\/\/mediafr.bonus.ca\/images\/Lucky-Days-Logo-1024x613.png 1024w, https:\/\/mediafr.bonus.ca\/images\/Lucky-Days-Logo-1048x628.png 1048w, https:\/\/mediafr.bonus.ca\/images\/Lucky-Days-Logo-90x54.png 90w\" sizes=\"auto, (max-width: 1536px) 100vw, 1536px\" \/><p id=\"caption-attachment-16769\" class=\"wp-caption-text\">Lucky Days propose aux Canadiens une offre vraiment int\u00e9ressante. Utilisez notre bouton &#8220;obtenez ce bonus&#8221; pour en profiter. Approuv\u00e9 par BonusFinder!<\/p><\/div>\n<p>En plus du bonus d&#8217;inscription spectaculaire, le <a href=\"https:\/\/www.bonus.ca\/fr\/\">casino en ligne canada<\/a> Lucky Days propose quelques \u00e9l\u00e9ments essentiels du jeu en ligne.<\/p>\n<h3>Lucky Days Casino Canada Fran\u00e7ais<\/h3>\n<p>Les joueurs du Qu\u00e9bec seront heureux d&#8217;apprendre qu&#8217;il est possible de jouer au casino Lucky Days en fran\u00e7ais. <\/p>\n<p>Cela rend l&#8217;exp\u00e9rience de jeu plus agr\u00e9able et vous permettra de comprendre les termes et conditions du site facilement.<\/p>\n<p>Les joueurs du Qu\u00e9bec ont le m\u00eame bonus d&#8217;inscription que les autres joueurs du Canada, alors vous pourrez y jouer sans tracas.<\/p>\n<h2>Lucky Days Casino Bonus 2026<\/h2>\n<p>Lucky Casino offre un bonus de bienvenue sp\u00e9cial r\u00e9serv\u00e9 aux joueurs canadiens et qu\u00e9b\u00e9cois. <\/p>\n<p>Ils ont tout mis en \u0153uvre pour leurs membres canadiens avec un bonus encore plus all\u00e9chant allant jusqu&#8217;\u00e0 1 500$ et 100 <a href=\"https:\/\/www.bonus.ca\/fr\/machines-a-sous-gratuites\">tours gratuits de casino en ligne<\/a>. Le bonus est en trois parties (+ un bonus sans d\u00e9p\u00f4t de 20 tours gratuits).<\/p>\n<p>[table_start]<br \/>\n[table_head left=&#8217;Bonus Lucky Days&#8217; right = &#8216;<strong>Termes &#038; Conditions<\/strong>&#8216;]<br \/>\n[table_row left=&#8217;Bonus sans d\u00e9p\u00f4t&#8217; right = &#8217;20 tours gratuits&#8217;]<br \/>\n[table_row left=&#8217;Bonus du premier d\u00e9p\u00f4t&#8217; right=&#8221;100% jusqu&#8217;\u00e0 500$ + 100 tours gratuits&#8221;]<br \/>\n[table_row left=&#8217;Bonus de 2\u00e8me d\u00e9p\u00f4t&#8217; right=&#8221;100% jusqu&#8217;\u00e0 500$&#8221;]<br \/>\n[table_row left=&#8217;Bonus de 3\u00e8me d\u00e9p\u00f4t&#8217; right=&#8221;100% jusqu&#8217;\u00e0 500$&#8221;]<br \/>\n[table_row left=&#8217;Tours gratuits sur&#8217; right=&#8217;Book of Dead&#8217;]<br \/>\n[table_row left=&#8217;D\u00e9p\u00f4t minimum&#8217; right=&#8217;20$&#8217;]<br \/>\n[table_row left=&#8217;Conditions de mise&#8217; right=&#8217;25x&#8217;]<br \/>\n[table_end]<\/p>\n<h3>Bonus Codes<\/h3>\n<p>Vous n&#8217;aurez pas besoin de code bonus au Casino Day. Cliquez simplement sur &#8220;obtenez ce bonus&#8221; pour r\u00e9clamer votre bonus de bienvenue aujourd&#8217;hui.<\/p>\n<h3>Lucky days Bonus Sans D\u00e9p\u00f4t<\/h3>\n<p>Avant d&#8217;investir de l&#8217;argent, vous aurez droit \u00e0 un <a href=\"https:\/\/www.bonus.ca\/fr\/casino-bonus\/sans-depot\">bonus casino sans d\u00e9p\u00f4t<\/a> de 20 tours gratuits pour jouer sur la machine \u00e0 sous Book of Dead. <\/p>\n<h3>Lucky Days Casino Tours Gratuits<\/h3>\n<p>Les free spins (tours gratuits) continuent d&#8217;arriver apr\u00e8s que vous ayez effectu\u00e9 votre premier d\u00e9p\u00f4t.<\/p>\n<p>D\u00e8s que vous mettez de l&#8217;argent sur votre compte, vous recevrez <strong>20 tours gratuits<\/strong> par jour pendant 9 jours cons\u00e9cutifs. <\/p>\n<p>Donc, en plus des 20 tours sans d\u00e9p\u00f4t, vous aurez 100 autres tours sur la <a href=\"https:\/\/www.bonus.ca\/fr\/machines-a-sous-gratuites\/book-of-dead\">machine \u00e0 sous Book of Dead<\/a>.<\/p>\n<h2>Termes &#038; Conditions<\/h2>\n<p>Vos 3 premiers d\u00e9p\u00f4ts vous seront remis en \u00e9quivalence \u00e0 <strong>100% jusqu&#8217;\u00e0 500$<\/strong>. <\/p>\n<p>Si vous d\u00e9cidez d&#8217;aller de l&#8217;avant, vous pourriez voir un ajout de 1500$ \u00e0 votre compte casino. Cependant, ce bonus n&#8217;est pas sans condition. <\/p>\n<p>C&#8217;est souvent le probl\u00e8me avec les casinos en ligne, il faut toujours lire les petites lignes au cas ou il y aurait des conditios particuli\u00e8res. Nous l&#8217;avons fait pour vous !<\/p>\n<h3>Conditions de Mise<\/h3>\n<p>Sur le casino Lucky Days, vous devez miser les tours gratuits et 25x le bonus plus le montant de votre d\u00e9p\u00f4t. <\/p>\n<p>Cela repr\u00e9sente <strong>50 fois le montant total des mises<\/strong>, ce qui correspond parfaitement aux normes de l&#8217;industrie.<\/p>\n<p>Une fois que vous aurez effectu\u00e9 votre premier d\u00e9p\u00f4t, vous disposez de <strong>30 jours pour respecter les conditions de mise<\/strong>. <\/p>\n<p>Si vous n&#8217;avez pas assez mis\u00e9 au bout d&#8217;un mois, tous vos gains de bonus et l&#8217;argent du bonus r\u00e9el seront annul\u00e9s de votre compte.<\/p>\n<p><img loading=\"lazy\" decoding=\"async\" src=\"https:\/\/www.bonus.ca\/fr\/images\/Logo-Lucky-Days.png\" alt=\"lucky days casino en ligne\" width=\"1536\" height=\"920\" class=\"alignnone size-full wp-image-16768\" srcset=\"https:\/\/mediafr.bonus.ca\/images\/Logo-Lucky-Days.png 1536w, https:\/\/mediafr.bonus.ca\/images\/Logo-Lucky-Days-300x180.png 300w, https:\/\/mediafr.bonus.ca\/images\/Logo-Lucky-Days-1024x613.png 1024w, https:\/\/mediafr.bonus.ca\/images\/Logo-Lucky-Days-1048x628.png 1048w, https:\/\/mediafr.bonus.ca\/images\/Logo-Lucky-Days-90x54.png 90w\" sizes=\"auto, (max-width: 1536px) 100vw, 1536px\" \/><\/p>\n<h2>Jeux de Casino<\/h2>\n<p>Lucky Days Casino en ligne a fait des partenariats avec plusieurs fournisseurs de jeux de casino dont:<\/p>\n<ul>\n<li>Microgaming<\/li>\n<li>Quickspin<\/li>\n<li>iSoftbet<\/li>\n<li>Play &#8216;N GO<\/li>\n<li>Pragmatic Play<\/li>\n<li>Red Tiger<\/li>\n<li>Evolution Gaming<\/li>\n<\/ul>\n<p>Avec autant de fournisseurs r\u00e9put\u00e9s, le casino en ligne Lucky Days est un candidat s\u00e9rieux pour les meilleurs jeux de l&#8217;industrie. <\/p>\n<p>Vous ne trouverez pas que de la qualit\u00e9, ils ont aussi la quantit\u00e9 avec plus de 1000 titres de jeux parmi lesquels choisir.<\/p>\n<p><img loading=\"lazy\" decoding=\"async\" src=\"https:\/\/www.bonus.ca\/fr\/images\/lucky-days-jeux-casino.png\" alt=\"Jeux de casino en ligne Lucky Days\" width=\"1536\" height=\"920\" class=\"alignnone size-full wp-image-24255\" srcset=\"https:\/\/mediafr.bonus.ca\/images\/lucky-days-jeux-casino.png 1536w, https:\/\/mediafr.bonus.ca\/images\/lucky-days-jeux-casino-300x180.png 300w, https:\/\/mediafr.bonus.ca\/images\/lucky-days-jeux-casino-1024x613.png 1024w, https:\/\/mediafr.bonus.ca\/images\/lucky-days-jeux-casino-1048x628.png 1048w\" sizes=\"auto, (max-width: 1536px) 100vw, 1536px\" \/><\/p>\n<h3>Machines \u00e0 Sous<\/h3>\n<p>Certaines des meilleures machines \u00e0 sous proviennent de Microgaming, car elles sont tr\u00e8s interactives et extr\u00eamement divertissantes. <\/p>\n<p>Beaucoup de joueurs optent pour les machines \u00e0 sous classiques comme <strong>Immortal Romance<\/strong> et Book of Dead (en particulier Book of Dead puisqu&#8217;il s&#8217;agit du jeu de tours gratuits).<\/p>\n<p>Mais les plus populaires sont Reactoonz, <strong>Rise of Olympus<\/strong> et Fire Joker.<\/p>\n<p>Lucky Days Casino Canada ne propose pas seulement les classiques. Ils ajoutent constamment de nouvelles versions \u00e0 leur portail de jeux, gardant les nouveaux et les anciens membres int\u00e9ress\u00e9s.<\/p>\n<h3>Casino Live et Jeux de Table<\/h3>\n<p>Le casino LuckyDays n&#8217;est peut-\u00eatre pas r\u00e9pertori\u00e9 comme premier choix sur notre liste des casinos live, mais il figure toujours en bonne place selon nous. <\/p>\n<p>Si vous voulez que votre jeu en ligne soit aussi proches de la r\u00e9alit\u00e9 que possible, Lucky Days peut vous aider.<\/p>\n<p>Vous pouvez jouer alors qu&#8217;il y a diffusion en direct la roulette live, le blackjack en ligne et le baccara \u00e0 partir de casinos physiques \u00e0 travers le monde.<\/p>\n<h2>M\u00e9thodes Bancaires<\/h2>\n<p>Tous les d\u00e9p\u00f4ts effectu\u00e9s au casino LuckyDays sont gratuits \u00e0 100% et les fonds apparaissent g\u00e9n\u00e9ralement dans votre compte instantan\u00e9ment.<\/p>\n<p>Les joueurs canadiens seront heureux d&#8217;apprendre que Lucky Casino en ligne accepte tous les paiements habituels pour vous faciliter la vie. <\/p>\n<p>Voici un aper\u00e7u des m\u00e9thodes bancaires disponibles.<\/p>\n<p>[table_start]<br \/>\n[table_head column-1=&#8217;M\u00e9thodes bancaires&#8217; column-2=&#8217;Pris en charge&#8217;]<br \/>\n[table_row column-1=&#8217;Interac&#8217; column-2=&#8217;Oui&#8217;]<br \/>\n[table_row column-1=&#8217;iDebit&#8217; column-2=&#8217;Oui&#8217;]<br \/>\n[table_row column-1=&#8217;Visa\/Mastercard&#8217; column-2=&#8217;Oui&#8217;]<br \/>\n[table_row column-1=&#8217;eCheck&#8217; column-2=&#8217;Non&#8217;]<br \/>\n[table_row column-1=&#8217;Instant Banking&#8217; column-2=&#8217;Non&#8217;]<br \/>\n[table_row column-1=&#8217;Instadebit&#8217; column-2=&#8217;Oui&#8217;]<br \/>\n[table_row column-1=&#8217;Ecopayz&#8217; column-2=&#8217;Oui&#8217;]<br \/>\n[table_row column-1=&#8217;Paysafecard&#8217; column-2=&#8217;Oui&#8217;]<br \/>\n[table_row column-1=&#8217;Paypal&#8217; column-2=&#8217;Non&#8217;]<br \/>\n[table_end]<\/p>\n<h3>Retrait et d\u00e9p\u00f4t <\/h3>\n<p>Vous ne pouvez pas vous attendre \u00e0 ce que le processus de retrait soit aussi rapide que le d\u00e9p\u00f4t de votre argent. <\/p>\n<p>Comme tous les autres casinos en ligne, Lucky Days Casino a un <strong>d\u00e9lai d&#8217;attente de 3 \u00e0 5 jours<\/strong> avant que vous ne voyiez les fonds dans votre compte bancaire.<\/p>\n<p>Une fois la demande de retrait envoy\u00e9e, l&#8217;\u00e9quipe de Lucky Days Casino la traitera dans les <strong>24 heures<\/strong>. <\/p>\n<p>Tant que votre compte est d\u00e9j\u00e0 v\u00e9rifi\u00e9, vous n&#8217;aurez pas \u00e0 fournir de documents suppl\u00e9mentaires pour obtenir le montant.<\/p>\n<h2>Casino Lucky Days Mobile<\/h2>\n<p>Le casino Lucky Days a ouvert ses portes plus t\u00f4t cette ann\u00e9e. En tant que l&#8217;un des plus r\u00e9cents casinos, ils comprennent l&#8217;importance de la modernisation et et de l&#8217;offre dans un monde de plus en plus mobile. <\/p>\n<p>Vous pouvez arr\u00eater de rechercher une application Lucky Days, car <strong>le navigateur Web est compatible<\/strong> avec tous les appareils.<\/p>\n<p>On peut dire que le site Web de Lucky Days Casino a \u00e9t\u00e9 sp\u00e9cialement con\u00e7u pour les jeux mobiles. <\/p>\n<p>L&#8217;interface de Lucky Days facilite la recherche de jeux, ou vous pouvez simplement naviguer pour voir ce qui s&#8217;y trouve. <\/p>\n<p>Lorsque vous jouez sur mobile, vous ne serez en aucune mani\u00e8re limit\u00e9 en mati\u00e8re de jeu. <\/p>\n<p>Il n&#8217;a jamais \u00e9t\u00e9 aussi <strong>facile de jouer sur votre t\u00e9l\u00e9phone<\/strong>.<\/p>\n<h2>Service \u00e0 la Client\u00e8le<\/h2>\n<p>Le service client est pr\u00e9cieux tant pour les joueurs existants que pour les nouveaux utilisateurs potentiels. <\/p>\n<p>Les plateformes en ligne de premier plan sont caract\u00e9ris\u00e9es par leur support client efficace, car une assistance rapide en cas de besoin est essentielle pour les joueurs.<\/p>\n<p>[table_start]<br \/>\n[table_row column-1=&#8217;<strong>Live Chat<\/strong>&#8216; column-2=&#8217;11am-1am&#8217;]<br \/>\n[table_row column-1=&#8217;<strong>Email<\/strong>&#8216; column-2=&#8217;help@luckydays.com&#8217;]<br \/>\n[table_end]<\/p>\n<h2>Lucky Days Casino Avis<\/h2>\n<p>Lucky Days Casino est un nouveau casino en ligne, moins connes que <a href=\"https:\/\/www.bonus.ca\/fr\/casino-action\">Casino Action<\/a> et <a href = \"https:\/\/www.bonus.ca\/fr\/zodiac-casino\">Zodiac Casino<\/a>. <\/p>\n<p>Toutefois, <strong>notre avis sur Lucky Days est positif<\/strong>.<\/p>\n<p>Dans le futur, on aimerait voir plus de jeux \u00e0 jackpots chez LuckyDays Casino, mais on comprend qu&#8217;un nouveau casino commence souvent avec une s\u00e9lection de jeux plus petite.<\/p>\n<p>D\u00e8s qu&#8217;ils ajouteront Mega Moolah \u00e0 leur liste, ils seront consid\u00e9r\u00e9s comme un puissant concurrent dans le monde du jeu en ligne rivalisant avec les meilleurs casinos en ligne.<\/p>\n<p>Pour le moment, prenons ce que nous pouvons obtenir et ne nous plaignons pas du bonus de bienvenue de 1 500$ et des 120 tours gratuits. <\/p>\n<p>Il s&#8217;agit tout de m\u00eame d&#8217;un bonus de bienvenue tr\u00e8s int\u00e9ressant.<\/p>\n<h3>Verdict d\u00e9finitif<\/h3>\n<p>[table_start]<br \/>\n[table_row column-1=&#8217;<strong>Machines \u00e0 sous<\/strong>&#8216; column-2=&#8217;\u2b50\u2b50\u2b50\u2b50\u2b50&#8217;]<br \/>\n[table_row column-1=&#8217;<strong>Casino en direct<\/strong>&#8216; column-2=&#8217;\u2b50\u2b50\u2b50\u2b50\u2b50&#8217;]<br \/>\n[table_row column-1=&#8217;<strong>Design du site<\/strong>&#8216; column-2=&#8217;\u2b50\u2b50\u2b50\u2b50&#8217;]<br \/>\n[table_row column-1=&#8217;<strong>Options de paiement<\/strong>&#8216; column-2=&#8217;\u2b50\u2b50\u2b50\u2b50&#8217;]<br \/>\n[table_row column-1=&#8217;<strong>Service client<\/strong>&#8216; column-2=&#8217;\u2b50\u2b50\u2b50\u2b50\u2b50&#8217;]<br \/>\n[table_end]<\/p>\n","protected":false},"excerpt":{"rendered":"<p>LuckyDays Casino en Ligne Lucky Days Casino propose l&#8217;un des meilleurs casinos en ligne avec bonus jusqu&#8217;\u00e0 ce jour. Si vous pensez essayer un nouveau casino, il s&#8217;agit d&#8217;un excellent choix. En plus de vous offrir un bonus casino \u00e9lev\u00e9, Lucky Casino en ligne vous offre une grande vari\u00e9t\u00e9 de jeux en ligne. Lisez la [&hellip;]<\/p>\n","protected":false},"author":123,"featured_media":0,"parent":0,"menu_order":0,"comment_status":"closed","ping_status":"closed","template":"","meta":{"inline_featured_image":false,"_glsr_average":0,"_glsr_ranking":0,"_glsr_reviews":0,"footnotes":""},"class_list":["post-6403","page","type-page","status-publish","hentry"],"yoast_head":"<!-- This site is optimized with the Yoast SEO plugin v27.5 - https:\/\/yoast.com\/product\/yoast-seo-wordpress\/ -->\n<title>Lucky Days Casino en Ligne | 20 Tours Gratuits Sans D\u00e9p\u00f4t<\/title>\n<meta name=\"description\" content=\"Lucky Days Casino est un nouveau casino canadien | 1 500$ en bonus bienvenu | 100 tours gratuits + 20 tours gratuits exclusifs sans d\u00e9p\u00f4t\u202f!\" \/>\n<meta name=\"robots\" content=\"index, follow, max-snippet:-1, max-image-preview:large, max-video-preview:-1\" \/>\n<link rel=\"canonical\" href=\"https:\/\/www.bonus.ca\/fr\/lucky-days\" \/>\n<meta property=\"og:type\" content=\"article\" \/>\n<meta property=\"og:title\" content=\"Lucky Days Casino en Ligne | 20 Tours Gratuits Sans D\u00e9p\u00f4t\" \/>\n<meta property=\"og:description\" content=\"Lucky Days Casino est un nouveau casino canadien | 1 500$ en bonus bienvenu | 100 tours gratuits + 20 tours gratuits exclusifs sans d\u00e9p\u00f4t\u202f!\" \/>\n<meta property=\"og:url\" content=\"https:\/\/www.bonus.ca\/fr\/lucky-days\" \/>\n<meta property=\"article:published_time\" content=\"2019-05-16T10:01:34+00:00\" \/>\n<meta property=\"article:modified_time\" content=\"2026-04-10T13:52:22+00:00\" \/>\n<meta property=\"og:image\" content=\"https:\/\/mediafr.bonus.ca\/images\/Lucky-Days-Logo.png\" \/>\n\t<meta property=\"og:image:width\" content=\"1536\" \/>\n\t<meta property=\"og:image:height\" content=\"920\" \/>\n\t<meta property=\"og:image:type\" content=\"image\/png\" \/>\n<meta name=\"twitter:card\" content=\"summary_large_image\" \/>\n<meta name=\"twitter:label1\" content=\"Est. reading time\" \/>\n\t<meta name=\"twitter:data1\" content=\"7 minutes\" \/>\n<!-- \/ Yoast SEO plugin. -->","yoast_head_json":{"title":"Lucky Days Casino en Ligne | 20 Tours Gratuits Sans D\u00e9p\u00f4t","description":"Lucky Days Casino est un nouveau casino canadien | 1 500$ en bonus bienvenu | 100 tours gratuits + 20 tours gratuits exclusifs sans d\u00e9p\u00f4t\u202f!","robots":{"index":"index","follow":"follow","max-snippet":"max-snippet:-1","max-image-preview":"max-image-preview:large","max-video-preview":"max-video-preview:-1"},"canonical":"https:\/\/www.bonus.ca\/fr\/lucky-days","og_type":"article","og_title":"Lucky Days Casino en Ligne | 20 Tours Gratuits Sans D\u00e9p\u00f4t","og_description":"Lucky Days Casino est un nouveau casino canadien | 1 500$ en bonus bienvenu | 100 tours gratuits + 20 tours gratuits exclusifs sans d\u00e9p\u00f4t\u202f!","og_url":"https:\/\/www.bonus.ca\/fr\/lucky-days","article_published_time":"2019-05-16T10:01:34+00:00","article_modified_time":"2026-04-10T13:52:22+00:00","og_image":[{"width":1536,"height":920,"url":"https:\/\/mediafr.bonus.ca\/images\/Lucky-Days-Logo.png","type":"image\/png"}],"twitter_card":"summary_large_image","twitter_misc":{"Est. reading time":"7 minutes"},"schema":{"@context":"https:\/\/schema.org","@graph":[{"@type":"WebPage","@id":"https:\/\/www.bonus.ca\/fr\/lucky-days","url":"https:\/\/www.bonus.ca\/fr\/lucky-days","name":"Lucky Days Casino en Ligne | 20 Tours Gratuits Sans D\u00e9p\u00f4t","isPartOf":{"@id":"https:\/\/www.bonus.ca\/fr\/#website"},"primaryImageOfPage":{"@id":"https:\/\/www.bonus.ca\/fr\/lucky-days#primaryimage"},"image":{"@id":"https:\/\/www.bonus.ca\/fr\/lucky-days#primaryimage"},"thumbnailUrl":"https:\/\/www.bonus.ca\/fr\/images\/Lucky-Days-Logo.png","datePublished":"2019-05-16T10:01:34+00:00","dateModified":"2026-04-10T13:52:22+00:00","description":"Lucky Days Casino est un nouveau casino canadien | 1 500$ en bonus bienvenu | 100 tours gratuits + 20 tours gratuits exclusifs sans d\u00e9p\u00f4t\u202f!","breadcrumb":{"@id":"https:\/\/www.bonus.ca\/fr\/lucky-days#breadcrumb"},"inLanguage":"en-US","potentialAction":[{"@type":"ReadAction","target":["https:\/\/www.bonus.ca\/fr\/lucky-days"]}]},{"@type":"ImageObject","inLanguage":"en-US","@id":"https:\/\/www.bonus.ca\/fr\/lucky-days#primaryimage","url":"https:\/\/mediafr.bonus.ca\/images\/Lucky-Days-Logo.png","contentUrl":"https:\/\/mediafr.bonus.ca\/images\/Lucky-Days-Logo.png","width":1536,"height":920,"caption":"Miaou! Lucky Days propose aux Canadiens une offre vraiment int\u00e9ressante. Utilisez notre bouton \"obtenir ce bonus maintenant\" pour r\u00e9clamer leur bonus canadien. Approuv\u00e9 par BonusFinder!"},{"@type":"BreadcrumbList","@id":"https:\/\/www.bonus.ca\/fr\/lucky-days#breadcrumb","itemListElement":[{"@type":"ListItem","position":1,"name":"Home","item":"https:\/\/www.bonus.ca\/fr\/"},{"@type":"ListItem","position":2,"name":"Lucky Days Casino"}]},{"@type":"WebSite","@id":"https:\/\/www.bonus.ca\/fr\/#website","url":"https:\/\/www.bonus.ca\/fr\/","name":"BonusFinder Canada (Fran\u00e7ais)","description":"La source de bonus n\u00b0 1 au Canada","potentialAction":[{"@type":"SearchAction","target":{"@type":"EntryPoint","urlTemplate":"https:\/\/www.bonus.ca\/fr\/?s={search_term_string}"},"query-input":{"@type":"PropertyValueSpecification","valueRequired":true,"valueName":"search_term_string"}}],"inLanguage":"en-US"}]}},"_links":{"self":[{"href":"https:\/\/www.bonus.ca\/fr\/wp-json\/wp\/v2\/pages\/6403","targetHints":{"allow":["GET"]}}],"collection":[{"href":"https:\/\/www.bonus.ca\/fr\/wp-json\/wp\/v2\/pages"}],"about":[{"href":"https:\/\/www.bonus.ca\/fr\/wp-json\/wp\/v2\/types\/page"}],"author":[{"embeddable":true,"href":"https:\/\/www.bonus.ca\/fr\/wp-json\/wp\/v2\/users\/123"}],"replies":[{"embeddable":true,"href":"https:\/\/www.bonus.ca\/fr\/wp-json\/wp\/v2\/comments?post=6403"}],"version-history":[{"count":11,"href":"https:\/\/www.bonus.ca\/fr\/wp-json\/wp\/v2\/pages\/6403\/revisions"}],"predecessor-version":[{"id":26504,"href":"https:\/\/www.bonus.ca\/fr\/wp-json\/wp\/v2\/pages\/6403\/revisions\/26504"}],"wp:attachment":[{"href":"https:\/\/www.bonus.ca\/fr\/wp-json\/wp\/v2\/media?parent=6403"}],"curies":[{"name":"wp","href":"https:\/\/api.w.org\/{rel}","templated":true}]}}