{"id":7109,"date":"2019-07-22T11:41:48","date_gmt":"2019-07-22T11:41:48","guid":{"rendered":"https:\/\/www.bonus.ca\/fr\/?post_type=bookmakers&#038;p=7109"},"modified":"2026-04-02T12:52:52","modified_gmt":"2026-04-02T12:52:52","slug":"captain-cooks-casino","status":"publish","type":"page","link":"https:\/\/www.bonus.ca\/fr\/captain-cooks-casino","title":{"rendered":"Captain Cooks Casino"},"content":{"rendered":"<h2>Captain Cooks Casino en Ligne<\/h2>\n<p><strong>Captain Cooks Casino Rewards<\/strong> ou Captain Cooks Casino en Ligne, est un <a href=\"https:\/\/www.bonus.ca\/fr\/\">casino en ligne canada<\/a> populaire depuis le d\u00e9but des ann\u00e9es 2000. Si vous vous demandez pourquoi choisir le Captaine Cooks Casino, c&#8217;est plut\u00f4t simple! <\/p>\n<p>Vous obtiendrez 100 chances de gagner pour 5$. Alors, \u00e7a vaut la peine d&#8217;essayer le Casino Captain Cooks, non?<\/p>\n<p>Lisez notre avis sur Captain Cooks Casino en ligne pour en savoir plus sur ce casino Rewards. Nous vous donnerons des d\u00e9tails sur le bonus d&#8217;inscription, les jeux offerts ainsi que les m\u00e9thodes bancaires disponibles.<\/p>\n<h3>Capitaine Cooks en Fran\u00e7ais<\/h3>\n<p>Capitaine Cooks Casino est disponible en fran\u00e7ais, ce qui rend l&#8217;exp\u00e9rience de jeu en ligne plus agr\u00e9able pour les joueurs du Qu\u00e9bec. <\/p>\n<p>Cela vous permettra de bien comprendre les termes et conditions du site.<\/p>\n<p>Les <a href=\"https:\/\/www.bonus.ca\/fr\/casino-en-ligne\/quebec\">joueurs de casino du Qu\u00e9bec en ligne<\/a> trouveront que Captain Cooks Casino est un excellent casino pour profiter de leurs jeux de casino en ligne pr\u00e9f\u00e9r\u00e9s. <\/p>\n<p>Le site propose un large \u00e9ventail de jeux, notamment des machines \u00e0 sous, du blackjack, de la roulette en ligne et bien plus encore.<\/p>\n<h2>Captain Cooks Bonus de Bienvenue<\/h2>\n<p>Le Captain Cooks Bonus est excellent. Vous obtiendrez jusqu&#8217;\u00e0 500$ en bonus ainsi que 100 tours gratuits sur les machines \u00e0 gros lots (comme Mega Moolah). <\/p>\n<p>Le bonus Captain Cooks est divis\u00e9 en 5 parties et les tours gratuits sont distribu\u00e9s lors du premier d\u00e9p\u00f4t.<\/p>\n<p>Voici les d\u00e9tails du Captain Cooks Casino bonus d&#8217;inscription:<\/p>\n<p>[table_start]<br \/>\n[table_head left=&#8217;<strong>Captain Cooks Casino Bonus<\/strong>&#8216; right=&#8221;<strong>Termes &#038; Conditions<\/strong>&#8220;]<br \/>\n[table_row left=&#8217;<strong>Total du bonus de bienvenue<\/strong>&#8216; right=&#8221;500$ + 100 tours gratuits&#8221;]<br \/>\n[table_row left=&#8217;<strong>Bonus du premier d\u00e9p\u00f4t<\/strong>&#8216; right=&#8221;D\u00e9posez 5$, obtenez 100 tours gratuits&#8221;]<br \/>\n[table_row left=&#8217;<strong>Jeux des premiers tours gratuits<\/strong>&#8216; right=&#8221;Toute machine \u00e0 sous progressive&#8221;]<br \/>\n[table_row left=&#8217;<strong>Bonus du 2e d\u00e9p\u00f4t<\/strong>&#8216; right=&#8221;100% en \u00e9quivalence jusqu&#8217;\u00e0 100$&#8221;]<br \/>\n[table_row left=&#8217;<strong>D\u00e9p\u00f4t minimum<\/strong>&#8216; right=&#8217;5$&#8217;]<br \/>\n[table_end]<\/p>\n<div id=\"attachment_16459\" style=\"width: 1546px\" class=\"wp-caption alignnone\"><img loading=\"lazy\" decoding=\"async\" aria-describedby=\"caption-attachment-16459\" src=\"https:\/\/mediafr.bonus.ca\/images\/Logo-Captain-Cooks.png\" alt=\"captain cooks casino en ligne\" width=\"1536\" height=\"920\" class=\"size-full wp-image-16459\" srcset=\"https:\/\/mediafr.bonus.ca\/images\/Logo-Captain-Cooks.png 1536w, https:\/\/mediafr.bonus.ca\/images\/Logo-Captain-Cooks-300x180.png 300w, https:\/\/mediafr.bonus.ca\/images\/Logo-Captain-Cooks-1024x613.png 1024w, https:\/\/mediafr.bonus.ca\/images\/Logo-Captain-Cooks-1048x628.png 1048w, https:\/\/mediafr.bonus.ca\/images\/Logo-Captain-Cooks-90x54.png 90w\" sizes=\"auto, (max-width: 1536px) 100vw, 1536px\" \/><p id=\"caption-attachment-16459\" class=\"wp-caption-text\">Chez Captain Cooks Casino, les nouveaux joueurs sont accueillis avec 100 chances de devenir millionnaire d\u00e8s leur premier d\u00e9p\u00f4t.<\/p><\/div>\n<h3>Code bonus<\/h3>\n<p>Vous n&#8217;avez pas besoin de code bonus ou de code promo pour obtenir le bonus de bienvenue offert par le Casino Captain Cook. Cliquez simplement sur &#8220;obtenez ce bonus&#8221; pour r\u00e9clamer cette offre.<\/p>\n<h3>Bonus Sans D\u00e9p\u00f4t<\/h3>\n<p>En ce moment, le casino en ligne Captain Cooks n&#8217;offre pas de <a href=\"https:\/\/www.bonus.ca\/fr\/casino-bonus\/sans-depot\">bonus casino sans d\u00e9p\u00f4t<\/a>. Toutefois, avec leur offre de bonus actuelle, vous pourrez obtenir 100 tours gratuits avec un d\u00e9p\u00f4t de 5$. <\/p>\n<h2>Les bonus de Captain Cooks Casino<\/h2>\n<p>L&#8217;arriv\u00e9e de Captain Cooks Casino en Am\u00e9rique du Nord n&#8217;est pas pass\u00e9e inaper\u00e7ue. En effet, Captain Cooks Casino s&#8217;est fait remarqu\u00e9 aupr\u00e8s des joueurs canadiens et qu\u00e9b\u00e9cois en un rien de temps.<\/p>\n<p>On le connait surtout puisqu&#8217;il s&#8217;agit d&#8217;un des rares casinos en ligne \u00e0 5$. En effet, vous aurez <strong>100 parties gratuites pour 5$<\/strong>!<\/p>\n<p>[table_start]<br \/>\n[table_row column-1=&#8217;<strong>Bonus de Bienvenue<\/strong>&#8216; column-2=&#8217;100 Tours Gratuits Pour 5$&#8217;]<br \/>\n[table_row column-1=&#8217;<strong>Bonus Total<\/strong>&#8216; column-2=&#8217;100$ + 100 Tours Gratuits&#8217;]<br \/>\n[table_row column-1=&#8217;<strong>D\u00e9p\u00f4t Minimum<\/strong>&#8216; column-2=&#8217;5$&#8217;]<br \/>\n[table_row column-1=&#8217;<strong>Casino Mobile<\/strong>&#8216; column-2=&#8217;Oui (Android, iOS, Windows)&#8217;]<br \/>\n[table_row column-1=&#8217;<strong>Nombre de Jeux<\/strong>&#8216; column-2=&#8217;550&#8217;]<br \/>\n[table_end]<\/p>\n<p>La premi\u00e8re partie du bonus de bienvenue vous offre 100 tours gratuits \u00e0 utiliser pour la cat\u00e9gorie des machines \u00e0 sous \u00e0 gros lot progressif au casino, le tout pour seulement 5$.<\/p>\n<p>Ces 100 tours gratuits seront cr\u00e9dit\u00e9s sur votre compte sous la forme d&#8217;un bonus de 25$. Ces 25$ peuvent \u00eatre utilis\u00e9s pour placer 100 mises de 0,25$ sur la machine \u00e0 sous \u00e0 jackpot progressif de votre choix. <\/p>\n<p>Et oui, cela fonctionne sur le c\u00e9l\u00e8bre &#8220;faiseur&#8221; de millionnaires, Mega Moolah.<\/p>\n<p>Apr\u00e8s cela, le casino en ligne Captain Cooks vous remettra un bonus en \u00e9quivalence de 100% jusqu&#8217;\u00e0 100$.<\/p>\n<p><strong>Le bonus d&#8217;inscription de Captain Cooks mentionn\u00e9 ci-dessus n&#8217;est que le premier des cinq bonus que vous obtiendrez lors de votre inscription et d\u00e9p\u00f4t.<\/strong><\/p>\n<h3>Tours Gratuits<\/h3>\n<p>Nous avons d\u00e9j\u00e0 parl\u00e9 un peu des <a href=\"https:\/\/www.bonus.ca\/fr\/machines-a-sous-gratuites\">casino tour gratuit sans d\u00e9p\u00f4t<\/a> que vous obtiendrez avec ce bonus, mais on insiste parce que vos parties gratuites peuvent \u00eatre utilis\u00e9es sur une vari\u00e9t\u00e9 de jeux de machines \u00e0 sous \u00e0 gros lots progressifs.<\/p>\n<p>N&#8217;oubliez pas que, techniquement, vous ne recevrez pas de tours gratuits sur votre compte, mais que vous obtiendrez 25$. Cet argent bonus peut ensuite se convertir en 100 petites mises sur des jeux de casino comme Mega Moolah et Fruit Fiesta.<\/p>\n<p><strong>Il n&#8217;est pas surprenant que la machine \u00e0 sous <a href=\"https:\/\/www.bonus.ca\/fr\/machines-a-sous-gratuites\/mega-moolah\">Mega Moolah<\/a> soit l&#8217;une des machines \u00e0 sous progressives les plus populaires. Apr\u00e8s tout &#8211; vous pourriez devenir millionnaire gr\u00e2ce \u00e0 ce jeu \u00e0 jackpot.<\/strong><\/p>\n<h2>Captain Cooks Casino Rewards<\/h2>\n<p>Captain Cooks Casino est l&#8217;un des 29 \u00e9tablissements en ligne qui composent le <strong>r\u00e9seau Casino Rewards<\/strong>, un programme de fid\u00e9lit\u00e9 collaboratif con\u00e7u pour r\u00e9compenser les joueurs r\u00e9guliers. <\/p>\n<p>En vous inscrivant sur Captain Cooks, vous acc\u00e9dez automatiquement \u00e0 ce programme.<\/p>\n<p>Cela vous permet de cumuler des points de fid\u00e9lit\u00e9 et de b\u00e9n\u00e9ficier d&#8217;avantages exclusifs sur l&#8217;ensemble des casinos membres, tels que <a href=\"https:\/\/www.bonus.ca\/fr\/zodiac-casino\">Zodiac Casino<\/a>, Yukon Gold, Casino Classic, Grand Mondial, Luxury Casino, entre autres.<\/p>\n<h2>R\u00e9compenses et Programme de Fid\u00e9lit\u00e9 Rewards<\/h2>\n<p>L&#8217;un des principaux atouts de Casino Rewards est la <strong>portabilit\u00e9 du statut VIP<\/strong> : votre niveau de fid\u00e9lit\u00e9 (du statut Vert jusqu&#8217;au niveau Diamant) est reconnu dans tous les casinos du r\u00e9seau. <\/p>\n<p>Cela signifie que vous pouvez changer de plateforme sans perdre vos avantages, tout en continuant \u00e0 <strong>accumuler des points VIP<\/strong> et des points de statut. <\/p>\n<p>Ces points peuvent \u00eatre \u00e9chang\u00e9s contre des <strong>cr\u00e9dits de jeu gratuits<\/strong>, utilisables dans n&#8217;importe quel casino du groupe.<\/p>\n<h2> Captain Cooks Jeux En Ligne<\/h2>\n<p>Contrairement \u00e0 beaucoup de casinos en ligne, Captain Cooks Casino propose des jeux en ligne d&#8217;un seul fournisseur, <strong>Microgaming<\/strong>. Pour certains, cela peut s&#8217;av\u00e9rer \u00eatre un peu d\u00e9sagr\u00e9able. <\/p>\n<p>Mais il y a un point majeur \u00e0 consid\u00e9rer ici : les amateurs de Microgaming seront heureux. Si vous ne voulez pas vous inscrire \u00e0 un casino avec un seul fournisseur de jeux, faites-nous confiance, \u00e7a vaut le coup. Du moins profitez de <strong>l&#8217;offre \u00e0 5$ pour 100 chances de gagner<\/strong>.<\/p>\n<p>Si vous voulez une plus grande vari\u00e9t\u00e9 de jeux en ligne, envisagez de vous inscrire \u00e0 Vegas Hero ou <a href = \"https:\/\/www.bonus.ca\/fr\/jonny-jackpot\">Jonny Jackpot<\/a>.<\/p>\n<h3>Machines \u00e0 Sous<\/h3>\n<p>La s\u00e9lection de jeux comprend tout ce dont vous pouvez r\u00eaver (\u00e0 l&#8217;exception des casinos en direct), tels que les machines \u00e0 sous, les jeux \u00e0 jackpots progressifs, le blackjack, la roulette et le vid\u00e9o poker.<\/p>\n<p>Ce qui attire les joueurs par contre, ce sont les machines \u00e0 sous. Cela pourrait expliquer en partie pourquoi le <strong>taux de distribution moyen de Captain Cooks Casino est \u00e9lev\u00e9<\/strong>, soit de 97%.<\/p>\n<p>Vous pourrez jouer aux machines classiques \u00e0 3 et 5 rouleaux, et aux nouvelles machines \u00e0 sous. <\/p>\n<p>Captain Cooks Rewards Casino donne m\u00eame des conseils aux nouveaux joueurs pour faire tourner les machines \u00e0 sous et augmenter leurs chances de gagner. <\/p>\n<h3>Jeux de table<\/h3>\n<p>Des jeux de table populaires tels que le blackjack, la roulette, le baccarat et le craps.<\/p>\n<h3>Jeux de jackpot progressif <\/h3>\n<p>Des jeux qui offrent la possibilit\u00e9 de gagner d&#8217;\u00e9normes jackpots cumul\u00e9s qui augmentent \u00e0 mesure que les joueurs placent des mises.<\/p>\n<h3>Casino Live<\/h3>\n<p>Malheureusement, le casino en ligne <strong>Capitaine Cooks n&#8217;offre pas de jeux en direct<\/strong>, ce qui est assez rare de nos jours. <\/p>\n<p>Malgr\u00e9 tout, vous pouvez avoir du plaisir avec la plupart des autres jeux de casino. <\/p>\n<p>Ils ont diff\u00e9rentes versions de roulette et de blackjack en ligne, mais vous ne pourrez pas jouer avec des croupiers en direct.<\/p>\n<h2>Logiciels de Jeu<\/h2>\n<p>Microgaming est l&#8217;un des logiciels de jeu les plus c\u00e9l\u00e8bres et les plus respect\u00e9s dans l&#8217;industrie du jeu en ligne, offrant divertissement et qualit\u00e9. <\/p>\n<p>Sur le site de Captain Cooks Casino en ligne, il est indiqu\u00e9 que <strong>550 jeux Microgaming<\/strong> sont disponibles, mais leur nombre est pass\u00e9 \u00e0 plus de 600. <\/p>\n<p>Et il continue \u00e0 augmenter avec de nouveaux jeux ajout\u00e9s \u00e0 chaque mois.<\/p>\n<h2>M\u00e9thodes Bancaires<\/h2>\n<p>Au Captain Cooks Casino en ligne, vous avez beaucoup d&#8217;options pour les m\u00e9thodes de paiement, notamment par cartes de cr\u00e9dit et de d\u00e9bit, des services de virement bancaire, des cartes de paiement s\u00e9curis\u00e9es et des portefeuilles \u00e9lectroniques tels que Skrill et Neteller. <\/p>\n<p>Captain Cooks Casino en ligne fait un bon travail en \u00e9tablissant les \u00e9tapes sp\u00e9cifiques pour d\u00e9poser et retirer vos fonds. <\/p>\n<p>[table_start]<br \/>\n[table_head column-1=&#8217;<strong>M\u00e9thodes bancaires<\/strong>&#8216; column-2=&#8217;<strong>Pris en charge<\/strong>&#8216;]<br \/>\n[table_row column-1=&#8217;<strong>Interac<\/strong>&#8216; column-2=&#8217;Oui&#8217;]<br \/>\n[table_row column-1=&#8217;<strong>iDebit<\/strong>&#8216; column-2=&#8217;Oui&#8217;]<br \/>\n[table_row column-1=&#8217;<strong>Visa\/Mastercard<\/strong>&#8216; column-2=&#8217;Oui&#8217;]<br \/>\n[table_row column-1=&#8217;<strong>eCheck<\/strong>&#8216; column-2=&#8217;Oui&#8217;]<br \/>\n[table_row column-1=&#8217;<strong>Instadebit<\/strong>&#8216; column-2=&#8217;Oui&#8217;]<br \/>\n[table_row column-1=&#8217;<strong>Ecopayz<\/strong>&#8216; column-2=&#8217;Oui&#8217;]<br \/>\n[table_row column-1=&#8217;<strong>Paysafecard<\/strong>&#8216; column-2=&#8217;Oui&#8217;]<br \/>\n[table_end]<\/p>\n<h3>D\u00e9p\u00f4t<\/h3>\n<p>Votre d\u00e9p\u00f4t sera trait\u00e9 instantan\u00e9ment afin que vous n&#8217;ayez pas \u00e0 attendre pour commencer \u00e0 jouer. Vous pouvez utiliser ces fonds de bonus d\u00e8s que vous avez termin\u00e9 les \u00e9tapes ci-dessus.<\/p>\n<p>Effectuer un d\u00e9p\u00f4t ne pourrait \u00eatre plus facile, mais si vous vous ne vous connaissez pas en technologie, vous pouvez communiquer avec le service \u00e0 la client\u00e8le qui est disponible en tout temps.<\/p>\n<h3>Retrait<\/h3>\n<p>Le retrait est tout aussi facile. Assurez-vous simplement que vous avez satisfait aux exigences de mise avant de tenter un retrait. Lorsque vous \u00eates pr\u00eat, cliquez sur le bouton &#8220;Banque&#8221;, choisissez &#8220;Retirer&#8221;, s\u00e9lectionnez le montant, puis cliquez sur &#8220;Suivant&#8221;.<\/p>\n<h2>Capitaine Cooks Casino App<\/h2>\n<p>Pour \u00eatre tout \u00e0 fait honn\u00eate, le casino mobile Captain Cooks ne correspond pas tout \u00e0 fait aux meilleures plateformes mobiles de casino. <\/p>\n<p>En fait, la version mobile est inexistante. <strong>Il n&#8217;y a pas d&#8217;application Captain Cooks Casino en ligne<\/strong>, et le navigateur Web n&#8217;est pas compatible avec les appareils mobiles.<\/p>\n<p>C&#8217;est tr\u00e8s dommage, de nos jours, nous aimons pouvoir jouer au casino sur notre t\u00e9l\u00e9phone. Avec Captain Cooks Casino, vous devrez jouer \u00e0 la maison et avoir acc\u00e8s \u00e0 un ordinateur.<\/p>\n<h2>Support Client<\/h2>\n<p>Vous aurez acc\u00e8s \u00e0 un support client en tout temps, ce qui est id\u00e9al si vous \u00eates au Canada. <\/p>\n<p>[table_start]<br \/>\n[table_row column-1=&#8217;<strong>Chat Live<\/strong>&#8216; column-2=&#8217;24 heures sur 24 et 7 jours sur 7&#8242;]<br \/>\n[table_row column-1=&#8217;<strong>Email<\/strong>&#8216; column-2=&#8217;support@crhelpdesk.com&#8217;]<br \/>\n[table_end]<\/p>\n<h2>Captain Cooks Casino en Ligne: Notre Opinion<\/h2>\n<p>En g\u00e9n\u00e9ral, nous aimons ce que Captain Cooks Casino en ligne propose. Depuis pr\u00e8s de deux d\u00e9cennies dans le monde du jeu vid\u00e9o, ce site contient certainement beaucoup de choses. <\/p>\n<p>Si vous aimez les machines \u00e0 sous Microgaming, si vous souhaitez un environnement de jeu s\u00e9curitaire et amusant et si vous aimez un bon bonus de bienvenue, Captain Cooks est un choix fantastique.<\/p>\n<p><strong>Jouer sur Captain Cooks Casino vous donnera certainement envie de porter un cache-\u0153il et de dire &#8220;Aye Aye matelot&#8221; alors que vous vous installez pour faire tourner les centaines de machines \u00e0 sous Microgaming.<\/strong><\/p>\n<p>L&#8217;un des probl\u00e8mes majeurs dans la s\u00e9lection de jeux de casino de Captain Cooks est son absence de casino en direct. En d&#8217;autres termes, vous ne pourrez pas jouer \u00e0 vos jeux de table pr\u00e9f\u00e9r\u00e9s dans ce casino en ligne. Pas un gros probl\u00e8me pour certains, mais un \u00e9norme pour d&#8217;autres.<\/p>\n<p>Tout comme Yukon Gold Casino et Zodiac Casino, Captain Cooks Casino en ligne a fait sensation aupr\u00e8s des joueurs en ligne canadiens.<\/p>\n<h3>Notre verdict<\/h3>\n<ul>\n<li><strong>Jeux Disponibles :<\/strong> 3\/5<\/li>\n<li><strong>Optimisation Mobile :<\/strong> 3\/5<\/li>\n<li><strong>Bonus de Bienvenue :<\/strong> 4\/5<\/li>\n<li><strong>Estimation Finale :<\/strong> 4\/5<\/li>\n<\/ul>\n","protected":false},"excerpt":{"rendered":"<p>Captain Cooks Casino en Ligne Captain Cooks Casino Rewards ou Captain Cooks Casino en Ligne, est un casino en ligne canada populaire depuis le d\u00e9but des ann\u00e9es 2000. Si vous vous demandez pourquoi choisir le Captaine Cooks Casino, c&#8217;est plut\u00f4t simple! Vous obtiendrez 100 chances de gagner pour 5$. Alors, \u00e7a vaut la peine d&#8217;essayer [&hellip;]<\/p>\n","protected":false},"author":123,"featured_media":0,"parent":0,"menu_order":0,"comment_status":"closed","ping_status":"closed","template":"","meta":{"inline_featured_image":false,"_glsr_average":0,"_glsr_ranking":0,"_glsr_reviews":0,"footnotes":""},"class_list":["post-7109","page","type-page","status-publish","hentry"],"yoast_head":"<!-- This site is optimized with the Yoast SEO plugin v27.3 - https:\/\/yoast.com\/product\/yoast-seo-wordpress\/ -->\n<title>Captain Cooks Casino en Ligne: 100 Tours Gratuits + 100$ Bonus<\/title>\n<meta name=\"description\" content=\"Capitaine Cooks est un site de jeu propuls\u00e9 par Microgaming | Chance de devenir millionnaire avec 100 parties gratuites pour 5$ .\" \/>\n<meta name=\"robots\" content=\"index, follow, max-snippet:-1, max-image-preview:large, max-video-preview:-1\" \/>\n<link rel=\"canonical\" href=\"https:\/\/www.bonus.ca\/fr\/captain-cooks-casino\" \/>\n<meta property=\"og:type\" content=\"article\" \/>\n<meta property=\"og:title\" content=\"Captain Cooks Casino en Ligne: 100 Tours Gratuits + 100$ Bonus\" \/>\n<meta property=\"og:description\" content=\"Capitaine Cooks est un site de jeu propuls\u00e9 par Microgaming | Chance de devenir millionnaire avec 100 parties gratuites pour 5$ .\" \/>\n<meta property=\"og:url\" content=\"https:\/\/www.bonus.ca\/fr\/captain-cooks-casino\" \/>\n<meta property=\"article:modified_time\" content=\"2026-04-02T12:52:52+00:00\" \/>\n<meta property=\"og:image\" content=\"https:\/\/mediafr.bonus.ca\/images\/Logo-Captain-Cooks.png\" \/>\n\t<meta property=\"og:image:width\" content=\"1536\" \/>\n\t<meta property=\"og:image:height\" content=\"920\" \/>\n\t<meta property=\"og:image:type\" content=\"image\/png\" \/>\n<meta name=\"twitter:card\" content=\"summary_large_image\" \/>\n<meta name=\"twitter:label1\" content=\"Est. reading time\" \/>\n\t<meta name=\"twitter:data1\" content=\"9 minutes\" \/>\n<!-- \/ Yoast SEO plugin. -->","yoast_head_json":{"title":"Captain Cooks Casino en Ligne: 100 Tours Gratuits + 100$ Bonus","description":"Capitaine Cooks est un site de jeu propuls\u00e9 par Microgaming | Chance de devenir millionnaire avec 100 parties gratuites pour 5$ .","robots":{"index":"index","follow":"follow","max-snippet":"max-snippet:-1","max-image-preview":"max-image-preview:large","max-video-preview":"max-video-preview:-1"},"canonical":"https:\/\/www.bonus.ca\/fr\/captain-cooks-casino","og_type":"article","og_title":"Captain Cooks Casino en Ligne: 100 Tours Gratuits + 100$ Bonus","og_description":"Capitaine Cooks est un site de jeu propuls\u00e9 par Microgaming | Chance de devenir millionnaire avec 100 parties gratuites pour 5$ .","og_url":"https:\/\/www.bonus.ca\/fr\/captain-cooks-casino","article_modified_time":"2026-04-02T12:52:52+00:00","og_image":[{"width":1536,"height":920,"url":"https:\/\/mediafr.bonus.ca\/images\/Logo-Captain-Cooks.png","type":"image\/png"}],"twitter_card":"summary_large_image","twitter_misc":{"Est. reading time":"9 minutes"},"schema":{"@context":"https:\/\/schema.org","@graph":[{"@type":"WebPage","@id":"https:\/\/www.bonus.ca\/fr\/captain-cooks-casino","url":"https:\/\/www.bonus.ca\/fr\/captain-cooks-casino","name":"Captain Cooks Casino en Ligne: 100 Tours Gratuits + 100$ Bonus","isPartOf":{"@id":"https:\/\/www.bonus.ca\/fr\/#website"},"primaryImageOfPage":{"@id":"https:\/\/www.bonus.ca\/fr\/captain-cooks-casino#primaryimage"},"image":{"@id":"https:\/\/www.bonus.ca\/fr\/captain-cooks-casino#primaryimage"},"thumbnailUrl":"https:\/\/mediafr.bonus.ca\/images\/Logo-Captain-Cooks.png","datePublished":"2019-07-22T11:41:48+00:00","dateModified":"2026-04-02T12:52:52+00:00","description":"Capitaine Cooks est un site de jeu propuls\u00e9 par Microgaming | Chance de devenir millionnaire avec 100 parties gratuites pour 5$ .","breadcrumb":{"@id":"https:\/\/www.bonus.ca\/fr\/captain-cooks-casino#breadcrumb"},"inLanguage":"en-US","potentialAction":[{"@type":"ReadAction","target":["https:\/\/www.bonus.ca\/fr\/captain-cooks-casino"]}]},{"@type":"ImageObject","inLanguage":"en-US","@id":"https:\/\/www.bonus.ca\/fr\/captain-cooks-casino#primaryimage","url":"https:\/\/mediafr.bonus.ca\/images\/Logo-Captain-Cooks.png","contentUrl":"https:\/\/mediafr.bonus.ca\/images\/Logo-Captain-Cooks.png"},{"@type":"BreadcrumbList","@id":"https:\/\/www.bonus.ca\/fr\/captain-cooks-casino#breadcrumb","itemListElement":[{"@type":"ListItem","position":1,"name":"Home","item":"https:\/\/www.bonus.ca\/fr\/"},{"@type":"ListItem","position":2,"name":"Captain Cooks Casino"}]},{"@type":"WebSite","@id":"https:\/\/www.bonus.ca\/fr\/#website","url":"https:\/\/www.bonus.ca\/fr\/","name":"BonusFinder Canada (Fran\u00e7ais)","description":"La source de bonus n\u00b0 1 au Canada","potentialAction":[{"@type":"SearchAction","target":{"@type":"EntryPoint","urlTemplate":"https:\/\/www.bonus.ca\/fr\/?s={search_term_string}"},"query-input":{"@type":"PropertyValueSpecification","valueRequired":true,"valueName":"search_term_string"}}],"inLanguage":"en-US"}]}},"_links":{"self":[{"href":"https:\/\/www.bonus.ca\/fr\/wp-json\/wp\/v2\/pages\/7109","targetHints":{"allow":["GET"]}}],"collection":[{"href":"https:\/\/www.bonus.ca\/fr\/wp-json\/wp\/v2\/pages"}],"about":[{"href":"https:\/\/www.bonus.ca\/fr\/wp-json\/wp\/v2\/types\/page"}],"author":[{"embeddable":true,"href":"https:\/\/www.bonus.ca\/fr\/wp-json\/wp\/v2\/users\/123"}],"replies":[{"embeddable":true,"href":"https:\/\/www.bonus.ca\/fr\/wp-json\/wp\/v2\/comments?post=7109"}],"version-history":[{"count":11,"href":"https:\/\/www.bonus.ca\/fr\/wp-json\/wp\/v2\/pages\/7109\/revisions"}],"predecessor-version":[{"id":26476,"href":"https:\/\/www.bonus.ca\/fr\/wp-json\/wp\/v2\/pages\/7109\/revisions\/26476"}],"wp:attachment":[{"href":"https:\/\/www.bonus.ca\/fr\/wp-json\/wp\/v2\/media?parent=7109"}],"curies":[{"name":"wp","href":"https:\/\/api.w.org\/{rel}","templated":true}]}}