{"id":7134,"date":"2019-07-23T08:48:23","date_gmt":"2019-07-23T08:48:23","guid":{"rendered":"https:\/\/www.bonus.ca\/fr\/?page_id=7134"},"modified":"2026-03-10T15:10:00","modified_gmt":"2026-03-10T15:10:00","slug":"book-of-dead","status":"publish","type":"page","link":"https:\/\/www.bonus.ca\/fr\/machines-a-sous-gratuites\/book-of-dead","title":{"rendered":"Book of Dead"},"content":{"rendered":"<h2>Book of Dead Tours Gratuits Sans D\u00e9p\u00f4t<\/h2>\n<p>Book of Dead est l&#8217;une des <a href=\"https:\/\/www.bonus.ca\/fr\/machines-a-sous-gratuites\">machines \u00e0 sous<\/a> les plus populaires pour les offres de tours gratuits.<\/p>\n<p>En effet, la plupart des <a href=\"https:\/\/www.bonus.ca\/fr\/\">meilleur site casino en ligne<\/a> offrent des tours gratuits sur ce jeu ! Vous pourriez m\u00eame gagner gros sans faire de d\u00e9p\u00f4t.<\/p>\n<p>Vous pouvez utiliser les tours gratuits sans d\u00e9p\u00f4t sur Book of Dead pour gagner de l&#8217;argent r\u00e9el sans risquer le v\u00f4tre.<\/p>\n<p>La plupart des casinos en ligne proposent des bonus casino sans d\u00e9p\u00f4t sur  la machine \u00e0 sous Book of Dead via leur bonus de bienvenue. Vous pouvez \u00e9galement trouver des bonus de recharge et des promotions de tours gratuits pour les joueurs existants. Mais la fa\u00e7on la plus courante d&#8217;obtenir des tours gratuits pour ce jeu est la suivante:<\/p>\n<ol>\n<li>S&#8217;inscrire dans un casino Book of Dead Slot<\/li>\n<li>Recevez des tours gratuits sans d\u00e9p\u00f4t<\/li>\n<li>Commencez \u00e0 jouer et gagnez de l&#8217;argent r\u00e9el !<\/li>\n<\/ol>\n<p>Si vous voulez garder ce que vous gagnez avec les tours gratuits sans d\u00e9p\u00f4t, continuez votre lecture. Ci-dessous, vous trouverez une tonnes de tours gratuits sans d\u00e9p\u00f4t sur Book of Dead.<\/p>\n<h3>10 Tours Gratuits Sans D\u00e9p\u00f4t sur Book of Dead<\/h3>\n<p>Des tonnes de casinos offrent aussi des <a href=\"https:\/\/www.bonus.ca\/fr\/casino-bonus\/sans-depot\">bonus casino sans d\u00e9p\u00f4t<\/a> sur Book of Dead Slot aux joueurs canadiens et qu\u00e9b\u00e9cois.<\/p>\n<p>Pour tester la machine \u00e0 sous Book of Dead, on vous sugg\u00e8re de tester Casilando. Ce dernier vous offre 10 tours gratuits sans d\u00e9p\u00f4t d\u00e8s l&#8217;inscription. Les tours gratuits se jouent sur Book of Dead.<\/p>\n<h3>20 Tours Gratuits Sans D\u00e9p\u00f4t sur Book of Dead<\/h3>\n<p>La plupart des casinos canadiens offrant des tours gratuits sans d\u00e9p\u00f4t sur Book of Dead offrent 20 tours gratuits. Voici la liste des casinos offrant 20 chances gratuites sur Book of Dead d\u00e8s l&#8217;inscription.<\/p>\n<p>Vous pourrez \u00e9galement obtenir 25 tours gratuits sans d\u00e9p\u00f4t sur Book of Dead au Casino Leovegas.<\/p>\n<p>[table_start]<br \/>\n[table_head column-1=&#8217;Casino&#8217; column-2=&#8217;Bonus sans d\u00e9p\u00f4t&#8217; column-3=&#8217;Conditions de mise&#8217;]<br \/>\n[table_row column-1=&#8217;LuckyDays&#8217; column-2=&#8217;20 tours gratuits&#8217; column-3=&#8217;25x&#8217;]<br \/>\n[table_row column-1=&#8217;Dunder&#8217; column-2=&#8217;20 tours gratuits&#8217; column-3=&#8217;25x&#8217;]<br \/>\n[table_row column-1=&#8217;Karamba&#8217; column-2=&#8217;20 tours gratuits&#8217; column-3=&#8217;50x&#8217;]<br \/>\n[table_row column-1=&#8217;Slotty Vegas&#8217; column-2=&#8217;20 tours gratuits&#8217; column-3=&#8217;35x&#8217;]<br \/>\n[table_end]<\/p>\n<h3>30 Tours Gratuits Sans D\u00e9p\u00f4t sur Book of Dead<\/h3>\n<p>Si vous \u00eates \u00e0 la recherche de 30 free spins sur Book of Dead, on vous sugg\u00e8re Arcanebet qui vous remet 30 tours gratuits sans d\u00e9p\u00f4t sur Book of Dead.<\/p>\n<p>Sinon, obtenez en encore plus au Leovegas Casino. En effet, Leovegas vous remet <strong>25 tours gratuits sans d\u00e9p\u00f4t sur Book of Dead<\/strong>.<\/p>\n<h3>50 Tours Gratuits Sans D\u00e9p\u00f4t sur Book of Dead<\/h3>\n<p>Finalement, certains casinos en ligne canadiens vous offrent 50 tours gratuits sans d\u00e9p\u00f4t sur Book of Dead. Voici les casinos qui vous accueillent avec un bonus sans d\u00e9p\u00f4t g\u00e9n\u00e9reux.<\/p>\n<p>[table_start]<br \/>\n[table_head column-1=&#8217;Casinos&#8217; column-2=&#8217;Bonus sans d\u00e9p\u00f4t&#8217; column-3=&#8217;Conditions de mise&#8217;]<br \/>\n[table_row column-1=&#8217;<a href=\"https:\/\/www.bonus.ca\/fr\/playgrand-casino\">PlayGrand<\/a>&#8216; column-2=&#8217;50 free spins&#8217; column-3=&#8217;35x&#8217;]<br \/>\n[table_row column-1=&#8217;CasinoDays&#8217; column-2=&#8217;50 free spins&#8217; column-3=&#8217;35x&#8217;]<br \/>\n[table_end]<\/p>\n<h3>75 Tours Gratuits Sans D\u00e9p\u00f4t sur Book of Dead<\/h3>\n<p>Vous trouvez que 50 free spins sans d\u00e9p\u00f4t sur Book of Dead n&#8217;est pas suffisant? Combinez les offres ci-dessus pour obtenir plus de free spins sans d\u00e9p\u00f4t.<\/p>\n<h2>Book of Dead Slot<\/h2>\n<p>La machine \u00e0 sous Book of the Dead a un potentiel de gain \u00e9norme. En effet, le gain maximum de Book of Dead est de 500 000 pi\u00e8ces. Ainsi, avec une mise de 0,25$, vous pouvez gagner 125 000$!<\/p>\n<p>Voici plus de d\u00e9tails sur le jeu de machine \u00e0 sous Book of Dead:<\/p>\n<p>[table_start]<br \/>\n[table_head column-1=&#8217;Book of Dead&#8217; column-2=&#8217;D\u00e9tails sur le jeu&#8217;]<br \/>\n[table_row column-1=&#8217;Fournisseur&#8217; column-2=&#8217;Play N Go&#8217;]<br \/>\n[table_row column-1=&#8217;RTP&#8217; column-2=&#8217;96.21%&#8217;]<br \/>\n[table_row column-1=&#8217;Lignes de paiement&#8217; column-2=&#8217;10&#8217;]<br \/>\n[table_row column-1=&#8217;Rouleaux&#8217; column-2=&#8217;5&#8242;]<br \/>\n[table_row column-1=&#8217;Mise minimale&#8217; column-2=&#8217;0,01$&#8217;]<br \/>\n[table_row column-1=&#8217;Mise maximale&#8217; column-2=&#8217;100$&#8217;]<br \/>\n[table_end]<\/p>\n<div id=\"attachment_12269\" style=\"width: 1546px\" class=\"wp-caption alignnone\"><img loading=\"lazy\" decoding=\"async\" aria-describedby=\"caption-attachment-12269\" src=\"https:\/\/www.bonus.ca\/fr\/images\/Book-of-Dead-1.jpg\" alt=\"Book of Dead\" width=\"1536\" height=\"1024\" class=\"size-full wp-image-12269\" \/><p id=\"caption-attachment-12269\" class=\"wp-caption-text\">Book of Dead, un jeu de machine \u00e0 sous haut de gamme, transportent les joueurs dans l&#8217;\u00c9gypte ancienne avec ses tours gratuits.<\/p><\/div>\n<h2>Book of Dead Casino<\/h2>\n<p>Si vous recherchez des free spins sur Book of Dead, vous allez aimer cette liste. Certaines de ces offres incluent des tours gratuits sans d\u00e9p\u00f4t et d&#8217;autres vous offrent des tours suppl\u00e9mentaires lors de vos d\u00e9p\u00f4ts. <\/p>\n<p>Notez bien que l&#8217;\u00e9quipe de BonusFinder vous a n\u00e9goci\u00e9 des bonus exclusifs sur Book of Dead, alors ne ratez pas votre chance de jouer avec plus!<\/p>\n<p>Sans plus tarder, voici les meilleurs casinos pour jouer \u00e0 Book of Dead gratuitement:<\/p>\n<p>[table_start]<br \/>\n[table_head column-1=&#8217;Casino&#8217; column-2=&#8217;Bonus&#8217; column-3=&#8217;Book of Dead Free Spins&#8217;]<br \/>\n[table_row column-1=&#8217;LeoVegas&#8217; column-2=&#8217;Oui&#8217; column-3=&#8217;25 tours gratuits sans d\u00e9p\u00f4t&#8217;]<br \/>\n[table_row column-1=&#8217;Lucky Days&#8217; column-2=&#8217;Oui&#8217; column-3=&#8217;20 tours gratuits&#8217;]<br \/>\n[table_row column-1=&#8217;Dunder Casino&#8217; column-2=&#8217;Oui&#8217; column-3=&#8217;20 tours gratuits&#8217;]<br \/>\n[table_row column-1=&#8217;Wildz Casino&#8217; column-2=&#8217;Oui&#8217; column-3=&#8217;25 tours gratuits&#8217;]<br \/>\n[table_row column-1=&#8217;Captain Spins Casino&#8217; column-2=&#8217;Non&#8217; column-3=&#8217;260 tours gratuits&#8217;]<br \/>\n[table_row column-1=&#8217;Guts Casino&#8217; column-2=&#8217;Non&#8217; column-3=&#8217;100 tours gratuits&#8217;]<br \/>\n[table_row column-1=&#8217;Betsafe Casino&#8217; column-2=&#8217;Non&#8217; column-3=&#8217;50 tours gratuits&#8217;]<br \/>\n[table_row column-1=&#8217;Twin Casino&#8217; column-2=&#8217;Non&#8217; column-3=&#8217;400 tours gratuits&#8217;]<br \/>\n[table_row column-1=&#8217;<a href=\"https:\/\/www.bonus.ca\/fr\/casinodays\">Casino Days<\/a>&#8216; column-2=&#8217;Oui&#8217; column-3=&#8217;100 tours gratuits&#8217;]<br \/>\n[table_end]<\/p>\n<div id=\"attachment_14426\" style=\"width: 1546px\" class=\"wp-caption alignnone\"><img loading=\"lazy\" decoding=\"async\" aria-describedby=\"caption-attachment-14426\" src=\"https:\/\/www.bonus.ca\/fr\/images\/book-of-dead-casino.png\" alt=\"book of dead casino\" width=\"1536\" height=\"1024\" class=\"size-full wp-image-14426\" \/><p id=\"caption-attachment-14426\" class=\"wp-caption-text\">Book of Dead Casino: On vous sugg\u00e8re l&#8217;un des casinos en ligne suivants!<\/p><\/div>\n<h3>Meilleur Casino Book of Dead: LeoVegas 25 Free Spins No Deposit<\/h3>\n<p>Le meilleur <a href=\"https:\/\/www.bonus.ca\/fr\/\">casino en ligne Canada<\/a> pour jouer sur le jeu de machine \u00e0 sous Book of Dead est <a href=\"https:\/\/www.bonus.ca\/fr\/leovegas\">LeoVegas<\/a>! Ce casino en ligne offre l&#8217;un des bonus les plus lucratifs pour les Canadiens, en particulier les Canadiens qui souhaitent faire tourner les machines \u00e0 sous Book of Dead. <\/p>\n<p>Vous avez une multitude d&#8217;options pour jouer \u00e0 Book of Dead gratuitement, mais vous ne pouvez pas vous tromper avec LeoVegas Casino. Quand ils vous donnent vos tours gratuits, ils ne mettent m\u00eame pas de plafond sur le montant que vous pouvez gagner. <\/p>\n<p>Ce n&#8217;est pas la norme car la plupart des casinos limitent vos gains sans d\u00e9p\u00f4t \u00e0 20 dollars. Donc si vous d\u00e9sirez jouer \u00e0 Book of Dead, vous devriez choisir Leovegas Casino.<\/p>\n<h2>Pourquoi Book of Dead Slot est Si Populaire?<\/h2>\n<p>Si vous avez r\u00e9cemment re\u00e7u un casino bonus dans votre casino canadien pr\u00e9f\u00e9r\u00e9, il y a de bonnes chances que vous connaissiez un peu Book of the Dead. <\/p>\n<p>Book of Dead est un jeu de casino hyper populaire au Canada. \u00c0 ses c\u00f4t\u00e9s, on y retrouve les jeux de casino comme Mega Moolah, Immortal Romance, Lobstermania, Jammin Jars et Vikings. Book of Dead est l&#8217;une des machines \u00e0 sous populaires quand vient le temps d&#8217;offrir des tours gratuits.<\/p>\n<p>Toutefois, vous devriez savoir que Book of Dead n&#8217;est pas une machine \u00e0 sous \u00e0 jackpot progressif.<\/p>\n<p>Voici quelques raisons pourquoi le jeu Book of Dead est si populaire:<\/p>\n<ul>\n<li>Le th\u00e8me d&#8217;\u00c9gypte d\u00e9velopp\u00e9 par Play&#8217;n GO est divertissant et interactif<\/li>\n<li>Il a une volatilit\u00e9 \u00e9lev\u00e9e et un RTP de 96,21%<\/li>\n<li>Ce jeu vous offre de nombreuses chances de gagner avec 10 lignes de paiement<\/li>\n<li>C&#8217;est un excellent choix pour les joueurs \u00e0 petit budget puisque la mise minimale est de 0,10$<\/li>\n<\/ul>\n<p>L&#8217;une des principales raisons pour lesquelles Book of Dead est un choix de pr\u00e9dilection est sa facilit\u00e9. Il a la m\u00eame structure que la plupart des machines \u00e0 sous vid\u00e9o modernes avec 5 rouleaux, 3 lignes et 10 lignes de paiement. Un autre avantage est que vous pouvez facilement jouer depuis n&#8217;importe quel appareil, y compris un t\u00e9l\u00e9phone intelligent ou une tablette.<\/p>\n<p>Le seul commentaire n\u00e9gatif qui circule depuis sa cr\u00e9ation en 2014 est qu&#8217;il s&#8217;agit d&#8217;un &#8220;imitation&#8221; du jeu de casino Book of Ra. Bien s\u00fbr, ces deux jeux sont similaires avec leurs th\u00e8mes d&#8217;\u00c9gypte ancienne et leurs fonctionnalit\u00e9s. Et disons-le, leur noms sont similaires.<\/p>\n<p>M\u00eame avec ces similitudes, la machine \u00e0 sous Book of Dead apporte quelque chose de nouveau. Tout d&#8217;abord, il est beaucoup mieux adapt\u00e9 pour jouer sur mobile puisque le jeu a \u00e9t\u00e9 cr\u00e9\u00e9 dans une optique mobile. Le jeu Book of Ra a atteint un niveau sup\u00e9rieur en termes d&#8217;exp\u00e9rience utilisateur et de chances de gagner.<\/p>\n<h2>L&#8217;Histoire de Book of Dead<\/h2>\n<p>Si vous aimez Indiana Jones, vous adorerez jouer \u00e0 Book of Dead. L&#8217;histoire suit l&#8217;aventurier Rich Wilde lors de son voyage en \u00c9gypte. Rich est en mission d&#8217;acqu\u00e9rir d&#8217;anciens artefacts \u00e9gyptiens, y compris (vous l&#8217;avez devin\u00e9) le Book of Dead (livre de la mort).<\/p>\n<div id=\"attachment_7583\" style=\"width: 1210px\" class=\"wp-caption alignnone\"><img loading=\"lazy\" decoding=\"async\" aria-describedby=\"caption-attachment-7583\" src=\"https:\/\/www.bonus.ca\/fr\/images\/rich-wilde-e1558199753994.jpg\" alt=\"Book of Dead Slot\" width=\"1200\" height=\"500\" class=\"size-full wp-image-7583\"\/><p id=\"caption-attachment-7583\" class=\"wp-caption-text\">Ressemblant \u00e0 Indiana Jones, Rich Wilde vous emm\u00e8ne dans l&#8217;ultime aventure dans le but de conqu\u00e9rir le Book of Dead. Tentez votre chance de trouver la combinaison gagnante!<\/p><\/div>\n<p>Certains joueurs disent que le th\u00e8me de l&#8217;\u00c9gypte ancienne est exag\u00e9r\u00e9, mais on dit que cela reste un classique. Ce th\u00e8me existe depuis que les machines \u00e0 sous vid\u00e9o ont vu le jour, mais Play&#8217;n GO a vraiment d\u00e9pass\u00e9 les attentes avec Book of Dead. Les graphismes sont nets, color\u00e9s et restent fid\u00e8les au th\u00e8me \u00e9gyptien tout le long du jeu.<\/p>\n<h2>Comment Jouer \u00e0 Book of Dead<\/h2>\n<p>Comme la plupart des machines \u00e0 sous vid\u00e9o modernes, Book of Dead est une machine \u00e0 sous en ligne \u00e0 5 rouleaux avec 3 symboles par rouleau. C&#8217;est parfait pour les joueurs qui ont un petit budget puisque la mise minimale pour chaque ligne est de 0.01$. La mise maximale, quant \u00e0 elle, est de 100$.<\/p>\n<p>Avant de commencer \u00e0 faire tourner la machine \u00e0 sous, vous devez d\u00e9finir le montant de votre mise et d\u00e9cider du nombre de lignes de paiement \u00e0 garder actives (entre 1 et 10). Plus vous restez actif sur les lignes de paiement, plus vous pourrez gagner. Mais gardez en t\u00eate que chaque ligne de paiement aura une exigence de mise plus importante.<\/p>\n<p>Pour commencer \u00e0 jouer, cliquez simplement sur le bouton &#8220;Lancer&#8221; et, lorsque vous \u00eates pr\u00eat \u00e0 arr\u00eater les bobines, cliquez sur &#8220;Arr\u00eater&#8221; pour voir les symboles sur lesquels vous tombez. <\/p>\n<p>Pour vous entra\u00eener, avant de jouer pour de vrai, vous pouvez toujours profiter de l&#8217;option de jeu gratuit. Cela vous donnera une bonne id\u00e9e de ce qui se passe avant m\u00eame de placer une mise en argent. <\/p>\n<h3>Symboles et Caract\u00e9ristiques<\/h3>\n<p>Il existe une vari\u00e9t\u00e9 de symboles sur Book of Dead Slot, y compris les symboles de carte \u00e0 jouer de 10 \u00e0 As, une ic\u00f4ne Anubis, le Book of Dead, le masque de Pharaon et un graphique de Rich Wilde lui-m\u00eame.<\/p>\n<p>Pour l&#8217;instant, vous ne savez probablement pas ce que signifient ces symboles\/caract\u00e9ristiques, mais vous comprendrez assez vite. Le jeu est facile \u00e0 comprendre. En plus de cela, il y a des tonnes de fonctionnalit\u00e9s sp\u00e9ciales pour garder les choses int\u00e9ressantes. Voici les caract\u00e9ristiques\/symboles sp\u00e9ciaux \u00e0 surveiller:<\/p>\n<ul>\n<li>Joker et dispersion<\/li>\n<li>Fonctionnalit\u00e9 de tours gratuits<\/li>\n<li>Fonctionnalit\u00e9 Gamble<\/li>\n<li>Symboles expansibles<\/li>\n<\/ul>\n<p>Lorsque vous atterrissez sur le symbole du Book of Dead, cela peut jouer le r\u00f4le de joker ou de dispersion. Un joker indique que vous pouvez le remplacer par un autre symbole qui vous serait plus b\u00e9n\u00e9fique. <\/p>\n<p>Imaginez ceci: une fois que vous avez d\u00e9but\u00e9, votre ligne contient 4 symboles Rich Wilde et un Book of Dead. Ce Book of Dead agit comme un joker et sera consid\u00e9r\u00e9 comme un Rich Wilde, menant \u00e0 un gain \u00e9norme.<\/p>\n<p>M\u00eame lorsque le symbole du Book of Dead ne se trouve pas dans la ligne de paiement, il peut \u00eatre compt\u00e9 comme une victoire. Tant que vous atteignez au moins 3 dispersions, cela sera consid\u00e9r\u00e9 comme une victoire, peu importe la ligne sur laquelle elle atterrit. <\/p>\n<p>Atterrir sur plus de 3 dispersions active \u00e9galement la fonction tours gratuits, qui vous attribue 10 tours gratuits.<\/p>\n<h2>Book of Dead Mobile<\/h2>\n<p>Le jeu de machine \u00e0 sous Book of Dead est l&#8217;un des jeux les plus populaires \u00e0 travers le monde. La bonne nouvelle est que vous n&#8217;avez pas \u00e0 vous rendre dans un <a href=\"https:\/\/www.bonus.ca\/fr\/casino-en-ligne\/nouveaux\">casino en ligne nouveau<\/a> ou \u00e0 allumer votre ordinateur portable pour jouer. <\/p>\n<p>Vous pouvez y jouer n&#8217;importe o\u00f9 et n&#8217;importe quand, \u00e0 condition de disposer d&#8217;un appareil mobile.<\/p>\n<p>Tout le monde peut acc\u00e9der au jeu en argent r\u00e9el Book of Dead depuis un appareil Android ou iOS sans rien t\u00e9l\u00e9charger depuis l&#8217;app store.<\/p>\n<h2>Avis sur le Book of Dead Slot<\/h2>\n<p>Riche Wilde and the Book of Dead est le jeu id\u00e9al pour utiliser vos tours gratuits ou jouer votre argent bonus. Comme la plupart des casinos en ligne canadiens vous offrent un bonus sur Book of Dead, profitez-en pour y jouer gratuitement. <\/p>\n<p>Nous pensons que les tours gratuits sur Book of Dead valent la peine &#8211; et vous?<\/p>\n","protected":false},"excerpt":{"rendered":"<p>Book of Dead Tours Gratuits Sans D\u00e9p\u00f4t Book of Dead est l&#8217;une des machines \u00e0 sous les plus populaires pour les offres de tours gratuits. En effet, la plupart des meilleur site casino en ligne offrent des tours gratuits sur ce jeu ! Vous pourriez m\u00eame gagner gros sans faire de d\u00e9p\u00f4t. Vous pouvez utiliser [&hellip;]<\/p>\n","protected":false},"author":123,"featured_media":0,"parent":11038,"menu_order":0,"comment_status":"closed","ping_status":"closed","template":"","meta":{"inline_featured_image":false,"_glsr_average":0,"_glsr_ranking":0,"_glsr_reviews":0,"footnotes":""},"class_list":["post-7134","page","type-page","status-publish","hentry"],"yoast_head":"<!-- This site is optimized with the Yoast SEO plugin v27.3 - https:\/\/yoast.com\/product\/yoast-seo-wordpress\/ -->\n<title>Book of Dead Tours Gratuit \ud83c\udf96\ufe0f 500+ tours gratuits<\/title>\n<meta name=\"description\" content=\"Book of Dead - Obtenez plus de 500 tours gratuits sur Book of Dead. Jouez avec des tours gratuits sans d\u00e9p\u00f4t. Trouvez les bonus Book of Dead.\" \/>\n<meta name=\"robots\" content=\"index, follow, max-snippet:-1, max-image-preview:large, max-video-preview:-1\" \/>\n<link rel=\"canonical\" href=\"https:\/\/www.bonus.ca\/fr\/machines-a-sous-gratuites\/book-of-dead\" \/>\n<meta property=\"og:type\" content=\"article\" \/>\n<meta property=\"og:title\" content=\"Book of Dead Tours Gratuit \ud83c\udf96\ufe0f 500+ tours gratuits\" \/>\n<meta property=\"og:description\" content=\"Book of Dead - Obtenez plus de 500 tours gratuits sur Book of Dead. Jouez avec des tours gratuits sans d\u00e9p\u00f4t. Trouvez les bonus Book of Dead.\" \/>\n<meta property=\"og:url\" content=\"https:\/\/www.bonus.ca\/fr\/machines-a-sous-gratuites\/book-of-dead\" \/>\n<meta property=\"article:modified_time\" content=\"2026-03-10T15:10:00+00:00\" \/>\n<meta name=\"twitter:card\" content=\"summary_large_image\" \/>\n<meta name=\"twitter:label1\" content=\"Est. reading time\" \/>\n\t<meta name=\"twitter:data1\" content=\"10 minutes\" \/>\n<!-- \/ Yoast SEO plugin. -->","yoast_head_json":{"title":"Book of Dead Tours Gratuit \ud83c\udf96\ufe0f 500+ tours gratuits","description":"Book of Dead - Obtenez plus de 500 tours gratuits sur Book of Dead. Jouez avec des tours gratuits sans d\u00e9p\u00f4t. Trouvez les bonus Book of Dead.","robots":{"index":"index","follow":"follow","max-snippet":"max-snippet:-1","max-image-preview":"max-image-preview:large","max-video-preview":"max-video-preview:-1"},"canonical":"https:\/\/www.bonus.ca\/fr\/machines-a-sous-gratuites\/book-of-dead","og_type":"article","og_title":"Book of Dead Tours Gratuit \ud83c\udf96\ufe0f 500+ tours gratuits","og_description":"Book of Dead - Obtenez plus de 500 tours gratuits sur Book of Dead. Jouez avec des tours gratuits sans d\u00e9p\u00f4t. Trouvez les bonus Book of Dead.","og_url":"https:\/\/www.bonus.ca\/fr\/machines-a-sous-gratuites\/book-of-dead","article_modified_time":"2026-03-10T15:10:00+00:00","twitter_card":"summary_large_image","twitter_misc":{"Est. reading time":"10 minutes"},"schema":{"@context":"https:\/\/schema.org","@graph":[{"@type":"WebPage","@id":"https:\/\/www.bonus.ca\/fr\/machines-a-sous-gratuites\/book-of-dead","url":"https:\/\/www.bonus.ca\/fr\/machines-a-sous-gratuites\/book-of-dead","name":"Book of Dead Tours Gratuit \ud83c\udf96\ufe0f 500+ tours gratuits","isPartOf":{"@id":"https:\/\/www.bonus.ca\/fr\/#website"},"primaryImageOfPage":{"@id":"https:\/\/www.bonus.ca\/fr\/machines-a-sous-gratuites\/book-of-dead#primaryimage"},"image":{"@id":"https:\/\/www.bonus.ca\/fr\/machines-a-sous-gratuites\/book-of-dead#primaryimage"},"thumbnailUrl":"https:\/\/www.bonus.ca\/fr\/images\/Book-of-Dead-1.jpg","datePublished":"2019-07-23T08:48:23+00:00","dateModified":"2026-03-10T15:10:00+00:00","description":"Book of Dead - Obtenez plus de 500 tours gratuits sur Book of Dead. Jouez avec des tours gratuits sans d\u00e9p\u00f4t. Trouvez les bonus Book of Dead.","breadcrumb":{"@id":"https:\/\/www.bonus.ca\/fr\/machines-a-sous-gratuites\/book-of-dead#breadcrumb"},"inLanguage":"en-US","potentialAction":[{"@type":"ReadAction","target":["https:\/\/www.bonus.ca\/fr\/machines-a-sous-gratuites\/book-of-dead"]}]},{"@type":"ImageObject","inLanguage":"en-US","@id":"https:\/\/www.bonus.ca\/fr\/machines-a-sous-gratuites\/book-of-dead#primaryimage","url":"","contentUrl":""},{"@type":"BreadcrumbList","@id":"https:\/\/www.bonus.ca\/fr\/machines-a-sous-gratuites\/book-of-dead#breadcrumb","itemListElement":[{"@type":"ListItem","position":1,"name":"Home","item":"https:\/\/www.bonus.ca\/fr\/"},{"@type":"ListItem","position":2,"name":"Machines \u00e0 Sous Gratuites","item":"https:\/\/www.bonus.ca\/fr\/machines-a-sous-gratuites"},{"@type":"ListItem","position":3,"name":"Book of Dead"}]},{"@type":"WebSite","@id":"https:\/\/www.bonus.ca\/fr\/#website","url":"https:\/\/www.bonus.ca\/fr\/","name":"BonusFinder Canada (Fran\u00e7ais)","description":"La source de bonus n\u00b0 1 au Canada","potentialAction":[{"@type":"SearchAction","target":{"@type":"EntryPoint","urlTemplate":"https:\/\/www.bonus.ca\/fr\/?s={search_term_string}"},"query-input":{"@type":"PropertyValueSpecification","valueRequired":true,"valueName":"search_term_string"}}],"inLanguage":"en-US"}]}},"_links":{"self":[{"href":"https:\/\/www.bonus.ca\/fr\/wp-json\/wp\/v2\/pages\/7134","targetHints":{"allow":["GET"]}}],"collection":[{"href":"https:\/\/www.bonus.ca\/fr\/wp-json\/wp\/v2\/pages"}],"about":[{"href":"https:\/\/www.bonus.ca\/fr\/wp-json\/wp\/v2\/types\/page"}],"author":[{"embeddable":true,"href":"https:\/\/www.bonus.ca\/fr\/wp-json\/wp\/v2\/users\/123"}],"replies":[{"embeddable":true,"href":"https:\/\/www.bonus.ca\/fr\/wp-json\/wp\/v2\/comments?post=7134"}],"version-history":[{"count":11,"href":"https:\/\/www.bonus.ca\/fr\/wp-json\/wp\/v2\/pages\/7134\/revisions"}],"predecessor-version":[{"id":25709,"href":"https:\/\/www.bonus.ca\/fr\/wp-json\/wp\/v2\/pages\/7134\/revisions\/25709"}],"up":[{"embeddable":true,"href":"https:\/\/www.bonus.ca\/fr\/wp-json\/wp\/v2\/pages\/11038"}],"wp:attachment":[{"href":"https:\/\/www.bonus.ca\/fr\/wp-json\/wp\/v2\/media?parent=7134"}],"curies":[{"name":"wp","href":"https:\/\/api.w.org\/{rel}","templated":true}]}}